{"id":87,"date":"2011-03-11T18:42:35","date_gmt":"2011-03-11T17:42:35","guid":{"rendered":"http:\/\/www.cobayous.com\/site\/?page_id=87"},"modified":"2016-11-20T21:46:47","modified_gmt":"2016-11-20T20:46:47","slug":"accueil","status":"publish","type":"page","link":"http:\/\/www.cobayous.com\/site\/","title":{"rendered":"Accueil"},"content":{"rendered":"<div style=\"background: none repeat scroll 0% 0% #f5fafc; border: 1px solid #6396ef; color: #404040; padding: 0pt 10px; margin-top: 1em; min-height: 220px; max-width: 98%; text-align: left;\">\n<p style=\"text-align: center;\"><strong><img loading=\"lazy\" decoding=\"async\" title=\"smile_inspi.gif\" src=\"\/site\/wp-content\/uploads\/img\/smile_inspi.gif\" alt=\"smile_inspi.gif\" width=\"48\" height=\"55\" border=\"0\" \/>Bonjour et bienvenue sur le site de Pom et Lolo !!!<\/strong> <\/p> \n <p> Ce site a \u00e9t\u00e9 mis en ligne le 28 Mars 2003. Il a subit <a title=\"Histoire du site\" href=\"http:\/\/www.cobayous.com\/site\/goodies\/histoire-du-site\/\">divers changements<\/a> au fur et \u00e0 mesure de son \u00e9volution. <\/p> \n <p> Vous trouverez en haut de page un menu vous permettant d&rsquo;acc\u00e9der facilement aux diverses parties du site. <\/p> \n<ul>\n<li><a title=\"Dossiers\" href=\"http:\/\/www.cobayous.com\/site\/les-dossiers\/\"><strong>Les Dossiers<\/strong><\/a> : Tout ce qu&rsquo;il faut savoir sur le cobaye par th\u00e8me.<\/li>\n<li><span style=\"text-decoration: underline;\"><strong>Les Concours<\/strong><\/span> : <a title=\"Participer aux galeries du moment\" href=\"http:\/\/www.cobayous.com\/site\/les-piggies\/galeries-a-theme\/participer-aux-galeries-du-moment\/\">Concours photos mensuels<\/a> et divers concours plus ponctuels.<\/li>\n<li><a title=\"Goodies\" href=\"http:\/\/www.cobayous.com\/site\/goodies\/\"><strong>Les Bonus<\/strong><\/a> : <a title=\"Gifs anim\u00e9s\" href=\"http:\/\/www.cobayous.com\/site\/goodies\/telechargements\/gifs-animes\/\">Gifs anim\u00e9s<\/a>, t\u00e9l\u00e9chargements gratuits etc ..<\/li>\n<li><span style=\"text-decoration: underline;\"><strong>A Propos<\/strong><\/span> : Pr\u00e9sentation de <a title=\"Mes animaux\" href=\"http:\/\/www.cobayous.com\/site\/les-piggies\/mes-pouics\/\">mes animaux<\/a>, de l&rsquo;<a title=\"L\u2019Equipe\" href=\"http:\/\/www.cobayous.com\/site\/qui-sommes-nous\/\">\u00e9quipe<\/a>, <a title=\"Les Banni\u00e8res du site\" href=\"http:\/\/www.cobayous.com\/site\/goodies\/les-bannieres-du-site\/\">banni\u00e8res<\/a> et<a title=\"Histoire du site\" href=\"http:\/\/www.cobayous.com\/site\/goodies\/histoire-du-site\/\"> histoire du site<\/a> &#8230;<\/li>\n<\/ul>\n <p> J&rsquo;esp\u00e8re de tout c\u0153ur que ce site vous plaira et je vous souhaite une tr\u00e8s Bonne Visite. <\/p> \n<\/div>\n<hr \/>\n<div style=\"background: none repeat scroll 0% 0% #faf0f8; border: 1px solid #eec6e6; color: #404040; padding: 0pt 10px; margin-top: 1em; min-height: 220px; max-width: 98%; text-align: left;\">\n <p> \u00a0<span style=\"font-size: 12px; text-indent: 2em; line-height: 1.7em; font-weight: bold;\"><strong><img loading=\"lazy\" decoding=\"async\" src=\"\/site\/wp-content\/uploads\/img\/note.gif\" alt=\"\" width=\"32\" height=\"32\" align=\"absmiddle\" \/> Les Derni\u00e8res News &#8211; <a title=\"Archives et News\" href=\"http:\/\/www.cobayous.com\/site\/archives-news\/\">Toutes les News sont ici<\/a><\/strong><\/span> <\/p> \n<div style=\"text-align: center;\">Pas de news pour le moment &#8230;<\/div>\n<\/div>\n<div style=\"background: none repeat scroll 0% 0% #f5fafc; border: 1px solid #6396ef; color: #404040; padding: 0pt 10px; margin-top: 1em; min-height: 220px; max-width: 98%; text-align: left;\">\n<p style=\"text-align: center;\"><strong><span style=\"color: #ff0000;\">Les photos et dossiers pr\u00e9sents sur ce site sont prot\u00e9g\u00e9es par la loi du Copyright et restent donc la propri\u00e9t\u00e9 exclusive de leur auteur.<\/span><\/strong> <\/p> \n <p> <strong><span style=\"color: #ff0000;\"> Toute reproduction m\u00eame partielle est strictement interdite sans autorisation pr\u00e9alable.<\/span><\/strong> <\/p> \n <p> <a href=\"http:\/\/www.copyrightdepot.com\/rep135\/00044767.htm\" target=\"_blank\"><img loading=\"lazy\" decoding=\"async\" src=\"\/site\/wp-content\/uploads\/img\/copyrightdepot.gif\" alt=\"\" width=\"130\" height=\"37\" border=\"0\" \/><\/a> <\/p> \n <p> Le Site et le Forum de Pom et Lolo sont inscrit \u00e0 la <a href=\"http:\/\/www.cnil.fr\/\" target=\"_blank\">CNIL<\/a> sous le Num\u00e9ro 893012 <\/p> \n <p> Site optimis\u00e9 pour Firefox et pour un affichage 1024 et + <\/p> \n<\/div>\n","protected":false},"excerpt":{"rendered":" <p> Bonjour et bienvenue sur le site de Pom et Lolo !!! Ce site a \u00e9t\u00e9 mis en ligne le 28 Mars 2003. Il a subit divers changements au fur et&#8230; <a href=\"http:\/\/www.cobayous.com\/site\/\">Read more &raquo;<\/a> <\/p> \n","protected":false},"author":1,"featured_media":0,"parent":0,"menu_order":2,"comment_status":"closed","ping_status":"closed","template":"","meta":{"ngg_post_thumbnail":0,"footnotes":""},"class_list":["post-87","page","type-page","status-publish","hentry"],"yoast_head":"<!-- This site is optimized with the Yoast SEO plugin v27.1.1 - https:\/\/yoast.com\/product\/yoast-seo-wordpress\/ -->\n<title>Accueil - Les Cobayes Pom&amp;Lolo<\/title>\n<meta name=\"robots\" content=\"index, follow, max-snippet:-1, max-image-preview:large, max-video-preview:-1\" \/>\n<link rel=\"canonical\" href=\"http:\/\/www.cobayous.com\/site\/\" \/>\n<meta property=\"og:locale\" content=\"fr_FR\" \/>\n<meta property=\"og:type\" content=\"article\" \/>\n<meta property=\"og:title\" content=\"Accueil - Les Cobayes Pom&amp;Lolo\" \/>\n<meta property=\"og:description\" content=\"Bonjour et bienvenue sur le site de Pom et Lolo !!! Ce site a \u00e9t\u00e9 mis en ligne le 28 Mars 2003. Il a subit divers changements au fur et... Read more &raquo;\" \/>\n<meta property=\"og:url\" content=\"http:\/\/www.cobayous.com\/site\/\" \/>\n<meta property=\"og:site_name\" content=\"Les Cobayes Pom&amp;Lolo\" \/>\n<meta property=\"article:modified_time\" content=\"2016-11-20T20:46:47+00:00\" \/>\n<meta name=\"twitter:card\" content=\"summary_large_image\" \/>\n<meta name=\"twitter:label1\" content=\"Dur\u00e9e de lecture estim\u00e9e\" \/>\n\t<meta name=\"twitter:data1\" content=\"1 minute\" \/>\n<script type=\"application\/ld+json\" class=\"yoast-schema-graph\">{\"@context\":\"https:\/\/schema.org\",\"@graph\":[{\"@type\":\"WebPage\",\"@id\":\"http:\/\/www.cobayous.com\/site\/\",\"url\":\"http:\/\/www.cobayous.com\/site\/\",\"name\":\"Accueil - Les Cobayes Pom&amp;Lolo\",\"isPartOf\":{\"@id\":\"http:\/\/www.cobayous.com\/site\/#website\"},\"datePublished\":\"2011-03-11T17:42:35+00:00\",\"dateModified\":\"2016-11-20T20:46:47+00:00\",\"breadcrumb\":{\"@id\":\"http:\/\/www.cobayous.com\/site\/#breadcrumb\"},\"inLanguage\":\"fr-FR\",\"potentialAction\":[{\"@type\":\"ReadAction\",\"target\":[\"http:\/\/www.cobayous.com\/site\/\"]}]},{\"@type\":\"BreadcrumbList\",\"@id\":\"http:\/\/www.cobayous.com\/site\/#breadcrumb\",\"itemListElement\":[{\"@type\":\"ListItem\",\"position\":1,\"name\":\"Accueil\",\"item\":\"http:\/\/www.cobayous.com\/site\/\"},{\"@type\":\"ListItem\",\"position\":2,\"name\":\"Accueil\"}]},{\"@type\":\"WebSite\",\"@id\":\"http:\/\/www.cobayous.com\/site\/#website\",\"url\":\"http:\/\/www.cobayous.com\/site\/\",\"name\":\"Les Cobayes Pom&Lolo\",\"description\":\"\",\"publisher\":{\"@id\":\"http:\/\/www.cobayous.com\/site\/#organization\"},\"potentialAction\":[{\"@type\":\"SearchAction\",\"target\":{\"@type\":\"EntryPoint\",\"urlTemplate\":\"http:\/\/www.cobayous.com\/site\/?s={search_term_string}\"},\"query-input\":{\"@type\":\"PropertyValueSpecification\",\"valueRequired\":true,\"valueName\":\"search_term_string\"}}],\"inLanguage\":\"fr-FR\"},{\"@type\":\"Organization\",\"@id\":\"http:\/\/www.cobayous.com\/site\/#organization\",\"name\":\"Les Cobayes Pom&Lolo\",\"url\":\"http:\/\/www.cobayous.com\/site\/\",\"logo\":{\"@type\":\"ImageObject\",\"inLanguage\":\"fr-FR\",\"@id\":\"http:\/\/www.cobayous.com\/site\/#\/schema\/logo\/image\/\",\"url\":\"http:\/\/www.cobayous.com\/site\/wp-content\/uploads\/2024\/01\/header-bg.png\",\"contentUrl\":\"http:\/\/www.cobayous.com\/site\/wp-content\/uploads\/2024\/01\/header-bg.png\",\"width\":1022,\"height\":250,\"caption\":\"Les Cobayes Pom&Lolo\"},\"image\":{\"@id\":\"http:\/\/www.cobayous.com\/site\/#\/schema\/logo\/image\/\"}}]}<\/script>\n<!-- \/ Yoast SEO plugin. -->","yoast_head_json":{"title":"Accueil - Les Cobayes Pom&amp;Lolo","robots":{"index":"index","follow":"follow","max-snippet":"max-snippet:-1","max-image-preview":"max-image-preview:large","max-video-preview":"max-video-preview:-1"},"canonical":"http:\/\/www.cobayous.com\/site\/","og_locale":"fr_FR","og_type":"article","og_title":"Accueil - Les Cobayes Pom&amp;Lolo","og_description":"Bonjour et bienvenue sur le site de Pom et Lolo !!! Ce site a \u00e9t\u00e9 mis en ligne le 28 Mars 2003. Il a subit divers changements au fur et... Read more &raquo;","og_url":"http:\/\/www.cobayous.com\/site\/","og_site_name":"Les Cobayes Pom&amp;Lolo","article_modified_time":"2016-11-20T20:46:47+00:00","twitter_card":"summary_large_image","twitter_misc":{"Dur\u00e9e de lecture estim\u00e9e":"1 minute"},"schema":{"@context":"https:\/\/schema.org","@graph":[{"@type":"WebPage","@id":"http:\/\/www.cobayous.com\/site\/","url":"http:\/\/www.cobayous.com\/site\/","name":"Accueil - Les Cobayes Pom&amp;Lolo","isPartOf":{"@id":"http:\/\/www.cobayous.com\/site\/#website"},"datePublished":"2011-03-11T17:42:35+00:00","dateModified":"2016-11-20T20:46:47+00:00","breadcrumb":{"@id":"http:\/\/www.cobayous.com\/site\/#breadcrumb"},"inLanguage":"fr-FR","potentialAction":[{"@type":"ReadAction","target":["http:\/\/www.cobayous.com\/site\/"]}]},{"@type":"BreadcrumbList","@id":"http:\/\/www.cobayous.com\/site\/#breadcrumb","itemListElement":[{"@type":"ListItem","position":1,"name":"Accueil","item":"http:\/\/www.cobayous.com\/site\/"},{"@type":"ListItem","position":2,"name":"Accueil"}]},{"@type":"WebSite","@id":"http:\/\/www.cobayous.com\/site\/#website","url":"http:\/\/www.cobayous.com\/site\/","name":"Les Cobayes Pom&Lolo","description":"","publisher":{"@id":"http:\/\/www.cobayous.com\/site\/#organization"},"potentialAction":[{"@type":"SearchAction","target":{"@type":"EntryPoint","urlTemplate":"http:\/\/www.cobayous.com\/site\/?s={search_term_string}"},"query-input":{"@type":"PropertyValueSpecification","valueRequired":true,"valueName":"search_term_string"}}],"inLanguage":"fr-FR"},{"@type":"Organization","@id":"http:\/\/www.cobayous.com\/site\/#organization","name":"Les Cobayes Pom&Lolo","url":"http:\/\/www.cobayous.com\/site\/","logo":{"@type":"ImageObject","inLanguage":"fr-FR","@id":"http:\/\/www.cobayous.com\/site\/#\/schema\/logo\/image\/","url":"http:\/\/www.cobayous.com\/site\/wp-content\/uploads\/2024\/01\/header-bg.png","contentUrl":"http:\/\/www.cobayous.com\/site\/wp-content\/uploads\/2024\/01\/header-bg.png","width":1022,"height":250,"caption":"Les Cobayes Pom&Lolo"},"image":{"@id":"http:\/\/www.cobayous.com\/site\/#\/schema\/logo\/image\/"}}]}},"_links":{"self":[{"href":"http:\/\/www.cobayous.com\/site\/wp-json\/wp\/v2\/pages\/87","targetHints":{"allow":["GET"]}}],"collection":[{"href":"http:\/\/www.cobayous.com\/site\/wp-json\/wp\/v2\/pages"}],"about":[{"href":"http:\/\/www.cobayous.com\/site\/wp-json\/wp\/v2\/types\/page"}],"author":[{"embeddable":true,"href":"http:\/\/www.cobayous.com\/site\/wp-json\/wp\/v2\/users\/1"}],"replies":[{"embeddable":true,"href":"http:\/\/www.cobayous.com\/site\/wp-json\/wp\/v2\/comments?post=87"}],"version-history":[{"count":3,"href":"http:\/\/www.cobayous.com\/site\/wp-json\/wp\/v2\/pages\/87\/revisions"}],"predecessor-version":[{"id":3610,"href":"http:\/\/www.cobayous.com\/site\/wp-json\/wp\/v2\/pages\/87\/revisions\/3610"}],"wp:attachment":[{"href":"http:\/\/www.cobayous.com\/site\/wp-json\/wp\/v2\/media?parent=87"}],"curies":[{"name":"wp","href":"https:\/\/api.w.org\/{rel}","templated":true}]}}