{"id":547,"date":"2010-07-17T12:50:21","date_gmt":"2010-07-17T12:50:21","guid":{"rendered":"http:\/\/www.cobayous.com\/site\/?page_id=547"},"modified":"2010-07-17T12:52:56","modified_gmt":"2010-07-17T12:52:56","slug":"pierrot","status":"publish","type":"page","link":"http:\/\/www.cobayous.com\/site\/les-piggies\/mes-pouics\/pierrot\/","title":{"rendered":"Pierrot"},"content":{"rendered":"<p style=\"text-align: center;\"><img loading=\"lazy\" decoding=\"async\" class=\"aligncenter\" title=\"pierrot_index.jpg\" src=\"\/site\/wp-content\/uploads\/mespouics\/pierrot_index.jpg\" border=\"0\" alt=\"pierrot_index.jpg\" width=\"200\" height=\"175\" \/> <\/p> \n <p> Pierrot, c&rsquo;est un des fils de Pom et Lolo. <br \/> \nPierrot est n\u00e9 \u00e0 la maison le 31 D\u00e9cembre 2002 et, c&rsquo;est le fr\u00e8re le <a href=\"..\/sita\">Sita<\/a> et <a href=\"..\/zorell\">Zor\u00ebll<\/a>. <br \/> \nIl nous a quitt\u00e9 le 15 Mai 2003 alors qu&rsquo;il \u00e9tait \u00e2g\u00e9        de 4 mois et demi. <br \/> \n\u00c9tant donn\u00e9 qu\u2019il vivait avec son fr\u00e8re Zor\u00ebll        et que nous voulions les remettre tous les deux avec le reste de  la famille,        nous avons d\u00e9cid\u00e9 de les faire op\u00e9rer tous les deux        en m\u00eame temps. <br \/> \nPour passer les d\u00e9tails, Pierrot a eu des probl\u00e8mes post  op\u00e9ratoires        : sa plaie s&rsquo;est ouverte. <br \/> \nOn ne comprends pas ce qui a bien pu se passer. Il mangeait, buvait  &#8230; C\u2019est        vraiment injuste. <br \/> \nIl est enterr\u00e9 dans le jardin, sous le noisetier. Il n\u2019aura        m\u00eame pas eu la chance de vivre une vraie vie avec sa famille  enti\u00e8re. <\/p> \n <p> Voil\u00e0, dans cette page, je voulais rendre Hommage \u00e0 Pierrot        qui ne m\u00e9ritait pas de mourir aussi vite et d\u2019une mort aussi        affreuse. <\/p> \n <p> Papouilles \u00e0 toi tit Pierrot &#8230;. <\/p> \n","protected":false},"excerpt":{"rendered":" <p> Pierrot, c&rsquo;est un des fils de Pom et Lolo. Pierrot est n\u00e9 \u00e0 la maison le 31 D\u00e9cembre 2002 et, c&rsquo;est le fr\u00e8re le Sita et Zor\u00ebll. Il nous a&#8230; <a href=\"http:\/\/www.cobayous.com\/site\/les-piggies\/mes-pouics\/pierrot\/\">Read more &raquo;<\/a> <\/p> \n","protected":false},"author":1,"featured_media":0,"parent":467,"menu_order":3,"comment_status":"open","ping_status":"open","template":"","meta":{"ngg_post_thumbnail":0,"footnotes":""},"class_list":["post-547","page","type-page","status-publish","hentry"],"yoast_head":"<!-- This site is optimized with the Yoast SEO plugin v27.1.1 - https:\/\/yoast.com\/product\/yoast-seo-wordpress\/ -->\n<title>Pierrot - Les Cobayes Pom&amp;Lolo<\/title>\n<meta name=\"robots\" content=\"index, follow, max-snippet:-1, max-image-preview:large, max-video-preview:-1\" \/>\n<link rel=\"canonical\" href=\"http:\/\/www.cobayous.com\/site\/les-piggies\/mes-pouics\/pierrot\/\" \/>\n<meta property=\"og:locale\" content=\"fr_FR\" \/>\n<meta property=\"og:type\" content=\"article\" \/>\n<meta property=\"og:title\" content=\"Pierrot - Les Cobayes Pom&amp;Lolo\" \/>\n<meta property=\"og:description\" content=\"Pierrot, c&rsquo;est un des fils de Pom et Lolo. Pierrot est n\u00e9 \u00e0 la maison le 31 D\u00e9cembre 2002 et, c&rsquo;est le fr\u00e8re le Sita et Zor\u00ebll. Il nous a... Read more &raquo;\" \/>\n<meta property=\"og:url\" content=\"http:\/\/www.cobayous.com\/site\/les-piggies\/mes-pouics\/pierrot\/\" \/>\n<meta property=\"og:site_name\" content=\"Les Cobayes Pom&amp;Lolo\" \/>\n<meta property=\"article:modified_time\" content=\"2010-07-17T12:52:56+00:00\" \/>\n<meta name=\"twitter:card\" content=\"summary_large_image\" \/>\n<meta name=\"twitter:label1\" content=\"Dur\u00e9e de lecture estim\u00e9e\" \/>\n\t<meta name=\"twitter:data1\" content=\"1 minute\" \/>\n<script type=\"application\/ld+json\" class=\"yoast-schema-graph\">{\"@context\":\"https:\/\/schema.org\",\"@graph\":[{\"@type\":\"WebPage\",\"@id\":\"http:\/\/www.cobayous.com\/site\/les-piggies\/mes-pouics\/pierrot\/\",\"url\":\"http:\/\/www.cobayous.com\/site\/les-piggies\/mes-pouics\/pierrot\/\",\"name\":\"Pierrot - Les Cobayes Pom&amp;Lolo\",\"isPartOf\":{\"@id\":\"http:\/\/www.cobayous.com\/site\/#website\"},\"datePublished\":\"2010-07-17T12:50:21+00:00\",\"dateModified\":\"2010-07-17T12:52:56+00:00\",\"breadcrumb\":{\"@id\":\"http:\/\/www.cobayous.com\/site\/les-piggies\/mes-pouics\/pierrot\/#breadcrumb\"},\"inLanguage\":\"fr-FR\",\"potentialAction\":[{\"@type\":\"ReadAction\",\"target\":[\"http:\/\/www.cobayous.com\/site\/les-piggies\/mes-pouics\/pierrot\/\"]}]},{\"@type\":\"BreadcrumbList\",\"@id\":\"http:\/\/www.cobayous.com\/site\/les-piggies\/mes-pouics\/pierrot\/#breadcrumb\",\"itemListElement\":[{\"@type\":\"ListItem\",\"position\":1,\"name\":\"Accueil\",\"item\":\"http:\/\/www.cobayous.com\/site\/\"},{\"@type\":\"ListItem\",\"position\":2,\"name\":\"Piggies\",\"item\":\"http:\/\/www.cobayous.com\/site\/les-piggies\/\"},{\"@type\":\"ListItem\",\"position\":3,\"name\":\"Mes animaux\",\"item\":\"http:\/\/www.cobayous.com\/site\/les-piggies\/mes-pouics\/\"},{\"@type\":\"ListItem\",\"position\":4,\"name\":\"Pierrot\"}]},{\"@type\":\"WebSite\",\"@id\":\"http:\/\/www.cobayous.com\/site\/#website\",\"url\":\"http:\/\/www.cobayous.com\/site\/\",\"name\":\"Les Cobayes Pom&Lolo\",\"description\":\"\",\"publisher\":{\"@id\":\"http:\/\/www.cobayous.com\/site\/#organization\"},\"potentialAction\":[{\"@type\":\"SearchAction\",\"target\":{\"@type\":\"EntryPoint\",\"urlTemplate\":\"http:\/\/www.cobayous.com\/site\/?s={search_term_string}\"},\"query-input\":{\"@type\":\"PropertyValueSpecification\",\"valueRequired\":true,\"valueName\":\"search_term_string\"}}],\"inLanguage\":\"fr-FR\"},{\"@type\":\"Organization\",\"@id\":\"http:\/\/www.cobayous.com\/site\/#organization\",\"name\":\"Les Cobayes Pom&Lolo\",\"url\":\"http:\/\/www.cobayous.com\/site\/\",\"logo\":{\"@type\":\"ImageObject\",\"inLanguage\":\"fr-FR\",\"@id\":\"http:\/\/www.cobayous.com\/site\/#\/schema\/logo\/image\/\",\"url\":\"http:\/\/www.cobayous.com\/site\/wp-content\/uploads\/2024\/01\/header-bg.png\",\"contentUrl\":\"http:\/\/www.cobayous.com\/site\/wp-content\/uploads\/2024\/01\/header-bg.png\",\"width\":1022,\"height\":250,\"caption\":\"Les Cobayes Pom&Lolo\"},\"image\":{\"@id\":\"http:\/\/www.cobayous.com\/site\/#\/schema\/logo\/image\/\"}}]}<\/script>\n<!-- \/ Yoast SEO plugin. -->","yoast_head_json":{"title":"Pierrot - Les Cobayes Pom&amp;Lolo","robots":{"index":"index","follow":"follow","max-snippet":"max-snippet:-1","max-image-preview":"max-image-preview:large","max-video-preview":"max-video-preview:-1"},"canonical":"http:\/\/www.cobayous.com\/site\/les-piggies\/mes-pouics\/pierrot\/","og_locale":"fr_FR","og_type":"article","og_title":"Pierrot - Les Cobayes Pom&amp;Lolo","og_description":"Pierrot, c&rsquo;est un des fils de Pom et Lolo. Pierrot est n\u00e9 \u00e0 la maison le 31 D\u00e9cembre 2002 et, c&rsquo;est le fr\u00e8re le Sita et Zor\u00ebll. Il nous a... Read more &raquo;","og_url":"http:\/\/www.cobayous.com\/site\/les-piggies\/mes-pouics\/pierrot\/","og_site_name":"Les Cobayes Pom&amp;Lolo","article_modified_time":"2010-07-17T12:52:56+00:00","twitter_card":"summary_large_image","twitter_misc":{"Dur\u00e9e de lecture estim\u00e9e":"1 minute"},"schema":{"@context":"https:\/\/schema.org","@graph":[{"@type":"WebPage","@id":"http:\/\/www.cobayous.com\/site\/les-piggies\/mes-pouics\/pierrot\/","url":"http:\/\/www.cobayous.com\/site\/les-piggies\/mes-pouics\/pierrot\/","name":"Pierrot - Les Cobayes Pom&amp;Lolo","isPartOf":{"@id":"http:\/\/www.cobayous.com\/site\/#website"},"datePublished":"2010-07-17T12:50:21+00:00","dateModified":"2010-07-17T12:52:56+00:00","breadcrumb":{"@id":"http:\/\/www.cobayous.com\/site\/les-piggies\/mes-pouics\/pierrot\/#breadcrumb"},"inLanguage":"fr-FR","potentialAction":[{"@type":"ReadAction","target":["http:\/\/www.cobayous.com\/site\/les-piggies\/mes-pouics\/pierrot\/"]}]},{"@type":"BreadcrumbList","@id":"http:\/\/www.cobayous.com\/site\/les-piggies\/mes-pouics\/pierrot\/#breadcrumb","itemListElement":[{"@type":"ListItem","position":1,"name":"Accueil","item":"http:\/\/www.cobayous.com\/site\/"},{"@type":"ListItem","position":2,"name":"Piggies","item":"http:\/\/www.cobayous.com\/site\/les-piggies\/"},{"@type":"ListItem","position":3,"name":"Mes animaux","item":"http:\/\/www.cobayous.com\/site\/les-piggies\/mes-pouics\/"},{"@type":"ListItem","position":4,"name":"Pierrot"}]},{"@type":"WebSite","@id":"http:\/\/www.cobayous.com\/site\/#website","url":"http:\/\/www.cobayous.com\/site\/","name":"Les Cobayes Pom&Lolo","description":"","publisher":{"@id":"http:\/\/www.cobayous.com\/site\/#organization"},"potentialAction":[{"@type":"SearchAction","target":{"@type":"EntryPoint","urlTemplate":"http:\/\/www.cobayous.com\/site\/?s={search_term_string}"},"query-input":{"@type":"PropertyValueSpecification","valueRequired":true,"valueName":"search_term_string"}}],"inLanguage":"fr-FR"},{"@type":"Organization","@id":"http:\/\/www.cobayous.com\/site\/#organization","name":"Les Cobayes Pom&Lolo","url":"http:\/\/www.cobayous.com\/site\/","logo":{"@type":"ImageObject","inLanguage":"fr-FR","@id":"http:\/\/www.cobayous.com\/site\/#\/schema\/logo\/image\/","url":"http:\/\/www.cobayous.com\/site\/wp-content\/uploads\/2024\/01\/header-bg.png","contentUrl":"http:\/\/www.cobayous.com\/site\/wp-content\/uploads\/2024\/01\/header-bg.png","width":1022,"height":250,"caption":"Les Cobayes Pom&Lolo"},"image":{"@id":"http:\/\/www.cobayous.com\/site\/#\/schema\/logo\/image\/"}}]}},"_links":{"self":[{"href":"http:\/\/www.cobayous.com\/site\/wp-json\/wp\/v2\/pages\/547","targetHints":{"allow":["GET"]}}],"collection":[{"href":"http:\/\/www.cobayous.com\/site\/wp-json\/wp\/v2\/pages"}],"about":[{"href":"http:\/\/www.cobayous.com\/site\/wp-json\/wp\/v2\/types\/page"}],"author":[{"embeddable":true,"href":"http:\/\/www.cobayous.com\/site\/wp-json\/wp\/v2\/users\/1"}],"replies":[{"embeddable":true,"href":"http:\/\/www.cobayous.com\/site\/wp-json\/wp\/v2\/comments?post=547"}],"version-history":[{"count":0,"href":"http:\/\/www.cobayous.com\/site\/wp-json\/wp\/v2\/pages\/547\/revisions"}],"up":[{"embeddable":true,"href":"http:\/\/www.cobayous.com\/site\/wp-json\/wp\/v2\/pages\/467"}],"wp:attachment":[{"href":"http:\/\/www.cobayous.com\/site\/wp-json\/wp\/v2\/media?parent=547"}],"curies":[{"name":"wp","href":"https:\/\/api.w.org\/{rel}","templated":true}]}}