{"id":532,"date":"2010-07-17T12:36:23","date_gmt":"2010-07-17T12:36:23","guid":{"rendered":"http:\/\/www.cobayous.com\/site\/?page_id=532"},"modified":"2010-07-17T12:42:14","modified_gmt":"2010-07-17T12:42:14","slug":"mr-cracotte","status":"publish","type":"page","link":"http:\/\/www.cobayous.com\/site\/les-piggies\/mes-pouics\/mr-cracotte\/","title":{"rendered":"Mr Cracotte"},"content":{"rendered":" <p> Coucou tout le monde ! <\/p> \n <p> Je me pr\u00e9sente, Mr Cracotte. Me demandez pas pourquoi je m&rsquo;appelle comme \u00e7a, je n&rsquo;en ai aucune id\u00e9e &#8230;. <br \/> \nJe suis un lapin \u00ab\u00a0normal\u00a0\u00bb dans le sens o\u00f9 je ne suis pas vraiment nain et, je ne suis pas un gros gros lapin. <br \/> \nJe suis un peu angora. Derri\u00e8re les oreilles, entre les oreilles et sous les fesses. <\/p> \n <p> Je suis arriv\u00e9 chez Pomelo le 20 Novembre 2003. J&rsquo;avais environ 6 semaines. <br \/> \nJe viens d&rsquo;une animalerie mais, en fait, c&rsquo;est une \u00e9leveuse qui m&rsquo;y a amen\u00e9. Je vivais dehors l\u00e0 bas. <br \/> \nJe suis donc d\u00e9j\u00e0 habitu\u00e9 au froid. <\/p> \n <p> Chez Pomelo, je ne vis pas \u00e0 l&rsquo;int\u00e9rieur. Je vis dans la baraque au fond du jardin. <br \/> \nAu d\u00e9but, j&rsquo;avais le droit de me balader librement dans la baraque la journ\u00e9e mais, j&rsquo;ai fais des b\u00eatises et, maintenant, je ne peux sortir que sous surveillance. <\/p> \n <p> Seb@ m&rsquo;avait construit un clapier. Il \u00e9tait super chouette mais, je l&rsquo;ai un peu ab\u00eem\u00e9. <br \/> \nDepuis quelques semaines, Pomelo m&rsquo;a achet\u00e9 une nouvelle cage super grande. Je suis hyper bien dedans !! <\/p> \n <p> Quand il fait tr\u00e8s beau dehors (enfin, quand il ne peut pas), maman me laisse sortir dans le poulailler. <br \/> \nOh, y&rsquo;a pas de poulettes mais, je respire l&rsquo;air frais et, je r\u00e9ussi \u00e0 manger de l&rsquo;herbe \u00e0 travers le grillage <span class=\"wp-font-emots-emo-happy\"><\/span> <\/p> \n <p> <a href=\"mr-cracotte-galerie\"><img loading=\"lazy\" decoding=\"async\" title=\"voir_la_galerie.jpg\" src=\"\/site\/wp-content\/uploads\/mespouics\/voir_la_galerie.jpg\" border=\"0\" alt=\"voir_la_galerie.jpg\" width=\"400\" height=\"200\" \/><\/a> <\/p> \n","protected":false},"excerpt":{"rendered":" <p> Coucou tout le monde ! Je me pr\u00e9sente, Mr Cracotte. Me demandez pas pourquoi je m&rsquo;appelle comme \u00e7a, je n&rsquo;en ai aucune id\u00e9e &#8230;. Je suis un lapin \u00ab\u00a0normal\u00a0\u00bb dans&#8230; <a href=\"http:\/\/www.cobayous.com\/site\/les-piggies\/mes-pouics\/mr-cracotte\/\">Read more &raquo;<\/a> <\/p> \n","protected":false},"author":1,"featured_media":0,"parent":467,"menu_order":6,"comment_status":"open","ping_status":"open","template":"","meta":{"ngg_post_thumbnail":0,"footnotes":""},"class_list":["post-532","page","type-page","status-publish","hentry"],"yoast_head":"<!-- This site is optimized with the Yoast SEO plugin v27.1.1 - https:\/\/yoast.com\/product\/yoast-seo-wordpress\/ -->\n<title>Mr Cracotte - Les Cobayes Pom&amp;Lolo<\/title>\n<meta name=\"robots\" content=\"index, follow, max-snippet:-1, max-image-preview:large, max-video-preview:-1\" \/>\n<link rel=\"canonical\" href=\"http:\/\/www.cobayous.com\/site\/les-piggies\/mes-pouics\/mr-cracotte\/\" \/>\n<meta property=\"og:locale\" content=\"fr_FR\" \/>\n<meta property=\"og:type\" content=\"article\" \/>\n<meta property=\"og:title\" content=\"Mr Cracotte - Les Cobayes Pom&amp;Lolo\" \/>\n<meta property=\"og:description\" content=\"Coucou tout le monde ! Je me pr\u00e9sente, Mr Cracotte. Me demandez pas pourquoi je m&rsquo;appelle comme \u00e7a, je n&rsquo;en ai aucune id\u00e9e &#8230;. Je suis un lapin \u00ab\u00a0normal\u00a0\u00bb dans... Read more &raquo;\" \/>\n<meta property=\"og:url\" content=\"http:\/\/www.cobayous.com\/site\/les-piggies\/mes-pouics\/mr-cracotte\/\" \/>\n<meta property=\"og:site_name\" content=\"Les Cobayes Pom&amp;Lolo\" \/>\n<meta property=\"article:modified_time\" content=\"2010-07-17T12:42:14+00:00\" \/>\n<meta name=\"twitter:card\" content=\"summary_large_image\" \/>\n<meta name=\"twitter:label1\" content=\"Dur\u00e9e de lecture estim\u00e9e\" \/>\n\t<meta name=\"twitter:data1\" content=\"1 minute\" \/>\n<script type=\"application\/ld+json\" class=\"yoast-schema-graph\">{\"@context\":\"https:\/\/schema.org\",\"@graph\":[{\"@type\":\"WebPage\",\"@id\":\"http:\/\/www.cobayous.com\/site\/les-piggies\/mes-pouics\/mr-cracotte\/\",\"url\":\"http:\/\/www.cobayous.com\/site\/les-piggies\/mes-pouics\/mr-cracotte\/\",\"name\":\"Mr Cracotte - Les Cobayes Pom&amp;Lolo\",\"isPartOf\":{\"@id\":\"http:\/\/www.cobayous.com\/site\/#website\"},\"datePublished\":\"2010-07-17T12:36:23+00:00\",\"dateModified\":\"2010-07-17T12:42:14+00:00\",\"breadcrumb\":{\"@id\":\"http:\/\/www.cobayous.com\/site\/les-piggies\/mes-pouics\/mr-cracotte\/#breadcrumb\"},\"inLanguage\":\"fr-FR\",\"potentialAction\":[{\"@type\":\"ReadAction\",\"target\":[\"http:\/\/www.cobayous.com\/site\/les-piggies\/mes-pouics\/mr-cracotte\/\"]}]},{\"@type\":\"BreadcrumbList\",\"@id\":\"http:\/\/www.cobayous.com\/site\/les-piggies\/mes-pouics\/mr-cracotte\/#breadcrumb\",\"itemListElement\":[{\"@type\":\"ListItem\",\"position\":1,\"name\":\"Accueil\",\"item\":\"http:\/\/www.cobayous.com\/site\/\"},{\"@type\":\"ListItem\",\"position\":2,\"name\":\"Piggies\",\"item\":\"http:\/\/www.cobayous.com\/site\/les-piggies\/\"},{\"@type\":\"ListItem\",\"position\":3,\"name\":\"Mes animaux\",\"item\":\"http:\/\/www.cobayous.com\/site\/les-piggies\/mes-pouics\/\"},{\"@type\":\"ListItem\",\"position\":4,\"name\":\"Mr Cracotte\"}]},{\"@type\":\"WebSite\",\"@id\":\"http:\/\/www.cobayous.com\/site\/#website\",\"url\":\"http:\/\/www.cobayous.com\/site\/\",\"name\":\"Les Cobayes Pom&Lolo\",\"description\":\"\",\"publisher\":{\"@id\":\"http:\/\/www.cobayous.com\/site\/#organization\"},\"potentialAction\":[{\"@type\":\"SearchAction\",\"target\":{\"@type\":\"EntryPoint\",\"urlTemplate\":\"http:\/\/www.cobayous.com\/site\/?s={search_term_string}\"},\"query-input\":{\"@type\":\"PropertyValueSpecification\",\"valueRequired\":true,\"valueName\":\"search_term_string\"}}],\"inLanguage\":\"fr-FR\"},{\"@type\":\"Organization\",\"@id\":\"http:\/\/www.cobayous.com\/site\/#organization\",\"name\":\"Les Cobayes Pom&Lolo\",\"url\":\"http:\/\/www.cobayous.com\/site\/\",\"logo\":{\"@type\":\"ImageObject\",\"inLanguage\":\"fr-FR\",\"@id\":\"http:\/\/www.cobayous.com\/site\/#\/schema\/logo\/image\/\",\"url\":\"http:\/\/www.cobayous.com\/site\/wp-content\/uploads\/2024\/01\/header-bg.png\",\"contentUrl\":\"http:\/\/www.cobayous.com\/site\/wp-content\/uploads\/2024\/01\/header-bg.png\",\"width\":1022,\"height\":250,\"caption\":\"Les Cobayes Pom&Lolo\"},\"image\":{\"@id\":\"http:\/\/www.cobayous.com\/site\/#\/schema\/logo\/image\/\"}}]}<\/script>\n<!-- \/ Yoast SEO plugin. -->","yoast_head_json":{"title":"Mr Cracotte - Les Cobayes Pom&amp;Lolo","robots":{"index":"index","follow":"follow","max-snippet":"max-snippet:-1","max-image-preview":"max-image-preview:large","max-video-preview":"max-video-preview:-1"},"canonical":"http:\/\/www.cobayous.com\/site\/les-piggies\/mes-pouics\/mr-cracotte\/","og_locale":"fr_FR","og_type":"article","og_title":"Mr Cracotte - Les Cobayes Pom&amp;Lolo","og_description":"Coucou tout le monde ! Je me pr\u00e9sente, Mr Cracotte. Me demandez pas pourquoi je m&rsquo;appelle comme \u00e7a, je n&rsquo;en ai aucune id\u00e9e &#8230;. Je suis un lapin \u00ab\u00a0normal\u00a0\u00bb dans... Read more &raquo;","og_url":"http:\/\/www.cobayous.com\/site\/les-piggies\/mes-pouics\/mr-cracotte\/","og_site_name":"Les Cobayes Pom&amp;Lolo","article_modified_time":"2010-07-17T12:42:14+00:00","twitter_card":"summary_large_image","twitter_misc":{"Dur\u00e9e de lecture estim\u00e9e":"1 minute"},"schema":{"@context":"https:\/\/schema.org","@graph":[{"@type":"WebPage","@id":"http:\/\/www.cobayous.com\/site\/les-piggies\/mes-pouics\/mr-cracotte\/","url":"http:\/\/www.cobayous.com\/site\/les-piggies\/mes-pouics\/mr-cracotte\/","name":"Mr Cracotte - Les Cobayes Pom&amp;Lolo","isPartOf":{"@id":"http:\/\/www.cobayous.com\/site\/#website"},"datePublished":"2010-07-17T12:36:23+00:00","dateModified":"2010-07-17T12:42:14+00:00","breadcrumb":{"@id":"http:\/\/www.cobayous.com\/site\/les-piggies\/mes-pouics\/mr-cracotte\/#breadcrumb"},"inLanguage":"fr-FR","potentialAction":[{"@type":"ReadAction","target":["http:\/\/www.cobayous.com\/site\/les-piggies\/mes-pouics\/mr-cracotte\/"]}]},{"@type":"BreadcrumbList","@id":"http:\/\/www.cobayous.com\/site\/les-piggies\/mes-pouics\/mr-cracotte\/#breadcrumb","itemListElement":[{"@type":"ListItem","position":1,"name":"Accueil","item":"http:\/\/www.cobayous.com\/site\/"},{"@type":"ListItem","position":2,"name":"Piggies","item":"http:\/\/www.cobayous.com\/site\/les-piggies\/"},{"@type":"ListItem","position":3,"name":"Mes animaux","item":"http:\/\/www.cobayous.com\/site\/les-piggies\/mes-pouics\/"},{"@type":"ListItem","position":4,"name":"Mr Cracotte"}]},{"@type":"WebSite","@id":"http:\/\/www.cobayous.com\/site\/#website","url":"http:\/\/www.cobayous.com\/site\/","name":"Les Cobayes Pom&Lolo","description":"","publisher":{"@id":"http:\/\/www.cobayous.com\/site\/#organization"},"potentialAction":[{"@type":"SearchAction","target":{"@type":"EntryPoint","urlTemplate":"http:\/\/www.cobayous.com\/site\/?s={search_term_string}"},"query-input":{"@type":"PropertyValueSpecification","valueRequired":true,"valueName":"search_term_string"}}],"inLanguage":"fr-FR"},{"@type":"Organization","@id":"http:\/\/www.cobayous.com\/site\/#organization","name":"Les Cobayes Pom&Lolo","url":"http:\/\/www.cobayous.com\/site\/","logo":{"@type":"ImageObject","inLanguage":"fr-FR","@id":"http:\/\/www.cobayous.com\/site\/#\/schema\/logo\/image\/","url":"http:\/\/www.cobayous.com\/site\/wp-content\/uploads\/2024\/01\/header-bg.png","contentUrl":"http:\/\/www.cobayous.com\/site\/wp-content\/uploads\/2024\/01\/header-bg.png","width":1022,"height":250,"caption":"Les Cobayes Pom&Lolo"},"image":{"@id":"http:\/\/www.cobayous.com\/site\/#\/schema\/logo\/image\/"}}]}},"_links":{"self":[{"href":"http:\/\/www.cobayous.com\/site\/wp-json\/wp\/v2\/pages\/532","targetHints":{"allow":["GET"]}}],"collection":[{"href":"http:\/\/www.cobayous.com\/site\/wp-json\/wp\/v2\/pages"}],"about":[{"href":"http:\/\/www.cobayous.com\/site\/wp-json\/wp\/v2\/types\/page"}],"author":[{"embeddable":true,"href":"http:\/\/www.cobayous.com\/site\/wp-json\/wp\/v2\/users\/1"}],"replies":[{"embeddable":true,"href":"http:\/\/www.cobayous.com\/site\/wp-json\/wp\/v2\/comments?post=532"}],"version-history":[{"count":0,"href":"http:\/\/www.cobayous.com\/site\/wp-json\/wp\/v2\/pages\/532\/revisions"}],"up":[{"embeddable":true,"href":"http:\/\/www.cobayous.com\/site\/wp-json\/wp\/v2\/pages\/467"}],"wp:attachment":[{"href":"http:\/\/www.cobayous.com\/site\/wp-json\/wp\/v2\/media?parent=532"}],"curies":[{"name":"wp","href":"https:\/\/api.w.org\/{rel}","templated":true}]}}