{"id":479,"date":"2010-07-17T06:44:51","date_gmt":"2010-07-17T06:44:51","guid":{"rendered":"http:\/\/www.cobayous.com\/site\/?page_id=479"},"modified":"2010-07-17T09:13:32","modified_gmt":"2010-07-17T09:13:32","slug":"zorell","status":"publish","type":"page","link":"http:\/\/www.cobayous.com\/site\/les-piggies\/mes-pouics\/zorell\/","title":{"rendered":"Zor\u00ebll"},"content":{"rendered":"<p style=\"text-align: center;\"><img loading=\"lazy\" decoding=\"async\" class=\"aligncenter\" title=\"zozo_index.jpg\" src=\"\/site\/wp-content\/uploads\/mespouics\/zozo_index.jpg\" border=\"0\" alt=\"zozo_index.jpg\" width=\"450\" height=\"300\" \/> <\/p> \n <p> Bonzour! Moi c&rsquo;est Zor\u00ebll,          un des trois enfants de <a href=\"..\/pom\">Pom<\/a> et  <a href=\"..\/lolo\">Lolo<\/a>. <br \/> \nJe suis n\u00e9 le 31 D\u00e9cembre 2002 dans la matin\u00e9e. Donc,          je suis le fr\u00e8re de <a href=\"..\/sita\">Sita<\/a> et de <a href=\"..\/pierrot\">Pierrot.<\/a> <br \/> \nC&rsquo;est Seb qui m&rsquo;a donn\u00e9 mon nom parce qu&rsquo;il a eu peur quand il          m&rsquo;a vu pour la premi\u00e8re fois. <br \/> \nJ&rsquo;ai de tr\u00e8s grandes zoreilles lol (encore un peu et il  m&rsquo;appelais          Dumbo hihi) <br \/> \nJe crois que je la taille de mes zoreilles, je dois la tenir de  ma m\u00f4man          &#8230; <\/p> \n <p> Moi, je suis le seul cochon de la port\u00e9e qui soit noir des deux          cot\u00e9s de la t\u00eate. <\/p> \n <p> Alors, que dire sur          moi &#8230;. euh &#8230; <br \/> \nJe ne suis pas un vrai gar\u00e7on &#8230;. ben vi, vous savez, je n&rsquo;ai          plus de coucougnettes &#8230;. <br \/> \nCe qui me permet de vivre avec ma soeur Sita. Vous voyez pas si  on faisait          des b\u00e9b\u00e9s .. ils seraient dans un dr\u00f4le d&rsquo;\u00e9tat          &#8230;. <\/p> \n <p> Mon caract\u00e8re          : je suis assez doux &#8230; j&rsquo;aime bien quand ma maman me fait de  gros calinous          <span class=\"wp-font-emots-emo-happy\"><\/span> <br \/> \nJe me laisserai caresser des heures enti\u00e8res. J&rsquo;aime bien lui          l\u00e9cher les doigts aussi. <br \/> \nQuand j&rsquo;ai faim ou que je suis press\u00e9 de quelque chose, je  m&rsquo;agrippe          aux barreaux de ma cage et, je les mords.. ca a tendance \u00e0 \u00e9nerver          ma maman mais bon, j&rsquo;aime bien mes barreaux lol. <\/p> \n <p> Mot de ma maman zhumaine :          <a href=\"http:\/\/www.pomelo.fr\/blog\/index.php\/109-au-revoir-mon-pepere\" target=\"_blank\">Zozo          s&rsquo;est envol\u00e9 le 18 Septembre 2007<\/a>, il est all\u00e9 rejoindre          sa maman Lolo&#8230; <\/p> \n <p> <a href=\"zorell-galerie\"><img loading=\"lazy\" decoding=\"async\" title=\"voir_la_galerie.jpg\" src=\"\/site\/wp-content\/uploads\/mespouics\/voir_la_galerie.jpg\" border=\"0\" alt=\"voir_la_galerie.jpg\" width=\"400\" height=\"200\" \/><\/a> <\/p> \n","protected":false},"excerpt":{"rendered":" <p> Bonzour! Moi c&rsquo;est Zor\u00ebll, un des trois enfants de Pom et Lolo. Je suis n\u00e9 le 31 D\u00e9cembre 2002 dans la matin\u00e9e. Donc, je suis le fr\u00e8re de Sita et&#8230; <a href=\"http:\/\/www.cobayous.com\/site\/les-piggies\/mes-pouics\/zorell\/\">Read more &raquo;<\/a> <\/p> \n","protected":false},"author":1,"featured_media":0,"parent":467,"menu_order":4,"comment_status":"open","ping_status":"open","template":"","meta":{"ngg_post_thumbnail":0,"footnotes":""},"class_list":["post-479","page","type-page","status-publish","hentry"],"yoast_head":"<!-- This site is optimized with the Yoast SEO plugin v27.1.1 - https:\/\/yoast.com\/product\/yoast-seo-wordpress\/ -->\n<title>Zor\u00ebll - Les Cobayes Pom&amp;Lolo<\/title>\n<meta name=\"robots\" content=\"index, follow, max-snippet:-1, max-image-preview:large, max-video-preview:-1\" \/>\n<link rel=\"canonical\" href=\"http:\/\/www.cobayous.com\/site\/les-piggies\/mes-pouics\/zorell\/\" \/>\n<meta property=\"og:locale\" content=\"fr_FR\" \/>\n<meta property=\"og:type\" content=\"article\" \/>\n<meta property=\"og:title\" content=\"Zor\u00ebll - Les Cobayes Pom&amp;Lolo\" \/>\n<meta property=\"og:description\" content=\"Bonzour! Moi c&rsquo;est Zor\u00ebll, un des trois enfants de Pom et Lolo. Je suis n\u00e9 le 31 D\u00e9cembre 2002 dans la matin\u00e9e. Donc, je suis le fr\u00e8re de Sita et... Read more &raquo;\" \/>\n<meta property=\"og:url\" content=\"http:\/\/www.cobayous.com\/site\/les-piggies\/mes-pouics\/zorell\/\" \/>\n<meta property=\"og:site_name\" content=\"Les Cobayes Pom&amp;Lolo\" \/>\n<meta property=\"article:modified_time\" content=\"2010-07-17T09:13:32+00:00\" \/>\n<meta name=\"twitter:card\" content=\"summary_large_image\" \/>\n<meta name=\"twitter:label1\" content=\"Dur\u00e9e de lecture estim\u00e9e\" \/>\n\t<meta name=\"twitter:data1\" content=\"1 minute\" \/>\n<script type=\"application\/ld+json\" class=\"yoast-schema-graph\">{\"@context\":\"https:\/\/schema.org\",\"@graph\":[{\"@type\":\"WebPage\",\"@id\":\"http:\/\/www.cobayous.com\/site\/les-piggies\/mes-pouics\/zorell\/\",\"url\":\"http:\/\/www.cobayous.com\/site\/les-piggies\/mes-pouics\/zorell\/\",\"name\":\"Zor\u00ebll - Les Cobayes Pom&amp;Lolo\",\"isPartOf\":{\"@id\":\"http:\/\/www.cobayous.com\/site\/#website\"},\"datePublished\":\"2010-07-17T06:44:51+00:00\",\"dateModified\":\"2010-07-17T09:13:32+00:00\",\"breadcrumb\":{\"@id\":\"http:\/\/www.cobayous.com\/site\/les-piggies\/mes-pouics\/zorell\/#breadcrumb\"},\"inLanguage\":\"fr-FR\",\"potentialAction\":[{\"@type\":\"ReadAction\",\"target\":[\"http:\/\/www.cobayous.com\/site\/les-piggies\/mes-pouics\/zorell\/\"]}]},{\"@type\":\"BreadcrumbList\",\"@id\":\"http:\/\/www.cobayous.com\/site\/les-piggies\/mes-pouics\/zorell\/#breadcrumb\",\"itemListElement\":[{\"@type\":\"ListItem\",\"position\":1,\"name\":\"Accueil\",\"item\":\"http:\/\/www.cobayous.com\/site\/\"},{\"@type\":\"ListItem\",\"position\":2,\"name\":\"Piggies\",\"item\":\"http:\/\/www.cobayous.com\/site\/les-piggies\/\"},{\"@type\":\"ListItem\",\"position\":3,\"name\":\"Mes animaux\",\"item\":\"http:\/\/www.cobayous.com\/site\/les-piggies\/mes-pouics\/\"},{\"@type\":\"ListItem\",\"position\":4,\"name\":\"Zor\u00ebll\"}]},{\"@type\":\"WebSite\",\"@id\":\"http:\/\/www.cobayous.com\/site\/#website\",\"url\":\"http:\/\/www.cobayous.com\/site\/\",\"name\":\"Les Cobayes Pom&Lolo\",\"description\":\"\",\"publisher\":{\"@id\":\"http:\/\/www.cobayous.com\/site\/#organization\"},\"potentialAction\":[{\"@type\":\"SearchAction\",\"target\":{\"@type\":\"EntryPoint\",\"urlTemplate\":\"http:\/\/www.cobayous.com\/site\/?s={search_term_string}\"},\"query-input\":{\"@type\":\"PropertyValueSpecification\",\"valueRequired\":true,\"valueName\":\"search_term_string\"}}],\"inLanguage\":\"fr-FR\"},{\"@type\":\"Organization\",\"@id\":\"http:\/\/www.cobayous.com\/site\/#organization\",\"name\":\"Les Cobayes Pom&Lolo\",\"url\":\"http:\/\/www.cobayous.com\/site\/\",\"logo\":{\"@type\":\"ImageObject\",\"inLanguage\":\"fr-FR\",\"@id\":\"http:\/\/www.cobayous.com\/site\/#\/schema\/logo\/image\/\",\"url\":\"http:\/\/www.cobayous.com\/site\/wp-content\/uploads\/2024\/01\/header-bg.png\",\"contentUrl\":\"http:\/\/www.cobayous.com\/site\/wp-content\/uploads\/2024\/01\/header-bg.png\",\"width\":1022,\"height\":250,\"caption\":\"Les Cobayes Pom&Lolo\"},\"image\":{\"@id\":\"http:\/\/www.cobayous.com\/site\/#\/schema\/logo\/image\/\"}}]}<\/script>\n<!-- \/ Yoast SEO plugin. -->","yoast_head_json":{"title":"Zor\u00ebll - Les Cobayes Pom&amp;Lolo","robots":{"index":"index","follow":"follow","max-snippet":"max-snippet:-1","max-image-preview":"max-image-preview:large","max-video-preview":"max-video-preview:-1"},"canonical":"http:\/\/www.cobayous.com\/site\/les-piggies\/mes-pouics\/zorell\/","og_locale":"fr_FR","og_type":"article","og_title":"Zor\u00ebll - Les Cobayes Pom&amp;Lolo","og_description":"Bonzour! Moi c&rsquo;est Zor\u00ebll, un des trois enfants de Pom et Lolo. Je suis n\u00e9 le 31 D\u00e9cembre 2002 dans la matin\u00e9e. Donc, je suis le fr\u00e8re de Sita et... Read more &raquo;","og_url":"http:\/\/www.cobayous.com\/site\/les-piggies\/mes-pouics\/zorell\/","og_site_name":"Les Cobayes Pom&amp;Lolo","article_modified_time":"2010-07-17T09:13:32+00:00","twitter_card":"summary_large_image","twitter_misc":{"Dur\u00e9e de lecture estim\u00e9e":"1 minute"},"schema":{"@context":"https:\/\/schema.org","@graph":[{"@type":"WebPage","@id":"http:\/\/www.cobayous.com\/site\/les-piggies\/mes-pouics\/zorell\/","url":"http:\/\/www.cobayous.com\/site\/les-piggies\/mes-pouics\/zorell\/","name":"Zor\u00ebll - Les Cobayes Pom&amp;Lolo","isPartOf":{"@id":"http:\/\/www.cobayous.com\/site\/#website"},"datePublished":"2010-07-17T06:44:51+00:00","dateModified":"2010-07-17T09:13:32+00:00","breadcrumb":{"@id":"http:\/\/www.cobayous.com\/site\/les-piggies\/mes-pouics\/zorell\/#breadcrumb"},"inLanguage":"fr-FR","potentialAction":[{"@type":"ReadAction","target":["http:\/\/www.cobayous.com\/site\/les-piggies\/mes-pouics\/zorell\/"]}]},{"@type":"BreadcrumbList","@id":"http:\/\/www.cobayous.com\/site\/les-piggies\/mes-pouics\/zorell\/#breadcrumb","itemListElement":[{"@type":"ListItem","position":1,"name":"Accueil","item":"http:\/\/www.cobayous.com\/site\/"},{"@type":"ListItem","position":2,"name":"Piggies","item":"http:\/\/www.cobayous.com\/site\/les-piggies\/"},{"@type":"ListItem","position":3,"name":"Mes animaux","item":"http:\/\/www.cobayous.com\/site\/les-piggies\/mes-pouics\/"},{"@type":"ListItem","position":4,"name":"Zor\u00ebll"}]},{"@type":"WebSite","@id":"http:\/\/www.cobayous.com\/site\/#website","url":"http:\/\/www.cobayous.com\/site\/","name":"Les Cobayes Pom&Lolo","description":"","publisher":{"@id":"http:\/\/www.cobayous.com\/site\/#organization"},"potentialAction":[{"@type":"SearchAction","target":{"@type":"EntryPoint","urlTemplate":"http:\/\/www.cobayous.com\/site\/?s={search_term_string}"},"query-input":{"@type":"PropertyValueSpecification","valueRequired":true,"valueName":"search_term_string"}}],"inLanguage":"fr-FR"},{"@type":"Organization","@id":"http:\/\/www.cobayous.com\/site\/#organization","name":"Les Cobayes Pom&Lolo","url":"http:\/\/www.cobayous.com\/site\/","logo":{"@type":"ImageObject","inLanguage":"fr-FR","@id":"http:\/\/www.cobayous.com\/site\/#\/schema\/logo\/image\/","url":"http:\/\/www.cobayous.com\/site\/wp-content\/uploads\/2024\/01\/header-bg.png","contentUrl":"http:\/\/www.cobayous.com\/site\/wp-content\/uploads\/2024\/01\/header-bg.png","width":1022,"height":250,"caption":"Les Cobayes Pom&Lolo"},"image":{"@id":"http:\/\/www.cobayous.com\/site\/#\/schema\/logo\/image\/"}}]}},"_links":{"self":[{"href":"http:\/\/www.cobayous.com\/site\/wp-json\/wp\/v2\/pages\/479","targetHints":{"allow":["GET"]}}],"collection":[{"href":"http:\/\/www.cobayous.com\/site\/wp-json\/wp\/v2\/pages"}],"about":[{"href":"http:\/\/www.cobayous.com\/site\/wp-json\/wp\/v2\/types\/page"}],"author":[{"embeddable":true,"href":"http:\/\/www.cobayous.com\/site\/wp-json\/wp\/v2\/users\/1"}],"replies":[{"embeddable":true,"href":"http:\/\/www.cobayous.com\/site\/wp-json\/wp\/v2\/comments?post=479"}],"version-history":[{"count":0,"href":"http:\/\/www.cobayous.com\/site\/wp-json\/wp\/v2\/pages\/479\/revisions"}],"up":[{"embeddable":true,"href":"http:\/\/www.cobayous.com\/site\/wp-json\/wp\/v2\/pages\/467"}],"wp:attachment":[{"href":"http:\/\/www.cobayous.com\/site\/wp-json\/wp\/v2\/media?parent=479"}],"curies":[{"name":"wp","href":"https:\/\/api.w.org\/{rel}","templated":true}]}}