{"id":475,"date":"2010-07-17T06:43:28","date_gmt":"2010-07-17T06:43:28","guid":{"rendered":"http:\/\/www.cobayous.com\/site\/?page_id=475"},"modified":"2011-05-02T22:32:42","modified_gmt":"2011-05-02T21:32:42","slug":"lolo","status":"publish","type":"page","link":"http:\/\/www.cobayous.com\/site\/les-piggies\/mes-pouics\/lolo\/","title":{"rendered":"Lolo"},"content":{"rendered":"<p style=\"text-align: center;\"><img loading=\"lazy\" decoding=\"async\" class=\"aligncenter\" title=\"lolo_index.jpg\" src=\"\/site\/wp-content\/uploads\/mespouics\/lolo_index.jpg\" border=\"0\" alt=\"lolo_index.jpg\" width=\"450\" height=\"423\" \/> <\/p> \n <p> Bonjour \u00e0                  tous ! Je me pr\u00e9sente : je m&rsquo;appelle Lolo. <br \/> \nJe suis arriv\u00e9e avec <a href=\"..\/pom\">Pom<\/a> chez Pomelo le 23 Ao\u00fbt 2002. <br \/> \nMa ma\u00eetresse ne savait pas comment m&rsquo;appeler alors elle                  m&rsquo;a appel\u00e9e Lolo parce que je ne faisait que boire quand                   je suis arriv\u00e9e chez elle. <br \/> \nC&rsquo;est b\u00eate mais bon c&rsquo;est comme \u00e7a !! <br \/> \nMalgr\u00e9 ce nom, ma maman ne cesse de m&rsquo;appeler \u00ab\u00a0ma                  puce\u00a0\u00bb , \u00ab\u00a0ma grosse\u00a0\u00bb ou encore \u00ab\u00a0ma toutoune\u00a0\u00bb. <\/p> \n <p> Je suis tomb\u00e9e                  enceinte vers la fin du mois d&rsquo;Octobre 2002 : avec un  superbe                  compagnon comme <a href=\"..\/pom\">Pom<\/a>,  c&rsquo;\u00e9tait in\u00e9vitable                  &#8230; <br \/> \nEnfin, ma maman s&rsquo;est dout\u00e9 tout de suite que j&rsquo;\u00e9tais                  enceinte car elle nous a surpris tous les deux. <br \/> \nElle a donc doubl\u00e9 quasiment tout de suite ma dose de  vitamine                  C pour que je fasse de beaux b\u00e9b\u00e9s !! (et \u00e7a                  a r\u00e9ussi). <br \/> \nA la fin, j&rsquo;\u00e9tais vraiment tr\u00e8s grosse et je ne                  savais plus me retenir pour faire pipi car je buvais  \u00e9norm\u00e9ment                  et mes b\u00e9b\u00e9s appuyaient sur ma vessie. <\/p> \n <p> Et puis enfin,                  un beau matin (le 31 D\u00e9cembre 2002) vers 09h30, mes  petits                  (<a href=\"..\/sita\">Sita<\/a>,  <a href=\"..\/pierrot\">Pierrot<\/a> et <a href=\"..\/zorell\">Zor\u00ebll<\/a>)  sont arriv\u00e9s mais                  personne ne m&rsquo;a vu les mettre au monde. Mon ma\u00eetre \u00e9tait                   parti faire des courses et j&rsquo;\u00e9tais toute seule \u00e0                  la maison : j&rsquo;en ai donc profit\u00e9 !! En plus ou moins une                   demi-heure, tout \u00e9tait fini. Mes ma\u00eetres ont eu une                  sacr\u00e9e surprise en voyant la famille agrandie! Surtout                  ma ma\u00eetresse qui \u00e9tait folle de joie. On a attendu                  mes petits ensemble alors elle \u00e9tait tr\u00e8s impatiente! <\/p> \n <p> En tous cas,                  je me suis sentie grandement soulag\u00e9e apr\u00e8s tout                  ces \u00e9v\u00e9nements!! J&rsquo;avais tout juste 6 mois quand                  mes petits sont arriv\u00e9s (enfin, environ 6 mois car on  est                  pas s\u00fbr) Je pesais 1 kilo avant la naissance de mes  b\u00e9b\u00e9s. <br \/> \nMaintenant, je p\u00e8se 1 kilo 250 mais,                  \u00e7a n&#8217;emp\u00eache pas ma m\u00f4man de me faire plein                  de gros poutous !! <\/p> \n <p> <a href=\"lolo-galerie\"><img loading=\"lazy\" decoding=\"async\" title=\"voir_la_galerie.jpg\" src=\"\/site\/wp-content\/uploads\/mespouics\/voir_la_galerie.jpg\" border=\"0\" alt=\"voir_la_galerie.jpg\" width=\"400\" height=\"200\" \/><\/a> <\/p> \n <p> <span style=\"text-decoration: underline; color: #3366ff;\"><strong>HOMMAGE A LOLO<\/strong><\/span> <\/p> \n <p> Ma toutoune nous a quitt\u00e9 le Mercredi 19 Janvier 2005                vers 6H00 <\/p> \n <p> Lolo avait le ventre gonffl\u00e9 et, il bougeait beaucoup                  quand elle respirait. Alors, nous sommes all\u00e9 voir le v\u00e9t\u00e9rinaire                  le jeudi 13 Janvier pour savoir ce qui se passait. <br \/> \nApr\u00e8s une radio, il s&rsquo;av\u00e8re que Lolo a de petites                  l\u00e9sions aux poumons mais, qu&rsquo;elle a aussi des gazs. <br \/> \nJ&rsquo;ai donc eu un traitement \u00e0 lui donner : charbon actif                  pour \u00e9vacuer les gazs, rongeurs digest pour aider sa flore                  intestinale et aider la digestion, antibiotique pour ses poumons. <br \/> \nLe surlendemain, grace au traitement, ca allait beaucoup mieux.                  Son ventre bougeait toujours quand elle respirait mais, elle reprenait                  du poil de la b\u00eate. Elle recommencait \u00e0 couiner,                  \u00e0 courrir, \u00e0 bien manger. <br \/> \nLe Lundi, ca semblait avoir regonffl\u00e9 mais, \u00e0 force                  de toujours regarder, pas \u00e9vident d&rsquo;\u00eatre s\u00fbre                  &#8230; <br \/> \nNous sommes retourn\u00e9 au v\u00e9t\u00e9rinaire le lendemain                  vers 17H car, ca re-bougeait beaucoup quand elle respirait et,                  ses yeux \u00e9taient un peu bizarre. <br \/> \nLa v\u00e9t\u00e9rinaire nous a dit qu&rsquo;elle souhaitait la                  garder. Qu&rsquo;elle allait lui mettre un pansement gastrique et, lui                  faire une ponction dans le ventre pour \u00e9vacuer un peu de                  gaz. Elle a souhait\u00e9 la garder pour la nuit, au cas o\u00f9                  \u00e7a regonfflerai, pour que je ne doive pas chercher un v\u00e9to                  d&rsquo;urgence pendant la nuit. <br \/> \nElle nous a dit de t\u00e9l\u00e9phoner vers 18H pour prendre                  des nouvelles, ce que nous avons fait. Cela avait bien d\u00e9gonffl\u00e9. <br \/> \nJ&rsquo;ai t\u00e9l\u00e9phon\u00e9 le lendemain matin \u00e0                  9H00 pour avoir des nouvelles. On m&rsquo;a annonc\u00e9 que ma toutoune                  \u00e9tait d\u00e9c\u00e9d\u00e9e vers 6H00. <br \/> \nSon ventre avait regonffl\u00e9 pendant la nuit. Elle a c\u00e9ss\u00e9                  de respirer mais, elle n&rsquo;a pas souffert m&rsquo;a-t-on dit. Cela doit                  \u00eatre vrai parce que son corps \u00e9tait tout mou, comme                  si elle dormait. <\/p> \n <p> Voila, je ne vous en ai pas parl\u00e9 avant parce que je n&rsquo;en                  avais pas la force. <br \/> \nMa Lolo a partag\u00e9 sa vie avec moi pendant 2 ans et demi,                  ce fut trop court. Elle ne devait pas partir si vite, ni de cette                  mani\u00e8re. <br \/> \nC&rsquo;est grace \u00e0 elle que ce site existe, c&rsquo;est elle qui m&rsquo;a                  donn\u00e9 la passion des cochons d&rsquo;inde. <\/p> \n <p> Enfin, elle est maintenant aupr\u00e8s de son fils, dans le                  jardin, juste \u00e0 c\u00f4t\u00e9 de lui. Elle laisse ses                  2 autres enfants seuls ainsi que son fianc\u00e9 Pom tout seul. <\/p> \n <p> Lolo, je voulais te dire que je t&rsquo;aime, et, j&rsquo;esp\u00e8re que                  tu as \u00e9t\u00e9 heureuse avec moi pendant ces quelques                  ann\u00e9es. <br \/> \nTu \u00e9tais une cochonne merveilleuse, adorable, toujours                  \u00e0 te laisser faire pour tout. <\/p> \n <p> Adieu Ma Lolo, ton souvenir restera grav\u00e9 dans mon coeur                  \u00e0 tout jamais &#8230; <\/p> \n <p> Ta Maman <\/p> \n","protected":false},"excerpt":{"rendered":" <p> Bonjour \u00e0 tous ! Je me pr\u00e9sente : je m&rsquo;appelle Lolo. Je suis arriv\u00e9e avec Pom chez Pomelo le 23 Ao\u00fbt 2002. Ma ma\u00eetresse ne savait pas comment m&rsquo;appeler alors&#8230; <a href=\"http:\/\/www.cobayous.com\/site\/les-piggies\/mes-pouics\/lolo\/\">Read more &raquo;<\/a> <\/p> \n","protected":false},"author":1,"featured_media":0,"parent":467,"menu_order":1,"comment_status":"open","ping_status":"open","template":"","meta":{"ngg_post_thumbnail":0,"footnotes":""},"class_list":["post-475","page","type-page","status-publish","hentry"],"yoast_head":"<!-- This site is optimized with the Yoast SEO plugin v27.1.1 - https:\/\/yoast.com\/product\/yoast-seo-wordpress\/ -->\n<title>Lolo - Les Cobayes Pom&amp;Lolo<\/title>\n<meta name=\"robots\" content=\"index, follow, max-snippet:-1, max-image-preview:large, max-video-preview:-1\" \/>\n<link rel=\"canonical\" href=\"http:\/\/www.cobayous.com\/site\/les-piggies\/mes-pouics\/lolo\/\" \/>\n<meta property=\"og:locale\" content=\"fr_FR\" \/>\n<meta property=\"og:type\" content=\"article\" \/>\n<meta property=\"og:title\" content=\"Lolo - Les Cobayes Pom&amp;Lolo\" \/>\n<meta property=\"og:description\" content=\"Bonjour \u00e0 tous ! Je me pr\u00e9sente : je m&rsquo;appelle Lolo. Je suis arriv\u00e9e avec Pom chez Pomelo le 23 Ao\u00fbt 2002. Ma ma\u00eetresse ne savait pas comment m&rsquo;appeler alors... Read more &raquo;\" \/>\n<meta property=\"og:url\" content=\"http:\/\/www.cobayous.com\/site\/les-piggies\/mes-pouics\/lolo\/\" \/>\n<meta property=\"og:site_name\" content=\"Les Cobayes Pom&amp;Lolo\" \/>\n<meta property=\"article:modified_time\" content=\"2011-05-02T21:32:42+00:00\" \/>\n<meta name=\"twitter:card\" content=\"summary_large_image\" \/>\n<meta name=\"twitter:label1\" content=\"Dur\u00e9e de lecture estim\u00e9e\" \/>\n\t<meta name=\"twitter:data1\" content=\"4 minutes\" \/>\n<script type=\"application\/ld+json\" class=\"yoast-schema-graph\">{\"@context\":\"https:\/\/schema.org\",\"@graph\":[{\"@type\":\"WebPage\",\"@id\":\"http:\/\/www.cobayous.com\/site\/les-piggies\/mes-pouics\/lolo\/\",\"url\":\"http:\/\/www.cobayous.com\/site\/les-piggies\/mes-pouics\/lolo\/\",\"name\":\"Lolo - Les Cobayes Pom&amp;Lolo\",\"isPartOf\":{\"@id\":\"http:\/\/www.cobayous.com\/site\/#website\"},\"datePublished\":\"2010-07-17T06:43:28+00:00\",\"dateModified\":\"2011-05-02T21:32:42+00:00\",\"breadcrumb\":{\"@id\":\"http:\/\/www.cobayous.com\/site\/les-piggies\/mes-pouics\/lolo\/#breadcrumb\"},\"inLanguage\":\"fr-FR\",\"potentialAction\":[{\"@type\":\"ReadAction\",\"target\":[\"http:\/\/www.cobayous.com\/site\/les-piggies\/mes-pouics\/lolo\/\"]}]},{\"@type\":\"BreadcrumbList\",\"@id\":\"http:\/\/www.cobayous.com\/site\/les-piggies\/mes-pouics\/lolo\/#breadcrumb\",\"itemListElement\":[{\"@type\":\"ListItem\",\"position\":1,\"name\":\"Accueil\",\"item\":\"http:\/\/www.cobayous.com\/site\/\"},{\"@type\":\"ListItem\",\"position\":2,\"name\":\"Piggies\",\"item\":\"http:\/\/www.cobayous.com\/site\/les-piggies\/\"},{\"@type\":\"ListItem\",\"position\":3,\"name\":\"Mes animaux\",\"item\":\"http:\/\/www.cobayous.com\/site\/les-piggies\/mes-pouics\/\"},{\"@type\":\"ListItem\",\"position\":4,\"name\":\"Lolo\"}]},{\"@type\":\"WebSite\",\"@id\":\"http:\/\/www.cobayous.com\/site\/#website\",\"url\":\"http:\/\/www.cobayous.com\/site\/\",\"name\":\"Les Cobayes Pom&Lolo\",\"description\":\"\",\"publisher\":{\"@id\":\"http:\/\/www.cobayous.com\/site\/#organization\"},\"potentialAction\":[{\"@type\":\"SearchAction\",\"target\":{\"@type\":\"EntryPoint\",\"urlTemplate\":\"http:\/\/www.cobayous.com\/site\/?s={search_term_string}\"},\"query-input\":{\"@type\":\"PropertyValueSpecification\",\"valueRequired\":true,\"valueName\":\"search_term_string\"}}],\"inLanguage\":\"fr-FR\"},{\"@type\":\"Organization\",\"@id\":\"http:\/\/www.cobayous.com\/site\/#organization\",\"name\":\"Les Cobayes Pom&Lolo\",\"url\":\"http:\/\/www.cobayous.com\/site\/\",\"logo\":{\"@type\":\"ImageObject\",\"inLanguage\":\"fr-FR\",\"@id\":\"http:\/\/www.cobayous.com\/site\/#\/schema\/logo\/image\/\",\"url\":\"http:\/\/www.cobayous.com\/site\/wp-content\/uploads\/2024\/01\/header-bg.png\",\"contentUrl\":\"http:\/\/www.cobayous.com\/site\/wp-content\/uploads\/2024\/01\/header-bg.png\",\"width\":1022,\"height\":250,\"caption\":\"Les Cobayes Pom&Lolo\"},\"image\":{\"@id\":\"http:\/\/www.cobayous.com\/site\/#\/schema\/logo\/image\/\"}}]}<\/script>\n<!-- \/ Yoast SEO plugin. -->","yoast_head_json":{"title":"Lolo - Les Cobayes Pom&amp;Lolo","robots":{"index":"index","follow":"follow","max-snippet":"max-snippet:-1","max-image-preview":"max-image-preview:large","max-video-preview":"max-video-preview:-1"},"canonical":"http:\/\/www.cobayous.com\/site\/les-piggies\/mes-pouics\/lolo\/","og_locale":"fr_FR","og_type":"article","og_title":"Lolo - Les Cobayes Pom&amp;Lolo","og_description":"Bonjour \u00e0 tous ! Je me pr\u00e9sente : je m&rsquo;appelle Lolo. Je suis arriv\u00e9e avec Pom chez Pomelo le 23 Ao\u00fbt 2002. Ma ma\u00eetresse ne savait pas comment m&rsquo;appeler alors... Read more &raquo;","og_url":"http:\/\/www.cobayous.com\/site\/les-piggies\/mes-pouics\/lolo\/","og_site_name":"Les Cobayes Pom&amp;Lolo","article_modified_time":"2011-05-02T21:32:42+00:00","twitter_card":"summary_large_image","twitter_misc":{"Dur\u00e9e de lecture estim\u00e9e":"4 minutes"},"schema":{"@context":"https:\/\/schema.org","@graph":[{"@type":"WebPage","@id":"http:\/\/www.cobayous.com\/site\/les-piggies\/mes-pouics\/lolo\/","url":"http:\/\/www.cobayous.com\/site\/les-piggies\/mes-pouics\/lolo\/","name":"Lolo - Les Cobayes Pom&amp;Lolo","isPartOf":{"@id":"http:\/\/www.cobayous.com\/site\/#website"},"datePublished":"2010-07-17T06:43:28+00:00","dateModified":"2011-05-02T21:32:42+00:00","breadcrumb":{"@id":"http:\/\/www.cobayous.com\/site\/les-piggies\/mes-pouics\/lolo\/#breadcrumb"},"inLanguage":"fr-FR","potentialAction":[{"@type":"ReadAction","target":["http:\/\/www.cobayous.com\/site\/les-piggies\/mes-pouics\/lolo\/"]}]},{"@type":"BreadcrumbList","@id":"http:\/\/www.cobayous.com\/site\/les-piggies\/mes-pouics\/lolo\/#breadcrumb","itemListElement":[{"@type":"ListItem","position":1,"name":"Accueil","item":"http:\/\/www.cobayous.com\/site\/"},{"@type":"ListItem","position":2,"name":"Piggies","item":"http:\/\/www.cobayous.com\/site\/les-piggies\/"},{"@type":"ListItem","position":3,"name":"Mes animaux","item":"http:\/\/www.cobayous.com\/site\/les-piggies\/mes-pouics\/"},{"@type":"ListItem","position":4,"name":"Lolo"}]},{"@type":"WebSite","@id":"http:\/\/www.cobayous.com\/site\/#website","url":"http:\/\/www.cobayous.com\/site\/","name":"Les Cobayes Pom&Lolo","description":"","publisher":{"@id":"http:\/\/www.cobayous.com\/site\/#organization"},"potentialAction":[{"@type":"SearchAction","target":{"@type":"EntryPoint","urlTemplate":"http:\/\/www.cobayous.com\/site\/?s={search_term_string}"},"query-input":{"@type":"PropertyValueSpecification","valueRequired":true,"valueName":"search_term_string"}}],"inLanguage":"fr-FR"},{"@type":"Organization","@id":"http:\/\/www.cobayous.com\/site\/#organization","name":"Les Cobayes Pom&Lolo","url":"http:\/\/www.cobayous.com\/site\/","logo":{"@type":"ImageObject","inLanguage":"fr-FR","@id":"http:\/\/www.cobayous.com\/site\/#\/schema\/logo\/image\/","url":"http:\/\/www.cobayous.com\/site\/wp-content\/uploads\/2024\/01\/header-bg.png","contentUrl":"http:\/\/www.cobayous.com\/site\/wp-content\/uploads\/2024\/01\/header-bg.png","width":1022,"height":250,"caption":"Les Cobayes Pom&Lolo"},"image":{"@id":"http:\/\/www.cobayous.com\/site\/#\/schema\/logo\/image\/"}}]}},"_links":{"self":[{"href":"http:\/\/www.cobayous.com\/site\/wp-json\/wp\/v2\/pages\/475","targetHints":{"allow":["GET"]}}],"collection":[{"href":"http:\/\/www.cobayous.com\/site\/wp-json\/wp\/v2\/pages"}],"about":[{"href":"http:\/\/www.cobayous.com\/site\/wp-json\/wp\/v2\/types\/page"}],"author":[{"embeddable":true,"href":"http:\/\/www.cobayous.com\/site\/wp-json\/wp\/v2\/users\/1"}],"replies":[{"embeddable":true,"href":"http:\/\/www.cobayous.com\/site\/wp-json\/wp\/v2\/comments?post=475"}],"version-history":[{"count":0,"href":"http:\/\/www.cobayous.com\/site\/wp-json\/wp\/v2\/pages\/475\/revisions"}],"up":[{"embeddable":true,"href":"http:\/\/www.cobayous.com\/site\/wp-json\/wp\/v2\/pages\/467"}],"wp:attachment":[{"href":"http:\/\/www.cobayous.com\/site\/wp-json\/wp\/v2\/media?parent=475"}],"curies":[{"name":"wp","href":"https:\/\/api.w.org\/{rel}","templated":true}]}}