{"id":473,"date":"2010-07-17T06:43:04","date_gmt":"2010-07-17T06:43:04","guid":{"rendered":"http:\/\/www.cobayous.com\/site\/?page_id=473"},"modified":"2010-07-17T09:12:31","modified_gmt":"2010-07-17T09:12:31","slug":"pom","status":"publish","type":"page","link":"http:\/\/www.cobayous.com\/site\/les-piggies\/mes-pouics\/pom\/","title":{"rendered":"Pom"},"content":{"rendered":"<p style=\"text-align: center;\"><img loading=\"lazy\" decoding=\"async\" class=\"aligncenter\" title=\"pom_index.jpg\" src=\"\/site\/wp-content\/uploads\/mespouics\/pom_index.jpg\" border=\"0\" alt=\"pom_index.jpg\" width=\"450\" height=\"340\" \/> <\/p> \n <p> Coucou les amis, je me pr\u00e9sente : POM. Je suis le fianc\u00e9 de <a href=\"..\/lolo\">Lolo<\/a>. <br \/> \nJe suis arriv\u00e9 chez Pomelo en Ao\u00fbt 2002 et, je suis arriv\u00e9 en m\u00eame temps que ma Lolo d&rsquo;amour &#8230; <br \/> \nJ&rsquo;avais environ 2 mois quand m\u00f4man m&rsquo;a adopt\u00e9. <\/p> \n <p> A l&rsquo;animalerie, c&rsquo;est papa Seb qui m&rsquo;a choisi. Pomelo a choisi Lolo. <br \/> \nIls nous ont pris tous les deux parce qu&rsquo;ils ne voulaient pas qu&rsquo;on soient trop seuls. <br \/> \nEt on s&rsquo;aime tellement Lolo et moi qu&rsquo;on a eu des petits (<a href=\"..\/zorell\">Zor\u00ebll<\/a>, <a href=\"..\/sita\">Sita<\/a> et <a href=\"..\/pierrot\">Pierrot<\/a>). <br \/> \nMais apr\u00e8s \u00e7a, mes ma\u00eetres ont d\u00e9cid\u00e9 de me faire op\u00e9rer &#8230;. <br \/> \nJ&rsquo;aurais bien refais des b\u00e9b\u00e9s avec Lolo moa &#8230; <\/p> \n <p> Alors, le 20 Janvier 2003, Seb et Pomelo m&rsquo;ont emmen\u00e9s dans une clinique v\u00e9t\u00e9rinaire et je dois avouer que j&rsquo;avais tr\u00e8s peur (j&rsquo;ai fais pipi partout). <br \/> \nEt j&rsquo;essayer de grimper partout pour essayer de me sauver. Je le sentais que quelque chose se passait! Enfin, tout s&rsquo;est bien d\u00e9roul\u00e9 et ma ma\u00eetresse \u00e9tait impatiente de t\u00e9l\u00e9phoner \u00e0 la clinique pour avoir de mes nouvelles !!! <\/p> \n <p> Ils sont revenus me chercher le soir m\u00eame et j&rsquo;\u00e9tais tr\u00e8s heureux (m\u00eame si j&rsquo;\u00e9tais un peu dans le p\u00e2t\u00e9 \u00e0 cause de l&rsquo;anesth\u00e9sie !!) <br \/> \nAh l\u00e0 l\u00e0, je me sent si bien avec mes ma\u00eetres !! Je me sent tellement bien que je leur l\u00e8che tout le temps les doigts! Je me demande ce que je serais devenu si ils ne m&rsquo;avaient pas ramen\u00e9 chez eux.. <\/p> \n <p> Enfin, stop le blabla et place aux photos &#8230;.. <\/p> \n <p> <a href=\"pom-galerie\"><img loading=\"lazy\" decoding=\"async\" title=\"voir_la_galerie.jpg\" src=\"\/site\/wp-content\/uploads\/mespouics\/voir_la_galerie.jpg\" border=\"0\" alt=\"voir_la_galerie.jpg\" width=\"400\" height=\"200\" \/><\/a> <\/p> \n","protected":false},"excerpt":{"rendered":" <p> Coucou les amis, je me pr\u00e9sente : POM. Je suis le fianc\u00e9 de Lolo. Je suis arriv\u00e9 chez Pomelo en Ao\u00fbt 2002 et, je suis arriv\u00e9 en m\u00eame temps que&#8230; <a href=\"http:\/\/www.cobayous.com\/site\/les-piggies\/mes-pouics\/pom\/\">Read more &raquo;<\/a> <\/p> \n","protected":false},"author":1,"featured_media":0,"parent":467,"menu_order":0,"comment_status":"open","ping_status":"open","template":"","meta":{"ngg_post_thumbnail":0,"footnotes":""},"class_list":["post-473","page","type-page","status-publish","hentry"],"yoast_head":"<!-- This site is optimized with the Yoast SEO plugin v27.1.1 - https:\/\/yoast.com\/product\/yoast-seo-wordpress\/ -->\n<title>Pom - Les Cobayes Pom&amp;Lolo<\/title>\n<meta name=\"robots\" content=\"index, follow, max-snippet:-1, max-image-preview:large, max-video-preview:-1\" \/>\n<link rel=\"canonical\" href=\"http:\/\/www.cobayous.com\/site\/les-piggies\/mes-pouics\/pom\/\" \/>\n<meta property=\"og:locale\" content=\"fr_FR\" \/>\n<meta property=\"og:type\" content=\"article\" \/>\n<meta property=\"og:title\" content=\"Pom - Les Cobayes Pom&amp;Lolo\" \/>\n<meta property=\"og:description\" content=\"Coucou les amis, je me pr\u00e9sente : POM. Je suis le fianc\u00e9 de Lolo. Je suis arriv\u00e9 chez Pomelo en Ao\u00fbt 2002 et, je suis arriv\u00e9 en m\u00eame temps que... Read more &raquo;\" \/>\n<meta property=\"og:url\" content=\"http:\/\/www.cobayous.com\/site\/les-piggies\/mes-pouics\/pom\/\" \/>\n<meta property=\"og:site_name\" content=\"Les Cobayes Pom&amp;Lolo\" \/>\n<meta property=\"article:modified_time\" content=\"2010-07-17T09:12:31+00:00\" \/>\n<meta name=\"twitter:card\" content=\"summary_large_image\" \/>\n<meta name=\"twitter:label1\" content=\"Dur\u00e9e de lecture estim\u00e9e\" \/>\n\t<meta name=\"twitter:data1\" content=\"1 minute\" \/>\n<script type=\"application\/ld+json\" class=\"yoast-schema-graph\">{\"@context\":\"https:\/\/schema.org\",\"@graph\":[{\"@type\":\"WebPage\",\"@id\":\"http:\/\/www.cobayous.com\/site\/les-piggies\/mes-pouics\/pom\/\",\"url\":\"http:\/\/www.cobayous.com\/site\/les-piggies\/mes-pouics\/pom\/\",\"name\":\"Pom - Les Cobayes Pom&amp;Lolo\",\"isPartOf\":{\"@id\":\"http:\/\/www.cobayous.com\/site\/#website\"},\"datePublished\":\"2010-07-17T06:43:04+00:00\",\"dateModified\":\"2010-07-17T09:12:31+00:00\",\"breadcrumb\":{\"@id\":\"http:\/\/www.cobayous.com\/site\/les-piggies\/mes-pouics\/pom\/#breadcrumb\"},\"inLanguage\":\"fr-FR\",\"potentialAction\":[{\"@type\":\"ReadAction\",\"target\":[\"http:\/\/www.cobayous.com\/site\/les-piggies\/mes-pouics\/pom\/\"]}]},{\"@type\":\"BreadcrumbList\",\"@id\":\"http:\/\/www.cobayous.com\/site\/les-piggies\/mes-pouics\/pom\/#breadcrumb\",\"itemListElement\":[{\"@type\":\"ListItem\",\"position\":1,\"name\":\"Accueil\",\"item\":\"http:\/\/www.cobayous.com\/site\/\"},{\"@type\":\"ListItem\",\"position\":2,\"name\":\"Piggies\",\"item\":\"http:\/\/www.cobayous.com\/site\/les-piggies\/\"},{\"@type\":\"ListItem\",\"position\":3,\"name\":\"Mes animaux\",\"item\":\"http:\/\/www.cobayous.com\/site\/les-piggies\/mes-pouics\/\"},{\"@type\":\"ListItem\",\"position\":4,\"name\":\"Pom\"}]},{\"@type\":\"WebSite\",\"@id\":\"http:\/\/www.cobayous.com\/site\/#website\",\"url\":\"http:\/\/www.cobayous.com\/site\/\",\"name\":\"Les Cobayes Pom&Lolo\",\"description\":\"\",\"publisher\":{\"@id\":\"http:\/\/www.cobayous.com\/site\/#organization\"},\"potentialAction\":[{\"@type\":\"SearchAction\",\"target\":{\"@type\":\"EntryPoint\",\"urlTemplate\":\"http:\/\/www.cobayous.com\/site\/?s={search_term_string}\"},\"query-input\":{\"@type\":\"PropertyValueSpecification\",\"valueRequired\":true,\"valueName\":\"search_term_string\"}}],\"inLanguage\":\"fr-FR\"},{\"@type\":\"Organization\",\"@id\":\"http:\/\/www.cobayous.com\/site\/#organization\",\"name\":\"Les Cobayes Pom&Lolo\",\"url\":\"http:\/\/www.cobayous.com\/site\/\",\"logo\":{\"@type\":\"ImageObject\",\"inLanguage\":\"fr-FR\",\"@id\":\"http:\/\/www.cobayous.com\/site\/#\/schema\/logo\/image\/\",\"url\":\"http:\/\/www.cobayous.com\/site\/wp-content\/uploads\/2024\/01\/header-bg.png\",\"contentUrl\":\"http:\/\/www.cobayous.com\/site\/wp-content\/uploads\/2024\/01\/header-bg.png\",\"width\":1022,\"height\":250,\"caption\":\"Les Cobayes Pom&Lolo\"},\"image\":{\"@id\":\"http:\/\/www.cobayous.com\/site\/#\/schema\/logo\/image\/\"}}]}<\/script>\n<!-- \/ Yoast SEO plugin. -->","yoast_head_json":{"title":"Pom - Les Cobayes Pom&amp;Lolo","robots":{"index":"index","follow":"follow","max-snippet":"max-snippet:-1","max-image-preview":"max-image-preview:large","max-video-preview":"max-video-preview:-1"},"canonical":"http:\/\/www.cobayous.com\/site\/les-piggies\/mes-pouics\/pom\/","og_locale":"fr_FR","og_type":"article","og_title":"Pom - Les Cobayes Pom&amp;Lolo","og_description":"Coucou les amis, je me pr\u00e9sente : POM. Je suis le fianc\u00e9 de Lolo. Je suis arriv\u00e9 chez Pomelo en Ao\u00fbt 2002 et, je suis arriv\u00e9 en m\u00eame temps que... Read more &raquo;","og_url":"http:\/\/www.cobayous.com\/site\/les-piggies\/mes-pouics\/pom\/","og_site_name":"Les Cobayes Pom&amp;Lolo","article_modified_time":"2010-07-17T09:12:31+00:00","twitter_card":"summary_large_image","twitter_misc":{"Dur\u00e9e de lecture estim\u00e9e":"1 minute"},"schema":{"@context":"https:\/\/schema.org","@graph":[{"@type":"WebPage","@id":"http:\/\/www.cobayous.com\/site\/les-piggies\/mes-pouics\/pom\/","url":"http:\/\/www.cobayous.com\/site\/les-piggies\/mes-pouics\/pom\/","name":"Pom - Les Cobayes Pom&amp;Lolo","isPartOf":{"@id":"http:\/\/www.cobayous.com\/site\/#website"},"datePublished":"2010-07-17T06:43:04+00:00","dateModified":"2010-07-17T09:12:31+00:00","breadcrumb":{"@id":"http:\/\/www.cobayous.com\/site\/les-piggies\/mes-pouics\/pom\/#breadcrumb"},"inLanguage":"fr-FR","potentialAction":[{"@type":"ReadAction","target":["http:\/\/www.cobayous.com\/site\/les-piggies\/mes-pouics\/pom\/"]}]},{"@type":"BreadcrumbList","@id":"http:\/\/www.cobayous.com\/site\/les-piggies\/mes-pouics\/pom\/#breadcrumb","itemListElement":[{"@type":"ListItem","position":1,"name":"Accueil","item":"http:\/\/www.cobayous.com\/site\/"},{"@type":"ListItem","position":2,"name":"Piggies","item":"http:\/\/www.cobayous.com\/site\/les-piggies\/"},{"@type":"ListItem","position":3,"name":"Mes animaux","item":"http:\/\/www.cobayous.com\/site\/les-piggies\/mes-pouics\/"},{"@type":"ListItem","position":4,"name":"Pom"}]},{"@type":"WebSite","@id":"http:\/\/www.cobayous.com\/site\/#website","url":"http:\/\/www.cobayous.com\/site\/","name":"Les Cobayes Pom&Lolo","description":"","publisher":{"@id":"http:\/\/www.cobayous.com\/site\/#organization"},"potentialAction":[{"@type":"SearchAction","target":{"@type":"EntryPoint","urlTemplate":"http:\/\/www.cobayous.com\/site\/?s={search_term_string}"},"query-input":{"@type":"PropertyValueSpecification","valueRequired":true,"valueName":"search_term_string"}}],"inLanguage":"fr-FR"},{"@type":"Organization","@id":"http:\/\/www.cobayous.com\/site\/#organization","name":"Les Cobayes Pom&Lolo","url":"http:\/\/www.cobayous.com\/site\/","logo":{"@type":"ImageObject","inLanguage":"fr-FR","@id":"http:\/\/www.cobayous.com\/site\/#\/schema\/logo\/image\/","url":"http:\/\/www.cobayous.com\/site\/wp-content\/uploads\/2024\/01\/header-bg.png","contentUrl":"http:\/\/www.cobayous.com\/site\/wp-content\/uploads\/2024\/01\/header-bg.png","width":1022,"height":250,"caption":"Les Cobayes Pom&Lolo"},"image":{"@id":"http:\/\/www.cobayous.com\/site\/#\/schema\/logo\/image\/"}}]}},"_links":{"self":[{"href":"http:\/\/www.cobayous.com\/site\/wp-json\/wp\/v2\/pages\/473","targetHints":{"allow":["GET"]}}],"collection":[{"href":"http:\/\/www.cobayous.com\/site\/wp-json\/wp\/v2\/pages"}],"about":[{"href":"http:\/\/www.cobayous.com\/site\/wp-json\/wp\/v2\/types\/page"}],"author":[{"embeddable":true,"href":"http:\/\/www.cobayous.com\/site\/wp-json\/wp\/v2\/users\/1"}],"replies":[{"embeddable":true,"href":"http:\/\/www.cobayous.com\/site\/wp-json\/wp\/v2\/comments?post=473"}],"version-history":[{"count":0,"href":"http:\/\/www.cobayous.com\/site\/wp-json\/wp\/v2\/pages\/473\/revisions"}],"up":[{"embeddable":true,"href":"http:\/\/www.cobayous.com\/site\/wp-json\/wp\/v2\/pages\/467"}],"wp:attachment":[{"href":"http:\/\/www.cobayous.com\/site\/wp-json\/wp\/v2\/media?parent=473"}],"curies":[{"name":"wp","href":"https:\/\/api.w.org\/{rel}","templated":true}]}}