{"id":4,"date":"2010-04-06T20:54:06","date_gmt":"2010-04-06T20:54:06","guid":{"rendered":"http:\/\/www.cobayous.com\/site\/?page_id=4"},"modified":"2012-05-20T15:23:12","modified_gmt":"2012-05-20T14:23:12","slug":"male-ou-femelle","status":"publish","type":"page","link":"http:\/\/www.cobayous.com\/site\/les-dossiers\/avant-achat-cobaye\/male-ou-femelle\/","title":{"rendered":"Avant l&rsquo;achat : M\u00e2le ou femelle ?"},"content":{"rendered":"<div class=\"column_left200\" style=\"float: left; display: inline; \">\n<div style=\"background: #FFEFCE; border: 1px solid #BD8D46; color: #404040; padding: 0 10px 0 10px; margin-top: 1em; text-align: justify; border-radius: 10px;\">\n<h3><img loading=\"lazy\" decoding=\"async\" class=\"alignleft\" title=\"memo\" src=\"http:\/\/www.cobayous.Com\/site\/wp-content\/uploads\/img\/memo.png\" alt=\"\" width=\"30\" height=\"30\" \/>EN BREF<\/h3>\n <p> Si vous ne voulez qu&rsquo;un cobaye, le sexe importe peu. <\/p> \n <p> Si vous en voulez plusieurs, optez pour deux cobayes du m\u00eame sexe en veillant aux bonnes <a title=\"Cohabitation chez le cobaye\" href=\"http:\/\/www.cobayous.com\/site\/les-dossiers\/cohabitation-cobaye\/\">r\u00e8gles de cohabitation<\/a>. <\/p> \n<\/div>\n<div style=\"background: #EDF7F2; border: 1px solid #7FC6BC; color: #404040; padding: 0 10px 0 10px; margin-top: 1em; text-align: justify; border-radius: 10px;\">\n <p> <img loading=\"lazy\" decoding=\"async\" class=\"alignleft\" title=\"alire\" src=\"http:\/\/www.cobayous.Com\/site\/wp-content\/uploads\/img\/books.png\" alt=\"\" width=\"30\" height=\"30\" \/> <\/p> \n<h3>A LIRE<\/h3>\n <p> <span style=\"color: #008000;\">Dans la rubrique Avant l\u2019achat :<\/span> <\/p> \n<div id=\"shailan-subpages-78-1\">\n<ul>\n<li><a title=\"Avant l\u2019achat : Un ou plusieurs?\" href=\"http:\/\/www.cobayous.com\/site\/les-dossiers\/avant-achat-cobaye\/un-ou-plusieurs\/\">Un ou plusieurs?<\/a><\/li>\n<li>M\u00e2le ou femelle ?<\/li>\n<li><a title=\"Avant l\u2019achat : O\u00f9 l\u2019adopter\" href=\"http:\/\/www.cobayous.com\/site\/les-dossiers\/avant-achat-cobaye\/ou-ladopter\/\" rel=\"\">O\u00f9 l\u2019adopter<\/a><\/li>\n<li><a title=\"Avant l\u2019achat : Quelques conseils\" href=\"http:\/\/www.cobayous.com\/site\/les-dossiers\/avant-achat-cobaye\/quelques-conseils\/\" rel=\"\">Quelques conseils<\/a><\/li>\n<li><a title=\"Avant l\u2019achat : Combien \u00e7a co\u00fbte?\" href=\"http:\/\/www.cobayous.com\/site\/les-dossiers\/avant-achat-cobaye\/budget-combien-ca-coute\/\" rel=\"\">Combien \u00e7a co\u00fbte?<\/a><\/li>\n<li><a title=\"Rongeurs et Enfants\" href=\"http:\/\/www.cobayous.com\/site\/les-dossiers\/avant-achat-cobaye\/rongeurs-et-enfants\/\" rel=\"\">Rongeurs et Enfants<\/a><\/li>\n<li><a title=\"Les races de cobayes\" href=\"http:\/\/www.cobayous.com\/site\/les-dossiers\/avant-achat-cobaye\/les-races\/\" rel=\"\">Les races de cobayes<\/a><\/li>\n<\/ul>\n <p> <span style=\"color: #008000;\">Dossiers Connexes :<\/span> <\/p> \n<ul>\n<li><a href=\"http:\/\/www.cobayous.com\/forum\/reproduction-un-jeu-plus-dangereux-que-prevu-t10078.html\" target=\"_blank\">Repro, un jeu dangereux <\/a><\/li>\n<li><a title=\"Animalerie : prendre garde aux conseils !\" href=\"http:\/\/www.cobayous.com\/site\/les-dossiers\/avant-achat-cobaye\/animalerie-prendre-garde-aux-conseils\/\">Animalerie, attention aux conseils !<\/a><\/li>\n<li><a title=\"Le cobaye et les vacances\" href=\"http:\/\/www.cobayous.com\/site\/les-dossiers\/speciaux-pratiques\/le-cobaye-et-les-vacances\/\">Le Cobaye et les Vacances<\/a><\/li>\n<li><a title=\"Rongeurs et Enfants\" href=\"http:\/\/www.cobayous.com\/site\/les-dossiers\/avant-achat-cobaye\/rongeurs-et-enfants\/\">Rongeurs et enfants<\/a><\/li>\n<\/ul>\n<\/div>\n<\/div>\n <p> <script type=\"text\/javascript\">\/\/ <![CDATA[\n  google_ad_client = \"ca-pub-3631834167777130\"; \/* pometlolosidebardossiers-carre200 *\/ google_ad_slot = \"5353947003\"; google_ad_width = 200; google_ad_height = 200;\n\/\/ ]]><\/script> <br \/> \n<script type=\"text\/javascript\" src=\"http:\/\/pagead2.googlesyndication.com\/pagead\/show_ads.js\">\/\/ <![CDATA[\n\n\n\/\/ ]]><\/script> <\/p> \n<div style=\"background: #ffffff; border: 1px solid #EACFB8; color: #404040; padding: 0 10px 0 10px; margin-top: 1em; text-align: justify; border-radius: 10px;\">\n <p> <img loading=\"lazy\" decoding=\"async\" class=\"alignleft\" src=\"http:\/\/www.cobayous.Com\/site\/wp-content\/uploads\/img\/question.png\" alt=\"\" width=\"30\" height=\"30\" \/> <\/p> \n<h4>DES QUESTIONS ?<\/h4>\n <p> Tu as des questions \u00e0 poser sur les cobayes? Tu souhaites discuter avec nous? <\/p> \n <p> <img loading=\"lazy\" decoding=\"async\" class=\"alignleft\" title=\"talk\" src=\"http:\/\/www.cobayous.com\/site\/wp-content\/uploads\/img\/icon-talk.png\" alt=\"\" width=\"44\" height=\"30\" \/> <a href=\"http:\/\/www.cobayous.Com\/forum\">Rejoins-nous !<\/a> <\/p> \n<\/div>\n <p> <\/div> <br \/> \n<div class=\"column_right728\" style=\"float: left; display: inline; \"> <\/p> \n <p> Si vous ne comptez adopter qu&rsquo;un seul animal (m\u00eame si beaucoup en adoptent souvent un deuxi\u00e8me) je dirais que m\u00e2le ou femelle, \u00e7a n&rsquo;a pas d&rsquo;importance. C&rsquo;est \u00ab\u00a0au coup de c\u0153ur\u00a0\u00bb. <\/p> \n <p> <img loading=\"lazy\" decoding=\"async\" src=\"\/site\/wp-content\/uploads\/img\/puce_coeur.gif\" alt=\"\" width=\"15\" height=\"15\" \/> <strong><span style=\"text-decoration: underline;\">Si vous adoptez un m\u00e2le<\/span><\/strong>, il faut savoir qu\u2019en p\u00e9riode de chaleur, il a tendance \u00e0 d\u00e9gager une odeur due \u00e0 ses hormones. <\/p> \n <p> <img loading=\"lazy\" decoding=\"async\" src=\"\/site\/wp-content\/uploads\/img\/puce_coeur.gif\" alt=\"\" width=\"15\" height=\"15\" \/> <strong><span style=\"text-decoration: underline;\">Si vous adoptez une femelle<\/span><\/strong>, il y aura aussi une odeur mais beaucoup moins forte que celle du m\u00e2le. On dit souvent dans les bouquins que les femelles sont g\u00e9n\u00e9ralement plus l\u00e9g\u00e8re, plus petite et beaucoup plus c\u00e2line que le m\u00e2le. Ce n&rsquo;est pas toujours vrai et en particulier au niveau des c\u00e2lins : tous les cobaye sont diff\u00e9rents et ont leur petit caract\u00e8re <span class=\"wp-font-emots-emo-wink\"><\/span> <\/p> \n <p> Cependant, si vous comptez faire l&rsquo;acquisition d&rsquo;un second cobaye par la suite, le choix du premier cobaye est tr\u00e8s important et vous devrez vous poser ces deux questions : <\/p> \n <p> <span style=\"font-family: Trebuchet MS;\"><span style=\"font-size: x-small;\"><img loading=\"lazy\" decoding=\"async\" src=\"\/site\/wp-content\/uploads\/dossiers\/fleche.gif\" alt=\"\" width=\"25\" height=\"12\" align=\"absmiddle\" \/><\/span><\/span> <span style=\"text-decoration: underline;\"><strong>Est-ce que vous comptez faire reproduire vos cobayes?<\/strong><\/span> <br \/> \nSi vous ne souhaitez pas de reproduction, deux choix s&rsquo;offrent \u00e0 vous : <\/p> \n <p> <img loading=\"lazy\" decoding=\"async\" src=\"\/site\/wp-content\/uploads\/img\/puce_coeur.gif\" alt=\"\" width=\"15\" height=\"15\" \/> <strong>Adopter deux femelles.<\/strong> <br \/> \nLes femelles s&rsquo;entendent g\u00e9n\u00e9ralement tr\u00e8s bien une fois la hi\u00e9rarchie \u00e9tablie. <br \/> \nDonc, une fois qu&rsquo;il y a une domin\u00e9e et une dominante, il y a tr\u00e8s peu de bagarre. <br \/> \nIl peut arriver que la domin\u00e9e remette la hi\u00e9rarchie en cause et essaie de prendre le dessus. Si vous voyez que vos cobayes se battent (morsures g\u00e9n\u00e9ralement pr\u00e9c\u00e9d\u00e9es de claquements de dents) , s\u00e9parez-les. <br \/> \nSi ils ne font que crier ou donner un tout petit coup de gueule, laissez-les faire. <\/p> \n <p> <img loading=\"lazy\" decoding=\"async\" src=\"\/site\/wp-content\/uploads\/img\/puce_coeur.gif\" alt=\"\" width=\"15\" height=\"15\" \/> <strong>Adopter deux m\u00e2les.<\/strong> <br \/> \nSi vous les adoptez tous les deux en m\u00eame temps, c&rsquo;est tant mieux car ils seront ensemble depuis tout petit. <br \/> \nSi vous ne les adoptez pas en m\u00eame temps, le mieux est de prendre le deuxi\u00e8me m\u00e2le tr\u00e8s jeune. La cohabitation passe g\u00e9n\u00e9ralement mieux quand il y a un jeune. <\/p> \n <p> Si vous souhaitez faire de la reproduction, il est conseill\u00e9 de prendre d&rsquo;abord une femelle. <br \/> \nVous pourrez la laisser grandir et atteindre le poids id\u00e9al pour une port\u00e9e (sinon, risque de probl\u00e8mes lors de la mise bas &#8211;&gt;<a href=\"\/site\/dossiers\/reproductioncobaye.php#accouplement\"> cf dossier Reproduction<\/a> ) <br \/> \nVous pourrez adopter le m\u00e2le lorsque la femelle aura environ 4 mois : il faudra le mettre en quarantaine (40 jours) donc, ne pas le mettre en contact avec la femelle. <\/p> \n <p> <span style=\"font-family: Trebuchet MS;\"><span style=\"font-size: x-small;\"><img loading=\"lazy\" decoding=\"async\" src=\"\/site\/wp-content\/uploads\/dossiers\/fleche.gif\" alt=\"\" width=\"25\" height=\"12\" align=\"absmiddle\" \/><\/span><\/span><strong><span style=\"text-decoration: underline;\"> Avez-vous la place pour deux cages chez vous au cas o\u00f9 la cohabitation ne fonctionnerait pas? <\/span><\/strong> <\/p> \n <p> Bein vi, il arrive qu&rsquo;une cohabitation ne fonctionne pas ou m\u00eame qu&rsquo;apr\u00e8s plusieurs mois de cohabitation, deux cobayes ne s&rsquo;entendent plus. Il faudra donc les s\u00e9parer ce qui implique l&rsquo;achat d&rsquo;une seconde cage. <\/p> \n <p> <a href=\"http:\/\/www.cobayous.com\/site\/qui-sommes-nous\/\"><img loading=\"lazy\" decoding=\"async\" class=\"alignright\" title=\"copyright-pomelo.jpg\" src=\"\/site\/wp-content\/uploads\/dossiers\/copyright-pomelo.jpg\" alt=\"copyright-pomelo.jpg\" width=\"275\" height=\"50\" border=\"0\" \/><\/a> <\/p> \n <p> <script type=\"text\/javascript\">\/\/ <![CDATA[\n                     google_ad_client = \"ca-pub-3631834167777130\"; \/* 728x90, SITE BAS *\/ google_ad_slot = \"8092157966\"; google_ad_width = 728; google_ad_height = 90;\n\/\/ ]]><\/script> <br \/> \n<script type=\"text\/javascript\" src=\"http:\/\/pagead2.googlesyndication.com\/pagead\/show_ads.js\">\/\/ <![CDATA[\n\n\n\/\/ ]]><\/script> <br \/> \n<\/div><div style='clear: both;'><\/div> <\/p> \n","protected":false},"excerpt":{"rendered":"","protected":false},"author":1,"featured_media":0,"parent":74,"menu_order":2,"comment_status":"closed","ping_status":"closed","template":"pg-tpl-no-sidebars.php","meta":{"ngg_post_thumbnail":0,"footnotes":""},"class_list":["post-4","page","type-page","status-publish","hentry"],"yoast_head":"<!-- This site is optimized with the Yoast SEO plugin v27.1.1 - https:\/\/yoast.com\/product\/yoast-seo-wordpress\/ -->\n<title>Avant l&#039;achat : M\u00e2le ou femelle ? - Les Cobayes Pom&amp;Lolo<\/title>\n<meta name=\"robots\" content=\"index, follow, max-snippet:-1, max-image-preview:large, max-video-preview:-1\" \/>\n<link rel=\"canonical\" href=\"http:\/\/www.cobayous.com\/site\/les-dossiers\/avant-achat-cobaye\/male-ou-femelle\/\" \/>\n<meta property=\"og:locale\" content=\"fr_FR\" \/>\n<meta property=\"og:type\" content=\"article\" \/>\n<meta property=\"og:title\" content=\"Avant l&#039;achat : M\u00e2le ou femelle ? - Les Cobayes Pom&amp;Lolo\" \/>\n<meta property=\"og:url\" content=\"http:\/\/www.cobayous.com\/site\/les-dossiers\/avant-achat-cobaye\/male-ou-femelle\/\" \/>\n<meta property=\"og:site_name\" content=\"Les Cobayes Pom&amp;Lolo\" \/>\n<meta property=\"article:modified_time\" content=\"2012-05-20T14:23:12+00:00\" \/>\n<meta property=\"og:image\" content=\"http:\/\/www.cobayous.Com\/site\/wp-content\/uploads\/img\/memo.png\" \/>\n<meta name=\"twitter:card\" content=\"summary_large_image\" \/>\n<meta name=\"twitter:label1\" content=\"Dur\u00e9e de lecture estim\u00e9e\" \/>\n\t<meta name=\"twitter:data1\" content=\"3 minutes\" \/>\n<script type=\"application\/ld+json\" class=\"yoast-schema-graph\">{\"@context\":\"https:\/\/schema.org\",\"@graph\":[{\"@type\":\"WebPage\",\"@id\":\"http:\/\/www.cobayous.com\/site\/les-dossiers\/avant-achat-cobaye\/male-ou-femelle\/\",\"url\":\"http:\/\/www.cobayous.com\/site\/les-dossiers\/avant-achat-cobaye\/male-ou-femelle\/\",\"name\":\"Avant l'achat : M\u00e2le ou femelle ? - Les Cobayes Pom&amp;Lolo\",\"isPartOf\":{\"@id\":\"http:\/\/www.cobayous.com\/site\/#website\"},\"primaryImageOfPage\":{\"@id\":\"http:\/\/www.cobayous.com\/site\/les-dossiers\/avant-achat-cobaye\/male-ou-femelle\/#primaryimage\"},\"image\":{\"@id\":\"http:\/\/www.cobayous.com\/site\/les-dossiers\/avant-achat-cobaye\/male-ou-femelle\/#primaryimage\"},\"thumbnailUrl\":\"http:\/\/www.cobayous.Com\/site\/wp-content\/uploads\/img\/memo.png\",\"datePublished\":\"2010-04-06T20:54:06+00:00\",\"dateModified\":\"2012-05-20T14:23:12+00:00\",\"breadcrumb\":{\"@id\":\"http:\/\/www.cobayous.com\/site\/les-dossiers\/avant-achat-cobaye\/male-ou-femelle\/#breadcrumb\"},\"inLanguage\":\"fr-FR\",\"potentialAction\":[{\"@type\":\"ReadAction\",\"target\":[\"http:\/\/www.cobayous.com\/site\/les-dossiers\/avant-achat-cobaye\/male-ou-femelle\/\"]}]},{\"@type\":\"ImageObject\",\"inLanguage\":\"fr-FR\",\"@id\":\"http:\/\/www.cobayous.com\/site\/les-dossiers\/avant-achat-cobaye\/male-ou-femelle\/#primaryimage\",\"url\":\"http:\/\/www.cobayous.Com\/site\/wp-content\/uploads\/img\/memo.png\",\"contentUrl\":\"http:\/\/www.cobayous.Com\/site\/wp-content\/uploads\/img\/memo.png\"},{\"@type\":\"BreadcrumbList\",\"@id\":\"http:\/\/www.cobayous.com\/site\/les-dossiers\/avant-achat-cobaye\/male-ou-femelle\/#breadcrumb\",\"itemListElement\":[{\"@type\":\"ListItem\",\"position\":1,\"name\":\"Accueil\",\"item\":\"http:\/\/www.cobayous.com\/site\/\"},{\"@type\":\"ListItem\",\"position\":2,\"name\":\"Dossiers\",\"item\":\"http:\/\/www.cobayous.com\/site\/les-dossiers\/\"},{\"@type\":\"ListItem\",\"position\":3,\"name\":\"Avant l&rsquo;achat\",\"item\":\"http:\/\/www.cobayous.com\/site\/les-dossiers\/avant-achat-cobaye\/\"},{\"@type\":\"ListItem\",\"position\":4,\"name\":\"Avant l&rsquo;achat : M\u00e2le ou femelle ?\"}]},{\"@type\":\"WebSite\",\"@id\":\"http:\/\/www.cobayous.com\/site\/#website\",\"url\":\"http:\/\/www.cobayous.com\/site\/\",\"name\":\"Les Cobayes Pom&Lolo\",\"description\":\"\",\"publisher\":{\"@id\":\"http:\/\/www.cobayous.com\/site\/#organization\"},\"potentialAction\":[{\"@type\":\"SearchAction\",\"target\":{\"@type\":\"EntryPoint\",\"urlTemplate\":\"http:\/\/www.cobayous.com\/site\/?s={search_term_string}\"},\"query-input\":{\"@type\":\"PropertyValueSpecification\",\"valueRequired\":true,\"valueName\":\"search_term_string\"}}],\"inLanguage\":\"fr-FR\"},{\"@type\":\"Organization\",\"@id\":\"http:\/\/www.cobayous.com\/site\/#organization\",\"name\":\"Les Cobayes Pom&Lolo\",\"url\":\"http:\/\/www.cobayous.com\/site\/\",\"logo\":{\"@type\":\"ImageObject\",\"inLanguage\":\"fr-FR\",\"@id\":\"http:\/\/www.cobayous.com\/site\/#\/schema\/logo\/image\/\",\"url\":\"http:\/\/www.cobayous.com\/site\/wp-content\/uploads\/2024\/01\/header-bg.png\",\"contentUrl\":\"http:\/\/www.cobayous.com\/site\/wp-content\/uploads\/2024\/01\/header-bg.png\",\"width\":1022,\"height\":250,\"caption\":\"Les Cobayes Pom&Lolo\"},\"image\":{\"@id\":\"http:\/\/www.cobayous.com\/site\/#\/schema\/logo\/image\/\"}}]}<\/script>\n<!-- \/ Yoast SEO plugin. -->","yoast_head_json":{"title":"Avant l'achat : M\u00e2le ou femelle ? - Les Cobayes Pom&amp;Lolo","robots":{"index":"index","follow":"follow","max-snippet":"max-snippet:-1","max-image-preview":"max-image-preview:large","max-video-preview":"max-video-preview:-1"},"canonical":"http:\/\/www.cobayous.com\/site\/les-dossiers\/avant-achat-cobaye\/male-ou-femelle\/","og_locale":"fr_FR","og_type":"article","og_title":"Avant l'achat : M\u00e2le ou femelle ? - Les Cobayes Pom&amp;Lolo","og_url":"http:\/\/www.cobayous.com\/site\/les-dossiers\/avant-achat-cobaye\/male-ou-femelle\/","og_site_name":"Les Cobayes Pom&amp;Lolo","article_modified_time":"2012-05-20T14:23:12+00:00","og_image":[{"url":"http:\/\/www.cobayous.Com\/site\/wp-content\/uploads\/img\/memo.png","type":"","width":"","height":""}],"twitter_card":"summary_large_image","twitter_misc":{"Dur\u00e9e de lecture estim\u00e9e":"3 minutes"},"schema":{"@context":"https:\/\/schema.org","@graph":[{"@type":"WebPage","@id":"http:\/\/www.cobayous.com\/site\/les-dossiers\/avant-achat-cobaye\/male-ou-femelle\/","url":"http:\/\/www.cobayous.com\/site\/les-dossiers\/avant-achat-cobaye\/male-ou-femelle\/","name":"Avant l'achat : M\u00e2le ou femelle ? - Les Cobayes Pom&amp;Lolo","isPartOf":{"@id":"http:\/\/www.cobayous.com\/site\/#website"},"primaryImageOfPage":{"@id":"http:\/\/www.cobayous.com\/site\/les-dossiers\/avant-achat-cobaye\/male-ou-femelle\/#primaryimage"},"image":{"@id":"http:\/\/www.cobayous.com\/site\/les-dossiers\/avant-achat-cobaye\/male-ou-femelle\/#primaryimage"},"thumbnailUrl":"http:\/\/www.cobayous.Com\/site\/wp-content\/uploads\/img\/memo.png","datePublished":"2010-04-06T20:54:06+00:00","dateModified":"2012-05-20T14:23:12+00:00","breadcrumb":{"@id":"http:\/\/www.cobayous.com\/site\/les-dossiers\/avant-achat-cobaye\/male-ou-femelle\/#breadcrumb"},"inLanguage":"fr-FR","potentialAction":[{"@type":"ReadAction","target":["http:\/\/www.cobayous.com\/site\/les-dossiers\/avant-achat-cobaye\/male-ou-femelle\/"]}]},{"@type":"ImageObject","inLanguage":"fr-FR","@id":"http:\/\/www.cobayous.com\/site\/les-dossiers\/avant-achat-cobaye\/male-ou-femelle\/#primaryimage","url":"http:\/\/www.cobayous.Com\/site\/wp-content\/uploads\/img\/memo.png","contentUrl":"http:\/\/www.cobayous.Com\/site\/wp-content\/uploads\/img\/memo.png"},{"@type":"BreadcrumbList","@id":"http:\/\/www.cobayous.com\/site\/les-dossiers\/avant-achat-cobaye\/male-ou-femelle\/#breadcrumb","itemListElement":[{"@type":"ListItem","position":1,"name":"Accueil","item":"http:\/\/www.cobayous.com\/site\/"},{"@type":"ListItem","position":2,"name":"Dossiers","item":"http:\/\/www.cobayous.com\/site\/les-dossiers\/"},{"@type":"ListItem","position":3,"name":"Avant l&rsquo;achat","item":"http:\/\/www.cobayous.com\/site\/les-dossiers\/avant-achat-cobaye\/"},{"@type":"ListItem","position":4,"name":"Avant l&rsquo;achat : M\u00e2le ou femelle ?"}]},{"@type":"WebSite","@id":"http:\/\/www.cobayous.com\/site\/#website","url":"http:\/\/www.cobayous.com\/site\/","name":"Les Cobayes Pom&Lolo","description":"","publisher":{"@id":"http:\/\/www.cobayous.com\/site\/#organization"},"potentialAction":[{"@type":"SearchAction","target":{"@type":"EntryPoint","urlTemplate":"http:\/\/www.cobayous.com\/site\/?s={search_term_string}"},"query-input":{"@type":"PropertyValueSpecification","valueRequired":true,"valueName":"search_term_string"}}],"inLanguage":"fr-FR"},{"@type":"Organization","@id":"http:\/\/www.cobayous.com\/site\/#organization","name":"Les Cobayes Pom&Lolo","url":"http:\/\/www.cobayous.com\/site\/","logo":{"@type":"ImageObject","inLanguage":"fr-FR","@id":"http:\/\/www.cobayous.com\/site\/#\/schema\/logo\/image\/","url":"http:\/\/www.cobayous.com\/site\/wp-content\/uploads\/2024\/01\/header-bg.png","contentUrl":"http:\/\/www.cobayous.com\/site\/wp-content\/uploads\/2024\/01\/header-bg.png","width":1022,"height":250,"caption":"Les Cobayes Pom&Lolo"},"image":{"@id":"http:\/\/www.cobayous.com\/site\/#\/schema\/logo\/image\/"}}]}},"_links":{"self":[{"href":"http:\/\/www.cobayous.com\/site\/wp-json\/wp\/v2\/pages\/4","targetHints":{"allow":["GET"]}}],"collection":[{"href":"http:\/\/www.cobayous.com\/site\/wp-json\/wp\/v2\/pages"}],"about":[{"href":"http:\/\/www.cobayous.com\/site\/wp-json\/wp\/v2\/types\/page"}],"author":[{"embeddable":true,"href":"http:\/\/www.cobayous.com\/site\/wp-json\/wp\/v2\/users\/1"}],"replies":[{"embeddable":true,"href":"http:\/\/www.cobayous.com\/site\/wp-json\/wp\/v2\/comments?post=4"}],"version-history":[{"count":0,"href":"http:\/\/www.cobayous.com\/site\/wp-json\/wp\/v2\/pages\/4\/revisions"}],"up":[{"embeddable":true,"href":"http:\/\/www.cobayous.com\/site\/wp-json\/wp\/v2\/pages\/74"}],"wp:attachment":[{"href":"http:\/\/www.cobayous.com\/site\/wp-json\/wp\/v2\/media?parent=4"}],"curies":[{"name":"wp","href":"https:\/\/api.w.org\/{rel}","templated":true}]}}