{"id":30,"date":"2010-05-08T20:04:52","date_gmt":"2010-05-08T20:04:52","guid":{"rendered":"http:\/\/www.cobayous.com\/site\/?page_id=30"},"modified":"2011-06-13T22:34:06","modified_gmt":"2011-06-13T21:34:06","slug":"goodies","status":"publish","type":"page","link":"http:\/\/www.cobayous.com\/site\/goodies\/","title":{"rendered":"Goodies"},"content":{"rendered":"<h3><span style=\"text-decoration: underline;\"><span style=\"color: #339966;\">La        Webmastrice<\/span><\/span><\/h3>\n <p> Tu souhaites en savoir un peu plus sur la Cr\u00e9atrice du Site de      Pom et Lolo ? Et bien <a title=\"La Webmastrice\" href=\"http:\/\/www.cobayous.com\/site\/goodies\/la-webmastrice\/\">c&rsquo;est ici  que cela se passe<\/a> <span class=\"wp-font-emots-emo-wink\"><\/span> <\/p> \n<h3><span style=\"text-decoration: underline;\"><span style=\"color: #339966;\">L&rsquo;histoire        du site<\/span><\/span><\/h3>\n <p> Toute l&rsquo;histoire depuis la cr\u00e9ation du Site de Pom&amp;Lolo, <a title=\"Histoire du site\" href=\"http:\/\/www.cobayous.com\/site\/goodies\/histoire-du-site\/\">c&rsquo;est       ici que \u00e7a se passe<\/a> <span class=\"wp-font-emots-emo-happy\"><\/span> <\/p> \n<h3><span style=\"color: #339966;\"><span style=\"text-decoration: underline;\">Recettes<\/span><\/span><\/h3>\n <p> Tu trouveras ici quelques recettes de cuisines. Il y en a tr\u00e8s peu      pour le moment mais j&rsquo;esp\u00e8re bien en ajouter au fur et \u00e0 mesure. <br \/> \nCes recettes ont d\u00e9m\u00e9nag\u00e9 et      se trouvent d\u00e9sormais sur le <a href=\"http:\/\/www.pomelo.fr\/site\/recettes.php\" target=\"_top\">Site      de Pomelo<\/a> <\/p> \n<h3><span style=\"color: #339966;\"><span style=\"text-decoration: underline;\">Remerciements<\/span><\/span><\/h3>\n <p> A toutes les personnes qui m&rsquo;ont un jour ou l&rsquo;autre donn\u00e9 un coup de       pouce ou un coup de main pour le site et le forum, une <a title=\"Remerciements\" href=\"http:\/\/www.cobayous.com\/site\/goodies\/remerciements\/\">page      leur est d\u00e9di\u00e9e<\/a>. <\/p> \n<h3><span style=\"color: #339966;\"><span style=\"text-decoration: underline;\">Bizarre Pigture<\/span><\/span><\/h3>\n <p> En surfant sur le net, j&rsquo;ai trouv\u00e9 des <a title=\"Pigture\" href=\"http:\/\/www.cobayous.com\/site\/goodies\/pigture\/\">choses      bizzarrrrre<\/a> !!! <br \/> \nJ&rsquo;ai \u00e9galament trouv\u00e9 quelques r\u00e9ponses \u00e0 certaines      questions que je me posais &#8230; <br \/> \nUne grande d\u00e9couverte en avant premi\u00e8re : nous savons d\u00e9sormais      d&rsquo;o\u00f9 viennent ces bizzares cr\u00e9atures &#8230; les pouiiks &#8230; <\/p> \n<h3><span style=\"text-decoration: underline;\"><span style=\"color: #339966;\">Download<\/span><\/span><\/h3>\n <p> Ici, tu peux <a title=\"T\u00e9l\u00e9chargements\" href=\"http:\/\/www.cobayous.com\/site\/goodies\/telechargements\/\">t\u00e9l\u00e9charger<\/a> des <a title=\"Ecrans de veille\" href=\"http:\/\/www.cobayous.com\/site\/goodies\/telechargements\/ecrans-de-veille\/\">\u00e9crans  de veille<\/a>, des        <a title=\"Fonds d\u2019\u00e9cran\" href=\"http:\/\/www.cobayous.com\/site\/goodies\/telechargements\/fonds-decran\/\">Fond  d&rsquo;\u00e9crans<\/a> et les<a title=\"Les Calendriers\" href=\"http:\/\/www.cobayous.com\/site\/goodies\/telechargements\/les-calendriers\/\"> Calendriers<\/a> du site. <\/p> \n","protected":false},"excerpt":{"rendered":" <p> La Webmastrice Tu souhaites en savoir un peu plus sur la Cr\u00e9atrice du Site de Pom et Lolo ? Et bien c&rsquo;est ici que cela se passe L&rsquo;histoire du site&#8230; <a href=\"http:\/\/www.cobayous.com\/site\/goodies\/\">Read more &raquo;<\/a> <\/p> \n","protected":false},"author":1,"featured_media":0,"parent":0,"menu_order":4,"comment_status":"closed","ping_status":"closed","template":"","meta":{"ngg_post_thumbnail":0,"footnotes":""},"class_list":["post-30","page","type-page","status-publish","hentry"],"yoast_head":"<!-- This site is optimized with the Yoast SEO plugin v27.1.1 - https:\/\/yoast.com\/product\/yoast-seo-wordpress\/ -->\n<title>Goodies - Les Cobayes Pom&amp;Lolo<\/title>\n<meta name=\"robots\" content=\"index, follow, max-snippet:-1, max-image-preview:large, max-video-preview:-1\" \/>\n<link rel=\"canonical\" href=\"http:\/\/www.cobayous.com\/site\/goodies\/\" \/>\n<meta property=\"og:locale\" content=\"fr_FR\" \/>\n<meta property=\"og:type\" content=\"article\" \/>\n<meta property=\"og:title\" content=\"Goodies - Les Cobayes Pom&amp;Lolo\" \/>\n<meta property=\"og:description\" content=\"La Webmastrice Tu souhaites en savoir un peu plus sur la Cr\u00e9atrice du Site de Pom et Lolo ? Et bien c&rsquo;est ici que cela se passe L&rsquo;histoire du site... Read more &raquo;\" \/>\n<meta property=\"og:url\" content=\"http:\/\/www.cobayous.com\/site\/goodies\/\" \/>\n<meta property=\"og:site_name\" content=\"Les Cobayes Pom&amp;Lolo\" \/>\n<meta property=\"article:modified_time\" content=\"2011-06-13T21:34:06+00:00\" \/>\n<meta name=\"twitter:card\" content=\"summary_large_image\" \/>\n<meta name=\"twitter:label1\" content=\"Dur\u00e9e de lecture estim\u00e9e\" \/>\n\t<meta name=\"twitter:data1\" content=\"1 minute\" \/>\n<script type=\"application\/ld+json\" class=\"yoast-schema-graph\">{\"@context\":\"https:\/\/schema.org\",\"@graph\":[{\"@type\":\"WebPage\",\"@id\":\"http:\/\/www.cobayous.com\/site\/goodies\/\",\"url\":\"http:\/\/www.cobayous.com\/site\/goodies\/\",\"name\":\"Goodies - Les Cobayes Pom&amp;Lolo\",\"isPartOf\":{\"@id\":\"http:\/\/www.cobayous.com\/site\/#website\"},\"datePublished\":\"2010-05-08T20:04:52+00:00\",\"dateModified\":\"2011-06-13T21:34:06+00:00\",\"breadcrumb\":{\"@id\":\"http:\/\/www.cobayous.com\/site\/goodies\/#breadcrumb\"},\"inLanguage\":\"fr-FR\",\"potentialAction\":[{\"@type\":\"ReadAction\",\"target\":[\"http:\/\/www.cobayous.com\/site\/goodies\/\"]}]},{\"@type\":\"BreadcrumbList\",\"@id\":\"http:\/\/www.cobayous.com\/site\/goodies\/#breadcrumb\",\"itemListElement\":[{\"@type\":\"ListItem\",\"position\":1,\"name\":\"Accueil\",\"item\":\"http:\/\/www.cobayous.com\/site\/\"},{\"@type\":\"ListItem\",\"position\":2,\"name\":\"Goodies\"}]},{\"@type\":\"WebSite\",\"@id\":\"http:\/\/www.cobayous.com\/site\/#website\",\"url\":\"http:\/\/www.cobayous.com\/site\/\",\"name\":\"Les Cobayes Pom&Lolo\",\"description\":\"\",\"publisher\":{\"@id\":\"http:\/\/www.cobayous.com\/site\/#organization\"},\"potentialAction\":[{\"@type\":\"SearchAction\",\"target\":{\"@type\":\"EntryPoint\",\"urlTemplate\":\"http:\/\/www.cobayous.com\/site\/?s={search_term_string}\"},\"query-input\":{\"@type\":\"PropertyValueSpecification\",\"valueRequired\":true,\"valueName\":\"search_term_string\"}}],\"inLanguage\":\"fr-FR\"},{\"@type\":\"Organization\",\"@id\":\"http:\/\/www.cobayous.com\/site\/#organization\",\"name\":\"Les Cobayes Pom&Lolo\",\"url\":\"http:\/\/www.cobayous.com\/site\/\",\"logo\":{\"@type\":\"ImageObject\",\"inLanguage\":\"fr-FR\",\"@id\":\"http:\/\/www.cobayous.com\/site\/#\/schema\/logo\/image\/\",\"url\":\"http:\/\/www.cobayous.com\/site\/wp-content\/uploads\/2024\/01\/header-bg.png\",\"contentUrl\":\"http:\/\/www.cobayous.com\/site\/wp-content\/uploads\/2024\/01\/header-bg.png\",\"width\":1022,\"height\":250,\"caption\":\"Les Cobayes Pom&Lolo\"},\"image\":{\"@id\":\"http:\/\/www.cobayous.com\/site\/#\/schema\/logo\/image\/\"}}]}<\/script>\n<!-- \/ Yoast SEO plugin. -->","yoast_head_json":{"title":"Goodies - Les Cobayes Pom&amp;Lolo","robots":{"index":"index","follow":"follow","max-snippet":"max-snippet:-1","max-image-preview":"max-image-preview:large","max-video-preview":"max-video-preview:-1"},"canonical":"http:\/\/www.cobayous.com\/site\/goodies\/","og_locale":"fr_FR","og_type":"article","og_title":"Goodies - Les Cobayes Pom&amp;Lolo","og_description":"La Webmastrice Tu souhaites en savoir un peu plus sur la Cr\u00e9atrice du Site de Pom et Lolo ? Et bien c&rsquo;est ici que cela se passe L&rsquo;histoire du site... Read more &raquo;","og_url":"http:\/\/www.cobayous.com\/site\/goodies\/","og_site_name":"Les Cobayes Pom&amp;Lolo","article_modified_time":"2011-06-13T21:34:06+00:00","twitter_card":"summary_large_image","twitter_misc":{"Dur\u00e9e de lecture estim\u00e9e":"1 minute"},"schema":{"@context":"https:\/\/schema.org","@graph":[{"@type":"WebPage","@id":"http:\/\/www.cobayous.com\/site\/goodies\/","url":"http:\/\/www.cobayous.com\/site\/goodies\/","name":"Goodies - Les Cobayes Pom&amp;Lolo","isPartOf":{"@id":"http:\/\/www.cobayous.com\/site\/#website"},"datePublished":"2010-05-08T20:04:52+00:00","dateModified":"2011-06-13T21:34:06+00:00","breadcrumb":{"@id":"http:\/\/www.cobayous.com\/site\/goodies\/#breadcrumb"},"inLanguage":"fr-FR","potentialAction":[{"@type":"ReadAction","target":["http:\/\/www.cobayous.com\/site\/goodies\/"]}]},{"@type":"BreadcrumbList","@id":"http:\/\/www.cobayous.com\/site\/goodies\/#breadcrumb","itemListElement":[{"@type":"ListItem","position":1,"name":"Accueil","item":"http:\/\/www.cobayous.com\/site\/"},{"@type":"ListItem","position":2,"name":"Goodies"}]},{"@type":"WebSite","@id":"http:\/\/www.cobayous.com\/site\/#website","url":"http:\/\/www.cobayous.com\/site\/","name":"Les Cobayes Pom&Lolo","description":"","publisher":{"@id":"http:\/\/www.cobayous.com\/site\/#organization"},"potentialAction":[{"@type":"SearchAction","target":{"@type":"EntryPoint","urlTemplate":"http:\/\/www.cobayous.com\/site\/?s={search_term_string}"},"query-input":{"@type":"PropertyValueSpecification","valueRequired":true,"valueName":"search_term_string"}}],"inLanguage":"fr-FR"},{"@type":"Organization","@id":"http:\/\/www.cobayous.com\/site\/#organization","name":"Les Cobayes Pom&Lolo","url":"http:\/\/www.cobayous.com\/site\/","logo":{"@type":"ImageObject","inLanguage":"fr-FR","@id":"http:\/\/www.cobayous.com\/site\/#\/schema\/logo\/image\/","url":"http:\/\/www.cobayous.com\/site\/wp-content\/uploads\/2024\/01\/header-bg.png","contentUrl":"http:\/\/www.cobayous.com\/site\/wp-content\/uploads\/2024\/01\/header-bg.png","width":1022,"height":250,"caption":"Les Cobayes Pom&Lolo"},"image":{"@id":"http:\/\/www.cobayous.com\/site\/#\/schema\/logo\/image\/"}}]}},"_links":{"self":[{"href":"http:\/\/www.cobayous.com\/site\/wp-json\/wp\/v2\/pages\/30","targetHints":{"allow":["GET"]}}],"collection":[{"href":"http:\/\/www.cobayous.com\/site\/wp-json\/wp\/v2\/pages"}],"about":[{"href":"http:\/\/www.cobayous.com\/site\/wp-json\/wp\/v2\/types\/page"}],"author":[{"embeddable":true,"href":"http:\/\/www.cobayous.com\/site\/wp-json\/wp\/v2\/users\/1"}],"replies":[{"embeddable":true,"href":"http:\/\/www.cobayous.com\/site\/wp-json\/wp\/v2\/comments?post=30"}],"version-history":[{"count":0,"href":"http:\/\/www.cobayous.com\/site\/wp-json\/wp\/v2\/pages\/30\/revisions"}],"wp:attachment":[{"href":"http:\/\/www.cobayous.com\/site\/wp-json\/wp\/v2\/media?parent=30"}],"curies":[{"name":"wp","href":"https:\/\/api.w.org\/{rel}","templated":true}]}}