{"id":2416,"date":"2012-04-07T15:06:45","date_gmt":"2012-04-07T14:06:45","guid":{"rendered":"http:\/\/www.cobayous.com\/site\/?page_id=2416"},"modified":"2012-04-24T15:04:58","modified_gmt":"2012-04-24T14:04:58","slug":"la-chasse-est-ouverte","status":"publish","type":"page","link":"http:\/\/www.cobayous.com\/site\/la-chasse-est-ouverte\/","title":{"rendered":"La chasse est ouverte !"},"content":{"rendered":"<h2><img loading=\"lazy\" decoding=\"async\" class=\"alignright size-medium wp-image-2417\" title=\"egg-hunt-full\" src=\"http:\/\/www.cobayous.com\/site\/wp-content\/uploads\/2012\/04\/egg-hunt-full-290x300.jpg\" alt=\"\" width=\"290\" height=\"300\" srcset=\"http:\/\/www.cobayous.com\/site\/wp-content\/uploads\/2012\/04\/egg-hunt-full-290x300.jpg 290w, http:\/\/www.cobayous.com\/site\/wp-content\/uploads\/2012\/04\/egg-hunt-full-96x100.jpg 96w, http:\/\/www.cobayous.com\/site\/wp-content\/uploads\/2012\/04\/egg-hunt-full.jpg 500w\" sizes=\"auto, (max-width: 290px) 100vw, 290px\" \/><span style=\"color: #ff6600;\">Salut \u00e0 toi chercheur d&rsquo;oeufs !<\/span><\/h2>\n<h4>La 28 Mars 2012, c&rsquo;\u00e9tait l&rsquo;anniversaire du site de Pom&amp;Lolo qui a f\u00eat\u00e9 ses 9 ans. Comme P\u00e2ques \u00e9tait assez proche de cette date, j&rsquo;ai d\u00e9cid\u00e9 de vous <span style=\"text-decoration: line-through;\">cocoter<\/span> concocter une petite surprise.<\/h4>\n<h4><span style=\"color: #3366ff;\"><strong>20 \u0153ufs ont \u00e9t\u00e9 cach\u00e9s!<\/strong><\/span><\/h4>\n<h4>Il y en a 16 sur cobayous.com (site &amp; forum) et 4 sur les sites \/ blogs de l&rsquo;\u00e9quipe. <span style=\"color: #ff0000;\">Indices en bas de page <span class=\"wp-font-emots-emo-wink\"><\/span><\/span><\/h4>\n<h4><span style=\"color: #ff0000;\">4<\/span> de ces \u0153ufs m\u00e8nent vers des <span style=\"color: #3366ff;\"><strong>pages de questions<\/strong><\/span>, questions auxquelles il vous faudra r\u00e9pondre et qui nous permettra de <strong><span style=\"color: #3366ff;\">d\u00e9partager les gagnants<\/span>.<\/strong><\/h4>\n<h4>Si plusieurs personnes trouvent tous les \u0153ufs et r\u00e9pondent correctement \u00e0 toutes les questions, <span style=\"color: #3366ff;\"><strong>un tirage au sort sera effectu\u00e9<\/strong><\/span>.<\/h4>\n<h4>Vous avez <span style=\"color: #3366ff;\">17 jours pour les retrouver<\/span> (du 8 Avril 2012 au 24 Avril 2012 jusque 13h00)<\/h4>\n<h4>Ce jeu est accessible \u00e0 tous, <span style=\"color: #3366ff;\">pas besoin d&rsquo;\u00eatre membre pour y jouer<\/span> car tous les \u0153ufs sont visibles!<\/h4>\n<h4>Je pr\u00e9cise que sur le forum, les oeufs ne sont jamais cach\u00e9s plus loin que sur la premi\u00e8re page des forums <span class=\"wp-font-emots-emo-wink\"><\/span><\/h4>\n<h4><span style=\"color: #993366;\">N&rsquo;h\u00e9sitez pas \u00e0 en parler autour de vous <span class=\"wp-font-emots-emo-wink\"><\/span><\/span><\/h4>\n<h4><span style=\"text-decoration: underline;\"><span style=\"color: #008080; text-decoration: underline;\"><strong>Je r\u00e9capitule donc :<\/strong><\/span><\/span><\/h4>\n<ul>\n<li>\n<h4><span style=\"color: #008080;\"><strong><span style=\"color: #ff0000;\">trouvez le plus d\u2019\u0153ufs possible<\/span> (20 au total) et noter les url des pages o\u00f9 vous les avez trouv\u00e9s.<\/strong><\/span><\/h4>\n<\/li>\n<li>\n<h4><span style=\"color: #008080;\"><strong>r\u00e9pondez aux questions pos\u00e9es<\/strong><\/span><\/h4>\n<\/li>\n<li>\n<h4><span style=\"color: #008080;\"><strong>envoyez tout \u00e7a via le formulaire <a href=\"#bottom\">en bas de la page<\/a><\/strong><\/span><\/h4>\n<\/li>\n<\/ul>\n<h4><strong><span style=\"color: #ff0000;\">Il y a un an d&rsquo;abonnement \u00e0 Minizoo \u00e0 gagner!<\/span><\/strong><\/h4>\n <p> <a name=\"bottom\"><\/a><a href=\"http:\/\/www.minizoo.fr\" target=\"_blank\"><img decoding=\"async\" title=\"Banni\u00e8re Minizoo.fr\" src=\"http:\/\/www.minizoo.fr\/banniere_minizoo.jpg\" alt=\"Lien vers Minizoo.fr\" \/><\/a> <\/p> \n<h4><span style=\"color: #008000;\">Des questions? Posez-les en commentaire de cette page ou sur notre page <a href=\"https:\/\/www.facebook.com\/pages\/CobayousCom\/183193043397\" target=\"_blank\"><img loading=\"lazy\" decoding=\"async\" class=\"alignnone size-full wp-image-2469\" title=\"Rejoingez-nous sur facebook!\" src=\"http:\/\/www.cobayous.com\/site\/wp-content\/uploads\/2012\/04\/iconfb.jpg\" alt=\"\" width=\"16\" height=\"16\" \/><\/a> <br \/> \n<\/span><\/h4>\n<h4><span style=\"text-decoration: underline;\"><span style=\"color: #333399; text-decoration: underline;\">INDICES :<\/span><\/span><\/h4>\n<ul>\n<li>\n<h4>Sur le forum, les cobayes aiment assez chanter !<\/h4>\n<\/li>\n<li>\n<h4>Sur les 16 \u0153ufs cach\u00e9s sur cobayous.com, 7 le sont sur le forum.<\/h4>\n<\/li>\n<li>\n<h4>Sur l&rsquo;<a href=\"http:\/\/www.cobayous.com\/forum\" target=\"_blank\">accueil du forum<\/a>, 3 liens te m\u00e8neront directement \u00e0 un \u0153uf<\/h4>\n<\/li>\n<li>\n<h4>Les oeufs, \u00e7a se mange. Tu en trouveras donc <span style=\"color: #800080;\">2<\/span> dans la rubrique alimentation du forum <span class=\"wp-font-emots-emo-wink\"><\/span><\/h4>\n<\/li>\n<li>\n<h4>Vas donc jeter un coup d&rsquo;oeil dans les galeries \u00e0 th\u00e8me du site <span class=\"wp-font-emots-emo-laugh\"><\/span><\/h4>\n<\/li>\n<li>\n<h4>Une recherche sur le site avec le mot \u00ab\u00a0paques\u00a0\u00bb devrait t&rsquo;\u00eatre utile <span class=\"wp-font-emots-emo-wink\"><\/span><\/h4>\n<\/li>\n<li>\n<h4>Beaucoup de choses \u00e0 trouver dans <a title=\"Dossiers\" href=\"http:\/\/www.cobayous.com\/site\/les-dossiers\/\">les dossiers<\/a> du site <span class=\"wp-font-emots-emo-happy\"><\/span><\/h4>\n<\/li>\n<li>\n<h4>N&rsquo;h\u00e9sites pas \u00e0 chercher un peu dans les sujets importants du forum (post-it et \/ ou annonces)<\/h4>\n<\/li>\n<li>\n<h4>Pr\u00e9cision : sur le forum, les oeufs ne sont jamais cach\u00e9s plus loin que sur la premi\u00e8re page des forums <span class=\"wp-font-emots-emo-wink\"><\/span><\/h4>\n<\/li>\n<li>\n<h4>Sur les blogs de l&rsquo;\u00e9quipe, \u00e7a ne d\u00e9passe pas les 15 derniers articles donc pas la peine d&rsquo;aller chercher trop loin <span class=\"wp-font-emots-emo-wink\"><\/span><\/h4>\n<\/li>\n<li>\n<h4>La transition, c&rsquo;est important sur le forum, surtout quand il s&rsquo;agit de nourriture <span class=\"wp-font-emots-emo-wink\"><\/span><\/h4>\n<\/li>\n<li>\n<h4>Attention aux maladies contagieuses! Vous savez qu&rsquo;il y a des pr\u00e9cautions \u00e0 prendre ?<\/h4>\n<\/li>\n<\/ul>\n <p> <script type=\"text\/javascript\">\/\/ <![CDATA[\n         google_ad_client = \"ca-pub-3631834167777130\"; \/* chasse-oeufs *\/ google_ad_slot = \"5180133277\"; google_ad_width = 728; google_ad_height = 90;\n\/\/ ]]><\/script> <br \/> \n<script type=\"text\/javascript\" src=\"http:\/\/pagead2.googlesyndication.com\/pagead\/show_ads.js\">\/\/ <![CDATA[\n\n\n\/\/ \n\/\/ ]]><\/script> <\/p> \n","protected":false},"excerpt":{"rendered":" <p> Salut \u00e0 toi chercheur d&rsquo;oeufs ! La 28 Mars 2012, c&rsquo;\u00e9tait l&rsquo;anniversaire du site de Pom&amp;Lolo qui a f\u00eat\u00e9 ses 9 ans. Comme P\u00e2ques \u00e9tait assez proche de cette date,&#8230; <a href=\"http:\/\/www.cobayous.com\/site\/la-chasse-est-ouverte\/\">Read more &raquo;<\/a> <\/p> \n","protected":false},"author":1,"featured_media":0,"parent":0,"menu_order":0,"comment_status":"open","ping_status":"closed","template":"pg-tpl-1-left-sidebar.php","meta":{"ngg_post_thumbnail":0,"footnotes":""},"class_list":["post-2416","page","type-page","status-publish","hentry"],"yoast_head":"<!-- This site is optimized with the Yoast SEO plugin v27.1.1 - https:\/\/yoast.com\/product\/yoast-seo-wordpress\/ -->\n<title>La chasse est ouverte ! - Les Cobayes Pom&amp;Lolo<\/title>\n<meta name=\"robots\" content=\"index, follow, max-snippet:-1, max-image-preview:large, max-video-preview:-1\" \/>\n<link rel=\"canonical\" href=\"http:\/\/www.cobayous.com\/site\/la-chasse-est-ouverte\/\" \/>\n<meta property=\"og:locale\" content=\"fr_FR\" \/>\n<meta property=\"og:type\" content=\"article\" \/>\n<meta property=\"og:title\" content=\"La chasse est ouverte ! - Les Cobayes Pom&amp;Lolo\" \/>\n<meta property=\"og:description\" content=\"Salut \u00e0 toi chercheur d&rsquo;oeufs ! La 28 Mars 2012, c&rsquo;\u00e9tait l&rsquo;anniversaire du site de Pom&amp;Lolo qui a f\u00eat\u00e9 ses 9 ans. Comme P\u00e2ques \u00e9tait assez proche de cette date,... Read more &raquo;\" \/>\n<meta property=\"og:url\" content=\"http:\/\/www.cobayous.com\/site\/la-chasse-est-ouverte\/\" \/>\n<meta property=\"og:site_name\" content=\"Les Cobayes Pom&amp;Lolo\" \/>\n<meta property=\"article:modified_time\" content=\"2012-04-24T14:04:58+00:00\" \/>\n<meta property=\"og:image\" content=\"http:\/\/www.cobayous.com\/site\/wp-content\/uploads\/2012\/04\/egg-hunt-full-290x300.jpg\" \/>\n<meta name=\"twitter:card\" content=\"summary_large_image\" \/>\n<meta name=\"twitter:label1\" content=\"Dur\u00e9e de lecture estim\u00e9e\" \/>\n\t<meta name=\"twitter:data1\" content=\"2 minutes\" \/>\n<script type=\"application\/ld+json\" class=\"yoast-schema-graph\">{\"@context\":\"https:\/\/schema.org\",\"@graph\":[{\"@type\":\"WebPage\",\"@id\":\"http:\/\/www.cobayous.com\/site\/la-chasse-est-ouverte\/\",\"url\":\"http:\/\/www.cobayous.com\/site\/la-chasse-est-ouverte\/\",\"name\":\"La chasse est ouverte ! - Les Cobayes Pom&amp;Lolo\",\"isPartOf\":{\"@id\":\"http:\/\/www.cobayous.com\/site\/#website\"},\"primaryImageOfPage\":{\"@id\":\"http:\/\/www.cobayous.com\/site\/la-chasse-est-ouverte\/#primaryimage\"},\"image\":{\"@id\":\"http:\/\/www.cobayous.com\/site\/la-chasse-est-ouverte\/#primaryimage\"},\"thumbnailUrl\":\"http:\/\/www.cobayous.com\/site\/wp-content\/uploads\/2012\/04\/egg-hunt-full-290x300.jpg\",\"datePublished\":\"2012-04-07T14:06:45+00:00\",\"dateModified\":\"2012-04-24T14:04:58+00:00\",\"breadcrumb\":{\"@id\":\"http:\/\/www.cobayous.com\/site\/la-chasse-est-ouverte\/#breadcrumb\"},\"inLanguage\":\"fr-FR\",\"potentialAction\":[{\"@type\":\"ReadAction\",\"target\":[\"http:\/\/www.cobayous.com\/site\/la-chasse-est-ouverte\/\"]}]},{\"@type\":\"ImageObject\",\"inLanguage\":\"fr-FR\",\"@id\":\"http:\/\/www.cobayous.com\/site\/la-chasse-est-ouverte\/#primaryimage\",\"url\":\"http:\/\/www.cobayous.com\/site\/wp-content\/uploads\/2012\/04\/egg-hunt-full.jpg\",\"contentUrl\":\"http:\/\/www.cobayous.com\/site\/wp-content\/uploads\/2012\/04\/egg-hunt-full.jpg\",\"width\":\"500\",\"height\":\"516\"},{\"@type\":\"BreadcrumbList\",\"@id\":\"http:\/\/www.cobayous.com\/site\/la-chasse-est-ouverte\/#breadcrumb\",\"itemListElement\":[{\"@type\":\"ListItem\",\"position\":1,\"name\":\"Accueil\",\"item\":\"http:\/\/www.cobayous.com\/site\/\"},{\"@type\":\"ListItem\",\"position\":2,\"name\":\"La chasse est ouverte !\"}]},{\"@type\":\"WebSite\",\"@id\":\"http:\/\/www.cobayous.com\/site\/#website\",\"url\":\"http:\/\/www.cobayous.com\/site\/\",\"name\":\"Les Cobayes Pom&Lolo\",\"description\":\"\",\"publisher\":{\"@id\":\"http:\/\/www.cobayous.com\/site\/#organization\"},\"potentialAction\":[{\"@type\":\"SearchAction\",\"target\":{\"@type\":\"EntryPoint\",\"urlTemplate\":\"http:\/\/www.cobayous.com\/site\/?s={search_term_string}\"},\"query-input\":{\"@type\":\"PropertyValueSpecification\",\"valueRequired\":true,\"valueName\":\"search_term_string\"}}],\"inLanguage\":\"fr-FR\"},{\"@type\":\"Organization\",\"@id\":\"http:\/\/www.cobayous.com\/site\/#organization\",\"name\":\"Les Cobayes Pom&Lolo\",\"url\":\"http:\/\/www.cobayous.com\/site\/\",\"logo\":{\"@type\":\"ImageObject\",\"inLanguage\":\"fr-FR\",\"@id\":\"http:\/\/www.cobayous.com\/site\/#\/schema\/logo\/image\/\",\"url\":\"http:\/\/www.cobayous.com\/site\/wp-content\/uploads\/2024\/01\/header-bg.png\",\"contentUrl\":\"http:\/\/www.cobayous.com\/site\/wp-content\/uploads\/2024\/01\/header-bg.png\",\"width\":1022,\"height\":250,\"caption\":\"Les Cobayes Pom&Lolo\"},\"image\":{\"@id\":\"http:\/\/www.cobayous.com\/site\/#\/schema\/logo\/image\/\"}}]}<\/script>\n<!-- \/ Yoast SEO plugin. -->","yoast_head_json":{"title":"La chasse est ouverte ! - Les Cobayes Pom&amp;Lolo","robots":{"index":"index","follow":"follow","max-snippet":"max-snippet:-1","max-image-preview":"max-image-preview:large","max-video-preview":"max-video-preview:-1"},"canonical":"http:\/\/www.cobayous.com\/site\/la-chasse-est-ouverte\/","og_locale":"fr_FR","og_type":"article","og_title":"La chasse est ouverte ! - Les Cobayes Pom&amp;Lolo","og_description":"Salut \u00e0 toi chercheur d&rsquo;oeufs ! La 28 Mars 2012, c&rsquo;\u00e9tait l&rsquo;anniversaire du site de Pom&amp;Lolo qui a f\u00eat\u00e9 ses 9 ans. Comme P\u00e2ques \u00e9tait assez proche de cette date,... Read more &raquo;","og_url":"http:\/\/www.cobayous.com\/site\/la-chasse-est-ouverte\/","og_site_name":"Les Cobayes Pom&amp;Lolo","article_modified_time":"2012-04-24T14:04:58+00:00","og_image":[{"url":"http:\/\/www.cobayous.com\/site\/wp-content\/uploads\/2012\/04\/egg-hunt-full-290x300.jpg","type":"","width":"","height":""}],"twitter_card":"summary_large_image","twitter_misc":{"Dur\u00e9e de lecture estim\u00e9e":"2 minutes"},"schema":{"@context":"https:\/\/schema.org","@graph":[{"@type":"WebPage","@id":"http:\/\/www.cobayous.com\/site\/la-chasse-est-ouverte\/","url":"http:\/\/www.cobayous.com\/site\/la-chasse-est-ouverte\/","name":"La chasse est ouverte ! - Les Cobayes Pom&amp;Lolo","isPartOf":{"@id":"http:\/\/www.cobayous.com\/site\/#website"},"primaryImageOfPage":{"@id":"http:\/\/www.cobayous.com\/site\/la-chasse-est-ouverte\/#primaryimage"},"image":{"@id":"http:\/\/www.cobayous.com\/site\/la-chasse-est-ouverte\/#primaryimage"},"thumbnailUrl":"http:\/\/www.cobayous.com\/site\/wp-content\/uploads\/2012\/04\/egg-hunt-full-290x300.jpg","datePublished":"2012-04-07T14:06:45+00:00","dateModified":"2012-04-24T14:04:58+00:00","breadcrumb":{"@id":"http:\/\/www.cobayous.com\/site\/la-chasse-est-ouverte\/#breadcrumb"},"inLanguage":"fr-FR","potentialAction":[{"@type":"ReadAction","target":["http:\/\/www.cobayous.com\/site\/la-chasse-est-ouverte\/"]}]},{"@type":"ImageObject","inLanguage":"fr-FR","@id":"http:\/\/www.cobayous.com\/site\/la-chasse-est-ouverte\/#primaryimage","url":"http:\/\/www.cobayous.com\/site\/wp-content\/uploads\/2012\/04\/egg-hunt-full.jpg","contentUrl":"http:\/\/www.cobayous.com\/site\/wp-content\/uploads\/2012\/04\/egg-hunt-full.jpg","width":"500","height":"516"},{"@type":"BreadcrumbList","@id":"http:\/\/www.cobayous.com\/site\/la-chasse-est-ouverte\/#breadcrumb","itemListElement":[{"@type":"ListItem","position":1,"name":"Accueil","item":"http:\/\/www.cobayous.com\/site\/"},{"@type":"ListItem","position":2,"name":"La chasse est ouverte !"}]},{"@type":"WebSite","@id":"http:\/\/www.cobayous.com\/site\/#website","url":"http:\/\/www.cobayous.com\/site\/","name":"Les Cobayes Pom&Lolo","description":"","publisher":{"@id":"http:\/\/www.cobayous.com\/site\/#organization"},"potentialAction":[{"@type":"SearchAction","target":{"@type":"EntryPoint","urlTemplate":"http:\/\/www.cobayous.com\/site\/?s={search_term_string}"},"query-input":{"@type":"PropertyValueSpecification","valueRequired":true,"valueName":"search_term_string"}}],"inLanguage":"fr-FR"},{"@type":"Organization","@id":"http:\/\/www.cobayous.com\/site\/#organization","name":"Les Cobayes Pom&Lolo","url":"http:\/\/www.cobayous.com\/site\/","logo":{"@type":"ImageObject","inLanguage":"fr-FR","@id":"http:\/\/www.cobayous.com\/site\/#\/schema\/logo\/image\/","url":"http:\/\/www.cobayous.com\/site\/wp-content\/uploads\/2024\/01\/header-bg.png","contentUrl":"http:\/\/www.cobayous.com\/site\/wp-content\/uploads\/2024\/01\/header-bg.png","width":1022,"height":250,"caption":"Les Cobayes Pom&Lolo"},"image":{"@id":"http:\/\/www.cobayous.com\/site\/#\/schema\/logo\/image\/"}}]}},"_links":{"self":[{"href":"http:\/\/www.cobayous.com\/site\/wp-json\/wp\/v2\/pages\/2416","targetHints":{"allow":["GET"]}}],"collection":[{"href":"http:\/\/www.cobayous.com\/site\/wp-json\/wp\/v2\/pages"}],"about":[{"href":"http:\/\/www.cobayous.com\/site\/wp-json\/wp\/v2\/types\/page"}],"author":[{"embeddable":true,"href":"http:\/\/www.cobayous.com\/site\/wp-json\/wp\/v2\/users\/1"}],"replies":[{"embeddable":true,"href":"http:\/\/www.cobayous.com\/site\/wp-json\/wp\/v2\/comments?post=2416"}],"version-history":[{"count":0,"href":"http:\/\/www.cobayous.com\/site\/wp-json\/wp\/v2\/pages\/2416\/revisions"}],"wp:attachment":[{"href":"http:\/\/www.cobayous.com\/site\/wp-json\/wp\/v2\/media?parent=2416"}],"curies":[{"name":"wp","href":"https:\/\/api.w.org\/{rel}","templated":true}]}}