{"id":2234,"date":"2011-01-19T13:12:31","date_gmt":"2011-01-19T12:12:31","guid":{"rendered":"http:\/\/www.cobayous.com\/site\/?page_id=2234"},"modified":"2011-06-16T13:15:55","modified_gmt":"2011-06-16T12:15:55","slug":"un-soir-de-decembre","status":"publish","type":"page","link":"http:\/\/www.cobayous.com\/site\/les-piggies\/petites-histoires\/un-soir-de-decembre\/","title":{"rendered":"Un soir de d\u00e9cembre &#8230;"},"content":{"rendered":"<div>Il  \u00e9tait une fois et oui, une fois n\u2019est pas coutume, mon conte de No\u00ebl  commencera ainsi aussi\u2026 Je disais donc, il \u00e9tait une fois une petite  fille pr\u00e9nomm\u00e9e Marguerite. Elle avait 11 ans et vivait heureuse aupr\u00e8s  de ses parents et de son fr\u00e8re ain\u00e9 Thomas ! Ils se querellaient souvent  mais ils s\u2019adoraient tout autant ! <\/p> \n <p> Marguerite \u00e9tait une petite  fille joyeuse, polie et sympathique ! Tout le monde l\u2019adorait et la  connaissait dans le village ! Elle passait le plus clair de son temps \u00e0  danser, une passion qui la d\u00e9vorait depuis pas mal d\u2019ann\u00e9es maintenant  et ce qu\u2019elle aimait par-dessus tout c\u2019\u00e9tait de s\u2019occuper de Minuit son  cochon d\u2019inde ! Elle avait eu cette petite boule de poils, un an plus  t\u00f4t le soir de No\u00ebl \u00e0 minuit pile d\u2019o\u00f9 son petit nom ! Elle en \u00e9tait  compl\u00e8tement amoureuse ! Elle savait rester des heures \u00e0 le regarder, le  c\u00e2liner et lui donner \u00e0 manger car voyez-vous, m\u00f4sieur \u00e9tait tr\u00e8s  gourmand et elle ne pouvait faire autrement que de lui donner des petits  morceaux de l\u00e9gumes (surtout de l\u2019endive son p\u00each\u00e9 mignon) par ci par  l\u00e0 dans le dos de sa maman\u2026 <\/p> \n <p> Elle donnait \u00e9galement de son temps  de temps \u00e0 autre aux villageois, surtout aux personnes \u00e2g\u00e9es. Elle  tondait les pelouses, faisait quelques courses, de la couture et autres  petits services. Cela lui permettait de gagner un peu d\u2019argent et elle  avait aussi la satisfaction de donner des sourires \u00e0 ces gens qui bien  souvent vivaient seuls sans aucune visites\u2026 <\/p> \n <p> Ce soir, nous \u00e9tions  le 23 d\u00e9cembre et Marguerite allait se coucher la t\u00eate pleine de r\u00eave !  Elle s\u2019\u00e9tait occup\u00e9e de la d\u00e9coration de la maison, elle voulait que  tout soit parfait que tout soit magique pour le r\u00e9veillon de No\u00ebl et  qu\u2019elle puisse voir des \u00e9toiles dans les yeux des gens qu\u2019elle aimait  plus que tout. <\/p> \n <p> La petite fille \u00e9tait apparemment trop excit\u00e9e  pour dormir ! Elle d\u00e9cida donc de descendre boire un verre de lait et  s\u2019installa confortablement sur une chaise dans la v\u00e9randa, et ainsi,  profita du spectacle que la neige lui procurait\u2026 <\/p> \n <p> C\u2019est \u00e0 ce  moment l\u00e0, qu\u2019elle entendit de dr\u00f4le de bruits venant du salon\u2026 Elle  s\u2019approcha doucement, alluma la lumi\u00e8re et ce qu\u2019elle vit, la stup\u00e9fia  autant que l\u2019\u00e9merveilla\u2026 <\/p> \n <p> Se tenait devant elle un cobaye v\u00eatu  d\u2019une cape rouge. Il \u00e9tait diff\u00e9rent de tous les autres qu\u2019elle avait pu  voir ! Il \u00e9tait grand beaucoup plus grand que son Minuit, il \u00e9tait de  couleur blanc et il brillait un peu \u00e0 la lumi\u00e8re. Sur son dos, il avait  un petit sac du m\u00eame rouge que son habit et il \u00e9voluait dans la pi\u00e8ce  sur ses pattes arri\u00e8res, son l\u00e9ger ventre n\u2019avait pas l\u2019air de le g\u00eaner. <\/p> \n <p> Marguerite  l\u2019observait sans rien dire mais lorsqu\u2019elle voulu s\u2019approcher pour  mieux le voir, le plancher craqua sous ses pas et le cochon d\u2019inde se  tourna doucement, un \u00e9norme sourire aux l\u00e8vres\u2026 <\/p> \n <p> &#8211; Bonjour, petite ! Je t\u2019attendais justement ! Lan\u00e7a-t-il <br \/> \n&#8211; Waouh, vous parlez ? <br \/> \n&#8211; Bien s\u00fbr petite ! Qu\u2019est-ce que tu crois ? Nous ne faisons pas que pouicker ! Rigola-t-il <br \/> \n&#8211; Que faites-vous ici ? Chez moi ? Chuchota-t-elle pour ne pas r\u00e9veiller sa famille <br \/> \n&#8211; Je viens de d\u00e9poser un petit cadeau pour ton ami Minuit ! Il avait fait sa petite demande au P\u00e8re No\u00ebl\u2026 <br \/> \n&#8211; Vous \u00eates comme une sorte de lutin de notre P\u00e8re No\u00ebl \u00e0 nous ? Demanda-t-elle surprise <br \/> \n&#8211; Hey ben non petite ! Je suis bien mieux que \u00e7a ! <br \/> \n&#8211; Racontez-moi s\u2019il vous plait ! Supplia-t-elle se rapprochant encore plus du petit animal <br \/> \n&#8211; D\u2019accord petite ! Viens \u00e0 c\u00f4t\u00e9 de moi, je vais te raconter mon histoire ! <\/p> \n <p> Elle s\u2019ex\u00e9cuta et s\u2019asseyait \u00e0 ses c\u00f4t\u00e9s\u2026 <\/p> \n <p> &#8211; Vois-tu mon enfant, je ne suis pas un simple cochon d\u2019inde. Je suppose que tu l\u2019as remarqu\u00e9\u2026 <\/p> \n <p> Elle hocha la t\u00eate pour toute r\u00e9ponse <\/p> \n <p> &#8211;  Je suis en faite, le P\u00e8re Chon\u2019o\u00ebl. Le p\u00e8re no\u00ebl de tous les chonchons !  Chaque ann\u00e9e, je fais ma tourn\u00e9e comme le fait le votre ! Sauf que moi,  je r\u00e9ponds aux demandes des animaux, plus particuli\u00e8rement pour les  rongeurs ! Et dans mon atelier, il y a des rats, des souris, des lapins,  des octodons et autres petits b\u00eates \u00e0 poils. Ils sont l\u00e0 pour m\u2019aider  et m\u2019\u00e9pauler jusqu\u2019au grand jour ! <br \/> \n&#8211; Waouh, c\u2019est magnifique ce que vous faites ! Je ne savais pas que \u00e7a existait ! <br \/> \n&#8211;  Cela fait tr\u00e8s longtemps que j\u2019exerce ce m\u00e9tier si on peut dire \u00e7a  ainsi ! Au tout d\u00e9but, j\u2019ai travaill\u00e9 avec votre P\u00e8re No\u00ebl et il m\u2019a  quasi tout appris ! Je lui en serais reconnaissant \u00e0 vie ! <br \/> \n&#8211; Vous \u00eates s\u00e9rieux ? Je pensais qu\u2019il n\u2019existait pas et que c\u2019\u00e9tait juste un conte invent\u00e9 pour faire r\u00eaver les enfants <br \/> \n&#8211;  Hey non petite ! Il existe bel et bien ! Je trouve \u00e7a dommage qu\u2019en  grandissant la plupart des enfants perdent cette part de r\u00eave et de  magie\u2026 <br \/> \n&#8211; Moi, promis j\u2019y croirais jusqu\u2019au bout maintenant ! <br \/> \n&#8211; Petite, voudrais-tu m\u2019accompagner un petit peu ? <br \/> \n&#8211; C\u2019est vrai, je peux venir ? Bondit-elle, sourire aux l\u00e8vres <br \/> \n&#8211; Oui, mais ne parle pas si fort ! J\u2019aimerais que tout \u00e7a reste secret, d\u2019accord ? <br \/> \n&#8211; Oh oui oui oui, d\u00e9sol\u00e9e ! Promis, je me ferais tout petite ! Ohhh merci, merci, merci ! Sautilla-t-elle <br \/> \n&#8211; Allez suis moi ! <br \/> \n&#8211; Mais o\u00f9 ? Et je suis bien trop grande ! <br \/> \n&#8211; Plus maintenant petite, plus maintenant ! <\/p> \n <p> Et  d\u2019un coup, elle \u00e9tait devenue aussi petite que la boule de poils ! Ils  remont\u00e8rent ensemble la chemin\u00e9e et un petit traineau attendait bien  sagement sur le toit ! Mais ce n\u2019\u00e9tait pas des rennes qui tiraient  l\u2019engin mais des gerbilles, elles \u00e9taient apparemment impatientes \u00e0  l\u2019id\u00e9e de pouvoir revoler vers un nouvel endroit\u2026 <\/p> \n <p> Elle l\u2019avait  accompagn\u00e9 un peu partout, ils avaient \u00e9t\u00e9 dans d\u2019autres familles, dans  des SPA, des animaleries\u2026 Chaque petits animaux avaient \u00e9t\u00e9 g\u00e2t\u00e9s selon  leurs envies\u2026 Elle avait \u00e9t\u00e9 heureuse d\u2019avoir pu participer \u00e0 ce beau  spectacle ! Malheureusement, il \u00e9tait temps pour elle de rentrer et de  reprendre le cours de sa vie\u2026 Apr\u00e8s avoir remerci\u00e9 une centaine de fois  le p\u00e8re Chon\u2019o\u00ebl, elle regagna sa chambre et s\u2019endormit rapidement, la  t\u00eate pleine de r\u00eave et le sourire aux l\u00e8vres\u2026 <\/p> \n <p> Le lendemain,  Marguerite s\u2019\u00e9veilla doucement, s\u2019\u00e9tira et remarqua qu\u2019elle \u00e9tait  toujours dans la v\u00e9randa, le plaid sur elle et son verre de lait vide  sur la table. Pourtant, elle se rappelait s\u2019\u00eatre endormi dans son lit\u2026  Elle se demanda donc si ce qu\u2019elle avait v\u00e9cu cette nuit s\u2019\u00e9tait bien  d\u00e9roul\u00e9 ou si c\u2019\u00e9tait juste un r\u00eave\u2026 <\/p> \n <p> En tout cas, apr\u00e8s ce songe,  elle se fit une promesse ! Celui d\u2019aider les cobayes abandonn\u00e9 dans les  SPA, les refuges et autres en leur donnant beaucoup d\u2019amour, de c\u00e2lins,  en les nourrissant, en s\u2019occupant de leurs cages\u2026 Bref, en leur  proposant tout ce dont ils avaient besoin pour \u00eatre heureux ainsi que de  leur trouver de bonnes familles\u2026 <\/p> \n <p> Marguerite tenu sa promesse jusqu\u2019\u00e0 son dernier souffle. <\/p> <\/div>\n<div><\/div>\n<div><\/div>\n<div>\n<div style=\"text-align: center;\"><span style=\"color: #ff0000;\"><strong>Cette        petite histoire est la propri\u00e9t\u00e9 de l\u2019auteur. <\/strong><\/span> <br \/> \n<span style=\"color: #ff0000;\"> <strong> Elle ne doit pas \u00eatre retrouv\u00e9e ailleurs sans autorisation.<\/strong><\/span> <br \/> \n<span style=\"color: #ff0000;\"> <strong> Merci de votre compr\u00e9hension !<\/strong><\/span><\/div>\n<\/div>\n","protected":false},"excerpt":{"rendered":" <p> Il \u00e9tait une fois et oui, une fois n\u2019est pas coutume, mon conte de No\u00ebl commencera ainsi aussi\u2026 Je disais donc, il \u00e9tait une fois une petite fille pr\u00e9nomm\u00e9e Marguerite&#8230;. <a href=\"http:\/\/www.cobayous.com\/site\/les-piggies\/petites-histoires\/un-soir-de-decembre\/\">Read more &raquo;<\/a> <\/p> \n","protected":false},"author":1,"featured_media":0,"parent":1941,"menu_order":0,"comment_status":"open","ping_status":"open","template":"","meta":{"ngg_post_thumbnail":0,"footnotes":""},"class_list":["post-2234","page","type-page","status-publish","hentry"],"yoast_head":"<!-- This site is optimized with the Yoast SEO plugin v27.1.1 - https:\/\/yoast.com\/product\/yoast-seo-wordpress\/ -->\n<title>Un soir de d\u00e9cembre ... - Les Cobayes Pom&amp;Lolo<\/title>\n<meta name=\"robots\" content=\"index, follow, max-snippet:-1, max-image-preview:large, max-video-preview:-1\" \/>\n<link rel=\"canonical\" href=\"http:\/\/www.cobayous.com\/site\/les-piggies\/petites-histoires\/un-soir-de-decembre\/\" \/>\n<meta property=\"og:locale\" content=\"fr_FR\" \/>\n<meta property=\"og:type\" content=\"article\" \/>\n<meta property=\"og:title\" content=\"Un soir de d\u00e9cembre ... - Les Cobayes Pom&amp;Lolo\" \/>\n<meta property=\"og:description\" content=\"Il \u00e9tait une fois et oui, une fois n\u2019est pas coutume, mon conte de No\u00ebl commencera ainsi aussi\u2026 Je disais donc, il \u00e9tait une fois une petite fille pr\u00e9nomm\u00e9e Marguerite.... Read more &raquo;\" \/>\n<meta property=\"og:url\" content=\"http:\/\/www.cobayous.com\/site\/les-piggies\/petites-histoires\/un-soir-de-decembre\/\" \/>\n<meta property=\"og:site_name\" content=\"Les Cobayes Pom&amp;Lolo\" \/>\n<meta property=\"article:modified_time\" content=\"2011-06-16T12:15:55+00:00\" \/>\n<meta name=\"twitter:card\" content=\"summary_large_image\" \/>\n<meta name=\"twitter:label1\" content=\"Dur\u00e9e de lecture estim\u00e9e\" \/>\n\t<meta name=\"twitter:data1\" content=\"6 minutes\" \/>\n<script type=\"application\/ld+json\" class=\"yoast-schema-graph\">{\"@context\":\"https:\/\/schema.org\",\"@graph\":[{\"@type\":\"WebPage\",\"@id\":\"http:\/\/www.cobayous.com\/site\/les-piggies\/petites-histoires\/un-soir-de-decembre\/\",\"url\":\"http:\/\/www.cobayous.com\/site\/les-piggies\/petites-histoires\/un-soir-de-decembre\/\",\"name\":\"Un soir de d\u00e9cembre ... - Les Cobayes Pom&amp;Lolo\",\"isPartOf\":{\"@id\":\"http:\/\/www.cobayous.com\/site\/#website\"},\"datePublished\":\"2011-01-19T12:12:31+00:00\",\"dateModified\":\"2011-06-16T12:15:55+00:00\",\"breadcrumb\":{\"@id\":\"http:\/\/www.cobayous.com\/site\/les-piggies\/petites-histoires\/un-soir-de-decembre\/#breadcrumb\"},\"inLanguage\":\"fr-FR\",\"potentialAction\":[{\"@type\":\"ReadAction\",\"target\":[\"http:\/\/www.cobayous.com\/site\/les-piggies\/petites-histoires\/un-soir-de-decembre\/\"]}]},{\"@type\":\"BreadcrumbList\",\"@id\":\"http:\/\/www.cobayous.com\/site\/les-piggies\/petites-histoires\/un-soir-de-decembre\/#breadcrumb\",\"itemListElement\":[{\"@type\":\"ListItem\",\"position\":1,\"name\":\"Accueil\",\"item\":\"http:\/\/www.cobayous.com\/site\/\"},{\"@type\":\"ListItem\",\"position\":2,\"name\":\"Piggies\",\"item\":\"http:\/\/www.cobayous.com\/site\/les-piggies\/\"},{\"@type\":\"ListItem\",\"position\":3,\"name\":\"Les petites histoires\",\"item\":\"http:\/\/www.cobayous.com\/site\/les-piggies\/petites-histoires\/\"},{\"@type\":\"ListItem\",\"position\":4,\"name\":\"Un soir de d\u00e9cembre &#8230;\"}]},{\"@type\":\"WebSite\",\"@id\":\"http:\/\/www.cobayous.com\/site\/#website\",\"url\":\"http:\/\/www.cobayous.com\/site\/\",\"name\":\"Les Cobayes Pom&Lolo\",\"description\":\"\",\"publisher\":{\"@id\":\"http:\/\/www.cobayous.com\/site\/#organization\"},\"potentialAction\":[{\"@type\":\"SearchAction\",\"target\":{\"@type\":\"EntryPoint\",\"urlTemplate\":\"http:\/\/www.cobayous.com\/site\/?s={search_term_string}\"},\"query-input\":{\"@type\":\"PropertyValueSpecification\",\"valueRequired\":true,\"valueName\":\"search_term_string\"}}],\"inLanguage\":\"fr-FR\"},{\"@type\":\"Organization\",\"@id\":\"http:\/\/www.cobayous.com\/site\/#organization\",\"name\":\"Les Cobayes Pom&Lolo\",\"url\":\"http:\/\/www.cobayous.com\/site\/\",\"logo\":{\"@type\":\"ImageObject\",\"inLanguage\":\"fr-FR\",\"@id\":\"http:\/\/www.cobayous.com\/site\/#\/schema\/logo\/image\/\",\"url\":\"http:\/\/www.cobayous.com\/site\/wp-content\/uploads\/2024\/01\/header-bg.png\",\"contentUrl\":\"http:\/\/www.cobayous.com\/site\/wp-content\/uploads\/2024\/01\/header-bg.png\",\"width\":1022,\"height\":250,\"caption\":\"Les Cobayes Pom&Lolo\"},\"image\":{\"@id\":\"http:\/\/www.cobayous.com\/site\/#\/schema\/logo\/image\/\"}}]}<\/script>\n<!-- \/ Yoast SEO plugin. -->","yoast_head_json":{"title":"Un soir de d\u00e9cembre ... - Les Cobayes Pom&amp;Lolo","robots":{"index":"index","follow":"follow","max-snippet":"max-snippet:-1","max-image-preview":"max-image-preview:large","max-video-preview":"max-video-preview:-1"},"canonical":"http:\/\/www.cobayous.com\/site\/les-piggies\/petites-histoires\/un-soir-de-decembre\/","og_locale":"fr_FR","og_type":"article","og_title":"Un soir de d\u00e9cembre ... - Les Cobayes Pom&amp;Lolo","og_description":"Il \u00e9tait une fois et oui, une fois n\u2019est pas coutume, mon conte de No\u00ebl commencera ainsi aussi\u2026 Je disais donc, il \u00e9tait une fois une petite fille pr\u00e9nomm\u00e9e Marguerite.... Read more &raquo;","og_url":"http:\/\/www.cobayous.com\/site\/les-piggies\/petites-histoires\/un-soir-de-decembre\/","og_site_name":"Les Cobayes Pom&amp;Lolo","article_modified_time":"2011-06-16T12:15:55+00:00","twitter_card":"summary_large_image","twitter_misc":{"Dur\u00e9e de lecture estim\u00e9e":"6 minutes"},"schema":{"@context":"https:\/\/schema.org","@graph":[{"@type":"WebPage","@id":"http:\/\/www.cobayous.com\/site\/les-piggies\/petites-histoires\/un-soir-de-decembre\/","url":"http:\/\/www.cobayous.com\/site\/les-piggies\/petites-histoires\/un-soir-de-decembre\/","name":"Un soir de d\u00e9cembre ... - Les Cobayes Pom&amp;Lolo","isPartOf":{"@id":"http:\/\/www.cobayous.com\/site\/#website"},"datePublished":"2011-01-19T12:12:31+00:00","dateModified":"2011-06-16T12:15:55+00:00","breadcrumb":{"@id":"http:\/\/www.cobayous.com\/site\/les-piggies\/petites-histoires\/un-soir-de-decembre\/#breadcrumb"},"inLanguage":"fr-FR","potentialAction":[{"@type":"ReadAction","target":["http:\/\/www.cobayous.com\/site\/les-piggies\/petites-histoires\/un-soir-de-decembre\/"]}]},{"@type":"BreadcrumbList","@id":"http:\/\/www.cobayous.com\/site\/les-piggies\/petites-histoires\/un-soir-de-decembre\/#breadcrumb","itemListElement":[{"@type":"ListItem","position":1,"name":"Accueil","item":"http:\/\/www.cobayous.com\/site\/"},{"@type":"ListItem","position":2,"name":"Piggies","item":"http:\/\/www.cobayous.com\/site\/les-piggies\/"},{"@type":"ListItem","position":3,"name":"Les petites histoires","item":"http:\/\/www.cobayous.com\/site\/les-piggies\/petites-histoires\/"},{"@type":"ListItem","position":4,"name":"Un soir de d\u00e9cembre &#8230;"}]},{"@type":"WebSite","@id":"http:\/\/www.cobayous.com\/site\/#website","url":"http:\/\/www.cobayous.com\/site\/","name":"Les Cobayes Pom&Lolo","description":"","publisher":{"@id":"http:\/\/www.cobayous.com\/site\/#organization"},"potentialAction":[{"@type":"SearchAction","target":{"@type":"EntryPoint","urlTemplate":"http:\/\/www.cobayous.com\/site\/?s={search_term_string}"},"query-input":{"@type":"PropertyValueSpecification","valueRequired":true,"valueName":"search_term_string"}}],"inLanguage":"fr-FR"},{"@type":"Organization","@id":"http:\/\/www.cobayous.com\/site\/#organization","name":"Les Cobayes Pom&Lolo","url":"http:\/\/www.cobayous.com\/site\/","logo":{"@type":"ImageObject","inLanguage":"fr-FR","@id":"http:\/\/www.cobayous.com\/site\/#\/schema\/logo\/image\/","url":"http:\/\/www.cobayous.com\/site\/wp-content\/uploads\/2024\/01\/header-bg.png","contentUrl":"http:\/\/www.cobayous.com\/site\/wp-content\/uploads\/2024\/01\/header-bg.png","width":1022,"height":250,"caption":"Les Cobayes Pom&Lolo"},"image":{"@id":"http:\/\/www.cobayous.com\/site\/#\/schema\/logo\/image\/"}}]}},"_links":{"self":[{"href":"http:\/\/www.cobayous.com\/site\/wp-json\/wp\/v2\/pages\/2234","targetHints":{"allow":["GET"]}}],"collection":[{"href":"http:\/\/www.cobayous.com\/site\/wp-json\/wp\/v2\/pages"}],"about":[{"href":"http:\/\/www.cobayous.com\/site\/wp-json\/wp\/v2\/types\/page"}],"author":[{"embeddable":true,"href":"http:\/\/www.cobayous.com\/site\/wp-json\/wp\/v2\/users\/1"}],"replies":[{"embeddable":true,"href":"http:\/\/www.cobayous.com\/site\/wp-json\/wp\/v2\/comments?post=2234"}],"version-history":[{"count":0,"href":"http:\/\/www.cobayous.com\/site\/wp-json\/wp\/v2\/pages\/2234\/revisions"}],"up":[{"embeddable":true,"href":"http:\/\/www.cobayous.com\/site\/wp-json\/wp\/v2\/pages\/1941"}],"wp:attachment":[{"href":"http:\/\/www.cobayous.com\/site\/wp-json\/wp\/v2\/media?parent=2234"}],"curies":[{"name":"wp","href":"https:\/\/api.w.org\/{rel}","templated":true}]}}