{"id":2083,"date":"2011-06-11T17:54:36","date_gmt":"2011-06-11T16:54:36","guid":{"rendered":"http:\/\/www.cobayous.com\/site\/?page_id=2083"},"modified":"2016-04-13T21:56:04","modified_gmt":"2016-04-13T20:56:04","slug":"calendrier-2008","status":"publish","type":"page","link":"http:\/\/www.cobayous.com\/site\/goodies\/telechargements\/les-calendriers\/calendrier-2008\/","title":{"rendered":"Calendrier 2008"},"content":{"rendered":"<h2 style=\"text-align: center;\"><span style=\"text-decoration: underline;\"><span style=\"color: #3366ff;\"><strong>Version imprimable<\/strong><\/span><\/span><\/h2>\n <p> &nbsp; <\/p> \n <p> <img loading=\"lazy\" decoding=\"async\" title=\"2008-calendriers_imprim.jpg\" src=\"\/site\/wp-content\/uploads\/goodies\/calendriers\/2008-calendriers_imprim.jpg\" border=\"0\" alt=\"2008-calendriers_imprim.jpg\" width=\"618\" height=\"634\" \/> <\/p> \n <p> &nbsp; <\/p> \n <p> Description: Fichier                        zip contenant les 12 mois du calendrier \u00e0 imprimer <br \/> \n{filelink=7} <br \/> \n<a href=\"http:\/\/www.cobayous.com\/site\/goodies\/telechargements\/les-calendriers\/calendrier-2008\/2\/\">Cr\u00e9dits photos<\/a> <br \/> \n <!--nextpage-->  <\/p> \n<h2><span style=\"color: #3366ff;\">Cr\u00e9dits photo et remerciements pour le calendrier 2008<\/span><\/h2>\n <p> Par cette page, je tiens \u00e0 remercier les membres qui ont contribu\u00e9            au calendrier en me laissant utiliser leur photo. <br \/> \nUne grande pens\u00e9e \u00e0 Noix de Coco, petit poilu sans poils            qui est parti trop vite. <br \/> \nPens\u00e9e \u00e9galement \u00e0 mes deux petits anges du mois            de D\u00e9cembre, Sita et Zor\u00ebll, qui m&rsquo;ont quitt\u00e9 cette            ann\u00e9e. <\/p> \n <p> <span style=\"text-decoration: underline;\"><strong>Janvier 2008 :<\/strong><\/span> <br \/> \nPouiik                    de Westie92 : KAEDE <br \/> \n<img loading=\"lazy\" decoding=\"async\" src=\"\/site\/wp-content\/uploads\/goodies\/calendriers\/siteweb.gif\" alt=\"\" width=\"16\" height=\"16\" align=\"absbottom\" \/> \/ <\/p> \n <p> <span style=\"text-decoration: underline;\"><strong>F\u00e9vrier 2008 : <\/strong><\/span> <br \/> \nPouiiks de Petitange et Pomelo : Flocon et Pom <br \/> \n<img loading=\"lazy\" decoding=\"async\" src=\"\/site\/wp-content\/uploads\/goodies\/calendriers\/siteweb.gif\" alt=\"\" width=\"16\" height=\"16\" align=\"absbottom\" \/> <a href=\"http:\/\/www.cobayous.com\/site\" target=\"_blank\">http:\/\/www.cobayous.com\/site<\/a> <\/p> \n <p> <span style=\"text-decoration: underline;\"><strong>Mars 2008 :<\/strong><\/span> <br \/> \nLapin de Pomelo : Mr Cracotte <br \/> \n<img loading=\"lazy\" decoding=\"async\" src=\"\/site\/wp-content\/uploads\/goodies\/calendriers\/siteweb.gif\" alt=\"\" width=\"16\" height=\"16\" align=\"absbottom\" \/> <a href=\"http:\/\/www.cobayous.com\/site\" target=\"_blank\">http:\/\/www.cobayous.com\/site<\/a> <\/p> \n <p> <span style=\"text-decoration: underline;\"><strong>Avril 2008 : <\/strong><\/span> <br \/> \nPouiik de Crolle : Noix de Coco <br \/> \n<img loading=\"lazy\" decoding=\"async\" src=\"\/site\/wp-content\/uploads\/goodies\/calendriers\/siteweb.gif\" alt=\"\" width=\"16\" height=\"16\" align=\"absbottom\" \/> <a href=\"http:\/\/www.cobayesdeloasis.com\/\" target=\"_blank\">http:\/\/www.cobayesdeloasis.com\/<\/a> <\/p> \n <p> <span style=\"text-decoration: underline;\"><strong>Mai 2008 : <\/strong><\/span> <br \/> \nPouiik de Sofinette : Gandalf, fillot de Pomelo <span class=\"wp-font-emots-emo-tongue\"><\/span> <br \/> \n<img loading=\"lazy\" decoding=\"async\" src=\"\/site\/wp-content\/uploads\/goodies\/calendriers\/siteweb.gif\" alt=\"\" width=\"16\" height=\"16\" align=\"absbottom\" \/> \/ <\/p> \n <p> <span style=\"text-decoration: underline;\"><strong>Juin 2008 : <\/strong><\/span> <br \/> \nPouiik de Pomelo : Ana\u00efs et Pom <br \/> \n<img loading=\"lazy\" decoding=\"async\" src=\"\/site\/wp-content\/uploads\/goodies\/calendriers\/siteweb.gif\" alt=\"\" width=\"16\" height=\"16\" align=\"absbottom\" \/> <a href=\"http:\/\/www.cobayous.com\/site\" target=\"_blank\">http:\/\/www.cobayous.com\/site<\/a> <\/p> \n <p> <span style=\"text-decoration: underline;\"><strong>Juillet 2008 : <\/strong><\/span> <br \/> \nPouiik de Pomelo : Zor\u00ebll <br \/> \n<img loading=\"lazy\" decoding=\"async\" src=\"\/site\/wp-content\/uploads\/goodies\/calendriers\/siteweb.gif\" alt=\"\" width=\"16\" height=\"16\" align=\"absbottom\" \/> <a href=\"http:\/\/www.cobayous.com\/site\" target=\"_blank\">http:\/\/www.cobayous.com\/site<\/a> <\/p> \n <p> <span style=\"text-decoration: underline;\"><strong>Ao\u00fbt 2008 : <\/strong><\/span> <br \/> \nPouiik de Petitange : Gripoil <br \/> \n<img loading=\"lazy\" decoding=\"async\" src=\"\/site\/wp-content\/uploads\/goodies\/calendriers\/siteweb.gif\" alt=\"\" width=\"16\" height=\"16\" align=\"absbottom\" \/> \/ <\/p> \n <p> <span style=\"text-decoration: underline;\"><strong>Septembre 2008 : <\/strong><\/span> <br \/> \nChiens de Pomelo : Sa\u00efki et Uchiki-Na <br \/> \n<img loading=\"lazy\" decoding=\"async\" src=\"\/site\/wp-content\/uploads\/goodies\/calendriers\/siteweb.gif\" alt=\"\" width=\"16\" height=\"16\" align=\"absbottom\" \/> <a href=\"http:\/\/www.akita-inu.org\/\" target=\"_blank\">http:\/\/www.akita-inu.org<\/a> <\/p> \n <p> <span style=\"text-decoration: underline;\"><strong>Octobre 2008 : <\/strong><\/span> <br \/> \nPouiik de Pinky : Dudu <br \/> \n<img loading=\"lazy\" decoding=\"async\" src=\"\/site\/wp-content\/uploads\/goodies\/calendriers\/siteweb.gif\" alt=\"\" width=\"16\" height=\"16\" align=\"absbottom\" \/> <a href=\"http:\/\/pouikpouiky.skyrock.com\/\" target=\"_blank\">http:\/\/pouikpouiky.skyrock.com\/<\/a> <\/p> \n <p> <span style=\"text-decoration: underline;\"><strong>Novembre 2008 : <\/strong><\/span> <br \/> \nPouiik de Druwi : Orion <br \/> \n<img loading=\"lazy\" decoding=\"async\" src=\"\/site\/wp-content\/uploads\/goodies\/calendriers\/siteweb.gif\" alt=\"\" width=\"16\" height=\"16\" align=\"absbottom\" \/> \/ <\/p> \n <p> <span style=\"text-decoration: underline;\"><strong>D\u00e9cembre 2008 : <\/strong><\/span> <br \/> \nPouiiks de Pomelo : Zor\u00ebll et Sita <br \/> \n<img loading=\"lazy\" decoding=\"async\" src=\"\/site\/wp-content\/uploads\/goodies\/calendriers\/siteweb.gif\" alt=\"\" width=\"16\" height=\"16\" align=\"absbottom\" \/> <a href=\"http:\/\/www.cobayous.com\/site\" target=\"_blank\">http:\/\/www.cobayous.com\/site<\/a> <\/p> \n","protected":false},"excerpt":{"rendered":" <p> Version imprimable &nbsp; &nbsp; Description: Fichier zip contenant les 12 mois du calendrier \u00e0 imprimer {filelink=7} Cr\u00e9dits photos <\/p> \n","protected":false},"author":1,"featured_media":0,"parent":2135,"menu_order":0,"comment_status":"open","ping_status":"closed","template":"","meta":{"ngg_post_thumbnail":0,"footnotes":""},"class_list":["post-2083","page","type-page","status-publish","hentry"],"yoast_head":"<!-- This site is optimized with the Yoast SEO plugin v27.1.1 - https:\/\/yoast.com\/product\/yoast-seo-wordpress\/ -->\n<title>Calendrier 2008 - Les Cobayes Pom&amp;Lolo<\/title>\n<meta name=\"robots\" content=\"index, follow, max-snippet:-1, max-image-preview:large, max-video-preview:-1\" \/>\n<link rel=\"canonical\" href=\"http:\/\/www.cobayous.com\/site\/goodies\/telechargements\/les-calendriers\/calendrier-2008\/\" \/>\n<link rel=\"next\" href=\"http:\/\/www.cobayous.com\/site\/goodies\/telechargements\/les-calendriers\/calendrier-2008\/2\/\" \/>\n<meta property=\"og:locale\" content=\"fr_FR\" \/>\n<meta property=\"og:type\" content=\"article\" \/>\n<meta property=\"og:title\" content=\"Calendrier 2008 - Les Cobayes Pom&amp;Lolo\" \/>\n<meta property=\"og:description\" content=\"Version imprimable &nbsp; &nbsp; Description: Fichier zip contenant les 12 mois du calendrier \u00e0 imprimer {filelink=7} Cr\u00e9dits photos\" \/>\n<meta property=\"og:url\" content=\"http:\/\/www.cobayous.com\/site\/goodies\/telechargements\/les-calendriers\/calendrier-2008\/\" \/>\n<meta property=\"og:site_name\" content=\"Les Cobayes Pom&amp;Lolo\" \/>\n<meta property=\"article:modified_time\" content=\"2016-04-13T20:56:04+00:00\" \/>\n<meta name=\"twitter:card\" content=\"summary_large_image\" \/>\n<meta name=\"twitter:label1\" content=\"Dur\u00e9e de lecture estim\u00e9e\" \/>\n\t<meta name=\"twitter:data1\" content=\"1 minute\" \/>\n<script type=\"application\/ld+json\" class=\"yoast-schema-graph\">{\"@context\":\"https:\/\/schema.org\",\"@graph\":[{\"@type\":\"WebPage\",\"@id\":\"http:\/\/www.cobayous.com\/site\/goodies\/telechargements\/les-calendriers\/calendrier-2008\/\",\"url\":\"http:\/\/www.cobayous.com\/site\/goodies\/telechargements\/les-calendriers\/calendrier-2008\/\",\"name\":\"Calendrier 2008 - Les Cobayes Pom&amp;Lolo\",\"isPartOf\":{\"@id\":\"http:\/\/www.cobayous.com\/site\/#website\"},\"datePublished\":\"2011-06-11T16:54:36+00:00\",\"dateModified\":\"2016-04-13T20:56:04+00:00\",\"breadcrumb\":{\"@id\":\"http:\/\/www.cobayous.com\/site\/goodies\/telechargements\/les-calendriers\/calendrier-2008\/#breadcrumb\"},\"inLanguage\":\"fr-FR\",\"potentialAction\":[{\"@type\":\"ReadAction\",\"target\":[\"http:\/\/www.cobayous.com\/site\/goodies\/telechargements\/les-calendriers\/calendrier-2008\/\"]}]},{\"@type\":\"BreadcrumbList\",\"@id\":\"http:\/\/www.cobayous.com\/site\/goodies\/telechargements\/les-calendriers\/calendrier-2008\/#breadcrumb\",\"itemListElement\":[{\"@type\":\"ListItem\",\"position\":1,\"name\":\"Accueil\",\"item\":\"http:\/\/www.cobayous.com\/site\/\"},{\"@type\":\"ListItem\",\"position\":2,\"name\":\"Goodies\",\"item\":\"http:\/\/www.cobayous.com\/site\/goodies\/\"},{\"@type\":\"ListItem\",\"position\":3,\"name\":\"T\u00e9l\u00e9chargements\",\"item\":\"http:\/\/www.cobayous.com\/site\/goodies\/telechargements\/\"},{\"@type\":\"ListItem\",\"position\":4,\"name\":\"Les Calendriers\"}]},{\"@type\":\"WebSite\",\"@id\":\"http:\/\/www.cobayous.com\/site\/#website\",\"url\":\"http:\/\/www.cobayous.com\/site\/\",\"name\":\"Les Cobayes Pom&Lolo\",\"description\":\"\",\"publisher\":{\"@id\":\"http:\/\/www.cobayous.com\/site\/#organization\"},\"potentialAction\":[{\"@type\":\"SearchAction\",\"target\":{\"@type\":\"EntryPoint\",\"urlTemplate\":\"http:\/\/www.cobayous.com\/site\/?s={search_term_string}\"},\"query-input\":{\"@type\":\"PropertyValueSpecification\",\"valueRequired\":true,\"valueName\":\"search_term_string\"}}],\"inLanguage\":\"fr-FR\"},{\"@type\":\"Organization\",\"@id\":\"http:\/\/www.cobayous.com\/site\/#organization\",\"name\":\"Les Cobayes Pom&Lolo\",\"url\":\"http:\/\/www.cobayous.com\/site\/\",\"logo\":{\"@type\":\"ImageObject\",\"inLanguage\":\"fr-FR\",\"@id\":\"http:\/\/www.cobayous.com\/site\/#\/schema\/logo\/image\/\",\"url\":\"http:\/\/www.cobayous.com\/site\/wp-content\/uploads\/2024\/01\/header-bg.png\",\"contentUrl\":\"http:\/\/www.cobayous.com\/site\/wp-content\/uploads\/2024\/01\/header-bg.png\",\"width\":1022,\"height\":250,\"caption\":\"Les Cobayes Pom&Lolo\"},\"image\":{\"@id\":\"http:\/\/www.cobayous.com\/site\/#\/schema\/logo\/image\/\"}}]}<\/script>\n<!-- \/ Yoast SEO plugin. -->","yoast_head_json":{"title":"Calendrier 2008 - Les Cobayes Pom&amp;Lolo","robots":{"index":"index","follow":"follow","max-snippet":"max-snippet:-1","max-image-preview":"max-image-preview:large","max-video-preview":"max-video-preview:-1"},"canonical":"http:\/\/www.cobayous.com\/site\/goodies\/telechargements\/les-calendriers\/calendrier-2008\/","next":"http:\/\/www.cobayous.com\/site\/goodies\/telechargements\/les-calendriers\/calendrier-2008\/2\/","og_locale":"fr_FR","og_type":"article","og_title":"Calendrier 2008 - Les Cobayes Pom&amp;Lolo","og_description":"Version imprimable &nbsp; &nbsp; Description: Fichier zip contenant les 12 mois du calendrier \u00e0 imprimer {filelink=7} Cr\u00e9dits photos","og_url":"http:\/\/www.cobayous.com\/site\/goodies\/telechargements\/les-calendriers\/calendrier-2008\/","og_site_name":"Les Cobayes Pom&amp;Lolo","article_modified_time":"2016-04-13T20:56:04+00:00","twitter_card":"summary_large_image","twitter_misc":{"Dur\u00e9e de lecture estim\u00e9e":"1 minute"},"schema":{"@context":"https:\/\/schema.org","@graph":[{"@type":"WebPage","@id":"http:\/\/www.cobayous.com\/site\/goodies\/telechargements\/les-calendriers\/calendrier-2008\/","url":"http:\/\/www.cobayous.com\/site\/goodies\/telechargements\/les-calendriers\/calendrier-2008\/","name":"Calendrier 2008 - Les Cobayes Pom&amp;Lolo","isPartOf":{"@id":"http:\/\/www.cobayous.com\/site\/#website"},"datePublished":"2011-06-11T16:54:36+00:00","dateModified":"2016-04-13T20:56:04+00:00","breadcrumb":{"@id":"http:\/\/www.cobayous.com\/site\/goodies\/telechargements\/les-calendriers\/calendrier-2008\/#breadcrumb"},"inLanguage":"fr-FR","potentialAction":[{"@type":"ReadAction","target":["http:\/\/www.cobayous.com\/site\/goodies\/telechargements\/les-calendriers\/calendrier-2008\/"]}]},{"@type":"BreadcrumbList","@id":"http:\/\/www.cobayous.com\/site\/goodies\/telechargements\/les-calendriers\/calendrier-2008\/#breadcrumb","itemListElement":[{"@type":"ListItem","position":1,"name":"Accueil","item":"http:\/\/www.cobayous.com\/site\/"},{"@type":"ListItem","position":2,"name":"Goodies","item":"http:\/\/www.cobayous.com\/site\/goodies\/"},{"@type":"ListItem","position":3,"name":"T\u00e9l\u00e9chargements","item":"http:\/\/www.cobayous.com\/site\/goodies\/telechargements\/"},{"@type":"ListItem","position":4,"name":"Les Calendriers"}]},{"@type":"WebSite","@id":"http:\/\/www.cobayous.com\/site\/#website","url":"http:\/\/www.cobayous.com\/site\/","name":"Les Cobayes Pom&Lolo","description":"","publisher":{"@id":"http:\/\/www.cobayous.com\/site\/#organization"},"potentialAction":[{"@type":"SearchAction","target":{"@type":"EntryPoint","urlTemplate":"http:\/\/www.cobayous.com\/site\/?s={search_term_string}"},"query-input":{"@type":"PropertyValueSpecification","valueRequired":true,"valueName":"search_term_string"}}],"inLanguage":"fr-FR"},{"@type":"Organization","@id":"http:\/\/www.cobayous.com\/site\/#organization","name":"Les Cobayes Pom&Lolo","url":"http:\/\/www.cobayous.com\/site\/","logo":{"@type":"ImageObject","inLanguage":"fr-FR","@id":"http:\/\/www.cobayous.com\/site\/#\/schema\/logo\/image\/","url":"http:\/\/www.cobayous.com\/site\/wp-content\/uploads\/2024\/01\/header-bg.png","contentUrl":"http:\/\/www.cobayous.com\/site\/wp-content\/uploads\/2024\/01\/header-bg.png","width":1022,"height":250,"caption":"Les Cobayes Pom&Lolo"},"image":{"@id":"http:\/\/www.cobayous.com\/site\/#\/schema\/logo\/image\/"}}]}},"_links":{"self":[{"href":"http:\/\/www.cobayous.com\/site\/wp-json\/wp\/v2\/pages\/2083","targetHints":{"allow":["GET"]}}],"collection":[{"href":"http:\/\/www.cobayous.com\/site\/wp-json\/wp\/v2\/pages"}],"about":[{"href":"http:\/\/www.cobayous.com\/site\/wp-json\/wp\/v2\/types\/page"}],"author":[{"embeddable":true,"href":"http:\/\/www.cobayous.com\/site\/wp-json\/wp\/v2\/users\/1"}],"replies":[{"embeddable":true,"href":"http:\/\/www.cobayous.com\/site\/wp-json\/wp\/v2\/comments?post=2083"}],"version-history":[{"count":1,"href":"http:\/\/www.cobayous.com\/site\/wp-json\/wp\/v2\/pages\/2083\/revisions"}],"predecessor-version":[{"id":3590,"href":"http:\/\/www.cobayous.com\/site\/wp-json\/wp\/v2\/pages\/2083\/revisions\/3590"}],"up":[{"embeddable":true,"href":"http:\/\/www.cobayous.com\/site\/wp-json\/wp\/v2\/pages\/2135"}],"wp:attachment":[{"href":"http:\/\/www.cobayous.com\/site\/wp-json\/wp\/v2\/media?parent=2083"}],"curies":[{"name":"wp","href":"https:\/\/api.w.org\/{rel}","templated":true}]}}