{"id":205,"date":"2010-05-13T19:08:17","date_gmt":"2010-05-13T19:08:17","guid":{"rendered":"http:\/\/www.cobayous.com\/site\/?page_id=205"},"modified":"2012-05-20T15:52:21","modified_gmt":"2012-05-20T14:52:21","slug":"les-dangers","status":"publish","type":"page","link":"http:\/\/www.cobayous.com\/site\/les-dossiers\/les-dangers\/","title":{"rendered":"Les dangers"},"content":{"rendered":"<div class=\"column_left200\" style=\"float: left; display: inline; \">\n<div style=\"background: #FFEFCE; border: 1px solid #BD8D46; color: #404040; padding: 0 10px 0 10px; margin-top: 1em; text-align: justify; border-radius: 10px;\">\n<h3><img loading=\"lazy\" decoding=\"async\" class=\"alignleft\" title=\"memo\" src=\"http:\/\/www.cobayous.Com\/site\/wp-content\/uploads\/img\/memo.png\" alt=\"\" width=\"30\" height=\"30\" \/>EN BREF<\/h3>\n <p> Meubles, plantes, c\u00e2bles \u00e9lectriques, balcons, autres animaux &#8230; <\/p> \n <p> Soyez toujours prudent et s\u00e9curisez bien votre int\u00e9rieur! <\/p> \n<\/div>\n<div style=\"background: #EDF7F2; border: 1px solid #7FC6BC; color: #404040; padding: 0 10px 0 10px; margin-top: 1em; text-align: justify; border-radius: 10px;\">\n <p> <img loading=\"lazy\" decoding=\"async\" class=\"alignleft\" title=\"alire\" src=\"http:\/\/www.cobayous.Com\/site\/wp-content\/uploads\/img\/books.png\" alt=\"\" width=\"30\" height=\"30\" \/> <\/p> \n<h3>A LIRE<\/h3>\n<div id=\"shailan-subpages-1064-1\">\n<ul>\n<li><a title=\"Pr\u00e9parer son arriv\u00e9e\" href=\"http:\/\/www.cobayous.com\/site\/les-dossiers\/preparer-larrivee-du-cobaye\/\" rel=\"\">Pr\u00e9parer son arriv\u00e9e<\/a><\/li>\n<li><a title=\"Cohabitation chez le cobaye\" href=\"http:\/\/www.cobayous.com\/site\/les-dossiers\/cohabitation-cobaye\/\" rel=\"\">Cohabitation<\/a><\/li>\n<li><a title=\"Alimentation\" href=\"http:\/\/www.cobayous.com\/site\/les-dossiers\/alimentation-du-cobaye\/\" rel=\"\">Alimentation<\/a><\/li>\n<li><a title=\"Apprivoiser son cobaye\" href=\"http:\/\/www.cobayous.com\/site\/les-dossiers\/apprivoiser-son-cobaye\/\">Apprivoisement<\/a><\/li>\n<li><a title=\"Comportement\" href=\"http:\/\/www.cobayous.com\/site\/les-dossiers\/comportement-du-cobaye\/\" rel=\"\">Comportement<\/a><\/li>\n<li><a title=\"Les Soins\" href=\"http:\/\/www.cobayous.com\/site\/les-dossiers\/les-soins\/\" rel=\"\">Les Soins<\/a><\/li>\n<li><a title=\"Jeux et sorties chez le cobaye\" href=\"http:\/\/www.cobayous.com\/site\/les-dossiers\/jeux-sorties-cobaye\/\" rel=\"\">Jeux et sorties<\/a><\/li>\n<li><a title=\"Id\u00e9es de noms pour votre cobaye\" href=\"http:\/\/www.cobayous.com\/site\/les-dossiers\/idees-noms-cobaye\/\" rel=\"\">Id\u00e9es de noms<\/a><\/li>\n<\/ul>\n<\/div>\n<\/div>\n <p> <script type=\"text\/javascript\">\/\/ <![CDATA[\n google_ad_client = \"ca-pub-3631834167777130\"; \/* pometlolosidebardossiers-carre200 *\/ google_ad_slot = \"5353947003\"; google_ad_width = 200; google_ad_height = 200;\n\/\/ ]]><\/script> <br \/> \n<script type=\"text\/javascript\" src=\"http:\/\/pagead2.googlesyndication.com\/pagead\/show_ads.js\">\/\/ <![CDATA[\n\n\n\/\/ ]]><\/script> <\/p> \n<div style=\"background: #ffffff; border: 1px solid #EACFB8; color: #404040; padding: 0 10px 0 10px; margin-top: 1em; text-align: justify; border-radius: 10px;\">\n <p> <img loading=\"lazy\" decoding=\"async\" class=\"alignleft\" src=\"http:\/\/www.cobayous.Com\/site\/wp-content\/uploads\/img\/question.png\" alt=\"\" width=\"30\" height=\"30\" \/> <\/p> \n<h4>DES QUESTIONS ?<\/h4>\n <p> Tu as des questions \u00e0 poser sur les cobayes? Tu souhaites discuter avec nous? <\/p> \n <p> <img loading=\"lazy\" decoding=\"async\" class=\"alignleft\" title=\"talk\" src=\"http:\/\/www.cobayous.com\/site\/wp-content\/uploads\/img\/icon-talk.png\" alt=\"\" width=\"44\" height=\"30\" \/> <a href=\"http:\/\/www.cobayous.Com\/forum\">Rejoins-nous !<\/a> <\/p> \n<\/div>\n <p> <\/div> <br \/> \n<div class=\"column_right728\" style=\"float: left; display: inline; \"> <\/p> \n <p> Quand on a des Cochons d&rsquo;Inde, il faut \u00eatre <strong>tr\u00e8s prudent<\/strong> car beaucoup de dangers les menacent. <br \/> \nCela peut sembler \u00e9vident mais on y pense pas toujours. <br \/> \nAlors, avec un peu d&rsquo;attention, il y a moyen d&rsquo;y rem\u00e9dier. <br \/> \nVoici quelques-uns de ces dangers : <\/p> \n <p> <img loading=\"lazy\" decoding=\"async\" title=\"girophare.gif\" src=\"\/site\/wp-content\/uploads\/dossiers\/girophare.gif\" alt=\"girophare.gif\" width=\"16\" height=\"16\" border=\"0\" \/> <strong>Si vous le laissez gambader librement dans la maison<\/strong>, fa\u00eetes tr\u00e8s <strong>attention <\/strong>lorsque vous ouvrez et fermez les <strong>portes<\/strong>, lorsque vous bougez les <strong>meubles<\/strong>&#8230; il risque d&rsquo;\u00eatre <strong> coinc\u00e9<\/strong>. C&rsquo;est peut-\u00eatre b\u00eate mais faites tr\u00e8s <strong>attention o\u00f9 vous marchez<\/strong> car, lorsque il est en confiance, il explore tout ce qu&rsquo;il peut et donc bouge beaucoup. <\/p> \n <p> <img loading=\"lazy\" decoding=\"async\" title=\"girophare.gif\" src=\"\/site\/wp-content\/uploads\/dossiers\/girophare.gif\" alt=\"girophare.gif\" width=\"16\" height=\"16\" border=\"0\" \/> Dans tous les cas, quand il est dans sa cage, <strong>ne laissez jamais l&rsquo;animal expos\u00e9 en plein soleil<\/strong> (derri\u00e8re une baie vitr\u00e9e par exemple)<strong> ou \u00e0 cot\u00e9 d&rsquo;un radiateur<\/strong>. En effet, il est tr\u00e8s <strong>sensible <\/strong>aux <strong>coups de chaleur<\/strong> et aux variations brusques de temp\u00e9rature. <\/p> \n <p> <img loading=\"lazy\" decoding=\"async\" title=\"girophare.gif\" src=\"\/site\/wp-content\/uploads\/dossiers\/girophare.gif\" alt=\"girophare.gif\" width=\"16\" height=\"16\" border=\"0\" \/> Le Cochon d&rsquo;Inde a des envies suicidaires : <strong>il adore ronger<\/strong> tout ce qu&rsquo;il trouve et notamment, les <strong>c\u00e2bles \u00e9lectriques <\/strong>lors des sorties. Soyez donc tr\u00e8s prudent lorsqu&rsquo;il gambade et <strong>cachez les c\u00e2bles ou d\u00e9branchez tous les appareils \u00e9lectriques qui pr\u00e9sentent un risque \u00e9ventuel<\/strong>. Cette pauvre b\u00eate pourrait s&rsquo;\u00e9lectrocuter. <\/p> \n <p> <img loading=\"lazy\" decoding=\"async\" title=\"girophare.gif\" src=\"\/site\/wp-content\/uploads\/dossiers\/girophare.gif\" alt=\"girophare.gif\" width=\"16\" height=\"16\" border=\"0\" \/> Il se peut qu&rsquo;il <strong> tombe <\/strong>: par exemple si vous le posez sur un meuble ou sur une table. Si vous habitez en appartement et que vous souhaiter lui faire prendre l&rsquo;air dehors, fa\u00eetes <strong>attention au balcon<\/strong>. \u00c9ventuellement, vous pouvez l&#8217;emp\u00eacher de passer entre les trous en <strong>\u00ab\u00a0barricadant\u00a0\u00bb le balcon de planches ou autre<\/strong>. Soyez donc tr\u00e8s prudent et dans tous les cas,<strong> ne le laissez pas sans surveillance<\/strong>. <\/p> \n <p> <img loading=\"lazy\" decoding=\"async\" title=\"girophare.gif\" src=\"\/site\/wp-content\/uploads\/dossiers\/girophare.gif\" alt=\"girophare.gif\" width=\"16\" height=\"16\" border=\"0\" \/> Toujours lors de ses sorties dans la maison, fa\u00eetes <strong>attention <\/strong>si vous avez des <strong>plantes d&rsquo;appartement<\/strong>. L&rsquo;animal risque de la manger mais cela risque de le rendre malade et de l&rsquo;<strong>empoisonner<\/strong>. Voici quelques plantes qu&rsquo;il ne doit absolument pas manger : le cyclamen, azal\u00e9e, le laurier-rose, le lierre. Dans tous les cas, enlevez les plantes lors des sorties : c&rsquo;est plus s\u00fbr. <\/p> \n <p> <img loading=\"lazy\" decoding=\"async\" title=\"girophare.gif\" src=\"\/site\/wp-content\/uploads\/dossiers\/girophare.gif\" alt=\"girophare.gif\" width=\"16\" height=\"16\" border=\"0\" \/> Si vous le laissez <strong> dehors<\/strong>, soyez tr\u00e8s <strong>prudent <\/strong>avec les <strong>autres animaux<\/strong> : le Cochon d&rsquo;Inde fait une tr\u00e8s bonne <strong>proie<\/strong> pour les chats ou pour les rapaces. <\/p> \n <p> <a href=\"http:\/\/www.cobayous.com\/site\/qui-sommes-nous\/\"><img loading=\"lazy\" decoding=\"async\" class=\"alignright\" title=\"copyright-pomelo.jpg\" src=\"\/site\/wp-content\/uploads\/dossiers\/copyright-pomelo.jpg\" alt=\"copyright-pomelo.jpg\" width=\"275\" height=\"50\" border=\"0\" \/><\/a> <\/p> \n <p> <script type=\"text\/javascript\">\/\/ <![CDATA[\n                   google_ad_client = \"ca-pub-3631834167777130\"; \/* 728x90, SITE BAS *\/ google_ad_slot = \"8092157966\"; google_ad_width = 728; google_ad_height = 90;\n\/\/ ]]><\/script> <br \/> \n<script type=\"text\/javascript\" src=\"http:\/\/pagead2.googlesyndication.com\/pagead\/show_ads.js\">\/\/ <![CDATA[\n\n\n\/\/ ]]><\/script> <br \/> \n<\/div><div style='clear: both;'><\/div> <\/p> \n","protected":false},"excerpt":{"rendered":"","protected":false},"author":1,"featured_media":0,"parent":3,"menu_order":8,"comment_status":"closed","ping_status":"closed","template":"pg-tpl-no-sidebars.php","meta":{"ngg_post_thumbnail":0,"footnotes":""},"class_list":["post-205","page","type-page","status-publish","hentry"],"yoast_head":"<!-- This site is optimized with the Yoast SEO plugin v27.1.1 - https:\/\/yoast.com\/product\/yoast-seo-wordpress\/ -->\n<title>Les dangers - Les Cobayes Pom&amp;Lolo<\/title>\n<meta name=\"robots\" content=\"index, follow, max-snippet:-1, max-image-preview:large, max-video-preview:-1\" \/>\n<link rel=\"canonical\" href=\"http:\/\/www.cobayous.com\/site\/les-dossiers\/les-dangers\/\" \/>\n<meta property=\"og:locale\" content=\"fr_FR\" \/>\n<meta property=\"og:type\" content=\"article\" \/>\n<meta property=\"og:title\" content=\"Les dangers - Les Cobayes Pom&amp;Lolo\" \/>\n<meta property=\"og:url\" content=\"http:\/\/www.cobayous.com\/site\/les-dossiers\/les-dangers\/\" \/>\n<meta property=\"og:site_name\" content=\"Les Cobayes Pom&amp;Lolo\" \/>\n<meta property=\"article:modified_time\" content=\"2012-05-20T14:52:21+00:00\" \/>\n<meta property=\"og:image\" content=\"http:\/\/www.cobayous.Com\/site\/wp-content\/uploads\/img\/memo.png\" \/>\n<meta name=\"twitter:card\" content=\"summary_large_image\" \/>\n<meta name=\"twitter:label1\" content=\"Dur\u00e9e de lecture estim\u00e9e\" \/>\n\t<meta name=\"twitter:data1\" content=\"2 minutes\" \/>\n<script type=\"application\/ld+json\" class=\"yoast-schema-graph\">{\"@context\":\"https:\/\/schema.org\",\"@graph\":[{\"@type\":\"WebPage\",\"@id\":\"http:\/\/www.cobayous.com\/site\/les-dossiers\/les-dangers\/\",\"url\":\"http:\/\/www.cobayous.com\/site\/les-dossiers\/les-dangers\/\",\"name\":\"Les dangers - Les Cobayes Pom&amp;Lolo\",\"isPartOf\":{\"@id\":\"http:\/\/www.cobayous.com\/site\/#website\"},\"primaryImageOfPage\":{\"@id\":\"http:\/\/www.cobayous.com\/site\/les-dossiers\/les-dangers\/#primaryimage\"},\"image\":{\"@id\":\"http:\/\/www.cobayous.com\/site\/les-dossiers\/les-dangers\/#primaryimage\"},\"thumbnailUrl\":\"http:\/\/www.cobayous.Com\/site\/wp-content\/uploads\/img\/memo.png\",\"datePublished\":\"2010-05-13T19:08:17+00:00\",\"dateModified\":\"2012-05-20T14:52:21+00:00\",\"breadcrumb\":{\"@id\":\"http:\/\/www.cobayous.com\/site\/les-dossiers\/les-dangers\/#breadcrumb\"},\"inLanguage\":\"fr-FR\",\"potentialAction\":[{\"@type\":\"ReadAction\",\"target\":[\"http:\/\/www.cobayous.com\/site\/les-dossiers\/les-dangers\/\"]}]},{\"@type\":\"ImageObject\",\"inLanguage\":\"fr-FR\",\"@id\":\"http:\/\/www.cobayous.com\/site\/les-dossiers\/les-dangers\/#primaryimage\",\"url\":\"http:\/\/www.cobayous.Com\/site\/wp-content\/uploads\/img\/memo.png\",\"contentUrl\":\"http:\/\/www.cobayous.Com\/site\/wp-content\/uploads\/img\/memo.png\"},{\"@type\":\"BreadcrumbList\",\"@id\":\"http:\/\/www.cobayous.com\/site\/les-dossiers\/les-dangers\/#breadcrumb\",\"itemListElement\":[{\"@type\":\"ListItem\",\"position\":1,\"name\":\"Accueil\",\"item\":\"http:\/\/www.cobayous.com\/site\/\"},{\"@type\":\"ListItem\",\"position\":2,\"name\":\"Dossiers\",\"item\":\"http:\/\/www.cobayous.com\/site\/les-dossiers\/\"},{\"@type\":\"ListItem\",\"position\":3,\"name\":\"Les dangers\"}]},{\"@type\":\"WebSite\",\"@id\":\"http:\/\/www.cobayous.com\/site\/#website\",\"url\":\"http:\/\/www.cobayous.com\/site\/\",\"name\":\"Les Cobayes Pom&Lolo\",\"description\":\"\",\"publisher\":{\"@id\":\"http:\/\/www.cobayous.com\/site\/#organization\"},\"potentialAction\":[{\"@type\":\"SearchAction\",\"target\":{\"@type\":\"EntryPoint\",\"urlTemplate\":\"http:\/\/www.cobayous.com\/site\/?s={search_term_string}\"},\"query-input\":{\"@type\":\"PropertyValueSpecification\",\"valueRequired\":true,\"valueName\":\"search_term_string\"}}],\"inLanguage\":\"fr-FR\"},{\"@type\":\"Organization\",\"@id\":\"http:\/\/www.cobayous.com\/site\/#organization\",\"name\":\"Les Cobayes Pom&Lolo\",\"url\":\"http:\/\/www.cobayous.com\/site\/\",\"logo\":{\"@type\":\"ImageObject\",\"inLanguage\":\"fr-FR\",\"@id\":\"http:\/\/www.cobayous.com\/site\/#\/schema\/logo\/image\/\",\"url\":\"http:\/\/www.cobayous.com\/site\/wp-content\/uploads\/2024\/01\/header-bg.png\",\"contentUrl\":\"http:\/\/www.cobayous.com\/site\/wp-content\/uploads\/2024\/01\/header-bg.png\",\"width\":1022,\"height\":250,\"caption\":\"Les Cobayes Pom&Lolo\"},\"image\":{\"@id\":\"http:\/\/www.cobayous.com\/site\/#\/schema\/logo\/image\/\"}}]}<\/script>\n<!-- \/ Yoast SEO plugin. -->","yoast_head_json":{"title":"Les dangers - Les Cobayes Pom&amp;Lolo","robots":{"index":"index","follow":"follow","max-snippet":"max-snippet:-1","max-image-preview":"max-image-preview:large","max-video-preview":"max-video-preview:-1"},"canonical":"http:\/\/www.cobayous.com\/site\/les-dossiers\/les-dangers\/","og_locale":"fr_FR","og_type":"article","og_title":"Les dangers - Les Cobayes Pom&amp;Lolo","og_url":"http:\/\/www.cobayous.com\/site\/les-dossiers\/les-dangers\/","og_site_name":"Les Cobayes Pom&amp;Lolo","article_modified_time":"2012-05-20T14:52:21+00:00","og_image":[{"url":"http:\/\/www.cobayous.Com\/site\/wp-content\/uploads\/img\/memo.png","type":"","width":"","height":""}],"twitter_card":"summary_large_image","twitter_misc":{"Dur\u00e9e de lecture estim\u00e9e":"2 minutes"},"schema":{"@context":"https:\/\/schema.org","@graph":[{"@type":"WebPage","@id":"http:\/\/www.cobayous.com\/site\/les-dossiers\/les-dangers\/","url":"http:\/\/www.cobayous.com\/site\/les-dossiers\/les-dangers\/","name":"Les dangers - Les Cobayes Pom&amp;Lolo","isPartOf":{"@id":"http:\/\/www.cobayous.com\/site\/#website"},"primaryImageOfPage":{"@id":"http:\/\/www.cobayous.com\/site\/les-dossiers\/les-dangers\/#primaryimage"},"image":{"@id":"http:\/\/www.cobayous.com\/site\/les-dossiers\/les-dangers\/#primaryimage"},"thumbnailUrl":"http:\/\/www.cobayous.Com\/site\/wp-content\/uploads\/img\/memo.png","datePublished":"2010-05-13T19:08:17+00:00","dateModified":"2012-05-20T14:52:21+00:00","breadcrumb":{"@id":"http:\/\/www.cobayous.com\/site\/les-dossiers\/les-dangers\/#breadcrumb"},"inLanguage":"fr-FR","potentialAction":[{"@type":"ReadAction","target":["http:\/\/www.cobayous.com\/site\/les-dossiers\/les-dangers\/"]}]},{"@type":"ImageObject","inLanguage":"fr-FR","@id":"http:\/\/www.cobayous.com\/site\/les-dossiers\/les-dangers\/#primaryimage","url":"http:\/\/www.cobayous.Com\/site\/wp-content\/uploads\/img\/memo.png","contentUrl":"http:\/\/www.cobayous.Com\/site\/wp-content\/uploads\/img\/memo.png"},{"@type":"BreadcrumbList","@id":"http:\/\/www.cobayous.com\/site\/les-dossiers\/les-dangers\/#breadcrumb","itemListElement":[{"@type":"ListItem","position":1,"name":"Accueil","item":"http:\/\/www.cobayous.com\/site\/"},{"@type":"ListItem","position":2,"name":"Dossiers","item":"http:\/\/www.cobayous.com\/site\/les-dossiers\/"},{"@type":"ListItem","position":3,"name":"Les dangers"}]},{"@type":"WebSite","@id":"http:\/\/www.cobayous.com\/site\/#website","url":"http:\/\/www.cobayous.com\/site\/","name":"Les Cobayes Pom&Lolo","description":"","publisher":{"@id":"http:\/\/www.cobayous.com\/site\/#organization"},"potentialAction":[{"@type":"SearchAction","target":{"@type":"EntryPoint","urlTemplate":"http:\/\/www.cobayous.com\/site\/?s={search_term_string}"},"query-input":{"@type":"PropertyValueSpecification","valueRequired":true,"valueName":"search_term_string"}}],"inLanguage":"fr-FR"},{"@type":"Organization","@id":"http:\/\/www.cobayous.com\/site\/#organization","name":"Les Cobayes Pom&Lolo","url":"http:\/\/www.cobayous.com\/site\/","logo":{"@type":"ImageObject","inLanguage":"fr-FR","@id":"http:\/\/www.cobayous.com\/site\/#\/schema\/logo\/image\/","url":"http:\/\/www.cobayous.com\/site\/wp-content\/uploads\/2024\/01\/header-bg.png","contentUrl":"http:\/\/www.cobayous.com\/site\/wp-content\/uploads\/2024\/01\/header-bg.png","width":1022,"height":250,"caption":"Les Cobayes Pom&Lolo"},"image":{"@id":"http:\/\/www.cobayous.com\/site\/#\/schema\/logo\/image\/"}}]}},"_links":{"self":[{"href":"http:\/\/www.cobayous.com\/site\/wp-json\/wp\/v2\/pages\/205","targetHints":{"allow":["GET"]}}],"collection":[{"href":"http:\/\/www.cobayous.com\/site\/wp-json\/wp\/v2\/pages"}],"about":[{"href":"http:\/\/www.cobayous.com\/site\/wp-json\/wp\/v2\/types\/page"}],"author":[{"embeddable":true,"href":"http:\/\/www.cobayous.com\/site\/wp-json\/wp\/v2\/users\/1"}],"replies":[{"embeddable":true,"href":"http:\/\/www.cobayous.com\/site\/wp-json\/wp\/v2\/comments?post=205"}],"version-history":[{"count":0,"href":"http:\/\/www.cobayous.com\/site\/wp-json\/wp\/v2\/pages\/205\/revisions"}],"up":[{"embeddable":true,"href":"http:\/\/www.cobayous.com\/site\/wp-json\/wp\/v2\/pages\/3"}],"wp:attachment":[{"href":"http:\/\/www.cobayous.com\/site\/wp-json\/wp\/v2\/media?parent=205"}],"curies":[{"name":"wp","href":"https:\/\/api.w.org\/{rel}","templated":true}]}}