{"id":199,"date":"2010-05-13T19:01:29","date_gmt":"2010-05-13T19:01:29","guid":{"rendered":"http:\/\/www.cobayous.com\/site\/?page_id=199"},"modified":"2016-11-23T21:10:33","modified_gmt":"2016-11-23T20:10:33","slug":"les-sons","status":"publish","type":"page","link":"http:\/\/www.cobayous.com\/site\/les-dossiers\/comportement-du-cobaye\/les-sons\/","title":{"rendered":"Comportement : Les sons"},"content":{"rendered":" <p> [ezcol_1third] <\/p> \n<div style=\"background: #FFEFCE; border: 1px solid #BD8D46; color: #404040; padding: 0 10px 0 10px; margin-top: 3em; text-align: justify; border-radius: 10px;\">\n<h3><img loading=\"lazy\" decoding=\"async\" class=\"alignleft\" title=\"memo\" src=\"http:\/\/www.cobayous.Com\/site\/wp-content\/uploads\/img\/memo.png\" alt=\"\" width=\"30\" height=\"30\">EN BREF<\/h3>\n <p> Le cobaye aime roucouler, pouiiker, chanter &#8230; <br \/> \nEt quand vient l&rsquo;heure du repas, c&rsquo;est la folie !! <\/p> \n<\/div>\n<div style=\"background: #EDF7F2; border: 1px solid #7FC6BC; color: #404040; padding: 0 10px 0 10px; margin-top: 3em; text-align: justify; border-radius: 10px;\">\n <p> <img loading=\"lazy\" decoding=\"async\" class=\"alignleft\" title=\"alire\" src=\"http:\/\/www.cobayous.Com\/site\/wp-content\/uploads\/img\/books.png\" alt=\"\" width=\"30\" height=\"30\"> <\/p> \n<h3>A LIRE<\/h3>\n <p> <span style=\"color: #008000;\" title=\"jeux sorties\">Dans la rubrique Comportement:<\/span> <\/p> \n<ul>\n<li><a href=\"http:\/\/www.cobayous.com\/site\/les-dossiers\/comportement-du-cobaye\/language-du-corps\/\">Le langage du corps<\/a><\/li>\n<li>Les sons<\/li>\n<li><a title=\"Comportement : le chant du cochon d\u2019Inde\" href=\"http:\/\/www.cobayous.com\/site\/les-dossiers\/comportement-du-cobaye\/chant-du-cobaye\/\" rel=\"\">Le chant du cochon d&rsquo;Inde<\/a><\/li>\n<\/ul>\n <p> <span style=\"color: #008000;\">Dossiers Connexes :<\/span> <\/p> \n<ul>\n<li><a title=\"Animalerie : prendre garde aux conseils !\" href=\"http:\/\/www.cobayous.com\/site\/les-dossiers\/avant-achat-cobaye\/animalerie-prendre-garde-aux-conseils\/\">Animalerie, attention aux conseils !<\/a><\/li>\n<li><a title=\"Le cobaye et les vacances\" href=\"http:\/\/www.cobayous.com\/site\/les-dossiers\/speciaux-pratiques\/le-cobaye-et-les-vacances\/\">Le Cobaye et les Vacances<\/a><\/li>\n<li><a title=\"Rongeurs et Enfants\" href=\"http:\/\/www.cobayous.com\/site\/les-dossiers\/avant-achat-cobaye\/rongeurs-et-enfants\/\">Rongeurs et enfants<\/a><\/li>\n<\/ul>\n<\/div>\n<div style=\"background: #ffffff; border: 1px solid #EACFB8; color: #404040; padding: 0 10px 0 10px; margin-top: 3em; text-align: justify; border-radius: 10px;\"><script async=\"\" src=\"\/\/pagead2.googlesyndication.com\/pagead\/js\/adsbygoogle.js\"><\/script> <br \/> \n <!-- cob-dossier-gauche -->  <br \/> \n<ins class=\"adsbygoogle\" style=\"display: block;\" data-ad-client=\"ca-pub-3631834167777130\" data-ad-slot=\"6832657395\" data-ad-format=\"auto\"><\/ins> <br \/> \n<script>\n(adsbygoogle = window.adsbygoogle || []).push({});\n<\/script> <br \/> \n<img loading=\"lazy\" decoding=\"async\" class=\"alignleft\" src=\"http:\/\/www.cobayous.Com\/site\/wp-content\/uploads\/img\/question.png\" alt=\"\" width=\"30\" height=\"30\"> <\/p> \n<h4>DES QUESTIONS ?<\/h4>\n <p> Tu as des questions \u00e0 poser sur les cobayes? Tu souhaites discuter avec nous? <\/p> \n <p> <img loading=\"lazy\" decoding=\"async\" class=\"alignleft\" title=\"talk\" src=\"http:\/\/www.cobayous.com\/site\/wp-content\/uploads\/img\/icon-talk.png\" alt=\"\" width=\"44\" height=\"30\"> <a href=\"http:\/\/www.cobayous.Com\/forum\">Rejoins-nous !<\/a> <\/p> \n<\/div>\n <p> [\/ezcol_1third] [ezcol_2third_end] <\/p> \n <p> Voici maintenant une petite partie de son langage auditif et je vous assure qu&rsquo;il sait se faire comprendre !!! <\/p> \n <p> <strong>1.<\/strong> Le cobaye est g\u00e9n\u00e9ralement sensible aux caresses. Certains aiment \u00eatre caress\u00e9s sur le dos et ils roucoulent parfois de plaisir ! Cela ressemble \u00e0 \u00e7a : <strong><a href=\"\/site\/wp-content\/uploads\/dossiers\/son_caresses.php\" target=\"popup\">Roucoulement de plaisir<\/a><\/strong> <\/p> \n <p> Cela signifie qu&rsquo;il aime beaucoup! J&rsquo;ai remarqu\u00e9 que mes cobayes sont devenus un peu moins sensible aux caresses en vieillissant &#8230; <\/p> \n <p> <strong>2.<\/strong> Lorsque le m\u00e2le est en chaleur et qu&rsquo;il \u00ab\u00a0drague\u00a0\u00bb sa femelle, il roule des m\u00e9caniques, dandine l&rsquo;arri\u00e8re train et il \u00ab\u00a0grougroute\u00a0\u00bb : <a href=\"\/site\/wp-content\/uploads\/dossiers\/son_drague.php\" target=\"popup\"><strong>Ecouter ce son.<\/strong><\/a> <br \/> \nLa femelle peut, elle aussi, \u00e9mettre ce son lorsqu&rsquo;elle est en chaleur ! <\/p> \n <p> <strong>3.<\/strong> Enfin, et c&rsquo;est un son uniquement r\u00e9serv\u00e9 \u00e0 l&rsquo;\u00eatre humain, lorsqu&rsquo;il a faim ou qu&rsquo;il a besoin de vous (mais c&rsquo;est surtout pour la nourriture) et qu&rsquo;il est impatient : <a href=\"\/site\/wp-content\/uploads\/dossiers\/son_bouffe.php\" target=\"popup\"><strong>Le ouiiiiiiiiiiiiiik !!!!!!!<\/strong><\/a> <\/p> \n <p> Il existe bien d&rsquo;autres sons : peur, m\u00e9contentement, claquement de dents &#8230; ainsi qu&rsquo;un chant que tous les cobayes ne font pas forc\u00e9ment et dont l&rsquo;origine n&rsquo;est pas vraiment connue : le <a href=\"\/site\/les-dossiers\/comportement-du-cobaye\/chant-du-cobaye\/\"><strong>Chant du cochon d&rsquo;Inde.<\/strong><\/a> <\/p> \n <p> <a href=\"http:\/\/www.cobayous.com\/site\/qui-sommes-nous\/\"><img loading=\"lazy\" decoding=\"async\" class=\"alignright\" title=\"copyright-pomelo.jpg\" src=\"\/site\/wp-content\/uploads\/dossiers\/copyright-pomelo.jpg\" alt=\"copyright-pomelo.jpg\" width=\"275\" height=\"50\" border=\"0\"><\/a> <\/p> \n <p> [\/ezcol_2third_end] <\/p> \n","protected":false},"excerpt":{"rendered":" <p> [ezcol_1third] EN BREF Le cobaye aime roucouler, pouiiker, chanter &#8230; Et quand vient l&rsquo;heure du repas, c&rsquo;est la folie !! A LIRE Dans la rubrique Comportement: Le langage du corps&#8230; <a href=\"http:\/\/www.cobayous.com\/site\/les-dossiers\/comportement-du-cobaye\/les-sons\/\">Read more &raquo;<\/a> <\/p> \n","protected":false},"author":1,"featured_media":0,"parent":194,"menu_order":0,"comment_status":"closed","ping_status":"closed","template":"","meta":{"ngg_post_thumbnail":0,"footnotes":""},"class_list":["post-199","page","type-page","status-publish","hentry"],"yoast_head":"<!-- This site is optimized with the Yoast SEO plugin v27.1.1 - https:\/\/yoast.com\/product\/yoast-seo-wordpress\/ -->\n<title>Comportement : Les sons - Les Cobayes Pom&amp;Lolo<\/title>\n<meta name=\"robots\" content=\"index, follow, max-snippet:-1, max-image-preview:large, max-video-preview:-1\" \/>\n<link rel=\"canonical\" href=\"http:\/\/www.cobayous.com\/site\/les-dossiers\/comportement-du-cobaye\/les-sons\/\" \/>\n<meta property=\"og:locale\" content=\"fr_FR\" \/>\n<meta property=\"og:type\" content=\"article\" \/>\n<meta property=\"og:title\" content=\"Comportement : Les sons - Les Cobayes Pom&amp;Lolo\" \/>\n<meta property=\"og:description\" content=\"[ezcol_1third] EN BREF Le cobaye aime roucouler, pouiiker, chanter &#8230; Et quand vient l&rsquo;heure du repas, c&rsquo;est la folie !! A LIRE Dans la rubrique Comportement: Le langage du corps... Read more &raquo;\" \/>\n<meta property=\"og:url\" content=\"http:\/\/www.cobayous.com\/site\/les-dossiers\/comportement-du-cobaye\/les-sons\/\" \/>\n<meta property=\"og:site_name\" content=\"Les Cobayes Pom&amp;Lolo\" \/>\n<meta property=\"article:modified_time\" content=\"2016-11-23T20:10:33+00:00\" \/>\n<meta property=\"og:image\" content=\"http:\/\/www.cobayous.Com\/site\/wp-content\/uploads\/img\/memo.png\" \/>\n<meta name=\"twitter:card\" content=\"summary_large_image\" \/>\n<meta name=\"twitter:label1\" content=\"Dur\u00e9e de lecture estim\u00e9e\" \/>\n\t<meta name=\"twitter:data1\" content=\"1 minute\" \/>\n<script type=\"application\/ld+json\" class=\"yoast-schema-graph\">{\"@context\":\"https:\/\/schema.org\",\"@graph\":[{\"@type\":\"WebPage\",\"@id\":\"http:\/\/www.cobayous.com\/site\/les-dossiers\/comportement-du-cobaye\/les-sons\/\",\"url\":\"http:\/\/www.cobayous.com\/site\/les-dossiers\/comportement-du-cobaye\/les-sons\/\",\"name\":\"Comportement : Les sons - Les Cobayes Pom&amp;Lolo\",\"isPartOf\":{\"@id\":\"http:\/\/www.cobayous.com\/site\/#website\"},\"primaryImageOfPage\":{\"@id\":\"http:\/\/www.cobayous.com\/site\/les-dossiers\/comportement-du-cobaye\/les-sons\/#primaryimage\"},\"image\":{\"@id\":\"http:\/\/www.cobayous.com\/site\/les-dossiers\/comportement-du-cobaye\/les-sons\/#primaryimage\"},\"thumbnailUrl\":\"http:\/\/www.cobayous.Com\/site\/wp-content\/uploads\/img\/memo.png\",\"datePublished\":\"2010-05-13T19:01:29+00:00\",\"dateModified\":\"2016-11-23T20:10:33+00:00\",\"breadcrumb\":{\"@id\":\"http:\/\/www.cobayous.com\/site\/les-dossiers\/comportement-du-cobaye\/les-sons\/#breadcrumb\"},\"inLanguage\":\"fr-FR\",\"potentialAction\":[{\"@type\":\"ReadAction\",\"target\":[\"http:\/\/www.cobayous.com\/site\/les-dossiers\/comportement-du-cobaye\/les-sons\/\"]}]},{\"@type\":\"ImageObject\",\"inLanguage\":\"fr-FR\",\"@id\":\"http:\/\/www.cobayous.com\/site\/les-dossiers\/comportement-du-cobaye\/les-sons\/#primaryimage\",\"url\":\"http:\/\/www.cobayous.Com\/site\/wp-content\/uploads\/img\/memo.png\",\"contentUrl\":\"http:\/\/www.cobayous.Com\/site\/wp-content\/uploads\/img\/memo.png\"},{\"@type\":\"BreadcrumbList\",\"@id\":\"http:\/\/www.cobayous.com\/site\/les-dossiers\/comportement-du-cobaye\/les-sons\/#breadcrumb\",\"itemListElement\":[{\"@type\":\"ListItem\",\"position\":1,\"name\":\"Accueil\",\"item\":\"http:\/\/www.cobayous.com\/site\/\"},{\"@type\":\"ListItem\",\"position\":2,\"name\":\"Dossiers\",\"item\":\"http:\/\/www.cobayous.com\/site\/les-dossiers\/\"},{\"@type\":\"ListItem\",\"position\":3,\"name\":\"Comportement\",\"item\":\"http:\/\/www.cobayous.com\/site\/les-dossiers\/comportement-du-cobaye\/\"},{\"@type\":\"ListItem\",\"position\":4,\"name\":\"Comportement : Les sons\"}]},{\"@type\":\"WebSite\",\"@id\":\"http:\/\/www.cobayous.com\/site\/#website\",\"url\":\"http:\/\/www.cobayous.com\/site\/\",\"name\":\"Les Cobayes Pom&Lolo\",\"description\":\"\",\"publisher\":{\"@id\":\"http:\/\/www.cobayous.com\/site\/#organization\"},\"potentialAction\":[{\"@type\":\"SearchAction\",\"target\":{\"@type\":\"EntryPoint\",\"urlTemplate\":\"http:\/\/www.cobayous.com\/site\/?s={search_term_string}\"},\"query-input\":{\"@type\":\"PropertyValueSpecification\",\"valueRequired\":true,\"valueName\":\"search_term_string\"}}],\"inLanguage\":\"fr-FR\"},{\"@type\":\"Organization\",\"@id\":\"http:\/\/www.cobayous.com\/site\/#organization\",\"name\":\"Les Cobayes Pom&Lolo\",\"url\":\"http:\/\/www.cobayous.com\/site\/\",\"logo\":{\"@type\":\"ImageObject\",\"inLanguage\":\"fr-FR\",\"@id\":\"http:\/\/www.cobayous.com\/site\/#\/schema\/logo\/image\/\",\"url\":\"http:\/\/www.cobayous.com\/site\/wp-content\/uploads\/2024\/01\/header-bg.png\",\"contentUrl\":\"http:\/\/www.cobayous.com\/site\/wp-content\/uploads\/2024\/01\/header-bg.png\",\"width\":1022,\"height\":250,\"caption\":\"Les Cobayes Pom&Lolo\"},\"image\":{\"@id\":\"http:\/\/www.cobayous.com\/site\/#\/schema\/logo\/image\/\"}}]}<\/script>\n<!-- \/ Yoast SEO plugin. -->","yoast_head_json":{"title":"Comportement : Les sons - Les Cobayes Pom&amp;Lolo","robots":{"index":"index","follow":"follow","max-snippet":"max-snippet:-1","max-image-preview":"max-image-preview:large","max-video-preview":"max-video-preview:-1"},"canonical":"http:\/\/www.cobayous.com\/site\/les-dossiers\/comportement-du-cobaye\/les-sons\/","og_locale":"fr_FR","og_type":"article","og_title":"Comportement : Les sons - Les Cobayes Pom&amp;Lolo","og_description":"[ezcol_1third] EN BREF Le cobaye aime roucouler, pouiiker, chanter &#8230; Et quand vient l&rsquo;heure du repas, c&rsquo;est la folie !! A LIRE Dans la rubrique Comportement: Le langage du corps... Read more &raquo;","og_url":"http:\/\/www.cobayous.com\/site\/les-dossiers\/comportement-du-cobaye\/les-sons\/","og_site_name":"Les Cobayes Pom&amp;Lolo","article_modified_time":"2016-11-23T20:10:33+00:00","og_image":[{"url":"http:\/\/www.cobayous.Com\/site\/wp-content\/uploads\/img\/memo.png","type":"","width":"","height":""}],"twitter_card":"summary_large_image","twitter_misc":{"Dur\u00e9e de lecture estim\u00e9e":"1 minute"},"schema":{"@context":"https:\/\/schema.org","@graph":[{"@type":"WebPage","@id":"http:\/\/www.cobayous.com\/site\/les-dossiers\/comportement-du-cobaye\/les-sons\/","url":"http:\/\/www.cobayous.com\/site\/les-dossiers\/comportement-du-cobaye\/les-sons\/","name":"Comportement : Les sons - Les Cobayes Pom&amp;Lolo","isPartOf":{"@id":"http:\/\/www.cobayous.com\/site\/#website"},"primaryImageOfPage":{"@id":"http:\/\/www.cobayous.com\/site\/les-dossiers\/comportement-du-cobaye\/les-sons\/#primaryimage"},"image":{"@id":"http:\/\/www.cobayous.com\/site\/les-dossiers\/comportement-du-cobaye\/les-sons\/#primaryimage"},"thumbnailUrl":"http:\/\/www.cobayous.Com\/site\/wp-content\/uploads\/img\/memo.png","datePublished":"2010-05-13T19:01:29+00:00","dateModified":"2016-11-23T20:10:33+00:00","breadcrumb":{"@id":"http:\/\/www.cobayous.com\/site\/les-dossiers\/comportement-du-cobaye\/les-sons\/#breadcrumb"},"inLanguage":"fr-FR","potentialAction":[{"@type":"ReadAction","target":["http:\/\/www.cobayous.com\/site\/les-dossiers\/comportement-du-cobaye\/les-sons\/"]}]},{"@type":"ImageObject","inLanguage":"fr-FR","@id":"http:\/\/www.cobayous.com\/site\/les-dossiers\/comportement-du-cobaye\/les-sons\/#primaryimage","url":"http:\/\/www.cobayous.Com\/site\/wp-content\/uploads\/img\/memo.png","contentUrl":"http:\/\/www.cobayous.Com\/site\/wp-content\/uploads\/img\/memo.png"},{"@type":"BreadcrumbList","@id":"http:\/\/www.cobayous.com\/site\/les-dossiers\/comportement-du-cobaye\/les-sons\/#breadcrumb","itemListElement":[{"@type":"ListItem","position":1,"name":"Accueil","item":"http:\/\/www.cobayous.com\/site\/"},{"@type":"ListItem","position":2,"name":"Dossiers","item":"http:\/\/www.cobayous.com\/site\/les-dossiers\/"},{"@type":"ListItem","position":3,"name":"Comportement","item":"http:\/\/www.cobayous.com\/site\/les-dossiers\/comportement-du-cobaye\/"},{"@type":"ListItem","position":4,"name":"Comportement : Les sons"}]},{"@type":"WebSite","@id":"http:\/\/www.cobayous.com\/site\/#website","url":"http:\/\/www.cobayous.com\/site\/","name":"Les Cobayes Pom&Lolo","description":"","publisher":{"@id":"http:\/\/www.cobayous.com\/site\/#organization"},"potentialAction":[{"@type":"SearchAction","target":{"@type":"EntryPoint","urlTemplate":"http:\/\/www.cobayous.com\/site\/?s={search_term_string}"},"query-input":{"@type":"PropertyValueSpecification","valueRequired":true,"valueName":"search_term_string"}}],"inLanguage":"fr-FR"},{"@type":"Organization","@id":"http:\/\/www.cobayous.com\/site\/#organization","name":"Les Cobayes Pom&Lolo","url":"http:\/\/www.cobayous.com\/site\/","logo":{"@type":"ImageObject","inLanguage":"fr-FR","@id":"http:\/\/www.cobayous.com\/site\/#\/schema\/logo\/image\/","url":"http:\/\/www.cobayous.com\/site\/wp-content\/uploads\/2024\/01\/header-bg.png","contentUrl":"http:\/\/www.cobayous.com\/site\/wp-content\/uploads\/2024\/01\/header-bg.png","width":1022,"height":250,"caption":"Les Cobayes Pom&Lolo"},"image":{"@id":"http:\/\/www.cobayous.com\/site\/#\/schema\/logo\/image\/"}}]}},"_links":{"self":[{"href":"http:\/\/www.cobayous.com\/site\/wp-json\/wp\/v2\/pages\/199","targetHints":{"allow":["GET"]}}],"collection":[{"href":"http:\/\/www.cobayous.com\/site\/wp-json\/wp\/v2\/pages"}],"about":[{"href":"http:\/\/www.cobayous.com\/site\/wp-json\/wp\/v2\/types\/page"}],"author":[{"embeddable":true,"href":"http:\/\/www.cobayous.com\/site\/wp-json\/wp\/v2\/users\/1"}],"replies":[{"embeddable":true,"href":"http:\/\/www.cobayous.com\/site\/wp-json\/wp\/v2\/comments?post=199"}],"version-history":[{"count":2,"href":"http:\/\/www.cobayous.com\/site\/wp-json\/wp\/v2\/pages\/199\/revisions"}],"predecessor-version":[{"id":3731,"href":"http:\/\/www.cobayous.com\/site\/wp-json\/wp\/v2\/pages\/199\/revisions\/3731"}],"up":[{"embeddable":true,"href":"http:\/\/www.cobayous.com\/site\/wp-json\/wp\/v2\/pages\/194"}],"wp:attachment":[{"href":"http:\/\/www.cobayous.com\/site\/wp-json\/wp\/v2\/media?parent=199"}],"curies":[{"name":"wp","href":"https:\/\/api.w.org\/{rel}","templated":true}]}}