{"id":197,"date":"2010-05-13T19:00:33","date_gmt":"2010-05-13T19:00:33","guid":{"rendered":"http:\/\/www.cobayous.com\/site\/?page_id=197"},"modified":"2016-11-23T21:12:42","modified_gmt":"2016-11-23T20:12:42","slug":"language-du-corps","status":"publish","type":"page","link":"http:\/\/www.cobayous.com\/site\/les-dossiers\/comportement-du-cobaye\/language-du-corps\/","title":{"rendered":"Comportement : Language du corps"},"content":{"rendered":" <p> [ezcol_1third] <\/p> \n<div style=\"background: #FFEFCE; border: 1px solid #BD8D46; color: #404040; padding: 0 10px 0 10px; margin-top: 1em; text-align: justify; border-radius: 10px;\">\n<h3><img loading=\"lazy\" decoding=\"async\" class=\"alignleft\" title=\"memo\" src=\"http:\/\/www.cobayous.Com\/site\/wp-content\/uploads\/img\/memo.png\" alt=\"\" width=\"30\" height=\"30\">EN BREF<\/h3>\n <p> Le cobaye est un animal tr\u00e8s expressif. Prenez votre temps pour l&rsquo;observer et l&rsquo;\u00e9couter. Il y a tant de choses \u00e0 apprendre! <\/p> \n<\/div>\n<div style=\"background: #EDF7F2; border: 1px solid #7FC6BC; color: #404040; padding: 0 10px 0 10px; margin-top: 1em; text-align: justify; border-radius: 10px;\">\n <p> <img loading=\"lazy\" decoding=\"async\" class=\"alignleft\" title=\"alire\" src=\"http:\/\/www.cobayous.Com\/site\/wp-content\/uploads\/img\/books.png\" alt=\"\" width=\"30\" height=\"30\"> <\/p> \n<h3>A LIRE<\/h3>\n <p> <span style=\"color: #008000;\" title=\"jeux sorties\">Dans la rubrique Comportement:<\/span> <\/p> \n<ul>\n<li>Le langage du corps<\/li>\n<li><a title=\"Comportement : Les sons\" href=\"http:\/\/www.cobayous.com\/site\/les-dossiers\/comportement-du-cobaye\/les-sons\/\" rel=\"\">Les sons<\/a><\/li>\n<li><a title=\"Comportement : le chant du cochon d\u2019Inde\" href=\"http:\/\/www.cobayous.com\/site\/les-dossiers\/comportement-du-cobaye\/chant-du-cobaye\/\" rel=\"\">Le chant du cochon d&rsquo;Inde<\/a><\/li>\n<\/ul>\n <p> <span style=\"color: #008000;\">Dossiers Connexes :<\/span> <\/p> \n<ul>\n<li><a title=\"Animalerie : prendre garde aux conseils !\" href=\"http:\/\/www.cobayous.com\/site\/les-dossiers\/avant-achat-cobaye\/animalerie-prendre-garde-aux-conseils\/\">Animalerie, attention aux conseils !<\/a><\/li>\n<li><a title=\"Le cobaye et les vacances\" href=\"http:\/\/www.cobayous.com\/site\/les-dossiers\/speciaux-pratiques\/le-cobaye-et-les-vacances\/\">Le Cobaye et les Vacances<\/a><\/li>\n<li><a title=\"Rongeurs et Enfants\" href=\"http:\/\/www.cobayous.com\/site\/les-dossiers\/avant-achat-cobaye\/rongeurs-et-enfants\/\">Rongeurs et enfants<\/a><\/li>\n<\/ul>\n<\/div>\n<div style=\"background: #ffffff; border: 1px solid #EACFB8; color: #404040; padding: 0 10px 0 10px; margin-top: 1em; text-align: justify; border-radius: 10px;\"><script async=\"\" src=\"\/\/pagead2.googlesyndication.com\/pagead\/js\/adsbygoogle.js\"><\/script> <br \/> \n <!-- cob-dossier-gauche -->  <br \/> \n<ins class=\"adsbygoogle\" style=\"display: block;\" data-ad-client=\"ca-pub-3631834167777130\" data-ad-slot=\"6832657395\" data-ad-format=\"auto\"><\/ins> <br \/> \n<script>\n(adsbygoogle = window.adsbygoogle || []).push({});\n<\/script> <br \/> \n<img loading=\"lazy\" decoding=\"async\" class=\"alignleft\" src=\"http:\/\/www.cobayous.Com\/site\/wp-content\/uploads\/img\/question.png\" alt=\"\" width=\"30\" height=\"30\"> <\/p> \n<h4>DES QUESTIONS ?<\/h4>\n <p> Tu as des questions \u00e0 poser sur les cobayes? Tu souhaites discuter avec nous? <\/p> \n <p> <img loading=\"lazy\" decoding=\"async\" class=\"alignleft\" title=\"talk\" src=\"http:\/\/www.cobayous.com\/site\/wp-content\/uploads\/img\/icon-talk.png\" alt=\"\" width=\"44\" height=\"30\"> <a href=\"http:\/\/www.cobayous.Com\/forum\">Rejoins-nous !<\/a> <\/p> \n<\/div>\n <p> [\/ezcol_1third] [ezcol_2third_end] <\/p> \n <p> Tout comme nous, les Cochons d&rsquo;Inde s&rsquo;expriment de diverses mani\u00e8res. Il y a le <strong>langage du corps<\/strong> et le <a title=\"Comportement : Les sons\" href=\"http:\/\/www.cobayous.com\/site\/les-dossiers\/comportement-du-cobaye\/les-sons\/\"><strong>langage auditif<\/strong><\/a>. Voici d&rsquo;abord les postures qu&rsquo;il peut prendre dans la vie de tous les jours. <\/p> \n<table border=\"1\" width=\"98%\" align=\"center\">\n<tbody>\n<tr>\n<td height=\"50\">\n<div>\n <p> <span style=\"color: #000000;\"><strong><span style=\"font-family: Trebuchet MS; color: #6699ff;\">Comportement<\/span><\/strong><\/span> <\/p> \n<\/div>\n<\/td>\n<td height=\"50\">\n<div>\n <p> <span style=\"color: #000000;\"><strong><span style=\"font-family: Trebuchet MS; color: #6699ff;\">Signification<\/span><\/strong><\/span> <\/p> \n<\/div>\n<\/td>\n<\/tr>\n<tr>\n<td height=\"40\">Deux Cochons d&rsquo;Inde se frottent mutuellement le nez<\/td>\n<td height=\"40\">Ils font connaissance<\/td>\n<\/tr>\n<tr>\n<td height=\"40\">Il se dresse sur ses pattes tendues<\/td>\n<td height=\"40\">Il impressionne l&rsquo;adversaire<\/td>\n<\/tr>\n<tr>\n<td height=\"40\">Il redresse la t\u00eate en formant un angle droit plus haut que son cong\u00e9n\u00e8re<\/td>\n<td height=\"40\">Signe de force<\/td>\n<\/tr>\n<tr>\n<td height=\"40\">La femelle ouvre grand la gueule et montre les dents<\/td>\n<td height=\"40\">Elle repousse les m\u00e2les qui l&#8217;emb\u00eatent<\/td>\n<\/tr>\n<tr>\n<td height=\"40\">Il s&rsquo;\u00e9tire de tout son long en baillant<\/td>\n<td height=\"40\">Bonheur, bien \u00eatre, repos<\/td>\n<\/tr>\n<tr>\n<td height=\"40\">Il saute et fait des cabrioles dans tous les sens en remuant la t\u00eate.<\/td>\n<td height=\"40\">Bonne humeur, heureux de vivre<\/td>\n<\/tr>\n<tr>\n<td height=\"40\">Il s&rsquo;allonge sur le dos en ne bougeant plus<\/td>\n<td height=\"40\">Fait le mort pour se d\u00e9fendre mais c&rsquo;est rare<\/td>\n<\/tr>\n<tr>\n<td height=\"40\">Il fait le beau (il se dresse sur ses pattes de derri\u00e8re)<\/td>\n<td height=\"40\">R\u00e9clame \u00e0 manger, se l\u00e8ve pour mieux voir ce qui l&rsquo;entour (\u00e0 ton arriv\u00e9e par exemple)<\/td>\n<\/tr>\n<tr>\n<td height=\"40\">Il allonge la t\u00eate<\/td>\n<td height=\"40\">Attention !<\/td>\n<\/tr>\n<tr>\n<td height=\"40\">Il rentre les pattes sous son corps<\/td>\n<td height=\"40\">Je ne me sens pas bien, j&rsquo;ai besoin d&rsquo;\u00eatre prot\u00e9g\u00e9<\/td>\n<\/tr>\n<\/tbody>\n<\/table>\n <p> Il faut aussi savoir que<strong> le Cochon d&rsquo;Inde<\/strong> (tout comme le lapin) <strong>mange ses excr\u00e9ments<\/strong>. <br \/> \nC&rsquo;est un <strong>comportement<\/strong> tout \u00e0 fait <strong>normal<\/strong> !N\u2019en soyez donc pas trop \u00e9tonn\u00e9 et surtout, ne l\u2019en emp\u00eachez pas. <br \/> \nSi il fait \u00e7a, c\u2019est pour que ses crottes passent une deuxi\u00e8me fois dans son syst\u00e8me digestif afin de r\u00e9cup\u00e9rer les vitamines et nutriments qui restent. Si vous le priviez de manger ses crottes, il manquerait de vitamines et cela nuirait \u00e0 sa bonne sant\u00e9. <\/p> \n <p> <strong><span style=\"font-family: Trebuchet MS; color: #000000;\">Sympt\u00f4mes plut\u00f4t n\u00e9gatifs de l\u2019animal<\/span><\/strong> <\/p> \n<table border=\"1\" width=\"98%\" align=\"center\">\n<tbody>\n<tr>\n<td height=\"50\">\n<div>\n <p> <span style=\"color: #6699ff;\"><strong><span style=\"font-family: Trebuchet MS;\">Si votre animal :<\/span><\/strong><\/span> <\/p> \n<\/div>\n<\/td>\n<td height=\"50\">\n<div>\n <p> <span style=\"color: #6699ff;\"><strong><span style=\"font-family: Trebuchet MS;\">C&rsquo;est peut-\u00eatre :<\/span><\/strong><\/span> <\/p> \n<\/div>\n<\/td>\n<td height=\"50\">\n<div>\n <p> <span style=\"color: #6699ff;\"><strong><span style=\"font-family: Trebuchet MS;\">Ce que vous pouvez faire :<\/span><\/strong><\/span> <\/p> \n<\/div>\n<\/td>\n<\/tr>\n<tr>\n<td height=\"70\">Reste assis sans plaisir et ne communique plus \u00e0 votre arriv\u00e9e<\/td>\n<td height=\"70\">Il s&rsquo;ennui, manque d&rsquo;exercice et de sorties<\/td>\n<td height=\"70\">L&rsquo;occuper, le faire sortir et mettre diff\u00e9rents objets dans la cage pour \u00e9gayer son attention.<\/td>\n<\/tr>\n<tr>\n<td height=\"70\">Il ne mange pas<\/td>\n<td height=\"70\">Alimentation inadapt\u00e9e, mauvaise temp\u00e9rature ambiante, courants d&rsquo;air, liti\u00e8re sale, probl\u00e8me de dents&#8230;<\/td>\n<td height=\"70\">V\u00e9rifier les points ci-contre et essayer de lui donner du frais et\/ou voir un v\u00e9t\u00e9rinaire.<\/td>\n<\/tr>\n<tr>\n<td height=\"70\">Il <strong>bave<\/strong> et ses poils lui collent \u00e0 la bouche<\/td>\n<td height=\"70\">Mauvaise usure des dents et donc elles sont trop longues &#8211;&gt; <a href=\"..\/..\/site\/dossiers\/maladiesfrequentescobaye.php\">malocclusion dentaire<\/a><\/td>\n<td height=\"70\">Consulter un v\u00e9t\u00e9rinaire qui lui limera les dents. C&rsquo;est une <strong>urgence<\/strong>.<\/td>\n<\/tr>\n<\/tbody>\n<\/table>\n <p> Ces signes sont ceux que l&rsquo;on rencontre le plus souvent mais le cobaye peut faire bien d&rsquo;autres choses. <br \/> \nViens donc visiter la rubrique \u00ab\u00a0<a href=\"http:\/\/www.cobayous.com\/forum\/comportement-habitudes-f4.html\" target=\"_blank\">Comportement et habitude<\/a>\u00a0\u00bb du forum afin de trouver plus d&rsquo;infos <span class=\"wp-font-emots-emo-wink\"><\/span> <\/p> \n <p> <a href=\"http:\/\/www.cobayous.com\/site\/qui-sommes-nous\/\"><img loading=\"lazy\" decoding=\"async\" class=\"alignright\" title=\"copyright-pomelo.jpg\" src=\"\/site\/wp-content\/uploads\/dossiers\/copyright-pomelo.jpg\" alt=\"copyright-pomelo.jpg\" width=\"275\" height=\"50\" border=\"0\"><\/a> <\/p> \n <p> [\/ezcol_2third_end] <\/p> \n","protected":false},"excerpt":{"rendered":" <p> [ezcol_1third] EN BREF Le cobaye est un animal tr\u00e8s expressif. Prenez votre temps pour l&rsquo;observer et l&rsquo;\u00e9couter. Il y a tant de choses \u00e0 apprendre! A LIRE Dans la rubrique&#8230; <a href=\"http:\/\/www.cobayous.com\/site\/les-dossiers\/comportement-du-cobaye\/language-du-corps\/\">Read more &raquo;<\/a> <\/p> \n","protected":false},"author":1,"featured_media":0,"parent":194,"menu_order":0,"comment_status":"closed","ping_status":"closed","template":"","meta":{"ngg_post_thumbnail":0,"footnotes":""},"class_list":["post-197","page","type-page","status-publish","hentry"],"yoast_head":"<!-- This site is optimized with the Yoast SEO plugin v27.1.1 - https:\/\/yoast.com\/product\/yoast-seo-wordpress\/ -->\n<title>Comportement : Language du corps - Les Cobayes Pom&amp;Lolo<\/title>\n<meta name=\"robots\" content=\"index, follow, max-snippet:-1, max-image-preview:large, max-video-preview:-1\" \/>\n<link rel=\"canonical\" href=\"http:\/\/www.cobayous.com\/site\/les-dossiers\/comportement-du-cobaye\/language-du-corps\/\" \/>\n<meta property=\"og:locale\" content=\"fr_FR\" \/>\n<meta property=\"og:type\" content=\"article\" \/>\n<meta property=\"og:title\" content=\"Comportement : Language du corps - Les Cobayes Pom&amp;Lolo\" \/>\n<meta property=\"og:description\" content=\"[ezcol_1third] EN BREF Le cobaye est un animal tr\u00e8s expressif. Prenez votre temps pour l&rsquo;observer et l&rsquo;\u00e9couter. Il y a tant de choses \u00e0 apprendre! A LIRE Dans la rubrique... Read more &raquo;\" \/>\n<meta property=\"og:url\" content=\"http:\/\/www.cobayous.com\/site\/les-dossiers\/comportement-du-cobaye\/language-du-corps\/\" \/>\n<meta property=\"og:site_name\" content=\"Les Cobayes Pom&amp;Lolo\" \/>\n<meta property=\"article:modified_time\" content=\"2016-11-23T20:12:42+00:00\" \/>\n<meta property=\"og:image\" content=\"http:\/\/www.cobayous.Com\/site\/wp-content\/uploads\/img\/memo.png\" \/>\n<meta name=\"twitter:card\" content=\"summary_large_image\" \/>\n<meta name=\"twitter:label1\" content=\"Dur\u00e9e de lecture estim\u00e9e\" \/>\n\t<meta name=\"twitter:data1\" content=\"3 minutes\" \/>\n<script type=\"application\/ld+json\" class=\"yoast-schema-graph\">{\"@context\":\"https:\/\/schema.org\",\"@graph\":[{\"@type\":\"WebPage\",\"@id\":\"http:\/\/www.cobayous.com\/site\/les-dossiers\/comportement-du-cobaye\/language-du-corps\/\",\"url\":\"http:\/\/www.cobayous.com\/site\/les-dossiers\/comportement-du-cobaye\/language-du-corps\/\",\"name\":\"Comportement : Language du corps - Les Cobayes Pom&amp;Lolo\",\"isPartOf\":{\"@id\":\"http:\/\/www.cobayous.com\/site\/#website\"},\"primaryImageOfPage\":{\"@id\":\"http:\/\/www.cobayous.com\/site\/les-dossiers\/comportement-du-cobaye\/language-du-corps\/#primaryimage\"},\"image\":{\"@id\":\"http:\/\/www.cobayous.com\/site\/les-dossiers\/comportement-du-cobaye\/language-du-corps\/#primaryimage\"},\"thumbnailUrl\":\"http:\/\/www.cobayous.Com\/site\/wp-content\/uploads\/img\/memo.png\",\"datePublished\":\"2010-05-13T19:00:33+00:00\",\"dateModified\":\"2016-11-23T20:12:42+00:00\",\"breadcrumb\":{\"@id\":\"http:\/\/www.cobayous.com\/site\/les-dossiers\/comportement-du-cobaye\/language-du-corps\/#breadcrumb\"},\"inLanguage\":\"fr-FR\",\"potentialAction\":[{\"@type\":\"ReadAction\",\"target\":[\"http:\/\/www.cobayous.com\/site\/les-dossiers\/comportement-du-cobaye\/language-du-corps\/\"]}]},{\"@type\":\"ImageObject\",\"inLanguage\":\"fr-FR\",\"@id\":\"http:\/\/www.cobayous.com\/site\/les-dossiers\/comportement-du-cobaye\/language-du-corps\/#primaryimage\",\"url\":\"http:\/\/www.cobayous.Com\/site\/wp-content\/uploads\/img\/memo.png\",\"contentUrl\":\"http:\/\/www.cobayous.Com\/site\/wp-content\/uploads\/img\/memo.png\"},{\"@type\":\"BreadcrumbList\",\"@id\":\"http:\/\/www.cobayous.com\/site\/les-dossiers\/comportement-du-cobaye\/language-du-corps\/#breadcrumb\",\"itemListElement\":[{\"@type\":\"ListItem\",\"position\":1,\"name\":\"Accueil\",\"item\":\"http:\/\/www.cobayous.com\/site\/\"},{\"@type\":\"ListItem\",\"position\":2,\"name\":\"Dossiers\",\"item\":\"http:\/\/www.cobayous.com\/site\/les-dossiers\/\"},{\"@type\":\"ListItem\",\"position\":3,\"name\":\"Comportement\",\"item\":\"http:\/\/www.cobayous.com\/site\/les-dossiers\/comportement-du-cobaye\/\"},{\"@type\":\"ListItem\",\"position\":4,\"name\":\"Comportement : Language du corps\"}]},{\"@type\":\"WebSite\",\"@id\":\"http:\/\/www.cobayous.com\/site\/#website\",\"url\":\"http:\/\/www.cobayous.com\/site\/\",\"name\":\"Les Cobayes Pom&Lolo\",\"description\":\"\",\"publisher\":{\"@id\":\"http:\/\/www.cobayous.com\/site\/#organization\"},\"potentialAction\":[{\"@type\":\"SearchAction\",\"target\":{\"@type\":\"EntryPoint\",\"urlTemplate\":\"http:\/\/www.cobayous.com\/site\/?s={search_term_string}\"},\"query-input\":{\"@type\":\"PropertyValueSpecification\",\"valueRequired\":true,\"valueName\":\"search_term_string\"}}],\"inLanguage\":\"fr-FR\"},{\"@type\":\"Organization\",\"@id\":\"http:\/\/www.cobayous.com\/site\/#organization\",\"name\":\"Les Cobayes Pom&Lolo\",\"url\":\"http:\/\/www.cobayous.com\/site\/\",\"logo\":{\"@type\":\"ImageObject\",\"inLanguage\":\"fr-FR\",\"@id\":\"http:\/\/www.cobayous.com\/site\/#\/schema\/logo\/image\/\",\"url\":\"http:\/\/www.cobayous.com\/site\/wp-content\/uploads\/2024\/01\/header-bg.png\",\"contentUrl\":\"http:\/\/www.cobayous.com\/site\/wp-content\/uploads\/2024\/01\/header-bg.png\",\"width\":1022,\"height\":250,\"caption\":\"Les Cobayes Pom&Lolo\"},\"image\":{\"@id\":\"http:\/\/www.cobayous.com\/site\/#\/schema\/logo\/image\/\"}}]}<\/script>\n<!-- \/ Yoast SEO plugin. -->","yoast_head_json":{"title":"Comportement : Language du corps - Les Cobayes Pom&amp;Lolo","robots":{"index":"index","follow":"follow","max-snippet":"max-snippet:-1","max-image-preview":"max-image-preview:large","max-video-preview":"max-video-preview:-1"},"canonical":"http:\/\/www.cobayous.com\/site\/les-dossiers\/comportement-du-cobaye\/language-du-corps\/","og_locale":"fr_FR","og_type":"article","og_title":"Comportement : Language du corps - Les Cobayes Pom&amp;Lolo","og_description":"[ezcol_1third] EN BREF Le cobaye est un animal tr\u00e8s expressif. Prenez votre temps pour l&rsquo;observer et l&rsquo;\u00e9couter. Il y a tant de choses \u00e0 apprendre! A LIRE Dans la rubrique... Read more &raquo;","og_url":"http:\/\/www.cobayous.com\/site\/les-dossiers\/comportement-du-cobaye\/language-du-corps\/","og_site_name":"Les Cobayes Pom&amp;Lolo","article_modified_time":"2016-11-23T20:12:42+00:00","og_image":[{"url":"http:\/\/www.cobayous.Com\/site\/wp-content\/uploads\/img\/memo.png","type":"","width":"","height":""}],"twitter_card":"summary_large_image","twitter_misc":{"Dur\u00e9e de lecture estim\u00e9e":"3 minutes"},"schema":{"@context":"https:\/\/schema.org","@graph":[{"@type":"WebPage","@id":"http:\/\/www.cobayous.com\/site\/les-dossiers\/comportement-du-cobaye\/language-du-corps\/","url":"http:\/\/www.cobayous.com\/site\/les-dossiers\/comportement-du-cobaye\/language-du-corps\/","name":"Comportement : Language du corps - Les Cobayes Pom&amp;Lolo","isPartOf":{"@id":"http:\/\/www.cobayous.com\/site\/#website"},"primaryImageOfPage":{"@id":"http:\/\/www.cobayous.com\/site\/les-dossiers\/comportement-du-cobaye\/language-du-corps\/#primaryimage"},"image":{"@id":"http:\/\/www.cobayous.com\/site\/les-dossiers\/comportement-du-cobaye\/language-du-corps\/#primaryimage"},"thumbnailUrl":"http:\/\/www.cobayous.Com\/site\/wp-content\/uploads\/img\/memo.png","datePublished":"2010-05-13T19:00:33+00:00","dateModified":"2016-11-23T20:12:42+00:00","breadcrumb":{"@id":"http:\/\/www.cobayous.com\/site\/les-dossiers\/comportement-du-cobaye\/language-du-corps\/#breadcrumb"},"inLanguage":"fr-FR","potentialAction":[{"@type":"ReadAction","target":["http:\/\/www.cobayous.com\/site\/les-dossiers\/comportement-du-cobaye\/language-du-corps\/"]}]},{"@type":"ImageObject","inLanguage":"fr-FR","@id":"http:\/\/www.cobayous.com\/site\/les-dossiers\/comportement-du-cobaye\/language-du-corps\/#primaryimage","url":"http:\/\/www.cobayous.Com\/site\/wp-content\/uploads\/img\/memo.png","contentUrl":"http:\/\/www.cobayous.Com\/site\/wp-content\/uploads\/img\/memo.png"},{"@type":"BreadcrumbList","@id":"http:\/\/www.cobayous.com\/site\/les-dossiers\/comportement-du-cobaye\/language-du-corps\/#breadcrumb","itemListElement":[{"@type":"ListItem","position":1,"name":"Accueil","item":"http:\/\/www.cobayous.com\/site\/"},{"@type":"ListItem","position":2,"name":"Dossiers","item":"http:\/\/www.cobayous.com\/site\/les-dossiers\/"},{"@type":"ListItem","position":3,"name":"Comportement","item":"http:\/\/www.cobayous.com\/site\/les-dossiers\/comportement-du-cobaye\/"},{"@type":"ListItem","position":4,"name":"Comportement : Language du corps"}]},{"@type":"WebSite","@id":"http:\/\/www.cobayous.com\/site\/#website","url":"http:\/\/www.cobayous.com\/site\/","name":"Les Cobayes Pom&Lolo","description":"","publisher":{"@id":"http:\/\/www.cobayous.com\/site\/#organization"},"potentialAction":[{"@type":"SearchAction","target":{"@type":"EntryPoint","urlTemplate":"http:\/\/www.cobayous.com\/site\/?s={search_term_string}"},"query-input":{"@type":"PropertyValueSpecification","valueRequired":true,"valueName":"search_term_string"}}],"inLanguage":"fr-FR"},{"@type":"Organization","@id":"http:\/\/www.cobayous.com\/site\/#organization","name":"Les Cobayes Pom&Lolo","url":"http:\/\/www.cobayous.com\/site\/","logo":{"@type":"ImageObject","inLanguage":"fr-FR","@id":"http:\/\/www.cobayous.com\/site\/#\/schema\/logo\/image\/","url":"http:\/\/www.cobayous.com\/site\/wp-content\/uploads\/2024\/01\/header-bg.png","contentUrl":"http:\/\/www.cobayous.com\/site\/wp-content\/uploads\/2024\/01\/header-bg.png","width":1022,"height":250,"caption":"Les Cobayes Pom&Lolo"},"image":{"@id":"http:\/\/www.cobayous.com\/site\/#\/schema\/logo\/image\/"}}]}},"_links":{"self":[{"href":"http:\/\/www.cobayous.com\/site\/wp-json\/wp\/v2\/pages\/197","targetHints":{"allow":["GET"]}}],"collection":[{"href":"http:\/\/www.cobayous.com\/site\/wp-json\/wp\/v2\/pages"}],"about":[{"href":"http:\/\/www.cobayous.com\/site\/wp-json\/wp\/v2\/types\/page"}],"author":[{"embeddable":true,"href":"http:\/\/www.cobayous.com\/site\/wp-json\/wp\/v2\/users\/1"}],"replies":[{"embeddable":true,"href":"http:\/\/www.cobayous.com\/site\/wp-json\/wp\/v2\/comments?post=197"}],"version-history":[{"count":2,"href":"http:\/\/www.cobayous.com\/site\/wp-json\/wp\/v2\/pages\/197\/revisions"}],"predecessor-version":[{"id":3733,"href":"http:\/\/www.cobayous.com\/site\/wp-json\/wp\/v2\/pages\/197\/revisions\/3733"}],"up":[{"embeddable":true,"href":"http:\/\/www.cobayous.com\/site\/wp-json\/wp\/v2\/pages\/194"}],"wp:attachment":[{"href":"http:\/\/www.cobayous.com\/site\/wp-json\/wp\/v2\/media?parent=197"}],"curies":[{"name":"wp","href":"https:\/\/api.w.org\/{rel}","templated":true}]}}