{"id":1946,"date":"2009-08-15T22:50:58","date_gmt":"2009-08-15T21:50:58","guid":{"rendered":"http:\/\/www.cobayous.com\/site\/?page_id=1946"},"modified":"2016-04-13T21:57:07","modified_gmt":"2016-04-13T20:57:07","slug":"la-vie-palpitante-de-zephir","status":"publish","type":"page","link":"http:\/\/www.cobayous.com\/site\/les-piggies\/petites-histoires\/la-vie-palpitante-de-zephir\/","title":{"rendered":"La vie palpitante de Z\u00e9phir"},"content":{"rendered":" <p> Moi Z\u00e9phir, cochon d\u2019inde poils lisse Himalayen aux yeux rouge.        Vivant dans le Nord de la France, dans une maison \u00e0 barreau bien        confortable et moelleuse. Je suis court sur patte et j\u2019adore faire        le fou dans ma cage. Comprenez moi, je voudrais plaire \u00e0 mes locataires        du dessous alors j\u2019use de pleins de stratag\u00e8mes pour les s\u00e9duire        au grand dam de ma ma\u00eetresse. <\/p> \n<div id=\"contenu\">\n <p> En parlant d\u2019elle, c\u2019est une jeune femme, qui est immense !!        Si si, je vous jure !! Elle est tr\u00e8s gentille ma maman d\u2019adoption        bah vi, voyons c\u2019est pas ma vraie maman. Elle me donne beaucoup d\u2019amour,        de c\u00e2lin, de l\u00e9gumes, de foin, d\u2019eau et j\u2019en passe\u2026        Entre nous, je suis un vrai pacha, je passe mes journ\u00e9es \u00e0        crier pour r\u00e9clamer \u00e0 manger et \u00e0 dormir, activit\u00e9        tr\u00e8s importante !!! <\/p> \n <p> Mesdames, Mesdemoiselles et Messieurs, si vous \u00eates des \u00e2mes        sensibles, je vous conseillerai de passer votre chemin et de ne pas lire        ce qu\u2019il va suivre car vous n\u2019allez plus savoir dormir apr\u00e8s        \u00e7a\u2026 Promesse de chon !! Hi hi <\/p> \n <p> <em>Flashback<\/em> <\/p> \n <p> Un jour, fin une nuit plut\u00f4t, alors que j\u2019\u00e9tais paisiblement        endormi sur un amas de copeaux bien au chaud. Je me r\u00e9veillai en        sursaut, j\u2019\u00e9touffais un cri pour ne pas r\u00e9veiller ma        ma\u00eetresse qui dormait paisiblement\u2026 Je vis deux lumi\u00e8res        rouges, on aurait dis des yeux qui me fixait. J\u2019\u00e9tais paniqu\u00e9,        je ne savais pas quoi faire ! Devais-je pouickais pour r\u00e9veiller        ma ma\u00eetresse ? Devais-je faire semblant de ne rien voir et me recoucher        sans piper mot ? J\u2019\u00e9tais compl\u00e8tement d\u00e9stabilis\u00e9        et pris par la peur, je ne bougeais plus, attendant ce que tout ceci signifiait.        Attendant mon triste sort\u2026 <\/p> \n <p> Soudain, j\u2019entendis du bruit, quelqu\u2019un me parlait dans ma        langue maternelle ! Ne vous inqui\u00e9tez pas je vais vous faire la traduction        !! J\u2019\u00e9carquillais les yeux et \u00e9coutais ce que la voix        me disait\u2026 <\/p> \n <p> &#8211; Bonjour Z\u00e9phir <br \/> \n&#8211; Bonjour, dis-je d\u2019une voix tremblante <br \/> \n&#8211; Sais-tu qui je suis petit chon ? <br \/> \n&#8211; Euh non, je ne crois pas <br \/> \n&#8211; Hey bien, je suis Z\u00e9bulon, chon puissant parmi les tout puissant        !! Je suis ton Dieu, j\u2019ai le pouvoir de vie ou de mort sur toi et        tout tes cong\u00e9n\u00e8res ! Je suis ici car j\u2019ai une mission        pour toi ! Et j\u2019ai bien peur que tu ne puisses pas refuser\u2026        Dit-il avec un ptit rire diabolique <\/p> \n <p> Je d\u00e9glutis, j\u2019avais le Dieu de tout les chons en face de        moi ! J\u2019en avais entendu parler mais moi je pensais que c\u2019\u00e9tait        juste une l\u00e9gende rien de plus ! Mais pourquoi venir me voir moi        !? J\u2019ai vraiment pas de bol, fallait que \u00e7a tombe sur moi,        puff. Sois fort Z\u00e9phir me dis-je \u00e0 moi-m\u00eame sans grande        conviction !! Je pris mon courage \u00e0 deux mains et lui r\u00e9pondit\u2026 <\/p> \n <p> &#8211; Je suis votre chon, j\u2019accepte cette mission bien que je n\u2019aie        pas le choix ! Mais j\u2019ai d\u00e9cid\u00e9 d\u2019\u00eatre fort        pour moi et les miens ! Je veux faire de grande chose \u00f4 grand ma\u00eetre        ! <\/p> \n <p> Il ne me r\u00e9pondit pas, je patientais difficilement\u2026 Et dans        un mouvement brusque, il s\u2019\u00e9tait rapproch\u00e9, les deux        yeux me fixaient intens\u00e9ment et je sentais son souffle sur mon nez        ! J\u2019avalai difficilement. Et dans un mouvement presque invisible,        je sentis les dents de Z\u00e9bulon dans mon cou ! A ce moment l\u00e0,        je ressentis une forte chaleur dans mon corps. J\u2019avais tr\u00e8s        mal ! J\u2019aurais voulu crier ma douleur mais aucun son ne sortait de        ma bouche\u2026 Je sentais un liquide se r\u00e9pandre en moi, il me        br\u00fblait de l\u2019int\u00e9rieur. Mes membres \u00e9taient engourdis,        j\u2019\u00e9tais t\u00e9tanis\u00e9 par la peur et la douleur\u2026 <\/p> \n <p> Au bout de quelques minutes, je sentis la douleur s\u2019att\u00e9nuer,        je commen\u00e7ais de nouveau \u00e0 sentir mes pattes avant et arri\u00e8re.        Je me calmais. C\u2019est l\u00e0 que le Dieu des chons repris la parole. <\/p> \n <p> &#8211; Comment te sens-tu mon jeune enfant ? <br \/> \n&#8211; Mieux, je ressens de nouveau mes pattes et la sensation de br\u00fblure        s\u2019estompe aussi. Que m\u2019avez-vous fait ? Dis-je dans un murmure <br \/> \n&#8211; Hey bien, maintenant tu seras un chon diff\u00e9rent. Je t\u2019ai        transform\u00e9 afin que du devienne un super h\u00e9ros, fin plut\u00f4t        un Super-Chon\u2026 Tu auras la possibilit\u00e9 de voler, tu auras plus        de puissance et de rapidit\u00e9. Ta mission sera d\u2019aider toutes        les nuits, les chons en difficult\u00e9 dans les maisons, les animaleries,\u2026        Partout o\u00f9 tu pourras ! Tu auras \u00e9galement une ou\u00efe hyper        d\u00e9velopp\u00e9 ainsi tu pourras entendre les cochons d\u2019indes        en d\u00e9tresse !! Je t\u2019ai choisi car je sais que tu es une brave        b\u00eate, j\u2019ai toujours su compter sur toi ! Ca fait longtemps que        je t\u2019observe ! Tu es un tr\u00e8s bon \u00e9l\u00e9ment, m\u00eame        si je trouve que tu es un peu trop dragueur\u2026 <br \/> \n&#8211; Mais\u2026 Mais\u2026 <br \/> \n&#8211; C\u2019est gr\u00e2ce au venin que je t\u2019ai transmis. Tu as acquis        tout \u00e7a rien qu\u2019avec un simple liquide, je sais c\u2019est        dur \u00e0 croire mais d\u00e9sormais, tu es un Chon-Vampire Z\u00e9phir        et tu te dois de sauver le monde des animaux !! <br \/> \n&#8211; Un Chon-Vampire. R\u00e9p\u00e9tai-je <\/p> \n <p> Waaaaouuhhhh, je passais d\u2019un simple cochon d\u2019inde \u00e0        un cochon d\u2019inde vampire ! Mais avec ce titre ma cote de popularit\u00e9        va augmenter, je vais pouvoir me faire toute les ptites minettes du coin        et surtout ma douce et belle Carm\u00e9lina !! Ohhhhhh, finalement, je        suis content que ce soit tomb\u00e9 sur moi tout \u00e7a\u2026 Quand,        je repris enfin mes esprits, les yeux rouges avaient disparu, seul le silence        demeurait et je tombais vite dans le sommeil avant que mes nuits ne soient        rythm\u00e9es par mes sauvetages\u2026 <\/p> \n <p> <em>Fin du flashback<\/em> <\/p> \n <p> \u00c7a vous a plu !? Hey oui, je suis sure que vous n\u2019imaginiez        pas tout \u00e7a et pourtant c\u2019est bien vrai !! Oh mais je vous        vois venir, yeux rouges, crocs ac\u00e9r\u00e9s, poils blanc, gousses        d\u2019ails, crucifies, eau b\u00e9nite (n\u2019y songe m\u00eame pas        Mary ^^), pieu et j\u2019en passe des vertes et des pas mures !! Mais que        nenni, bon j\u2019avoue j\u2019ai les yeux rouges et les poils blanc,        d\u2019ailleurs c\u2019est tout ce qui fait mon charme voyez-vous\u2026        Bref, ne vous lancez pas en chasse contre moi, je suis gentil tout plein        !! <\/p> \n <p> Il est temps pour moi de me retirer, je suis content de vous avoir fait        partager un bout de mon histoire, surtout ne dites rien \u00e0 ma maman,        elle n\u2019est au courant de rien puisque quand, je m\u2019en vais, elle        dort paisiblement. <\/p> \n <p> Sur ce mes toutes belles, je vais me reposer, la nuit fut courte et tout        ceci m\u2019a fortement \u00e9puis\u00e9. Puis, il faut que je sois        en forme pour mes chonchonettes, je ne dois pas les d\u00e9cevoir voyez-vous\u2026 <\/p> \n<p style=\"text-align: right;\"><strong><span style=\"text-decoration: underline;\"><em>Z\u00e9phir votre Chon-Vampire<\/em><\/span><\/strong> <\/p> \n <p> &nbsp; <\/p> \n<div style=\"text-align: center;\"><strong><span style=\"color: #ff0000;\">Cette        petite histoire est la propri\u00e9t\u00e9 de l&rsquo;auteur. <\/span><\/strong> <br \/> \n<strong><span style=\"color: #ff0000;\"> Elle ne doit pas \u00eatre retrouv\u00e9e ailleurs sans autorisation.<\/span><\/strong> <br \/> \n<strong><span style=\"color: #ff0000;\"> Merci de votre compr\u00e9hension !<\/span><\/strong><\/div>\n<\/div>\n","protected":false},"excerpt":{"rendered":" <p> Moi Z\u00e9phir, cochon d\u2019inde poils lisse Himalayen aux yeux rouge. Vivant dans le Nord de la France, dans une maison \u00e0 barreau bien confortable et moelleuse. Je suis court sur&#8230; <a href=\"http:\/\/www.cobayous.com\/site\/les-piggies\/petites-histoires\/la-vie-palpitante-de-zephir\/\">Read more &raquo;<\/a> <\/p> \n","protected":false},"author":1,"featured_media":0,"parent":1941,"menu_order":0,"comment_status":"open","ping_status":"closed","template":"","meta":{"ngg_post_thumbnail":0,"footnotes":""},"class_list":["post-1946","page","type-page","status-publish","hentry"],"yoast_head":"<!-- This site is optimized with the Yoast SEO plugin v27.1.1 - https:\/\/yoast.com\/product\/yoast-seo-wordpress\/ -->\n<title>La vie palpitante de Z\u00e9phir - Les Cobayes Pom&amp;Lolo<\/title>\n<meta name=\"robots\" content=\"index, follow, max-snippet:-1, max-image-preview:large, max-video-preview:-1\" \/>\n<link rel=\"canonical\" href=\"http:\/\/www.cobayous.com\/site\/les-piggies\/petites-histoires\/la-vie-palpitante-de-zephir\/\" \/>\n<meta property=\"og:locale\" content=\"fr_FR\" \/>\n<meta property=\"og:type\" content=\"article\" \/>\n<meta property=\"og:title\" content=\"La vie palpitante de Z\u00e9phir - Les Cobayes Pom&amp;Lolo\" \/>\n<meta property=\"og:description\" content=\"Moi Z\u00e9phir, cochon d\u2019inde poils lisse Himalayen aux yeux rouge. Vivant dans le Nord de la France, dans une maison \u00e0 barreau bien confortable et moelleuse. Je suis court sur... Read more &raquo;\" \/>\n<meta property=\"og:url\" content=\"http:\/\/www.cobayous.com\/site\/les-piggies\/petites-histoires\/la-vie-palpitante-de-zephir\/\" \/>\n<meta property=\"og:site_name\" content=\"Les Cobayes Pom&amp;Lolo\" \/>\n<meta property=\"article:modified_time\" content=\"2016-04-13T20:57:07+00:00\" \/>\n<meta name=\"twitter:card\" content=\"summary_large_image\" \/>\n<meta name=\"twitter:label1\" content=\"Dur\u00e9e de lecture estim\u00e9e\" \/>\n\t<meta name=\"twitter:data1\" content=\"6 minutes\" \/>\n<script type=\"application\/ld+json\" class=\"yoast-schema-graph\">{\"@context\":\"https:\/\/schema.org\",\"@graph\":[{\"@type\":\"WebPage\",\"@id\":\"http:\/\/www.cobayous.com\/site\/les-piggies\/petites-histoires\/la-vie-palpitante-de-zephir\/\",\"url\":\"http:\/\/www.cobayous.com\/site\/les-piggies\/petites-histoires\/la-vie-palpitante-de-zephir\/\",\"name\":\"La vie palpitante de Z\u00e9phir - Les Cobayes Pom&amp;Lolo\",\"isPartOf\":{\"@id\":\"http:\/\/www.cobayous.com\/site\/#website\"},\"datePublished\":\"2009-08-15T21:50:58+00:00\",\"dateModified\":\"2016-04-13T20:57:07+00:00\",\"breadcrumb\":{\"@id\":\"http:\/\/www.cobayous.com\/site\/les-piggies\/petites-histoires\/la-vie-palpitante-de-zephir\/#breadcrumb\"},\"inLanguage\":\"fr-FR\",\"potentialAction\":[{\"@type\":\"ReadAction\",\"target\":[\"http:\/\/www.cobayous.com\/site\/les-piggies\/petites-histoires\/la-vie-palpitante-de-zephir\/\"]}]},{\"@type\":\"BreadcrumbList\",\"@id\":\"http:\/\/www.cobayous.com\/site\/les-piggies\/petites-histoires\/la-vie-palpitante-de-zephir\/#breadcrumb\",\"itemListElement\":[{\"@type\":\"ListItem\",\"position\":1,\"name\":\"Accueil\",\"item\":\"http:\/\/www.cobayous.com\/site\/\"},{\"@type\":\"ListItem\",\"position\":2,\"name\":\"Piggies\",\"item\":\"http:\/\/www.cobayous.com\/site\/les-piggies\/\"},{\"@type\":\"ListItem\",\"position\":3,\"name\":\"Les petites histoires\",\"item\":\"http:\/\/www.cobayous.com\/site\/les-piggies\/petites-histoires\/\"},{\"@type\":\"ListItem\",\"position\":4,\"name\":\"La vie palpitante de Z\u00e9phir\"}]},{\"@type\":\"WebSite\",\"@id\":\"http:\/\/www.cobayous.com\/site\/#website\",\"url\":\"http:\/\/www.cobayous.com\/site\/\",\"name\":\"Les Cobayes Pom&Lolo\",\"description\":\"\",\"publisher\":{\"@id\":\"http:\/\/www.cobayous.com\/site\/#organization\"},\"potentialAction\":[{\"@type\":\"SearchAction\",\"target\":{\"@type\":\"EntryPoint\",\"urlTemplate\":\"http:\/\/www.cobayous.com\/site\/?s={search_term_string}\"},\"query-input\":{\"@type\":\"PropertyValueSpecification\",\"valueRequired\":true,\"valueName\":\"search_term_string\"}}],\"inLanguage\":\"fr-FR\"},{\"@type\":\"Organization\",\"@id\":\"http:\/\/www.cobayous.com\/site\/#organization\",\"name\":\"Les Cobayes Pom&Lolo\",\"url\":\"http:\/\/www.cobayous.com\/site\/\",\"logo\":{\"@type\":\"ImageObject\",\"inLanguage\":\"fr-FR\",\"@id\":\"http:\/\/www.cobayous.com\/site\/#\/schema\/logo\/image\/\",\"url\":\"http:\/\/www.cobayous.com\/site\/wp-content\/uploads\/2024\/01\/header-bg.png\",\"contentUrl\":\"http:\/\/www.cobayous.com\/site\/wp-content\/uploads\/2024\/01\/header-bg.png\",\"width\":1022,\"height\":250,\"caption\":\"Les Cobayes Pom&Lolo\"},\"image\":{\"@id\":\"http:\/\/www.cobayous.com\/site\/#\/schema\/logo\/image\/\"}}]}<\/script>\n<!-- \/ Yoast SEO plugin. -->","yoast_head_json":{"title":"La vie palpitante de Z\u00e9phir - Les Cobayes Pom&amp;Lolo","robots":{"index":"index","follow":"follow","max-snippet":"max-snippet:-1","max-image-preview":"max-image-preview:large","max-video-preview":"max-video-preview:-1"},"canonical":"http:\/\/www.cobayous.com\/site\/les-piggies\/petites-histoires\/la-vie-palpitante-de-zephir\/","og_locale":"fr_FR","og_type":"article","og_title":"La vie palpitante de Z\u00e9phir - Les Cobayes Pom&amp;Lolo","og_description":"Moi Z\u00e9phir, cochon d\u2019inde poils lisse Himalayen aux yeux rouge. Vivant dans le Nord de la France, dans une maison \u00e0 barreau bien confortable et moelleuse. Je suis court sur... Read more &raquo;","og_url":"http:\/\/www.cobayous.com\/site\/les-piggies\/petites-histoires\/la-vie-palpitante-de-zephir\/","og_site_name":"Les Cobayes Pom&amp;Lolo","article_modified_time":"2016-04-13T20:57:07+00:00","twitter_card":"summary_large_image","twitter_misc":{"Dur\u00e9e de lecture estim\u00e9e":"6 minutes"},"schema":{"@context":"https:\/\/schema.org","@graph":[{"@type":"WebPage","@id":"http:\/\/www.cobayous.com\/site\/les-piggies\/petites-histoires\/la-vie-palpitante-de-zephir\/","url":"http:\/\/www.cobayous.com\/site\/les-piggies\/petites-histoires\/la-vie-palpitante-de-zephir\/","name":"La vie palpitante de Z\u00e9phir - Les Cobayes Pom&amp;Lolo","isPartOf":{"@id":"http:\/\/www.cobayous.com\/site\/#website"},"datePublished":"2009-08-15T21:50:58+00:00","dateModified":"2016-04-13T20:57:07+00:00","breadcrumb":{"@id":"http:\/\/www.cobayous.com\/site\/les-piggies\/petites-histoires\/la-vie-palpitante-de-zephir\/#breadcrumb"},"inLanguage":"fr-FR","potentialAction":[{"@type":"ReadAction","target":["http:\/\/www.cobayous.com\/site\/les-piggies\/petites-histoires\/la-vie-palpitante-de-zephir\/"]}]},{"@type":"BreadcrumbList","@id":"http:\/\/www.cobayous.com\/site\/les-piggies\/petites-histoires\/la-vie-palpitante-de-zephir\/#breadcrumb","itemListElement":[{"@type":"ListItem","position":1,"name":"Accueil","item":"http:\/\/www.cobayous.com\/site\/"},{"@type":"ListItem","position":2,"name":"Piggies","item":"http:\/\/www.cobayous.com\/site\/les-piggies\/"},{"@type":"ListItem","position":3,"name":"Les petites histoires","item":"http:\/\/www.cobayous.com\/site\/les-piggies\/petites-histoires\/"},{"@type":"ListItem","position":4,"name":"La vie palpitante de Z\u00e9phir"}]},{"@type":"WebSite","@id":"http:\/\/www.cobayous.com\/site\/#website","url":"http:\/\/www.cobayous.com\/site\/","name":"Les Cobayes Pom&Lolo","description":"","publisher":{"@id":"http:\/\/www.cobayous.com\/site\/#organization"},"potentialAction":[{"@type":"SearchAction","target":{"@type":"EntryPoint","urlTemplate":"http:\/\/www.cobayous.com\/site\/?s={search_term_string}"},"query-input":{"@type":"PropertyValueSpecification","valueRequired":true,"valueName":"search_term_string"}}],"inLanguage":"fr-FR"},{"@type":"Organization","@id":"http:\/\/www.cobayous.com\/site\/#organization","name":"Les Cobayes Pom&Lolo","url":"http:\/\/www.cobayous.com\/site\/","logo":{"@type":"ImageObject","inLanguage":"fr-FR","@id":"http:\/\/www.cobayous.com\/site\/#\/schema\/logo\/image\/","url":"http:\/\/www.cobayous.com\/site\/wp-content\/uploads\/2024\/01\/header-bg.png","contentUrl":"http:\/\/www.cobayous.com\/site\/wp-content\/uploads\/2024\/01\/header-bg.png","width":1022,"height":250,"caption":"Les Cobayes Pom&Lolo"},"image":{"@id":"http:\/\/www.cobayous.com\/site\/#\/schema\/logo\/image\/"}}]}},"_links":{"self":[{"href":"http:\/\/www.cobayous.com\/site\/wp-json\/wp\/v2\/pages\/1946","targetHints":{"allow":["GET"]}}],"collection":[{"href":"http:\/\/www.cobayous.com\/site\/wp-json\/wp\/v2\/pages"}],"about":[{"href":"http:\/\/www.cobayous.com\/site\/wp-json\/wp\/v2\/types\/page"}],"author":[{"embeddable":true,"href":"http:\/\/www.cobayous.com\/site\/wp-json\/wp\/v2\/users\/1"}],"replies":[{"embeddable":true,"href":"http:\/\/www.cobayous.com\/site\/wp-json\/wp\/v2\/comments?post=1946"}],"version-history":[{"count":1,"href":"http:\/\/www.cobayous.com\/site\/wp-json\/wp\/v2\/pages\/1946\/revisions"}],"predecessor-version":[{"id":3596,"href":"http:\/\/www.cobayous.com\/site\/wp-json\/wp\/v2\/pages\/1946\/revisions\/3596"}],"up":[{"embeddable":true,"href":"http:\/\/www.cobayous.com\/site\/wp-json\/wp\/v2\/pages\/1941"}],"wp:attachment":[{"href":"http:\/\/www.cobayous.com\/site\/wp-json\/wp\/v2\/media?parent=1946"}],"curies":[{"name":"wp","href":"https:\/\/api.w.org\/{rel}","templated":true}]}}