{"id":1941,"date":"2009-08-15T22:47:39","date_gmt":"2009-08-15T21:47:39","guid":{"rendered":"http:\/\/www.cobayous.com\/site\/?page_id=1941"},"modified":"2016-04-13T21:56:57","modified_gmt":"2016-04-13T20:56:57","slug":"petites-histoires","status":"publish","type":"page","link":"http:\/\/www.cobayous.com\/site\/les-piggies\/petites-histoires\/","title":{"rendered":"Les petites histoires"},"content":{"rendered":" <p> Bienvenue dans cette nouvelle rubrique du site qui regroupera les histoires        gagnantes des concours \u00ab\u00a0Petites histoires\u00a0\u00bb. <\/p> \n <p> Voici la liste des petites histoires qui ont gagn\u00e9 suite aux votes        des membres jusqu&rsquo;\u00e0 pr\u00e9sent. <\/p> \n<ul>\n<li> <a href=\"http:\/\/www.cobayous.com\/site\/les-piggies\/petites-histoires\/la-vie-palpitante-de-zephir\/\"><strong>1\/        La vie palpitante de Z\u00e9phir<\/strong><\/a> par Zib\u00e9lule_59<\/li>\n<li><strong><a title=\"Un soir de d\u00e9cembre \u2026\" href=\"http:\/\/www.cobayous.com\/site\/les-piggies\/petites-histoires\/un-soir-de-decembre\/\">2\/ Un soir de d\u00e9cembre &#8230;<\/a><\/strong> par Zib\u00e9lule_59<\/li>\n<\/ul>\n <p> &nbsp; <\/p> \n<div style=\"text-align: center;\"><strong><span style=\"color: #ff0000;\">Ces        petites histoires sont la propri\u00e9t\u00e9 de leurs auteurs respectifs.<\/span><\/strong> <br \/> \n<strong><span style=\"color: #ff0000;\"> Elles ne doivent pas \u00eatre retrouv\u00e9es ailleurs sans autorisation.<\/span><\/strong> <br \/> \n<strong><span style=\"color: #ff0000;\"> Merci de votre compr\u00e9hension !<\/span><\/strong><\/div>\n","protected":false},"excerpt":{"rendered":" <p> Bienvenue dans cette nouvelle rubrique du site qui regroupera les histoires gagnantes des concours \u00ab\u00a0Petites histoires\u00a0\u00bb. Voici la liste des petites histoires qui ont gagn\u00e9 suite aux votes des membres&#8230; <a href=\"http:\/\/www.cobayous.com\/site\/les-piggies\/petites-histoires\/\">Read more &raquo;<\/a> <\/p> \n","protected":false},"author":1,"featured_media":0,"parent":320,"menu_order":0,"comment_status":"closed","ping_status":"closed","template":"","meta":{"ngg_post_thumbnail":0,"footnotes":""},"class_list":["post-1941","page","type-page","status-publish","hentry"],"yoast_head":"<!-- This site is optimized with the Yoast SEO plugin v27.1.1 - https:\/\/yoast.com\/product\/yoast-seo-wordpress\/ -->\n<title>Les petites histoires - Les Cobayes Pom&amp;Lolo<\/title>\n<meta name=\"robots\" content=\"index, follow, max-snippet:-1, max-image-preview:large, max-video-preview:-1\" \/>\n<link rel=\"canonical\" href=\"http:\/\/www.cobayous.com\/site\/les-piggies\/petites-histoires\/\" \/>\n<meta property=\"og:locale\" content=\"fr_FR\" \/>\n<meta property=\"og:type\" content=\"article\" \/>\n<meta property=\"og:title\" content=\"Les petites histoires - Les Cobayes Pom&amp;Lolo\" \/>\n<meta property=\"og:description\" content=\"Bienvenue dans cette nouvelle rubrique du site qui regroupera les histoires gagnantes des concours \u00ab\u00a0Petites histoires\u00a0\u00bb. Voici la liste des petites histoires qui ont gagn\u00e9 suite aux votes des membres... Read more &raquo;\" \/>\n<meta property=\"og:url\" content=\"http:\/\/www.cobayous.com\/site\/les-piggies\/petites-histoires\/\" \/>\n<meta property=\"og:site_name\" content=\"Les Cobayes Pom&amp;Lolo\" \/>\n<meta property=\"article:modified_time\" content=\"2016-04-13T20:56:57+00:00\" \/>\n<meta name=\"twitter:card\" content=\"summary_large_image\" \/>\n<script type=\"application\/ld+json\" class=\"yoast-schema-graph\">{\"@context\":\"https:\/\/schema.org\",\"@graph\":[{\"@type\":\"WebPage\",\"@id\":\"http:\/\/www.cobayous.com\/site\/les-piggies\/petites-histoires\/\",\"url\":\"http:\/\/www.cobayous.com\/site\/les-piggies\/petites-histoires\/\",\"name\":\"Les petites histoires - Les Cobayes Pom&amp;Lolo\",\"isPartOf\":{\"@id\":\"http:\/\/www.cobayous.com\/site\/#website\"},\"datePublished\":\"2009-08-15T21:47:39+00:00\",\"dateModified\":\"2016-04-13T20:56:57+00:00\",\"breadcrumb\":{\"@id\":\"http:\/\/www.cobayous.com\/site\/les-piggies\/petites-histoires\/#breadcrumb\"},\"inLanguage\":\"fr-FR\",\"potentialAction\":[{\"@type\":\"ReadAction\",\"target\":[\"http:\/\/www.cobayous.com\/site\/les-piggies\/petites-histoires\/\"]}]},{\"@type\":\"BreadcrumbList\",\"@id\":\"http:\/\/www.cobayous.com\/site\/les-piggies\/petites-histoires\/#breadcrumb\",\"itemListElement\":[{\"@type\":\"ListItem\",\"position\":1,\"name\":\"Accueil\",\"item\":\"http:\/\/www.cobayous.com\/site\/\"},{\"@type\":\"ListItem\",\"position\":2,\"name\":\"Piggies\",\"item\":\"http:\/\/www.cobayous.com\/site\/les-piggies\/\"},{\"@type\":\"ListItem\",\"position\":3,\"name\":\"Les petites histoires\"}]},{\"@type\":\"WebSite\",\"@id\":\"http:\/\/www.cobayous.com\/site\/#website\",\"url\":\"http:\/\/www.cobayous.com\/site\/\",\"name\":\"Les Cobayes Pom&Lolo\",\"description\":\"\",\"publisher\":{\"@id\":\"http:\/\/www.cobayous.com\/site\/#organization\"},\"potentialAction\":[{\"@type\":\"SearchAction\",\"target\":{\"@type\":\"EntryPoint\",\"urlTemplate\":\"http:\/\/www.cobayous.com\/site\/?s={search_term_string}\"},\"query-input\":{\"@type\":\"PropertyValueSpecification\",\"valueRequired\":true,\"valueName\":\"search_term_string\"}}],\"inLanguage\":\"fr-FR\"},{\"@type\":\"Organization\",\"@id\":\"http:\/\/www.cobayous.com\/site\/#organization\",\"name\":\"Les Cobayes Pom&Lolo\",\"url\":\"http:\/\/www.cobayous.com\/site\/\",\"logo\":{\"@type\":\"ImageObject\",\"inLanguage\":\"fr-FR\",\"@id\":\"http:\/\/www.cobayous.com\/site\/#\/schema\/logo\/image\/\",\"url\":\"http:\/\/www.cobayous.com\/site\/wp-content\/uploads\/2024\/01\/header-bg.png\",\"contentUrl\":\"http:\/\/www.cobayous.com\/site\/wp-content\/uploads\/2024\/01\/header-bg.png\",\"width\":1022,\"height\":250,\"caption\":\"Les Cobayes Pom&Lolo\"},\"image\":{\"@id\":\"http:\/\/www.cobayous.com\/site\/#\/schema\/logo\/image\/\"}}]}<\/script>\n<!-- \/ Yoast SEO plugin. -->","yoast_head_json":{"title":"Les petites histoires - Les Cobayes Pom&amp;Lolo","robots":{"index":"index","follow":"follow","max-snippet":"max-snippet:-1","max-image-preview":"max-image-preview:large","max-video-preview":"max-video-preview:-1"},"canonical":"http:\/\/www.cobayous.com\/site\/les-piggies\/petites-histoires\/","og_locale":"fr_FR","og_type":"article","og_title":"Les petites histoires - Les Cobayes Pom&amp;Lolo","og_description":"Bienvenue dans cette nouvelle rubrique du site qui regroupera les histoires gagnantes des concours \u00ab\u00a0Petites histoires\u00a0\u00bb. Voici la liste des petites histoires qui ont gagn\u00e9 suite aux votes des membres... Read more &raquo;","og_url":"http:\/\/www.cobayous.com\/site\/les-piggies\/petites-histoires\/","og_site_name":"Les Cobayes Pom&amp;Lolo","article_modified_time":"2016-04-13T20:56:57+00:00","twitter_card":"summary_large_image","schema":{"@context":"https:\/\/schema.org","@graph":[{"@type":"WebPage","@id":"http:\/\/www.cobayous.com\/site\/les-piggies\/petites-histoires\/","url":"http:\/\/www.cobayous.com\/site\/les-piggies\/petites-histoires\/","name":"Les petites histoires - Les Cobayes Pom&amp;Lolo","isPartOf":{"@id":"http:\/\/www.cobayous.com\/site\/#website"},"datePublished":"2009-08-15T21:47:39+00:00","dateModified":"2016-04-13T20:56:57+00:00","breadcrumb":{"@id":"http:\/\/www.cobayous.com\/site\/les-piggies\/petites-histoires\/#breadcrumb"},"inLanguage":"fr-FR","potentialAction":[{"@type":"ReadAction","target":["http:\/\/www.cobayous.com\/site\/les-piggies\/petites-histoires\/"]}]},{"@type":"BreadcrumbList","@id":"http:\/\/www.cobayous.com\/site\/les-piggies\/petites-histoires\/#breadcrumb","itemListElement":[{"@type":"ListItem","position":1,"name":"Accueil","item":"http:\/\/www.cobayous.com\/site\/"},{"@type":"ListItem","position":2,"name":"Piggies","item":"http:\/\/www.cobayous.com\/site\/les-piggies\/"},{"@type":"ListItem","position":3,"name":"Les petites histoires"}]},{"@type":"WebSite","@id":"http:\/\/www.cobayous.com\/site\/#website","url":"http:\/\/www.cobayous.com\/site\/","name":"Les Cobayes Pom&Lolo","description":"","publisher":{"@id":"http:\/\/www.cobayous.com\/site\/#organization"},"potentialAction":[{"@type":"SearchAction","target":{"@type":"EntryPoint","urlTemplate":"http:\/\/www.cobayous.com\/site\/?s={search_term_string}"},"query-input":{"@type":"PropertyValueSpecification","valueRequired":true,"valueName":"search_term_string"}}],"inLanguage":"fr-FR"},{"@type":"Organization","@id":"http:\/\/www.cobayous.com\/site\/#organization","name":"Les Cobayes Pom&Lolo","url":"http:\/\/www.cobayous.com\/site\/","logo":{"@type":"ImageObject","inLanguage":"fr-FR","@id":"http:\/\/www.cobayous.com\/site\/#\/schema\/logo\/image\/","url":"http:\/\/www.cobayous.com\/site\/wp-content\/uploads\/2024\/01\/header-bg.png","contentUrl":"http:\/\/www.cobayous.com\/site\/wp-content\/uploads\/2024\/01\/header-bg.png","width":1022,"height":250,"caption":"Les Cobayes Pom&Lolo"},"image":{"@id":"http:\/\/www.cobayous.com\/site\/#\/schema\/logo\/image\/"}}]}},"_links":{"self":[{"href":"http:\/\/www.cobayous.com\/site\/wp-json\/wp\/v2\/pages\/1941","targetHints":{"allow":["GET"]}}],"collection":[{"href":"http:\/\/www.cobayous.com\/site\/wp-json\/wp\/v2\/pages"}],"about":[{"href":"http:\/\/www.cobayous.com\/site\/wp-json\/wp\/v2\/types\/page"}],"author":[{"embeddable":true,"href":"http:\/\/www.cobayous.com\/site\/wp-json\/wp\/v2\/users\/1"}],"replies":[{"embeddable":true,"href":"http:\/\/www.cobayous.com\/site\/wp-json\/wp\/v2\/comments?post=1941"}],"version-history":[{"count":1,"href":"http:\/\/www.cobayous.com\/site\/wp-json\/wp\/v2\/pages\/1941\/revisions"}],"predecessor-version":[{"id":3595,"href":"http:\/\/www.cobayous.com\/site\/wp-json\/wp\/v2\/pages\/1941\/revisions\/3595"}],"up":[{"embeddable":true,"href":"http:\/\/www.cobayous.com\/site\/wp-json\/wp\/v2\/pages\/320"}],"wp:attachment":[{"href":"http:\/\/www.cobayous.com\/site\/wp-json\/wp\/v2\/media?parent=1941"}],"curies":[{"name":"wp","href":"https:\/\/api.w.org\/{rel}","templated":true}]}}