{"id":19,"date":"2010-05-04T19:32:38","date_gmt":"2010-05-04T19:32:38","guid":{"rendered":"http:\/\/www.cobayous.com\/site\/?page_id=19"},"modified":"2016-11-21T21:31:06","modified_gmt":"2016-11-21T20:31:06","slug":"alimentation-du-cobaye","status":"publish","type":"page","link":"http:\/\/www.cobayous.com\/site\/les-dossiers\/alimentation-du-cobaye\/","title":{"rendered":"Alimentation"},"content":{"rendered":" <p> [ezcol_1third] <\/p> \n<div style=\"background: #EDF7F2; border: 1px solid #7FC6BC; color: #404040; padding: 0 10px 0 10px; margin-top: 1em; text-align: justify; border-radius: 10px;\">\n <p> <img loading=\"lazy\" decoding=\"async\" class=\"alignleft\" title=\"alire\" src=\"http:\/\/www.cobayous.Com\/site\/wp-content\/uploads\/img\/books.png\" alt=\"\" width=\"30\" height=\"30\"> <\/p> \n<h3>A LIRE<\/h3>\n <p> <span style=\"color: #008000;\" title=\"Pr\u00e9parer son arriv\u00e9e : Cage et accessoires\">Dans la rubrique Alimentation :<\/span> <\/p> \n<ul>\n<li><a title=\"Alimentation : Le foin\" href=\"http:\/\/www.cobayous.com\/site\/les-dossiers\/alimentation-du-cobaye\/foin\/\">Le Foin<\/a> et <a href=\"http:\/\/www.cobayous.com\/site\/les-dossiers\/alimentation-du-cobaye\/eau\/\">l\u2019eau<\/a><\/li>\n<li><a href=\"http:\/\/www.cobayous.com\/site\/les-dossiers\/alimentation-du-cobaye\/faire-son-foin\/\">Faire son foin soi-m\u00eame<\/a><\/li>\n<li><a href=\"http:\/\/www.cobayous.com\/site\/les-dossiers\/alimentation-du-cobaye\/fruits-et-legumes\/\">Les Fruits et l\u00e9gumes<\/a><\/li>\n<li><a href=\"http:\/\/www.cobayous.com\/site\/les-dossiers\/alimentation-du-cobaye\/la-jardiniere\/\">La Jardini\u00e8re<\/a><\/li>\n<li><a href=\"http:\/\/www.cobayous.com\/site\/les-dossiers\/alimentation-du-cobaye\/granules-extrudes\/\">Granul\u00e9s<\/a><\/li>\n<li><a href=\"http:\/\/www.cobayous.com\/site\/les-dossiers\/alimentation-du-cobaye\/complements-alimentaires\/\">Les compl\u00e9ments<\/a><\/li>\n<li><a href=\"http:\/\/www.cobayous.com\/site\/les-dossiers\/alimentation-du-cobaye\/friandises\/\">Les Friandises<\/a><\/li>\n<\/ul>\n<\/div>\n <p> &nbsp; <\/p> \n<div style=\"background: #ffffff; border: 1px solid #EACFB8; color: #404040; padding: 0 10px 0 10px; margin-top: 1em; text-align: justify; border-radius: 10px;\"><script async=\"\" src=\"\/\/pagead2.googlesyndication.com\/pagead\/js\/adsbygoogle.js\"><\/script> <br \/> \n <!-- cob-dossier-gauche -->  <br \/> \n<ins class=\"adsbygoogle\" style=\"display: block;\" data-ad-client=\"ca-pub-3631834167777130\" data-ad-slot=\"6832657395\" data-ad-format=\"auto\"><\/ins> <br \/> \n<script>\n(adsbygoogle = window.adsbygoogle || []).push({});\n<\/script> <br \/> \n<img loading=\"lazy\" decoding=\"async\" class=\"alignleft\" src=\"http:\/\/www.cobayous.Com\/site\/wp-content\/uploads\/img\/question.png\" alt=\"\" width=\"30\" height=\"30\"> <\/p> \n<h4>DES QUESTIONS ?<\/h4>\n <p> Tu as des questions \u00e0 poser sur les cobayes? Tu souhaites discuter avec nous? <\/p> \n <p> <img loading=\"lazy\" decoding=\"async\" class=\"alignleft\" title=\"talk\" src=\"http:\/\/www.cobayous.com\/site\/wp-content\/uploads\/img\/icon-talk.png\" alt=\"\" width=\"44\" height=\"30\"> <a href=\"http:\/\/www.cobayous.Com\/forum\">Rejoins-nous !<\/a> <\/p> \n<\/div>\n <p> [\/ezcol_1third] [ezcol_2third_end] <\/p> \n <p> Le cochon d\u2019Inde est essentiellement herbivore et frugivore. <br \/> \nIl ne faut donc pas lui donner de viande, de poisson, de sucreries ou tout autre produits qui seraient inadapt\u00e9s \u00e0 sa sant\u00e9. <\/p> \n <p> Pour savoir \u00e0 quoi ressemble son alimentation, clic sur les diff\u00e9rentes parties de ce dossiers. <\/p> \n<div style=\"background-image: url('\/site\/wp-content\/uploads\/img\/bg-rose.png'); border: 1px solid #cc6666; color: #404040; padding: 0pt 10px; margin-top: 1em; margin-left: 10%; margin-right: 10%;\">\n<h2 style=\"text-align: center;\"><span style=\"text-decoration: underline;\"><span style=\"color: #008000;\">Th\u00e8mes abord\u00e9s dans ce dossier :<\/span><\/span><\/h2>\n<ul>\n<li><a title=\"Alimentation : Le foin\" href=\"http:\/\/www.cobayous.com\/site\/les-dossiers\/alimentation-du-cobaye\/foin\/\">Le Foin<\/a> et <a href=\"http:\/\/www.cobayous.com\/site\/les-dossiers\/alimentation-du-cobaye\/eau\/\">l\u2019eau<\/a><\/li>\n<li><a href=\"http:\/\/www.cobayous.com\/site\/les-dossiers\/alimentation-du-cobaye\/faire-son-foin\/\">Faire son foin soi-m\u00eame<\/a><\/li>\n<li><a href=\"http:\/\/www.cobayous.com\/site\/les-dossiers\/alimentation-du-cobaye\/fruits-et-legumes\/\">Les Fruits et l\u00e9gumes<\/a><\/li>\n<li><a href=\"http:\/\/www.cobayous.com\/site\/les-dossiers\/alimentation-du-cobaye\/la-jardiniere\/\">La Jardini\u00e8re<\/a><\/li>\n<li><a href=\"http:\/\/www.cobayous.com\/site\/les-dossiers\/alimentation-du-cobaye\/granules-extrudes\/\">Granul\u00e9s<\/a><\/li>\n<li><a href=\"http:\/\/www.cobayous.com\/site\/les-dossiers\/alimentation-du-cobaye\/complements-alimentaires\/\">Les compl\u00e9ments<\/a><\/li>\n<li><a href=\"http:\/\/www.cobayous.com\/site\/les-dossiers\/alimentation-du-cobaye\/friandises\/\">Les Friandises<\/a><\/li>\n<\/ul>\n<\/div>\n <p> Et pour r\u00e9sumer, une vid\u00e9o tr\u00e8s bien fa\u00eete par Mary21, conseill\u00e8re du <a href=\"http:\/\/www.cobayous.Com\/forum\">forum <\/a>! <\/p> \n <p> <object width=\"480\" height=\"360\" classid=\"clsid:d27cdb6e-ae6d-11cf-96b8-444553540000\" codebase=\"http:\/\/download.macromedia.com\/pub\/shockwave\/cabs\/flash\/swflash.cab#version=6,0,40,0\"><param name=\"allowFullScreen\" value=\"true\"><param name=\"allowScriptAccess\" value=\"always\"><param name=\"wmode\" value=\"transparent\"><param name=\"src\" value=\"http:\/\/www.dailymotion.com\/swf\/video\/x8d4l7\"><param name=\"allowfullscreen\" value=\"true\"><param name=\"allowscriptaccess\" value=\"always\"><embed width=\"480\" height=\"360\" type=\"application\/x-shockwave-flash\" src=\"http:\/\/www.dailymotion.com\/swf\/video\/x8d4l7\" allowfullscreen=\"allowfullscreen\" allowscriptaccess=\"always\" wmode=\"transparent\"><\/object> <br \/> \n<a href=\"http:\/\/www.dailymotion.com\/video\/x8d4l7_alimentation-du-cochon-d-inde-cobay_animals\" target=\"_blank\">Alimentation du Cochon d&rsquo;Inde (cobaye)<\/a> <em>par <a href=\"http:\/\/www.dailymotion.com\/cobayous\" target=\"_blank\">cobayous<\/a><\/em> <\/p> \n <p> <a href=\"http:\/\/www.cobayous.com\/site\/qui-sommes-nous\/\"><img loading=\"lazy\" decoding=\"async\" class=\"alignright\" title=\"copyright-pomelo.jpg\" src=\"\/site\/wp-content\/uploads\/dossiers\/copyright-pomelo.jpg\" alt=\"copyright-pomelo.jpg\" width=\"275\" height=\"50\" border=\"0\"><\/a> <\/p> \n <p> [\/ezcol_2third_end] <\/p> \n","protected":false},"excerpt":{"rendered":" <p> [ezcol_1third] A LIRE Dans la rubrique Alimentation : Le Foin et l\u2019eau Faire son foin soi-m\u00eame Les Fruits et l\u00e9gumes La Jardini\u00e8re Granul\u00e9s Les compl\u00e9ments Les Friandises &nbsp; DES QUESTIONS&#8230; <a href=\"http:\/\/www.cobayous.com\/site\/les-dossiers\/alimentation-du-cobaye\/\">Read more &raquo;<\/a> <\/p> \n","protected":false},"author":1,"featured_media":0,"parent":3,"menu_order":3,"comment_status":"closed","ping_status":"open","template":"","meta":{"ngg_post_thumbnail":0,"footnotes":""},"class_list":["post-19","page","type-page","status-publish","hentry"],"yoast_head":"<!-- This site is optimized with the Yoast SEO plugin v27.1.1 - https:\/\/yoast.com\/product\/yoast-seo-wordpress\/ -->\n<title>Alimentation - Les Cobayes Pom&amp;Lolo<\/title>\n<meta name=\"robots\" content=\"index, follow, max-snippet:-1, max-image-preview:large, max-video-preview:-1\" \/>\n<link rel=\"canonical\" href=\"http:\/\/www.cobayous.com\/site\/les-dossiers\/alimentation-du-cobaye\/\" \/>\n<meta property=\"og:locale\" content=\"fr_FR\" \/>\n<meta property=\"og:type\" content=\"article\" \/>\n<meta property=\"og:title\" content=\"Alimentation - Les Cobayes Pom&amp;Lolo\" \/>\n<meta property=\"og:description\" content=\"[ezcol_1third] A LIRE Dans la rubrique Alimentation : Le Foin et l\u2019eau Faire son foin soi-m\u00eame Les Fruits et l\u00e9gumes La Jardini\u00e8re Granul\u00e9s Les compl\u00e9ments Les Friandises &nbsp; DES QUESTIONS... Read more &raquo;\" \/>\n<meta property=\"og:url\" content=\"http:\/\/www.cobayous.com\/site\/les-dossiers\/alimentation-du-cobaye\/\" \/>\n<meta property=\"og:site_name\" content=\"Les Cobayes Pom&amp;Lolo\" \/>\n<meta property=\"article:modified_time\" content=\"2016-11-21T20:31:06+00:00\" \/>\n<meta property=\"og:image\" content=\"http:\/\/www.cobayous.Com\/site\/wp-content\/uploads\/img\/books.png\" \/>\n<meta name=\"twitter:card\" content=\"summary_large_image\" \/>\n<meta name=\"twitter:label1\" content=\"Dur\u00e9e de lecture estim\u00e9e\" \/>\n\t<meta name=\"twitter:data1\" content=\"1 minute\" \/>\n<script type=\"application\/ld+json\" class=\"yoast-schema-graph\">{\"@context\":\"https:\/\/schema.org\",\"@graph\":[{\"@type\":\"WebPage\",\"@id\":\"http:\/\/www.cobayous.com\/site\/les-dossiers\/alimentation-du-cobaye\/\",\"url\":\"http:\/\/www.cobayous.com\/site\/les-dossiers\/alimentation-du-cobaye\/\",\"name\":\"Alimentation - Les Cobayes Pom&amp;Lolo\",\"isPartOf\":{\"@id\":\"http:\/\/www.cobayous.com\/site\/#website\"},\"primaryImageOfPage\":{\"@id\":\"http:\/\/www.cobayous.com\/site\/les-dossiers\/alimentation-du-cobaye\/#primaryimage\"},\"image\":{\"@id\":\"http:\/\/www.cobayous.com\/site\/les-dossiers\/alimentation-du-cobaye\/#primaryimage\"},\"thumbnailUrl\":\"http:\/\/www.cobayous.Com\/site\/wp-content\/uploads\/img\/books.png\",\"datePublished\":\"2010-05-04T19:32:38+00:00\",\"dateModified\":\"2016-11-21T20:31:06+00:00\",\"breadcrumb\":{\"@id\":\"http:\/\/www.cobayous.com\/site\/les-dossiers\/alimentation-du-cobaye\/#breadcrumb\"},\"inLanguage\":\"fr-FR\",\"potentialAction\":[{\"@type\":\"ReadAction\",\"target\":[\"http:\/\/www.cobayous.com\/site\/les-dossiers\/alimentation-du-cobaye\/\"]}]},{\"@type\":\"ImageObject\",\"inLanguage\":\"fr-FR\",\"@id\":\"http:\/\/www.cobayous.com\/site\/les-dossiers\/alimentation-du-cobaye\/#primaryimage\",\"url\":\"http:\/\/www.cobayous.Com\/site\/wp-content\/uploads\/img\/books.png\",\"contentUrl\":\"http:\/\/www.cobayous.Com\/site\/wp-content\/uploads\/img\/books.png\"},{\"@type\":\"BreadcrumbList\",\"@id\":\"http:\/\/www.cobayous.com\/site\/les-dossiers\/alimentation-du-cobaye\/#breadcrumb\",\"itemListElement\":[{\"@type\":\"ListItem\",\"position\":1,\"name\":\"Accueil\",\"item\":\"http:\/\/www.cobayous.com\/site\/\"},{\"@type\":\"ListItem\",\"position\":2,\"name\":\"Dossiers\",\"item\":\"http:\/\/www.cobayous.com\/site\/les-dossiers\/\"},{\"@type\":\"ListItem\",\"position\":3,\"name\":\"Alimentation\"}]},{\"@type\":\"WebSite\",\"@id\":\"http:\/\/www.cobayous.com\/site\/#website\",\"url\":\"http:\/\/www.cobayous.com\/site\/\",\"name\":\"Les Cobayes Pom&Lolo\",\"description\":\"\",\"publisher\":{\"@id\":\"http:\/\/www.cobayous.com\/site\/#organization\"},\"potentialAction\":[{\"@type\":\"SearchAction\",\"target\":{\"@type\":\"EntryPoint\",\"urlTemplate\":\"http:\/\/www.cobayous.com\/site\/?s={search_term_string}\"},\"query-input\":{\"@type\":\"PropertyValueSpecification\",\"valueRequired\":true,\"valueName\":\"search_term_string\"}}],\"inLanguage\":\"fr-FR\"},{\"@type\":\"Organization\",\"@id\":\"http:\/\/www.cobayous.com\/site\/#organization\",\"name\":\"Les Cobayes Pom&Lolo\",\"url\":\"http:\/\/www.cobayous.com\/site\/\",\"logo\":{\"@type\":\"ImageObject\",\"inLanguage\":\"fr-FR\",\"@id\":\"http:\/\/www.cobayous.com\/site\/#\/schema\/logo\/image\/\",\"url\":\"http:\/\/www.cobayous.com\/site\/wp-content\/uploads\/2024\/01\/header-bg.png\",\"contentUrl\":\"http:\/\/www.cobayous.com\/site\/wp-content\/uploads\/2024\/01\/header-bg.png\",\"width\":1022,\"height\":250,\"caption\":\"Les Cobayes Pom&Lolo\"},\"image\":{\"@id\":\"http:\/\/www.cobayous.com\/site\/#\/schema\/logo\/image\/\"}}]}<\/script>\n<!-- \/ Yoast SEO plugin. -->","yoast_head_json":{"title":"Alimentation - Les Cobayes Pom&amp;Lolo","robots":{"index":"index","follow":"follow","max-snippet":"max-snippet:-1","max-image-preview":"max-image-preview:large","max-video-preview":"max-video-preview:-1"},"canonical":"http:\/\/www.cobayous.com\/site\/les-dossiers\/alimentation-du-cobaye\/","og_locale":"fr_FR","og_type":"article","og_title":"Alimentation - Les Cobayes Pom&amp;Lolo","og_description":"[ezcol_1third] A LIRE Dans la rubrique Alimentation : Le Foin et l\u2019eau Faire son foin soi-m\u00eame Les Fruits et l\u00e9gumes La Jardini\u00e8re Granul\u00e9s Les compl\u00e9ments Les Friandises &nbsp; DES QUESTIONS... Read more &raquo;","og_url":"http:\/\/www.cobayous.com\/site\/les-dossiers\/alimentation-du-cobaye\/","og_site_name":"Les Cobayes Pom&amp;Lolo","article_modified_time":"2016-11-21T20:31:06+00:00","og_image":[{"url":"http:\/\/www.cobayous.Com\/site\/wp-content\/uploads\/img\/books.png","type":"","width":"","height":""}],"twitter_card":"summary_large_image","twitter_misc":{"Dur\u00e9e de lecture estim\u00e9e":"1 minute"},"schema":{"@context":"https:\/\/schema.org","@graph":[{"@type":"WebPage","@id":"http:\/\/www.cobayous.com\/site\/les-dossiers\/alimentation-du-cobaye\/","url":"http:\/\/www.cobayous.com\/site\/les-dossiers\/alimentation-du-cobaye\/","name":"Alimentation - Les Cobayes Pom&amp;Lolo","isPartOf":{"@id":"http:\/\/www.cobayous.com\/site\/#website"},"primaryImageOfPage":{"@id":"http:\/\/www.cobayous.com\/site\/les-dossiers\/alimentation-du-cobaye\/#primaryimage"},"image":{"@id":"http:\/\/www.cobayous.com\/site\/les-dossiers\/alimentation-du-cobaye\/#primaryimage"},"thumbnailUrl":"http:\/\/www.cobayous.Com\/site\/wp-content\/uploads\/img\/books.png","datePublished":"2010-05-04T19:32:38+00:00","dateModified":"2016-11-21T20:31:06+00:00","breadcrumb":{"@id":"http:\/\/www.cobayous.com\/site\/les-dossiers\/alimentation-du-cobaye\/#breadcrumb"},"inLanguage":"fr-FR","potentialAction":[{"@type":"ReadAction","target":["http:\/\/www.cobayous.com\/site\/les-dossiers\/alimentation-du-cobaye\/"]}]},{"@type":"ImageObject","inLanguage":"fr-FR","@id":"http:\/\/www.cobayous.com\/site\/les-dossiers\/alimentation-du-cobaye\/#primaryimage","url":"http:\/\/www.cobayous.Com\/site\/wp-content\/uploads\/img\/books.png","contentUrl":"http:\/\/www.cobayous.Com\/site\/wp-content\/uploads\/img\/books.png"},{"@type":"BreadcrumbList","@id":"http:\/\/www.cobayous.com\/site\/les-dossiers\/alimentation-du-cobaye\/#breadcrumb","itemListElement":[{"@type":"ListItem","position":1,"name":"Accueil","item":"http:\/\/www.cobayous.com\/site\/"},{"@type":"ListItem","position":2,"name":"Dossiers","item":"http:\/\/www.cobayous.com\/site\/les-dossiers\/"},{"@type":"ListItem","position":3,"name":"Alimentation"}]},{"@type":"WebSite","@id":"http:\/\/www.cobayous.com\/site\/#website","url":"http:\/\/www.cobayous.com\/site\/","name":"Les Cobayes Pom&Lolo","description":"","publisher":{"@id":"http:\/\/www.cobayous.com\/site\/#organization"},"potentialAction":[{"@type":"SearchAction","target":{"@type":"EntryPoint","urlTemplate":"http:\/\/www.cobayous.com\/site\/?s={search_term_string}"},"query-input":{"@type":"PropertyValueSpecification","valueRequired":true,"valueName":"search_term_string"}}],"inLanguage":"fr-FR"},{"@type":"Organization","@id":"http:\/\/www.cobayous.com\/site\/#organization","name":"Les Cobayes Pom&Lolo","url":"http:\/\/www.cobayous.com\/site\/","logo":{"@type":"ImageObject","inLanguage":"fr-FR","@id":"http:\/\/www.cobayous.com\/site\/#\/schema\/logo\/image\/","url":"http:\/\/www.cobayous.com\/site\/wp-content\/uploads\/2024\/01\/header-bg.png","contentUrl":"http:\/\/www.cobayous.com\/site\/wp-content\/uploads\/2024\/01\/header-bg.png","width":1022,"height":250,"caption":"Les Cobayes Pom&Lolo"},"image":{"@id":"http:\/\/www.cobayous.com\/site\/#\/schema\/logo\/image\/"}}]}},"_links":{"self":[{"href":"http:\/\/www.cobayous.com\/site\/wp-json\/wp\/v2\/pages\/19","targetHints":{"allow":["GET"]}}],"collection":[{"href":"http:\/\/www.cobayous.com\/site\/wp-json\/wp\/v2\/pages"}],"about":[{"href":"http:\/\/www.cobayous.com\/site\/wp-json\/wp\/v2\/types\/page"}],"author":[{"embeddable":true,"href":"http:\/\/www.cobayous.com\/site\/wp-json\/wp\/v2\/users\/1"}],"replies":[{"embeddable":true,"href":"http:\/\/www.cobayous.com\/site\/wp-json\/wp\/v2\/comments?post=19"}],"version-history":[{"count":2,"href":"http:\/\/www.cobayous.com\/site\/wp-json\/wp\/v2\/pages\/19\/revisions"}],"predecessor-version":[{"id":3683,"href":"http:\/\/www.cobayous.com\/site\/wp-json\/wp\/v2\/pages\/19\/revisions\/3683"}],"up":[{"embeddable":true,"href":"http:\/\/www.cobayous.com\/site\/wp-json\/wp\/v2\/pages\/3"}],"wp:attachment":[{"href":"http:\/\/www.cobayous.com\/site\/wp-json\/wp\/v2\/media?parent=19"}],"curies":[{"name":"wp","href":"https:\/\/api.w.org\/{rel}","templated":true}]}}