{"id":1875,"date":"2011-05-05T16:23:05","date_gmt":"2011-05-05T15:23:05","guid":{"rendered":"http:\/\/www.cobayous.com\/site\/?page_id=1875"},"modified":"2011-05-05T16:24:33","modified_gmt":"2011-05-05T15:24:33","slug":"tenshi","status":"publish","type":"page","link":"http:\/\/www.cobayous.com\/site\/les-piggies\/mes-pouics\/tenshi\/","title":{"rendered":"Tenshi \u00fbmo"},"content":{"rendered":" <p> <strong><img loading=\"lazy\" decoding=\"async\" style=\"float: left;\" title=\"tenshi_envole.gif\" src=\"\/site\/wp-content\/uploads\/zot_bebettes\/tenshi\/tenshi_envole.gif\" border=\"0\" alt=\"tenshi_envole.gif\" width=\"200\" height=\"237\" \/>Race <\/strong>: Perroquet Gri du Gabon <\/p> \n <p> <strong>Nom <\/strong>: Tenshi-\u00fbmo mais pour les intimes Tenshishu, Pipitchou &#8230;. <\/p> \n <p> <strong>Sexe <\/strong>: M\u00e2le <\/p> \n <p> <strong>N\u00e9 <\/strong>: en Juillet 2004 <\/p> \n <p> <strong>Arriv\u00e9 \u00e0 la maison<\/strong> : 12 Novembre 2004 <\/p> \n <p> <strong>Alimentation <\/strong>: Aliments complet pour gris du Gabon, fruits &#8230; <\/p> \n <p> <strong>Caract\u00e8re <\/strong>: tr\u00e8s lunatique, il sait \u00eatre super calin et \u00eatre vilain aussit\u00f4t apr\u00e8s. <br \/> \nMais bon, on l&rsquo;aime quand m\u00eame notre canard hihi <\/p> \n <p> &nbsp; <\/p> \n <p> Tenshi est arriv\u00e9 \u00e0 la maison un peu apr\u00e8s la perte du Youyou de Seb. <br \/> \nOn est all\u00e9 faire un tour dans une animalerie et, coup de foudre !! Un joli tit Gris du Gabon tout mignon qui provient d&rsquo;un \u00e9levage ! <br \/> \nSeb n&rsquo;a pas r\u00e9sist\u00e9, il l&rsquo;a r\u00e9serv\u00e9 (on ne pouvait pas le prendre de suite) <br \/> \nComme on ne voulait pas prendre de risque, on a pris rendez-vous chez notre V\u00e9t\u00e9rinaire NAC pour le jour o\u00f9 nous irions le r\u00e9cup\u00e9rer \u00e0 l&rsquo;animalerie. <br \/> \nAinsi, on ne voulait pas prendre le risque qu&rsquo;il soit malade. <\/p> \n <p> On va le chercher \u00e0 l&rsquo;animalerie le Vendredi 12 Novembre et, zou, direction la clinique v\u00e9t\u00e9rinaire pour une petite visite de contr\u00f4le. <br \/> \nTout va bien !! C&rsquo;est un beau tit perroquet qui est en bonne sant\u00e9 !! Youpi lol <\/p> \n <p> On le ram\u00e8ne \u00e0 la maison, on met la bo\u00eete de transport dans sa cage et, on le laisse sortir de sa bo\u00eete tout seul pour pas qu&rsquo;il se sente brusqu\u00e9 (beaucoup d&rsquo;\u00e9motions dans la journ\u00e9e) <br \/> \nOn le l&rsquo;a pas emb\u00eat\u00e9 de trop le soir m\u00eame car c&rsquo;\u00e9tait d\u00e9j\u00e0 l&rsquo;heure du dodo. Bein vi, il faut respecter le jour et la nuit pour leur sommeil. <\/p> \n <p> Au d\u00e9but, on lui donnait un m\u00e9lange de graines : tournesol, millet &#8230;.. mais, apr\u00e8s quelques mois et surtout sur les conseils des v\u00e9t\u00e9rinaires NAC, nous avons chang\u00e9 son alimentation pour un aliment complet : Nutri Bird. <br \/> \nCe fut dur au d\u00e9but, il aimait pas trop mais, maintenant, c&rsquo;est nickel, il me mange plus que \u00e7a. <br \/> \nSon plumage est superbe depuis! <\/p> \n <p> <img loading=\"lazy\" decoding=\"async\" title=\"voir_la_galerie.jpg\" src=\"..\/wp-content\/uploads\/mespouics\/voir_la_galerie.jpg\" border=\"0\" alt=\"voir_la_galerie.jpg\" width=\"400\" height=\"200\" \/> <br \/> \n<span style=\"text-decoration: underline;\"><strong>A VENIR &#8230;<\/strong><\/span> <\/p> \n","protected":false},"excerpt":{"rendered":" <p> Race : Perroquet Gri du Gabon Nom : Tenshi-\u00fbmo mais pour les intimes Tenshishu, Pipitchou &#8230;. Sexe : M\u00e2le N\u00e9 : en Juillet 2004 Arriv\u00e9 \u00e0 la maison : 12&#8230; <a href=\"http:\/\/www.cobayous.com\/site\/les-piggies\/mes-pouics\/tenshi\/\">Read more &raquo;<\/a> <\/p> \n","protected":false},"author":1,"featured_media":0,"parent":467,"menu_order":0,"comment_status":"open","ping_status":"open","template":"","meta":{"ngg_post_thumbnail":0,"footnotes":""},"class_list":["post-1875","page","type-page","status-publish","hentry"],"yoast_head":"<!-- This site is optimized with the Yoast SEO plugin v27.1.1 - https:\/\/yoast.com\/product\/yoast-seo-wordpress\/ -->\n<title>Tenshi \u00fbmo - Les Cobayes Pom&amp;Lolo<\/title>\n<meta name=\"robots\" content=\"index, follow, max-snippet:-1, max-image-preview:large, max-video-preview:-1\" \/>\n<link rel=\"canonical\" href=\"http:\/\/www.cobayous.com\/site\/les-piggies\/mes-pouics\/tenshi\/\" \/>\n<meta property=\"og:locale\" content=\"fr_FR\" \/>\n<meta property=\"og:type\" content=\"article\" \/>\n<meta property=\"og:title\" content=\"Tenshi \u00fbmo - Les Cobayes Pom&amp;Lolo\" \/>\n<meta property=\"og:description\" content=\"Race : Perroquet Gri du Gabon Nom : Tenshi-\u00fbmo mais pour les intimes Tenshishu, Pipitchou &#8230;. Sexe : M\u00e2le N\u00e9 : en Juillet 2004 Arriv\u00e9 \u00e0 la maison : 12... Read more &raquo;\" \/>\n<meta property=\"og:url\" content=\"http:\/\/www.cobayous.com\/site\/les-piggies\/mes-pouics\/tenshi\/\" \/>\n<meta property=\"og:site_name\" content=\"Les Cobayes Pom&amp;Lolo\" \/>\n<meta property=\"article:modified_time\" content=\"2011-05-05T15:24:33+00:00\" \/>\n<meta name=\"twitter:card\" content=\"summary_large_image\" \/>\n<meta name=\"twitter:label1\" content=\"Dur\u00e9e de lecture estim\u00e9e\" \/>\n\t<meta name=\"twitter:data1\" content=\"2 minutes\" \/>\n<script type=\"application\/ld+json\" class=\"yoast-schema-graph\">{\"@context\":\"https:\/\/schema.org\",\"@graph\":[{\"@type\":\"WebPage\",\"@id\":\"http:\/\/www.cobayous.com\/site\/les-piggies\/mes-pouics\/tenshi\/\",\"url\":\"http:\/\/www.cobayous.com\/site\/les-piggies\/mes-pouics\/tenshi\/\",\"name\":\"Tenshi \u00fbmo - Les Cobayes Pom&amp;Lolo\",\"isPartOf\":{\"@id\":\"http:\/\/www.cobayous.com\/site\/#website\"},\"datePublished\":\"2011-05-05T15:23:05+00:00\",\"dateModified\":\"2011-05-05T15:24:33+00:00\",\"breadcrumb\":{\"@id\":\"http:\/\/www.cobayous.com\/site\/les-piggies\/mes-pouics\/tenshi\/#breadcrumb\"},\"inLanguage\":\"fr-FR\",\"potentialAction\":[{\"@type\":\"ReadAction\",\"target\":[\"http:\/\/www.cobayous.com\/site\/les-piggies\/mes-pouics\/tenshi\/\"]}]},{\"@type\":\"BreadcrumbList\",\"@id\":\"http:\/\/www.cobayous.com\/site\/les-piggies\/mes-pouics\/tenshi\/#breadcrumb\",\"itemListElement\":[{\"@type\":\"ListItem\",\"position\":1,\"name\":\"Accueil\",\"item\":\"http:\/\/www.cobayous.com\/site\/\"},{\"@type\":\"ListItem\",\"position\":2,\"name\":\"Piggies\",\"item\":\"http:\/\/www.cobayous.com\/site\/les-piggies\/\"},{\"@type\":\"ListItem\",\"position\":3,\"name\":\"Mes animaux\",\"item\":\"http:\/\/www.cobayous.com\/site\/les-piggies\/mes-pouics\/\"},{\"@type\":\"ListItem\",\"position\":4,\"name\":\"Tenshi \u00fbmo\"}]},{\"@type\":\"WebSite\",\"@id\":\"http:\/\/www.cobayous.com\/site\/#website\",\"url\":\"http:\/\/www.cobayous.com\/site\/\",\"name\":\"Les Cobayes Pom&Lolo\",\"description\":\"\",\"publisher\":{\"@id\":\"http:\/\/www.cobayous.com\/site\/#organization\"},\"potentialAction\":[{\"@type\":\"SearchAction\",\"target\":{\"@type\":\"EntryPoint\",\"urlTemplate\":\"http:\/\/www.cobayous.com\/site\/?s={search_term_string}\"},\"query-input\":{\"@type\":\"PropertyValueSpecification\",\"valueRequired\":true,\"valueName\":\"search_term_string\"}}],\"inLanguage\":\"fr-FR\"},{\"@type\":\"Organization\",\"@id\":\"http:\/\/www.cobayous.com\/site\/#organization\",\"name\":\"Les Cobayes Pom&Lolo\",\"url\":\"http:\/\/www.cobayous.com\/site\/\",\"logo\":{\"@type\":\"ImageObject\",\"inLanguage\":\"fr-FR\",\"@id\":\"http:\/\/www.cobayous.com\/site\/#\/schema\/logo\/image\/\",\"url\":\"http:\/\/www.cobayous.com\/site\/wp-content\/uploads\/2024\/01\/header-bg.png\",\"contentUrl\":\"http:\/\/www.cobayous.com\/site\/wp-content\/uploads\/2024\/01\/header-bg.png\",\"width\":1022,\"height\":250,\"caption\":\"Les Cobayes Pom&Lolo\"},\"image\":{\"@id\":\"http:\/\/www.cobayous.com\/site\/#\/schema\/logo\/image\/\"}}]}<\/script>\n<!-- \/ Yoast SEO plugin. -->","yoast_head_json":{"title":"Tenshi \u00fbmo - Les Cobayes Pom&amp;Lolo","robots":{"index":"index","follow":"follow","max-snippet":"max-snippet:-1","max-image-preview":"max-image-preview:large","max-video-preview":"max-video-preview:-1"},"canonical":"http:\/\/www.cobayous.com\/site\/les-piggies\/mes-pouics\/tenshi\/","og_locale":"fr_FR","og_type":"article","og_title":"Tenshi \u00fbmo - Les Cobayes Pom&amp;Lolo","og_description":"Race : Perroquet Gri du Gabon Nom : Tenshi-\u00fbmo mais pour les intimes Tenshishu, Pipitchou &#8230;. Sexe : M\u00e2le N\u00e9 : en Juillet 2004 Arriv\u00e9 \u00e0 la maison : 12... Read more &raquo;","og_url":"http:\/\/www.cobayous.com\/site\/les-piggies\/mes-pouics\/tenshi\/","og_site_name":"Les Cobayes Pom&amp;Lolo","article_modified_time":"2011-05-05T15:24:33+00:00","twitter_card":"summary_large_image","twitter_misc":{"Dur\u00e9e de lecture estim\u00e9e":"2 minutes"},"schema":{"@context":"https:\/\/schema.org","@graph":[{"@type":"WebPage","@id":"http:\/\/www.cobayous.com\/site\/les-piggies\/mes-pouics\/tenshi\/","url":"http:\/\/www.cobayous.com\/site\/les-piggies\/mes-pouics\/tenshi\/","name":"Tenshi \u00fbmo - Les Cobayes Pom&amp;Lolo","isPartOf":{"@id":"http:\/\/www.cobayous.com\/site\/#website"},"datePublished":"2011-05-05T15:23:05+00:00","dateModified":"2011-05-05T15:24:33+00:00","breadcrumb":{"@id":"http:\/\/www.cobayous.com\/site\/les-piggies\/mes-pouics\/tenshi\/#breadcrumb"},"inLanguage":"fr-FR","potentialAction":[{"@type":"ReadAction","target":["http:\/\/www.cobayous.com\/site\/les-piggies\/mes-pouics\/tenshi\/"]}]},{"@type":"BreadcrumbList","@id":"http:\/\/www.cobayous.com\/site\/les-piggies\/mes-pouics\/tenshi\/#breadcrumb","itemListElement":[{"@type":"ListItem","position":1,"name":"Accueil","item":"http:\/\/www.cobayous.com\/site\/"},{"@type":"ListItem","position":2,"name":"Piggies","item":"http:\/\/www.cobayous.com\/site\/les-piggies\/"},{"@type":"ListItem","position":3,"name":"Mes animaux","item":"http:\/\/www.cobayous.com\/site\/les-piggies\/mes-pouics\/"},{"@type":"ListItem","position":4,"name":"Tenshi \u00fbmo"}]},{"@type":"WebSite","@id":"http:\/\/www.cobayous.com\/site\/#website","url":"http:\/\/www.cobayous.com\/site\/","name":"Les Cobayes Pom&Lolo","description":"","publisher":{"@id":"http:\/\/www.cobayous.com\/site\/#organization"},"potentialAction":[{"@type":"SearchAction","target":{"@type":"EntryPoint","urlTemplate":"http:\/\/www.cobayous.com\/site\/?s={search_term_string}"},"query-input":{"@type":"PropertyValueSpecification","valueRequired":true,"valueName":"search_term_string"}}],"inLanguage":"fr-FR"},{"@type":"Organization","@id":"http:\/\/www.cobayous.com\/site\/#organization","name":"Les Cobayes Pom&Lolo","url":"http:\/\/www.cobayous.com\/site\/","logo":{"@type":"ImageObject","inLanguage":"fr-FR","@id":"http:\/\/www.cobayous.com\/site\/#\/schema\/logo\/image\/","url":"http:\/\/www.cobayous.com\/site\/wp-content\/uploads\/2024\/01\/header-bg.png","contentUrl":"http:\/\/www.cobayous.com\/site\/wp-content\/uploads\/2024\/01\/header-bg.png","width":1022,"height":250,"caption":"Les Cobayes Pom&Lolo"},"image":{"@id":"http:\/\/www.cobayous.com\/site\/#\/schema\/logo\/image\/"}}]}},"_links":{"self":[{"href":"http:\/\/www.cobayous.com\/site\/wp-json\/wp\/v2\/pages\/1875","targetHints":{"allow":["GET"]}}],"collection":[{"href":"http:\/\/www.cobayous.com\/site\/wp-json\/wp\/v2\/pages"}],"about":[{"href":"http:\/\/www.cobayous.com\/site\/wp-json\/wp\/v2\/types\/page"}],"author":[{"embeddable":true,"href":"http:\/\/www.cobayous.com\/site\/wp-json\/wp\/v2\/users\/1"}],"replies":[{"embeddable":true,"href":"http:\/\/www.cobayous.com\/site\/wp-json\/wp\/v2\/comments?post=1875"}],"version-history":[{"count":0,"href":"http:\/\/www.cobayous.com\/site\/wp-json\/wp\/v2\/pages\/1875\/revisions"}],"up":[{"embeddable":true,"href":"http:\/\/www.cobayous.com\/site\/wp-json\/wp\/v2\/pages\/467"}],"wp:attachment":[{"href":"http:\/\/www.cobayous.com\/site\/wp-json\/wp\/v2\/media?parent=1875"}],"curies":[{"name":"wp","href":"https:\/\/api.w.org\/{rel}","templated":true}]}}