{"id":1856,"date":"2011-05-04T20:14:03","date_gmt":"2011-05-04T19:14:03","guid":{"rendered":"http:\/\/www.cobayous.com\/site\/?page_id=1856"},"modified":"2012-05-20T20:07:59","modified_gmt":"2012-05-20T19:07:59","slug":"trucs-et-astuces","status":"publish","type":"page","link":"http:\/\/www.cobayous.com\/site\/les-dossiers\/speciaux-pratiques\/trucs-et-astuces\/","title":{"rendered":"Trucs et astuces"},"content":{"rendered":"<div class=\"column_left200\" style=\"float: left; display: inline; \">\n<div style=\"background: #EDF7F2; border: 1px solid #7FC6BC; color: #404040; padding: 0 10px 0 10px; margin-top: 1em; text-align: justify; border-radius: 10px;\">\n <p> <img loading=\"lazy\" decoding=\"async\" class=\"alignleft\" title=\"alire\" src=\"http:\/\/www.cobayous.Com\/site\/wp-content\/uploads\/img\/books.png\" alt=\"\" width=\"30\" height=\"30\" \/> <\/p> \n<h3>A LIRE<\/h3>\n<ul>\n<li><a title=\"Avant l\u2019achat : Vos reponsabilit\u00e9s\" href=\"http:\/\/www.cobayous.com\/site\/les-dossiers\/avant-achat-cobaye\/vos-reponsabilites\/\">Vos responsabilit\u00e9s<\/a><\/li>\n<li><a href=\"http:\/\/www.cobayous.com\/site\/les-dossiers\/preparer-larrivee-du-cobaye\/\">Pr\u00e9parer son arriv\u00e9e<\/a><\/li>\n<li><a href=\"http:\/\/www.cobayous.com\/site\/les-dossiers\/alimentation-du-cobaye\/\">Son Alimentation<\/a><\/li>\n<li><a href=\"http:\/\/www.cobayous.com\/site\/les-dossiers\/reproduction-cobaye\/\">La Reproduction<\/a><\/li>\n<li><a href=\"http:\/\/www.cobayous.com\/site\/les-dossiers\/speciaux-pratiques\/questions-frequentes-cobaye\/\">F.A.Q des cobayes<\/a><\/li>\n<li><a title=\"Avant l\u2019achat : Vos reponsabilit\u00e9s\" href=\"http:\/\/www.cobayous.com\/site\/les-dossiers\/avant-achat-cobaye\/vos-reponsabilites\/\">Tous les dossiers<\/a><\/li>\n<\/ul>\n<\/div>\n <p> <script type=\"text\/javascript\">\/\/ <![CDATA[\n google_ad_client = \"ca-pub-3631834167777130\"; \/* pometlolosidebardossiers-bloc200 *\/ google_ad_slot = \"7743384211\"; google_ad_width = 200; google_ad_height = 90;\n\/\/ ]]><\/script> <br \/> \n<script type=\"text\/javascript\" src=\"http:\/\/pagead2.googlesyndication.com\/pagead\/show_ads.js\">\/\/ <![CDATA[\n\n\n\/\/ ]]><\/script> <br \/> \n<script type=\"text\/javascript\">\/\/ <![CDATA[\n google_ad_client = \"pub-3631834167777130\"; \/* pometlolo-sidebar-160x600 *\/ google_ad_slot = \"0152501946\"; google_ad_width = 160; google_ad_height = 600;\n\/\/ ]]><\/script> <br \/> \n<script type=\"text\/javascript\" src=\"http:\/\/pagead2.googlesyndication.com\/pagead\/show_ads.js\">\/\/ <![CDATA[\n\n\n\/\/ ]]><\/script> <br \/> \n<script type=\"text\/javascript\">\/\/ <![CDATA[\n google_ad_client = \"ca-pub-3631834167777130\"; \/* pometlolosidebardossiers-bloc200 *\/ google_ad_slot = \"7743384211\"; google_ad_width = 200; google_ad_height = 90;\n\/\/ ]]><\/script> <br \/> \n<script type=\"text\/javascript\" src=\"http:\/\/pagead2.googlesyndication.com\/pagead\/show_ads.js\">\/\/ <![CDATA[\n\n\n\/\/ ]]><\/script> <\/p> \n<div style=\"background: #ffffff; border: 1px solid #EACFB8; color: #404040; padding: 0 10px 0 10px; margin-top: 1em; text-align: justify; border-radius: 10px;\">\n <p> <img loading=\"lazy\" decoding=\"async\" class=\"alignleft\" src=\"http:\/\/www.cobayous.Com\/site\/wp-content\/uploads\/img\/question.png\" alt=\"\" width=\"30\" height=\"30\" \/> <\/p> \n<h4>DES QUESTIONS ?<\/h4>\n <p> Tu as des questions \u00e0 poser sur les cobayes? Tu souhaites discuter avec nous? <\/p> \n <p> <img loading=\"lazy\" decoding=\"async\" class=\"alignleft\" title=\"talk\" src=\"http:\/\/www.cobayous.com\/site\/wp-content\/uploads\/img\/icon-talk.png\" alt=\"\" width=\"44\" height=\"30\" \/> <a href=\"http:\/\/www.cobayous.Com\/forum\">Rejoins-nous !<\/a> <\/p> \n<\/div>\n <p> <\/div> <br \/> \n<div class=\"column_right728\" style=\"float: left; display: inline; \"> <\/p> \n <p> Comme son nom l\u2019indique, cette page est destin\u00e9e aux trucs et astuces en tout genre pour les Cobayes !! <br \/> \nCe dossier a \u00e9t\u00e9 cr\u00e9\u00e9 au tout d\u00e9but de Pom&amp;Lolo et je me d\u00e9cide quand m\u00eame \u00e0 le remettre en ligne en esp\u00e9rant le mettre \u00e0 jour de temps en temps. <\/p> \n <p> Les meilleures astuces <a href=\"http:\/\/www.cobayous.com\/forum\/trucs-et-astuces-f121.html\" target=\"_blank\">post\u00e9es sur le forum<\/a> seront ajout\u00e9es ici <span class=\"wp-font-emots-emo-laugh\"><\/span> <\/p> \n<div style=\"background: none repeat scroll 0% 0% #f5fafc; border: 1px solid #6396ef; color: #404040; padding: 0pt 10px; margin-top: 1em; max-width: 98%; text-align: left;\">\n <p> <span style=\"text-decoration: underline;\"><span style=\"color: #ff00ff;\"><strong>&bull; Astuce 1 &#8211; Fond de bac t\u00e2ch\u00e9<\/strong><\/span><\/span> <\/p> \n <p> Si le fond du bac de la cage est t\u00e2ch\u00e9 par l\u2019urine de votre pouiik, laissez tremper le bac avec un peu de vinaigre pendant environ 10 minutes. Pass\u00e9 ce temps, vous pouvez frotter : les t\u00e2ches partent toutes seules !! De plus, le vinaigre est inoffensif pour votre animal (contrairement aux produits d\u2019entretien) <\/p> \n<\/div>\n<div style=\"background: none repeat scroll 0% 0% #f5fafc; border: 1px solid #6396ef; color: #404040; padding: 0pt 10px; margin-top: 2em; max-width: 98%; text-align: left;\">\n <p> <span style=\"text-decoration: underline;\"><span style=\"color: #ff00ff;\"><strong>&bull; Astuce 2 &#8211; Mon cobaye a un peu d&#8217;embonpoint<\/strong><\/span><\/span> <\/p> \n <p> Votre pouiik a tendance \u00e0 \u00eatre un peu trop rondouillet? Si il est adulte, pensez \u00e0 limiter sa ration de granul\u00e9s au profit des l\u00e9gumes. Essayez de lui faire faire un peu plus d&rsquo;exercice, de mettre sa nourriture un peu en hauteur &#8230; <\/p> \n<\/div>\n<div style=\"background: none repeat scroll 0% 0% #f5fafc; border: 1px solid #6396ef; color: #404040; padding: 0pt 10px; margin-top: 2em; max-width: 98%; text-align: left;\">\n <p> <span style=\"text-decoration: underline; color: #ff00ff;\"><strong>&bull; Astuce 3 &#8211; Pendant le nettoyage de la cage<\/strong><\/span> <\/p> \n <p> Pendant que vous changez la cage de votre pouiik, vous pouvez poser une serviette sur le sol et mettre les barreaux de la cage dessus. De cette mani\u00e8re, vous pouvez laisser l\u2019animal \u00ab dans sa cage \u00bb. Le tissu l\u2019emp\u00eachera de se laisser aller \u00e0 quelques pipi directement sur le sol et \u00e9vitera \u00e0 votre animal d\u2019attraper froid aux pattes (si c\u2019est du carrelage). Le mieux reste de lui \u00ab\u00a0construire\u00a0\u00bb un petit enclos provisoire le temps du changement de cage <span class=\"wp-font-emots-emo-wink\"><\/span> <\/p> \n<\/div>\n<div style=\"background: none repeat scroll 0% 0% #f5fafc; border: 1px solid #6396ef; color: #404040; padding: 0pt 10px; margin-top: 2em; max-width: 98%; text-align: left;\">\n <p> <span style=\"color: #ff00ff;\"><strong><span style=\"text-decoration: underline;\">&bull; Astuce 4 &#8211; Contre les insectes en \u00e9t\u00e9<\/span><\/strong><\/span> <\/p> \n <p> L\u2019\u00e9t\u00e9, si votre animal se trouve dehors et qu\u2019il y a des mouches, voici un truc simple (surtout si votre animal est incontinent). Tamponnez bien son derri\u00e8re avec un coton imbib\u00e9 d\u2019huile essentielle de citronnelle, de lavande ou de sch\u00e9nanthe. Cela repoussera les mouches, moustiques ou autres qui pourraient venir pondre sur votre animal. Pensez \u00e9galement \u00e0 nettoyer la cage plus souvent ! <\/p> \n<\/div>\n<div style=\"background: none repeat scroll 0% 0% #f5fafc; border: 1px solid #6396ef; color: #404040; padding: 0pt 10px; margin-top: 2em; max-width: 98%; text-align: left;\">\n <p> <span style=\"text-decoration: underline; color: #ff00ff;\"><strong>&bull; Astuce 5 &#8211; De l&rsquo;herbe fra\u00eeche m\u00eame en appartement !<\/strong><\/span> <\/p> \n <p> Si vous ne voulez pas donner l\u2019herbe de votre jardin \u00e0 votre pouiik (pour cause de pollution ou autre) ou que vous n\u2019avez pas de jardin, vous pouvez laisser pousser de l\u2019herbe (ou m\u00eame du persil) dans une jardini\u00e8re !! Votre pouiik aura de l\u2019herbe fra\u00eeche pendant une bonne partie de l\u2019ann\u00e9e (et sans aucun produit !!!) <\/p> \n<\/div>\n<div style=\"background: none repeat scroll 0% 0% #f5fafc; border: 1px solid #6396ef; color: #404040; padding: 0pt 10px; margin-top: 2em; max-width: 98%; text-align: left;\">\n <p> <span style=\"text-decoration: underline; color: #ff00ff;\"><strong>&bull; Astuce 6 &#8211; En libert\u00e9 dans le jardin<\/strong><\/span> <\/p> \n <p> Les cobayes ne sont pas des peluches, mais des \u00eatres vivants qui ont besoin d&rsquo;exercice, de d\u00e9couvertes, d&rsquo;aventures. <br \/> \nSi, comme moi, vous avez la chance d&rsquo;avoir un jardin entour\u00e9 de murs, commencez par installer dans sa cage une petite \u00ab\u00a0boite-dortoir\u00a0\u00bb en plastique qu&rsquo;on trouve dans toutes les animaleries. Quand il y sera bien habitu\u00e9, posez-la dans le coin du jardin pr\u00e9f\u00e9r\u00e9 de votre pouiik. Il va \u00e9videmment patrouiller partout, et sera assez coquin au moment de le remettre dans sa cage (le soir, ou s&rsquo;il fait pluvieux). Il vous suffira de le rabattre doucement vers son petit dortoir, o\u00f9 il entrera vite. Apr\u00e8s des heures de jeux et d&rsquo;explorations, il sera ravi de retrouver sa petite cage douillette ! Et vous n&rsquo;aurez jamais le probl\u00e8me des ongles trop longs &#8230; Attention cependant aux animaux qui pourraient se retrouver dans votre jardin (chats entre autre) ainsi qu&rsquo;aux mauvaises plantes que votre animal pourrait ing\u00e9rer. <\/p> \n<\/div>\n<div style=\"background: none repeat scroll 0% 0% #f5fafc; border: 1px solid #6396ef; color: #404040; padding: 0pt 10px; margin-top: 2em; max-width: 98%; text-align: left;\">\n <p> <span style=\"text-decoration: underline; color: #ff00ff;\"><strong>&bull; Astuce 7 &#8211; Un retour dans la cage tout en douceur !<\/strong><\/span> <\/p> \n <p> Certains cobayes ont tendance \u00e0 se \u00ab\u00a0jeter\u00a0\u00bb dans leur cage lorsqu&rsquo;on veut les y faire rentrer apr\u00e8s les sorties. <br \/> \nPour \u00e9viter que votre animal ne saute de vos mains et n&rsquo;aille, par la m\u00eame occasion, se \u00ab\u00a0claquer la t\u00eate\u00a0\u00bb contre les barreaux (risques de blessures), fa\u00eetes le entrer la t\u00eate en dernier. <\/p> \n <p> Donc, c&rsquo;est son cucul qui doit entrer d&rsquo;abord dans la cage <span class=\"wp-font-emots-emo-wink\"><\/span> <\/p> \n<\/div>\n <p> <a href=\"http:\/\/www.cobayous.com\/site\/qui-sommes-nous\/\"><img loading=\"lazy\" decoding=\"async\" class=\"alignright\" title=\"copyright-pomelo.jpg\" src=\"\/site\/wp-content\/uploads\/dossiers\/copyright-pomelo.jpg\" alt=\"copyright-pomelo.jpg\" width=\"275\" height=\"50\" border=\"0\" \/><\/a> <\/p> \n <p> <script type=\"text\/javascript\">\/\/ <![CDATA[\n                   google_ad_client = \"ca-pub-3631834167777130\"; \/* 728x90, SITE BAS *\/ google_ad_slot = \"8092157966\"; google_ad_width = 728; google_ad_height = 90;\n\/\/ ]]><\/script> <br \/> \n<script type=\"text\/javascript\" src=\"http:\/\/pagead2.googlesyndication.com\/pagead\/show_ads.js\">\/\/ <![CDATA[\n\n\n\/\/ ]]><\/script> <br \/> \n<\/div><div style='clear: both;'><\/div> <\/p> \n","protected":false},"excerpt":{"rendered":"","protected":false},"author":1,"featured_media":0,"parent":1284,"menu_order":0,"comment_status":"closed","ping_status":"open","template":"pg-tpl-no-sidebars.php","meta":{"ngg_post_thumbnail":0,"footnotes":""},"class_list":["post-1856","page","type-page","status-publish","hentry"],"yoast_head":"<!-- This site is optimized with the Yoast SEO plugin v27.1.1 - https:\/\/yoast.com\/product\/yoast-seo-wordpress\/ -->\n<title>Trucs et astuces - Les Cobayes Pom&amp;Lolo<\/title>\n<meta name=\"robots\" content=\"index, follow, max-snippet:-1, max-image-preview:large, max-video-preview:-1\" \/>\n<link rel=\"canonical\" href=\"http:\/\/www.cobayous.com\/site\/les-dossiers\/speciaux-pratiques\/trucs-et-astuces\/\" \/>\n<meta property=\"og:locale\" content=\"fr_FR\" \/>\n<meta property=\"og:type\" content=\"article\" \/>\n<meta property=\"og:title\" content=\"Trucs et astuces - Les Cobayes Pom&amp;Lolo\" \/>\n<meta property=\"og:url\" content=\"http:\/\/www.cobayous.com\/site\/les-dossiers\/speciaux-pratiques\/trucs-et-astuces\/\" \/>\n<meta property=\"og:site_name\" content=\"Les Cobayes Pom&amp;Lolo\" \/>\n<meta property=\"article:modified_time\" content=\"2012-05-20T19:07:59+00:00\" \/>\n<meta property=\"og:image\" content=\"http:\/\/www.cobayous.Com\/site\/wp-content\/uploads\/img\/books.png\" \/>\n<meta name=\"twitter:card\" content=\"summary_large_image\" \/>\n<meta name=\"twitter:label1\" content=\"Dur\u00e9e de lecture estim\u00e9e\" \/>\n\t<meta name=\"twitter:data1\" content=\"4 minutes\" \/>\n<script type=\"application\/ld+json\" class=\"yoast-schema-graph\">{\"@context\":\"https:\/\/schema.org\",\"@graph\":[{\"@type\":\"WebPage\",\"@id\":\"http:\/\/www.cobayous.com\/site\/les-dossiers\/speciaux-pratiques\/trucs-et-astuces\/\",\"url\":\"http:\/\/www.cobayous.com\/site\/les-dossiers\/speciaux-pratiques\/trucs-et-astuces\/\",\"name\":\"Trucs et astuces - Les Cobayes Pom&amp;Lolo\",\"isPartOf\":{\"@id\":\"http:\/\/www.cobayous.com\/site\/#website\"},\"primaryImageOfPage\":{\"@id\":\"http:\/\/www.cobayous.com\/site\/les-dossiers\/speciaux-pratiques\/trucs-et-astuces\/#primaryimage\"},\"image\":{\"@id\":\"http:\/\/www.cobayous.com\/site\/les-dossiers\/speciaux-pratiques\/trucs-et-astuces\/#primaryimage\"},\"thumbnailUrl\":\"http:\/\/www.cobayous.Com\/site\/wp-content\/uploads\/img\/books.png\",\"datePublished\":\"2011-05-04T19:14:03+00:00\",\"dateModified\":\"2012-05-20T19:07:59+00:00\",\"breadcrumb\":{\"@id\":\"http:\/\/www.cobayous.com\/site\/les-dossiers\/speciaux-pratiques\/trucs-et-astuces\/#breadcrumb\"},\"inLanguage\":\"fr-FR\",\"potentialAction\":[{\"@type\":\"ReadAction\",\"target\":[\"http:\/\/www.cobayous.com\/site\/les-dossiers\/speciaux-pratiques\/trucs-et-astuces\/\"]}]},{\"@type\":\"ImageObject\",\"inLanguage\":\"fr-FR\",\"@id\":\"http:\/\/www.cobayous.com\/site\/les-dossiers\/speciaux-pratiques\/trucs-et-astuces\/#primaryimage\",\"url\":\"http:\/\/www.cobayous.Com\/site\/wp-content\/uploads\/img\/books.png\",\"contentUrl\":\"http:\/\/www.cobayous.Com\/site\/wp-content\/uploads\/img\/books.png\"},{\"@type\":\"BreadcrumbList\",\"@id\":\"http:\/\/www.cobayous.com\/site\/les-dossiers\/speciaux-pratiques\/trucs-et-astuces\/#breadcrumb\",\"itemListElement\":[{\"@type\":\"ListItem\",\"position\":1,\"name\":\"Accueil\",\"item\":\"http:\/\/www.cobayous.com\/site\/\"},{\"@type\":\"ListItem\",\"position\":2,\"name\":\"Dossiers\",\"item\":\"http:\/\/www.cobayous.com\/site\/les-dossiers\/\"},{\"@type\":\"ListItem\",\"position\":3,\"name\":\"Dossiers sp\u00e9ciaux \/ Pratiques\",\"item\":\"http:\/\/www.cobayous.com\/site\/les-dossiers\/speciaux-pratiques\/\"},{\"@type\":\"ListItem\",\"position\":4,\"name\":\"Trucs et astuces\"}]},{\"@type\":\"WebSite\",\"@id\":\"http:\/\/www.cobayous.com\/site\/#website\",\"url\":\"http:\/\/www.cobayous.com\/site\/\",\"name\":\"Les Cobayes Pom&Lolo\",\"description\":\"\",\"publisher\":{\"@id\":\"http:\/\/www.cobayous.com\/site\/#organization\"},\"potentialAction\":[{\"@type\":\"SearchAction\",\"target\":{\"@type\":\"EntryPoint\",\"urlTemplate\":\"http:\/\/www.cobayous.com\/site\/?s={search_term_string}\"},\"query-input\":{\"@type\":\"PropertyValueSpecification\",\"valueRequired\":true,\"valueName\":\"search_term_string\"}}],\"inLanguage\":\"fr-FR\"},{\"@type\":\"Organization\",\"@id\":\"http:\/\/www.cobayous.com\/site\/#organization\",\"name\":\"Les Cobayes Pom&Lolo\",\"url\":\"http:\/\/www.cobayous.com\/site\/\",\"logo\":{\"@type\":\"ImageObject\",\"inLanguage\":\"fr-FR\",\"@id\":\"http:\/\/www.cobayous.com\/site\/#\/schema\/logo\/image\/\",\"url\":\"http:\/\/www.cobayous.com\/site\/wp-content\/uploads\/2024\/01\/header-bg.png\",\"contentUrl\":\"http:\/\/www.cobayous.com\/site\/wp-content\/uploads\/2024\/01\/header-bg.png\",\"width\":1022,\"height\":250,\"caption\":\"Les Cobayes Pom&Lolo\"},\"image\":{\"@id\":\"http:\/\/www.cobayous.com\/site\/#\/schema\/logo\/image\/\"}}]}<\/script>\n<!-- \/ Yoast SEO plugin. -->","yoast_head_json":{"title":"Trucs et astuces - Les Cobayes Pom&amp;Lolo","robots":{"index":"index","follow":"follow","max-snippet":"max-snippet:-1","max-image-preview":"max-image-preview:large","max-video-preview":"max-video-preview:-1"},"canonical":"http:\/\/www.cobayous.com\/site\/les-dossiers\/speciaux-pratiques\/trucs-et-astuces\/","og_locale":"fr_FR","og_type":"article","og_title":"Trucs et astuces - Les Cobayes Pom&amp;Lolo","og_url":"http:\/\/www.cobayous.com\/site\/les-dossiers\/speciaux-pratiques\/trucs-et-astuces\/","og_site_name":"Les Cobayes Pom&amp;Lolo","article_modified_time":"2012-05-20T19:07:59+00:00","og_image":[{"url":"http:\/\/www.cobayous.Com\/site\/wp-content\/uploads\/img\/books.png","type":"","width":"","height":""}],"twitter_card":"summary_large_image","twitter_misc":{"Dur\u00e9e de lecture estim\u00e9e":"4 minutes"},"schema":{"@context":"https:\/\/schema.org","@graph":[{"@type":"WebPage","@id":"http:\/\/www.cobayous.com\/site\/les-dossiers\/speciaux-pratiques\/trucs-et-astuces\/","url":"http:\/\/www.cobayous.com\/site\/les-dossiers\/speciaux-pratiques\/trucs-et-astuces\/","name":"Trucs et astuces - Les Cobayes Pom&amp;Lolo","isPartOf":{"@id":"http:\/\/www.cobayous.com\/site\/#website"},"primaryImageOfPage":{"@id":"http:\/\/www.cobayous.com\/site\/les-dossiers\/speciaux-pratiques\/trucs-et-astuces\/#primaryimage"},"image":{"@id":"http:\/\/www.cobayous.com\/site\/les-dossiers\/speciaux-pratiques\/trucs-et-astuces\/#primaryimage"},"thumbnailUrl":"http:\/\/www.cobayous.Com\/site\/wp-content\/uploads\/img\/books.png","datePublished":"2011-05-04T19:14:03+00:00","dateModified":"2012-05-20T19:07:59+00:00","breadcrumb":{"@id":"http:\/\/www.cobayous.com\/site\/les-dossiers\/speciaux-pratiques\/trucs-et-astuces\/#breadcrumb"},"inLanguage":"fr-FR","potentialAction":[{"@type":"ReadAction","target":["http:\/\/www.cobayous.com\/site\/les-dossiers\/speciaux-pratiques\/trucs-et-astuces\/"]}]},{"@type":"ImageObject","inLanguage":"fr-FR","@id":"http:\/\/www.cobayous.com\/site\/les-dossiers\/speciaux-pratiques\/trucs-et-astuces\/#primaryimage","url":"http:\/\/www.cobayous.Com\/site\/wp-content\/uploads\/img\/books.png","contentUrl":"http:\/\/www.cobayous.Com\/site\/wp-content\/uploads\/img\/books.png"},{"@type":"BreadcrumbList","@id":"http:\/\/www.cobayous.com\/site\/les-dossiers\/speciaux-pratiques\/trucs-et-astuces\/#breadcrumb","itemListElement":[{"@type":"ListItem","position":1,"name":"Accueil","item":"http:\/\/www.cobayous.com\/site\/"},{"@type":"ListItem","position":2,"name":"Dossiers","item":"http:\/\/www.cobayous.com\/site\/les-dossiers\/"},{"@type":"ListItem","position":3,"name":"Dossiers sp\u00e9ciaux \/ Pratiques","item":"http:\/\/www.cobayous.com\/site\/les-dossiers\/speciaux-pratiques\/"},{"@type":"ListItem","position":4,"name":"Trucs et astuces"}]},{"@type":"WebSite","@id":"http:\/\/www.cobayous.com\/site\/#website","url":"http:\/\/www.cobayous.com\/site\/","name":"Les Cobayes Pom&Lolo","description":"","publisher":{"@id":"http:\/\/www.cobayous.com\/site\/#organization"},"potentialAction":[{"@type":"SearchAction","target":{"@type":"EntryPoint","urlTemplate":"http:\/\/www.cobayous.com\/site\/?s={search_term_string}"},"query-input":{"@type":"PropertyValueSpecification","valueRequired":true,"valueName":"search_term_string"}}],"inLanguage":"fr-FR"},{"@type":"Organization","@id":"http:\/\/www.cobayous.com\/site\/#organization","name":"Les Cobayes Pom&Lolo","url":"http:\/\/www.cobayous.com\/site\/","logo":{"@type":"ImageObject","inLanguage":"fr-FR","@id":"http:\/\/www.cobayous.com\/site\/#\/schema\/logo\/image\/","url":"http:\/\/www.cobayous.com\/site\/wp-content\/uploads\/2024\/01\/header-bg.png","contentUrl":"http:\/\/www.cobayous.com\/site\/wp-content\/uploads\/2024\/01\/header-bg.png","width":1022,"height":250,"caption":"Les Cobayes Pom&Lolo"},"image":{"@id":"http:\/\/www.cobayous.com\/site\/#\/schema\/logo\/image\/"}}]}},"_links":{"self":[{"href":"http:\/\/www.cobayous.com\/site\/wp-json\/wp\/v2\/pages\/1856","targetHints":{"allow":["GET"]}}],"collection":[{"href":"http:\/\/www.cobayous.com\/site\/wp-json\/wp\/v2\/pages"}],"about":[{"href":"http:\/\/www.cobayous.com\/site\/wp-json\/wp\/v2\/types\/page"}],"author":[{"embeddable":true,"href":"http:\/\/www.cobayous.com\/site\/wp-json\/wp\/v2\/users\/1"}],"replies":[{"embeddable":true,"href":"http:\/\/www.cobayous.com\/site\/wp-json\/wp\/v2\/comments?post=1856"}],"version-history":[{"count":0,"href":"http:\/\/www.cobayous.com\/site\/wp-json\/wp\/v2\/pages\/1856\/revisions"}],"up":[{"embeddable":true,"href":"http:\/\/www.cobayous.com\/site\/wp-json\/wp\/v2\/pages\/1284"}],"wp:attachment":[{"href":"http:\/\/www.cobayous.com\/site\/wp-json\/wp\/v2\/media?parent=1856"}],"curies":[{"name":"wp","href":"https:\/\/api.w.org\/{rel}","templated":true}]}}