{"id":1809,"date":"2011-05-02T20:41:02","date_gmt":"2011-05-02T19:41:02","guid":{"rendered":"http:\/\/www.cobayous.com\/site\/?page_id=1809"},"modified":"2011-05-02T20:41:02","modified_gmt":"2011-05-02T19:41:02","slug":"faire-un-don","status":"publish","type":"page","link":"http:\/\/www.cobayous.com\/site\/services\/faire-un-don\/","title":{"rendered":"Faire un don"},"content":{"rendered":" <p> Le Monde des Cobayes Pom et Lolo est un site dot\u00e9 d&rsquo;un forum en        ligne depuis 2003 qui a toujours \u00e9t\u00e9 gratuit et qui le restera.        <img loading=\"lazy\" decoding=\"async\" src=\"..\/..\/forum\/images\/smilies\/icon_smile.gif\" alt=\"\" width=\"18\" height=\"18\" \/> <br \/> \nL&rsquo;h\u00e9bergement et le nom de domaine sont financ\u00e9 en partie        par la publicit\u00e9 pr\u00e9sente \u00e0 travers le site. Je dis        \u00ab\u00a0en partie\u00a0\u00bb car cela ne suffit pas toujours. <\/p> \n <p> <strong>Si vous souhaitez soutenir Pom et Lolo<\/strong> et nous aider un        peu plus, vous pouvez utiliser le service Paypal qui est <strong>s\u00e9curis\u00e9<\/strong> et tr\u00e8s <strong>facile d&rsquo;utilisation<\/strong>. <br \/> \nIl vous suffit de cliquer sur le bouton ci-dessous et de vous laisser guider.        Aucune somme minimale n&rsquo;est indiqu\u00e9e, c&rsquo;est vous qui choisissez ce        que vous souhaitez donner. <br \/> \nIl n&rsquo;y a bien s\u00fbr<strong> rien d&rsquo;obligatoire<\/strong> ! <\/p> \n <p> <input name=\"bn\" type=\"hidden\" value=\"PP-DonationsBF\" \/> <\/p> \n<div>\n<form action=\"https:\/\/www.paypal.com\/cgi-bin\/webscr\" method=\"post\"> <input alt=\"PayPal - la solution de paiement en ligne la plus simple et la plus s\u00e9curis\u00e9e !\" name=\"submit\" src=\"https:\/\/www.paypal.com\/fr_FR\/FR\/i\/btn\/btn_donate_SM.gif\" type=\"image\" \/> <img loading=\"lazy\" decoding=\"async\" src=\"https:\/\/www.paypal.com\/fr_FR\/i\/scr\/pixel.gif\" border=\"0\" alt=\"\" width=\"1\" height=\"1\" \/> <br \/> \n<\/form>\n<\/div>\n","protected":false},"excerpt":{"rendered":" <p> Le Monde des Cobayes Pom et Lolo est un site dot\u00e9 d&rsquo;un forum en ligne depuis 2003 qui a toujours \u00e9t\u00e9 gratuit et qui le restera. L&rsquo;h\u00e9bergement et le nom&#8230; <a href=\"http:\/\/www.cobayous.com\/site\/services\/faire-un-don\/\">Read more &raquo;<\/a> <\/p> \n","protected":false},"author":1,"featured_media":0,"parent":32,"menu_order":3,"comment_status":"closed","ping_status":"closed","template":"","meta":{"ngg_post_thumbnail":0,"footnotes":""},"class_list":["post-1809","page","type-page","status-publish","hentry"],"yoast_head":"<!-- This site is optimized with the Yoast SEO plugin v27.1.1 - https:\/\/yoast.com\/product\/yoast-seo-wordpress\/ -->\n<title>Faire un don - Les Cobayes Pom&amp;Lolo<\/title>\n<meta name=\"robots\" content=\"index, follow, max-snippet:-1, max-image-preview:large, max-video-preview:-1\" \/>\n<link rel=\"canonical\" href=\"http:\/\/www.cobayous.com\/site\/services\/faire-un-don\/\" \/>\n<meta property=\"og:locale\" content=\"fr_FR\" \/>\n<meta property=\"og:type\" content=\"article\" \/>\n<meta property=\"og:title\" content=\"Faire un don - Les Cobayes Pom&amp;Lolo\" \/>\n<meta property=\"og:description\" content=\"Le Monde des Cobayes Pom et Lolo est un site dot\u00e9 d&rsquo;un forum en ligne depuis 2003 qui a toujours \u00e9t\u00e9 gratuit et qui le restera. L&rsquo;h\u00e9bergement et le nom... Read more &raquo;\" \/>\n<meta property=\"og:url\" content=\"http:\/\/www.cobayous.com\/site\/services\/faire-un-don\/\" \/>\n<meta property=\"og:site_name\" content=\"Les Cobayes Pom&amp;Lolo\" \/>\n<meta property=\"og:image\" content=\"https:\/\/www.paypal.com\/fr_FR\/i\/scr\/pixel.gif\" \/>\n<meta name=\"twitter:card\" content=\"summary_large_image\" \/>\n<meta name=\"twitter:label1\" content=\"Dur\u00e9e de lecture estim\u00e9e\" \/>\n\t<meta name=\"twitter:data1\" content=\"1 minute\" \/>\n<script type=\"application\/ld+json\" class=\"yoast-schema-graph\">{\"@context\":\"https:\/\/schema.org\",\"@graph\":[{\"@type\":\"WebPage\",\"@id\":\"http:\/\/www.cobayous.com\/site\/services\/faire-un-don\/\",\"url\":\"http:\/\/www.cobayous.com\/site\/services\/faire-un-don\/\",\"name\":\"Faire un don - Les Cobayes Pom&amp;Lolo\",\"isPartOf\":{\"@id\":\"http:\/\/www.cobayous.com\/site\/#website\"},\"primaryImageOfPage\":{\"@id\":\"http:\/\/www.cobayous.com\/site\/services\/faire-un-don\/#primaryimage\"},\"image\":{\"@id\":\"http:\/\/www.cobayous.com\/site\/services\/faire-un-don\/#primaryimage\"},\"thumbnailUrl\":\"https:\/\/www.paypal.com\/fr_FR\/i\/scr\/pixel.gif\",\"datePublished\":\"2011-05-02T19:41:02+00:00\",\"breadcrumb\":{\"@id\":\"http:\/\/www.cobayous.com\/site\/services\/faire-un-don\/#breadcrumb\"},\"inLanguage\":\"fr-FR\",\"potentialAction\":[{\"@type\":\"ReadAction\",\"target\":[\"http:\/\/www.cobayous.com\/site\/services\/faire-un-don\/\"]}]},{\"@type\":\"ImageObject\",\"inLanguage\":\"fr-FR\",\"@id\":\"http:\/\/www.cobayous.com\/site\/services\/faire-un-don\/#primaryimage\",\"url\":\"https:\/\/www.paypal.com\/fr_FR\/i\/scr\/pixel.gif\",\"contentUrl\":\"https:\/\/www.paypal.com\/fr_FR\/i\/scr\/pixel.gif\"},{\"@type\":\"BreadcrumbList\",\"@id\":\"http:\/\/www.cobayous.com\/site\/services\/faire-un-don\/#breadcrumb\",\"itemListElement\":[{\"@type\":\"ListItem\",\"position\":1,\"name\":\"Accueil\",\"item\":\"http:\/\/www.cobayous.com\/site\/\"},{\"@type\":\"ListItem\",\"position\":2,\"name\":\"Services\",\"item\":\"http:\/\/www.cobayous.com\/site\/?page_id=32\"},{\"@type\":\"ListItem\",\"position\":3,\"name\":\"Faire un don\"}]},{\"@type\":\"WebSite\",\"@id\":\"http:\/\/www.cobayous.com\/site\/#website\",\"url\":\"http:\/\/www.cobayous.com\/site\/\",\"name\":\"Les Cobayes Pom&Lolo\",\"description\":\"\",\"publisher\":{\"@id\":\"http:\/\/www.cobayous.com\/site\/#organization\"},\"potentialAction\":[{\"@type\":\"SearchAction\",\"target\":{\"@type\":\"EntryPoint\",\"urlTemplate\":\"http:\/\/www.cobayous.com\/site\/?s={search_term_string}\"},\"query-input\":{\"@type\":\"PropertyValueSpecification\",\"valueRequired\":true,\"valueName\":\"search_term_string\"}}],\"inLanguage\":\"fr-FR\"},{\"@type\":\"Organization\",\"@id\":\"http:\/\/www.cobayous.com\/site\/#organization\",\"name\":\"Les Cobayes Pom&Lolo\",\"url\":\"http:\/\/www.cobayous.com\/site\/\",\"logo\":{\"@type\":\"ImageObject\",\"inLanguage\":\"fr-FR\",\"@id\":\"http:\/\/www.cobayous.com\/site\/#\/schema\/logo\/image\/\",\"url\":\"http:\/\/www.cobayous.com\/site\/wp-content\/uploads\/2024\/01\/header-bg.png\",\"contentUrl\":\"http:\/\/www.cobayous.com\/site\/wp-content\/uploads\/2024\/01\/header-bg.png\",\"width\":1022,\"height\":250,\"caption\":\"Les Cobayes Pom&Lolo\"},\"image\":{\"@id\":\"http:\/\/www.cobayous.com\/site\/#\/schema\/logo\/image\/\"}}]}<\/script>\n<!-- \/ Yoast SEO plugin. -->","yoast_head_json":{"title":"Faire un don - Les Cobayes Pom&amp;Lolo","robots":{"index":"index","follow":"follow","max-snippet":"max-snippet:-1","max-image-preview":"max-image-preview:large","max-video-preview":"max-video-preview:-1"},"canonical":"http:\/\/www.cobayous.com\/site\/services\/faire-un-don\/","og_locale":"fr_FR","og_type":"article","og_title":"Faire un don - Les Cobayes Pom&amp;Lolo","og_description":"Le Monde des Cobayes Pom et Lolo est un site dot\u00e9 d&rsquo;un forum en ligne depuis 2003 qui a toujours \u00e9t\u00e9 gratuit et qui le restera. L&rsquo;h\u00e9bergement et le nom... Read more &raquo;","og_url":"http:\/\/www.cobayous.com\/site\/services\/faire-un-don\/","og_site_name":"Les Cobayes Pom&amp;Lolo","og_image":[{"url":"https:\/\/www.paypal.com\/fr_FR\/i\/scr\/pixel.gif","type":"","width":"","height":""}],"twitter_card":"summary_large_image","twitter_misc":{"Dur\u00e9e de lecture estim\u00e9e":"1 minute"},"schema":{"@context":"https:\/\/schema.org","@graph":[{"@type":"WebPage","@id":"http:\/\/www.cobayous.com\/site\/services\/faire-un-don\/","url":"http:\/\/www.cobayous.com\/site\/services\/faire-un-don\/","name":"Faire un don - Les Cobayes Pom&amp;Lolo","isPartOf":{"@id":"http:\/\/www.cobayous.com\/site\/#website"},"primaryImageOfPage":{"@id":"http:\/\/www.cobayous.com\/site\/services\/faire-un-don\/#primaryimage"},"image":{"@id":"http:\/\/www.cobayous.com\/site\/services\/faire-un-don\/#primaryimage"},"thumbnailUrl":"https:\/\/www.paypal.com\/fr_FR\/i\/scr\/pixel.gif","datePublished":"2011-05-02T19:41:02+00:00","breadcrumb":{"@id":"http:\/\/www.cobayous.com\/site\/services\/faire-un-don\/#breadcrumb"},"inLanguage":"fr-FR","potentialAction":[{"@type":"ReadAction","target":["http:\/\/www.cobayous.com\/site\/services\/faire-un-don\/"]}]},{"@type":"ImageObject","inLanguage":"fr-FR","@id":"http:\/\/www.cobayous.com\/site\/services\/faire-un-don\/#primaryimage","url":"https:\/\/www.paypal.com\/fr_FR\/i\/scr\/pixel.gif","contentUrl":"https:\/\/www.paypal.com\/fr_FR\/i\/scr\/pixel.gif"},{"@type":"BreadcrumbList","@id":"http:\/\/www.cobayous.com\/site\/services\/faire-un-don\/#breadcrumb","itemListElement":[{"@type":"ListItem","position":1,"name":"Accueil","item":"http:\/\/www.cobayous.com\/site\/"},{"@type":"ListItem","position":2,"name":"Services","item":"http:\/\/www.cobayous.com\/site\/?page_id=32"},{"@type":"ListItem","position":3,"name":"Faire un don"}]},{"@type":"WebSite","@id":"http:\/\/www.cobayous.com\/site\/#website","url":"http:\/\/www.cobayous.com\/site\/","name":"Les Cobayes Pom&Lolo","description":"","publisher":{"@id":"http:\/\/www.cobayous.com\/site\/#organization"},"potentialAction":[{"@type":"SearchAction","target":{"@type":"EntryPoint","urlTemplate":"http:\/\/www.cobayous.com\/site\/?s={search_term_string}"},"query-input":{"@type":"PropertyValueSpecification","valueRequired":true,"valueName":"search_term_string"}}],"inLanguage":"fr-FR"},{"@type":"Organization","@id":"http:\/\/www.cobayous.com\/site\/#organization","name":"Les Cobayes Pom&Lolo","url":"http:\/\/www.cobayous.com\/site\/","logo":{"@type":"ImageObject","inLanguage":"fr-FR","@id":"http:\/\/www.cobayous.com\/site\/#\/schema\/logo\/image\/","url":"http:\/\/www.cobayous.com\/site\/wp-content\/uploads\/2024\/01\/header-bg.png","contentUrl":"http:\/\/www.cobayous.com\/site\/wp-content\/uploads\/2024\/01\/header-bg.png","width":1022,"height":250,"caption":"Les Cobayes Pom&Lolo"},"image":{"@id":"http:\/\/www.cobayous.com\/site\/#\/schema\/logo\/image\/"}}]}},"_links":{"self":[{"href":"http:\/\/www.cobayous.com\/site\/wp-json\/wp\/v2\/pages\/1809","targetHints":{"allow":["GET"]}}],"collection":[{"href":"http:\/\/www.cobayous.com\/site\/wp-json\/wp\/v2\/pages"}],"about":[{"href":"http:\/\/www.cobayous.com\/site\/wp-json\/wp\/v2\/types\/page"}],"author":[{"embeddable":true,"href":"http:\/\/www.cobayous.com\/site\/wp-json\/wp\/v2\/users\/1"}],"replies":[{"embeddable":true,"href":"http:\/\/www.cobayous.com\/site\/wp-json\/wp\/v2\/comments?post=1809"}],"version-history":[{"count":0,"href":"http:\/\/www.cobayous.com\/site\/wp-json\/wp\/v2\/pages\/1809\/revisions"}],"up":[{"embeddable":true,"href":"http:\/\/www.cobayous.com\/site\/wp-json\/wp\/v2\/pages\/32"}],"wp:attachment":[{"href":"http:\/\/www.cobayous.com\/site\/wp-json\/wp\/v2\/media?parent=1809"}],"curies":[{"name":"wp","href":"https:\/\/api.w.org\/{rel}","templated":true}]}}