{"id":1793,"date":"2011-05-02T18:24:01","date_gmt":"2011-05-02T17:24:01","guid":{"rendered":"http:\/\/www.cobayous.com\/site\/?page_id=1793"},"modified":"2011-05-06T13:09:02","modified_gmt":"2011-05-06T12:09:02","slug":"les-bannieres-du-site","status":"publish","type":"page","link":"http:\/\/www.cobayous.com\/site\/goodies\/les-bannieres-du-site\/","title":{"rendered":"Les Banni\u00e8res du site"},"content":{"rendered":" <p> Si tu viens sur cette page, c&rsquo;est certainement que tu souhaites faire un        lien vers le Site de Pom et Lolo et, je t&rsquo;en remercie <span class=\"wp-font-emots-emo-happy\"><\/span> <br \/> \nPour installer une banni\u00e8re ou un logo sur ton site, c&rsquo;est pas tr\u00e8s        compliqu\u00e9 : <\/p> \n <p> &#8211; choisis la banni\u00e8re ou le logo que tu souhaites publier sur ton site\/blog <br \/> \n&#8211; tu l&rsquo;enregistres sur ton ordinateur et tu l&rsquo;ins\u00e8res directement sur ton site. <br \/> \n&#8211; il ne te resteras plus qu&rsquo;\u00e0 faire un lien sur cette image vers http:\/\/www.cobayous.com\/ <\/p> \n <p> &nbsp; <\/p> \n <p> <span style=\"text-decoration: underline; color: #3366ff;\"><strong>LES BANNIERES<\/strong><\/span> <\/p> \n <p> <img loading=\"lazy\" decoding=\"async\" src=\"\/site\/wp-content\/uploads\/bannieres\/ban01.gif\" alt=\"\" width=\"468\" height=\"60\" \/> <\/p> \n<hr \/>\n <p> <img loading=\"lazy\" decoding=\"async\" src=\"\/site\/wp-content\/uploads\/bannieres\/ban02.jpg\" border=\"0\" alt=\"\" width=\"476\" height=\"85\" \/> <\/p> \n<hr \/>\n <p> <img loading=\"lazy\" decoding=\"async\" src=\"\/site\/wp-content\/uploads\/bannieres\/ban03.gif\" alt=\"LE SITE DE POM ET LOLO !\" width=\"468\" height=\"60\" \/> <\/p> \n<hr \/>\n <p> <img loading=\"lazy\" decoding=\"async\" src=\"\/site\/wp-content\/uploads\/bannieres\/ban04.gif\" alt=\"LE SITE DE POM ET LOLO !\" width=\"468\" height=\"60\" \/> <\/p> \n<hr \/>\n <p> <img loading=\"lazy\" decoding=\"async\" src=\"\/site\/wp-content\/uploads\/bannieres\/ban05.gif\" alt=\"LE SITE DE POM ET LOLO !\" width=\"468\" height=\"60\" \/> <\/p> \n<hr \/>\n <p> <img loading=\"lazy\" decoding=\"async\" src=\"\/site\/wp-content\/uploads\/bannieres\/ban06.gif\" alt=\"LE SITE DE POM ET LOLO !\" width=\"468\" height=\"60\" \/> <\/p> \n<hr \/>\n <p> <img loading=\"lazy\" decoding=\"async\" src=\"\/site\/wp-content\/uploads\/bannieres\/ban07.gif\" alt=\"LE SITE DE POM ET LOLO !\" width=\"468\" height=\"60\" \/> <\/p> \n<hr \/>\n <p> <img loading=\"lazy\" decoding=\"async\" src=\"\/site\/wp-content\/uploads\/bannieres\/ban08.gif\" alt=\"LE SITE DE POM ET LOLO !\" width=\"468\" height=\"60\" \/> <\/p> \n <p> &nbsp; <\/p> \n <p> <span style=\"text-decoration: underline; color: #3366ff;\"><strong>AUTRES FORMATS<\/strong><\/span> <\/p> \n<div><img loading=\"lazy\" decoding=\"async\" src=\"\/site\/wp-content\/uploads\/bannieres\/logo90x60_1.gif\" alt=\"\" width=\"90\" height=\"60\" \/><img loading=\"lazy\" decoding=\"async\" src=\"\/site\/wp-content\/uploads\/bannieres\/logo01.gif\" alt=\"\" width=\"150\" height=\"100\" \/> <img loading=\"lazy\" decoding=\"async\" src=\"\/site\/wp-content\/uploads\/bannieres\/logo02.gif\" alt=\"\" width=\"250\" height=\"125\" \/><\/div>\n <p> <img loading=\"lazy\" decoding=\"async\" src=\"\/site\/wp-content\/uploads\/bannieres\/logo04.gif\" alt=\"\" width=\"300\" height=\"150\" \/> <\/p> \n <p> <img loading=\"lazy\" decoding=\"async\" src=\"\/site\/wp-content\/uploads\/bannieres\/bigban1-728x90.gif\" alt=\"\" width=\"728\" height=\"90\" \/> <\/p> \n","protected":false},"excerpt":{"rendered":" <p> Si tu viens sur cette page, c&rsquo;est certainement que tu souhaites faire un lien vers le Site de Pom et Lolo et, je t&rsquo;en remercie Pour installer une banni\u00e8re ou&#8230; <a href=\"http:\/\/www.cobayous.com\/site\/goodies\/les-bannieres-du-site\/\">Read more &raquo;<\/a> <\/p> \n","protected":false},"author":1,"featured_media":0,"parent":30,"menu_order":0,"comment_status":"closed","ping_status":"closed","template":"","meta":{"ngg_post_thumbnail":0,"footnotes":""},"class_list":["post-1793","page","type-page","status-publish","hentry"],"yoast_head":"<!-- This site is optimized with the Yoast SEO plugin v27.1.1 - https:\/\/yoast.com\/product\/yoast-seo-wordpress\/ -->\n<title>Les Banni\u00e8res du site - Les Cobayes Pom&amp;Lolo<\/title>\n<meta name=\"robots\" content=\"index, follow, max-snippet:-1, max-image-preview:large, max-video-preview:-1\" \/>\n<link rel=\"canonical\" href=\"http:\/\/www.cobayous.com\/site\/goodies\/les-bannieres-du-site\/\" \/>\n<meta property=\"og:locale\" content=\"fr_FR\" \/>\n<meta property=\"og:type\" content=\"article\" \/>\n<meta property=\"og:title\" content=\"Les Banni\u00e8res du site - Les Cobayes Pom&amp;Lolo\" \/>\n<meta property=\"og:description\" content=\"Si tu viens sur cette page, c&rsquo;est certainement que tu souhaites faire un lien vers le Site de Pom et Lolo et, je t&rsquo;en remercie Pour installer une banni\u00e8re ou... Read more &raquo;\" \/>\n<meta property=\"og:url\" content=\"http:\/\/www.cobayous.com\/site\/goodies\/les-bannieres-du-site\/\" \/>\n<meta property=\"og:site_name\" content=\"Les Cobayes Pom&amp;Lolo\" \/>\n<meta property=\"article:modified_time\" content=\"2011-05-06T12:09:02+00:00\" \/>\n<meta name=\"twitter:card\" content=\"summary_large_image\" \/>\n<script type=\"application\/ld+json\" class=\"yoast-schema-graph\">{\"@context\":\"https:\/\/schema.org\",\"@graph\":[{\"@type\":\"WebPage\",\"@id\":\"http:\/\/www.cobayous.com\/site\/goodies\/les-bannieres-du-site\/\",\"url\":\"http:\/\/www.cobayous.com\/site\/goodies\/les-bannieres-du-site\/\",\"name\":\"Les Banni\u00e8res du site - Les Cobayes Pom&amp;Lolo\",\"isPartOf\":{\"@id\":\"http:\/\/www.cobayous.com\/site\/#website\"},\"datePublished\":\"2011-05-02T17:24:01+00:00\",\"dateModified\":\"2011-05-06T12:09:02+00:00\",\"breadcrumb\":{\"@id\":\"http:\/\/www.cobayous.com\/site\/goodies\/les-bannieres-du-site\/#breadcrumb\"},\"inLanguage\":\"fr-FR\",\"potentialAction\":[{\"@type\":\"ReadAction\",\"target\":[\"http:\/\/www.cobayous.com\/site\/goodies\/les-bannieres-du-site\/\"]}]},{\"@type\":\"BreadcrumbList\",\"@id\":\"http:\/\/www.cobayous.com\/site\/goodies\/les-bannieres-du-site\/#breadcrumb\",\"itemListElement\":[{\"@type\":\"ListItem\",\"position\":1,\"name\":\"Accueil\",\"item\":\"http:\/\/www.cobayous.com\/site\/\"},{\"@type\":\"ListItem\",\"position\":2,\"name\":\"Goodies\",\"item\":\"http:\/\/www.cobayous.com\/site\/goodies\/\"},{\"@type\":\"ListItem\",\"position\":3,\"name\":\"Les Banni\u00e8res du site\"}]},{\"@type\":\"WebSite\",\"@id\":\"http:\/\/www.cobayous.com\/site\/#website\",\"url\":\"http:\/\/www.cobayous.com\/site\/\",\"name\":\"Les Cobayes Pom&Lolo\",\"description\":\"\",\"publisher\":{\"@id\":\"http:\/\/www.cobayous.com\/site\/#organization\"},\"potentialAction\":[{\"@type\":\"SearchAction\",\"target\":{\"@type\":\"EntryPoint\",\"urlTemplate\":\"http:\/\/www.cobayous.com\/site\/?s={search_term_string}\"},\"query-input\":{\"@type\":\"PropertyValueSpecification\",\"valueRequired\":true,\"valueName\":\"search_term_string\"}}],\"inLanguage\":\"fr-FR\"},{\"@type\":\"Organization\",\"@id\":\"http:\/\/www.cobayous.com\/site\/#organization\",\"name\":\"Les Cobayes Pom&Lolo\",\"url\":\"http:\/\/www.cobayous.com\/site\/\",\"logo\":{\"@type\":\"ImageObject\",\"inLanguage\":\"fr-FR\",\"@id\":\"http:\/\/www.cobayous.com\/site\/#\/schema\/logo\/image\/\",\"url\":\"http:\/\/www.cobayous.com\/site\/wp-content\/uploads\/2024\/01\/header-bg.png\",\"contentUrl\":\"http:\/\/www.cobayous.com\/site\/wp-content\/uploads\/2024\/01\/header-bg.png\",\"width\":1022,\"height\":250,\"caption\":\"Les Cobayes Pom&Lolo\"},\"image\":{\"@id\":\"http:\/\/www.cobayous.com\/site\/#\/schema\/logo\/image\/\"}}]}<\/script>\n<!-- \/ Yoast SEO plugin. -->","yoast_head_json":{"title":"Les Banni\u00e8res du site - Les Cobayes Pom&amp;Lolo","robots":{"index":"index","follow":"follow","max-snippet":"max-snippet:-1","max-image-preview":"max-image-preview:large","max-video-preview":"max-video-preview:-1"},"canonical":"http:\/\/www.cobayous.com\/site\/goodies\/les-bannieres-du-site\/","og_locale":"fr_FR","og_type":"article","og_title":"Les Banni\u00e8res du site - Les Cobayes Pom&amp;Lolo","og_description":"Si tu viens sur cette page, c&rsquo;est certainement que tu souhaites faire un lien vers le Site de Pom et Lolo et, je t&rsquo;en remercie Pour installer une banni\u00e8re ou... Read more &raquo;","og_url":"http:\/\/www.cobayous.com\/site\/goodies\/les-bannieres-du-site\/","og_site_name":"Les Cobayes Pom&amp;Lolo","article_modified_time":"2011-05-06T12:09:02+00:00","twitter_card":"summary_large_image","schema":{"@context":"https:\/\/schema.org","@graph":[{"@type":"WebPage","@id":"http:\/\/www.cobayous.com\/site\/goodies\/les-bannieres-du-site\/","url":"http:\/\/www.cobayous.com\/site\/goodies\/les-bannieres-du-site\/","name":"Les Banni\u00e8res du site - Les Cobayes Pom&amp;Lolo","isPartOf":{"@id":"http:\/\/www.cobayous.com\/site\/#website"},"datePublished":"2011-05-02T17:24:01+00:00","dateModified":"2011-05-06T12:09:02+00:00","breadcrumb":{"@id":"http:\/\/www.cobayous.com\/site\/goodies\/les-bannieres-du-site\/#breadcrumb"},"inLanguage":"fr-FR","potentialAction":[{"@type":"ReadAction","target":["http:\/\/www.cobayous.com\/site\/goodies\/les-bannieres-du-site\/"]}]},{"@type":"BreadcrumbList","@id":"http:\/\/www.cobayous.com\/site\/goodies\/les-bannieres-du-site\/#breadcrumb","itemListElement":[{"@type":"ListItem","position":1,"name":"Accueil","item":"http:\/\/www.cobayous.com\/site\/"},{"@type":"ListItem","position":2,"name":"Goodies","item":"http:\/\/www.cobayous.com\/site\/goodies\/"},{"@type":"ListItem","position":3,"name":"Les Banni\u00e8res du site"}]},{"@type":"WebSite","@id":"http:\/\/www.cobayous.com\/site\/#website","url":"http:\/\/www.cobayous.com\/site\/","name":"Les Cobayes Pom&Lolo","description":"","publisher":{"@id":"http:\/\/www.cobayous.com\/site\/#organization"},"potentialAction":[{"@type":"SearchAction","target":{"@type":"EntryPoint","urlTemplate":"http:\/\/www.cobayous.com\/site\/?s={search_term_string}"},"query-input":{"@type":"PropertyValueSpecification","valueRequired":true,"valueName":"search_term_string"}}],"inLanguage":"fr-FR"},{"@type":"Organization","@id":"http:\/\/www.cobayous.com\/site\/#organization","name":"Les Cobayes Pom&Lolo","url":"http:\/\/www.cobayous.com\/site\/","logo":{"@type":"ImageObject","inLanguage":"fr-FR","@id":"http:\/\/www.cobayous.com\/site\/#\/schema\/logo\/image\/","url":"http:\/\/www.cobayous.com\/site\/wp-content\/uploads\/2024\/01\/header-bg.png","contentUrl":"http:\/\/www.cobayous.com\/site\/wp-content\/uploads\/2024\/01\/header-bg.png","width":1022,"height":250,"caption":"Les Cobayes Pom&Lolo"},"image":{"@id":"http:\/\/www.cobayous.com\/site\/#\/schema\/logo\/image\/"}}]}},"_links":{"self":[{"href":"http:\/\/www.cobayous.com\/site\/wp-json\/wp\/v2\/pages\/1793","targetHints":{"allow":["GET"]}}],"collection":[{"href":"http:\/\/www.cobayous.com\/site\/wp-json\/wp\/v2\/pages"}],"about":[{"href":"http:\/\/www.cobayous.com\/site\/wp-json\/wp\/v2\/types\/page"}],"author":[{"embeddable":true,"href":"http:\/\/www.cobayous.com\/site\/wp-json\/wp\/v2\/users\/1"}],"replies":[{"embeddable":true,"href":"http:\/\/www.cobayous.com\/site\/wp-json\/wp\/v2\/comments?post=1793"}],"version-history":[{"count":0,"href":"http:\/\/www.cobayous.com\/site\/wp-json\/wp\/v2\/pages\/1793\/revisions"}],"up":[{"embeddable":true,"href":"http:\/\/www.cobayous.com\/site\/wp-json\/wp\/v2\/pages\/30"}],"wp:attachment":[{"href":"http:\/\/www.cobayous.com\/site\/wp-json\/wp\/v2\/media?parent=1793"}],"curies":[{"name":"wp","href":"https:\/\/api.w.org\/{rel}","templated":true}]}}