{"id":1746,"date":"2011-04-18T13:07:22","date_gmt":"2011-04-18T12:07:22","guid":{"rendered":"http:\/\/www.cobayous.com\/site\/?page_id=1746"},"modified":"2016-11-21T17:36:11","modified_gmt":"2016-11-21T16:36:11","slug":"cabanes","status":"publish","type":"page","link":"http:\/\/www.cobayous.com\/site\/les-dossiers\/preparer-larrivee-du-cobaye\/cabanes\/","title":{"rendered":"Les Cabanes"},"content":{"rendered":" <p> [ezcol_1third] <\/p> \n<div style=\"background: #EDF7F2; border: 1px solid #7FC6BC; color: #404040; padding: 0 10px 0 10px; margin-top: 1em; text-align: justify; border-radius: 10px;\">\n <p> <img loading=\"lazy\" decoding=\"async\" class=\"alignleft\" title=\"alire\" src=\"http:\/\/www.cobayous.Com\/site\/wp-content\/uploads\/img\/books.png\" alt=\"\" width=\"30\" height=\"30\"> <\/p> \n<h3>A LIRE<\/h3>\n <p> <span style=\"color: #008000;\" title=\"jeux sorties\">Les Cabanes de Chewie :<\/span> <\/p> \n<ul>\n<li><a title=\"Construire sa propre cabane en bois\" href=\"http:\/\/www.cobayous.com\/site\/les-dossiers\/preparer-larrivee-du-cobaye\/cabanes\/construire-cabane-bois\/\">Infos sur les cabanes<\/a><\/li>\n<li><a title=\"La Cabane de Chewbacca\" href=\"http:\/\/www.cobayous.com\/site\/les-dossiers\/preparer-larrivee-du-cobaye\/cabanes\/cabane-chewbacca\/\">Cabane de Chewbacca<\/a><\/li>\n<li><a title=\"Cabane par Angelfish\" href=\"http:\/\/www.cobayous.com\/site\/les-dossiers\/preparer-larrivee-du-cobaye\/cabanes\/cabane-angelfish\/\">Cabane par Angelfish<\/a><\/li>\n<li><a title=\"La Cabane de Sweety et Caline\" href=\"http:\/\/www.cobayous.com\/site\/les-dossiers\/preparer-larrivee-du-cobaye\/cabanes\/cabane-sweety-caline\/\">Cabane de Sweety et Caline<\/a><\/li>\n<li><a title=\"La Cabane de Caramel et Loulou\" href=\"http:\/\/www.cobayous.com\/site\/les-dossiers\/preparer-larrivee-du-cobaye\/cabanes\/cabane-caramel-loulou\/\">Cabane par Cindy<\/a><\/li>\n<\/ul>\n<\/div>\n<div style=\"background: #ffffff; border: 1px solid #EACFB8; color: #404040; padding: 0 10px 0 10px; margin-top: 1em; text-align: justify; border-radius: 10px;\"><script async=\"\" src=\"\/\/pagead2.googlesyndication.com\/pagead\/js\/adsbygoogle.js\"><\/script> <br \/> \n <!-- cob-dossier-gauche -->  <br \/> \n<ins class=\"adsbygoogle\" style=\"display: block;\" data-ad-client=\"ca-pub-3631834167777130\" data-ad-slot=\"6832657395\" data-ad-format=\"auto\"><\/ins> <br \/> \n<script>\n(adsbygoogle = window.adsbygoogle || []).push({});\n<\/script> <br \/> \n<img loading=\"lazy\" decoding=\"async\" class=\"alignleft\" src=\"http:\/\/www.cobayous.Com\/site\/wp-content\/uploads\/img\/question.png\" alt=\"\" width=\"30\" height=\"30\"> <\/p> \n<h4>DES QUESTIONS ?<\/h4>\n <p> Tu as des questions \u00e0 poser sur les cobayes? Tu souhaites discuter avec nous? <\/p> \n <p> <img loading=\"lazy\" decoding=\"async\" class=\"alignleft\" title=\"talk\" src=\"http:\/\/www.cobayous.com\/site\/wp-content\/uploads\/img\/icon-talk.png\" alt=\"\" width=\"44\" height=\"30\"> <a href=\"http:\/\/www.cobayous.Com\/forum\">Rejoins-nous !<\/a> <\/p> \n<\/div>\n <p> [\/ezcol_1third] [ezcol_2third_end] <\/p> \n<div style=\"background: none repeat scroll 0% 0% #D8B3DE; border: 3px solid #C189CA; color: #404040; padding: 0pt 10px; min-height: 220px; max-width: 98%; text-align: left;\">\n <p> <span style=\"font-size: 1.2em; font-weight: bold;\">Gr\u00e2ce \u00e0 Chewie, voici une s\u00e9rie de dossiers sp\u00e9cialement r\u00e9serv\u00e9s \u00e0 la fabrications de cabanes en bois pour vos cobayes.<\/span> <\/p> \n <p> <span style=\"font-size: 1.2em; font-weight: bold;\">Chewie est l&rsquo;ancienne webmastrice du Site Abri-Cobaye qui est malheureusement ferm\u00e9 depuis quelques ann\u00e9es.<\/span> <\/p> \n <p> <span style=\"font-size: 1.2em; font-weight: bold;\">Elle a accept\u00e9 que je remette quelques dossiers en ligne, ici sur Pom&amp;Lolo !!<\/span> <\/p> \n <p> <span style=\"font-size: 1.2em; font-weight: bold;\">Voici donc les dossiers disponibles&nbsp; :<\/span> <\/p> \n <p> <img loading=\"lazy\" decoding=\"async\" style=\"float: left;\" title=\"maison2.gif\" src=\"\/site\/wp-content\/uploads\/cabanes\/maison2.gif\" alt=\"maison2.gif\" width=\"120\" height=\"120\" border=\"0\"> <br \/> \n<a title=\"Construire sa propre cabane en bois\" href=\"http:\/\/www.cobayous.com\/site\/les-dossiers\/preparer-larrivee-du-cobaye\/cabanes\/construire-cabane-bois\/\">Infos sur les cabanes<\/a> <br \/> \n<a title=\"La Cabane de Chewbacca\" href=\"http:\/\/www.cobayous.com\/site\/les-dossiers\/preparer-larrivee-du-cobaye\/cabanes\/cabane-chewbacca\/\">Cabane de Chewbacca<\/a> <br \/> \n<a title=\"Cabane par Angelfish\" href=\"http:\/\/www.cobayous.com\/site\/les-dossiers\/preparer-larrivee-du-cobaye\/cabanes\/cabane-angelfish\/\">Cabane par Angelfish<\/a> <br \/> \n<a title=\"La Cabane de Sweety et Caline\" href=\"http:\/\/www.cobayous.com\/site\/les-dossiers\/preparer-larrivee-du-cobaye\/cabanes\/cabane-sweety-caline\/\">Cabane de Sweety et Caline<\/a> <br \/> \n<a title=\"La Cabane de Caramel et Loulou\" href=\"http:\/\/www.cobayous.com\/site\/les-dossiers\/preparer-larrivee-du-cobaye\/cabanes\/cabane-caramel-loulou\/\">Cabane par Cindy<\/a> <\/p> \n <p> &nbsp; <\/p> \n<\/div>\n <p> <a href=\"http:\/\/www.cobayous.com\/site\/qui-sommes-nous\/\"><img loading=\"lazy\" decoding=\"async\" class=\"alignright\" title=\"copyright-pomelo.jpg\" src=\"\/site\/wp-content\/uploads\/dossiers\/copyright-pomelo.jpg\" alt=\"copyright-pomelo.jpg\" width=\"275\" height=\"50\" border=\"0\"><\/a> <\/p> \n <p> [\/ezcol_2third_end] <\/p> \n","protected":false},"excerpt":{"rendered":" <p> [ezcol_1third] A LIRE Les Cabanes de Chewie : Infos sur les cabanes Cabane de Chewbacca Cabane par Angelfish Cabane de Sweety et Caline Cabane par Cindy DES QUESTIONS ? Tu&#8230; <a href=\"http:\/\/www.cobayous.com\/site\/les-dossiers\/preparer-larrivee-du-cobaye\/cabanes\/\">Read more &raquo;<\/a> <\/p> \n","protected":false},"author":1,"featured_media":0,"parent":120,"menu_order":4,"comment_status":"closed","ping_status":"closed","template":"","meta":{"ngg_post_thumbnail":0,"footnotes":""},"class_list":["post-1746","page","type-page","status-publish","hentry"],"yoast_head":"<!-- This site is optimized with the Yoast SEO plugin v27.1.1 - https:\/\/yoast.com\/product\/yoast-seo-wordpress\/ -->\n<title>Les Cabanes - Les Cobayes Pom&amp;Lolo<\/title>\n<meta name=\"robots\" content=\"index, follow, max-snippet:-1, max-image-preview:large, max-video-preview:-1\" \/>\n<link rel=\"canonical\" href=\"http:\/\/www.cobayous.com\/site\/les-dossiers\/preparer-larrivee-du-cobaye\/cabanes\/\" \/>\n<meta property=\"og:locale\" content=\"fr_FR\" \/>\n<meta property=\"og:type\" content=\"article\" \/>\n<meta property=\"og:title\" content=\"Les Cabanes - Les Cobayes Pom&amp;Lolo\" \/>\n<meta property=\"og:description\" content=\"[ezcol_1third] A LIRE Les Cabanes de Chewie : Infos sur les cabanes Cabane de Chewbacca Cabane par Angelfish Cabane de Sweety et Caline Cabane par Cindy DES QUESTIONS ? Tu... Read more &raquo;\" \/>\n<meta property=\"og:url\" content=\"http:\/\/www.cobayous.com\/site\/les-dossiers\/preparer-larrivee-du-cobaye\/cabanes\/\" \/>\n<meta property=\"og:site_name\" content=\"Les Cobayes Pom&amp;Lolo\" \/>\n<meta property=\"article:modified_time\" content=\"2016-11-21T16:36:11+00:00\" \/>\n<meta property=\"og:image\" content=\"http:\/\/www.cobayous.Com\/site\/wp-content\/uploads\/img\/books.png\" \/>\n<meta name=\"twitter:card\" content=\"summary_large_image\" \/>\n<meta name=\"twitter:label1\" content=\"Dur\u00e9e de lecture estim\u00e9e\" \/>\n\t<meta name=\"twitter:data1\" content=\"1 minute\" \/>\n<script type=\"application\/ld+json\" class=\"yoast-schema-graph\">{\"@context\":\"https:\/\/schema.org\",\"@graph\":[{\"@type\":\"WebPage\",\"@id\":\"http:\/\/www.cobayous.com\/site\/les-dossiers\/preparer-larrivee-du-cobaye\/cabanes\/\",\"url\":\"http:\/\/www.cobayous.com\/site\/les-dossiers\/preparer-larrivee-du-cobaye\/cabanes\/\",\"name\":\"Les Cabanes - Les Cobayes Pom&amp;Lolo\",\"isPartOf\":{\"@id\":\"http:\/\/www.cobayous.com\/site\/#website\"},\"primaryImageOfPage\":{\"@id\":\"http:\/\/www.cobayous.com\/site\/les-dossiers\/preparer-larrivee-du-cobaye\/cabanes\/#primaryimage\"},\"image\":{\"@id\":\"http:\/\/www.cobayous.com\/site\/les-dossiers\/preparer-larrivee-du-cobaye\/cabanes\/#primaryimage\"},\"thumbnailUrl\":\"http:\/\/www.cobayous.Com\/site\/wp-content\/uploads\/img\/books.png\",\"datePublished\":\"2011-04-18T12:07:22+00:00\",\"dateModified\":\"2016-11-21T16:36:11+00:00\",\"breadcrumb\":{\"@id\":\"http:\/\/www.cobayous.com\/site\/les-dossiers\/preparer-larrivee-du-cobaye\/cabanes\/#breadcrumb\"},\"inLanguage\":\"fr-FR\",\"potentialAction\":[{\"@type\":\"ReadAction\",\"target\":[\"http:\/\/www.cobayous.com\/site\/les-dossiers\/preparer-larrivee-du-cobaye\/cabanes\/\"]}]},{\"@type\":\"ImageObject\",\"inLanguage\":\"fr-FR\",\"@id\":\"http:\/\/www.cobayous.com\/site\/les-dossiers\/preparer-larrivee-du-cobaye\/cabanes\/#primaryimage\",\"url\":\"http:\/\/www.cobayous.Com\/site\/wp-content\/uploads\/img\/books.png\",\"contentUrl\":\"http:\/\/www.cobayous.Com\/site\/wp-content\/uploads\/img\/books.png\"},{\"@type\":\"BreadcrumbList\",\"@id\":\"http:\/\/www.cobayous.com\/site\/les-dossiers\/preparer-larrivee-du-cobaye\/cabanes\/#breadcrumb\",\"itemListElement\":[{\"@type\":\"ListItem\",\"position\":1,\"name\":\"Accueil\",\"item\":\"http:\/\/www.cobayous.com\/site\/\"},{\"@type\":\"ListItem\",\"position\":2,\"name\":\"Dossiers\",\"item\":\"http:\/\/www.cobayous.com\/site\/les-dossiers\/\"},{\"@type\":\"ListItem\",\"position\":3,\"name\":\"Pr\u00e9parer son arriv\u00e9e\",\"item\":\"http:\/\/www.cobayous.com\/site\/les-dossiers\/preparer-larrivee-du-cobaye\/\"},{\"@type\":\"ListItem\",\"position\":4,\"name\":\"Les Cabanes\"}]},{\"@type\":\"WebSite\",\"@id\":\"http:\/\/www.cobayous.com\/site\/#website\",\"url\":\"http:\/\/www.cobayous.com\/site\/\",\"name\":\"Les Cobayes Pom&Lolo\",\"description\":\"\",\"publisher\":{\"@id\":\"http:\/\/www.cobayous.com\/site\/#organization\"},\"potentialAction\":[{\"@type\":\"SearchAction\",\"target\":{\"@type\":\"EntryPoint\",\"urlTemplate\":\"http:\/\/www.cobayous.com\/site\/?s={search_term_string}\"},\"query-input\":{\"@type\":\"PropertyValueSpecification\",\"valueRequired\":true,\"valueName\":\"search_term_string\"}}],\"inLanguage\":\"fr-FR\"},{\"@type\":\"Organization\",\"@id\":\"http:\/\/www.cobayous.com\/site\/#organization\",\"name\":\"Les Cobayes Pom&Lolo\",\"url\":\"http:\/\/www.cobayous.com\/site\/\",\"logo\":{\"@type\":\"ImageObject\",\"inLanguage\":\"fr-FR\",\"@id\":\"http:\/\/www.cobayous.com\/site\/#\/schema\/logo\/image\/\",\"url\":\"http:\/\/www.cobayous.com\/site\/wp-content\/uploads\/2024\/01\/header-bg.png\",\"contentUrl\":\"http:\/\/www.cobayous.com\/site\/wp-content\/uploads\/2024\/01\/header-bg.png\",\"width\":1022,\"height\":250,\"caption\":\"Les Cobayes Pom&Lolo\"},\"image\":{\"@id\":\"http:\/\/www.cobayous.com\/site\/#\/schema\/logo\/image\/\"}}]}<\/script>\n<!-- \/ Yoast SEO plugin. -->","yoast_head_json":{"title":"Les Cabanes - Les Cobayes Pom&amp;Lolo","robots":{"index":"index","follow":"follow","max-snippet":"max-snippet:-1","max-image-preview":"max-image-preview:large","max-video-preview":"max-video-preview:-1"},"canonical":"http:\/\/www.cobayous.com\/site\/les-dossiers\/preparer-larrivee-du-cobaye\/cabanes\/","og_locale":"fr_FR","og_type":"article","og_title":"Les Cabanes - Les Cobayes Pom&amp;Lolo","og_description":"[ezcol_1third] A LIRE Les Cabanes de Chewie : Infos sur les cabanes Cabane de Chewbacca Cabane par Angelfish Cabane de Sweety et Caline Cabane par Cindy DES QUESTIONS ? Tu... Read more &raquo;","og_url":"http:\/\/www.cobayous.com\/site\/les-dossiers\/preparer-larrivee-du-cobaye\/cabanes\/","og_site_name":"Les Cobayes Pom&amp;Lolo","article_modified_time":"2016-11-21T16:36:11+00:00","og_image":[{"url":"http:\/\/www.cobayous.Com\/site\/wp-content\/uploads\/img\/books.png","type":"","width":"","height":""}],"twitter_card":"summary_large_image","twitter_misc":{"Dur\u00e9e de lecture estim\u00e9e":"1 minute"},"schema":{"@context":"https:\/\/schema.org","@graph":[{"@type":"WebPage","@id":"http:\/\/www.cobayous.com\/site\/les-dossiers\/preparer-larrivee-du-cobaye\/cabanes\/","url":"http:\/\/www.cobayous.com\/site\/les-dossiers\/preparer-larrivee-du-cobaye\/cabanes\/","name":"Les Cabanes - Les Cobayes Pom&amp;Lolo","isPartOf":{"@id":"http:\/\/www.cobayous.com\/site\/#website"},"primaryImageOfPage":{"@id":"http:\/\/www.cobayous.com\/site\/les-dossiers\/preparer-larrivee-du-cobaye\/cabanes\/#primaryimage"},"image":{"@id":"http:\/\/www.cobayous.com\/site\/les-dossiers\/preparer-larrivee-du-cobaye\/cabanes\/#primaryimage"},"thumbnailUrl":"http:\/\/www.cobayous.Com\/site\/wp-content\/uploads\/img\/books.png","datePublished":"2011-04-18T12:07:22+00:00","dateModified":"2016-11-21T16:36:11+00:00","breadcrumb":{"@id":"http:\/\/www.cobayous.com\/site\/les-dossiers\/preparer-larrivee-du-cobaye\/cabanes\/#breadcrumb"},"inLanguage":"fr-FR","potentialAction":[{"@type":"ReadAction","target":["http:\/\/www.cobayous.com\/site\/les-dossiers\/preparer-larrivee-du-cobaye\/cabanes\/"]}]},{"@type":"ImageObject","inLanguage":"fr-FR","@id":"http:\/\/www.cobayous.com\/site\/les-dossiers\/preparer-larrivee-du-cobaye\/cabanes\/#primaryimage","url":"http:\/\/www.cobayous.Com\/site\/wp-content\/uploads\/img\/books.png","contentUrl":"http:\/\/www.cobayous.Com\/site\/wp-content\/uploads\/img\/books.png"},{"@type":"BreadcrumbList","@id":"http:\/\/www.cobayous.com\/site\/les-dossiers\/preparer-larrivee-du-cobaye\/cabanes\/#breadcrumb","itemListElement":[{"@type":"ListItem","position":1,"name":"Accueil","item":"http:\/\/www.cobayous.com\/site\/"},{"@type":"ListItem","position":2,"name":"Dossiers","item":"http:\/\/www.cobayous.com\/site\/les-dossiers\/"},{"@type":"ListItem","position":3,"name":"Pr\u00e9parer son arriv\u00e9e","item":"http:\/\/www.cobayous.com\/site\/les-dossiers\/preparer-larrivee-du-cobaye\/"},{"@type":"ListItem","position":4,"name":"Les Cabanes"}]},{"@type":"WebSite","@id":"http:\/\/www.cobayous.com\/site\/#website","url":"http:\/\/www.cobayous.com\/site\/","name":"Les Cobayes Pom&Lolo","description":"","publisher":{"@id":"http:\/\/www.cobayous.com\/site\/#organization"},"potentialAction":[{"@type":"SearchAction","target":{"@type":"EntryPoint","urlTemplate":"http:\/\/www.cobayous.com\/site\/?s={search_term_string}"},"query-input":{"@type":"PropertyValueSpecification","valueRequired":true,"valueName":"search_term_string"}}],"inLanguage":"fr-FR"},{"@type":"Organization","@id":"http:\/\/www.cobayous.com\/site\/#organization","name":"Les Cobayes Pom&Lolo","url":"http:\/\/www.cobayous.com\/site\/","logo":{"@type":"ImageObject","inLanguage":"fr-FR","@id":"http:\/\/www.cobayous.com\/site\/#\/schema\/logo\/image\/","url":"http:\/\/www.cobayous.com\/site\/wp-content\/uploads\/2024\/01\/header-bg.png","contentUrl":"http:\/\/www.cobayous.com\/site\/wp-content\/uploads\/2024\/01\/header-bg.png","width":1022,"height":250,"caption":"Les Cobayes Pom&Lolo"},"image":{"@id":"http:\/\/www.cobayous.com\/site\/#\/schema\/logo\/image\/"}}]}},"_links":{"self":[{"href":"http:\/\/www.cobayous.com\/site\/wp-json\/wp\/v2\/pages\/1746","targetHints":{"allow":["GET"]}}],"collection":[{"href":"http:\/\/www.cobayous.com\/site\/wp-json\/wp\/v2\/pages"}],"about":[{"href":"http:\/\/www.cobayous.com\/site\/wp-json\/wp\/v2\/types\/page"}],"author":[{"embeddable":true,"href":"http:\/\/www.cobayous.com\/site\/wp-json\/wp\/v2\/users\/1"}],"replies":[{"embeddable":true,"href":"http:\/\/www.cobayous.com\/site\/wp-json\/wp\/v2\/comments?post=1746"}],"version-history":[{"count":2,"href":"http:\/\/www.cobayous.com\/site\/wp-json\/wp\/v2\/pages\/1746\/revisions"}],"predecessor-version":[{"id":3678,"href":"http:\/\/www.cobayous.com\/site\/wp-json\/wp\/v2\/pages\/1746\/revisions\/3678"}],"up":[{"embeddable":true,"href":"http:\/\/www.cobayous.com\/site\/wp-json\/wp\/v2\/pages\/120"}],"wp:attachment":[{"href":"http:\/\/www.cobayous.com\/site\/wp-json\/wp\/v2\/media?parent=1746"}],"curies":[{"name":"wp","href":"https:\/\/api.w.org\/{rel}","templated":true}]}}