{"id":158,"date":"2010-05-12T12:23:31","date_gmt":"2010-05-12T12:23:31","guid":{"rendered":"http:\/\/www.cobayous.com\/site\/?page_id=158"},"modified":"2016-11-21T21:51:18","modified_gmt":"2016-11-21T20:51:18","slug":"la-jardiniere","status":"publish","type":"page","link":"http:\/\/www.cobayous.com\/site\/les-dossiers\/alimentation-du-cobaye\/la-jardiniere\/","title":{"rendered":"Alimentation : La Jardini\u00e8re"},"content":{"rendered":" <p> [ezcol_1third] <\/p> \n<div style=\"background: #FFEFCE; border: 1px solid #BD8D46; color: #404040; padding: 0 10px 0 10px; margin-top: 1em; text-align: justify; border-radius: 10px;\">\n<h3><img loading=\"lazy\" decoding=\"async\" class=\"alignleft\" title=\"memo\" src=\"http:\/\/www.cobayous.Com\/site\/wp-content\/uploads\/img\/memo.png\" alt=\"\" width=\"30\" height=\"30\">EN BREF<\/h3>\n <p> Quelques aromates, c&rsquo;est toujours sympa aussi bien pour le cobaye que pour ses ma\u00eetres. <\/p> \n <p> C&rsquo;est beaucoup plus sain que les friandises du commerce <span class=\"wp-font-emots-emo-wink\"><\/span> <\/p> \n<\/div>\n<div style=\"background: #EDF7F2; border: 1px solid #7FC6BC; color: #404040; padding: 0 10px 0 10px; margin-top: 1em; text-align: justify; border-radius: 10px;\">\n <p> <img loading=\"lazy\" decoding=\"async\" class=\"alignleft\" title=\"alire\" src=\"http:\/\/www.cobayous.Com\/site\/wp-content\/uploads\/img\/books.png\" alt=\"\" width=\"30\" height=\"30\"> <\/p> \n<h3>A LIRE<\/h3>\n <p> <span style=\"color: #008000;\">Dans la rubrique Alimentation :<\/span> <\/p> \n<ul>\n<li><a title=\"Alimentation : Le foin\" href=\"http:\/\/www.cobayous.com\/site\/les-dossiers\/alimentation-du-cobaye\/foin\/\">Le Foin<\/a> et<a title=\"Alimentation : L\u2019eau\" href=\"http:\/\/www.cobayous.com\/site\/les-dossiers\/alimentation-du-cobaye\/eau\/\"> l\u2019eau<\/a><\/li>\n<li><a href=\"http:\/\/www.cobayous.com\/site\/les-dossiers\/alimentation-du-cobaye\/faire-son-foin\/\">Faire son foin soi-m\u00eame<\/a><\/li>\n<li><a href=\"http:\/\/www.cobayous.com\/site\/les-dossiers\/alimentation-du-cobaye\/fruits-et-legumes\/\">Les Fruits et l\u00e9gumes<\/a><\/li>\n<li>La Jardini\u00e8re<\/li>\n<li><a href=\"http:\/\/www.cobayous.com\/site\/les-dossiers\/alimentation-du-cobaye\/granules-extrudes\/\">Granul\u00e9s<\/a><\/li>\n<li><a href=\"http:\/\/www.cobayous.com\/site\/les-dossiers\/alimentation-du-cobaye\/complements-alimentaires\/\">Les compl\u00e9ments<\/a><\/li>\n<li><a href=\"http:\/\/www.cobayous.com\/site\/les-dossiers\/alimentation-du-cobaye\/friandises\/\">Les Friandises<\/a><\/li>\n<\/ul>\n<\/div>\n<div style=\"background: #ffffff; border: 1px solid #EACFB8; color: #404040; padding: 0 10px 0 10px; margin-top: 1em; text-align: justify; border-radius: 10px;\">\n<script async=\"\" src=\"\/\/pagead2.googlesyndication.com\/pagead\/js\/adsbygoogle.js\"><\/script> <br \/> \n <!-- cob-dossier-gauche -->  <br \/> \n<ins class=\"adsbygoogle\" style=\"display: block;\" data-ad-client=\"ca-pub-3631834167777130\" data-ad-slot=\"6832657395\" data-ad-format=\"auto\"><\/ins> <br \/> \n<script>\n(adsbygoogle = window.adsbygoogle || []).push({});\n<\/script> <br \/> \n<img loading=\"lazy\" decoding=\"async\" class=\"alignleft\" title=\"questions\" src=\"http:\/\/www.cobayous.Com\/site\/wp-content\/uploads\/img\/question.png\" alt=\"\" width=\"30\" height=\"30\"> <\/p> \n<h4>DES QUESTIONS ?<\/h4>\n <p> Tu as des questions \u00e0 poser sur les cobayes? Tu souhaites discuter avec nous? <\/p> \n <p> <img loading=\"lazy\" decoding=\"async\" class=\"alignleft\" title=\"talk\" src=\"http:\/\/www.cobayous.com\/site\/wp-content\/uploads\/img\/icon-talk.png\" alt=\"\" width=\"44\" height=\"30\"> <a href=\"http:\/\/www.cobayous.Com\/forum\">Rejoins-nous !<\/a> <\/p> \n<\/div>\n <p> [\/ezcol_1third] [ezcol_2third_end] <\/p> \n<div>Faire pousser de la verdure saine pour son cobaye, c&rsquo;est possible !<\/div>\n <p> Ce dossier a simplement pour but de vous donner quelques petites id\u00e9es pour<strong> offrir \u00e0 votre cobaye<\/strong> quelques petites <strong>friandises fra\u00eeches et saines<\/strong>. Cela vous \u00e9vitera de devoir acheter les friandises d&rsquo;animalerie qui ne sont pas adapt\u00e9es \u00e0 nos loulous. <br \/> \nDe cette mani\u00e8re, vous serez certain de lui donner un aliment sain, non trait\u00e9 ! <br \/> \nQue vous ayez un jardin ou que vous viviez en appartement, vous pourrez vous aussi offrir de la verdure \u00e0 votre loulou. <\/p> \n <p> La seule chose dont vous aurez besoin, c&rsquo;est de r\u00e9server un petit bout de votre jardin ou d&rsquo;acheter un bac \u00e0 fleur <img loading=\"lazy\" decoding=\"async\" src=\"http:\/\/www.cobayous.Com\/forum\/images\/smilies\/icon_wink.gif\" alt=\"\" width=\"20\" height=\"20\"> <\/p> \n <p> Vous pouvez mettre plein de choses \u00e0 pousser dans un bac \u00e0 fleur ! D\u00e9j\u00e0, commencez par<strong> de l&rsquo;herbe<\/strong>, tout simplement ! <br \/> \nVous pouvez \u00e9galement <strong>r\u00e9cup\u00e9rer les orties qui poussent dans le jardin<\/strong> et<strong> les laisser s\u00e9cher la t\u00eate en bas<\/strong> pendant quelques jours jusqu&rsquo;\u00e0 ce que les feuilles soient bien s\u00e8ches (comme les sachets tout pr\u00eat qu&rsquo;on trouve en animalerie) <br \/> \nEn plus des orties, il y a aussi les <strong>chardons<\/strong> (m\u00eame proc\u00e9d\u00e9) <br \/> \nEnfin, vous pouvez aussi r\u00e9cup\u00e9rer les <strong>pissenlits<\/strong> et pourquoi pas les faire pousser dans votre jardini\u00e8re aussi (en r\u00e9cup\u00e9rant les graines avant qu&rsquo;elles ne s&rsquo;envolent) <\/p> \n <p> Pourquoi ne pas leur offrir des aromates tels que de la <strong>menthe<\/strong>, du <strong>thym<\/strong>, du <strong>basilic <\/strong>(ils adoooooorent), <strong>origan<\/strong>, <strong>estragon<\/strong> &#8230; <br \/> \nCe sont des plantes qui s&rsquo;ach\u00e8tent une seule fois et \u00e7a repousse tout seul (<span style=\"text-decoration: underline;\">\u00e0 condition de ne pas oublier de les arroser<\/span>) <\/p> \n<table border=\"0\" width=\"700\" align=\"center\">\n<tbody>\n<tr style=\"text-align: center;\">\n<td width=\"33%\" height=\"180\">\n<div><a title=\"De l'origan\" href=\"\/site\/wp-content\/uploads\/dossiers\/origan.jpg\" rel=\"lightbox[aromates]\"><img loading=\"lazy\" decoding=\"async\" src=\"\/site\/wp-content\/uploads\/dossiers\/origan_pt.jpg\" alt=\"\" width=\"150\" height=\"168\" border=\"0\"><\/a><\/div>\n<\/td>\n<td width=\"33%\" height=\"180\">\n<div><a title=\"Du Basilic 'normal'. On le reconnait \u00e0 ses feuilles bomb\u00e9es\" href=\"\/site\/wp-content\/uploads\/dossiers\/basilic.jpg\" rel=\"lightbox[aromates]\"><img loading=\"lazy\" decoding=\"async\" src=\"\/site\/wp-content\/uploads\/dossiers\/basilic_pt.jpg\" alt=\"\" width=\"150\" height=\"167\" border=\"0\"><\/a><\/div>\n<\/td>\n<td width=\"33%\" height=\"180\">\n<div><a title=\"Du Basilic citronn\u00e9. Ses feuilles sont plus plates que celles du basilic normal.\" href=\"\/site\/wp-content\/uploads\/dossiers\/basilic-citronne.jpg\" rel=\"lightbox[aromates]\"><img loading=\"lazy\" decoding=\"async\" src=\"\/site\/wp-content\/uploads\/dossiers\/basilic-citronne_pt.jpg\" alt=\"\" width=\"150\" height=\"162\" border=\"0\"><\/a><\/div>\n<\/td>\n<\/tr>\n<tr style=\"text-align: center;\">\n<td colspan=\"2\">\n<div><a title=\"Du persil Fris\u00e9\" href=\"\/site\/wp-content\/uploads\/dossiers\/persil.jpg\" rel=\"lightbox[aromates]\"><img loading=\"lazy\" decoding=\"async\" src=\"\/site\/wp-content\/uploads\/dossiers\/persil_pt.jpg\" alt=\"\" width=\"225\" height=\"135\" border=\"0\"><\/a><\/div>\n<\/td>\n<td width=\"33%\">\n<div><a title=\"De l'estragon\" href=\"\/site\/wp-content\/uploads\/dossiers\/estragon.jpg\" rel=\"lightbox[aromates]\"><img loading=\"lazy\" decoding=\"async\" src=\"\/site\/wp-content\/uploads\/dossiers\/estragon_pt.jpg\" alt=\"\" width=\"73\" height=\"150\" border=\"0\"><\/a><\/div>\n<\/td>\n<\/tr>\n<\/tbody>\n<\/table>\n <p> Autre petite chose qui pousse tr\u00e8s vite et dont vous pourrez vous aussi profiter : les <strong>radis<\/strong> ! <br \/> \nEn quelques semaines les radis sont d\u00e9j\u00e0 pr\u00eats \u00e0 \u00eatre mang\u00e9s (par vous) et votre cobaye pourra appr\u00e9cier les <strong>feuilles<\/strong> (il peut aussi manger le radis)! <br \/> \nVous pouvez \u00e9galement essayer de mettre des <strong>carottes<\/strong> (oui m\u00eame en jardini\u00e8re). M\u00eame si elles ne deviennent pas aussi grosse que celles du magasin, votre animal pourra en appr\u00e9cier les <strong>fanes<\/strong>. Et puis, les carottes assez petites sont vraiment tr\u00e8s go\u00fbteuses ! <br \/> \nVous pouvez tenter avec d&rsquo;autres l\u00e9gumes&nbsp; <span class=\"wp-font-emots-emo-wink\"><\/span> <\/p> \n <p> Enfin, il est possible de <a title=\"Faire son foin\" href=\"http:\/\/www.cobayous.com\/site\/les-dossiers\/alimentation-du-cobaye\/faire-son-foin\/\">faire son propre foin<\/a> si vous avez un jardin <span class=\"wp-font-emots-emo-grin\"><\/span> <br \/> \n<a href=\"http:\/\/www.cobayous.com\/site\/qui-sommes-nous\/\"><img loading=\"lazy\" decoding=\"async\" class=\"alignright\" title=\"copyright-pomelo.jpg\" src=\"\/site\/wp-content\/uploads\/dossiers\/copyright-pomelo.jpg\" alt=\"copyright-pomelo.jpg\" width=\"275\" height=\"50\" border=\"0\"><\/a> <\/p> \n <p> [\/ezcol_2third_end] <\/p> \n","protected":false},"excerpt":{"rendered":" <p> [ezcol_1third] EN BREF Quelques aromates, c&rsquo;est toujours sympa aussi bien pour le cobaye que pour ses ma\u00eetres. C&rsquo;est beaucoup plus sain que les friandises du commerce A LIRE Dans la&#8230; <a href=\"http:\/\/www.cobayous.com\/site\/les-dossiers\/alimentation-du-cobaye\/la-jardiniere\/\">Read more &raquo;<\/a> <\/p> \n","protected":false},"author":1,"featured_media":0,"parent":19,"menu_order":4,"comment_status":"closed","ping_status":"open","template":"","meta":{"ngg_post_thumbnail":0,"footnotes":""},"class_list":["post-158","page","type-page","status-publish","hentry"],"yoast_head":"<!-- This site is optimized with the Yoast SEO plugin v27.1.1 - https:\/\/yoast.com\/product\/yoast-seo-wordpress\/ -->\n<title>Alimentation : La Jardini\u00e8re - Les Cobayes Pom&amp;Lolo<\/title>\n<meta name=\"robots\" content=\"index, follow, max-snippet:-1, max-image-preview:large, max-video-preview:-1\" \/>\n<link rel=\"canonical\" href=\"http:\/\/www.cobayous.com\/site\/les-dossiers\/alimentation-du-cobaye\/la-jardiniere\/\" \/>\n<meta property=\"og:locale\" content=\"fr_FR\" \/>\n<meta property=\"og:type\" content=\"article\" \/>\n<meta property=\"og:title\" content=\"Alimentation : La Jardini\u00e8re - Les Cobayes Pom&amp;Lolo\" \/>\n<meta property=\"og:description\" content=\"[ezcol_1third] EN BREF Quelques aromates, c&rsquo;est toujours sympa aussi bien pour le cobaye que pour ses ma\u00eetres. C&rsquo;est beaucoup plus sain que les friandises du commerce A LIRE Dans la... Read more &raquo;\" \/>\n<meta property=\"og:url\" content=\"http:\/\/www.cobayous.com\/site\/les-dossiers\/alimentation-du-cobaye\/la-jardiniere\/\" \/>\n<meta property=\"og:site_name\" content=\"Les Cobayes Pom&amp;Lolo\" \/>\n<meta property=\"article:modified_time\" content=\"2016-11-21T20:51:18+00:00\" \/>\n<meta property=\"og:image\" content=\"http:\/\/www.cobayous.Com\/site\/wp-content\/uploads\/img\/memo.png\" \/>\n<meta name=\"twitter:card\" content=\"summary_large_image\" \/>\n<meta name=\"twitter:label1\" content=\"Dur\u00e9e de lecture estim\u00e9e\" \/>\n\t<meta name=\"twitter:data1\" content=\"2 minutes\" \/>\n<script type=\"application\/ld+json\" class=\"yoast-schema-graph\">{\"@context\":\"https:\/\/schema.org\",\"@graph\":[{\"@type\":\"WebPage\",\"@id\":\"http:\/\/www.cobayous.com\/site\/les-dossiers\/alimentation-du-cobaye\/la-jardiniere\/\",\"url\":\"http:\/\/www.cobayous.com\/site\/les-dossiers\/alimentation-du-cobaye\/la-jardiniere\/\",\"name\":\"Alimentation : La Jardini\u00e8re - Les Cobayes Pom&amp;Lolo\",\"isPartOf\":{\"@id\":\"http:\/\/www.cobayous.com\/site\/#website\"},\"primaryImageOfPage\":{\"@id\":\"http:\/\/www.cobayous.com\/site\/les-dossiers\/alimentation-du-cobaye\/la-jardiniere\/#primaryimage\"},\"image\":{\"@id\":\"http:\/\/www.cobayous.com\/site\/les-dossiers\/alimentation-du-cobaye\/la-jardiniere\/#primaryimage\"},\"thumbnailUrl\":\"http:\/\/www.cobayous.Com\/site\/wp-content\/uploads\/img\/memo.png\",\"datePublished\":\"2010-05-12T12:23:31+00:00\",\"dateModified\":\"2016-11-21T20:51:18+00:00\",\"breadcrumb\":{\"@id\":\"http:\/\/www.cobayous.com\/site\/les-dossiers\/alimentation-du-cobaye\/la-jardiniere\/#breadcrumb\"},\"inLanguage\":\"fr-FR\",\"potentialAction\":[{\"@type\":\"ReadAction\",\"target\":[\"http:\/\/www.cobayous.com\/site\/les-dossiers\/alimentation-du-cobaye\/la-jardiniere\/\"]}]},{\"@type\":\"ImageObject\",\"inLanguage\":\"fr-FR\",\"@id\":\"http:\/\/www.cobayous.com\/site\/les-dossiers\/alimentation-du-cobaye\/la-jardiniere\/#primaryimage\",\"url\":\"http:\/\/www.cobayous.Com\/site\/wp-content\/uploads\/img\/memo.png\",\"contentUrl\":\"http:\/\/www.cobayous.Com\/site\/wp-content\/uploads\/img\/memo.png\"},{\"@type\":\"BreadcrumbList\",\"@id\":\"http:\/\/www.cobayous.com\/site\/les-dossiers\/alimentation-du-cobaye\/la-jardiniere\/#breadcrumb\",\"itemListElement\":[{\"@type\":\"ListItem\",\"position\":1,\"name\":\"Accueil\",\"item\":\"http:\/\/www.cobayous.com\/site\/\"},{\"@type\":\"ListItem\",\"position\":2,\"name\":\"Dossiers\",\"item\":\"http:\/\/www.cobayous.com\/site\/les-dossiers\/\"},{\"@type\":\"ListItem\",\"position\":3,\"name\":\"Alimentation\",\"item\":\"http:\/\/www.cobayous.com\/site\/les-dossiers\/alimentation-du-cobaye\/\"},{\"@type\":\"ListItem\",\"position\":4,\"name\":\"Alimentation : La Jardini\u00e8re\"}]},{\"@type\":\"WebSite\",\"@id\":\"http:\/\/www.cobayous.com\/site\/#website\",\"url\":\"http:\/\/www.cobayous.com\/site\/\",\"name\":\"Les Cobayes Pom&Lolo\",\"description\":\"\",\"publisher\":{\"@id\":\"http:\/\/www.cobayous.com\/site\/#organization\"},\"potentialAction\":[{\"@type\":\"SearchAction\",\"target\":{\"@type\":\"EntryPoint\",\"urlTemplate\":\"http:\/\/www.cobayous.com\/site\/?s={search_term_string}\"},\"query-input\":{\"@type\":\"PropertyValueSpecification\",\"valueRequired\":true,\"valueName\":\"search_term_string\"}}],\"inLanguage\":\"fr-FR\"},{\"@type\":\"Organization\",\"@id\":\"http:\/\/www.cobayous.com\/site\/#organization\",\"name\":\"Les Cobayes Pom&Lolo\",\"url\":\"http:\/\/www.cobayous.com\/site\/\",\"logo\":{\"@type\":\"ImageObject\",\"inLanguage\":\"fr-FR\",\"@id\":\"http:\/\/www.cobayous.com\/site\/#\/schema\/logo\/image\/\",\"url\":\"http:\/\/www.cobayous.com\/site\/wp-content\/uploads\/2024\/01\/header-bg.png\",\"contentUrl\":\"http:\/\/www.cobayous.com\/site\/wp-content\/uploads\/2024\/01\/header-bg.png\",\"width\":1022,\"height\":250,\"caption\":\"Les Cobayes Pom&Lolo\"},\"image\":{\"@id\":\"http:\/\/www.cobayous.com\/site\/#\/schema\/logo\/image\/\"}}]}<\/script>\n<!-- \/ Yoast SEO plugin. -->","yoast_head_json":{"title":"Alimentation : La Jardini\u00e8re - Les Cobayes Pom&amp;Lolo","robots":{"index":"index","follow":"follow","max-snippet":"max-snippet:-1","max-image-preview":"max-image-preview:large","max-video-preview":"max-video-preview:-1"},"canonical":"http:\/\/www.cobayous.com\/site\/les-dossiers\/alimentation-du-cobaye\/la-jardiniere\/","og_locale":"fr_FR","og_type":"article","og_title":"Alimentation : La Jardini\u00e8re - Les Cobayes Pom&amp;Lolo","og_description":"[ezcol_1third] EN BREF Quelques aromates, c&rsquo;est toujours sympa aussi bien pour le cobaye que pour ses ma\u00eetres. C&rsquo;est beaucoup plus sain que les friandises du commerce A LIRE Dans la... Read more &raquo;","og_url":"http:\/\/www.cobayous.com\/site\/les-dossiers\/alimentation-du-cobaye\/la-jardiniere\/","og_site_name":"Les Cobayes Pom&amp;Lolo","article_modified_time":"2016-11-21T20:51:18+00:00","og_image":[{"url":"http:\/\/www.cobayous.Com\/site\/wp-content\/uploads\/img\/memo.png","type":"","width":"","height":""}],"twitter_card":"summary_large_image","twitter_misc":{"Dur\u00e9e de lecture estim\u00e9e":"2 minutes"},"schema":{"@context":"https:\/\/schema.org","@graph":[{"@type":"WebPage","@id":"http:\/\/www.cobayous.com\/site\/les-dossiers\/alimentation-du-cobaye\/la-jardiniere\/","url":"http:\/\/www.cobayous.com\/site\/les-dossiers\/alimentation-du-cobaye\/la-jardiniere\/","name":"Alimentation : La Jardini\u00e8re - Les Cobayes Pom&amp;Lolo","isPartOf":{"@id":"http:\/\/www.cobayous.com\/site\/#website"},"primaryImageOfPage":{"@id":"http:\/\/www.cobayous.com\/site\/les-dossiers\/alimentation-du-cobaye\/la-jardiniere\/#primaryimage"},"image":{"@id":"http:\/\/www.cobayous.com\/site\/les-dossiers\/alimentation-du-cobaye\/la-jardiniere\/#primaryimage"},"thumbnailUrl":"http:\/\/www.cobayous.Com\/site\/wp-content\/uploads\/img\/memo.png","datePublished":"2010-05-12T12:23:31+00:00","dateModified":"2016-11-21T20:51:18+00:00","breadcrumb":{"@id":"http:\/\/www.cobayous.com\/site\/les-dossiers\/alimentation-du-cobaye\/la-jardiniere\/#breadcrumb"},"inLanguage":"fr-FR","potentialAction":[{"@type":"ReadAction","target":["http:\/\/www.cobayous.com\/site\/les-dossiers\/alimentation-du-cobaye\/la-jardiniere\/"]}]},{"@type":"ImageObject","inLanguage":"fr-FR","@id":"http:\/\/www.cobayous.com\/site\/les-dossiers\/alimentation-du-cobaye\/la-jardiniere\/#primaryimage","url":"http:\/\/www.cobayous.Com\/site\/wp-content\/uploads\/img\/memo.png","contentUrl":"http:\/\/www.cobayous.Com\/site\/wp-content\/uploads\/img\/memo.png"},{"@type":"BreadcrumbList","@id":"http:\/\/www.cobayous.com\/site\/les-dossiers\/alimentation-du-cobaye\/la-jardiniere\/#breadcrumb","itemListElement":[{"@type":"ListItem","position":1,"name":"Accueil","item":"http:\/\/www.cobayous.com\/site\/"},{"@type":"ListItem","position":2,"name":"Dossiers","item":"http:\/\/www.cobayous.com\/site\/les-dossiers\/"},{"@type":"ListItem","position":3,"name":"Alimentation","item":"http:\/\/www.cobayous.com\/site\/les-dossiers\/alimentation-du-cobaye\/"},{"@type":"ListItem","position":4,"name":"Alimentation : La Jardini\u00e8re"}]},{"@type":"WebSite","@id":"http:\/\/www.cobayous.com\/site\/#website","url":"http:\/\/www.cobayous.com\/site\/","name":"Les Cobayes Pom&Lolo","description":"","publisher":{"@id":"http:\/\/www.cobayous.com\/site\/#organization"},"potentialAction":[{"@type":"SearchAction","target":{"@type":"EntryPoint","urlTemplate":"http:\/\/www.cobayous.com\/site\/?s={search_term_string}"},"query-input":{"@type":"PropertyValueSpecification","valueRequired":true,"valueName":"search_term_string"}}],"inLanguage":"fr-FR"},{"@type":"Organization","@id":"http:\/\/www.cobayous.com\/site\/#organization","name":"Les Cobayes Pom&Lolo","url":"http:\/\/www.cobayous.com\/site\/","logo":{"@type":"ImageObject","inLanguage":"fr-FR","@id":"http:\/\/www.cobayous.com\/site\/#\/schema\/logo\/image\/","url":"http:\/\/www.cobayous.com\/site\/wp-content\/uploads\/2024\/01\/header-bg.png","contentUrl":"http:\/\/www.cobayous.com\/site\/wp-content\/uploads\/2024\/01\/header-bg.png","width":1022,"height":250,"caption":"Les Cobayes Pom&Lolo"},"image":{"@id":"http:\/\/www.cobayous.com\/site\/#\/schema\/logo\/image\/"}}]}},"_links":{"self":[{"href":"http:\/\/www.cobayous.com\/site\/wp-json\/wp\/v2\/pages\/158","targetHints":{"allow":["GET"]}}],"collection":[{"href":"http:\/\/www.cobayous.com\/site\/wp-json\/wp\/v2\/pages"}],"about":[{"href":"http:\/\/www.cobayous.com\/site\/wp-json\/wp\/v2\/types\/page"}],"author":[{"embeddable":true,"href":"http:\/\/www.cobayous.com\/site\/wp-json\/wp\/v2\/users\/1"}],"replies":[{"embeddable":true,"href":"http:\/\/www.cobayous.com\/site\/wp-json\/wp\/v2\/comments?post=158"}],"version-history":[{"count":3,"href":"http:\/\/www.cobayous.com\/site\/wp-json\/wp\/v2\/pages\/158\/revisions"}],"predecessor-version":[{"id":3698,"href":"http:\/\/www.cobayous.com\/site\/wp-json\/wp\/v2\/pages\/158\/revisions\/3698"}],"up":[{"embeddable":true,"href":"http:\/\/www.cobayous.com\/site\/wp-json\/wp\/v2\/pages\/19"}],"wp:attachment":[{"href":"http:\/\/www.cobayous.com\/site\/wp-json\/wp\/v2\/media?parent=158"}],"curies":[{"name":"wp","href":"https:\/\/api.w.org\/{rel}","templated":true}]}}