{"id":1572,"date":"2007-12-07T11:03:22","date_gmt":"2007-12-07T10:03:22","guid":{"rendered":"http:\/\/www.cobayous.com\/site\/?page_id=1572"},"modified":"2016-11-21T22:33:32","modified_gmt":"2016-11-21T21:33:32","slug":"bambi-cobaye-ecole-euthanasie","status":"publish","type":"page","link":"http:\/\/www.cobayous.com\/site\/les-dossiers\/speciaux-pratiques\/bambi-cobaye-ecole-euthanasie\/","title":{"rendered":"Bambi, le cochon d&rsquo;Inde d&rsquo;une \u00e9cole euthanasi\u00e9"},"content":{"rendered":" <p> [ezcol_1third] <\/p> \n<div style=\"background: #EDF7F2; border: 1px solid #7FC6BC; color: #404040; padding: 0 10px 0 10px; margin-top: 1em; text-align: justify; border-radius: 10px;\">\n <p> <img loading=\"lazy\" decoding=\"async\" class=\"alignleft\" title=\"alire\" src=\"http:\/\/www.cobayous.Com\/site\/wp-content\/uploads\/img\/books.png\" alt=\"\" width=\"30\" height=\"30\"> <\/p> \n<h3>A LIRE<\/h3>\n<ul>\n<li><a title=\"Apprivoiser son cobaye\" href=\"http:\/\/www.cobayous.com\/site\/les-dossiers\/apprivoiser-son-cobaye\/\">Apprivoisement<\/a><\/li>\n<li><a title=\"Alimentation\" href=\"http:\/\/www.cobayous.com\/site\/les-dossiers\/alimentation-du-cobaye\/\">Alimentation<\/a><\/li>\n<li><a title=\"Maladies du Cobaye\" href=\"http:\/\/www.cobayous.com\/site\/les-dossiers\/les-maladies-du-cobaye\/\">Maladies<\/a><\/li>\n<li><a title=\"Les Soins\" href=\"http:\/\/www.cobayous.com\/site\/les-dossiers\/les-soins\/\">Soins<\/a><\/li>\n<li><a title=\"Le cobaye et les vacances\" href=\"http:\/\/www.cobayous.com\/site\/les-dossiers\/speciaux-pratiques\/le-cobaye-et-les-vacances\/\">Le Cobaye et les Vacances<\/a><\/li>\n<li><a title=\"Rongeurs et Enfants\" href=\"http:\/\/www.cobayous.com\/site\/les-dossiers\/avant-achat-cobaye\/rongeurs-et-enfants\/\">Rongeurs et enfants<\/a><\/li>\n<li><a href=\"http:\/\/www.cobayous.com\/site\/les-dossiers\/\">Tous les dossiers<\/a><\/li>\n<\/ul>\n<\/div>\n<div style=\"background: #ffffff; border: 1px solid #EACFB8; color: #404040; padding: 0 10px 0 10px; margin-top: 1em; text-align: justify; border-radius: 10px;\"><script async=\"\" src=\"\/\/pagead2.googlesyndication.com\/pagead\/js\/adsbygoogle.js\"><\/script> <br \/> \n <!-- cob-dossier-gauche -->  <br \/> \n<ins class=\"adsbygoogle\" style=\"display: block;\" data-ad-client=\"ca-pub-3631834167777130\" data-ad-slot=\"6832657395\" data-ad-format=\"auto\"><\/ins> <br \/> \n<script>\n(adsbygoogle = window.adsbygoogle || []).push({});\n<\/script> <br \/> \n<img loading=\"lazy\" decoding=\"async\" class=\"alignleft\" src=\"http:\/\/www.cobayous.Com\/site\/wp-content\/uploads\/img\/question.png\" alt=\"\" width=\"30\" height=\"30\"> <\/p> \n<h4>DES QUESTIONS ?<\/h4>\n <p> Tu as des questions \u00e0 poser sur les cobayes? Tu souhaites discuter avec nous? <\/p> \n <p> <img loading=\"lazy\" decoding=\"async\" class=\"alignleft\" title=\"talk\" src=\"http:\/\/www.cobayous.com\/site\/wp-content\/uploads\/img\/icon-talk.png\" alt=\"\" width=\"44\" height=\"30\"> <a href=\"http:\/\/www.cobayous.Com\/forum\">Rejoins-nous !<\/a> <\/p> \n<\/div>\n <p> [\/ezcol_1third] [ezcol_2third_end] <\/p> \n <p> Certains d&rsquo;entre vous connaissent peut-\u00eatre d\u00e9j\u00e0 cette malheureuse histoire qui est arriv\u00e9e \u00e0 Marie-Christine, sa fille et le petit cochon d&rsquo;Inde qui \u00e9tait \u00ab\u00a0h\u00e9berg\u00e9\u00a0\u00bb dans sa classe d&rsquo;\u00e9cole maternelle. <\/p> \n <p> Un petit r\u00e9sum\u00e9 (l&rsquo;histoire compl\u00e8te peut \u00eatre lue sur le site de Marie-Christine) : <\/p> \n <p> Dans la classe de l&rsquo;\u00e9cole maternelle que fr\u00e9quente la fille de Marie-Christine, il y a un petit cochon d&rsquo;Inde dont la famille d&rsquo;origine ne voulait plus (chiens qui en avaient apr\u00e8s le cobaye). <br \/> \nCet animal passait de famille en famille durant les weekend. Le tour de Marie-Christine vient et elle est horrifi\u00e9e de constater l&rsquo;\u00e9tat de l&rsquo;animal : \u00ab\u00a0Sa fourrure pr\u00e9sentait au niveau de l&rsquo;arri\u00e8re train une boule de la taille d&rsquo;une balle de tennis compos\u00e9e de poils \u00e9troitement m\u00eal\u00e9s \u00e0 de la liti\u00e8re, d&rsquo;anciens excr\u00e9ments et imbib\u00e9e d&rsquo;urine. Ses griffes \u00e9taient tellement longues qu&rsquo;il ne pouvait plus poser ses pattes, qui en \u00e9taient d\u00e9form\u00e9es, ni effectuer sa toilette normalement.\u00a0\u00bb <\/p> \n <p> Marie-Christine am\u00e8ne l&rsquo;animal chez le v\u00e9t\u00e9rinaire car elle est inqui\u00e8te pour cet animal. <br \/> \nSes griffes sont coup\u00e9es, ses dents lim\u00e9es mais toujours pas d&rsquo;am\u00e9liorations. <br \/> \nL&rsquo;animal est pr\u00e9sent\u00e9 \u00e0 un autre v\u00e9t\u00e9rinaire, sp\u00e9cialiste des Nouveaux animaux de compagnie. <br \/> \nL&rsquo;\u00e9tat de Bambi se d\u00e9grade. Des traitements sont possibles mais les r\u00e9sultats sont incertains et risquent de le faire souffrir encore plus, l&rsquo;euthanasie de l&rsquo;animal est \u00e0 envisager. <\/p> \n <p> Ne souhaitant pas faire souffrir ce cochon d&rsquo;Inde plus longtemps, Marie-Christine prends cette douloureuse d\u00e9cision. <\/p> \n <p> La ma\u00eetresse de la classe refuse de prendre ses responsabilit\u00e9s et se met en arr\u00eat. <br \/> \nMarie-Christine souhaite un changement des r\u00e8gles concernant l&rsquo;accueil des animaux au sein de l&rsquo;Education Nationale. <\/p> \n <p> Les d\u00e9marches se suivent et certains parents d&rsquo;\u00e9l\u00e8ve organisent une r\u00e9union d&rsquo;information. Une journaliste du Nord-Eclair est pr\u00e9sente. <\/p> \n <p> Ci-dessous, deux articles de presse parus cette semaine (5-6 D\u00e9cembre 2007) <\/p> \n <p> <a href=\"\/site\/wp-content\/uploads\/dossiers\/cobaye_bambi_nordeclair.jpg\" rel=\"lightbox\"><img loading=\"lazy\" decoding=\"async\" title=\"cobaye_bambi_nordeclair_pt.jpg\" src=\"\/site\/wp-content\/uploads\/dossiers\/cobaye_bambi_nordeclair_pt.jpg\" alt=\"cobaye_bambi_nordeclair_pt.jpg\" width=\"500\" height=\"270\" border=\"0\"><\/a> <\/p> \n <p> <a href=\"\/site\/wp-content\/uploads\/dossiers\/cobaye_bambi_voixdunord.jpg\" rel=\"lightbox\"><img loading=\"lazy\" decoding=\"async\" title=\"cobaye_bambi_voixdunord_pt.jpg\" src=\"\/site\/wp-content\/uploads\/dossiers\/cobaye_bambi_voixdunord_pt.jpg\" alt=\"cobaye_bambi_voixdunord_pt.jpg\" width=\"500\" height=\"575\" border=\"0\"><\/a> <\/p> \n <p> Marie-Christine ne s&rsquo;arr\u00eate pas l\u00e0 et d\u00e9cide de cr\u00e9er un Site internet afin de faire changer les choses. Vous pouvez visiter ce site et d\u00e9couvrir toute l&rsquo;histoire de Bambi (et les photos qui sont tr\u00e8s parlantes) ici : <a href=\"http:\/\/www.animauxecole.fr\/index.php\" target=\"_blank\">http:\/\/www.animauxecole.fr\/index.php<\/a> <\/p> \n<h3><span style=\"text-decoration: underline;\"><span style=\"color: #ff00ff;\"><strong>Signez la p\u00e9tition et fa\u00eetes la circuler !!!!!<\/strong><\/span><\/span><\/h3>\n <p> Une p\u00e9tition est en cours sur ce site et nous souhaitons r\u00e9colter le plus de signatures possible afin de faire bouger les choses ! Donc, si vous souhaitez soutenir Marie-Christine dans son combat, signez-l\u00e0, cela ne prends pas longtemps !! Parents, enfants, toutes vos voix comptent !! <\/p> \n <p> Fa\u00eetes circuler ce site internet afin que cette histoire soit connue dans la France enti\u00e8re (et m\u00eame ailleurs) afin qu&rsquo;une histoire comme celle-ci ne se reproduise plus !! <\/p> \n <p> Merci pour Marie-Christine, Merci pour Bambi &#8230; <\/p> \n <p> <a href=\"http:\/\/www.cobayous.com\/site\/qui-sommes-nous\/\"><img loading=\"lazy\" decoding=\"async\" class=\"alignright\" title=\"copyright-pomelo.jpg\" src=\"\/site\/wp-content\/uploads\/dossiers\/copyright-pomelo.jpg\" alt=\"copyright-pomelo.jpg\" width=\"275\" height=\"50\" border=\"0\"><\/a> <\/p> \n <p> [\/ezcol_2third_end] <\/p> \n","protected":false},"excerpt":{"rendered":" <p> [ezcol_1third] A LIRE Apprivoisement Alimentation Maladies Soins Le Cobaye et les Vacances Rongeurs et enfants Tous les dossiers DES QUESTIONS ? Tu as des questions \u00e0 poser sur les cobayes?&#8230; <a href=\"http:\/\/www.cobayous.com\/site\/les-dossiers\/speciaux-pratiques\/bambi-cobaye-ecole-euthanasie\/\">Read more &raquo;<\/a> <\/p> \n","protected":false},"author":1,"featured_media":0,"parent":1284,"menu_order":11,"comment_status":"closed","ping_status":"open","template":"","meta":{"ngg_post_thumbnail":0,"footnotes":""},"class_list":["post-1572","page","type-page","status-publish","hentry"],"yoast_head":"<!-- This site is optimized with the Yoast SEO plugin v27.1.1 - https:\/\/yoast.com\/product\/yoast-seo-wordpress\/ -->\n<title>Bambi, le cochon d&#039;Inde d&#039;une \u00e9cole euthanasi\u00e9 - Les Cobayes Pom&amp;Lolo<\/title>\n<meta name=\"robots\" content=\"index, follow, max-snippet:-1, max-image-preview:large, max-video-preview:-1\" \/>\n<link rel=\"canonical\" href=\"http:\/\/www.cobayous.com\/site\/les-dossiers\/speciaux-pratiques\/bambi-cobaye-ecole-euthanasie\/\" \/>\n<meta property=\"og:locale\" content=\"fr_FR\" \/>\n<meta property=\"og:type\" content=\"article\" \/>\n<meta property=\"og:title\" content=\"Bambi, le cochon d&#039;Inde d&#039;une \u00e9cole euthanasi\u00e9 - Les Cobayes Pom&amp;Lolo\" \/>\n<meta property=\"og:description\" content=\"[ezcol_1third] A LIRE Apprivoisement Alimentation Maladies Soins Le Cobaye et les Vacances Rongeurs et enfants Tous les dossiers DES QUESTIONS ? Tu as des questions \u00e0 poser sur les cobayes?... Read more &raquo;\" \/>\n<meta property=\"og:url\" content=\"http:\/\/www.cobayous.com\/site\/les-dossiers\/speciaux-pratiques\/bambi-cobaye-ecole-euthanasie\/\" \/>\n<meta property=\"og:site_name\" content=\"Les Cobayes Pom&amp;Lolo\" \/>\n<meta property=\"article:modified_time\" content=\"2016-11-21T21:33:32+00:00\" \/>\n<meta property=\"og:image\" content=\"http:\/\/www.cobayous.Com\/site\/wp-content\/uploads\/img\/books.png\" \/>\n<meta name=\"twitter:card\" content=\"summary_large_image\" \/>\n<meta name=\"twitter:label1\" content=\"Dur\u00e9e de lecture estim\u00e9e\" \/>\n\t<meta name=\"twitter:data1\" content=\"3 minutes\" \/>\n<script type=\"application\/ld+json\" class=\"yoast-schema-graph\">{\"@context\":\"https:\/\/schema.org\",\"@graph\":[{\"@type\":\"WebPage\",\"@id\":\"http:\/\/www.cobayous.com\/site\/les-dossiers\/speciaux-pratiques\/bambi-cobaye-ecole-euthanasie\/\",\"url\":\"http:\/\/www.cobayous.com\/site\/les-dossiers\/speciaux-pratiques\/bambi-cobaye-ecole-euthanasie\/\",\"name\":\"Bambi, le cochon d'Inde d'une \u00e9cole euthanasi\u00e9 - Les Cobayes Pom&amp;Lolo\",\"isPartOf\":{\"@id\":\"http:\/\/www.cobayous.com\/site\/#website\"},\"primaryImageOfPage\":{\"@id\":\"http:\/\/www.cobayous.com\/site\/les-dossiers\/speciaux-pratiques\/bambi-cobaye-ecole-euthanasie\/#primaryimage\"},\"image\":{\"@id\":\"http:\/\/www.cobayous.com\/site\/les-dossiers\/speciaux-pratiques\/bambi-cobaye-ecole-euthanasie\/#primaryimage\"},\"thumbnailUrl\":\"http:\/\/www.cobayous.Com\/site\/wp-content\/uploads\/img\/books.png\",\"datePublished\":\"2007-12-07T10:03:22+00:00\",\"dateModified\":\"2016-11-21T21:33:32+00:00\",\"breadcrumb\":{\"@id\":\"http:\/\/www.cobayous.com\/site\/les-dossiers\/speciaux-pratiques\/bambi-cobaye-ecole-euthanasie\/#breadcrumb\"},\"inLanguage\":\"fr-FR\",\"potentialAction\":[{\"@type\":\"ReadAction\",\"target\":[\"http:\/\/www.cobayous.com\/site\/les-dossiers\/speciaux-pratiques\/bambi-cobaye-ecole-euthanasie\/\"]}]},{\"@type\":\"ImageObject\",\"inLanguage\":\"fr-FR\",\"@id\":\"http:\/\/www.cobayous.com\/site\/les-dossiers\/speciaux-pratiques\/bambi-cobaye-ecole-euthanasie\/#primaryimage\",\"url\":\"http:\/\/www.cobayous.Com\/site\/wp-content\/uploads\/img\/books.png\",\"contentUrl\":\"http:\/\/www.cobayous.Com\/site\/wp-content\/uploads\/img\/books.png\"},{\"@type\":\"BreadcrumbList\",\"@id\":\"http:\/\/www.cobayous.com\/site\/les-dossiers\/speciaux-pratiques\/bambi-cobaye-ecole-euthanasie\/#breadcrumb\",\"itemListElement\":[{\"@type\":\"ListItem\",\"position\":1,\"name\":\"Accueil\",\"item\":\"http:\/\/www.cobayous.com\/site\/\"},{\"@type\":\"ListItem\",\"position\":2,\"name\":\"Dossiers\",\"item\":\"http:\/\/www.cobayous.com\/site\/les-dossiers\/\"},{\"@type\":\"ListItem\",\"position\":3,\"name\":\"Dossiers sp\u00e9ciaux \/ Pratiques\",\"item\":\"http:\/\/www.cobayous.com\/site\/les-dossiers\/speciaux-pratiques\/\"},{\"@type\":\"ListItem\",\"position\":4,\"name\":\"Bambi, le cochon d&rsquo;Inde d&rsquo;une \u00e9cole euthanasi\u00e9\"}]},{\"@type\":\"WebSite\",\"@id\":\"http:\/\/www.cobayous.com\/site\/#website\",\"url\":\"http:\/\/www.cobayous.com\/site\/\",\"name\":\"Les Cobayes Pom&Lolo\",\"description\":\"\",\"publisher\":{\"@id\":\"http:\/\/www.cobayous.com\/site\/#organization\"},\"potentialAction\":[{\"@type\":\"SearchAction\",\"target\":{\"@type\":\"EntryPoint\",\"urlTemplate\":\"http:\/\/www.cobayous.com\/site\/?s={search_term_string}\"},\"query-input\":{\"@type\":\"PropertyValueSpecification\",\"valueRequired\":true,\"valueName\":\"search_term_string\"}}],\"inLanguage\":\"fr-FR\"},{\"@type\":\"Organization\",\"@id\":\"http:\/\/www.cobayous.com\/site\/#organization\",\"name\":\"Les Cobayes Pom&Lolo\",\"url\":\"http:\/\/www.cobayous.com\/site\/\",\"logo\":{\"@type\":\"ImageObject\",\"inLanguage\":\"fr-FR\",\"@id\":\"http:\/\/www.cobayous.com\/site\/#\/schema\/logo\/image\/\",\"url\":\"http:\/\/www.cobayous.com\/site\/wp-content\/uploads\/2024\/01\/header-bg.png\",\"contentUrl\":\"http:\/\/www.cobayous.com\/site\/wp-content\/uploads\/2024\/01\/header-bg.png\",\"width\":1022,\"height\":250,\"caption\":\"Les Cobayes Pom&Lolo\"},\"image\":{\"@id\":\"http:\/\/www.cobayous.com\/site\/#\/schema\/logo\/image\/\"}}]}<\/script>\n<!-- \/ Yoast SEO plugin. -->","yoast_head_json":{"title":"Bambi, le cochon d'Inde d'une \u00e9cole euthanasi\u00e9 - Les Cobayes Pom&amp;Lolo","robots":{"index":"index","follow":"follow","max-snippet":"max-snippet:-1","max-image-preview":"max-image-preview:large","max-video-preview":"max-video-preview:-1"},"canonical":"http:\/\/www.cobayous.com\/site\/les-dossiers\/speciaux-pratiques\/bambi-cobaye-ecole-euthanasie\/","og_locale":"fr_FR","og_type":"article","og_title":"Bambi, le cochon d'Inde d'une \u00e9cole euthanasi\u00e9 - Les Cobayes Pom&amp;Lolo","og_description":"[ezcol_1third] A LIRE Apprivoisement Alimentation Maladies Soins Le Cobaye et les Vacances Rongeurs et enfants Tous les dossiers DES QUESTIONS ? Tu as des questions \u00e0 poser sur les cobayes?... Read more &raquo;","og_url":"http:\/\/www.cobayous.com\/site\/les-dossiers\/speciaux-pratiques\/bambi-cobaye-ecole-euthanasie\/","og_site_name":"Les Cobayes Pom&amp;Lolo","article_modified_time":"2016-11-21T21:33:32+00:00","og_image":[{"url":"http:\/\/www.cobayous.Com\/site\/wp-content\/uploads\/img\/books.png","type":"","width":"","height":""}],"twitter_card":"summary_large_image","twitter_misc":{"Dur\u00e9e de lecture estim\u00e9e":"3 minutes"},"schema":{"@context":"https:\/\/schema.org","@graph":[{"@type":"WebPage","@id":"http:\/\/www.cobayous.com\/site\/les-dossiers\/speciaux-pratiques\/bambi-cobaye-ecole-euthanasie\/","url":"http:\/\/www.cobayous.com\/site\/les-dossiers\/speciaux-pratiques\/bambi-cobaye-ecole-euthanasie\/","name":"Bambi, le cochon d'Inde d'une \u00e9cole euthanasi\u00e9 - Les Cobayes Pom&amp;Lolo","isPartOf":{"@id":"http:\/\/www.cobayous.com\/site\/#website"},"primaryImageOfPage":{"@id":"http:\/\/www.cobayous.com\/site\/les-dossiers\/speciaux-pratiques\/bambi-cobaye-ecole-euthanasie\/#primaryimage"},"image":{"@id":"http:\/\/www.cobayous.com\/site\/les-dossiers\/speciaux-pratiques\/bambi-cobaye-ecole-euthanasie\/#primaryimage"},"thumbnailUrl":"http:\/\/www.cobayous.Com\/site\/wp-content\/uploads\/img\/books.png","datePublished":"2007-12-07T10:03:22+00:00","dateModified":"2016-11-21T21:33:32+00:00","breadcrumb":{"@id":"http:\/\/www.cobayous.com\/site\/les-dossiers\/speciaux-pratiques\/bambi-cobaye-ecole-euthanasie\/#breadcrumb"},"inLanguage":"fr-FR","potentialAction":[{"@type":"ReadAction","target":["http:\/\/www.cobayous.com\/site\/les-dossiers\/speciaux-pratiques\/bambi-cobaye-ecole-euthanasie\/"]}]},{"@type":"ImageObject","inLanguage":"fr-FR","@id":"http:\/\/www.cobayous.com\/site\/les-dossiers\/speciaux-pratiques\/bambi-cobaye-ecole-euthanasie\/#primaryimage","url":"http:\/\/www.cobayous.Com\/site\/wp-content\/uploads\/img\/books.png","contentUrl":"http:\/\/www.cobayous.Com\/site\/wp-content\/uploads\/img\/books.png"},{"@type":"BreadcrumbList","@id":"http:\/\/www.cobayous.com\/site\/les-dossiers\/speciaux-pratiques\/bambi-cobaye-ecole-euthanasie\/#breadcrumb","itemListElement":[{"@type":"ListItem","position":1,"name":"Accueil","item":"http:\/\/www.cobayous.com\/site\/"},{"@type":"ListItem","position":2,"name":"Dossiers","item":"http:\/\/www.cobayous.com\/site\/les-dossiers\/"},{"@type":"ListItem","position":3,"name":"Dossiers sp\u00e9ciaux \/ Pratiques","item":"http:\/\/www.cobayous.com\/site\/les-dossiers\/speciaux-pratiques\/"},{"@type":"ListItem","position":4,"name":"Bambi, le cochon d&rsquo;Inde d&rsquo;une \u00e9cole euthanasi\u00e9"}]},{"@type":"WebSite","@id":"http:\/\/www.cobayous.com\/site\/#website","url":"http:\/\/www.cobayous.com\/site\/","name":"Les Cobayes Pom&Lolo","description":"","publisher":{"@id":"http:\/\/www.cobayous.com\/site\/#organization"},"potentialAction":[{"@type":"SearchAction","target":{"@type":"EntryPoint","urlTemplate":"http:\/\/www.cobayous.com\/site\/?s={search_term_string}"},"query-input":{"@type":"PropertyValueSpecification","valueRequired":true,"valueName":"search_term_string"}}],"inLanguage":"fr-FR"},{"@type":"Organization","@id":"http:\/\/www.cobayous.com\/site\/#organization","name":"Les Cobayes Pom&Lolo","url":"http:\/\/www.cobayous.com\/site\/","logo":{"@type":"ImageObject","inLanguage":"fr-FR","@id":"http:\/\/www.cobayous.com\/site\/#\/schema\/logo\/image\/","url":"http:\/\/www.cobayous.com\/site\/wp-content\/uploads\/2024\/01\/header-bg.png","contentUrl":"http:\/\/www.cobayous.com\/site\/wp-content\/uploads\/2024\/01\/header-bg.png","width":1022,"height":250,"caption":"Les Cobayes Pom&Lolo"},"image":{"@id":"http:\/\/www.cobayous.com\/site\/#\/schema\/logo\/image\/"}}]}},"_links":{"self":[{"href":"http:\/\/www.cobayous.com\/site\/wp-json\/wp\/v2\/pages\/1572","targetHints":{"allow":["GET"]}}],"collection":[{"href":"http:\/\/www.cobayous.com\/site\/wp-json\/wp\/v2\/pages"}],"about":[{"href":"http:\/\/www.cobayous.com\/site\/wp-json\/wp\/v2\/types\/page"}],"author":[{"embeddable":true,"href":"http:\/\/www.cobayous.com\/site\/wp-json\/wp\/v2\/users\/1"}],"replies":[{"embeddable":true,"href":"http:\/\/www.cobayous.com\/site\/wp-json\/wp\/v2\/comments?post=1572"}],"version-history":[{"count":2,"href":"http:\/\/www.cobayous.com\/site\/wp-json\/wp\/v2\/pages\/1572\/revisions"}],"predecessor-version":[{"id":3704,"href":"http:\/\/www.cobayous.com\/site\/wp-json\/wp\/v2\/pages\/1572\/revisions\/3704"}],"up":[{"embeddable":true,"href":"http:\/\/www.cobayous.com\/site\/wp-json\/wp\/v2\/pages\/1284"}],"wp:attachment":[{"href":"http:\/\/www.cobayous.com\/site\/wp-json\/wp\/v2\/media?parent=1572"}],"curies":[{"name":"wp","href":"https:\/\/api.w.org\/{rel}","templated":true}]}}