{"id":154,"date":"2010-05-12T12:21:26","date_gmt":"2010-05-12T12:21:26","guid":{"rendered":"http:\/\/www.cobayous.com\/site\/?page_id=154"},"modified":"2016-11-21T21:40:58","modified_gmt":"2016-11-21T20:40:58","slug":"friandises","status":"publish","type":"page","link":"http:\/\/www.cobayous.com\/site\/les-dossiers\/alimentation-du-cobaye\/friandises\/","title":{"rendered":"Alimentation : Les Friandises"},"content":{"rendered":" <p> [ezcol_1third] <\/p> \n<div style=\"background: #FFEFCE; border: 1px solid #BD8D46; color: #404040; padding: 0 10px 0 10px; margin-top: 1em; text-align: justify; border-radius: 10px;\">\n<h3><img loading=\"lazy\" decoding=\"async\" class=\"alignleft\" title=\"memo\" src=\"http:\/\/www.cobayous.Com\/site\/wp-content\/uploads\/img\/memo.png\" alt=\"\" width=\"30\" height=\"30\">EN BREF<\/h3>\n <p> Privil\u00e9gier les friandises saines (fruits qu&rsquo;on donne rarement, herbes s\u00e9ch\u00e9es etc &#8230;) et limiter voire bannir les friandises du commerce. <\/p> \n <p> Pensez au fait maison avec, pourquoi pas, des produits bios <span class=\"wp-font-emots-emo-wink\"><\/span> <\/p> \n<\/div>\n<div style=\"background: #EDF7F2; border: 1px solid #7FC6BC; color: #404040; padding: 0 10px 0 10px; margin-top: 1em; text-align: justify; border-radius: 10px;\">\n <p> <img loading=\"lazy\" decoding=\"async\" class=\"alignleft\" title=\"alire\" src=\"http:\/\/www.cobayous.Com\/site\/wp-content\/uploads\/img\/books.png\" alt=\"\" width=\"30\" height=\"30\"> <\/p> \n<h3>A LIRE<\/h3>\n <p> <span style=\"color: #008000;\">Dans la rubrique Alimentation :<\/span> <\/p> \n<ul>\n<li><a title=\"Alimentation : Le foin\" href=\"http:\/\/www.cobayous.com\/site\/les-dossiers\/alimentation-du-cobaye\/foin\/\">Le Foin<\/a> et<a title=\"Alimentation : L\u2019eau\" href=\"http:\/\/www.cobayous.com\/site\/les-dossiers\/alimentation-du-cobaye\/eau\/\"> l\u2019eau<\/a><\/li>\n<li><a href=\"http:\/\/www.cobayous.com\/site\/les-dossiers\/alimentation-du-cobaye\/faire-son-foin\/\">Faire son foin soi-m\u00eame<\/a><\/li>\n<li><a href=\"http:\/\/www.cobayous.com\/site\/les-dossiers\/alimentation-du-cobaye\/fruits-et-legumes\/\">Les Fruits et l\u00e9gumes<\/a><\/li>\n<li><a href=\"http:\/\/www.cobayous.com\/site\/les-dossiers\/alimentation-du-cobaye\/la-jardiniere\/\">La Jardini\u00e8re<\/a><\/li>\n<li><a href=\"http:\/\/www.cobayous.com\/site\/les-dossiers\/alimentation-du-cobaye\/granules-extrudes\/\">Granul\u00e9s<\/a><\/li>\n<li><a href=\"http:\/\/www.cobayous.com\/site\/les-dossiers\/alimentation-du-cobaye\/complements-alimentaires\/\">Les compl\u00e9ments<\/a><\/li>\n<li>Les Friandises<\/li>\n<\/ul>\n<\/div>\n<div style=\"background: #ffffff; border: 1px solid #EACFB8; color: #404040; padding: 0 10px 0 10px; margin-top: 1em; text-align: justify; border-radius: 10px;\"><script async=\"\" src=\"\/\/pagead2.googlesyndication.com\/pagead\/js\/adsbygoogle.js\"><\/script> <br \/> \n <!-- cob-dossier-gauche -->  <br \/> \n<ins class=\"adsbygoogle\" style=\"display: block;\" data-ad-client=\"ca-pub-3631834167777130\" data-ad-slot=\"6832657395\" data-ad-format=\"auto\"><\/ins> <br \/> \n<script>\n(adsbygoogle = window.adsbygoogle || []).push({});\n<\/script> <br \/> \n<img loading=\"lazy\" decoding=\"async\" class=\"alignleft\" title=\"questions\" src=\"http:\/\/www.cobayous.Com\/site\/wp-content\/uploads\/img\/question.png\" alt=\"\" width=\"30\" height=\"30\"> <\/p> \n<h4>DES QUESTIONS ?<\/h4>\n <p> Tu as des questions \u00e0 poser sur les cobayes? Tu souhaites discuter avec nous? <\/p> \n <p> <img loading=\"lazy\" decoding=\"async\" class=\"alignleft\" title=\"talk\" src=\"http:\/\/www.cobayous.com\/site\/wp-content\/uploads\/img\/icon-talk.png\" alt=\"\" width=\"44\" height=\"30\"> <a href=\"http:\/\/www.cobayous.Com\/forum\">Rejoins-nous !<\/a> <\/p> \n<\/div>\n <p> [\/ezcol_1third] [ezcol_2third_end] <\/p> \n <p> <img loading=\"lazy\" decoding=\"async\" class=\"alignleft\" title=\"pom--pissenlit\" src=\"http:\/\/www.cobayous.com\/site\/wp-content\/uploads\/dossiers\/pom-pissenlit.jpg\" alt=\"\" width=\"200\" height=\"226\">Une <strong>friandise<\/strong>, c&rsquo;est quelque chose qu&rsquo;on donne <strong>occasionnellement<\/strong> \u00e0 son animal pour lui faire plaisir. C&rsquo;est un peu comme pour nous avec les bonbons et biscuits, c&rsquo;est bon mais il ne faut pas en abuser! <\/p> \n <p> Acheter des friandises, c&rsquo;est facile. Mais trouver quelque chose de sain pour votre animal, c&rsquo;est autre chose. <\/p> \n <p> Ce dossier va vous donner quelques id\u00e9es de friandises que vous pourrez trouver ou faire vous m\u00eame afin de <strong>pr\u00e9server la sant\u00e9 de votre animal<\/strong> et, pourquoi pas, de faire des \u00e9conomies. Car il ne faut pas se leurrer, dans le commerce, les friandises pour rongeurs sont quand m\u00eame assez cher&#8230; et pas forc\u00e9ment saines. <\/p> \n <p> Gardez toujours \u00e0 l&rsquo;esprit quand dans la nature, les animaux ne trouvent pas tous les produits vendus dans le commerce :whistle: <\/p> \n<ul>\n<li>&nbsp;<span style=\"text-decoration: underline;\"><strong><span style=\"color: #3366ff; text-decoration: underline;\">Le fruit<\/span><\/strong><\/span><\/li>\n<\/ul>\n <p> Un fruit, c&rsquo;est sucr\u00e9. On en donne g\u00e9n\u00e9ralement moins souvent que le l\u00e9gume qui constitue la base de l&rsquo;alimentation du cobaye. Votre animal sera bien heureux de manger un morceau de melon (qui est assez sucr\u00e9) ou tout autre fruit qu&rsquo;il n&rsquo;a pas l&rsquo;habitude de manger. <\/p> \n<ul>\n<li><span style=\"text-decoration: underline; color: #3366ff;\"><strong>Les herbes s\u00e9ch\u00e9es<\/strong><\/span><\/li>\n<\/ul>\n <p> Orties ou fleurs s\u00e9ch\u00e9es, ce sont des choses naturelles et assez simple \u00e0 faire. Votre petite boule de poils sera bien content d&rsquo;entendre craquer quelques feuilles s\u00e8ches sous ses petites dents. <br \/> \nLes orties, on en trouve souvent dans le jardin au printemps et en \u00e9t\u00e9. Si vous avez \u00ab\u00a0la chance\u00a0\u00bb d&rsquo;en avoir, sachez que vous pouvez les faire s\u00e9cher vous m\u00eame afin de les donner \u00e0 votre animal. <br \/> \nJ&rsquo;explique comment faire dans le dossier sur le <a title=\"Faire son foin\" href=\"http:\/\/www.cobayous.com\/site\/les-dossiers\/alimentation-du-cobaye\/faire-son-foin\/\">foin maison<\/a>. <br \/> \nPour les fleurs s\u00e9ch\u00e9es (attention de ne donner que des fleurs que le cobaye peut manger !) c&rsquo;est le m\u00eame principe! <\/p> \n<ul>\n<li><span style=\"text-decoration: underline; color: #3366ff;\"><strong>Les branches d&rsquo;arbre<\/strong><\/span><\/li>\n<\/ul>\n <p> Le cobaye est un rongeur &#8230; qui aime beaucoup utiliser ses dents. De temps en temps, vous pouvez lui proposer une petite branche d<strong>&lsquo;arbre fruitier<\/strong> qu&rsquo;il appr\u00e9ciera certainement grignoter. Ceci n&rsquo;a pas d\u2019int\u00e9r\u00eat nutritionnel mais est tr\u00e8s bon pour ses dents. <\/p> \n<ul>\n<li><span style=\"text-decoration: underline; color: #3366ff;\"><strong>Les fruits et l\u00e9gumes s\u00e9ch\u00e9s<\/strong><\/span><\/li>\n<\/ul>\n <p> Lorsqu&rsquo;un fruit est dess\u00e9ch\u00e9, il est beaucoup plus calorique (\u00e0 poids \u00e9gal) car il a perdu son eau et il reste donc les sucres et vitamines. <br \/> \nTout comme pour les herbes s\u00e9ch\u00e9es, il est \u00e9galement possible de faire soi-m\u00eame ses fruits et l\u00e9gumes. <br \/> \nCarottes, pommes ou d&rsquo;autres fruits (bio, pourquoi pas?) peuvent \u00eatre coup\u00e9s en rondelles (de pr\u00e9f\u00e9rence de la m\u00eame \u00e9paisseur). <br \/> \nVous pouvez ensuite les faire s\u00e9cher au four \u00e0 40C\u00b0 \u00e0 chaleur tournante (si votre four vous le permet) pendant 12H (donc pendant une nuit) Cela prends un peu de temps donc profitez-en pour en faire beaucoup d&rsquo;un coup (voire m\u00eame pour vous!) <br \/> \nUne fois bien dess\u00e9ch\u00e9s, les fruits et l\u00e9gumes se conservent dans un bocal en verre pendant environ 5-6 mois. <br \/> \nMais attention, ils doivent \u00eatre bien secs <span class=\"wp-font-emots-emo-wink\"><\/span> <\/p> \n <p> <strong>Ces friandises lui apporteront des vitamines<\/strong> et toutes les bonnes choses qu&rsquo;un <strong>produit frais et sain<\/strong> peut offrir. <\/p> \n<div style=\"background: none repeat scroll 0% 0% #f5fafc; border: 1px solid #6396ef; color: #404040; padding: 0pt 10px; margin-top: 1em; min-height: 220px; max-width: 98%; text-align: left;\">\n <p> Si vous n&rsquo;avez pas la possibilit\u00e9 de faire vos propres friandises pour votre cobaye, vous pouvez en trouver dans le commerce en magasin sp\u00e9cialis\u00e9 mais &#8230; attention quand m\u00eame, pensez \u00e0 regarder les ingr\u00e9dients ! <\/p> \n <p> Vous pouvez lui en donner <strong>OCCASIONNELLEMENT<\/strong> si vous pouvez voir sur l&#8217;emballage que ni sucres ni graisses n&rsquo;ont \u00e9t\u00e9 ajout\u00e9s !! Dans le doute, n&rsquo;en donnez pas. <\/p> \n<div>\n<h3 style=\"text-align: center;\"><strong><span style=\"color: #ff0000;\">Attention aux friandises du commerce !!<\/span><\/strong><\/h3>\n<p style=\"text-align: center;\"><img loading=\"lazy\" decoding=\"async\" class=\"aligncenter\" src=\"\/site\/wp-content\/uploads\/dossiers\/no-friandises.jpg\" alt=\"\" width=\"423\" height=\"150\"> <\/p> \n <p> Vous trouvez en commerce des sticks, cakes, bonbons \u00ab\u00a0drops\u00a0\u00bb &#8230;. <br \/> \nCes friandises n&rsquo;apportent quasiment rien de bon \u00e0 votre animal : du sucre et des graisses dont il n&rsquo;a pas forc\u00e9ment besoin !! <\/p> \n<\/div>\n<\/div>\n <p> <a href=\"http:\/\/www.cobayous.com\/site\/qui-sommes-nous\/\"><img loading=\"lazy\" decoding=\"async\" class=\"alignright\" title=\"copyright-pomelo.jpg\" src=\"\/site\/wp-content\/uploads\/dossiers\/copyright-pomelo.jpg\" alt=\"copyright-pomelo.jpg\" width=\"275\" height=\"50\" border=\"0\"><\/a> <\/p> \n <p> [\/ezcol_2third_end] <\/p> \n","protected":false},"excerpt":{"rendered":" <p> [ezcol_1third] EN BREF Privil\u00e9gier les friandises saines (fruits qu&rsquo;on donne rarement, herbes s\u00e9ch\u00e9es etc &#8230;) et limiter voire bannir les friandises du commerce. Pensez au fait maison avec, pourquoi pas,&#8230; <a href=\"http:\/\/www.cobayous.com\/site\/les-dossiers\/alimentation-du-cobaye\/friandises\/\">Read more &raquo;<\/a> <\/p> \n","protected":false},"author":1,"featured_media":0,"parent":19,"menu_order":7,"comment_status":"closed","ping_status":"open","template":"","meta":{"ngg_post_thumbnail":0,"footnotes":""},"class_list":["post-154","page","type-page","status-publish","hentry"],"yoast_head":"<!-- This site is optimized with the Yoast SEO plugin v27.1.1 - https:\/\/yoast.com\/product\/yoast-seo-wordpress\/ -->\n<title>Alimentation : Les Friandises - Les Cobayes Pom&amp;Lolo<\/title>\n<meta name=\"robots\" content=\"index, follow, max-snippet:-1, max-image-preview:large, max-video-preview:-1\" \/>\n<link rel=\"canonical\" href=\"http:\/\/www.cobayous.com\/site\/les-dossiers\/alimentation-du-cobaye\/friandises\/\" \/>\n<meta property=\"og:locale\" content=\"fr_FR\" \/>\n<meta property=\"og:type\" content=\"article\" \/>\n<meta property=\"og:title\" content=\"Alimentation : Les Friandises - Les Cobayes Pom&amp;Lolo\" \/>\n<meta property=\"og:description\" content=\"[ezcol_1third] EN BREF Privil\u00e9gier les friandises saines (fruits qu&rsquo;on donne rarement, herbes s\u00e9ch\u00e9es etc &#8230;) et limiter voire bannir les friandises du commerce. Pensez au fait maison avec, pourquoi pas,... Read more &raquo;\" \/>\n<meta property=\"og:url\" content=\"http:\/\/www.cobayous.com\/site\/les-dossiers\/alimentation-du-cobaye\/friandises\/\" \/>\n<meta property=\"og:site_name\" content=\"Les Cobayes Pom&amp;Lolo\" \/>\n<meta property=\"article:modified_time\" content=\"2016-11-21T20:40:58+00:00\" \/>\n<meta property=\"og:image\" content=\"http:\/\/www.cobayous.Com\/site\/wp-content\/uploads\/img\/memo.png\" \/>\n<meta name=\"twitter:card\" content=\"summary_large_image\" \/>\n<meta name=\"twitter:label1\" content=\"Dur\u00e9e de lecture estim\u00e9e\" \/>\n\t<meta name=\"twitter:data1\" content=\"3 minutes\" \/>\n<script type=\"application\/ld+json\" class=\"yoast-schema-graph\">{\"@context\":\"https:\/\/schema.org\",\"@graph\":[{\"@type\":\"WebPage\",\"@id\":\"http:\/\/www.cobayous.com\/site\/les-dossiers\/alimentation-du-cobaye\/friandises\/\",\"url\":\"http:\/\/www.cobayous.com\/site\/les-dossiers\/alimentation-du-cobaye\/friandises\/\",\"name\":\"Alimentation : Les Friandises - Les Cobayes Pom&amp;Lolo\",\"isPartOf\":{\"@id\":\"http:\/\/www.cobayous.com\/site\/#website\"},\"primaryImageOfPage\":{\"@id\":\"http:\/\/www.cobayous.com\/site\/les-dossiers\/alimentation-du-cobaye\/friandises\/#primaryimage\"},\"image\":{\"@id\":\"http:\/\/www.cobayous.com\/site\/les-dossiers\/alimentation-du-cobaye\/friandises\/#primaryimage\"},\"thumbnailUrl\":\"http:\/\/www.cobayous.Com\/site\/wp-content\/uploads\/img\/memo.png\",\"datePublished\":\"2010-05-12T12:21:26+00:00\",\"dateModified\":\"2016-11-21T20:40:58+00:00\",\"breadcrumb\":{\"@id\":\"http:\/\/www.cobayous.com\/site\/les-dossiers\/alimentation-du-cobaye\/friandises\/#breadcrumb\"},\"inLanguage\":\"fr-FR\",\"potentialAction\":[{\"@type\":\"ReadAction\",\"target\":[\"http:\/\/www.cobayous.com\/site\/les-dossiers\/alimentation-du-cobaye\/friandises\/\"]}]},{\"@type\":\"ImageObject\",\"inLanguage\":\"fr-FR\",\"@id\":\"http:\/\/www.cobayous.com\/site\/les-dossiers\/alimentation-du-cobaye\/friandises\/#primaryimage\",\"url\":\"http:\/\/www.cobayous.Com\/site\/wp-content\/uploads\/img\/memo.png\",\"contentUrl\":\"http:\/\/www.cobayous.Com\/site\/wp-content\/uploads\/img\/memo.png\"},{\"@type\":\"BreadcrumbList\",\"@id\":\"http:\/\/www.cobayous.com\/site\/les-dossiers\/alimentation-du-cobaye\/friandises\/#breadcrumb\",\"itemListElement\":[{\"@type\":\"ListItem\",\"position\":1,\"name\":\"Accueil\",\"item\":\"http:\/\/www.cobayous.com\/site\/\"},{\"@type\":\"ListItem\",\"position\":2,\"name\":\"Dossiers\",\"item\":\"http:\/\/www.cobayous.com\/site\/les-dossiers\/\"},{\"@type\":\"ListItem\",\"position\":3,\"name\":\"Alimentation\",\"item\":\"http:\/\/www.cobayous.com\/site\/les-dossiers\/alimentation-du-cobaye\/\"},{\"@type\":\"ListItem\",\"position\":4,\"name\":\"Alimentation : Les Friandises\"}]},{\"@type\":\"WebSite\",\"@id\":\"http:\/\/www.cobayous.com\/site\/#website\",\"url\":\"http:\/\/www.cobayous.com\/site\/\",\"name\":\"Les Cobayes Pom&Lolo\",\"description\":\"\",\"publisher\":{\"@id\":\"http:\/\/www.cobayous.com\/site\/#organization\"},\"potentialAction\":[{\"@type\":\"SearchAction\",\"target\":{\"@type\":\"EntryPoint\",\"urlTemplate\":\"http:\/\/www.cobayous.com\/site\/?s={search_term_string}\"},\"query-input\":{\"@type\":\"PropertyValueSpecification\",\"valueRequired\":true,\"valueName\":\"search_term_string\"}}],\"inLanguage\":\"fr-FR\"},{\"@type\":\"Organization\",\"@id\":\"http:\/\/www.cobayous.com\/site\/#organization\",\"name\":\"Les Cobayes Pom&Lolo\",\"url\":\"http:\/\/www.cobayous.com\/site\/\",\"logo\":{\"@type\":\"ImageObject\",\"inLanguage\":\"fr-FR\",\"@id\":\"http:\/\/www.cobayous.com\/site\/#\/schema\/logo\/image\/\",\"url\":\"http:\/\/www.cobayous.com\/site\/wp-content\/uploads\/2024\/01\/header-bg.png\",\"contentUrl\":\"http:\/\/www.cobayous.com\/site\/wp-content\/uploads\/2024\/01\/header-bg.png\",\"width\":1022,\"height\":250,\"caption\":\"Les Cobayes Pom&Lolo\"},\"image\":{\"@id\":\"http:\/\/www.cobayous.com\/site\/#\/schema\/logo\/image\/\"}}]}<\/script>\n<!-- \/ Yoast SEO plugin. -->","yoast_head_json":{"title":"Alimentation : Les Friandises - Les Cobayes Pom&amp;Lolo","robots":{"index":"index","follow":"follow","max-snippet":"max-snippet:-1","max-image-preview":"max-image-preview:large","max-video-preview":"max-video-preview:-1"},"canonical":"http:\/\/www.cobayous.com\/site\/les-dossiers\/alimentation-du-cobaye\/friandises\/","og_locale":"fr_FR","og_type":"article","og_title":"Alimentation : Les Friandises - Les Cobayes Pom&amp;Lolo","og_description":"[ezcol_1third] EN BREF Privil\u00e9gier les friandises saines (fruits qu&rsquo;on donne rarement, herbes s\u00e9ch\u00e9es etc &#8230;) et limiter voire bannir les friandises du commerce. Pensez au fait maison avec, pourquoi pas,... Read more &raquo;","og_url":"http:\/\/www.cobayous.com\/site\/les-dossiers\/alimentation-du-cobaye\/friandises\/","og_site_name":"Les Cobayes Pom&amp;Lolo","article_modified_time":"2016-11-21T20:40:58+00:00","og_image":[{"url":"http:\/\/www.cobayous.Com\/site\/wp-content\/uploads\/img\/memo.png","type":"","width":"","height":""}],"twitter_card":"summary_large_image","twitter_misc":{"Dur\u00e9e de lecture estim\u00e9e":"3 minutes"},"schema":{"@context":"https:\/\/schema.org","@graph":[{"@type":"WebPage","@id":"http:\/\/www.cobayous.com\/site\/les-dossiers\/alimentation-du-cobaye\/friandises\/","url":"http:\/\/www.cobayous.com\/site\/les-dossiers\/alimentation-du-cobaye\/friandises\/","name":"Alimentation : Les Friandises - Les Cobayes Pom&amp;Lolo","isPartOf":{"@id":"http:\/\/www.cobayous.com\/site\/#website"},"primaryImageOfPage":{"@id":"http:\/\/www.cobayous.com\/site\/les-dossiers\/alimentation-du-cobaye\/friandises\/#primaryimage"},"image":{"@id":"http:\/\/www.cobayous.com\/site\/les-dossiers\/alimentation-du-cobaye\/friandises\/#primaryimage"},"thumbnailUrl":"http:\/\/www.cobayous.Com\/site\/wp-content\/uploads\/img\/memo.png","datePublished":"2010-05-12T12:21:26+00:00","dateModified":"2016-11-21T20:40:58+00:00","breadcrumb":{"@id":"http:\/\/www.cobayous.com\/site\/les-dossiers\/alimentation-du-cobaye\/friandises\/#breadcrumb"},"inLanguage":"fr-FR","potentialAction":[{"@type":"ReadAction","target":["http:\/\/www.cobayous.com\/site\/les-dossiers\/alimentation-du-cobaye\/friandises\/"]}]},{"@type":"ImageObject","inLanguage":"fr-FR","@id":"http:\/\/www.cobayous.com\/site\/les-dossiers\/alimentation-du-cobaye\/friandises\/#primaryimage","url":"http:\/\/www.cobayous.Com\/site\/wp-content\/uploads\/img\/memo.png","contentUrl":"http:\/\/www.cobayous.Com\/site\/wp-content\/uploads\/img\/memo.png"},{"@type":"BreadcrumbList","@id":"http:\/\/www.cobayous.com\/site\/les-dossiers\/alimentation-du-cobaye\/friandises\/#breadcrumb","itemListElement":[{"@type":"ListItem","position":1,"name":"Accueil","item":"http:\/\/www.cobayous.com\/site\/"},{"@type":"ListItem","position":2,"name":"Dossiers","item":"http:\/\/www.cobayous.com\/site\/les-dossiers\/"},{"@type":"ListItem","position":3,"name":"Alimentation","item":"http:\/\/www.cobayous.com\/site\/les-dossiers\/alimentation-du-cobaye\/"},{"@type":"ListItem","position":4,"name":"Alimentation : Les Friandises"}]},{"@type":"WebSite","@id":"http:\/\/www.cobayous.com\/site\/#website","url":"http:\/\/www.cobayous.com\/site\/","name":"Les Cobayes Pom&Lolo","description":"","publisher":{"@id":"http:\/\/www.cobayous.com\/site\/#organization"},"potentialAction":[{"@type":"SearchAction","target":{"@type":"EntryPoint","urlTemplate":"http:\/\/www.cobayous.com\/site\/?s={search_term_string}"},"query-input":{"@type":"PropertyValueSpecification","valueRequired":true,"valueName":"search_term_string"}}],"inLanguage":"fr-FR"},{"@type":"Organization","@id":"http:\/\/www.cobayous.com\/site\/#organization","name":"Les Cobayes Pom&Lolo","url":"http:\/\/www.cobayous.com\/site\/","logo":{"@type":"ImageObject","inLanguage":"fr-FR","@id":"http:\/\/www.cobayous.com\/site\/#\/schema\/logo\/image\/","url":"http:\/\/www.cobayous.com\/site\/wp-content\/uploads\/2024\/01\/header-bg.png","contentUrl":"http:\/\/www.cobayous.com\/site\/wp-content\/uploads\/2024\/01\/header-bg.png","width":1022,"height":250,"caption":"Les Cobayes Pom&Lolo"},"image":{"@id":"http:\/\/www.cobayous.com\/site\/#\/schema\/logo\/image\/"}}]}},"_links":{"self":[{"href":"http:\/\/www.cobayous.com\/site\/wp-json\/wp\/v2\/pages\/154","targetHints":{"allow":["GET"]}}],"collection":[{"href":"http:\/\/www.cobayous.com\/site\/wp-json\/wp\/v2\/pages"}],"about":[{"href":"http:\/\/www.cobayous.com\/site\/wp-json\/wp\/v2\/types\/page"}],"author":[{"embeddable":true,"href":"http:\/\/www.cobayous.com\/site\/wp-json\/wp\/v2\/users\/1"}],"replies":[{"embeddable":true,"href":"http:\/\/www.cobayous.com\/site\/wp-json\/wp\/v2\/comments?post=154"}],"version-history":[{"count":2,"href":"http:\/\/www.cobayous.com\/site\/wp-json\/wp\/v2\/pages\/154\/revisions"}],"predecessor-version":[{"id":3693,"href":"http:\/\/www.cobayous.com\/site\/wp-json\/wp\/v2\/pages\/154\/revisions\/3693"}],"up":[{"embeddable":true,"href":"http:\/\/www.cobayous.com\/site\/wp-json\/wp\/v2\/pages\/19"}],"wp:attachment":[{"href":"http:\/\/www.cobayous.com\/site\/wp-json\/wp\/v2\/media?parent=154"}],"curies":[{"name":"wp","href":"https:\/\/api.w.org\/{rel}","templated":true}]}}