{"id":149,"date":"2010-05-12T12:18:11","date_gmt":"2010-05-12T12:18:11","guid":{"rendered":"http:\/\/www.cobayous.com\/site\/?page_id=149"},"modified":"2016-11-21T21:35:46","modified_gmt":"2016-11-21T20:35:46","slug":"eau","status":"publish","type":"page","link":"http:\/\/www.cobayous.com\/site\/les-dossiers\/alimentation-du-cobaye\/eau\/","title":{"rendered":"Alimentation : L&rsquo;eau"},"content":{"rendered":" <p> [ezcol_1third] <\/p> \n<div style=\"background: #FFEFCE; border: 1px solid #BD8D46; color: #404040; padding: 0 10px 0 10px; margin-top: 3em; text-align: justify; border-radius: 10px;\">\n<h3><img loading=\"lazy\" decoding=\"async\" class=\"alignleft\" title=\"memo\" src=\"http:\/\/www.cobayous.Com\/site\/wp-content\/uploads\/img\/memo.png\" alt=\"\" width=\"30\" height=\"30\">EN BREF<\/h3>\n <p> Eau fra\u00eeche renouvel\u00e9e tous les jours et \u00e0 volont\u00e9 de pr\u00e9f\u00e9rence dans un biberon. <\/p> \n <p> \u00c9viter l&rsquo;eau du robinet. <\/p> \n<\/div>\n<div style=\"background: #EDF7F2; border: 1px solid #7FC6BC; color: #404040; padding: 0 10px 0 10px; margin-top: 3em; text-align: justify; border-radius: 10px;\">\n <p> <img loading=\"lazy\" decoding=\"async\" class=\"alignleft\" title=\"alire\" src=\"http:\/\/www.cobayous.Com\/site\/wp-content\/uploads\/img\/books.png\" alt=\"\" width=\"30\" height=\"30\"> <\/p> \n<h3>A LIRE<\/h3>\n <p> <span style=\"color: #008000;\">Dans la rubrique Alimentation :<\/span> <\/p> \n<ul>\n<li><a title=\"Alimentation : Le foin\" href=\"http:\/\/www.cobayous.com\/site\/les-dossiers\/alimentation-du-cobaye\/foin\/\">Le Foin<\/a> et l\u2019eau<\/li>\n<li><a href=\"http:\/\/www.cobayous.com\/site\/les-dossiers\/alimentation-du-cobaye\/faire-son-foin\/\">Faire son foin soi-m\u00eame<\/a><\/li>\n<li><a href=\"http:\/\/www.cobayous.com\/site\/les-dossiers\/alimentation-du-cobaye\/fruits-et-legumes\/\">Les Fruits et l\u00e9gumes<\/a><\/li>\n<li><a href=\"http:\/\/www.cobayous.com\/site\/les-dossiers\/alimentation-du-cobaye\/la-jardiniere\/\">La Jardini\u00e8re<\/a><\/li>\n<li><a href=\"http:\/\/www.cobayous.com\/site\/les-dossiers\/alimentation-du-cobaye\/granules-extrudes\/\">Granul\u00e9s<\/a><\/li>\n<li><a href=\"http:\/\/www.cobayous.com\/site\/les-dossiers\/alimentation-du-cobaye\/complements-alimentaires\/\">Les compl\u00e9ments<\/a><\/li>\n<li><a href=\"http:\/\/www.cobayous.com\/site\/les-dossiers\/alimentation-du-cobaye\/friandises\/\">Les Friandises<\/a><\/li>\n<\/ul>\n<\/div>\n<div style=\"background: #ffffff; border: 1px solid #EACFB8; color: #404040; padding: 0 10px 0 10px; margin-top: 3em; text-align: justify; border-radius: 10px;\"><script async=\"\" src=\"\/\/pagead2.googlesyndication.com\/pagead\/js\/adsbygoogle.js\"><\/script> <br \/> \n <!-- cob-dossier-gauche -->  <br \/> \n<ins class=\"adsbygoogle\" style=\"display: block;\" data-ad-client=\"ca-pub-3631834167777130\" data-ad-slot=\"6832657395\" data-ad-format=\"auto\"><\/ins> <br \/> \n<script>\n(adsbygoogle = window.adsbygoogle || []).push({});\n<\/script> <br \/> \n<img loading=\"lazy\" decoding=\"async\" class=\"alignleft\" title=\"questions\" src=\"http:\/\/www.cobayous.Com\/site\/wp-content\/uploads\/img\/question.png\" alt=\"\" width=\"30\" height=\"30\"> <\/p> \n<h4>DES QUESTIONS ?<\/h4>\n <p> Tu as des questions \u00e0 poser sur les cobayes? Tu souhaites discuter avec nous? <\/p> \n <p> <img loading=\"lazy\" decoding=\"async\" class=\"alignleft\" title=\"talk\" src=\"http:\/\/www.cobayous.com\/site\/wp-content\/uploads\/img\/icon-talk.png\" alt=\"\" width=\"44\" height=\"30\"> <a href=\"http:\/\/www.cobayous.Com\/forum\">Rejoins-nous !<\/a> <\/p> \n<\/div>\n <p> [\/ezcol_1third] [ezcol_2third_end] <\/p> \n <p> <img loading=\"lazy\" decoding=\"async\" class=\"alignleft\" title=\"eau-lolo\" src=\"http:\/\/www.cobayous.com\/site\/wp-content\/uploads\/dossiers\/biberon_lolo.jpg\" alt=\"\" width=\"200\" height=\"151\">L&rsquo;eau est <strong>indispensable<\/strong> et doit \u00eatre \u00e0 disposition \u00e0 volont\u00e9. <br \/> \nElle doit \u00eatre<strong> renouvel\u00e9e tous les jours m\u00eame si l&rsquo;animal n&rsquo;a pas termin\u00e9 son biberon<\/strong>. <br \/> \nLes <strong>besoins<\/strong> du cochon d\u2019Inde <strong>en eau varient<\/strong> de 60 \u00e0 120 ml\/jours voire parfois plus. <br \/> \n&#8211; Si votre animal mange beaucoup d\u2019aliments \u00ab dess\u00e9ch\u00e9s \u00bb (granul\u00e9s pour cochon d\u2019Inde), il y a de grandes chances pour qu\u2019il boive beaucoup plus. <br \/> \n&#8211; Si votre animal mange des fruits et l\u00e9gumes \u00e0 grande teneur en eau (endive, concombre, past\u00e8que) il boira sans doute moins. <\/p> \n <p> Il est pr\u00e9f\u00e9rable de lui donner de l\u2019eau min\u00e9rale car l\u2019eau du robinet n\u2019est pas tr\u00e8s bonne et est pleine de calcaire, de plomb &#8230;. Enfin tout d\u00e9pends des r\u00e9gions. <\/p> \n <p> Pour l&rsquo;eau osmos\u00e9e (pass\u00e9e dans une cafeti\u00e8re filtrante par exemple) il faut faire attention parce que cela enl\u00e8ve souvent beaucoup de min\u00e9raux. <\/p> \n <p> De plus, l\u2019eau doit \u00eatre \u00e0 <strong>temp\u00e9rature ambiante<\/strong> car de l\u2019eau glac\u00e9e lui donnerait mal au ventre et peut-\u00eatre m\u00eame de la diarrh\u00e9e. <\/p> \n <p> <a href=\"http:\/\/www.cobayous.com\/site\/qui-sommes-nous\/\"><img loading=\"lazy\" decoding=\"async\" class=\"alignright\" title=\"copyright-pomelo.jpg\" src=\"\/site\/wp-content\/uploads\/dossiers\/copyright-pomelo.jpg\" alt=\"copyright-pomelo.jpg\" width=\"275\" height=\"50\" border=\"0\"><\/a> <\/p> \n <p> [\/ezcol_2third_end] <\/p> \n","protected":false},"excerpt":{"rendered":" <p> [ezcol_1third] EN BREF Eau fra\u00eeche renouvel\u00e9e tous les jours et \u00e0 volont\u00e9 de pr\u00e9f\u00e9rence dans un biberon. \u00c9viter l&rsquo;eau du robinet. A LIRE Dans la rubrique Alimentation : Le Foin&#8230; <a href=\"http:\/\/www.cobayous.com\/site\/les-dossiers\/alimentation-du-cobaye\/eau\/\">Read more &raquo;<\/a> <\/p> \n","protected":false},"author":1,"featured_media":0,"parent":19,"menu_order":2,"comment_status":"closed","ping_status":"open","template":"","meta":{"ngg_post_thumbnail":0,"footnotes":""},"class_list":["post-149","page","type-page","status-publish","hentry"],"yoast_head":"<!-- This site is optimized with the Yoast SEO plugin v27.1.1 - https:\/\/yoast.com\/product\/yoast-seo-wordpress\/ -->\n<title>Alimentation : L&#039;eau - Les Cobayes Pom&amp;Lolo<\/title>\n<meta name=\"robots\" content=\"index, follow, max-snippet:-1, max-image-preview:large, max-video-preview:-1\" \/>\n<link rel=\"canonical\" href=\"http:\/\/www.cobayous.com\/site\/les-dossiers\/alimentation-du-cobaye\/eau\/\" \/>\n<meta property=\"og:locale\" content=\"fr_FR\" \/>\n<meta property=\"og:type\" content=\"article\" \/>\n<meta property=\"og:title\" content=\"Alimentation : L&#039;eau - Les Cobayes Pom&amp;Lolo\" \/>\n<meta property=\"og:description\" content=\"[ezcol_1third] EN BREF Eau fra\u00eeche renouvel\u00e9e tous les jours et \u00e0 volont\u00e9 de pr\u00e9f\u00e9rence dans un biberon. \u00c9viter l&rsquo;eau du robinet. A LIRE Dans la rubrique Alimentation : Le Foin... Read more &raquo;\" \/>\n<meta property=\"og:url\" content=\"http:\/\/www.cobayous.com\/site\/les-dossiers\/alimentation-du-cobaye\/eau\/\" \/>\n<meta property=\"og:site_name\" content=\"Les Cobayes Pom&amp;Lolo\" \/>\n<meta property=\"article:modified_time\" content=\"2016-11-21T20:35:46+00:00\" \/>\n<meta property=\"og:image\" content=\"http:\/\/www.cobayous.Com\/site\/wp-content\/uploads\/img\/memo.png\" \/>\n<meta name=\"twitter:card\" content=\"summary_large_image\" \/>\n<meta name=\"twitter:label1\" content=\"Dur\u00e9e de lecture estim\u00e9e\" \/>\n\t<meta name=\"twitter:data1\" content=\"1 minute\" \/>\n<script type=\"application\/ld+json\" class=\"yoast-schema-graph\">{\"@context\":\"https:\/\/schema.org\",\"@graph\":[{\"@type\":\"WebPage\",\"@id\":\"http:\/\/www.cobayous.com\/site\/les-dossiers\/alimentation-du-cobaye\/eau\/\",\"url\":\"http:\/\/www.cobayous.com\/site\/les-dossiers\/alimentation-du-cobaye\/eau\/\",\"name\":\"Alimentation : L'eau - Les Cobayes Pom&amp;Lolo\",\"isPartOf\":{\"@id\":\"http:\/\/www.cobayous.com\/site\/#website\"},\"primaryImageOfPage\":{\"@id\":\"http:\/\/www.cobayous.com\/site\/les-dossiers\/alimentation-du-cobaye\/eau\/#primaryimage\"},\"image\":{\"@id\":\"http:\/\/www.cobayous.com\/site\/les-dossiers\/alimentation-du-cobaye\/eau\/#primaryimage\"},\"thumbnailUrl\":\"http:\/\/www.cobayous.Com\/site\/wp-content\/uploads\/img\/memo.png\",\"datePublished\":\"2010-05-12T12:18:11+00:00\",\"dateModified\":\"2016-11-21T20:35:46+00:00\",\"breadcrumb\":{\"@id\":\"http:\/\/www.cobayous.com\/site\/les-dossiers\/alimentation-du-cobaye\/eau\/#breadcrumb\"},\"inLanguage\":\"fr-FR\",\"potentialAction\":[{\"@type\":\"ReadAction\",\"target\":[\"http:\/\/www.cobayous.com\/site\/les-dossiers\/alimentation-du-cobaye\/eau\/\"]}]},{\"@type\":\"ImageObject\",\"inLanguage\":\"fr-FR\",\"@id\":\"http:\/\/www.cobayous.com\/site\/les-dossiers\/alimentation-du-cobaye\/eau\/#primaryimage\",\"url\":\"http:\/\/www.cobayous.Com\/site\/wp-content\/uploads\/img\/memo.png\",\"contentUrl\":\"http:\/\/www.cobayous.Com\/site\/wp-content\/uploads\/img\/memo.png\"},{\"@type\":\"BreadcrumbList\",\"@id\":\"http:\/\/www.cobayous.com\/site\/les-dossiers\/alimentation-du-cobaye\/eau\/#breadcrumb\",\"itemListElement\":[{\"@type\":\"ListItem\",\"position\":1,\"name\":\"Accueil\",\"item\":\"http:\/\/www.cobayous.com\/site\/\"},{\"@type\":\"ListItem\",\"position\":2,\"name\":\"Dossiers\",\"item\":\"http:\/\/www.cobayous.com\/site\/les-dossiers\/\"},{\"@type\":\"ListItem\",\"position\":3,\"name\":\"Alimentation\",\"item\":\"http:\/\/www.cobayous.com\/site\/les-dossiers\/alimentation-du-cobaye\/\"},{\"@type\":\"ListItem\",\"position\":4,\"name\":\"Alimentation : L&rsquo;eau\"}]},{\"@type\":\"WebSite\",\"@id\":\"http:\/\/www.cobayous.com\/site\/#website\",\"url\":\"http:\/\/www.cobayous.com\/site\/\",\"name\":\"Les Cobayes Pom&Lolo\",\"description\":\"\",\"publisher\":{\"@id\":\"http:\/\/www.cobayous.com\/site\/#organization\"},\"potentialAction\":[{\"@type\":\"SearchAction\",\"target\":{\"@type\":\"EntryPoint\",\"urlTemplate\":\"http:\/\/www.cobayous.com\/site\/?s={search_term_string}\"},\"query-input\":{\"@type\":\"PropertyValueSpecification\",\"valueRequired\":true,\"valueName\":\"search_term_string\"}}],\"inLanguage\":\"fr-FR\"},{\"@type\":\"Organization\",\"@id\":\"http:\/\/www.cobayous.com\/site\/#organization\",\"name\":\"Les Cobayes Pom&Lolo\",\"url\":\"http:\/\/www.cobayous.com\/site\/\",\"logo\":{\"@type\":\"ImageObject\",\"inLanguage\":\"fr-FR\",\"@id\":\"http:\/\/www.cobayous.com\/site\/#\/schema\/logo\/image\/\",\"url\":\"http:\/\/www.cobayous.com\/site\/wp-content\/uploads\/2024\/01\/header-bg.png\",\"contentUrl\":\"http:\/\/www.cobayous.com\/site\/wp-content\/uploads\/2024\/01\/header-bg.png\",\"width\":1022,\"height\":250,\"caption\":\"Les Cobayes Pom&Lolo\"},\"image\":{\"@id\":\"http:\/\/www.cobayous.com\/site\/#\/schema\/logo\/image\/\"}}]}<\/script>\n<!-- \/ Yoast SEO plugin. -->","yoast_head_json":{"title":"Alimentation : L'eau - Les Cobayes Pom&amp;Lolo","robots":{"index":"index","follow":"follow","max-snippet":"max-snippet:-1","max-image-preview":"max-image-preview:large","max-video-preview":"max-video-preview:-1"},"canonical":"http:\/\/www.cobayous.com\/site\/les-dossiers\/alimentation-du-cobaye\/eau\/","og_locale":"fr_FR","og_type":"article","og_title":"Alimentation : L'eau - Les Cobayes Pom&amp;Lolo","og_description":"[ezcol_1third] EN BREF Eau fra\u00eeche renouvel\u00e9e tous les jours et \u00e0 volont\u00e9 de pr\u00e9f\u00e9rence dans un biberon. \u00c9viter l&rsquo;eau du robinet. A LIRE Dans la rubrique Alimentation : Le Foin... Read more &raquo;","og_url":"http:\/\/www.cobayous.com\/site\/les-dossiers\/alimentation-du-cobaye\/eau\/","og_site_name":"Les Cobayes Pom&amp;Lolo","article_modified_time":"2016-11-21T20:35:46+00:00","og_image":[{"url":"http:\/\/www.cobayous.Com\/site\/wp-content\/uploads\/img\/memo.png","type":"","width":"","height":""}],"twitter_card":"summary_large_image","twitter_misc":{"Dur\u00e9e de lecture estim\u00e9e":"1 minute"},"schema":{"@context":"https:\/\/schema.org","@graph":[{"@type":"WebPage","@id":"http:\/\/www.cobayous.com\/site\/les-dossiers\/alimentation-du-cobaye\/eau\/","url":"http:\/\/www.cobayous.com\/site\/les-dossiers\/alimentation-du-cobaye\/eau\/","name":"Alimentation : L'eau - Les Cobayes Pom&amp;Lolo","isPartOf":{"@id":"http:\/\/www.cobayous.com\/site\/#website"},"primaryImageOfPage":{"@id":"http:\/\/www.cobayous.com\/site\/les-dossiers\/alimentation-du-cobaye\/eau\/#primaryimage"},"image":{"@id":"http:\/\/www.cobayous.com\/site\/les-dossiers\/alimentation-du-cobaye\/eau\/#primaryimage"},"thumbnailUrl":"http:\/\/www.cobayous.Com\/site\/wp-content\/uploads\/img\/memo.png","datePublished":"2010-05-12T12:18:11+00:00","dateModified":"2016-11-21T20:35:46+00:00","breadcrumb":{"@id":"http:\/\/www.cobayous.com\/site\/les-dossiers\/alimentation-du-cobaye\/eau\/#breadcrumb"},"inLanguage":"fr-FR","potentialAction":[{"@type":"ReadAction","target":["http:\/\/www.cobayous.com\/site\/les-dossiers\/alimentation-du-cobaye\/eau\/"]}]},{"@type":"ImageObject","inLanguage":"fr-FR","@id":"http:\/\/www.cobayous.com\/site\/les-dossiers\/alimentation-du-cobaye\/eau\/#primaryimage","url":"http:\/\/www.cobayous.Com\/site\/wp-content\/uploads\/img\/memo.png","contentUrl":"http:\/\/www.cobayous.Com\/site\/wp-content\/uploads\/img\/memo.png"},{"@type":"BreadcrumbList","@id":"http:\/\/www.cobayous.com\/site\/les-dossiers\/alimentation-du-cobaye\/eau\/#breadcrumb","itemListElement":[{"@type":"ListItem","position":1,"name":"Accueil","item":"http:\/\/www.cobayous.com\/site\/"},{"@type":"ListItem","position":2,"name":"Dossiers","item":"http:\/\/www.cobayous.com\/site\/les-dossiers\/"},{"@type":"ListItem","position":3,"name":"Alimentation","item":"http:\/\/www.cobayous.com\/site\/les-dossiers\/alimentation-du-cobaye\/"},{"@type":"ListItem","position":4,"name":"Alimentation : L&rsquo;eau"}]},{"@type":"WebSite","@id":"http:\/\/www.cobayous.com\/site\/#website","url":"http:\/\/www.cobayous.com\/site\/","name":"Les Cobayes Pom&Lolo","description":"","publisher":{"@id":"http:\/\/www.cobayous.com\/site\/#organization"},"potentialAction":[{"@type":"SearchAction","target":{"@type":"EntryPoint","urlTemplate":"http:\/\/www.cobayous.com\/site\/?s={search_term_string}"},"query-input":{"@type":"PropertyValueSpecification","valueRequired":true,"valueName":"search_term_string"}}],"inLanguage":"fr-FR"},{"@type":"Organization","@id":"http:\/\/www.cobayous.com\/site\/#organization","name":"Les Cobayes Pom&Lolo","url":"http:\/\/www.cobayous.com\/site\/","logo":{"@type":"ImageObject","inLanguage":"fr-FR","@id":"http:\/\/www.cobayous.com\/site\/#\/schema\/logo\/image\/","url":"http:\/\/www.cobayous.com\/site\/wp-content\/uploads\/2024\/01\/header-bg.png","contentUrl":"http:\/\/www.cobayous.com\/site\/wp-content\/uploads\/2024\/01\/header-bg.png","width":1022,"height":250,"caption":"Les Cobayes Pom&Lolo"},"image":{"@id":"http:\/\/www.cobayous.com\/site\/#\/schema\/logo\/image\/"}}]}},"_links":{"self":[{"href":"http:\/\/www.cobayous.com\/site\/wp-json\/wp\/v2\/pages\/149","targetHints":{"allow":["GET"]}}],"collection":[{"href":"http:\/\/www.cobayous.com\/site\/wp-json\/wp\/v2\/pages"}],"about":[{"href":"http:\/\/www.cobayous.com\/site\/wp-json\/wp\/v2\/types\/page"}],"author":[{"embeddable":true,"href":"http:\/\/www.cobayous.com\/site\/wp-json\/wp\/v2\/users\/1"}],"replies":[{"embeddable":true,"href":"http:\/\/www.cobayous.com\/site\/wp-json\/wp\/v2\/comments?post=149"}],"version-history":[{"count":4,"href":"http:\/\/www.cobayous.com\/site\/wp-json\/wp\/v2\/pages\/149\/revisions"}],"predecessor-version":[{"id":3687,"href":"http:\/\/www.cobayous.com\/site\/wp-json\/wp\/v2\/pages\/149\/revisions\/3687"}],"up":[{"embeddable":true,"href":"http:\/\/www.cobayous.com\/site\/wp-json\/wp\/v2\/pages\/19"}],"wp:attachment":[{"href":"http:\/\/www.cobayous.com\/site\/wp-json\/wp\/v2\/media?parent=149"}],"curies":[{"name":"wp","href":"https:\/\/api.w.org\/{rel}","templated":true}]}}