{"id":147,"date":"2010-05-12T12:17:30","date_gmt":"2010-05-12T12:17:30","guid":{"rendered":"http:\/\/www.cobayous.com\/site\/?page_id=147"},"modified":"2016-11-21T21:46:54","modified_gmt":"2016-11-21T20:46:54","slug":"foin","status":"publish","type":"page","link":"http:\/\/www.cobayous.com\/site\/les-dossiers\/alimentation-du-cobaye\/foin\/","title":{"rendered":"Alimentation : Le foin"},"content":{"rendered":" <p> [ezcol_1third] <\/p> \n<div style=\"background: #FFEFCE; border: 1px solid #BD8D46; color: #404040; padding: 0 10px 0 10px; margin-top: 1em; text-align: justify; border-radius: 10px;\">\n<h3><img loading=\"lazy\" decoding=\"async\" class=\"alignleft\" title=\"memo\" src=\"http:\/\/www.cobayous.Com\/site\/wp-content\/uploads\/img\/memo.png\" alt=\"\" width=\"30\" height=\"30\">EN BREF<\/h3>\n <p> Le foin est l\u2019aliment de base du Cochon d\u2019Inde. <\/p> \n <p> A volont\u00e9, le foin est servi bien vert et sec et sent bon. <\/p> \n <p> Il n&rsquo;est pas poussi\u00e9reux. <\/p> \n<\/div>\n<div style=\"background: #EDF7F2; border: 1px solid #7FC6BC; color: #404040; padding: 0 10px 0 10px; margin-top: 1em; text-align: justify; border-radius: 10px;\">\n <p> <img loading=\"lazy\" decoding=\"async\" class=\"alignleft\" title=\"alire\" src=\"http:\/\/www.cobayous.Com\/site\/wp-content\/uploads\/img\/books.png\" alt=\"\" width=\"30\" height=\"30\"> <\/p> \n<h3>A LIRE<\/h3>\n <p> <span style=\"color: #008000;\">Dans la rubrique Alimentation :<\/span> <\/p> \n<ul>\n<li>Le Foin et <a href=\"http:\/\/www.cobayous.com\/site\/les-dossiers\/alimentation-du-cobaye\/eau\/\">l\u2019eau<\/a><\/li>\n<li><a href=\"http:\/\/www.cobayous.com\/site\/les-dossiers\/alimentation-du-cobaye\/faire-son-foin\/\">Faire son foin soi-m\u00eame<\/a><\/li>\n<li><a href=\"http:\/\/www.cobayous.com\/site\/les-dossiers\/alimentation-du-cobaye\/fruits-et-legumes\/\">Les Fruits et l\u00e9gumes<\/a><\/li>\n<li><a href=\"http:\/\/www.cobayous.com\/site\/les-dossiers\/alimentation-du-cobaye\/la-jardiniere\/\">La Jardini\u00e8re<\/a><\/li>\n<li><a href=\"http:\/\/www.cobayous.com\/site\/les-dossiers\/alimentation-du-cobaye\/granules-extrudes\/\">Granul\u00e9s<\/a><\/li>\n<li><a href=\"http:\/\/www.cobayous.com\/site\/les-dossiers\/alimentation-du-cobaye\/complements-alimentaires\/\">Les compl\u00e9ments<\/a><\/li>\n<li><a href=\"http:\/\/www.cobayous.com\/site\/les-dossiers\/alimentation-du-cobaye\/friandises\/\">Les Friandises<\/a><\/li>\n<\/ul>\n<\/div>\n<div style=\"background: #ffffff; border: 1px solid #EACFB8; color: #404040; padding: 0 10px 0 10px; margin-top: 1em; text-align: justify; border-radius: 10px;\"><script async=\"\" src=\"\/\/pagead2.googlesyndication.com\/pagead\/js\/adsbygoogle.js\"><\/script> <br \/> \n <!-- cob-dossier-gauche -->  <br \/> \n<ins class=\"adsbygoogle\" style=\"display: block;\" data-ad-client=\"ca-pub-3631834167777130\" data-ad-slot=\"6832657395\" data-ad-format=\"auto\"><\/ins> <br \/> \n<script>\n(adsbygoogle = window.adsbygoogle || []).push({});\n<\/script> <br \/> \n<img loading=\"lazy\" decoding=\"async\" class=\"alignleft\" title=\"questions\" src=\"http:\/\/www.cobayous.Com\/site\/wp-content\/uploads\/img\/question.png\" alt=\"\" width=\"30\" height=\"30\"> <\/p> \n<h4>DES QUESTIONS ?<\/h4>\n <p> Tu as des questions \u00e0 poser sur les cobayes? Tu souhaites discuter avec nous? <\/p> \n <p> <img loading=\"lazy\" decoding=\"async\" class=\"alignleft\" title=\"talk\" src=\"http:\/\/www.cobayous.com\/site\/wp-content\/uploads\/img\/icon-talk.png\" alt=\"\" width=\"44\" height=\"30\"> <a href=\"http:\/\/www.cobayous.Com\/forum\">Rejoins-nous !<\/a> <\/p> \n<\/div>\n <p> [\/ezcol_1third] [ezcol_2third_end] <br \/> \n<a href=\"http:\/\/www.cobayous.com\/site\/wp-content\/uploads\/dossiers\/foin-pom.jpg\"><img loading=\"lazy\" decoding=\"async\" class=\"alignleft\" title=\"pom foin\" src=\"http:\/\/www.cobayous.com\/site\/wp-content\/uploads\/dossiers\/foin-pom_pt.jpg\" alt=\"\" width=\"225\" height=\"150\"><\/a>Le foin est l\u2019aliment de base du Cochon d\u2019Inde. <br \/> \nEn effet, en cas de maladie, on conseille souvent de ne donner \u00e0 l&rsquo;animal que de l&rsquo;eau et du foin. C&rsquo;est entre autre <strong>le foin qui r\u00e9gule le syst\u00e8me intestinal du cobaye<\/strong>. Il a aussi un <strong>effet limant sur les dents<\/strong> qui poussent tout le temps. Le cobaye doit avoir du <strong>foin \u00e0 volont\u00e9 dans son r\u00e2telier<\/strong>. Il y a de grandes chances pour que vous deviez le remplir plusieurs fois sur la m\u00eame journ\u00e9e. <br \/> \nSi votre animal ne mangeait pas de foin, il aurait de graves troubles digestifs menant \u00e0 de la diarrh\u00e9e. Si il ne mange pas son foin, cela peut \u00eatre parce qu&rsquo;il ne lui convient pas (trop poussi\u00e9reux). <\/p> \n <p> <span style=\"text-decoration: underline;\"><span style=\"color: #3366ff; text-decoration: underline;\"><strong>O\u00f9 trouver du foin ?<\/strong><\/span><\/span> <\/p> \n <p> Alors bien \u00e9videmment, vous trouverez du foin dans <strong>toutes les animaleries et jardinerie<\/strong> qui proposent un rayon rongeurs. Attention, souvent, les paquets \u00ab\u00a0tr\u00e8s compacts\u00a0\u00bb contiennent du foin en tout petit morceau et vous risquez de le gaspiller. Ne soyez donc pas trop regardant sur le prix, la qualit\u00e9 du foin peut malheureusement souvent \u00eatre m\u00e9diocre. <\/p> \n <p> Il existe des marques qui se pr\u00e9sentent sous la forme de paquets non compress\u00e9s (500 \u00e0 800 grammes bien souvent) o\u00f9 le foin est tr\u00e8s vert. Ce foin est g\u00e9n\u00e9ralement tr\u00e8s bon pour nos rongeurs mais malheureusement bien trop cher quand on a plusieurs cobayes \u00e0 nourrir. <\/p> \n <p> <a href=\"http:\/\/www.cobayous.com\/site\/wp-content\/uploads\/dossiers\/botte-foin-paille.jpg\"><img loading=\"lazy\" decoding=\"async\" class=\"alignleft\" title=\"foinpaille\" src=\"http:\/\/www.cobayous.com\/site\/wp-content\/uploads\/dossiers\/botte-foin-paille_pt.jpg\" alt=\"\" width=\"200\" height=\"194\"><\/a>Si vous avez des fermes pr\u00e8s de chez vous, vous pourrez, entre mai et juillet, trouver du foin bien vert et tr\u00e8s bon march\u00e9! (en moyenne 3.50\u20ac la botte). <\/p> \n <p> Bien entendu, il faut avoir de la place pour le stocker (\u00e0 l&rsquo;abri de l&rsquo;humidit\u00e9 et du soleil direct o\u00f9 il jaunirait) <\/p> \n <p> Petite astuce : si vous avez des amis qui poss\u00e8dent aussi des cobayes ou lapins,partagez cette botte avec eux afin de la terminer et de la renouveller plus rapidement. <\/p> \n <p> &lt;&lt; <span style=\"text-decoration: underline;\"><em>Photo ci-contre :<\/em><\/span> une bonne de foin et une botte de paille tout droit venu de la ferme ! <\/p> \n <p> &nbsp; <\/p> \n <p> Essayez plusieurs types de foin en respectant toujours ces r\u00e8gles : <\/p> \n <p> <a href=\"http:\/\/www.cobayous.com\/\/site\/wp-content\/uploads\/dossiers\/foin_photo.jpg\"><img loading=\"lazy\" decoding=\"async\" class=\"alignright\" title=\"photo foin\" src=\"http:\/\/www.cobayous.Com\/\/site\/wp-content\/uploads\/dossiers\/foin_photo_pt.jpg\" alt=\"\" width=\"200\" height=\"151\"><\/a>&#8211;<strong> Le bon foin est bien vert et doit sentir bon<\/strong> (cf photo ci contre <strong>&gt;&gt;<\/strong>) <br \/> \nIl y a m\u00eame parfois des fleurs dedans (attention cependant aux ballonnements) <br \/> \n<strong>&#8211; Le mauvais foin est dess\u00e9ch\u00e9, jauni ou sent l&rsquo;humidit\u00e9.<\/strong> <br \/> \nNe lui en donnez surtout pas car il risquerait de ne pas le dig\u00e9rer. <br \/> \n<strong>\u00c9vitez donc le foin bon march\u00e9<\/strong>. J\u2019en ai moi-m\u00eame achet\u00e9 une fois et mes cochons ne l\u2019ont pas mang\u00e9 !!! <br \/> \n<strong>\u00c9vitez \u00e9galement le foin poussi\u00e9reux<\/strong> qui pourraient donner des <strong>probl\u00e8mes respiratoires<\/strong>, des \u00e9ternuements \u00e0 votre animal. <br \/> \nSi votre foin est trop poussi\u00e9reux, <strong>secouez-le un peu \u00e0 l&rsquo;ext\u00e9rieur<\/strong> afin d&rsquo;enlever l&rsquo;exc\u00e9dant de poussi\u00e8re.Cependant si vous constatez que votre cobaye ne mange ni son foin, ni le reste de sa nourriture, consultez d&rsquo;urgence un v\u00e9t\u00e9rinaire parce qu&rsquo;il se peut qu&rsquo;il soit malade ou qu&rsquo;il ait les dents trop longues. <\/p> \n<p id=\"imp\">Un cobaye qui reste plus d&rsquo;une journ\u00e9e compl\u00e8te sans manger spontan\u00e9ment est un cobaye en danger !! <br \/> \nN&rsquo;attendez pas plus longtemps : consultez un v\u00e9t\u00e9rinaire NAC ! <\/p> \n <p> <a href=\"http:\/\/www.cobayous.com\/site\/qui-sommes-nous\/\"><img loading=\"lazy\" decoding=\"async\" class=\"alignright\" title=\"copyright-pomelo.jpg\" src=\"\/site\/wp-content\/uploads\/dossiers\/copyright-pomelo.jpg\" alt=\"copyright-pomelo.jpg\" width=\"275\" height=\"50\" border=\"0\"><\/a> <\/p> \n <p> [\/ezcol_2third_end] <\/p> \n","protected":false},"excerpt":{"rendered":" <p> [ezcol_1third] EN BREF Le foin est l\u2019aliment de base du Cochon d\u2019Inde. A volont\u00e9, le foin est servi bien vert et sec et sent bon. Il n&rsquo;est pas poussi\u00e9reux. A&#8230; <a href=\"http:\/\/www.cobayous.com\/site\/les-dossiers\/alimentation-du-cobaye\/foin\/\">Read more &raquo;<\/a> <\/p> \n","protected":false},"author":1,"featured_media":0,"parent":19,"menu_order":0,"comment_status":"closed","ping_status":"closed","template":"","meta":{"ngg_post_thumbnail":0,"footnotes":""},"class_list":["post-147","page","type-page","status-publish","hentry"],"yoast_head":"<!-- This site is optimized with the Yoast SEO plugin v27.1.1 - https:\/\/yoast.com\/product\/yoast-seo-wordpress\/ -->\n<title>Alimentation : Le foin - Les Cobayes Pom&amp;Lolo<\/title>\n<meta name=\"robots\" content=\"index, follow, max-snippet:-1, max-image-preview:large, max-video-preview:-1\" \/>\n<link rel=\"canonical\" href=\"http:\/\/www.cobayous.com\/site\/les-dossiers\/alimentation-du-cobaye\/foin\/\" \/>\n<meta property=\"og:locale\" content=\"fr_FR\" \/>\n<meta property=\"og:type\" content=\"article\" \/>\n<meta property=\"og:title\" content=\"Alimentation : Le foin - Les Cobayes Pom&amp;Lolo\" \/>\n<meta property=\"og:description\" content=\"[ezcol_1third] EN BREF Le foin est l\u2019aliment de base du Cochon d\u2019Inde. A volont\u00e9, le foin est servi bien vert et sec et sent bon. Il n&rsquo;est pas poussi\u00e9reux. A... Read more &raquo;\" \/>\n<meta property=\"og:url\" content=\"http:\/\/www.cobayous.com\/site\/les-dossiers\/alimentation-du-cobaye\/foin\/\" \/>\n<meta property=\"og:site_name\" content=\"Les Cobayes Pom&amp;Lolo\" \/>\n<meta property=\"article:modified_time\" content=\"2016-11-21T20:46:54+00:00\" \/>\n<meta property=\"og:image\" content=\"http:\/\/www.cobayous.Com\/site\/wp-content\/uploads\/img\/memo.png\" \/>\n<meta name=\"twitter:card\" content=\"summary_large_image\" \/>\n<meta name=\"twitter:label1\" content=\"Dur\u00e9e de lecture estim\u00e9e\" \/>\n\t<meta name=\"twitter:data1\" content=\"3 minutes\" \/>\n<script type=\"application\/ld+json\" class=\"yoast-schema-graph\">{\"@context\":\"https:\/\/schema.org\",\"@graph\":[{\"@type\":\"WebPage\",\"@id\":\"http:\/\/www.cobayous.com\/site\/les-dossiers\/alimentation-du-cobaye\/foin\/\",\"url\":\"http:\/\/www.cobayous.com\/site\/les-dossiers\/alimentation-du-cobaye\/foin\/\",\"name\":\"Alimentation : Le foin - Les Cobayes Pom&amp;Lolo\",\"isPartOf\":{\"@id\":\"http:\/\/www.cobayous.com\/site\/#website\"},\"primaryImageOfPage\":{\"@id\":\"http:\/\/www.cobayous.com\/site\/les-dossiers\/alimentation-du-cobaye\/foin\/#primaryimage\"},\"image\":{\"@id\":\"http:\/\/www.cobayous.com\/site\/les-dossiers\/alimentation-du-cobaye\/foin\/#primaryimage\"},\"thumbnailUrl\":\"http:\/\/www.cobayous.Com\/site\/wp-content\/uploads\/img\/memo.png\",\"datePublished\":\"2010-05-12T12:17:30+00:00\",\"dateModified\":\"2016-11-21T20:46:54+00:00\",\"breadcrumb\":{\"@id\":\"http:\/\/www.cobayous.com\/site\/les-dossiers\/alimentation-du-cobaye\/foin\/#breadcrumb\"},\"inLanguage\":\"fr-FR\",\"potentialAction\":[{\"@type\":\"ReadAction\",\"target\":[\"http:\/\/www.cobayous.com\/site\/les-dossiers\/alimentation-du-cobaye\/foin\/\"]}]},{\"@type\":\"ImageObject\",\"inLanguage\":\"fr-FR\",\"@id\":\"http:\/\/www.cobayous.com\/site\/les-dossiers\/alimentation-du-cobaye\/foin\/#primaryimage\",\"url\":\"http:\/\/www.cobayous.Com\/site\/wp-content\/uploads\/img\/memo.png\",\"contentUrl\":\"http:\/\/www.cobayous.Com\/site\/wp-content\/uploads\/img\/memo.png\"},{\"@type\":\"BreadcrumbList\",\"@id\":\"http:\/\/www.cobayous.com\/site\/les-dossiers\/alimentation-du-cobaye\/foin\/#breadcrumb\",\"itemListElement\":[{\"@type\":\"ListItem\",\"position\":1,\"name\":\"Accueil\",\"item\":\"http:\/\/www.cobayous.com\/site\/\"},{\"@type\":\"ListItem\",\"position\":2,\"name\":\"Dossiers\",\"item\":\"http:\/\/www.cobayous.com\/site\/les-dossiers\/\"},{\"@type\":\"ListItem\",\"position\":3,\"name\":\"Alimentation\",\"item\":\"http:\/\/www.cobayous.com\/site\/les-dossiers\/alimentation-du-cobaye\/\"},{\"@type\":\"ListItem\",\"position\":4,\"name\":\"Alimentation : Le foin\"}]},{\"@type\":\"WebSite\",\"@id\":\"http:\/\/www.cobayous.com\/site\/#website\",\"url\":\"http:\/\/www.cobayous.com\/site\/\",\"name\":\"Les Cobayes Pom&Lolo\",\"description\":\"\",\"publisher\":{\"@id\":\"http:\/\/www.cobayous.com\/site\/#organization\"},\"potentialAction\":[{\"@type\":\"SearchAction\",\"target\":{\"@type\":\"EntryPoint\",\"urlTemplate\":\"http:\/\/www.cobayous.com\/site\/?s={search_term_string}\"},\"query-input\":{\"@type\":\"PropertyValueSpecification\",\"valueRequired\":true,\"valueName\":\"search_term_string\"}}],\"inLanguage\":\"fr-FR\"},{\"@type\":\"Organization\",\"@id\":\"http:\/\/www.cobayous.com\/site\/#organization\",\"name\":\"Les Cobayes Pom&Lolo\",\"url\":\"http:\/\/www.cobayous.com\/site\/\",\"logo\":{\"@type\":\"ImageObject\",\"inLanguage\":\"fr-FR\",\"@id\":\"http:\/\/www.cobayous.com\/site\/#\/schema\/logo\/image\/\",\"url\":\"http:\/\/www.cobayous.com\/site\/wp-content\/uploads\/2024\/01\/header-bg.png\",\"contentUrl\":\"http:\/\/www.cobayous.com\/site\/wp-content\/uploads\/2024\/01\/header-bg.png\",\"width\":1022,\"height\":250,\"caption\":\"Les Cobayes Pom&Lolo\"},\"image\":{\"@id\":\"http:\/\/www.cobayous.com\/site\/#\/schema\/logo\/image\/\"}}]}<\/script>\n<!-- \/ Yoast SEO plugin. -->","yoast_head_json":{"title":"Alimentation : Le foin - Les Cobayes Pom&amp;Lolo","robots":{"index":"index","follow":"follow","max-snippet":"max-snippet:-1","max-image-preview":"max-image-preview:large","max-video-preview":"max-video-preview:-1"},"canonical":"http:\/\/www.cobayous.com\/site\/les-dossiers\/alimentation-du-cobaye\/foin\/","og_locale":"fr_FR","og_type":"article","og_title":"Alimentation : Le foin - Les Cobayes Pom&amp;Lolo","og_description":"[ezcol_1third] EN BREF Le foin est l\u2019aliment de base du Cochon d\u2019Inde. A volont\u00e9, le foin est servi bien vert et sec et sent bon. Il n&rsquo;est pas poussi\u00e9reux. A... Read more &raquo;","og_url":"http:\/\/www.cobayous.com\/site\/les-dossiers\/alimentation-du-cobaye\/foin\/","og_site_name":"Les Cobayes Pom&amp;Lolo","article_modified_time":"2016-11-21T20:46:54+00:00","og_image":[{"url":"http:\/\/www.cobayous.Com\/site\/wp-content\/uploads\/img\/memo.png","type":"","width":"","height":""}],"twitter_card":"summary_large_image","twitter_misc":{"Dur\u00e9e de lecture estim\u00e9e":"3 minutes"},"schema":{"@context":"https:\/\/schema.org","@graph":[{"@type":"WebPage","@id":"http:\/\/www.cobayous.com\/site\/les-dossiers\/alimentation-du-cobaye\/foin\/","url":"http:\/\/www.cobayous.com\/site\/les-dossiers\/alimentation-du-cobaye\/foin\/","name":"Alimentation : Le foin - Les Cobayes Pom&amp;Lolo","isPartOf":{"@id":"http:\/\/www.cobayous.com\/site\/#website"},"primaryImageOfPage":{"@id":"http:\/\/www.cobayous.com\/site\/les-dossiers\/alimentation-du-cobaye\/foin\/#primaryimage"},"image":{"@id":"http:\/\/www.cobayous.com\/site\/les-dossiers\/alimentation-du-cobaye\/foin\/#primaryimage"},"thumbnailUrl":"http:\/\/www.cobayous.Com\/site\/wp-content\/uploads\/img\/memo.png","datePublished":"2010-05-12T12:17:30+00:00","dateModified":"2016-11-21T20:46:54+00:00","breadcrumb":{"@id":"http:\/\/www.cobayous.com\/site\/les-dossiers\/alimentation-du-cobaye\/foin\/#breadcrumb"},"inLanguage":"fr-FR","potentialAction":[{"@type":"ReadAction","target":["http:\/\/www.cobayous.com\/site\/les-dossiers\/alimentation-du-cobaye\/foin\/"]}]},{"@type":"ImageObject","inLanguage":"fr-FR","@id":"http:\/\/www.cobayous.com\/site\/les-dossiers\/alimentation-du-cobaye\/foin\/#primaryimage","url":"http:\/\/www.cobayous.Com\/site\/wp-content\/uploads\/img\/memo.png","contentUrl":"http:\/\/www.cobayous.Com\/site\/wp-content\/uploads\/img\/memo.png"},{"@type":"BreadcrumbList","@id":"http:\/\/www.cobayous.com\/site\/les-dossiers\/alimentation-du-cobaye\/foin\/#breadcrumb","itemListElement":[{"@type":"ListItem","position":1,"name":"Accueil","item":"http:\/\/www.cobayous.com\/site\/"},{"@type":"ListItem","position":2,"name":"Dossiers","item":"http:\/\/www.cobayous.com\/site\/les-dossiers\/"},{"@type":"ListItem","position":3,"name":"Alimentation","item":"http:\/\/www.cobayous.com\/site\/les-dossiers\/alimentation-du-cobaye\/"},{"@type":"ListItem","position":4,"name":"Alimentation : Le foin"}]},{"@type":"WebSite","@id":"http:\/\/www.cobayous.com\/site\/#website","url":"http:\/\/www.cobayous.com\/site\/","name":"Les Cobayes Pom&Lolo","description":"","publisher":{"@id":"http:\/\/www.cobayous.com\/site\/#organization"},"potentialAction":[{"@type":"SearchAction","target":{"@type":"EntryPoint","urlTemplate":"http:\/\/www.cobayous.com\/site\/?s={search_term_string}"},"query-input":{"@type":"PropertyValueSpecification","valueRequired":true,"valueName":"search_term_string"}}],"inLanguage":"fr-FR"},{"@type":"Organization","@id":"http:\/\/www.cobayous.com\/site\/#organization","name":"Les Cobayes Pom&Lolo","url":"http:\/\/www.cobayous.com\/site\/","logo":{"@type":"ImageObject","inLanguage":"fr-FR","@id":"http:\/\/www.cobayous.com\/site\/#\/schema\/logo\/image\/","url":"http:\/\/www.cobayous.com\/site\/wp-content\/uploads\/2024\/01\/header-bg.png","contentUrl":"http:\/\/www.cobayous.com\/site\/wp-content\/uploads\/2024\/01\/header-bg.png","width":1022,"height":250,"caption":"Les Cobayes Pom&Lolo"},"image":{"@id":"http:\/\/www.cobayous.com\/site\/#\/schema\/logo\/image\/"}}]}},"_links":{"self":[{"href":"http:\/\/www.cobayous.com\/site\/wp-json\/wp\/v2\/pages\/147","targetHints":{"allow":["GET"]}}],"collection":[{"href":"http:\/\/www.cobayous.com\/site\/wp-json\/wp\/v2\/pages"}],"about":[{"href":"http:\/\/www.cobayous.com\/site\/wp-json\/wp\/v2\/types\/page"}],"author":[{"embeddable":true,"href":"http:\/\/www.cobayous.com\/site\/wp-json\/wp\/v2\/users\/1"}],"replies":[{"embeddable":true,"href":"http:\/\/www.cobayous.com\/site\/wp-json\/wp\/v2\/comments?post=147"}],"version-history":[{"count":2,"href":"http:\/\/www.cobayous.com\/site\/wp-json\/wp\/v2\/pages\/147\/revisions"}],"predecessor-version":[{"id":3697,"href":"http:\/\/www.cobayous.com\/site\/wp-json\/wp\/v2\/pages\/147\/revisions\/3697"}],"up":[{"embeddable":true,"href":"http:\/\/www.cobayous.com\/site\/wp-json\/wp\/v2\/pages\/19"}],"wp:attachment":[{"href":"http:\/\/www.cobayous.com\/site\/wp-json\/wp\/v2\/media?parent=147"}],"curies":[{"name":"wp","href":"https:\/\/api.w.org\/{rel}","templated":true}]}}