{"id":1379,"date":"2011-04-14T13:02:06","date_gmt":"2011-04-14T12:02:06","guid":{"rendered":"http:\/\/www.cobayous.com\/site\/?page_id=1379"},"modified":"2016-04-13T21:57:40","modified_gmt":"2016-04-13T20:57:40","slug":"selection-livres-cobaye","status":"publish","type":"page","link":"http:\/\/www.cobayous.com\/site\/les-dossiers\/speciaux-pratiques\/selection-livres-cobaye\/","title":{"rendered":"S\u00e9lection de livres sur le cobaye"},"content":{"rendered":" <p> Voici r\u00e9unis sur cette page toute une s\u00e9rie de livres traitant des cochons d&rsquo;inde. <\/p> \n <p> Pour ma part, celui que j&rsquo;ai trouv\u00e9 le plus complet est \u00ab\u00a0Le guide du cochon d&rsquo;Inde\u00a0\u00bb de Peter Gurney <\/p> \n <p> Vous y trouverez aussi des bandes dessin\u00e9es et des petites histoires <span class=\"wp-font-emots-emo-happy\"><\/span> <\/p> \n <p> <OBJECT classid=\"clsid:D27CDB6E-AE6D-11cf-96B8-444553540000\" codebase=\"http:\/\/fpdownload.macromedia.com\/get\/flashplayer\/current\/swflash.cab\" id=\"Player_6c1a3c7b-c09d-4bfd-9283-16edcd611d66\"  WIDTH=\"600px\" HEIGHT=\"200px\"> <PARAM NAME=\"movie\" VALUE=\"http:\/\/ws.amazon.fr\/widgets\/q?rt=tf_ssw&#038;ServiceVersion=20070822&#038;MarketPlace=FR&#038;ID=V20070822%2FFR%2Flemodepolo-21%2F8003%2F6c1a3c7b-c09d-4bfd-9283-16edcd611d66&#038;Operation=GetDisplayTemplate\"><PARAM NAME=\"quality\" VALUE=\"high\"><PARAM NAME=\"bgcolor\" VALUE=\"#FFFFFF\"><PARAM NAME=\"allowscriptaccess\" VALUE=\"always\"><embed src=\"http:\/\/ws.amazon.fr\/widgets\/q?rt=tf_ssw&#038;ServiceVersion=20070822&#038;MarketPlace=FR&#038;ID=V20070822%2FFR%2Flemodepolo-21%2F8003%2F6c1a3c7b-c09d-4bfd-9283-16edcd611d66&#038;Operation=GetDisplayTemplate\" id=\"Player_6c1a3c7b-c09d-4bfd-9283-16edcd611d66\" quality=\"high\" bgcolor=\"#ffffff\" name=\"Player_6c1a3c7b-c09d-4bfd-9283-16edcd611d66\" allowscriptaccess=\"always\"  type=\"application\/x-shockwave-flash\" align=\"middle\" height=\"200px\" width=\"600px\"><\/embed><\/OBJECT> <NOSCRIPT><A HREF=\"http:\/\/ws.amazon.fr\/widgets\/q?rt=tf_ssw&#038;ServiceVersion=20070822&#038;MarketPlace=FR&#038;ID=V20070822%2FFR%2Flemodepolo-21%2F8003%2F6c1a3c7b-c09d-4bfd-9283-16edcd611d66&#038;Operation=NoScript\">Widgets Amazon.fr<\/A><\/NOSCRIPT> <\/p> \n <p> <iframe loading=\"lazy\" src=\"http:\/\/astore.amazon.fr\/lemodepolo-21\" width=\"900\" height=\"600\"><\/iframe> <\/p> \n <p> <script type=\"text\/javascript\">\/\/ <![CDATA[\n                          google_ad_client = \"ca-pub-3631834167777130\"; \/* 728x90, SITE BAS *\/ google_ad_slot = \"8092157966\"; google_ad_width = 728; google_ad_height = 90;\n\/\/ ]]><\/script> <\/p> \n <p> [wpcol_1third id=\u00a0\u00bb\u00a0\u00bb class=\u00a0\u00bb\u00a0\u00bb style=\u00a0\u00bb\u00a0\u00bb] <\/p> \n<ul>\n<li><strong><a title=\"Avant l\u2019achat : Vos reponsabilit\u00e9s\" href=\"http:\/\/www.cobayous.com\/site\/les-dossiers\/avant-achat-cobaye\/vos-reponsabilites\/\">Vos responsabilit\u00e9s<\/a><\/strong><\/li>\n<\/ul>\n<ul>\n<li><strong><strong><a href=\"http:\/\/www.cobayous.com\/site\/les-dossiers\/preparer-larrivee-du-cobaye\/\">Pr\u00e9parer son arriv\u00e9e<\/a><\/strong><\/strong><\/li>\n<\/ul>\n<ul>\n<li><strong><a href=\"http:\/\/www.cobayous.com\/site\/les-dossiers\/apprivoiser-son-cobaye\/\">L\u2019apprivoiser<\/a><\/strong><\/li>\n<\/ul>\n<ul>\n<li><strong><a href=\"http:\/\/www.cobayous.com\/site\/les-dossiers\/alimentation-du-cobaye\/\">Son Alimentation<\/a><\/strong><\/li>\n<\/ul>\n<ul>\n<li><strong><a href=\"http:\/\/www.cobayous.com\/site\/les-dossiers\/reproduction-cobaye\/\">La Reproduction<\/a><\/strong><\/li>\n<\/ul>\n <p> [\/wpcol_1third] [wpcol_1third id=\u00a0\u00bb\u00a0\u00bb class=\u00a0\u00bb\u00a0\u00bb style=\u00a0\u00bb\u00a0\u00bb] <\/p> \n<ul>\n<li><strong><a href=\"http:\/\/www.cobayous.com\/site\/les-dossiers\/comportement-du-cobaye\/\">Son Comportement<\/a><\/strong><\/li>\n<\/ul>\n<ul>\n<li><strong><a href=\"http:\/\/www.cobayous.com\/site\/les-dossiers\/jeux-sorties-cobaye\/idees-de-jeux\/\">Id\u00e9es de jeux<\/a><\/strong><\/li>\n<\/ul>\n<ul>\n<li><strong><a href=\"http:\/\/www.cobayous.com\/site\/les-dossiers\/cohabitation-cobaye\/\">Cohabitation<\/a><\/strong><\/li>\n<\/ul>\n<ul>\n<li><strong><a href=\"http:\/\/www.cobayous.com\/site\/les-dossiers\/les-soins\/\">Les Soins<\/a><\/strong><\/li>\n<\/ul>\n<ul>\n<li><strong><a href=\"http:\/\/www.cobayous.com\/site\/les-dossiers\/les-maladies-du-cobaye\/\">Les Maladies<\/a><\/strong><\/li>\n<\/ul>\n <p> [\/wpcol_1third] [wpcol_1third_end id=\u00a0\u00bb\u00a0\u00bb class=\u00a0\u00bb\u00a0\u00bb style=\u00a0\u00bb\u00a0\u00bb] <\/p> \n<ul>\n<li><strong><a href=\"http:\/\/www.cobayous.com\/site\/les-dossiers\/speciaux-pratiques\/questions-frequentes-cobaye\/\">F.A.Q des cobayes<\/a><\/strong><\/li>\n<\/ul>\n<ul>\n<li><strong><a href=\"http:\/\/www.cobayous.Com\/site\/dossiers\/cabanes\/index.php\">Construction de cabanes<\/a><\/strong><\/li>\n<\/ul>\n<ul>\n<li><strong><a href=\"http:\/\/www.cobayous.com\/site\/les-dossiers\/speciaux-pratiques\/le-cobaye-et-les-vacances\/\">Cobaye et vacances<\/a><\/strong><\/li>\n<\/ul>\n<ul>\n<li><strong><a href=\"http:\/\/www.cobayous.com\/site\/les-dossiers\/speciaux-pratiques\/faire-garder-son-animal-contrat-de-garde\/\">Contrat de garde<\/a><\/strong><\/li>\n<\/ul>\n<ul>\n<li><strong><a href=\"http:\/\/www.cobayous.com\/site\/les-dossiers\/avant-achat-cobaye\/rongeurs-et-enfants\/\">Rongeurs et enfants<\/a><\/strong><\/li>\n<\/ul>\n<ul>\n<li><strong><a href=\"http:\/\/www.cobayous.com\/site\/dossiers\/trucsastucescobaye.php\">Trucs et Astuces<\/a><\/strong><\/li>\n<\/ul>\n <p> [\/wpcol_1third_end] <br \/> \n<script type=\"text\/javascript\" src=\"http:\/\/pagead2.googlesyndication.com\/pagead\/show_ads.js\">\/\/ <![CDATA[\n\n\n\/\/ ]]><\/script> <\/p> \n","protected":false},"excerpt":{"rendered":" <p> Voici r\u00e9unis sur cette page toute une s\u00e9rie de livres traitant des cochons d&rsquo;inde. Pour ma part, celui que j&rsquo;ai trouv\u00e9 le plus complet est \u00ab\u00a0Le guide du cochon d&rsquo;Inde\u00a0\u00bb&#8230; <a href=\"http:\/\/www.cobayous.com\/site\/les-dossiers\/speciaux-pratiques\/selection-livres-cobaye\/\">Read more &raquo;<\/a> <\/p> \n","protected":false},"author":1,"featured_media":0,"parent":1284,"menu_order":10,"comment_status":"closed","ping_status":"closed","template":"","meta":{"ngg_post_thumbnail":0,"footnotes":""},"class_list":["post-1379","page","type-page","status-publish","hentry"],"yoast_head":"<!-- This site is optimized with the Yoast SEO plugin v27.1.1 - https:\/\/yoast.com\/product\/yoast-seo-wordpress\/ -->\n<title>S\u00e9lection de livres sur le cobaye - Les Cobayes Pom&amp;Lolo<\/title>\n<meta name=\"robots\" content=\"index, follow, max-snippet:-1, max-image-preview:large, max-video-preview:-1\" \/>\n<link rel=\"canonical\" href=\"http:\/\/www.cobayous.com\/site\/les-dossiers\/speciaux-pratiques\/selection-livres-cobaye\/\" \/>\n<meta property=\"og:locale\" content=\"fr_FR\" \/>\n<meta property=\"og:type\" content=\"article\" \/>\n<meta property=\"og:title\" content=\"S\u00e9lection de livres sur le cobaye - Les Cobayes Pom&amp;Lolo\" \/>\n<meta property=\"og:description\" content=\"Voici r\u00e9unis sur cette page toute une s\u00e9rie de livres traitant des cochons d&rsquo;inde. Pour ma part, celui que j&rsquo;ai trouv\u00e9 le plus complet est \u00ab\u00a0Le guide du cochon d&rsquo;Inde\u00a0\u00bb... Read more &raquo;\" \/>\n<meta property=\"og:url\" content=\"http:\/\/www.cobayous.com\/site\/les-dossiers\/speciaux-pratiques\/selection-livres-cobaye\/\" \/>\n<meta property=\"og:site_name\" content=\"Les Cobayes Pom&amp;Lolo\" \/>\n<meta property=\"article:modified_time\" content=\"2016-04-13T20:57:40+00:00\" \/>\n<meta name=\"twitter:card\" content=\"summary_large_image\" \/>\n<meta name=\"twitter:label1\" content=\"Dur\u00e9e de lecture estim\u00e9e\" \/>\n\t<meta name=\"twitter:data1\" content=\"1 minute\" \/>\n<script type=\"application\/ld+json\" class=\"yoast-schema-graph\">{\"@context\":\"https:\/\/schema.org\",\"@graph\":[{\"@type\":\"WebPage\",\"@id\":\"http:\/\/www.cobayous.com\/site\/les-dossiers\/speciaux-pratiques\/selection-livres-cobaye\/\",\"url\":\"http:\/\/www.cobayous.com\/site\/les-dossiers\/speciaux-pratiques\/selection-livres-cobaye\/\",\"name\":\"S\u00e9lection de livres sur le cobaye - Les Cobayes Pom&amp;Lolo\",\"isPartOf\":{\"@id\":\"http:\/\/www.cobayous.com\/site\/#website\"},\"datePublished\":\"2011-04-14T12:02:06+00:00\",\"dateModified\":\"2016-04-13T20:57:40+00:00\",\"breadcrumb\":{\"@id\":\"http:\/\/www.cobayous.com\/site\/les-dossiers\/speciaux-pratiques\/selection-livres-cobaye\/#breadcrumb\"},\"inLanguage\":\"fr-FR\",\"potentialAction\":[{\"@type\":\"ReadAction\",\"target\":[\"http:\/\/www.cobayous.com\/site\/les-dossiers\/speciaux-pratiques\/selection-livres-cobaye\/\"]}]},{\"@type\":\"BreadcrumbList\",\"@id\":\"http:\/\/www.cobayous.com\/site\/les-dossiers\/speciaux-pratiques\/selection-livres-cobaye\/#breadcrumb\",\"itemListElement\":[{\"@type\":\"ListItem\",\"position\":1,\"name\":\"Accueil\",\"item\":\"http:\/\/www.cobayous.com\/site\/\"},{\"@type\":\"ListItem\",\"position\":2,\"name\":\"Dossiers\",\"item\":\"http:\/\/www.cobayous.com\/site\/les-dossiers\/\"},{\"@type\":\"ListItem\",\"position\":3,\"name\":\"Dossiers sp\u00e9ciaux \/ Pratiques\",\"item\":\"http:\/\/www.cobayous.com\/site\/les-dossiers\/speciaux-pratiques\/\"},{\"@type\":\"ListItem\",\"position\":4,\"name\":\"S\u00e9lection de livres sur le cobaye\"}]},{\"@type\":\"WebSite\",\"@id\":\"http:\/\/www.cobayous.com\/site\/#website\",\"url\":\"http:\/\/www.cobayous.com\/site\/\",\"name\":\"Les Cobayes Pom&Lolo\",\"description\":\"\",\"publisher\":{\"@id\":\"http:\/\/www.cobayous.com\/site\/#organization\"},\"potentialAction\":[{\"@type\":\"SearchAction\",\"target\":{\"@type\":\"EntryPoint\",\"urlTemplate\":\"http:\/\/www.cobayous.com\/site\/?s={search_term_string}\"},\"query-input\":{\"@type\":\"PropertyValueSpecification\",\"valueRequired\":true,\"valueName\":\"search_term_string\"}}],\"inLanguage\":\"fr-FR\"},{\"@type\":\"Organization\",\"@id\":\"http:\/\/www.cobayous.com\/site\/#organization\",\"name\":\"Les Cobayes Pom&Lolo\",\"url\":\"http:\/\/www.cobayous.com\/site\/\",\"logo\":{\"@type\":\"ImageObject\",\"inLanguage\":\"fr-FR\",\"@id\":\"http:\/\/www.cobayous.com\/site\/#\/schema\/logo\/image\/\",\"url\":\"http:\/\/www.cobayous.com\/site\/wp-content\/uploads\/2024\/01\/header-bg.png\",\"contentUrl\":\"http:\/\/www.cobayous.com\/site\/wp-content\/uploads\/2024\/01\/header-bg.png\",\"width\":1022,\"height\":250,\"caption\":\"Les Cobayes Pom&Lolo\"},\"image\":{\"@id\":\"http:\/\/www.cobayous.com\/site\/#\/schema\/logo\/image\/\"}}]}<\/script>\n<!-- \/ Yoast SEO plugin. -->","yoast_head_json":{"title":"S\u00e9lection de livres sur le cobaye - Les Cobayes Pom&amp;Lolo","robots":{"index":"index","follow":"follow","max-snippet":"max-snippet:-1","max-image-preview":"max-image-preview:large","max-video-preview":"max-video-preview:-1"},"canonical":"http:\/\/www.cobayous.com\/site\/les-dossiers\/speciaux-pratiques\/selection-livres-cobaye\/","og_locale":"fr_FR","og_type":"article","og_title":"S\u00e9lection de livres sur le cobaye - Les Cobayes Pom&amp;Lolo","og_description":"Voici r\u00e9unis sur cette page toute une s\u00e9rie de livres traitant des cochons d&rsquo;inde. Pour ma part, celui que j&rsquo;ai trouv\u00e9 le plus complet est \u00ab\u00a0Le guide du cochon d&rsquo;Inde\u00a0\u00bb... Read more &raquo;","og_url":"http:\/\/www.cobayous.com\/site\/les-dossiers\/speciaux-pratiques\/selection-livres-cobaye\/","og_site_name":"Les Cobayes Pom&amp;Lolo","article_modified_time":"2016-04-13T20:57:40+00:00","twitter_card":"summary_large_image","twitter_misc":{"Dur\u00e9e de lecture estim\u00e9e":"1 minute"},"schema":{"@context":"https:\/\/schema.org","@graph":[{"@type":"WebPage","@id":"http:\/\/www.cobayous.com\/site\/les-dossiers\/speciaux-pratiques\/selection-livres-cobaye\/","url":"http:\/\/www.cobayous.com\/site\/les-dossiers\/speciaux-pratiques\/selection-livres-cobaye\/","name":"S\u00e9lection de livres sur le cobaye - Les Cobayes Pom&amp;Lolo","isPartOf":{"@id":"http:\/\/www.cobayous.com\/site\/#website"},"datePublished":"2011-04-14T12:02:06+00:00","dateModified":"2016-04-13T20:57:40+00:00","breadcrumb":{"@id":"http:\/\/www.cobayous.com\/site\/les-dossiers\/speciaux-pratiques\/selection-livres-cobaye\/#breadcrumb"},"inLanguage":"fr-FR","potentialAction":[{"@type":"ReadAction","target":["http:\/\/www.cobayous.com\/site\/les-dossiers\/speciaux-pratiques\/selection-livres-cobaye\/"]}]},{"@type":"BreadcrumbList","@id":"http:\/\/www.cobayous.com\/site\/les-dossiers\/speciaux-pratiques\/selection-livres-cobaye\/#breadcrumb","itemListElement":[{"@type":"ListItem","position":1,"name":"Accueil","item":"http:\/\/www.cobayous.com\/site\/"},{"@type":"ListItem","position":2,"name":"Dossiers","item":"http:\/\/www.cobayous.com\/site\/les-dossiers\/"},{"@type":"ListItem","position":3,"name":"Dossiers sp\u00e9ciaux \/ Pratiques","item":"http:\/\/www.cobayous.com\/site\/les-dossiers\/speciaux-pratiques\/"},{"@type":"ListItem","position":4,"name":"S\u00e9lection de livres sur le cobaye"}]},{"@type":"WebSite","@id":"http:\/\/www.cobayous.com\/site\/#website","url":"http:\/\/www.cobayous.com\/site\/","name":"Les Cobayes Pom&Lolo","description":"","publisher":{"@id":"http:\/\/www.cobayous.com\/site\/#organization"},"potentialAction":[{"@type":"SearchAction","target":{"@type":"EntryPoint","urlTemplate":"http:\/\/www.cobayous.com\/site\/?s={search_term_string}"},"query-input":{"@type":"PropertyValueSpecification","valueRequired":true,"valueName":"search_term_string"}}],"inLanguage":"fr-FR"},{"@type":"Organization","@id":"http:\/\/www.cobayous.com\/site\/#organization","name":"Les Cobayes Pom&Lolo","url":"http:\/\/www.cobayous.com\/site\/","logo":{"@type":"ImageObject","inLanguage":"fr-FR","@id":"http:\/\/www.cobayous.com\/site\/#\/schema\/logo\/image\/","url":"http:\/\/www.cobayous.com\/site\/wp-content\/uploads\/2024\/01\/header-bg.png","contentUrl":"http:\/\/www.cobayous.com\/site\/wp-content\/uploads\/2024\/01\/header-bg.png","width":1022,"height":250,"caption":"Les Cobayes Pom&Lolo"},"image":{"@id":"http:\/\/www.cobayous.com\/site\/#\/schema\/logo\/image\/"}}]}},"_links":{"self":[{"href":"http:\/\/www.cobayous.com\/site\/wp-json\/wp\/v2\/pages\/1379","targetHints":{"allow":["GET"]}}],"collection":[{"href":"http:\/\/www.cobayous.com\/site\/wp-json\/wp\/v2\/pages"}],"about":[{"href":"http:\/\/www.cobayous.com\/site\/wp-json\/wp\/v2\/types\/page"}],"author":[{"embeddable":true,"href":"http:\/\/www.cobayous.com\/site\/wp-json\/wp\/v2\/users\/1"}],"replies":[{"embeddable":true,"href":"http:\/\/www.cobayous.com\/site\/wp-json\/wp\/v2\/comments?post=1379"}],"version-history":[{"count":1,"href":"http:\/\/www.cobayous.com\/site\/wp-json\/wp\/v2\/pages\/1379\/revisions"}],"predecessor-version":[{"id":3598,"href":"http:\/\/www.cobayous.com\/site\/wp-json\/wp\/v2\/pages\/1379\/revisions\/3598"}],"up":[{"embeddable":true,"href":"http:\/\/www.cobayous.com\/site\/wp-json\/wp\/v2\/pages\/1284"}],"wp:attachment":[{"href":"http:\/\/www.cobayous.com\/site\/wp-json\/wp\/v2\/media?parent=1379"}],"curies":[{"name":"wp","href":"https:\/\/api.w.org\/{rel}","templated":true}]}}