{"id":1356,"date":"2011-04-14T09:15:45","date_gmt":"2011-04-14T08:15:45","guid":{"rendered":"http:\/\/www.cobayous.com\/site\/?page_id=1356"},"modified":"2016-11-23T21:06:19","modified_gmt":"2016-11-23T20:06:19","slug":"la-trousse-de-secours","status":"publish","type":"page","link":"http:\/\/www.cobayous.com\/site\/les-dossiers\/les-soins\/la-trousse-de-secours\/","title":{"rendered":"La trousse de secours"},"content":{"rendered":" <p> [ezcol_1third] <\/p> \n<div style=\"background: #EDF7F2; border: 1px solid #7FC6BC; color: #404040; padding: 0 10px 0 10px; margin-top: 1em; text-align: justify; border-radius: 10px;\">\n <p> <img loading=\"lazy\" decoding=\"async\" class=\"alignleft\" title=\"alire\" src=\"http:\/\/www.cobayous.Com\/site\/wp-content\/uploads\/img\/books.png\" alt=\"\" width=\"30\" height=\"30\"> <\/p> \n<h3>A LIRE<\/h3>\n <p> <span style=\"color: #008000;\">Dans la rubrique Soins :<\/span> <\/p> \n<ul>\n<li><a title=\"Les Soins des Dents\" href=\"http:\/\/www.cobayous.com\/site\/les-dossiers\/les-soins\/les-dents\/\" rel=\"\">Les Dents<\/a><\/li>\n<li><a title=\"Les soins des ongles\" href=\"http:\/\/www.cobayous.com\/site\/les-dossiers\/les-soins\/ongles-griffes\/\" rel=\"\">Les ongles<\/a><\/li>\n<li><a title=\"Les soins des poils\" href=\"http:\/\/www.cobayous.com\/site\/les-dossiers\/les-soins\/poils-fourrure\/\" rel=\"\">Les poils<\/a><\/li>\n<li><a title=\"Les soins des Yeux, Nez et Oreilles\" href=\"http:\/\/www.cobayous.com\/site\/les-dossiers\/les-soins\/yeux-nez-oreilles\/\" rel=\"\">Les Yeux, Nez et Oreilles<\/a><\/li>\n<li>La trousse de secours<\/li>\n<\/ul>\n <p> <span style=\"color: #008000;\">Dossiers Connexes :<\/span> <\/p> \n<ul>\n<li><a title=\"Animalerie : prendre garde aux conseils !\" href=\"http:\/\/www.cobayous.com\/site\/les-dossiers\/avant-achat-cobaye\/animalerie-prendre-garde-aux-conseils\/\">Animalerie, attention aux conseils !<\/a><\/li>\n<li><a title=\"Le cobaye et les vacances\" href=\"http:\/\/www.cobayous.com\/site\/les-dossiers\/speciaux-pratiques\/le-cobaye-et-les-vacances\/\">Le Cobaye et les Vacances<\/a><\/li>\n<li><a title=\"Rongeurs et Enfants\" href=\"http:\/\/www.cobayous.com\/site\/les-dossiers\/avant-achat-cobaye\/rongeurs-et-enfants\/\">Rongeurs et enfants<\/a><\/li>\n<\/ul>\n<\/div>\n<div style=\"background: #ffffff; border: 1px solid #EACFB8; color: #404040; padding: 0 10px 0 10px; margin-top: 1em; text-align: justify; border-radius: 10px;\"><script async=\"\" src=\"\/\/pagead2.googlesyndication.com\/pagead\/js\/adsbygoogle.js\"><\/script> <br \/> \n <!-- cob-dossier-gauche -->  <br \/> \n<ins class=\"adsbygoogle\" style=\"display: block;\" data-ad-client=\"ca-pub-3631834167777130\" data-ad-slot=\"6832657395\" data-ad-format=\"auto\"><\/ins> <br \/> \n<script>\n(adsbygoogle = window.adsbygoogle || []).push({});\n<\/script> <br \/> \n<img loading=\"lazy\" decoding=\"async\" class=\"alignleft\" src=\"http:\/\/www.cobayous.Com\/site\/wp-content\/uploads\/img\/question.png\" alt=\"\" width=\"30\" height=\"30\"> <\/p> \n<h4>DES QUESTIONS ?<\/h4>\n <p> Tu as des questions \u00e0 poser sur les cobayes? Tu souhaites discuter avec nous? <\/p> \n <p> <img loading=\"lazy\" decoding=\"async\" class=\"alignleft\" title=\"talk\" src=\"http:\/\/www.cobayous.com\/site\/wp-content\/uploads\/img\/icon-talk.png\" alt=\"\" width=\"44\" height=\"30\"> <a href=\"http:\/\/www.cobayous.Com\/forum\">Rejoins-nous !<\/a> <\/p> \n<\/div>\n <p> [\/ezcol_1third] [ezcol_2third_end] <\/p> \n<div style=\"background: none repeat scroll 0% 0% #f5fafc; border: 1px solid #6396ef; color: #404040; padding: 0pt 10px; margin-top: 1em; min-height: 180px; max-width: 98%; text-align: left;\">\n <p> <img loading=\"lazy\" decoding=\"async\" style=\"float: left;\" title=\"trousse-pharmacie.jpg\" src=\"\/site\/wp-content\/uploads\/dossiers\/trousse-pharmacie.jpg\" alt=\"trousse-pharmacie.jpg\" width=\"150\" height=\"107\" border=\"0\"> <\/p> \n <p> Pour une raison ou pour une autre, il est malheureusement possible que ton cobaye tombe malade. <br \/> \nIl est donc pr\u00e9f\u00e9rable d&rsquo;avoir une petite trousse de secours au cas o\u00f9, que ce soit pour les soins g\u00e9n\u00e9raux ou pour autre chose. Essaie donc de toujours avoir ces objets chez toi si cela t&rsquo;es possible. <\/p> \n <p> Pour le mat\u00e9riel, c&rsquo;est relativement facile mais c&rsquo;est vrai que pour les m\u00e9dicaments\/produits \u00e7a peut \u00eatre plus g\u00eanant \u00e0 cause des dates limites d&rsquo;utilisation. <\/p> \n<\/div>\n <p> &nbsp; <\/p> \n<table border=\"1\" width=\"98%\" align=\"center\">\n<tbody>\n<tr>\n<td width=\"277\" height=\"40\">\n<div><strong>Le mat\u00e9riel<\/strong><\/div>\n<\/td>\n<td width=\"276\" height=\"40\">\n<div><strong>Les produits<\/strong><\/div>\n<\/td>\n<\/tr>\n<tr valign=\"top\">\n<td width=\"277\">\n<div>\n <p> &#8211; pince \u00e0 ongles <\/p> \n <p> &#8211; brosse, peigne, ciseaux, pince \u00e0 \u00e9piler <\/p> \n <p> &#8211; thermom\u00e8tre <\/p> \n <p> &#8211; lampe chauffante (pour reptiles) : pratique en cas d&rsquo;hypothermie <\/p> \n <p> &#8211; seringue de gavage : comme son nom l&rsquo;indique, pour gaver un animal <br \/> \nmalade <\/p> \n <p> &#8211; seringue de 1 ou 2ml pour la vitamine C ou les m\u00e9dicaments <\/p> \n<\/div>\n<\/td>\n<td width=\"276\">\n<div>&#8211; eau oxyg\u00e9n\u00e9e, coton\/compresse <br \/> \n(au cas o\u00f9 tu couperai les ongles trop courts et toucherai <br \/> \nles vaisseaux)- d\u00e9sinfectant \/ antiseptique (Dakin par exemple)- s\u00e9rum physiologique (en cas d&rsquo;\u0153il sale par exemple)- rongeur digest ou Intestinet- Vitamine C en goutte- essence de lavande ou citronnelle : \u00e0 tamponner sur le derri\u00e8re <br \/> \nen \u00e9t\u00e9 &#8211;&gt; c&rsquo;est contre les moustique et mouches. <\/p> \n <p> &#8211; flocons d&rsquo;avoine : pour un animal malade, affaibli, un orphelin <br \/> \n: tr\u00e8s \u00e9nerg\u00e9tique donc \u00e0 ne pas donner <br \/> \n\u00e0 un animal en bonne sant\u00e9! <\/p> \n <p> \u00c7a se trouve au rayon c\u00e9r\u00e9ales des grandes surfaces. <\/p> \n <p> &nbsp; <\/p> \n<\/div>\n<\/td>\n<\/tr>\n<\/tbody>\n<\/table>\n <p> &nbsp; <\/p> \n <p> <a href=\"http:\/\/www.cobayous.com\/site\/qui-sommes-nous\/\"><img loading=\"lazy\" decoding=\"async\" class=\"alignright\" title=\"copyright-pomelo.jpg\" src=\"\/site\/wp-content\/uploads\/dossiers\/copyright-pomelo.jpg\" alt=\"copyright-pomelo.jpg\" width=\"275\" height=\"50\" border=\"0\"><\/a> <\/p> \n <p> [\/ezcol_2third_end] <\/p> \n","protected":false},"excerpt":{"rendered":" <p> [ezcol_1third] A LIRE Dans la rubrique Soins : Les Dents Les ongles Les poils Les Yeux, Nez et Oreilles La trousse de secours Dossiers Connexes : Animalerie, attention aux conseils&#8230; <a href=\"http:\/\/www.cobayous.com\/site\/les-dossiers\/les-soins\/la-trousse-de-secours\/\">Read more &raquo;<\/a> <\/p> \n","protected":false},"author":1,"featured_media":0,"parent":1310,"menu_order":4,"comment_status":"closed","ping_status":"open","template":"","meta":{"ngg_post_thumbnail":0,"footnotes":""},"class_list":["post-1356","page","type-page","status-publish","hentry"],"yoast_head":"<!-- This site is optimized with the Yoast SEO plugin v27.1.1 - https:\/\/yoast.com\/product\/yoast-seo-wordpress\/ -->\n<title>La trousse de secours - Les Cobayes Pom&amp;Lolo<\/title>\n<meta name=\"robots\" content=\"index, follow, max-snippet:-1, max-image-preview:large, max-video-preview:-1\" \/>\n<link rel=\"canonical\" href=\"http:\/\/www.cobayous.com\/site\/les-dossiers\/les-soins\/la-trousse-de-secours\/\" \/>\n<meta property=\"og:locale\" content=\"fr_FR\" \/>\n<meta property=\"og:type\" content=\"article\" \/>\n<meta property=\"og:title\" content=\"La trousse de secours - Les Cobayes Pom&amp;Lolo\" \/>\n<meta property=\"og:description\" content=\"[ezcol_1third] A LIRE Dans la rubrique Soins : Les Dents Les ongles Les poils Les Yeux, Nez et Oreilles La trousse de secours Dossiers Connexes : Animalerie, attention aux conseils... Read more &raquo;\" \/>\n<meta property=\"og:url\" content=\"http:\/\/www.cobayous.com\/site\/les-dossiers\/les-soins\/la-trousse-de-secours\/\" \/>\n<meta property=\"og:site_name\" content=\"Les Cobayes Pom&amp;Lolo\" \/>\n<meta property=\"article:modified_time\" content=\"2016-11-23T20:06:19+00:00\" \/>\n<meta property=\"og:image\" content=\"http:\/\/www.cobayous.Com\/site\/wp-content\/uploads\/img\/books.png\" \/>\n<meta name=\"twitter:card\" content=\"summary_large_image\" \/>\n<meta name=\"twitter:label1\" content=\"Dur\u00e9e de lecture estim\u00e9e\" \/>\n\t<meta name=\"twitter:data1\" content=\"2 minutes\" \/>\n<script type=\"application\/ld+json\" class=\"yoast-schema-graph\">{\"@context\":\"https:\/\/schema.org\",\"@graph\":[{\"@type\":\"WebPage\",\"@id\":\"http:\/\/www.cobayous.com\/site\/les-dossiers\/les-soins\/la-trousse-de-secours\/\",\"url\":\"http:\/\/www.cobayous.com\/site\/les-dossiers\/les-soins\/la-trousse-de-secours\/\",\"name\":\"La trousse de secours - Les Cobayes Pom&amp;Lolo\",\"isPartOf\":{\"@id\":\"http:\/\/www.cobayous.com\/site\/#website\"},\"primaryImageOfPage\":{\"@id\":\"http:\/\/www.cobayous.com\/site\/les-dossiers\/les-soins\/la-trousse-de-secours\/#primaryimage\"},\"image\":{\"@id\":\"http:\/\/www.cobayous.com\/site\/les-dossiers\/les-soins\/la-trousse-de-secours\/#primaryimage\"},\"thumbnailUrl\":\"http:\/\/www.cobayous.Com\/site\/wp-content\/uploads\/img\/books.png\",\"datePublished\":\"2011-04-14T08:15:45+00:00\",\"dateModified\":\"2016-11-23T20:06:19+00:00\",\"breadcrumb\":{\"@id\":\"http:\/\/www.cobayous.com\/site\/les-dossiers\/les-soins\/la-trousse-de-secours\/#breadcrumb\"},\"inLanguage\":\"fr-FR\",\"potentialAction\":[{\"@type\":\"ReadAction\",\"target\":[\"http:\/\/www.cobayous.com\/site\/les-dossiers\/les-soins\/la-trousse-de-secours\/\"]}]},{\"@type\":\"ImageObject\",\"inLanguage\":\"fr-FR\",\"@id\":\"http:\/\/www.cobayous.com\/site\/les-dossiers\/les-soins\/la-trousse-de-secours\/#primaryimage\",\"url\":\"http:\/\/www.cobayous.Com\/site\/wp-content\/uploads\/img\/books.png\",\"contentUrl\":\"http:\/\/www.cobayous.Com\/site\/wp-content\/uploads\/img\/books.png\"},{\"@type\":\"BreadcrumbList\",\"@id\":\"http:\/\/www.cobayous.com\/site\/les-dossiers\/les-soins\/la-trousse-de-secours\/#breadcrumb\",\"itemListElement\":[{\"@type\":\"ListItem\",\"position\":1,\"name\":\"Accueil\",\"item\":\"http:\/\/www.cobayous.com\/site\/\"},{\"@type\":\"ListItem\",\"position\":2,\"name\":\"Dossiers\",\"item\":\"http:\/\/www.cobayous.com\/site\/les-dossiers\/\"},{\"@type\":\"ListItem\",\"position\":3,\"name\":\"Les Soins\",\"item\":\"http:\/\/www.cobayous.com\/site\/les-dossiers\/les-soins\/\"},{\"@type\":\"ListItem\",\"position\":4,\"name\":\"La trousse de secours\"}]},{\"@type\":\"WebSite\",\"@id\":\"http:\/\/www.cobayous.com\/site\/#website\",\"url\":\"http:\/\/www.cobayous.com\/site\/\",\"name\":\"Les Cobayes Pom&Lolo\",\"description\":\"\",\"publisher\":{\"@id\":\"http:\/\/www.cobayous.com\/site\/#organization\"},\"potentialAction\":[{\"@type\":\"SearchAction\",\"target\":{\"@type\":\"EntryPoint\",\"urlTemplate\":\"http:\/\/www.cobayous.com\/site\/?s={search_term_string}\"},\"query-input\":{\"@type\":\"PropertyValueSpecification\",\"valueRequired\":true,\"valueName\":\"search_term_string\"}}],\"inLanguage\":\"fr-FR\"},{\"@type\":\"Organization\",\"@id\":\"http:\/\/www.cobayous.com\/site\/#organization\",\"name\":\"Les Cobayes Pom&Lolo\",\"url\":\"http:\/\/www.cobayous.com\/site\/\",\"logo\":{\"@type\":\"ImageObject\",\"inLanguage\":\"fr-FR\",\"@id\":\"http:\/\/www.cobayous.com\/site\/#\/schema\/logo\/image\/\",\"url\":\"http:\/\/www.cobayous.com\/site\/wp-content\/uploads\/2024\/01\/header-bg.png\",\"contentUrl\":\"http:\/\/www.cobayous.com\/site\/wp-content\/uploads\/2024\/01\/header-bg.png\",\"width\":1022,\"height\":250,\"caption\":\"Les Cobayes Pom&Lolo\"},\"image\":{\"@id\":\"http:\/\/www.cobayous.com\/site\/#\/schema\/logo\/image\/\"}}]}<\/script>\n<!-- \/ Yoast SEO plugin. -->","yoast_head_json":{"title":"La trousse de secours - Les Cobayes Pom&amp;Lolo","robots":{"index":"index","follow":"follow","max-snippet":"max-snippet:-1","max-image-preview":"max-image-preview:large","max-video-preview":"max-video-preview:-1"},"canonical":"http:\/\/www.cobayous.com\/site\/les-dossiers\/les-soins\/la-trousse-de-secours\/","og_locale":"fr_FR","og_type":"article","og_title":"La trousse de secours - Les Cobayes Pom&amp;Lolo","og_description":"[ezcol_1third] A LIRE Dans la rubrique Soins : Les Dents Les ongles Les poils Les Yeux, Nez et Oreilles La trousse de secours Dossiers Connexes : Animalerie, attention aux conseils... Read more &raquo;","og_url":"http:\/\/www.cobayous.com\/site\/les-dossiers\/les-soins\/la-trousse-de-secours\/","og_site_name":"Les Cobayes Pom&amp;Lolo","article_modified_time":"2016-11-23T20:06:19+00:00","og_image":[{"url":"http:\/\/www.cobayous.Com\/site\/wp-content\/uploads\/img\/books.png","type":"","width":"","height":""}],"twitter_card":"summary_large_image","twitter_misc":{"Dur\u00e9e de lecture estim\u00e9e":"2 minutes"},"schema":{"@context":"https:\/\/schema.org","@graph":[{"@type":"WebPage","@id":"http:\/\/www.cobayous.com\/site\/les-dossiers\/les-soins\/la-trousse-de-secours\/","url":"http:\/\/www.cobayous.com\/site\/les-dossiers\/les-soins\/la-trousse-de-secours\/","name":"La trousse de secours - Les Cobayes Pom&amp;Lolo","isPartOf":{"@id":"http:\/\/www.cobayous.com\/site\/#website"},"primaryImageOfPage":{"@id":"http:\/\/www.cobayous.com\/site\/les-dossiers\/les-soins\/la-trousse-de-secours\/#primaryimage"},"image":{"@id":"http:\/\/www.cobayous.com\/site\/les-dossiers\/les-soins\/la-trousse-de-secours\/#primaryimage"},"thumbnailUrl":"http:\/\/www.cobayous.Com\/site\/wp-content\/uploads\/img\/books.png","datePublished":"2011-04-14T08:15:45+00:00","dateModified":"2016-11-23T20:06:19+00:00","breadcrumb":{"@id":"http:\/\/www.cobayous.com\/site\/les-dossiers\/les-soins\/la-trousse-de-secours\/#breadcrumb"},"inLanguage":"fr-FR","potentialAction":[{"@type":"ReadAction","target":["http:\/\/www.cobayous.com\/site\/les-dossiers\/les-soins\/la-trousse-de-secours\/"]}]},{"@type":"ImageObject","inLanguage":"fr-FR","@id":"http:\/\/www.cobayous.com\/site\/les-dossiers\/les-soins\/la-trousse-de-secours\/#primaryimage","url":"http:\/\/www.cobayous.Com\/site\/wp-content\/uploads\/img\/books.png","contentUrl":"http:\/\/www.cobayous.Com\/site\/wp-content\/uploads\/img\/books.png"},{"@type":"BreadcrumbList","@id":"http:\/\/www.cobayous.com\/site\/les-dossiers\/les-soins\/la-trousse-de-secours\/#breadcrumb","itemListElement":[{"@type":"ListItem","position":1,"name":"Accueil","item":"http:\/\/www.cobayous.com\/site\/"},{"@type":"ListItem","position":2,"name":"Dossiers","item":"http:\/\/www.cobayous.com\/site\/les-dossiers\/"},{"@type":"ListItem","position":3,"name":"Les Soins","item":"http:\/\/www.cobayous.com\/site\/les-dossiers\/les-soins\/"},{"@type":"ListItem","position":4,"name":"La trousse de secours"}]},{"@type":"WebSite","@id":"http:\/\/www.cobayous.com\/site\/#website","url":"http:\/\/www.cobayous.com\/site\/","name":"Les Cobayes Pom&Lolo","description":"","publisher":{"@id":"http:\/\/www.cobayous.com\/site\/#organization"},"potentialAction":[{"@type":"SearchAction","target":{"@type":"EntryPoint","urlTemplate":"http:\/\/www.cobayous.com\/site\/?s={search_term_string}"},"query-input":{"@type":"PropertyValueSpecification","valueRequired":true,"valueName":"search_term_string"}}],"inLanguage":"fr-FR"},{"@type":"Organization","@id":"http:\/\/www.cobayous.com\/site\/#organization","name":"Les Cobayes Pom&Lolo","url":"http:\/\/www.cobayous.com\/site\/","logo":{"@type":"ImageObject","inLanguage":"fr-FR","@id":"http:\/\/www.cobayous.com\/site\/#\/schema\/logo\/image\/","url":"http:\/\/www.cobayous.com\/site\/wp-content\/uploads\/2024\/01\/header-bg.png","contentUrl":"http:\/\/www.cobayous.com\/site\/wp-content\/uploads\/2024\/01\/header-bg.png","width":1022,"height":250,"caption":"Les Cobayes Pom&Lolo"},"image":{"@id":"http:\/\/www.cobayous.com\/site\/#\/schema\/logo\/image\/"}}]}},"_links":{"self":[{"href":"http:\/\/www.cobayous.com\/site\/wp-json\/wp\/v2\/pages\/1356","targetHints":{"allow":["GET"]}}],"collection":[{"href":"http:\/\/www.cobayous.com\/site\/wp-json\/wp\/v2\/pages"}],"about":[{"href":"http:\/\/www.cobayous.com\/site\/wp-json\/wp\/v2\/types\/page"}],"author":[{"embeddable":true,"href":"http:\/\/www.cobayous.com\/site\/wp-json\/wp\/v2\/users\/1"}],"replies":[{"embeddable":true,"href":"http:\/\/www.cobayous.com\/site\/wp-json\/wp\/v2\/comments?post=1356"}],"version-history":[{"count":2,"href":"http:\/\/www.cobayous.com\/site\/wp-json\/wp\/v2\/pages\/1356\/revisions"}],"predecessor-version":[{"id":3726,"href":"http:\/\/www.cobayous.com\/site\/wp-json\/wp\/v2\/pages\/1356\/revisions\/3726"}],"up":[{"embeddable":true,"href":"http:\/\/www.cobayous.com\/site\/wp-json\/wp\/v2\/pages\/1310"}],"wp:attachment":[{"href":"http:\/\/www.cobayous.com\/site\/wp-json\/wp\/v2\/media?parent=1356"}],"curies":[{"name":"wp","href":"https:\/\/api.w.org\/{rel}","templated":true}]}}