{"id":135,"date":"2010-05-12T12:09:54","date_gmt":"2010-05-12T12:09:54","guid":{"rendered":"http:\/\/www.cobayous.com\/site\/?page_id=135"},"modified":"2016-11-21T16:58:01","modified_gmt":"2016-11-21T15:58:01","slug":"entretien-de-la-cage","status":"publish","type":"page","link":"http:\/\/www.cobayous.com\/site\/les-dossiers\/preparer-larrivee-du-cobaye\/entretien-de-la-cage\/","title":{"rendered":"Pr\u00e9parer son arriv\u00e9e : Entretien de la cage"},"content":{"rendered":" <p> [ezcol_1third] <\/p> \n<div style=\"background: #FFEFCE; border: 1px solid #BD8D46; color: #404040; padding: 0 10px 0 10px; margin-top: 1em; text-align: justify; border-radius: 10px;\">\n<h3><img loading=\"lazy\" decoding=\"async\" class=\"alignleft\" title=\"memo\" src=\"http:\/\/www.cobayous.Com\/site\/wp-content\/uploads\/img\/memo.png\" alt=\"\" width=\"30\" height=\"30\">EN BREF<\/h3>\n <p> \u00c9vitez les produits trop chimiques. <\/p> \n <p> Liquide vaisselle, vinaigre, javel de temps en temps, c&rsquo;est suffisant ! <\/p> \n<\/div>\n<div style=\"background: #EDF7F2; border: 1px solid #7FC6BC; color: #404040; padding: 0 10px 0 10px; margin-top: 1em; text-align: justify; border-radius: 10px;\">\n <p> <img loading=\"lazy\" decoding=\"async\" class=\"alignleft\" title=\"alire\" src=\"http:\/\/www.cobayous.Com\/site\/wp-content\/uploads\/img\/books.png\" alt=\"\" width=\"30\" height=\"30\"> <\/p> \n<h3>A LIRE<\/h3>\n <p> <span style=\"color: #008000;\">Dans la rubrique Se pr\u00e9parer :<\/span> <\/p> \n<ul>\n<li><a title=\"Pr\u00e9parer son arriv\u00e9e : Cage et accessoires\" href=\"http:\/\/www.cobayous.com\/site\/les-dossiers\/preparer-larrivee-du-cobaye\/cage-et-accessoires\/\">Cage et Accessoires<\/a><\/li>\n<li><a title=\"Pr\u00e9parer son arriv\u00e9e : Les diff\u00e9rentes liti\u00e8res\" href=\"http:\/\/www.cobayous.com\/site\/les-dossiers\/preparer-larrivee-du-cobaye\/les-differentes-litieres\/\" rel=\"\">Les diff\u00e9rentes liti\u00e8res<\/a><\/li>\n<li><a title=\"Pr\u00e9parer son arriv\u00e9e : O\u00f9 placer la cage ?\" href=\"http:\/\/www.cobayous.com\/site\/les-dossiers\/preparer-larrivee-du-cobaye\/ou-placer-la-cage\/\" rel=\"\">O\u00f9 placer la cage ?<\/a><\/li>\n<li>Entretien de la cage<\/li>\n<li><a title=\"Les Cabanes\" href=\"http:\/\/www.cobayous.com\/site\/les-dossiers\/preparer-larrivee-du-cobaye\/cabanes\/\" rel=\"\">Les Cabanes<\/a><\/li>\n<\/ul>\n <p> <span style=\"color: #008000;\">Dossiers Connexes :<\/span> <\/p> \n<ul>\n<li><a title=\"Apprivoiser son cobaye\" href=\"http:\/\/www.cobayous.com\/site\/les-dossiers\/apprivoiser-son-cobaye\/\">Apprivoisement<\/a><\/li>\n<li><a title=\"Alimentation\" href=\"http:\/\/www.cobayous.com\/site\/les-dossiers\/alimentation-du-cobaye\/\">Alimentation<\/a><\/li>\n<li><a title=\"Maladies du Cobaye\" href=\"http:\/\/www.cobayous.com\/site\/les-dossiers\/les-maladies-du-cobaye\/\">Maladies<\/a><\/li>\n<li><a title=\"Les Soins\" href=\"http:\/\/www.cobayous.com\/site\/les-dossiers\/les-soins\/\">Soins<\/a><\/li>\n<li><a title=\"Le cobaye et les vacances\" href=\"http:\/\/www.cobayous.com\/site\/les-dossiers\/speciaux-pratiques\/le-cobaye-et-les-vacances\/\">Le Cobaye et les Vacances<\/a><\/li>\n<li><a title=\"Rongeurs et Enfants\" href=\"http:\/\/www.cobayous.com\/site\/les-dossiers\/avant-achat-cobaye\/rongeurs-et-enfants\/\">Rongeurs et enfants<\/a><\/li>\n<\/ul>\n<\/div>\n <p> <script async=\"\" src=\"\/\/pagead2.googlesyndication.com\/pagead\/js\/adsbygoogle.js\"><\/script> <br \/> \n <!-- cob-dossier-gauche -->  <br \/> \n<ins class=\"adsbygoogle\" style=\"display: block;\" data-ad-client=\"ca-pub-3631834167777130\" data-ad-slot=\"6832657395\" data-ad-format=\"auto\"><\/ins> <br \/> \n<script>\n(adsbygoogle = window.adsbygoogle || []).push({});\n<\/script> <br \/> \n<img loading=\"lazy\" decoding=\"async\" class=\"alignleft\" src=\"http:\/\/www.cobayous.Com\/site\/wp-content\/uploads\/img\/question.png\" alt=\"\" width=\"30\" height=\"30\"> <\/p> \n<h4>DES QUESTIONS ?<\/h4>\n <p> Tu as des questions \u00e0 poser sur les cobayes? Tu souhaites discuter avec nous? <\/p> \n <p> <img loading=\"lazy\" decoding=\"async\" class=\"alignleft\" title=\"talk\" src=\"http:\/\/www.cobayous.com\/site\/wp-content\/uploads\/img\/icon-talk.png\" alt=\"\" width=\"44\" height=\"30\"> <a href=\"http:\/\/www.cobayous.Com\/forum\">Rejoins-nous !<\/a> <\/p> \n <p> [\/ezcol_1third] [ezcol_2third_end] <\/p> \n<div>&nbsp;<\/div>\n <p> Et oui, il va falloir faire le m\u00e9nage assez souvent avec ces petites b\u00eates !! <\/p> \n <p> Tout d\u2019abord, on va parler de la liti\u00e8re : Si vous avez un seul Cochon d&rsquo;Inde, faut la changer au moins deux fois par semaine, parfois plus si vous en avez plusieurs. Il faudra donc jeter la liti\u00e8re \u00e0 la poubelle et nettoyer le bac. <\/p> \n <p> <strong><span style=\"text-decoration: underline;\">Le bac de cage<\/span><\/strong> <br \/> \nLes bacs de cage sont en plastique ce qui facilite grandement le nettoyage. <\/p> \n <p> <strong>1\/<\/strong> Dans un premier temps, nettoyez le bac avec un produit doux du genre liquide vaisselle. Rincez bien. <br \/> \n<strong>2\/<\/strong> Si le bac est t\u00e2ch\u00e9 \u00e0 cause de l&rsquo;urine, vous vous pouvez mettre du vinaigre blanc sur les t\u00e2ches et laisser poser quelques minutes. Rincez bien. <br \/> \n<strong>3\/<\/strong> Enfin, vous pouvez d\u00e9sinfecter \u00e0 la <strong>javel<\/strong> en utilisant de <strong>l&rsquo;eau froide.<\/strong> <\/p> \n <p> Notez que<strong> la javel doit \u00eatre utilis\u00e9e sur une surface d\u00e9j\u00e0 propre. L&rsquo;ordre de nettoyage indiqu\u00e9 ci-dessus doit donc \u00eatre respect\u00e9.<\/strong> <\/p> \n <p> Apr\u00e8s \u00e7a, il faut bien <strong>rincer et s\u00e9cher convenablement<\/strong>. Remplissez le bac avec de la liti\u00e8re propre et voil\u00e0, c\u2019est pas plus difficile que \u00e7a. Mais bon, ce n\u2019est pas tout. <\/p> \n <p> <strong><span style=\"text-decoration: underline;\">Les barreaux de la cage<\/span><\/strong> <br \/> \n\u00c7a, c\u2019est un peu moins emb\u00eatant. Il faut les nettoyer environ 1 \u00e0 2 fois par mois (passer un coup d\u2019\u00e9ponge avec un peu de javel et rincer) sauf si c\u2019est sale. Chez nous, c\u2019est surtout le bas des barreaux qui est sale. Le reste, \u00e7a peut aller. <\/p> \n <p> <strong><span style=\"text-decoration: underline;\">Le biberon<\/span><\/strong> <br \/> \nIl doit \u00eatre nettoy\u00e9 environ 1 fois par semaine. L&rsquo;important, c&rsquo;est de renouveler l&rsquo;eau tous les jours. <br \/> \nC\u2019est tr\u00e8s important car l\u2019eau qui est dedans sent tr\u00e8s vite mauvais. Vous le nettoierez avec du liquide vaisselle, du vinaigre et une fois par semaine avec du javel. Secouez \u00e9nergiquement et \/ ou utilisez un goupillon (comme pour les biberons des b\u00e9b\u00e9s). Bien le rincer est important. <\/p> \n <p> <strong><span style=\"text-decoration: underline;\">Les gamelles de nourriture<\/span><\/strong> <br \/> \nSi vous ne poss\u00e9dez qu\u2019une gamelle avec des granul\u00e9s, vous pouvez la nettoyer en m\u00eame temps que le bac, toujours avec les m\u00eames produits. Pensez quand m\u00eame \u00e0 souffler les granul\u00e9s une fois par jours car il y a souvent des copeaux qui vont dans la gamelle quand l\u2019animal fait des cabrioles dans la cage. <br \/> \nPar contre, si vous avez une gamelle pour les produits frais, il faudra la nettoyer tous les jours (toujours avec les m\u00eames produits) <\/p> \n<div><span style=\"color: #ff0000;\"> <br \/> \n<\/span><\/div>\n<div><strong><span style=\"color: #ff0000;\">Attention : n\u2019utilisez jamais de produits m\u00e9nagers d\u2019origine chimique car ils sont toxiques pour votre animal et pourraient le rendre malade.<\/span><\/strong><\/div>\n<div>\n <p> Petites Astuces : <\/p> \n <p> * Si le fond du bac est un peu t\u00e2ch\u00e9 avec l\u2019urine, vous pouvez laisser poser un peu de vinaigre blanc ou de citron dans le fond. Je le fais moi-m\u00eame avec du vinaigre et je dois dire que \u00e7a marche assez bien. <br \/> \n* Pendant que vous changez la cage de votre b\u00eabette, vous pouvez poser un tissu sur le sol et mettre les barreaux de la cage dessus. De cette mani\u00e8re, vous pouvez laisser l\u2019animal \u00ab dans sa cage \u00bb. Sinon, vous pouvez toujours faire un petit enclos dans un coin de la maison avec des planches et le laisser gambader un peu (toujours sous surveillance !!) <\/p> \n <p> <a href=\"http:\/\/www.cobayous.com\/site\/qui-sommes-nous\/\"><img loading=\"lazy\" decoding=\"async\" class=\"alignright\" title=\"copyright-pomelo.jpg\" src=\"\/site\/wp-content\/uploads\/dossiers\/copyright-pomelo.jpg\" alt=\"copyright-pomelo.jpg\" width=\"275\" height=\"50\" border=\"0\"><\/a> <\/p> \n <p> [\/ezcol_2third_end] <\/p> \n<\/div>\n","protected":false},"excerpt":{"rendered":" <p> [ezcol_1third] EN BREF \u00c9vitez les produits trop chimiques. Liquide vaisselle, vinaigre, javel de temps en temps, c&rsquo;est suffisant ! A LIRE Dans la rubrique Se pr\u00e9parer : Cage et Accessoires&#8230; <a href=\"http:\/\/www.cobayous.com\/site\/les-dossiers\/preparer-larrivee-du-cobaye\/entretien-de-la-cage\/\">Read more &raquo;<\/a> <\/p> \n","protected":false},"author":1,"featured_media":0,"parent":120,"menu_order":3,"comment_status":"closed","ping_status":"closed","template":"","meta":{"ngg_post_thumbnail":0,"footnotes":""},"class_list":["post-135","page","type-page","status-publish","hentry"],"yoast_head":"<!-- This site is optimized with the Yoast SEO plugin v27.1.1 - https:\/\/yoast.com\/product\/yoast-seo-wordpress\/ -->\n<title>Pr\u00e9parer son arriv\u00e9e : Entretien de la cage - Les Cobayes Pom&amp;Lolo<\/title>\n<meta name=\"robots\" content=\"index, follow, max-snippet:-1, max-image-preview:large, max-video-preview:-1\" \/>\n<link rel=\"canonical\" href=\"http:\/\/www.cobayous.com\/site\/les-dossiers\/preparer-larrivee-du-cobaye\/entretien-de-la-cage\/\" \/>\n<meta property=\"og:locale\" content=\"fr_FR\" \/>\n<meta property=\"og:type\" content=\"article\" \/>\n<meta property=\"og:title\" content=\"Pr\u00e9parer son arriv\u00e9e : Entretien de la cage - Les Cobayes Pom&amp;Lolo\" \/>\n<meta property=\"og:description\" content=\"[ezcol_1third] EN BREF \u00c9vitez les produits trop chimiques. Liquide vaisselle, vinaigre, javel de temps en temps, c&rsquo;est suffisant ! A LIRE Dans la rubrique Se pr\u00e9parer : Cage et Accessoires... Read more &raquo;\" \/>\n<meta property=\"og:url\" content=\"http:\/\/www.cobayous.com\/site\/les-dossiers\/preparer-larrivee-du-cobaye\/entretien-de-la-cage\/\" \/>\n<meta property=\"og:site_name\" content=\"Les Cobayes Pom&amp;Lolo\" \/>\n<meta property=\"article:modified_time\" content=\"2016-11-21T15:58:01+00:00\" \/>\n<meta property=\"og:image\" content=\"http:\/\/www.cobayous.Com\/site\/wp-content\/uploads\/img\/memo.png\" \/>\n<meta name=\"twitter:card\" content=\"summary_large_image\" \/>\n<meta name=\"twitter:label1\" content=\"Dur\u00e9e de lecture estim\u00e9e\" \/>\n\t<meta name=\"twitter:data1\" content=\"3 minutes\" \/>\n<script type=\"application\/ld+json\" class=\"yoast-schema-graph\">{\"@context\":\"https:\/\/schema.org\",\"@graph\":[{\"@type\":\"WebPage\",\"@id\":\"http:\/\/www.cobayous.com\/site\/les-dossiers\/preparer-larrivee-du-cobaye\/entretien-de-la-cage\/\",\"url\":\"http:\/\/www.cobayous.com\/site\/les-dossiers\/preparer-larrivee-du-cobaye\/entretien-de-la-cage\/\",\"name\":\"Pr\u00e9parer son arriv\u00e9e : Entretien de la cage - Les Cobayes Pom&amp;Lolo\",\"isPartOf\":{\"@id\":\"http:\/\/www.cobayous.com\/site\/#website\"},\"primaryImageOfPage\":{\"@id\":\"http:\/\/www.cobayous.com\/site\/les-dossiers\/preparer-larrivee-du-cobaye\/entretien-de-la-cage\/#primaryimage\"},\"image\":{\"@id\":\"http:\/\/www.cobayous.com\/site\/les-dossiers\/preparer-larrivee-du-cobaye\/entretien-de-la-cage\/#primaryimage\"},\"thumbnailUrl\":\"http:\/\/www.cobayous.Com\/site\/wp-content\/uploads\/img\/memo.png\",\"datePublished\":\"2010-05-12T12:09:54+00:00\",\"dateModified\":\"2016-11-21T15:58:01+00:00\",\"breadcrumb\":{\"@id\":\"http:\/\/www.cobayous.com\/site\/les-dossiers\/preparer-larrivee-du-cobaye\/entretien-de-la-cage\/#breadcrumb\"},\"inLanguage\":\"fr-FR\",\"potentialAction\":[{\"@type\":\"ReadAction\",\"target\":[\"http:\/\/www.cobayous.com\/site\/les-dossiers\/preparer-larrivee-du-cobaye\/entretien-de-la-cage\/\"]}]},{\"@type\":\"ImageObject\",\"inLanguage\":\"fr-FR\",\"@id\":\"http:\/\/www.cobayous.com\/site\/les-dossiers\/preparer-larrivee-du-cobaye\/entretien-de-la-cage\/#primaryimage\",\"url\":\"http:\/\/www.cobayous.Com\/site\/wp-content\/uploads\/img\/memo.png\",\"contentUrl\":\"http:\/\/www.cobayous.Com\/site\/wp-content\/uploads\/img\/memo.png\"},{\"@type\":\"BreadcrumbList\",\"@id\":\"http:\/\/www.cobayous.com\/site\/les-dossiers\/preparer-larrivee-du-cobaye\/entretien-de-la-cage\/#breadcrumb\",\"itemListElement\":[{\"@type\":\"ListItem\",\"position\":1,\"name\":\"Accueil\",\"item\":\"http:\/\/www.cobayous.com\/site\/\"},{\"@type\":\"ListItem\",\"position\":2,\"name\":\"Dossiers\",\"item\":\"http:\/\/www.cobayous.com\/site\/les-dossiers\/\"},{\"@type\":\"ListItem\",\"position\":3,\"name\":\"Pr\u00e9parer son arriv\u00e9e\",\"item\":\"http:\/\/www.cobayous.com\/site\/les-dossiers\/preparer-larrivee-du-cobaye\/\"},{\"@type\":\"ListItem\",\"position\":4,\"name\":\"Pr\u00e9parer son arriv\u00e9e : Entretien de la cage\"}]},{\"@type\":\"WebSite\",\"@id\":\"http:\/\/www.cobayous.com\/site\/#website\",\"url\":\"http:\/\/www.cobayous.com\/site\/\",\"name\":\"Les Cobayes Pom&Lolo\",\"description\":\"\",\"publisher\":{\"@id\":\"http:\/\/www.cobayous.com\/site\/#organization\"},\"potentialAction\":[{\"@type\":\"SearchAction\",\"target\":{\"@type\":\"EntryPoint\",\"urlTemplate\":\"http:\/\/www.cobayous.com\/site\/?s={search_term_string}\"},\"query-input\":{\"@type\":\"PropertyValueSpecification\",\"valueRequired\":true,\"valueName\":\"search_term_string\"}}],\"inLanguage\":\"fr-FR\"},{\"@type\":\"Organization\",\"@id\":\"http:\/\/www.cobayous.com\/site\/#organization\",\"name\":\"Les Cobayes Pom&Lolo\",\"url\":\"http:\/\/www.cobayous.com\/site\/\",\"logo\":{\"@type\":\"ImageObject\",\"inLanguage\":\"fr-FR\",\"@id\":\"http:\/\/www.cobayous.com\/site\/#\/schema\/logo\/image\/\",\"url\":\"http:\/\/www.cobayous.com\/site\/wp-content\/uploads\/2024\/01\/header-bg.png\",\"contentUrl\":\"http:\/\/www.cobayous.com\/site\/wp-content\/uploads\/2024\/01\/header-bg.png\",\"width\":1022,\"height\":250,\"caption\":\"Les Cobayes Pom&Lolo\"},\"image\":{\"@id\":\"http:\/\/www.cobayous.com\/site\/#\/schema\/logo\/image\/\"}}]}<\/script>\n<!-- \/ Yoast SEO plugin. -->","yoast_head_json":{"title":"Pr\u00e9parer son arriv\u00e9e : Entretien de la cage - Les Cobayes Pom&amp;Lolo","robots":{"index":"index","follow":"follow","max-snippet":"max-snippet:-1","max-image-preview":"max-image-preview:large","max-video-preview":"max-video-preview:-1"},"canonical":"http:\/\/www.cobayous.com\/site\/les-dossiers\/preparer-larrivee-du-cobaye\/entretien-de-la-cage\/","og_locale":"fr_FR","og_type":"article","og_title":"Pr\u00e9parer son arriv\u00e9e : Entretien de la cage - Les Cobayes Pom&amp;Lolo","og_description":"[ezcol_1third] EN BREF \u00c9vitez les produits trop chimiques. Liquide vaisselle, vinaigre, javel de temps en temps, c&rsquo;est suffisant ! A LIRE Dans la rubrique Se pr\u00e9parer : Cage et Accessoires... Read more &raquo;","og_url":"http:\/\/www.cobayous.com\/site\/les-dossiers\/preparer-larrivee-du-cobaye\/entretien-de-la-cage\/","og_site_name":"Les Cobayes Pom&amp;Lolo","article_modified_time":"2016-11-21T15:58:01+00:00","og_image":[{"url":"http:\/\/www.cobayous.Com\/site\/wp-content\/uploads\/img\/memo.png","type":"","width":"","height":""}],"twitter_card":"summary_large_image","twitter_misc":{"Dur\u00e9e de lecture estim\u00e9e":"3 minutes"},"schema":{"@context":"https:\/\/schema.org","@graph":[{"@type":"WebPage","@id":"http:\/\/www.cobayous.com\/site\/les-dossiers\/preparer-larrivee-du-cobaye\/entretien-de-la-cage\/","url":"http:\/\/www.cobayous.com\/site\/les-dossiers\/preparer-larrivee-du-cobaye\/entretien-de-la-cage\/","name":"Pr\u00e9parer son arriv\u00e9e : Entretien de la cage - Les Cobayes Pom&amp;Lolo","isPartOf":{"@id":"http:\/\/www.cobayous.com\/site\/#website"},"primaryImageOfPage":{"@id":"http:\/\/www.cobayous.com\/site\/les-dossiers\/preparer-larrivee-du-cobaye\/entretien-de-la-cage\/#primaryimage"},"image":{"@id":"http:\/\/www.cobayous.com\/site\/les-dossiers\/preparer-larrivee-du-cobaye\/entretien-de-la-cage\/#primaryimage"},"thumbnailUrl":"http:\/\/www.cobayous.Com\/site\/wp-content\/uploads\/img\/memo.png","datePublished":"2010-05-12T12:09:54+00:00","dateModified":"2016-11-21T15:58:01+00:00","breadcrumb":{"@id":"http:\/\/www.cobayous.com\/site\/les-dossiers\/preparer-larrivee-du-cobaye\/entretien-de-la-cage\/#breadcrumb"},"inLanguage":"fr-FR","potentialAction":[{"@type":"ReadAction","target":["http:\/\/www.cobayous.com\/site\/les-dossiers\/preparer-larrivee-du-cobaye\/entretien-de-la-cage\/"]}]},{"@type":"ImageObject","inLanguage":"fr-FR","@id":"http:\/\/www.cobayous.com\/site\/les-dossiers\/preparer-larrivee-du-cobaye\/entretien-de-la-cage\/#primaryimage","url":"http:\/\/www.cobayous.Com\/site\/wp-content\/uploads\/img\/memo.png","contentUrl":"http:\/\/www.cobayous.Com\/site\/wp-content\/uploads\/img\/memo.png"},{"@type":"BreadcrumbList","@id":"http:\/\/www.cobayous.com\/site\/les-dossiers\/preparer-larrivee-du-cobaye\/entretien-de-la-cage\/#breadcrumb","itemListElement":[{"@type":"ListItem","position":1,"name":"Accueil","item":"http:\/\/www.cobayous.com\/site\/"},{"@type":"ListItem","position":2,"name":"Dossiers","item":"http:\/\/www.cobayous.com\/site\/les-dossiers\/"},{"@type":"ListItem","position":3,"name":"Pr\u00e9parer son arriv\u00e9e","item":"http:\/\/www.cobayous.com\/site\/les-dossiers\/preparer-larrivee-du-cobaye\/"},{"@type":"ListItem","position":4,"name":"Pr\u00e9parer son arriv\u00e9e : Entretien de la cage"}]},{"@type":"WebSite","@id":"http:\/\/www.cobayous.com\/site\/#website","url":"http:\/\/www.cobayous.com\/site\/","name":"Les Cobayes Pom&Lolo","description":"","publisher":{"@id":"http:\/\/www.cobayous.com\/site\/#organization"},"potentialAction":[{"@type":"SearchAction","target":{"@type":"EntryPoint","urlTemplate":"http:\/\/www.cobayous.com\/site\/?s={search_term_string}"},"query-input":{"@type":"PropertyValueSpecification","valueRequired":true,"valueName":"search_term_string"}}],"inLanguage":"fr-FR"},{"@type":"Organization","@id":"http:\/\/www.cobayous.com\/site\/#organization","name":"Les Cobayes Pom&Lolo","url":"http:\/\/www.cobayous.com\/site\/","logo":{"@type":"ImageObject","inLanguage":"fr-FR","@id":"http:\/\/www.cobayous.com\/site\/#\/schema\/logo\/image\/","url":"http:\/\/www.cobayous.com\/site\/wp-content\/uploads\/2024\/01\/header-bg.png","contentUrl":"http:\/\/www.cobayous.com\/site\/wp-content\/uploads\/2024\/01\/header-bg.png","width":1022,"height":250,"caption":"Les Cobayes Pom&Lolo"},"image":{"@id":"http:\/\/www.cobayous.com\/site\/#\/schema\/logo\/image\/"}}]}},"_links":{"self":[{"href":"http:\/\/www.cobayous.com\/site\/wp-json\/wp\/v2\/pages\/135","targetHints":{"allow":["GET"]}}],"collection":[{"href":"http:\/\/www.cobayous.com\/site\/wp-json\/wp\/v2\/pages"}],"about":[{"href":"http:\/\/www.cobayous.com\/site\/wp-json\/wp\/v2\/types\/page"}],"author":[{"embeddable":true,"href":"http:\/\/www.cobayous.com\/site\/wp-json\/wp\/v2\/users\/1"}],"replies":[{"embeddable":true,"href":"http:\/\/www.cobayous.com\/site\/wp-json\/wp\/v2\/comments?post=135"}],"version-history":[{"count":2,"href":"http:\/\/www.cobayous.com\/site\/wp-json\/wp\/v2\/pages\/135\/revisions"}],"predecessor-version":[{"id":3657,"href":"http:\/\/www.cobayous.com\/site\/wp-json\/wp\/v2\/pages\/135\/revisions\/3657"}],"up":[{"embeddable":true,"href":"http:\/\/www.cobayous.com\/site\/wp-json\/wp\/v2\/pages\/120"}],"wp:attachment":[{"href":"http:\/\/www.cobayous.com\/site\/wp-json\/wp\/v2\/media?parent=135"}],"curies":[{"name":"wp","href":"https:\/\/api.w.org\/{rel}","templated":true}]}}