{"id":1348,"date":"2011-04-14T08:31:18","date_gmt":"2011-04-14T07:31:18","guid":{"rendered":"http:\/\/www.cobayous.com\/site\/?page_id=1348"},"modified":"2016-11-23T21:07:11","modified_gmt":"2016-11-23T20:07:11","slug":"yeux-nez-oreilles","status":"publish","type":"page","link":"http:\/\/www.cobayous.com\/site\/les-dossiers\/les-soins\/yeux-nez-oreilles\/","title":{"rendered":"Les soins des Yeux, Nez et Oreilles"},"content":{"rendered":" <p> [ezcol_1third] <\/p> \n<div style=\"background: #EDF7F2; border: 1px solid #7FC6BC; color: #404040; padding: 0 10px 0 10px; margin-top: 1em; text-align: justify; border-radius: 10px;\">\n <p> <img loading=\"lazy\" decoding=\"async\" class=\"alignleft\" title=\"alire\" src=\"http:\/\/www.cobayous.Com\/site\/wp-content\/uploads\/img\/books.png\" alt=\"\" width=\"30\" height=\"30\"> <\/p> \n<h3>A LIRE<\/h3>\n <p> <span style=\"color: #008000;\">Dans la rubrique Soins :<\/span> <\/p> \n<ul>\n<li><a title=\"Les Soins des Dents\" href=\"http:\/\/www.cobayous.com\/site\/les-dossiers\/les-soins\/les-dents\/\" rel=\"\">Les Dents<\/a><\/li>\n<li><a title=\"Les soins des ongles\" href=\"http:\/\/www.cobayous.com\/site\/les-dossiers\/les-soins\/ongles-griffes\/\" rel=\"\">Les ongles<\/a><\/li>\n<li><a title=\"Les soins des poils\" href=\"http:\/\/www.cobayous.com\/site\/les-dossiers\/les-soins\/poils-fourrure\/\" rel=\"\">Les poils<\/a><\/li>\n<li>Les Yeux, Nez et Oreilles<\/li>\n<li><a title=\"La trousse de secours\" href=\"http:\/\/www.cobayous.com\/site\/les-dossiers\/les-soins\/la-trousse-de-secours\/\" rel=\"\">La trousse de secours<\/a><\/li>\n<\/ul>\n <p> <span style=\"color: #008000;\">Dossiers Connexes :<\/span> <\/p> \n<ul>\n<li><a title=\"Animalerie : prendre garde aux conseils !\" href=\"http:\/\/www.cobayous.com\/site\/les-dossiers\/avant-achat-cobaye\/animalerie-prendre-garde-aux-conseils\/\">Animalerie, attention aux conseils !<\/a><\/li>\n<li><a title=\"Le cobaye et les vacances\" href=\"http:\/\/www.cobayous.com\/site\/les-dossiers\/speciaux-pratiques\/le-cobaye-et-les-vacances\/\">Le Cobaye et les Vacances<\/a><\/li>\n<li><a title=\"Rongeurs et Enfants\" href=\"http:\/\/www.cobayous.com\/site\/les-dossiers\/avant-achat-cobaye\/rongeurs-et-enfants\/\">Rongeurs et enfants<\/a><\/li>\n<\/ul>\n<\/div>\n<div style=\"background: #ffffff; border: 1px solid #EACFB8; color: #404040; padding: 0 10px 0 10px; margin-top: 1em; text-align: justify; border-radius: 10px;\"><script async=\"\" src=\"\/\/pagead2.googlesyndication.com\/pagead\/js\/adsbygoogle.js\"><\/script> <br \/> \n <!-- cob-dossier-gauche -->  <br \/> \n<ins class=\"adsbygoogle\" style=\"display: block;\" data-ad-client=\"ca-pub-3631834167777130\" data-ad-slot=\"6832657395\" data-ad-format=\"auto\"><\/ins> <br \/> \n<script>\n(adsbygoogle = window.adsbygoogle || []).push({});\n<\/script> <br \/> \n<img loading=\"lazy\" decoding=\"async\" class=\"alignleft\" src=\"http:\/\/www.cobayous.Com\/site\/wp-content\/uploads\/img\/question.png\" alt=\"\" width=\"30\" height=\"30\"> <\/p> \n<h4>DES QUESTIONS ?<\/h4>\n <p> Tu as des questions \u00e0 poser sur les cobayes? Tu souhaites discuter avec nous? <\/p> \n <p> <img loading=\"lazy\" decoding=\"async\" class=\"alignleft\" title=\"talk\" src=\"http:\/\/www.cobayous.com\/site\/wp-content\/uploads\/img\/icon-talk.png\" alt=\"\" width=\"44\" height=\"30\"> <a href=\"http:\/\/www.cobayous.Com\/forum\">Rejoins-nous !<\/a> <\/p> \n<\/div>\n <p> [\/ezcol_1third] [ezcol_2third_end] <\/p> \n<div style=\"background: none repeat scroll 0% 0% #f5fafc; border: 1px solid #6396ef; color: #404040; padding: 0pt 10px; margin-top: 1em; min-height: 250px; max-width: 98%; text-align: left;\">\n <p> <span style=\"text-decoration: underline;\"><strong>Les Yeux et le Nez<\/strong><\/span> <\/p> \n <p> <strong><img loading=\"lazy\" decoding=\"async\" class=\"alignleft\" title=\"yeux nez lolo\" src=\"http:\/\/www.cobayous.com\/site\/wp-content\/uploads\/dossiers\/soins_lolo_yeux.jpg\" alt=\"\" width=\"200\" height=\"191\">Les yeux<\/strong> doivent toujours \u00eatre sans \u00e9coulement,<strong> sec mais brillants<\/strong>. Si vous remarquez un \u00e9coulement, vous pouvez lui nettoyer les yeux : frotter d\u00e9licatement ses yeux avec un coton sur lequel vous aurez mis du S\u00e9rum physiologique (ou du Dacryo S\u00e9rum) <strong>de l\u2019ext\u00e9rieur vers le coin int\u00e9rieur de l&rsquo;oeil<\/strong>. <br \/> \nSi les \u00e9coulements persistent apr\u00e8s plusieurs jours, consultez un V\u00e9t\u00e9rinaire sp\u00e9cialis\u00e9 Nacs (Nouveaux animaux de compagnie) <\/p> \n<p style=\"text-align: left;\"><strong>Le Nez<\/strong> doit aussi \u00eatre toujours <strong>sec et sans \u00e9coulement<\/strong>. Si vous constatez que son ne coule et\/ou qu\u2019il \u00e9ternue, demandez conseil \u00e0 un v\u00e9t\u00e9rinaire. <\/p> \n<\/div>\n<div style=\"background: none repeat scroll 0% 0% #f5fafc; border: 1px solid #6396ef; color: #404040; padding: 0pt 10px; margin-top: 1em; min-height: 250px; max-width: 98%; text-align: left;\">\n <p> <strong><span style=\"text-decoration: underline;\">Les Oreilles<\/span><\/strong> <\/p> \n <p> <a href=\"http:\/\/www.cobayous.com\/site\/wp-content\/uploads\/dossiers\/soins_pom_oreille1.jpg\"><img loading=\"lazy\" decoding=\"async\" class=\"alignleft\" title=\"pom oreilles\" src=\"http:\/\/www.cobayous.com\/site\/wp-content\/uploads\/dossiers\/soins_pom_oreille1_pt.jpg\" alt=\"\" width=\"200\" height=\"192\"><\/a>Les oreilles aussi doivent <strong>toujours rester propres<\/strong>. <br \/> \nSi vous constatez le contraire, vous pouvez les nettoyer avec un simple mouchoir en papier mais <strong>tr\u00e8s d\u00e9licatement<\/strong> car elles sont tr\u00e8s sensibles !!! En aucun cas n\u2019utilisez de coton tige : si l\u2019animal venait \u00e0 bouger (ce qui arrive assez souvent), vous pourriez le blesser. <br \/> \n<strong>Le cobaye n&rsquo;a pas de poils derri\u00e8re les oreilles : pas d&rsquo;inqui\u00e9tude, c&rsquo;est tout \u00e0 fait normal<\/strong> <img loading=\"lazy\" decoding=\"async\" class=\"alignnone\" title=\"clin d'oeil\" src=\"http:\/\/www.cobayous.com\/forum\/images\/smilies\/icon_wink.gif\" alt=\"\" width=\"20\" height=\"20\"> <\/p> \n <p> Cliquez sur la photo ci-contre pour l&rsquo;agrandir. <\/p> \n<\/div>\n <p> &nbsp; <\/p> \n <p> <a href=\"http:\/\/www.cobayous.com\/site\/qui-sommes-nous\/\"><img loading=\"lazy\" decoding=\"async\" class=\"alignright\" title=\"copyright-pomelo.jpg\" src=\"\/site\/wp-content\/uploads\/dossiers\/copyright-pomelo.jpg\" alt=\"copyright-pomelo.jpg\" width=\"275\" height=\"50\" border=\"0\"><\/a> <\/p> \n <p> [\/ezcol_2third_end] <\/p> \n","protected":false},"excerpt":{"rendered":" <p> [ezcol_1third] A LIRE Dans la rubrique Soins : Les Dents Les ongles Les poils Les Yeux, Nez et Oreilles La trousse de secours Dossiers Connexes : Animalerie, attention aux conseils&#8230; <a href=\"http:\/\/www.cobayous.com\/site\/les-dossiers\/les-soins\/yeux-nez-oreilles\/\">Read more &raquo;<\/a> <\/p> \n","protected":false},"author":1,"featured_media":0,"parent":1310,"menu_order":3,"comment_status":"closed","ping_status":"closed","template":"","meta":{"ngg_post_thumbnail":0,"footnotes":""},"class_list":["post-1348","page","type-page","status-publish","hentry"],"yoast_head":"<!-- This site is optimized with the Yoast SEO plugin v27.1.1 - https:\/\/yoast.com\/product\/yoast-seo-wordpress\/ -->\n<title>Les soins des Yeux, Nez et Oreilles - Les Cobayes Pom&amp;Lolo<\/title>\n<meta name=\"robots\" content=\"index, follow, max-snippet:-1, max-image-preview:large, max-video-preview:-1\" \/>\n<link rel=\"canonical\" href=\"http:\/\/www.cobayous.com\/site\/les-dossiers\/les-soins\/yeux-nez-oreilles\/\" \/>\n<meta property=\"og:locale\" content=\"fr_FR\" \/>\n<meta property=\"og:type\" content=\"article\" \/>\n<meta property=\"og:title\" content=\"Les soins des Yeux, Nez et Oreilles - Les Cobayes Pom&amp;Lolo\" \/>\n<meta property=\"og:description\" content=\"[ezcol_1third] A LIRE Dans la rubrique Soins : Les Dents Les ongles Les poils Les Yeux, Nez et Oreilles La trousse de secours Dossiers Connexes : Animalerie, attention aux conseils... Read more &raquo;\" \/>\n<meta property=\"og:url\" content=\"http:\/\/www.cobayous.com\/site\/les-dossiers\/les-soins\/yeux-nez-oreilles\/\" \/>\n<meta property=\"og:site_name\" content=\"Les Cobayes Pom&amp;Lolo\" \/>\n<meta property=\"article:modified_time\" content=\"2016-11-23T20:07:11+00:00\" \/>\n<meta property=\"og:image\" content=\"http:\/\/www.cobayous.Com\/site\/wp-content\/uploads\/img\/books.png\" \/>\n<meta name=\"twitter:card\" content=\"summary_large_image\" \/>\n<meta name=\"twitter:label1\" content=\"Dur\u00e9e de lecture estim\u00e9e\" \/>\n\t<meta name=\"twitter:data1\" content=\"1 minute\" \/>\n<script type=\"application\/ld+json\" class=\"yoast-schema-graph\">{\"@context\":\"https:\/\/schema.org\",\"@graph\":[{\"@type\":\"WebPage\",\"@id\":\"http:\/\/www.cobayous.com\/site\/les-dossiers\/les-soins\/yeux-nez-oreilles\/\",\"url\":\"http:\/\/www.cobayous.com\/site\/les-dossiers\/les-soins\/yeux-nez-oreilles\/\",\"name\":\"Les soins des Yeux, Nez et Oreilles - Les Cobayes Pom&amp;Lolo\",\"isPartOf\":{\"@id\":\"http:\/\/www.cobayous.com\/site\/#website\"},\"primaryImageOfPage\":{\"@id\":\"http:\/\/www.cobayous.com\/site\/les-dossiers\/les-soins\/yeux-nez-oreilles\/#primaryimage\"},\"image\":{\"@id\":\"http:\/\/www.cobayous.com\/site\/les-dossiers\/les-soins\/yeux-nez-oreilles\/#primaryimage\"},\"thumbnailUrl\":\"http:\/\/www.cobayous.Com\/site\/wp-content\/uploads\/img\/books.png\",\"datePublished\":\"2011-04-14T07:31:18+00:00\",\"dateModified\":\"2016-11-23T20:07:11+00:00\",\"breadcrumb\":{\"@id\":\"http:\/\/www.cobayous.com\/site\/les-dossiers\/les-soins\/yeux-nez-oreilles\/#breadcrumb\"},\"inLanguage\":\"fr-FR\",\"potentialAction\":[{\"@type\":\"ReadAction\",\"target\":[\"http:\/\/www.cobayous.com\/site\/les-dossiers\/les-soins\/yeux-nez-oreilles\/\"]}]},{\"@type\":\"ImageObject\",\"inLanguage\":\"fr-FR\",\"@id\":\"http:\/\/www.cobayous.com\/site\/les-dossiers\/les-soins\/yeux-nez-oreilles\/#primaryimage\",\"url\":\"http:\/\/www.cobayous.Com\/site\/wp-content\/uploads\/img\/books.png\",\"contentUrl\":\"http:\/\/www.cobayous.Com\/site\/wp-content\/uploads\/img\/books.png\"},{\"@type\":\"BreadcrumbList\",\"@id\":\"http:\/\/www.cobayous.com\/site\/les-dossiers\/les-soins\/yeux-nez-oreilles\/#breadcrumb\",\"itemListElement\":[{\"@type\":\"ListItem\",\"position\":1,\"name\":\"Accueil\",\"item\":\"http:\/\/www.cobayous.com\/site\/\"},{\"@type\":\"ListItem\",\"position\":2,\"name\":\"Dossiers\",\"item\":\"http:\/\/www.cobayous.com\/site\/les-dossiers\/\"},{\"@type\":\"ListItem\",\"position\":3,\"name\":\"Les Soins\",\"item\":\"http:\/\/www.cobayous.com\/site\/les-dossiers\/les-soins\/\"},{\"@type\":\"ListItem\",\"position\":4,\"name\":\"Les soins des Yeux, Nez et Oreilles\"}]},{\"@type\":\"WebSite\",\"@id\":\"http:\/\/www.cobayous.com\/site\/#website\",\"url\":\"http:\/\/www.cobayous.com\/site\/\",\"name\":\"Les Cobayes Pom&Lolo\",\"description\":\"\",\"publisher\":{\"@id\":\"http:\/\/www.cobayous.com\/site\/#organization\"},\"potentialAction\":[{\"@type\":\"SearchAction\",\"target\":{\"@type\":\"EntryPoint\",\"urlTemplate\":\"http:\/\/www.cobayous.com\/site\/?s={search_term_string}\"},\"query-input\":{\"@type\":\"PropertyValueSpecification\",\"valueRequired\":true,\"valueName\":\"search_term_string\"}}],\"inLanguage\":\"fr-FR\"},{\"@type\":\"Organization\",\"@id\":\"http:\/\/www.cobayous.com\/site\/#organization\",\"name\":\"Les Cobayes Pom&Lolo\",\"url\":\"http:\/\/www.cobayous.com\/site\/\",\"logo\":{\"@type\":\"ImageObject\",\"inLanguage\":\"fr-FR\",\"@id\":\"http:\/\/www.cobayous.com\/site\/#\/schema\/logo\/image\/\",\"url\":\"http:\/\/www.cobayous.com\/site\/wp-content\/uploads\/2024\/01\/header-bg.png\",\"contentUrl\":\"http:\/\/www.cobayous.com\/site\/wp-content\/uploads\/2024\/01\/header-bg.png\",\"width\":1022,\"height\":250,\"caption\":\"Les Cobayes Pom&Lolo\"},\"image\":{\"@id\":\"http:\/\/www.cobayous.com\/site\/#\/schema\/logo\/image\/\"}}]}<\/script>\n<!-- \/ Yoast SEO plugin. -->","yoast_head_json":{"title":"Les soins des Yeux, Nez et Oreilles - Les Cobayes Pom&amp;Lolo","robots":{"index":"index","follow":"follow","max-snippet":"max-snippet:-1","max-image-preview":"max-image-preview:large","max-video-preview":"max-video-preview:-1"},"canonical":"http:\/\/www.cobayous.com\/site\/les-dossiers\/les-soins\/yeux-nez-oreilles\/","og_locale":"fr_FR","og_type":"article","og_title":"Les soins des Yeux, Nez et Oreilles - Les Cobayes Pom&amp;Lolo","og_description":"[ezcol_1third] A LIRE Dans la rubrique Soins : Les Dents Les ongles Les poils Les Yeux, Nez et Oreilles La trousse de secours Dossiers Connexes : Animalerie, attention aux conseils... Read more &raquo;","og_url":"http:\/\/www.cobayous.com\/site\/les-dossiers\/les-soins\/yeux-nez-oreilles\/","og_site_name":"Les Cobayes Pom&amp;Lolo","article_modified_time":"2016-11-23T20:07:11+00:00","og_image":[{"url":"http:\/\/www.cobayous.Com\/site\/wp-content\/uploads\/img\/books.png","type":"","width":"","height":""}],"twitter_card":"summary_large_image","twitter_misc":{"Dur\u00e9e de lecture estim\u00e9e":"1 minute"},"schema":{"@context":"https:\/\/schema.org","@graph":[{"@type":"WebPage","@id":"http:\/\/www.cobayous.com\/site\/les-dossiers\/les-soins\/yeux-nez-oreilles\/","url":"http:\/\/www.cobayous.com\/site\/les-dossiers\/les-soins\/yeux-nez-oreilles\/","name":"Les soins des Yeux, Nez et Oreilles - Les Cobayes Pom&amp;Lolo","isPartOf":{"@id":"http:\/\/www.cobayous.com\/site\/#website"},"primaryImageOfPage":{"@id":"http:\/\/www.cobayous.com\/site\/les-dossiers\/les-soins\/yeux-nez-oreilles\/#primaryimage"},"image":{"@id":"http:\/\/www.cobayous.com\/site\/les-dossiers\/les-soins\/yeux-nez-oreilles\/#primaryimage"},"thumbnailUrl":"http:\/\/www.cobayous.Com\/site\/wp-content\/uploads\/img\/books.png","datePublished":"2011-04-14T07:31:18+00:00","dateModified":"2016-11-23T20:07:11+00:00","breadcrumb":{"@id":"http:\/\/www.cobayous.com\/site\/les-dossiers\/les-soins\/yeux-nez-oreilles\/#breadcrumb"},"inLanguage":"fr-FR","potentialAction":[{"@type":"ReadAction","target":["http:\/\/www.cobayous.com\/site\/les-dossiers\/les-soins\/yeux-nez-oreilles\/"]}]},{"@type":"ImageObject","inLanguage":"fr-FR","@id":"http:\/\/www.cobayous.com\/site\/les-dossiers\/les-soins\/yeux-nez-oreilles\/#primaryimage","url":"http:\/\/www.cobayous.Com\/site\/wp-content\/uploads\/img\/books.png","contentUrl":"http:\/\/www.cobayous.Com\/site\/wp-content\/uploads\/img\/books.png"},{"@type":"BreadcrumbList","@id":"http:\/\/www.cobayous.com\/site\/les-dossiers\/les-soins\/yeux-nez-oreilles\/#breadcrumb","itemListElement":[{"@type":"ListItem","position":1,"name":"Accueil","item":"http:\/\/www.cobayous.com\/site\/"},{"@type":"ListItem","position":2,"name":"Dossiers","item":"http:\/\/www.cobayous.com\/site\/les-dossiers\/"},{"@type":"ListItem","position":3,"name":"Les Soins","item":"http:\/\/www.cobayous.com\/site\/les-dossiers\/les-soins\/"},{"@type":"ListItem","position":4,"name":"Les soins des Yeux, Nez et Oreilles"}]},{"@type":"WebSite","@id":"http:\/\/www.cobayous.com\/site\/#website","url":"http:\/\/www.cobayous.com\/site\/","name":"Les Cobayes Pom&Lolo","description":"","publisher":{"@id":"http:\/\/www.cobayous.com\/site\/#organization"},"potentialAction":[{"@type":"SearchAction","target":{"@type":"EntryPoint","urlTemplate":"http:\/\/www.cobayous.com\/site\/?s={search_term_string}"},"query-input":{"@type":"PropertyValueSpecification","valueRequired":true,"valueName":"search_term_string"}}],"inLanguage":"fr-FR"},{"@type":"Organization","@id":"http:\/\/www.cobayous.com\/site\/#organization","name":"Les Cobayes Pom&Lolo","url":"http:\/\/www.cobayous.com\/site\/","logo":{"@type":"ImageObject","inLanguage":"fr-FR","@id":"http:\/\/www.cobayous.com\/site\/#\/schema\/logo\/image\/","url":"http:\/\/www.cobayous.com\/site\/wp-content\/uploads\/2024\/01\/header-bg.png","contentUrl":"http:\/\/www.cobayous.com\/site\/wp-content\/uploads\/2024\/01\/header-bg.png","width":1022,"height":250,"caption":"Les Cobayes Pom&Lolo"},"image":{"@id":"http:\/\/www.cobayous.com\/site\/#\/schema\/logo\/image\/"}}]}},"_links":{"self":[{"href":"http:\/\/www.cobayous.com\/site\/wp-json\/wp\/v2\/pages\/1348","targetHints":{"allow":["GET"]}}],"collection":[{"href":"http:\/\/www.cobayous.com\/site\/wp-json\/wp\/v2\/pages"}],"about":[{"href":"http:\/\/www.cobayous.com\/site\/wp-json\/wp\/v2\/types\/page"}],"author":[{"embeddable":true,"href":"http:\/\/www.cobayous.com\/site\/wp-json\/wp\/v2\/users\/1"}],"replies":[{"embeddable":true,"href":"http:\/\/www.cobayous.com\/site\/wp-json\/wp\/v2\/comments?post=1348"}],"version-history":[{"count":2,"href":"http:\/\/www.cobayous.com\/site\/wp-json\/wp\/v2\/pages\/1348\/revisions"}],"predecessor-version":[{"id":3727,"href":"http:\/\/www.cobayous.com\/site\/wp-json\/wp\/v2\/pages\/1348\/revisions\/3727"}],"up":[{"embeddable":true,"href":"http:\/\/www.cobayous.com\/site\/wp-json\/wp\/v2\/pages\/1310"}],"wp:attachment":[{"href":"http:\/\/www.cobayous.com\/site\/wp-json\/wp\/v2\/media?parent=1348"}],"curies":[{"name":"wp","href":"https:\/\/api.w.org\/{rel}","templated":true}]}}