{"id":133,"date":"2010-05-12T12:08:48","date_gmt":"2010-05-12T12:08:48","guid":{"rendered":"http:\/\/www.cobayous.com\/site\/?page_id=133"},"modified":"2016-11-21T17:04:23","modified_gmt":"2016-11-21T16:04:23","slug":"ou-placer-la-cage","status":"publish","type":"page","link":"http:\/\/www.cobayous.com\/site\/les-dossiers\/preparer-larrivee-du-cobaye\/ou-placer-la-cage\/","title":{"rendered":"Pr\u00e9parer son arriv\u00e9e : O\u00f9 placer la cage ?"},"content":{"rendered":" <p> [ezcol_1third] <\/p> \n<div style=\"background: #FFEFCE; border: 1px solid #BD8D46; color: #404040; padding: 0 10px 0 10px; margin-top: 1em; text-align: justify; border-radius: 10px;\">\n<h3><img loading=\"lazy\" decoding=\"async\" class=\"alignleft\" title=\"memo\" src=\"http:\/\/www.cobayous.Com\/site\/wp-content\/uploads\/img\/memo.png\" alt=\"\" width=\"30\" height=\"30\">EN BREF<\/h3>\n <p> Attention aux courants d&rsquo;air et aux coups de chaleur, aux autres animaux du foyer et aux chutes possibles de la cage si elle est pos\u00e9e en hauteur. <\/p> \n <p> Un peu de bruit pour qu&rsquo;il s&rsquo;habitue \u00ab\u00a0\u00e0 la vie de la maison\u00a0\u00bb mais \u00e9viter les bruits excessifs (t\u00e9l\u00e9vision &#8230;) <\/p> \n<\/div>\n<div style=\"background: #EDF7F2; border: 1px solid #7FC6BC; color: #404040; padding: 0 10px 0 10px; margin-top: 1em; text-align: justify; border-radius: 10px;\">\n <p> <img loading=\"lazy\" decoding=\"async\" class=\"alignleft\" title=\"alire\" src=\"http:\/\/www.cobayous.Com\/site\/wp-content\/uploads\/img\/books.png\" alt=\"\" width=\"30\" height=\"30\"> <\/p> \n<h3>A LIRE<\/h3>\n <p> <span style=\"color: #008000;\">Dans la rubrique Se pr\u00e9parer :<\/span> <\/p> \n<ul>\n<li><a title=\"Pr\u00e9parer son arriv\u00e9e : Cage et accessoires\" href=\"http:\/\/www.cobayous.com\/site\/les-dossiers\/preparer-larrivee-du-cobaye\/cage-et-accessoires\/\">Cage et Accessoires<\/a><\/li>\n<li><a title=\"Pr\u00e9parer son arriv\u00e9e : Les diff\u00e9rentes liti\u00e8res\" href=\"http:\/\/www.cobayous.com\/site\/les-dossiers\/preparer-larrivee-du-cobaye\/les-differentes-litieres\/\" rel=\"\">Les diff\u00e9rentes liti\u00e8res<\/a><\/li>\n<li>O\u00f9 placer la cage ?<\/li>\n<li><a title=\"Pr\u00e9parer son arriv\u00e9e : Entretien de la cage\" href=\"http:\/\/www.cobayous.com\/site\/les-dossiers\/preparer-larrivee-du-cobaye\/entretien-de-la-cage\/\" rel=\"\">Entretien de la cage<\/a><\/li>\n<li><a title=\"Les Cabanes\" href=\"http:\/\/www.cobayous.com\/site\/les-dossiers\/preparer-larrivee-du-cobaye\/cabanes\/\" rel=\"\">Les Cabanes<\/a><\/li>\n<\/ul>\n <p> <span style=\"color: #008000;\">Dossiers Connexes :<\/span> <\/p> \n<ul>\n<li><a title=\"Apprivoiser son cobaye\" href=\"http:\/\/www.cobayous.com\/site\/les-dossiers\/apprivoiser-son-cobaye\/\">Apprivoisement<\/a><\/li>\n<li><a title=\"Alimentation\" href=\"http:\/\/www.cobayous.com\/site\/les-dossiers\/alimentation-du-cobaye\/\">Alimentation<\/a><\/li>\n<li><a title=\"Maladies du Cobaye\" href=\"http:\/\/www.cobayous.com\/site\/les-dossiers\/les-maladies-du-cobaye\/\">Maladies<\/a><\/li>\n<li><a title=\"Les Soins\" href=\"http:\/\/www.cobayous.com\/site\/les-dossiers\/les-soins\/\">Soins<\/a><\/li>\n<li><a title=\"Le cobaye et les vacances\" href=\"http:\/\/www.cobayous.com\/site\/les-dossiers\/speciaux-pratiques\/le-cobaye-et-les-vacances\/\">Le Cobaye et les Vacances<\/a><\/li>\n<li><a title=\"Rongeurs et Enfants\" href=\"http:\/\/www.cobayous.com\/site\/les-dossiers\/avant-achat-cobaye\/rongeurs-et-enfants\/\">Rongeurs et enfants<\/a><\/li>\n<\/ul>\n<\/div>\n<div style=\"background: #ffffff; border: 1px solid #EACFB8; color: #404040; padding: 0 10px 0 10px; margin-top: 1em; text-align: justify; border-radius: 10px;\">\n<script async=\"\" src=\"\/\/pagead2.googlesyndication.com\/pagead\/js\/adsbygoogle.js\"><\/script> <br \/> \n <!-- cob-dossier-gauche -->  <br \/> \n<ins class=\"adsbygoogle\" style=\"display: block;\" data-ad-client=\"ca-pub-3631834167777130\" data-ad-slot=\"6832657395\" data-ad-format=\"auto\"><\/ins> <br \/> \n<script>\n(adsbygoogle = window.adsbygoogle || []).push({});\n<\/script> <br \/> \n<img loading=\"lazy\" decoding=\"async\" class=\"alignleft\" src=\"http:\/\/www.cobayous.Com\/site\/wp-content\/uploads\/img\/question.png\" alt=\"\" width=\"30\" height=\"30\"> <\/p> \n<h4>DES QUESTIONS ?<\/h4>\n <p> Tu as des questions \u00e0 poser sur les cobayes? Tu souhaites discuter avec nous? <\/p> \n <p> <img loading=\"lazy\" decoding=\"async\" class=\"alignleft\" title=\"talk\" src=\"http:\/\/www.cobayous.com\/site\/wp-content\/uploads\/img\/icon-talk.png\" alt=\"\" width=\"44\" height=\"30\"> <a href=\"http:\/\/www.cobayous.Com\/forum\">Rejoins-nous !<\/a> <\/p> \n<\/div>\n <p> [\/ezcol_1third] [ezcol_2third_end] <\/p> \n <p> Vous devez bien r\u00e9fl\u00e9chir \u00e0 l\u2019endroit o\u00f9 vous allez la placer car ce sera l\u2019<strong>emplacement d\u00e9finitif<\/strong>, tout au moins<strong> pour son acclimatation<\/strong>! <br \/> \nEn effet, les <strong>cobayes<\/strong> sont des <strong>animaux qui stressent facilemen<\/strong>t et qui sont <strong>vite d\u00e9stabilis\u00e9s par un petit changement<\/strong>. <br \/> \nDonc, pour l&rsquo;habituer au mieux lors de son arriv\u00e9e, le mieux est de lui trouver une <strong>place \u00ab\u00a0d\u00e9finitive\u00a0\u00bb pour les premi\u00e8res semaines \/ mois.<\/strong> <\/p> \n <p> <span style=\"text-decoration: underline;\">Pour se faire, voici quelques <strong>r\u00e8gles d\u2019Or<\/strong> :<\/span> <\/p> \n <p> La cage doit \u00eatre plac\u00e9e dans un <strong>endroit \u00e9clair\u00e9<\/strong> (\u00e0 la<strong> lumi\u00e8re du jour<\/strong> qui est <strong>naturelle<\/strong>). <br \/> \nOr de question donc d&rsquo;entreposer la cage dans un garage ou une cave !! <\/p> \n <p> L\u2019<strong>endroit<\/strong> doit \u00eatre assez <strong>\u00ab\u00a0calme<\/strong>\u00a0\u00bb : il n\u2019est pas question de placer la cage pr\u00e8s de la t\u00e9l\u00e9vision ou de la cha\u00eene hi-fi. Cependant, il ne faut pas tomber dans l\u2019exc\u00e8s :<strong> il doit quand m\u00eame voir du monde et il ne doit pas \u00eatre seul 24H \/24.<\/strong> <br \/> \nIl peut quand m\u00eame se trouver dans une pi\u00e8ce anim\u00e9e sans \u00eatre accol\u00e9 \u00e0 la source bruyante <img decoding=\"async\" src=\"http:\/\/www.cobayous.com\/forum\/images\/smilies\/icon_wink.gif\" alt=\"\"> <\/p> \n <p> Ne jamais mettre votre animal en contact avec de la fum\u00e9e de cigarette ou tout autre substance toxique. <br \/> \nSi vous \u00eates fumeur, \u00e9vitez donc les endroits qui vous servent de \u00ab\u00a0fumoir\u00a0\u00bb. <\/p> \n <p> Les<strong> Cochons d\u2019Inde<\/strong> sont tr\u00e8s <strong>sensibles aux courants d\u2019air et aux coups de chaleur<\/strong>. Ne placez <strong>jamais<\/strong> la cage<strong> derri\u00e8re une vitre<\/strong> ou en plein <strong>courant d\u2019air<\/strong> (cela pourrait lui \u00eatre fatal). <\/p> \n <p> Si vous placez la cage sur un <strong>balcon<\/strong>, faites tr\u00e8s <strong>attention aux chats<\/strong> qui pourraient essayer de blessez votre animal. En effet, le cochon d\u2019Inde fait une tr\u00e8s bonne proie pour un chat. <br \/> \n<strong>Attention \u00e9galement aux \u00e9ventuelles chutes<\/strong> : v\u00e9rifiez toujours que la <strong>cage est bien ferm\u00e9e<\/strong>. <\/p> \n <p> Enfin, il serait tr\u00e8s <strong>int\u00e9ressant<\/strong> pour votre cochon d\u2019Inde que sa <strong>cage<\/strong> soit <strong>plac\u00e9e un peu en hauteur<\/strong> (sur une petite table ou sur un meuble par exemple). De cette mani\u00e8re, il aura une vue sur toute la pi\u00e8ce et ne sera pas effray\u00e9 quand vous vous approcherez de lui. En plus, \u00e7a ne doit pas \u00eatre rigolo de toujours voir des pieds quand on regarde autour de soi. <br \/> \nEt puis, une cage en hauteur facilite le coup de balai (n\u00e9cessaire en cas de projection de liti\u00e8re) <\/p> \n <p> Tr\u00e8s important : essayez d\u2019\u00e9viter \u00e0 tout prix le bruit trop fort autour de lui car ses oreilles sont beaucoup plus sensibles que les notre. <\/p> \n <p> <a href=\"http:\/\/www.cobayous.com\/site\/qui-sommes-nous\/\"><img loading=\"lazy\" decoding=\"async\" class=\"alignright\" title=\"copyright-pomelo.jpg\" src=\"\/site\/wp-content\/uploads\/dossiers\/copyright-pomelo.jpg\" alt=\"copyright-pomelo.jpg\" width=\"275\" height=\"50\" border=\"0\"><\/a> <\/p> \n <p> [\/ezcol_2third_end] <\/p> \n","protected":false},"excerpt":{"rendered":" <p> [ezcol_1third] EN BREF Attention aux courants d&rsquo;air et aux coups de chaleur, aux autres animaux du foyer et aux chutes possibles de la cage si elle est pos\u00e9e en hauteur&#8230;. <a href=\"http:\/\/www.cobayous.com\/site\/les-dossiers\/preparer-larrivee-du-cobaye\/ou-placer-la-cage\/\">Read more &raquo;<\/a> <\/p> \n","protected":false},"author":1,"featured_media":0,"parent":120,"menu_order":2,"comment_status":"closed","ping_status":"closed","template":"","meta":{"ngg_post_thumbnail":0,"footnotes":""},"class_list":["post-133","page","type-page","status-publish","hentry"],"yoast_head":"<!-- This site is optimized with the Yoast SEO plugin v27.1.1 - https:\/\/yoast.com\/product\/yoast-seo-wordpress\/ -->\n<title>Pr\u00e9parer son arriv\u00e9e : O\u00f9 placer la cage ? - Les Cobayes Pom&amp;Lolo<\/title>\n<meta name=\"robots\" content=\"index, follow, max-snippet:-1, max-image-preview:large, max-video-preview:-1\" \/>\n<link rel=\"canonical\" href=\"http:\/\/www.cobayous.com\/site\/les-dossiers\/preparer-larrivee-du-cobaye\/ou-placer-la-cage\/\" \/>\n<meta property=\"og:locale\" content=\"fr_FR\" \/>\n<meta property=\"og:type\" content=\"article\" \/>\n<meta property=\"og:title\" content=\"Pr\u00e9parer son arriv\u00e9e : O\u00f9 placer la cage ? - Les Cobayes Pom&amp;Lolo\" \/>\n<meta property=\"og:description\" content=\"[ezcol_1third] EN BREF Attention aux courants d&rsquo;air et aux coups de chaleur, aux autres animaux du foyer et aux chutes possibles de la cage si elle est pos\u00e9e en hauteur.... Read more &raquo;\" \/>\n<meta property=\"og:url\" content=\"http:\/\/www.cobayous.com\/site\/les-dossiers\/preparer-larrivee-du-cobaye\/ou-placer-la-cage\/\" \/>\n<meta property=\"og:site_name\" content=\"Les Cobayes Pom&amp;Lolo\" \/>\n<meta property=\"article:modified_time\" content=\"2016-11-21T16:04:23+00:00\" \/>\n<meta property=\"og:image\" content=\"http:\/\/www.cobayous.Com\/site\/wp-content\/uploads\/img\/memo.png\" \/>\n<meta name=\"twitter:card\" content=\"summary_large_image\" \/>\n<meta name=\"twitter:label1\" content=\"Dur\u00e9e de lecture estim\u00e9e\" \/>\n\t<meta name=\"twitter:data1\" content=\"3 minutes\" \/>\n<script type=\"application\/ld+json\" class=\"yoast-schema-graph\">{\"@context\":\"https:\/\/schema.org\",\"@graph\":[{\"@type\":\"WebPage\",\"@id\":\"http:\/\/www.cobayous.com\/site\/les-dossiers\/preparer-larrivee-du-cobaye\/ou-placer-la-cage\/\",\"url\":\"http:\/\/www.cobayous.com\/site\/les-dossiers\/preparer-larrivee-du-cobaye\/ou-placer-la-cage\/\",\"name\":\"Pr\u00e9parer son arriv\u00e9e : O\u00f9 placer la cage ? - Les Cobayes Pom&amp;Lolo\",\"isPartOf\":{\"@id\":\"http:\/\/www.cobayous.com\/site\/#website\"},\"primaryImageOfPage\":{\"@id\":\"http:\/\/www.cobayous.com\/site\/les-dossiers\/preparer-larrivee-du-cobaye\/ou-placer-la-cage\/#primaryimage\"},\"image\":{\"@id\":\"http:\/\/www.cobayous.com\/site\/les-dossiers\/preparer-larrivee-du-cobaye\/ou-placer-la-cage\/#primaryimage\"},\"thumbnailUrl\":\"http:\/\/www.cobayous.Com\/site\/wp-content\/uploads\/img\/memo.png\",\"datePublished\":\"2010-05-12T12:08:48+00:00\",\"dateModified\":\"2016-11-21T16:04:23+00:00\",\"breadcrumb\":{\"@id\":\"http:\/\/www.cobayous.com\/site\/les-dossiers\/preparer-larrivee-du-cobaye\/ou-placer-la-cage\/#breadcrumb\"},\"inLanguage\":\"fr-FR\",\"potentialAction\":[{\"@type\":\"ReadAction\",\"target\":[\"http:\/\/www.cobayous.com\/site\/les-dossiers\/preparer-larrivee-du-cobaye\/ou-placer-la-cage\/\"]}]},{\"@type\":\"ImageObject\",\"inLanguage\":\"fr-FR\",\"@id\":\"http:\/\/www.cobayous.com\/site\/les-dossiers\/preparer-larrivee-du-cobaye\/ou-placer-la-cage\/#primaryimage\",\"url\":\"http:\/\/www.cobayous.Com\/site\/wp-content\/uploads\/img\/memo.png\",\"contentUrl\":\"http:\/\/www.cobayous.Com\/site\/wp-content\/uploads\/img\/memo.png\"},{\"@type\":\"BreadcrumbList\",\"@id\":\"http:\/\/www.cobayous.com\/site\/les-dossiers\/preparer-larrivee-du-cobaye\/ou-placer-la-cage\/#breadcrumb\",\"itemListElement\":[{\"@type\":\"ListItem\",\"position\":1,\"name\":\"Accueil\",\"item\":\"http:\/\/www.cobayous.com\/site\/\"},{\"@type\":\"ListItem\",\"position\":2,\"name\":\"Dossiers\",\"item\":\"http:\/\/www.cobayous.com\/site\/les-dossiers\/\"},{\"@type\":\"ListItem\",\"position\":3,\"name\":\"Pr\u00e9parer son arriv\u00e9e\",\"item\":\"http:\/\/www.cobayous.com\/site\/les-dossiers\/preparer-larrivee-du-cobaye\/\"},{\"@type\":\"ListItem\",\"position\":4,\"name\":\"Pr\u00e9parer son arriv\u00e9e : O\u00f9 placer la cage ?\"}]},{\"@type\":\"WebSite\",\"@id\":\"http:\/\/www.cobayous.com\/site\/#website\",\"url\":\"http:\/\/www.cobayous.com\/site\/\",\"name\":\"Les Cobayes Pom&Lolo\",\"description\":\"\",\"publisher\":{\"@id\":\"http:\/\/www.cobayous.com\/site\/#organization\"},\"potentialAction\":[{\"@type\":\"SearchAction\",\"target\":{\"@type\":\"EntryPoint\",\"urlTemplate\":\"http:\/\/www.cobayous.com\/site\/?s={search_term_string}\"},\"query-input\":{\"@type\":\"PropertyValueSpecification\",\"valueRequired\":true,\"valueName\":\"search_term_string\"}}],\"inLanguage\":\"fr-FR\"},{\"@type\":\"Organization\",\"@id\":\"http:\/\/www.cobayous.com\/site\/#organization\",\"name\":\"Les Cobayes Pom&Lolo\",\"url\":\"http:\/\/www.cobayous.com\/site\/\",\"logo\":{\"@type\":\"ImageObject\",\"inLanguage\":\"fr-FR\",\"@id\":\"http:\/\/www.cobayous.com\/site\/#\/schema\/logo\/image\/\",\"url\":\"http:\/\/www.cobayous.com\/site\/wp-content\/uploads\/2024\/01\/header-bg.png\",\"contentUrl\":\"http:\/\/www.cobayous.com\/site\/wp-content\/uploads\/2024\/01\/header-bg.png\",\"width\":1022,\"height\":250,\"caption\":\"Les Cobayes Pom&Lolo\"},\"image\":{\"@id\":\"http:\/\/www.cobayous.com\/site\/#\/schema\/logo\/image\/\"}}]}<\/script>\n<!-- \/ Yoast SEO plugin. -->","yoast_head_json":{"title":"Pr\u00e9parer son arriv\u00e9e : O\u00f9 placer la cage ? - Les Cobayes Pom&amp;Lolo","robots":{"index":"index","follow":"follow","max-snippet":"max-snippet:-1","max-image-preview":"max-image-preview:large","max-video-preview":"max-video-preview:-1"},"canonical":"http:\/\/www.cobayous.com\/site\/les-dossiers\/preparer-larrivee-du-cobaye\/ou-placer-la-cage\/","og_locale":"fr_FR","og_type":"article","og_title":"Pr\u00e9parer son arriv\u00e9e : O\u00f9 placer la cage ? - Les Cobayes Pom&amp;Lolo","og_description":"[ezcol_1third] EN BREF Attention aux courants d&rsquo;air et aux coups de chaleur, aux autres animaux du foyer et aux chutes possibles de la cage si elle est pos\u00e9e en hauteur.... Read more &raquo;","og_url":"http:\/\/www.cobayous.com\/site\/les-dossiers\/preparer-larrivee-du-cobaye\/ou-placer-la-cage\/","og_site_name":"Les Cobayes Pom&amp;Lolo","article_modified_time":"2016-11-21T16:04:23+00:00","og_image":[{"url":"http:\/\/www.cobayous.Com\/site\/wp-content\/uploads\/img\/memo.png","type":"","width":"","height":""}],"twitter_card":"summary_large_image","twitter_misc":{"Dur\u00e9e de lecture estim\u00e9e":"3 minutes"},"schema":{"@context":"https:\/\/schema.org","@graph":[{"@type":"WebPage","@id":"http:\/\/www.cobayous.com\/site\/les-dossiers\/preparer-larrivee-du-cobaye\/ou-placer-la-cage\/","url":"http:\/\/www.cobayous.com\/site\/les-dossiers\/preparer-larrivee-du-cobaye\/ou-placer-la-cage\/","name":"Pr\u00e9parer son arriv\u00e9e : O\u00f9 placer la cage ? - Les Cobayes Pom&amp;Lolo","isPartOf":{"@id":"http:\/\/www.cobayous.com\/site\/#website"},"primaryImageOfPage":{"@id":"http:\/\/www.cobayous.com\/site\/les-dossiers\/preparer-larrivee-du-cobaye\/ou-placer-la-cage\/#primaryimage"},"image":{"@id":"http:\/\/www.cobayous.com\/site\/les-dossiers\/preparer-larrivee-du-cobaye\/ou-placer-la-cage\/#primaryimage"},"thumbnailUrl":"http:\/\/www.cobayous.Com\/site\/wp-content\/uploads\/img\/memo.png","datePublished":"2010-05-12T12:08:48+00:00","dateModified":"2016-11-21T16:04:23+00:00","breadcrumb":{"@id":"http:\/\/www.cobayous.com\/site\/les-dossiers\/preparer-larrivee-du-cobaye\/ou-placer-la-cage\/#breadcrumb"},"inLanguage":"fr-FR","potentialAction":[{"@type":"ReadAction","target":["http:\/\/www.cobayous.com\/site\/les-dossiers\/preparer-larrivee-du-cobaye\/ou-placer-la-cage\/"]}]},{"@type":"ImageObject","inLanguage":"fr-FR","@id":"http:\/\/www.cobayous.com\/site\/les-dossiers\/preparer-larrivee-du-cobaye\/ou-placer-la-cage\/#primaryimage","url":"http:\/\/www.cobayous.Com\/site\/wp-content\/uploads\/img\/memo.png","contentUrl":"http:\/\/www.cobayous.Com\/site\/wp-content\/uploads\/img\/memo.png"},{"@type":"BreadcrumbList","@id":"http:\/\/www.cobayous.com\/site\/les-dossiers\/preparer-larrivee-du-cobaye\/ou-placer-la-cage\/#breadcrumb","itemListElement":[{"@type":"ListItem","position":1,"name":"Accueil","item":"http:\/\/www.cobayous.com\/site\/"},{"@type":"ListItem","position":2,"name":"Dossiers","item":"http:\/\/www.cobayous.com\/site\/les-dossiers\/"},{"@type":"ListItem","position":3,"name":"Pr\u00e9parer son arriv\u00e9e","item":"http:\/\/www.cobayous.com\/site\/les-dossiers\/preparer-larrivee-du-cobaye\/"},{"@type":"ListItem","position":4,"name":"Pr\u00e9parer son arriv\u00e9e : O\u00f9 placer la cage ?"}]},{"@type":"WebSite","@id":"http:\/\/www.cobayous.com\/site\/#website","url":"http:\/\/www.cobayous.com\/site\/","name":"Les Cobayes Pom&Lolo","description":"","publisher":{"@id":"http:\/\/www.cobayous.com\/site\/#organization"},"potentialAction":[{"@type":"SearchAction","target":{"@type":"EntryPoint","urlTemplate":"http:\/\/www.cobayous.com\/site\/?s={search_term_string}"},"query-input":{"@type":"PropertyValueSpecification","valueRequired":true,"valueName":"search_term_string"}}],"inLanguage":"fr-FR"},{"@type":"Organization","@id":"http:\/\/www.cobayous.com\/site\/#organization","name":"Les Cobayes Pom&Lolo","url":"http:\/\/www.cobayous.com\/site\/","logo":{"@type":"ImageObject","inLanguage":"fr-FR","@id":"http:\/\/www.cobayous.com\/site\/#\/schema\/logo\/image\/","url":"http:\/\/www.cobayous.com\/site\/wp-content\/uploads\/2024\/01\/header-bg.png","contentUrl":"http:\/\/www.cobayous.com\/site\/wp-content\/uploads\/2024\/01\/header-bg.png","width":1022,"height":250,"caption":"Les Cobayes Pom&Lolo"},"image":{"@id":"http:\/\/www.cobayous.com\/site\/#\/schema\/logo\/image\/"}}]}},"_links":{"self":[{"href":"http:\/\/www.cobayous.com\/site\/wp-json\/wp\/v2\/pages\/133","targetHints":{"allow":["GET"]}}],"collection":[{"href":"http:\/\/www.cobayous.com\/site\/wp-json\/wp\/v2\/pages"}],"about":[{"href":"http:\/\/www.cobayous.com\/site\/wp-json\/wp\/v2\/types\/page"}],"author":[{"embeddable":true,"href":"http:\/\/www.cobayous.com\/site\/wp-json\/wp\/v2\/users\/1"}],"replies":[{"embeddable":true,"href":"http:\/\/www.cobayous.com\/site\/wp-json\/wp\/v2\/comments?post=133"}],"version-history":[{"count":4,"href":"http:\/\/www.cobayous.com\/site\/wp-json\/wp\/v2\/pages\/133\/revisions"}],"predecessor-version":[{"id":3663,"href":"http:\/\/www.cobayous.com\/site\/wp-json\/wp\/v2\/pages\/133\/revisions\/3663"}],"up":[{"embeddable":true,"href":"http:\/\/www.cobayous.com\/site\/wp-json\/wp\/v2\/pages\/120"}],"wp:attachment":[{"href":"http:\/\/www.cobayous.com\/site\/wp-json\/wp\/v2\/media?parent=133"}],"curies":[{"name":"wp","href":"https:\/\/api.w.org\/{rel}","templated":true}]}}