{"id":1320,"date":"2011-04-11T21:34:22","date_gmt":"2011-04-11T20:34:22","guid":{"rendered":"http:\/\/www.cobayous.com\/site\/?page_id=1320"},"modified":"2016-11-23T21:09:36","modified_gmt":"2016-11-23T20:09:36","slug":"les-dents","status":"publish","type":"page","link":"http:\/\/www.cobayous.com\/site\/les-dossiers\/les-soins\/les-dents\/","title":{"rendered":"Les Soins des Dents"},"content":{"rendered":" <p> [ezcol_1third] <\/p> \n<div style=\"background: #EDF7F2; border: 1px solid #7FC6BC; color: #404040; padding: 0 10px 0 10px; margin-top: 1em; text-align: justify; border-radius: 10px;\">\n <p> <img loading=\"lazy\" decoding=\"async\" class=\"alignleft\" title=\"alire\" src=\"http:\/\/www.cobayous.Com\/site\/wp-content\/uploads\/img\/books.png\" alt=\"\" width=\"30\" height=\"30\"> <\/p> \n<h3>A LIRE<\/h3>\n <p> <span style=\"color: #008000;\">Dans la rubrique Soins :<\/span> <\/p> \n<ul>\n<li>Les Dents<\/li>\n<li><a title=\"Les soins des ongles\" href=\"http:\/\/www.cobayous.com\/site\/les-dossiers\/les-soins\/ongles-griffes\/\" rel=\"\">Les ongles<\/a><\/li>\n<li><a title=\"Les soins des poils\" href=\"http:\/\/www.cobayous.com\/site\/les-dossiers\/les-soins\/poils-fourrure\/\" rel=\"\">Les poils<\/a><\/li>\n<li><a title=\"Les soins des Yeux, Nez et Oreilles\" href=\"http:\/\/www.cobayous.com\/site\/les-dossiers\/les-soins\/yeux-nez-oreilles\/\" rel=\"\">Les Yeux, Nez et Oreilles<\/a><\/li>\n<li><a title=\"La trousse de secours\" href=\"http:\/\/www.cobayous.com\/site\/les-dossiers\/les-soins\/la-trousse-de-secours\/\" rel=\"\">La trousse de secours<\/a><\/li>\n<\/ul>\n <p> <span style=\"color: #008000;\">Dossiers Connexes :<\/span> <\/p> \n<ul>\n<li><a title=\"Animalerie : prendre garde aux conseils !\" href=\"http:\/\/www.cobayous.com\/site\/les-dossiers\/avant-achat-cobaye\/animalerie-prendre-garde-aux-conseils\/\">Animalerie, attention aux conseils !<\/a><\/li>\n<li><a title=\"Le cobaye et les vacances\" href=\"http:\/\/www.cobayous.com\/site\/les-dossiers\/speciaux-pratiques\/le-cobaye-et-les-vacances\/\">Le Cobaye et les Vacances<\/a><\/li>\n<li><a title=\"Rongeurs et Enfants\" href=\"http:\/\/www.cobayous.com\/site\/les-dossiers\/avant-achat-cobaye\/rongeurs-et-enfants\/\">Rongeurs et enfants<\/a><\/li>\n<\/ul>\n<\/div>\n<div style=\"background: #ffffff; border: 1px solid #EACFB8; color: #404040; padding: 0 10px 0 10px; margin-top: 1em; text-align: justify; border-radius: 10px;\"><script async=\"\" src=\"\/\/pagead2.googlesyndication.com\/pagead\/js\/adsbygoogle.js\"><\/script> <br \/> \n <!-- cob-dossier-gauche -->  <br \/> \n<ins class=\"adsbygoogle\" style=\"display: block;\" data-ad-client=\"ca-pub-3631834167777130\" data-ad-slot=\"6832657395\" data-ad-format=\"auto\"><\/ins> <br \/> \n<script>\n(adsbygoogle = window.adsbygoogle || []).push({});\n<\/script> <br \/> \n<img loading=\"lazy\" decoding=\"async\" class=\"alignleft\" src=\"http:\/\/www.cobayous.Com\/site\/wp-content\/uploads\/img\/question.png\" alt=\"\" width=\"30\" height=\"30\"> <\/p> \n<h4>DES QUESTIONS ?<\/h4>\n <p> Tu as des questions \u00e0 poser sur les cobayes? Tu souhaites discuter avec nous? <\/p> \n <p> <img loading=\"lazy\" decoding=\"async\" class=\"alignleft\" title=\"talk\" src=\"http:\/\/www.cobayous.com\/site\/wp-content\/uploads\/img\/icon-talk.png\" alt=\"\" width=\"44\" height=\"30\"> <a href=\"http:\/\/www.cobayous.Com\/forum\">Rejoins-nous !<\/a> <\/p> \n<\/div>\n <p> [\/ezcol_1third] [ezcol_2third_end] <\/p> \n <p> <img loading=\"lazy\" decoding=\"async\" class=\"alignleft\" title=\"lolo dents\" src=\"http:\/\/www.cobayous.com\/site\/wp-content\/uploads\/dossiers\/soins_lolo_dents.jpg\" alt=\"\" width=\"200\" height=\"151\">Les dents du cochon d\u2019Inde poussent tout au long de sa vie. <br \/> \nIl faut donc qu\u2019il les use en rongeant des choses dures (foin, pain dur, ou une petite branche d\u2019arbre fruitier). <br \/> \nSi il ne les usaient pas correctement, elles pousseraient de trop, se placeraient mal et emp\u00eacheraient l\u2019animal de manger correctement ou pire, elles emp\u00eacheraient totalement de manger se qui peut provoquer sa mort. <br \/> \nDans ce cas, il faudra passer voir votre v\u00e9t\u00e9rinaire afin qu\u2019il les limes. <br \/> \nVous pouvez donc v\u00e9rifier de temps en temps si ses dents ne sont pas trop longues. Elles doivent \u00eatre plac\u00e9es les unes en face des autres et se toucher. <\/p> \n<div style=\"background: #FFEFCE; border: 1px solid #BD8D46; color: #404040; padding: 0 10px 0 10px; margin-top: 1em; text-align: justify; border-radius: 10px;\">\n<h3><img loading=\"lazy\" decoding=\"async\" class=\"alignleft\" title=\"memo\" src=\"http:\/\/www.cobayous.Com\/site\/wp-content\/uploads\/img\/memo.png\" alt=\"\" width=\"30\" height=\"30\">EN BREF<\/h3>\n <p> L&rsquo;\u00e9tat des dents de votre cobaye est tr\u00e8s important. <\/p> \n <p> Si il a une bonne alimentation, les soucis de malocclusion ne devraient pas appara\u00eetre mais soyez malgr\u00e9 tout vigilent car un facteur g\u00e9n\u00e9tique est parfois en cause. <\/p> \n <p> Dans ce cas, une visite chez le v\u00e9t\u00e9rinaire sp\u00e9cialis\u00e9 en Nacs sera n\u00e9cessaire. <\/p> \n<\/div>\n <p> <a href=\"http:\/\/www.cobayous.com\/site\/qui-sommes-nous\/\"><img loading=\"lazy\" decoding=\"async\" class=\"alignright\" title=\"copyright-pomelo.jpg\" src=\"\/site\/wp-content\/uploads\/dossiers\/copyright-pomelo.jpg\" alt=\"copyright-pomelo.jpg\" width=\"275\" height=\"50\" border=\"0\"><\/a> <\/p> \n <p> [\/ezcol_2third_end] <\/p> \n","protected":false},"excerpt":{"rendered":" <p> [ezcol_1third] A LIRE Dans la rubrique Soins : Les Dents Les ongles Les poils Les Yeux, Nez et Oreilles La trousse de secours Dossiers Connexes : Animalerie, attention aux conseils&#8230; <a href=\"http:\/\/www.cobayous.com\/site\/les-dossiers\/les-soins\/les-dents\/\">Read more &raquo;<\/a> <\/p> \n","protected":false},"author":1,"featured_media":0,"parent":1310,"menu_order":0,"comment_status":"closed","ping_status":"open","template":"","meta":{"ngg_post_thumbnail":0,"footnotes":""},"class_list":["post-1320","page","type-page","status-publish","hentry"],"yoast_head":"<!-- This site is optimized with the Yoast SEO plugin v27.1.1 - https:\/\/yoast.com\/product\/yoast-seo-wordpress\/ -->\n<title>Les Soins des Dents - Les Cobayes Pom&amp;Lolo<\/title>\n<meta name=\"robots\" content=\"index, follow, max-snippet:-1, max-image-preview:large, max-video-preview:-1\" \/>\n<link rel=\"canonical\" href=\"http:\/\/www.cobayous.com\/site\/les-dossiers\/les-soins\/les-dents\/\" \/>\n<meta property=\"og:locale\" content=\"fr_FR\" \/>\n<meta property=\"og:type\" content=\"article\" \/>\n<meta property=\"og:title\" content=\"Les Soins des Dents - Les Cobayes Pom&amp;Lolo\" \/>\n<meta property=\"og:description\" content=\"[ezcol_1third] A LIRE Dans la rubrique Soins : Les Dents Les ongles Les poils Les Yeux, Nez et Oreilles La trousse de secours Dossiers Connexes : Animalerie, attention aux conseils... Read more &raquo;\" \/>\n<meta property=\"og:url\" content=\"http:\/\/www.cobayous.com\/site\/les-dossiers\/les-soins\/les-dents\/\" \/>\n<meta property=\"og:site_name\" content=\"Les Cobayes Pom&amp;Lolo\" \/>\n<meta property=\"article:modified_time\" content=\"2016-11-23T20:09:36+00:00\" \/>\n<meta property=\"og:image\" content=\"http:\/\/www.cobayous.Com\/site\/wp-content\/uploads\/img\/books.png\" \/>\n<meta name=\"twitter:card\" content=\"summary_large_image\" \/>\n<meta name=\"twitter:label1\" content=\"Dur\u00e9e de lecture estim\u00e9e\" \/>\n\t<meta name=\"twitter:data1\" content=\"1 minute\" \/>\n<script type=\"application\/ld+json\" class=\"yoast-schema-graph\">{\"@context\":\"https:\/\/schema.org\",\"@graph\":[{\"@type\":\"WebPage\",\"@id\":\"http:\/\/www.cobayous.com\/site\/les-dossiers\/les-soins\/les-dents\/\",\"url\":\"http:\/\/www.cobayous.com\/site\/les-dossiers\/les-soins\/les-dents\/\",\"name\":\"Les Soins des Dents - Les Cobayes Pom&amp;Lolo\",\"isPartOf\":{\"@id\":\"http:\/\/www.cobayous.com\/site\/#website\"},\"primaryImageOfPage\":{\"@id\":\"http:\/\/www.cobayous.com\/site\/les-dossiers\/les-soins\/les-dents\/#primaryimage\"},\"image\":{\"@id\":\"http:\/\/www.cobayous.com\/site\/les-dossiers\/les-soins\/les-dents\/#primaryimage\"},\"thumbnailUrl\":\"http:\/\/www.cobayous.Com\/site\/wp-content\/uploads\/img\/books.png\",\"datePublished\":\"2011-04-11T20:34:22+00:00\",\"dateModified\":\"2016-11-23T20:09:36+00:00\",\"breadcrumb\":{\"@id\":\"http:\/\/www.cobayous.com\/site\/les-dossiers\/les-soins\/les-dents\/#breadcrumb\"},\"inLanguage\":\"fr-FR\",\"potentialAction\":[{\"@type\":\"ReadAction\",\"target\":[\"http:\/\/www.cobayous.com\/site\/les-dossiers\/les-soins\/les-dents\/\"]}]},{\"@type\":\"ImageObject\",\"inLanguage\":\"fr-FR\",\"@id\":\"http:\/\/www.cobayous.com\/site\/les-dossiers\/les-soins\/les-dents\/#primaryimage\",\"url\":\"http:\/\/www.cobayous.Com\/site\/wp-content\/uploads\/img\/books.png\",\"contentUrl\":\"http:\/\/www.cobayous.Com\/site\/wp-content\/uploads\/img\/books.png\"},{\"@type\":\"BreadcrumbList\",\"@id\":\"http:\/\/www.cobayous.com\/site\/les-dossiers\/les-soins\/les-dents\/#breadcrumb\",\"itemListElement\":[{\"@type\":\"ListItem\",\"position\":1,\"name\":\"Accueil\",\"item\":\"http:\/\/www.cobayous.com\/site\/\"},{\"@type\":\"ListItem\",\"position\":2,\"name\":\"Dossiers\",\"item\":\"http:\/\/www.cobayous.com\/site\/les-dossiers\/\"},{\"@type\":\"ListItem\",\"position\":3,\"name\":\"Les Soins\",\"item\":\"http:\/\/www.cobayous.com\/site\/les-dossiers\/les-soins\/\"},{\"@type\":\"ListItem\",\"position\":4,\"name\":\"Les Soins des Dents\"}]},{\"@type\":\"WebSite\",\"@id\":\"http:\/\/www.cobayous.com\/site\/#website\",\"url\":\"http:\/\/www.cobayous.com\/site\/\",\"name\":\"Les Cobayes Pom&Lolo\",\"description\":\"\",\"publisher\":{\"@id\":\"http:\/\/www.cobayous.com\/site\/#organization\"},\"potentialAction\":[{\"@type\":\"SearchAction\",\"target\":{\"@type\":\"EntryPoint\",\"urlTemplate\":\"http:\/\/www.cobayous.com\/site\/?s={search_term_string}\"},\"query-input\":{\"@type\":\"PropertyValueSpecification\",\"valueRequired\":true,\"valueName\":\"search_term_string\"}}],\"inLanguage\":\"fr-FR\"},{\"@type\":\"Organization\",\"@id\":\"http:\/\/www.cobayous.com\/site\/#organization\",\"name\":\"Les Cobayes Pom&Lolo\",\"url\":\"http:\/\/www.cobayous.com\/site\/\",\"logo\":{\"@type\":\"ImageObject\",\"inLanguage\":\"fr-FR\",\"@id\":\"http:\/\/www.cobayous.com\/site\/#\/schema\/logo\/image\/\",\"url\":\"http:\/\/www.cobayous.com\/site\/wp-content\/uploads\/2024\/01\/header-bg.png\",\"contentUrl\":\"http:\/\/www.cobayous.com\/site\/wp-content\/uploads\/2024\/01\/header-bg.png\",\"width\":1022,\"height\":250,\"caption\":\"Les Cobayes Pom&Lolo\"},\"image\":{\"@id\":\"http:\/\/www.cobayous.com\/site\/#\/schema\/logo\/image\/\"}}]}<\/script>\n<!-- \/ Yoast SEO plugin. -->","yoast_head_json":{"title":"Les Soins des Dents - Les Cobayes Pom&amp;Lolo","robots":{"index":"index","follow":"follow","max-snippet":"max-snippet:-1","max-image-preview":"max-image-preview:large","max-video-preview":"max-video-preview:-1"},"canonical":"http:\/\/www.cobayous.com\/site\/les-dossiers\/les-soins\/les-dents\/","og_locale":"fr_FR","og_type":"article","og_title":"Les Soins des Dents - Les Cobayes Pom&amp;Lolo","og_description":"[ezcol_1third] A LIRE Dans la rubrique Soins : Les Dents Les ongles Les poils Les Yeux, Nez et Oreilles La trousse de secours Dossiers Connexes : Animalerie, attention aux conseils... Read more &raquo;","og_url":"http:\/\/www.cobayous.com\/site\/les-dossiers\/les-soins\/les-dents\/","og_site_name":"Les Cobayes Pom&amp;Lolo","article_modified_time":"2016-11-23T20:09:36+00:00","og_image":[{"url":"http:\/\/www.cobayous.Com\/site\/wp-content\/uploads\/img\/books.png","type":"","width":"","height":""}],"twitter_card":"summary_large_image","twitter_misc":{"Dur\u00e9e de lecture estim\u00e9e":"1 minute"},"schema":{"@context":"https:\/\/schema.org","@graph":[{"@type":"WebPage","@id":"http:\/\/www.cobayous.com\/site\/les-dossiers\/les-soins\/les-dents\/","url":"http:\/\/www.cobayous.com\/site\/les-dossiers\/les-soins\/les-dents\/","name":"Les Soins des Dents - Les Cobayes Pom&amp;Lolo","isPartOf":{"@id":"http:\/\/www.cobayous.com\/site\/#website"},"primaryImageOfPage":{"@id":"http:\/\/www.cobayous.com\/site\/les-dossiers\/les-soins\/les-dents\/#primaryimage"},"image":{"@id":"http:\/\/www.cobayous.com\/site\/les-dossiers\/les-soins\/les-dents\/#primaryimage"},"thumbnailUrl":"http:\/\/www.cobayous.Com\/site\/wp-content\/uploads\/img\/books.png","datePublished":"2011-04-11T20:34:22+00:00","dateModified":"2016-11-23T20:09:36+00:00","breadcrumb":{"@id":"http:\/\/www.cobayous.com\/site\/les-dossiers\/les-soins\/les-dents\/#breadcrumb"},"inLanguage":"fr-FR","potentialAction":[{"@type":"ReadAction","target":["http:\/\/www.cobayous.com\/site\/les-dossiers\/les-soins\/les-dents\/"]}]},{"@type":"ImageObject","inLanguage":"fr-FR","@id":"http:\/\/www.cobayous.com\/site\/les-dossiers\/les-soins\/les-dents\/#primaryimage","url":"http:\/\/www.cobayous.Com\/site\/wp-content\/uploads\/img\/books.png","contentUrl":"http:\/\/www.cobayous.Com\/site\/wp-content\/uploads\/img\/books.png"},{"@type":"BreadcrumbList","@id":"http:\/\/www.cobayous.com\/site\/les-dossiers\/les-soins\/les-dents\/#breadcrumb","itemListElement":[{"@type":"ListItem","position":1,"name":"Accueil","item":"http:\/\/www.cobayous.com\/site\/"},{"@type":"ListItem","position":2,"name":"Dossiers","item":"http:\/\/www.cobayous.com\/site\/les-dossiers\/"},{"@type":"ListItem","position":3,"name":"Les Soins","item":"http:\/\/www.cobayous.com\/site\/les-dossiers\/les-soins\/"},{"@type":"ListItem","position":4,"name":"Les Soins des Dents"}]},{"@type":"WebSite","@id":"http:\/\/www.cobayous.com\/site\/#website","url":"http:\/\/www.cobayous.com\/site\/","name":"Les Cobayes Pom&Lolo","description":"","publisher":{"@id":"http:\/\/www.cobayous.com\/site\/#organization"},"potentialAction":[{"@type":"SearchAction","target":{"@type":"EntryPoint","urlTemplate":"http:\/\/www.cobayous.com\/site\/?s={search_term_string}"},"query-input":{"@type":"PropertyValueSpecification","valueRequired":true,"valueName":"search_term_string"}}],"inLanguage":"fr-FR"},{"@type":"Organization","@id":"http:\/\/www.cobayous.com\/site\/#organization","name":"Les Cobayes Pom&Lolo","url":"http:\/\/www.cobayous.com\/site\/","logo":{"@type":"ImageObject","inLanguage":"fr-FR","@id":"http:\/\/www.cobayous.com\/site\/#\/schema\/logo\/image\/","url":"http:\/\/www.cobayous.com\/site\/wp-content\/uploads\/2024\/01\/header-bg.png","contentUrl":"http:\/\/www.cobayous.com\/site\/wp-content\/uploads\/2024\/01\/header-bg.png","width":1022,"height":250,"caption":"Les Cobayes Pom&Lolo"},"image":{"@id":"http:\/\/www.cobayous.com\/site\/#\/schema\/logo\/image\/"}}]}},"_links":{"self":[{"href":"http:\/\/www.cobayous.com\/site\/wp-json\/wp\/v2\/pages\/1320","targetHints":{"allow":["GET"]}}],"collection":[{"href":"http:\/\/www.cobayous.com\/site\/wp-json\/wp\/v2\/pages"}],"about":[{"href":"http:\/\/www.cobayous.com\/site\/wp-json\/wp\/v2\/types\/page"}],"author":[{"embeddable":true,"href":"http:\/\/www.cobayous.com\/site\/wp-json\/wp\/v2\/users\/1"}],"replies":[{"embeddable":true,"href":"http:\/\/www.cobayous.com\/site\/wp-json\/wp\/v2\/comments?post=1320"}],"version-history":[{"count":2,"href":"http:\/\/www.cobayous.com\/site\/wp-json\/wp\/v2\/pages\/1320\/revisions"}],"predecessor-version":[{"id":3730,"href":"http:\/\/www.cobayous.com\/site\/wp-json\/wp\/v2\/pages\/1320\/revisions\/3730"}],"up":[{"embeddable":true,"href":"http:\/\/www.cobayous.com\/site\/wp-json\/wp\/v2\/pages\/1310"}],"wp:attachment":[{"href":"http:\/\/www.cobayous.com\/site\/wp-json\/wp\/v2\/media?parent=1320"}],"curies":[{"name":"wp","href":"https:\/\/api.w.org\/{rel}","templated":true}]}}