{"id":131,"date":"2010-05-12T12:07:51","date_gmt":"2010-05-12T12:07:51","guid":{"rendered":"http:\/\/www.cobayous.com\/site\/?page_id=131"},"modified":"2016-11-21T17:06:38","modified_gmt":"2016-11-21T16:06:38","slug":"les-differentes-litieres","status":"publish","type":"page","link":"http:\/\/www.cobayous.com\/site\/les-dossiers\/preparer-larrivee-du-cobaye\/les-differentes-litieres\/","title":{"rendered":"Pr\u00e9parer son arriv\u00e9e : Les diff\u00e9rentes liti\u00e8res"},"content":{"rendered":" <p> [ezcol_1third] <\/p> \n<div style=\"background: #FFEFCE; border: 1px solid #BD8D46; color: #404040; padding: 0 10px 0 10px; margin-top: 1em; text-align: justify; border-radius: 10px;\">\n<h3><img loading=\"lazy\" decoding=\"async\" class=\"alignleft\" title=\"memo\" src=\"http:\/\/www.cobayous.Com\/site\/wp-content\/uploads\/img\/memo.png\" alt=\"\" width=\"30\" height=\"30\">EN BREF<\/h3>\n <p> La meilleure liti\u00e8re \u00e0 utiliser pour votre cobaye, ce sera la moins poussi\u00e9reuse et la plus naturelle possible! <\/p> \n <p> Gardez toujours en t\u00eate que votre animal vit sur le sol et est donc en contact permanent avec sa liti\u00e8re. <\/p> \n<\/div>\n<div style=\"background: #EDF7F2; border: 1px solid #7FC6BC; color: #404040; padding: 0 10px 0 10px; margin-top: 1em; text-align: justify; border-radius: 10px;\">\n <p> <img loading=\"lazy\" decoding=\"async\" class=\"alignleft\" title=\"alire\" src=\"http:\/\/www.cobayous.Com\/site\/wp-content\/uploads\/img\/books.png\" alt=\"\" width=\"30\" height=\"30\"> <\/p> \n<h3>A LIRE<\/h3>\n <p> <span style=\"color: #008000;\">Dans la rubrique Se pr\u00e9parer :<\/span> <\/p> \n<ul>\n<li><a title=\"Pr\u00e9parer son arriv\u00e9e : Cage et accessoires\" href=\"http:\/\/www.cobayous.com\/site\/les-dossiers\/preparer-larrivee-du-cobaye\/cage-et-accessoires\/\">Cage et Accessoires<\/a><\/li>\n<li>Les diff\u00e9rentes liti\u00e8res<\/li>\n<li><a title=\"Pr\u00e9parer son arriv\u00e9e : O\u00f9 placer la cage ?\" href=\"http:\/\/www.cobayous.com\/site\/les-dossiers\/preparer-larrivee-du-cobaye\/ou-placer-la-cage\/\" rel=\"\">O\u00f9 placer la cage ?<\/a><\/li>\n<li><a title=\"Pr\u00e9parer son arriv\u00e9e : Entretien de la cage\" href=\"http:\/\/www.cobayous.com\/site\/les-dossiers\/preparer-larrivee-du-cobaye\/entretien-de-la-cage\/\" rel=\"\">Entretien de la cage<\/a><\/li>\n<li><a title=\"Les Cabanes\" href=\"http:\/\/www.cobayous.com\/site\/les-dossiers\/preparer-larrivee-du-cobaye\/cabanes\/\" rel=\"\">Les Cabanes<\/a><\/li>\n<\/ul>\n <p> <span style=\"color: #008000;\">Dossiers Connexes :<\/span> <\/p> \n<ul>\n<li><a title=\"Apprivoiser son cobaye\" href=\"http:\/\/www.cobayous.com\/site\/les-dossiers\/apprivoiser-son-cobaye\/\">Apprivoisement<\/a><\/li>\n<li><a title=\"Alimentation\" href=\"http:\/\/www.cobayous.com\/site\/les-dossiers\/alimentation-du-cobaye\/\">Alimentation<\/a><\/li>\n<li><a title=\"Maladies du Cobaye\" href=\"http:\/\/www.cobayous.com\/site\/les-dossiers\/les-maladies-du-cobaye\/\">Maladies<\/a><\/li>\n<li><a title=\"Les Soins\" href=\"http:\/\/www.cobayous.com\/site\/les-dossiers\/les-soins\/\">Soins<\/a><\/li>\n<li><a title=\"Le cobaye et les vacances\" href=\"http:\/\/www.cobayous.com\/site\/les-dossiers\/speciaux-pratiques\/le-cobaye-et-les-vacances\/\">Le Cobaye et les Vacances<\/a><\/li>\n<li><a title=\"Rongeurs et Enfants\" href=\"http:\/\/www.cobayous.com\/site\/les-dossiers\/avant-achat-cobaye\/rongeurs-et-enfants\/\">Rongeurs et enfants<\/a><\/li>\n<\/ul>\n<\/div>\n<div style=\"background: #ffffff; border: 1px solid #EACFB8; color: #404040; padding: 0 10px 0 10px; margin-top: 1em; text-align: justify; border-radius: 10px;\"><script async=\"\" src=\"\/\/pagead2.googlesyndication.com\/pagead\/js\/adsbygoogle.js\"><\/script> <br \/> \n <!-- cob-dossier-gauche -->  <br \/> \n<ins class=\"adsbygoogle\" style=\"display: block;\" data-ad-client=\"ca-pub-3631834167777130\" data-ad-slot=\"6832657395\" data-ad-format=\"auto\"><\/ins> <br \/> \n<script>\n(adsbygoogle = window.adsbygoogle || []).push({});\n<\/script> <br \/> \n<img loading=\"lazy\" decoding=\"async\" class=\"alignleft\" src=\"http:\/\/www.cobayous.Com\/site\/wp-content\/uploads\/img\/question.png\" alt=\"\" width=\"30\" height=\"30\"> <\/p> \n<h4>DES QUESTIONS ?<\/h4>\n <p> Tu as des questions \u00e0 poser sur les cobayes? Tu souhaites discuter avec nous? <\/p> \n <p> <img loading=\"lazy\" decoding=\"async\" class=\"alignleft\" title=\"talk\" src=\"http:\/\/www.cobayous.com\/site\/wp-content\/uploads\/img\/icon-talk.png\" alt=\"\" width=\"44\" height=\"30\"> <a href=\"http:\/\/www.cobayous.Com\/forum\">Rejoins-nous !<\/a> <\/p> \n<\/div>\n <p> [\/ezcol_1third] [ezcol_2third_end] <\/p> \n <p> La liti\u00e8re est indispensable pour votre animal car c\u2019est l\u00e0 qu\u2019il va faire ses besoins. Il existe plusieurs types de liti\u00e8res : <\/p> \n<ul>\n<li><span style=\"text-decoration: underline;\"><strong>Les copeaux de bois<\/strong><\/span><\/li>\n<\/ul>\n <p> Cette liti\u00e8re est celle que l\u2019on retrouve le plus partout, que ce soit dans les cages de nos loulous que dans les magasins. Tr\u00e8s peu on\u00e9reuse, elle est souvent consid\u00e9r\u00e9 comme trop poussi\u00e9reuse et mauvaise pour la sant\u00e9 de nos bebettes. Cependant, il existe des marques de copeaux d\u00e9poussi\u00e9r\u00e9s et on sent vraiment la diff\u00e9rence (j\u2019ai moi-m\u00eame test\u00e9). Avec une couche de paille par dessus, vous \u00e9viterez que le cobaye ait le nez dans les copeaux ainsi que les projections hors de la cage. <\/p> \n<blockquote> <p> <span style=\"text-decoration: underline;\"> copeaux parfum\u00e9s :<\/span> il existe \u00e9galement des copeaux parfum\u00e9s (citron, pomme &#8230;). Ces copeaux peuvent \u00eatre utilis\u00e9s de temps en temps mais il est \u00e9vident que c&rsquo;est surtout pour le confort nasal des ma\u00eetres <span class=\"wp-font-emots-emo-wink\"><\/span> <br \/> \nSi vous d\u00e9cidez quand m\u00eame d&rsquo;en utiliser, fa\u00eetes un m\u00e9lange avec les copeaux nature et mettez une petite couche de paille par dessus afin d&rsquo;\u00e9viter que votre animal ait le nez dans les copeaux (aussi bien pour la poussi\u00e8re que pour le parfum) <\/p> <\/blockquote>\n<div>\n<div>\n<ul>\n<li><span style=\"text-decoration: underline;\"><strong>La paille utilis\u00e9e seule<\/strong><\/span><\/li>\n<\/ul>\n <p> C\u2019est une bonne liti\u00e8re mais quand l\u2019animal va faire ses besoins, il faudra changer le bac assez souvent car la paille va moisir. De plus, les cochons d\u2019Inde aiment manger la paille et il ne faudrait pas qu\u2019il mange sa liti\u00e8re !!! <\/p> \n<ul>\n<li><span style=\"text-decoration: underline;\"><strong>La liti\u00e8re de paille<\/strong><\/span><\/li>\n<\/ul>\n <p> Cette liti\u00e8re se pr\u00e9sente sous forme de granul\u00e9s. <br \/> \nMary21, conseill\u00e8re du forum de Pom&amp;Lolo a test\u00e9 \u00ab pour nous \u00bb la liti\u00e8re de paille. <br \/> \nVous trouverez ci-dessous les notes que Mary a attribu\u00e9 \u00e0 cette liti\u00e8re en fonction de diff\u00e9rents crit\u00e8res. <\/p> \n <p> <a href=\"http:\/\/www.cobayous.com\/site\/wp-content\/uploads\/dossiers\/litiere-paille.jpg\"><img loading=\"lazy\" decoding=\"async\" class=\"alignleft\" title=\"litiere-paille\" src=\"http:\/\/www.cobayous.com\/site\/wp-content\/uploads\/dossiers\/litiere-paille_pt.jpg\" alt=\"\" width=\"250\" height=\"188\"><\/a>Odeur : 8\/10, \u00e7a ne sent que la paille une fois mouill\u00e9 par le pipi. <\/p> \n <p> Absorption : 9\/10 : \u00e7a forme comme des paquets, les chons restent bien au sec (j\u2019ai l\u2019impression de faire de la pub pour les couches <span class=\"wp-font-emots-emo-grin\"><\/span> ) <\/p> \n <p> Prix : 7\/10 pas plus cher que le chanvre, mais toujours trop cher \u00e0 mon go\u00fbt ! <\/p> \n <p> Confort : 8\/10 avec de la paille dessus, total confort, sans un peu plus compliqu\u00e9 mais \u00e7a n\u2019a pas l\u2019air de g\u00eaner, \u00e7a ne glisse pas contrairement \u00e0 la liti\u00e8re v\u00e9g\u00e9tale. <\/p> \n <p> Poussi\u00e8res : 10\/10 c\u2019est la premi\u00e8re liti\u00e8re qui ne fait absolument aucune poussi\u00e8re, on peut mettre le nez dessus sans rien sentir ! (je vous parle pas des copeaux d\u00e9poussi\u00e9r\u00e9s ou non et surtout du chanvre que j&rsquo;\u00e9tais oblig\u00e9e de secouer \u00e0 l\u2019air libre chaque fois !) <\/p> \n <p> En r\u00e9sum\u00e9 je dirais 8\/10, c\u2019est pratique \u00e0 nettoyer, \u00e7a forme des paquets ou les bouchons se d\u00e9sagr\u00e8gent, pratiquement aucune odeur (celle de la paille est tr\u00e8s supportable compar\u00e9 \u00e0 avant quand je nettoyais des fois c\u2019\u00e9tait insupportable !) et sans poussi\u00e8re ! <\/p> \n <p> La seule chose que je pourrais vraiment reprocher \u00e0 cette liti\u00e8re, c\u2019est son poids ! Une vraie gal\u00e8re !!! <\/p> \n<\/div>\n<div>\n<div>\n<ul>\n<li><span style=\"text-decoration: underline;\"><strong>Aubiose : Liti\u00e8re de chanvre<\/strong><\/span><\/li>\n<\/ul>\n<\/div>\n<div><a href=\"http:\/\/www.cobayous.com\/site\/wp-content\/uploads\/dossiers\/litiere-chanvre.jpg\"><img loading=\"lazy\" decoding=\"async\" class=\"alignleft\" title=\"chanvre\" src=\"http:\/\/www.cobayous.com\/site\/wp-content\/uploads\/dossiers\/litiere-chanvre_pt.jpg\" alt=\"\" width=\"250\" height=\"200\"><\/a>&nbsp;Cette liti\u00e8re provient de la partie centrale d\u2019une plante qui est cultiv\u00e9e sans pesticides ni fongicide. <br \/> \nC\u2019est une liti\u00e8re d\u00e9poussi\u00e9r\u00e9e et donc meilleure pour votre animal point de vue respiratoire.<\/div>\n <p> Cependant, pour l\u2019avoir test\u00e9, je peux dire que je n\u2019aime pas. Ca pique aux pattes (il y a plein de bouts pointus dedans), \u00e7a n\u2019absorbe pas tr\u00e8s bien. <\/p> \n<div>Le principe est que l\u2019urine va dans le fond du bac et est ensuite \u00e9vapor\u00e9. <br \/> \nC\u2019est beaucoup plus cher que les copeaux (environ 10\u20ac pour 20kilos de chanvre)<\/div>\n<div>\n<ul>\n<li><span style=\"text-decoration: underline;\"><strong>No smell<\/strong><\/span><\/li>\n<\/ul>\n <p> <a href=\"http:\/\/www.cobayous.com\/site\/wp-content\/uploads\/dossiers\/litiere_nosmell1.jpg\"><img loading=\"lazy\" decoding=\"async\" class=\"alignleft\" title=\"nosmell\" src=\"http:\/\/www.cobayous.com\/site\/wp-content\/uploads\/dossiers\/litiere_nosmell1_pt.jpg\" alt=\"\" width=\"200\" height=\"165\"><\/a>&nbsp;C&rsquo;est une liti\u00e8re v\u00e9g\u00e9tale \u00e0 base de coton d&rsquo;Afrique (environ 92% je pense) <br \/> \nPas \u00e9vident du tout \u00e0 \u00e9taler dans la cage parce que comme le coton, \u00e7a reste \u00ab\u00a0en boule\u00a0\u00bb. <br \/> \nC&rsquo;est cens\u00e9 durer beaucoup plus longtemps qu&rsquo;une liti\u00e8re classique. Je trouve que c&rsquo;est encore pire parce que, quand les cochons font leurs crottes, les crottes restent \u00e0 la surface de la liti\u00e8re et donc, les cochons ont vite tendance a marcher dessus et a faire une petite galette de crottes <span class=\"wp-font-emots-emo-unhappy\"><\/span> R\u00e9sultat : <\/p> \n <p> &#8211; j&rsquo;ai du la changer 2 fois plus vite que d&rsquo;habitude <br \/> \n&#8211; avec un sac de liti\u00e8re \u00e0 3\u20ac environ, je fais a peine une cage ce qui me reviendrait \u00e0 12\u20ac de liti\u00e8re par semaine au moins &#8230; <br \/> \n&#8211; cette liti\u00e8re se prends dans les ongles des cochons : ils avaient des merdes de coton coll\u00e9s dans les griffes, c&rsquo;\u00e9tait pas facile \u00e0 enlever. <br \/> \n&#8211; quand ils mangent dans leur gamelle, c&rsquo;est pire que les copeaux et, ils se retrouvent vite avec la moiti\u00e9 de la gamelle remplie de liti\u00e8re. Le seul avantage que j&rsquo;ai vu dans cette liti\u00e8re : quand elle vient d&rsquo;\u00eatre mise dans la cage et que j&rsquo;ai mis mes cochons dedans, ils se sont \u00e9tal\u00e9 de tout leur long et on voit qu&rsquo;ils \u00e9taient confortablement install\u00e9s. Mais, ce plaisir fut de courte dur\u00e9e&#8230;. <\/p> \n <p> Sur le forum, tu trouveras d&rsquo;autres avis sur les diff\u00e9rentes liti\u00e8res utilis\u00e9es par les membres. <br \/> \nVoici le lien direct pour y acc\u00e9der : <a href=\"http:\/\/www.cobayous.Com\/forum\/vos-avis-vf92.html\" target=\"_blank\">http:\/\/www.cobayous.com\/forum\/vos-avis-vf92.html<\/a> <\/p> \n <p> <a href=\"http:\/\/www.cobayous.com\/site\/qui-sommes-nous\/\"><img loading=\"lazy\" decoding=\"async\" class=\"alignright\" title=\"copyright-pomelo.jpg\" src=\"\/site\/wp-content\/uploads\/dossiers\/copyright-pomelo.jpg\" alt=\"copyright-pomelo.jpg\" width=\"275\" height=\"50\" border=\"0\"><\/a> <\/p> \n <p> [\/ezcol_2third_end] <\/p> \n<\/div>\n<\/div>\n<\/div>\n","protected":false},"excerpt":{"rendered":" <p> [ezcol_1third] EN BREF La meilleure liti\u00e8re \u00e0 utiliser pour votre cobaye, ce sera la moins poussi\u00e9reuse et la plus naturelle possible! Gardez toujours en t\u00eate que votre animal vit sur&#8230; <a href=\"http:\/\/www.cobayous.com\/site\/les-dossiers\/preparer-larrivee-du-cobaye\/les-differentes-litieres\/\">Read more &raquo;<\/a> <\/p> \n","protected":false},"author":1,"featured_media":0,"parent":120,"menu_order":1,"comment_status":"closed","ping_status":"closed","template":"","meta":{"ngg_post_thumbnail":0,"footnotes":""},"class_list":["post-131","page","type-page","status-publish","hentry"],"yoast_head":"<!-- This site is optimized with the Yoast SEO plugin v27.1.1 - https:\/\/yoast.com\/product\/yoast-seo-wordpress\/ -->\n<title>Pr\u00e9parer son arriv\u00e9e : Les diff\u00e9rentes liti\u00e8res - Les Cobayes Pom&amp;Lolo<\/title>\n<meta name=\"robots\" content=\"index, follow, max-snippet:-1, max-image-preview:large, max-video-preview:-1\" \/>\n<link rel=\"canonical\" href=\"http:\/\/www.cobayous.com\/site\/les-dossiers\/preparer-larrivee-du-cobaye\/les-differentes-litieres\/\" \/>\n<meta property=\"og:locale\" content=\"fr_FR\" \/>\n<meta property=\"og:type\" content=\"article\" \/>\n<meta property=\"og:title\" content=\"Pr\u00e9parer son arriv\u00e9e : Les diff\u00e9rentes liti\u00e8res - Les Cobayes Pom&amp;Lolo\" \/>\n<meta property=\"og:description\" content=\"[ezcol_1third] EN BREF La meilleure liti\u00e8re \u00e0 utiliser pour votre cobaye, ce sera la moins poussi\u00e9reuse et la plus naturelle possible! Gardez toujours en t\u00eate que votre animal vit sur... Read more &raquo;\" \/>\n<meta property=\"og:url\" content=\"http:\/\/www.cobayous.com\/site\/les-dossiers\/preparer-larrivee-du-cobaye\/les-differentes-litieres\/\" \/>\n<meta property=\"og:site_name\" content=\"Les Cobayes Pom&amp;Lolo\" \/>\n<meta property=\"article:modified_time\" content=\"2016-11-21T16:06:38+00:00\" \/>\n<meta property=\"og:image\" content=\"http:\/\/www.cobayous.Com\/site\/wp-content\/uploads\/img\/memo.png\" \/>\n<meta name=\"twitter:card\" content=\"summary_large_image\" \/>\n<meta name=\"twitter:label1\" content=\"Dur\u00e9e de lecture estim\u00e9e\" \/>\n\t<meta name=\"twitter:data1\" content=\"5 minutes\" \/>\n<script type=\"application\/ld+json\" class=\"yoast-schema-graph\">{\"@context\":\"https:\/\/schema.org\",\"@graph\":[{\"@type\":\"WebPage\",\"@id\":\"http:\/\/www.cobayous.com\/site\/les-dossiers\/preparer-larrivee-du-cobaye\/les-differentes-litieres\/\",\"url\":\"http:\/\/www.cobayous.com\/site\/les-dossiers\/preparer-larrivee-du-cobaye\/les-differentes-litieres\/\",\"name\":\"Pr\u00e9parer son arriv\u00e9e : Les diff\u00e9rentes liti\u00e8res - Les Cobayes Pom&amp;Lolo\",\"isPartOf\":{\"@id\":\"http:\/\/www.cobayous.com\/site\/#website\"},\"primaryImageOfPage\":{\"@id\":\"http:\/\/www.cobayous.com\/site\/les-dossiers\/preparer-larrivee-du-cobaye\/les-differentes-litieres\/#primaryimage\"},\"image\":{\"@id\":\"http:\/\/www.cobayous.com\/site\/les-dossiers\/preparer-larrivee-du-cobaye\/les-differentes-litieres\/#primaryimage\"},\"thumbnailUrl\":\"http:\/\/www.cobayous.Com\/site\/wp-content\/uploads\/img\/memo.png\",\"datePublished\":\"2010-05-12T12:07:51+00:00\",\"dateModified\":\"2016-11-21T16:06:38+00:00\",\"breadcrumb\":{\"@id\":\"http:\/\/www.cobayous.com\/site\/les-dossiers\/preparer-larrivee-du-cobaye\/les-differentes-litieres\/#breadcrumb\"},\"inLanguage\":\"fr-FR\",\"potentialAction\":[{\"@type\":\"ReadAction\",\"target\":[\"http:\/\/www.cobayous.com\/site\/les-dossiers\/preparer-larrivee-du-cobaye\/les-differentes-litieres\/\"]}]},{\"@type\":\"ImageObject\",\"inLanguage\":\"fr-FR\",\"@id\":\"http:\/\/www.cobayous.com\/site\/les-dossiers\/preparer-larrivee-du-cobaye\/les-differentes-litieres\/#primaryimage\",\"url\":\"http:\/\/www.cobayous.Com\/site\/wp-content\/uploads\/img\/memo.png\",\"contentUrl\":\"http:\/\/www.cobayous.Com\/site\/wp-content\/uploads\/img\/memo.png\"},{\"@type\":\"BreadcrumbList\",\"@id\":\"http:\/\/www.cobayous.com\/site\/les-dossiers\/preparer-larrivee-du-cobaye\/les-differentes-litieres\/#breadcrumb\",\"itemListElement\":[{\"@type\":\"ListItem\",\"position\":1,\"name\":\"Accueil\",\"item\":\"http:\/\/www.cobayous.com\/site\/\"},{\"@type\":\"ListItem\",\"position\":2,\"name\":\"Dossiers\",\"item\":\"http:\/\/www.cobayous.com\/site\/les-dossiers\/\"},{\"@type\":\"ListItem\",\"position\":3,\"name\":\"Pr\u00e9parer son arriv\u00e9e\",\"item\":\"http:\/\/www.cobayous.com\/site\/les-dossiers\/preparer-larrivee-du-cobaye\/\"},{\"@type\":\"ListItem\",\"position\":4,\"name\":\"Pr\u00e9parer son arriv\u00e9e : Les diff\u00e9rentes liti\u00e8res\"}]},{\"@type\":\"WebSite\",\"@id\":\"http:\/\/www.cobayous.com\/site\/#website\",\"url\":\"http:\/\/www.cobayous.com\/site\/\",\"name\":\"Les Cobayes Pom&Lolo\",\"description\":\"\",\"publisher\":{\"@id\":\"http:\/\/www.cobayous.com\/site\/#organization\"},\"potentialAction\":[{\"@type\":\"SearchAction\",\"target\":{\"@type\":\"EntryPoint\",\"urlTemplate\":\"http:\/\/www.cobayous.com\/site\/?s={search_term_string}\"},\"query-input\":{\"@type\":\"PropertyValueSpecification\",\"valueRequired\":true,\"valueName\":\"search_term_string\"}}],\"inLanguage\":\"fr-FR\"},{\"@type\":\"Organization\",\"@id\":\"http:\/\/www.cobayous.com\/site\/#organization\",\"name\":\"Les Cobayes Pom&Lolo\",\"url\":\"http:\/\/www.cobayous.com\/site\/\",\"logo\":{\"@type\":\"ImageObject\",\"inLanguage\":\"fr-FR\",\"@id\":\"http:\/\/www.cobayous.com\/site\/#\/schema\/logo\/image\/\",\"url\":\"http:\/\/www.cobayous.com\/site\/wp-content\/uploads\/2024\/01\/header-bg.png\",\"contentUrl\":\"http:\/\/www.cobayous.com\/site\/wp-content\/uploads\/2024\/01\/header-bg.png\",\"width\":1022,\"height\":250,\"caption\":\"Les Cobayes Pom&Lolo\"},\"image\":{\"@id\":\"http:\/\/www.cobayous.com\/site\/#\/schema\/logo\/image\/\"}}]}<\/script>\n<!-- \/ Yoast SEO plugin. -->","yoast_head_json":{"title":"Pr\u00e9parer son arriv\u00e9e : Les diff\u00e9rentes liti\u00e8res - Les Cobayes Pom&amp;Lolo","robots":{"index":"index","follow":"follow","max-snippet":"max-snippet:-1","max-image-preview":"max-image-preview:large","max-video-preview":"max-video-preview:-1"},"canonical":"http:\/\/www.cobayous.com\/site\/les-dossiers\/preparer-larrivee-du-cobaye\/les-differentes-litieres\/","og_locale":"fr_FR","og_type":"article","og_title":"Pr\u00e9parer son arriv\u00e9e : Les diff\u00e9rentes liti\u00e8res - Les Cobayes Pom&amp;Lolo","og_description":"[ezcol_1third] EN BREF La meilleure liti\u00e8re \u00e0 utiliser pour votre cobaye, ce sera la moins poussi\u00e9reuse et la plus naturelle possible! Gardez toujours en t\u00eate que votre animal vit sur... Read more &raquo;","og_url":"http:\/\/www.cobayous.com\/site\/les-dossiers\/preparer-larrivee-du-cobaye\/les-differentes-litieres\/","og_site_name":"Les Cobayes Pom&amp;Lolo","article_modified_time":"2016-11-21T16:06:38+00:00","og_image":[{"url":"http:\/\/www.cobayous.Com\/site\/wp-content\/uploads\/img\/memo.png","type":"","width":"","height":""}],"twitter_card":"summary_large_image","twitter_misc":{"Dur\u00e9e de lecture estim\u00e9e":"5 minutes"},"schema":{"@context":"https:\/\/schema.org","@graph":[{"@type":"WebPage","@id":"http:\/\/www.cobayous.com\/site\/les-dossiers\/preparer-larrivee-du-cobaye\/les-differentes-litieres\/","url":"http:\/\/www.cobayous.com\/site\/les-dossiers\/preparer-larrivee-du-cobaye\/les-differentes-litieres\/","name":"Pr\u00e9parer son arriv\u00e9e : Les diff\u00e9rentes liti\u00e8res - Les Cobayes Pom&amp;Lolo","isPartOf":{"@id":"http:\/\/www.cobayous.com\/site\/#website"},"primaryImageOfPage":{"@id":"http:\/\/www.cobayous.com\/site\/les-dossiers\/preparer-larrivee-du-cobaye\/les-differentes-litieres\/#primaryimage"},"image":{"@id":"http:\/\/www.cobayous.com\/site\/les-dossiers\/preparer-larrivee-du-cobaye\/les-differentes-litieres\/#primaryimage"},"thumbnailUrl":"http:\/\/www.cobayous.Com\/site\/wp-content\/uploads\/img\/memo.png","datePublished":"2010-05-12T12:07:51+00:00","dateModified":"2016-11-21T16:06:38+00:00","breadcrumb":{"@id":"http:\/\/www.cobayous.com\/site\/les-dossiers\/preparer-larrivee-du-cobaye\/les-differentes-litieres\/#breadcrumb"},"inLanguage":"fr-FR","potentialAction":[{"@type":"ReadAction","target":["http:\/\/www.cobayous.com\/site\/les-dossiers\/preparer-larrivee-du-cobaye\/les-differentes-litieres\/"]}]},{"@type":"ImageObject","inLanguage":"fr-FR","@id":"http:\/\/www.cobayous.com\/site\/les-dossiers\/preparer-larrivee-du-cobaye\/les-differentes-litieres\/#primaryimage","url":"http:\/\/www.cobayous.Com\/site\/wp-content\/uploads\/img\/memo.png","contentUrl":"http:\/\/www.cobayous.Com\/site\/wp-content\/uploads\/img\/memo.png"},{"@type":"BreadcrumbList","@id":"http:\/\/www.cobayous.com\/site\/les-dossiers\/preparer-larrivee-du-cobaye\/les-differentes-litieres\/#breadcrumb","itemListElement":[{"@type":"ListItem","position":1,"name":"Accueil","item":"http:\/\/www.cobayous.com\/site\/"},{"@type":"ListItem","position":2,"name":"Dossiers","item":"http:\/\/www.cobayous.com\/site\/les-dossiers\/"},{"@type":"ListItem","position":3,"name":"Pr\u00e9parer son arriv\u00e9e","item":"http:\/\/www.cobayous.com\/site\/les-dossiers\/preparer-larrivee-du-cobaye\/"},{"@type":"ListItem","position":4,"name":"Pr\u00e9parer son arriv\u00e9e : Les diff\u00e9rentes liti\u00e8res"}]},{"@type":"WebSite","@id":"http:\/\/www.cobayous.com\/site\/#website","url":"http:\/\/www.cobayous.com\/site\/","name":"Les Cobayes Pom&Lolo","description":"","publisher":{"@id":"http:\/\/www.cobayous.com\/site\/#organization"},"potentialAction":[{"@type":"SearchAction","target":{"@type":"EntryPoint","urlTemplate":"http:\/\/www.cobayous.com\/site\/?s={search_term_string}"},"query-input":{"@type":"PropertyValueSpecification","valueRequired":true,"valueName":"search_term_string"}}],"inLanguage":"fr-FR"},{"@type":"Organization","@id":"http:\/\/www.cobayous.com\/site\/#organization","name":"Les Cobayes Pom&Lolo","url":"http:\/\/www.cobayous.com\/site\/","logo":{"@type":"ImageObject","inLanguage":"fr-FR","@id":"http:\/\/www.cobayous.com\/site\/#\/schema\/logo\/image\/","url":"http:\/\/www.cobayous.com\/site\/wp-content\/uploads\/2024\/01\/header-bg.png","contentUrl":"http:\/\/www.cobayous.com\/site\/wp-content\/uploads\/2024\/01\/header-bg.png","width":1022,"height":250,"caption":"Les Cobayes Pom&Lolo"},"image":{"@id":"http:\/\/www.cobayous.com\/site\/#\/schema\/logo\/image\/"}}]}},"_links":{"self":[{"href":"http:\/\/www.cobayous.com\/site\/wp-json\/wp\/v2\/pages\/131","targetHints":{"allow":["GET"]}}],"collection":[{"href":"http:\/\/www.cobayous.com\/site\/wp-json\/wp\/v2\/pages"}],"about":[{"href":"http:\/\/www.cobayous.com\/site\/wp-json\/wp\/v2\/types\/page"}],"author":[{"embeddable":true,"href":"http:\/\/www.cobayous.com\/site\/wp-json\/wp\/v2\/users\/1"}],"replies":[{"embeddable":true,"href":"http:\/\/www.cobayous.com\/site\/wp-json\/wp\/v2\/comments?post=131"}],"version-history":[{"count":2,"href":"http:\/\/www.cobayous.com\/site\/wp-json\/wp\/v2\/pages\/131\/revisions"}],"predecessor-version":[{"id":3664,"href":"http:\/\/www.cobayous.com\/site\/wp-json\/wp\/v2\/pages\/131\/revisions\/3664"}],"up":[{"embeddable":true,"href":"http:\/\/www.cobayous.com\/site\/wp-json\/wp\/v2\/pages\/120"}],"wp:attachment":[{"href":"http:\/\/www.cobayous.com\/site\/wp-json\/wp\/v2\/media?parent=131"}],"curies":[{"name":"wp","href":"https:\/\/api.w.org\/{rel}","templated":true}]}}