{"id":1294,"date":"2009-01-06T11:23:48","date_gmt":"2009-01-06T10:23:48","guid":{"rendered":"http:\/\/www.cobayous.com\/site\/?page_id=1294"},"modified":"2012-05-20T20:20:21","modified_gmt":"2012-05-20T19:20:21","slug":"g-force-le-nouveau-film-de-disney","status":"publish","type":"page","link":"http:\/\/www.cobayous.com\/site\/les-dossiers\/speciaux-pratiques\/g-force-le-nouveau-film-de-disney\/","title":{"rendered":"G-Force, le nouveau film de Disney"},"content":{"rendered":"<div class=\"column_left200\" style=\"float: left; display: inline; \">\n<div style=\"background: #FFEFCE; border: 1px solid #BD8D46; color: #404040; padding: 0 10px 0 10px; margin-top: 1em; text-align: justify; border-radius: 10px;\">\n<h3><img loading=\"lazy\" decoding=\"async\" class=\"alignleft\" title=\"memo\" src=\"http:\/\/www.cobayous.Com\/site\/wp-content\/uploads\/img\/memo.png\" alt=\"\" width=\"30\" height=\"30\" \/>EN BREF<\/h3>\n <p> N&rsquo;adoptez jamais un animal sur un coup de t\u00eate parce que vous avez trouv\u00e9 un film g\u00e9nial ou pour faire plaisir \u00e0 vos enfants. <\/p> \n <p> L&rsquo;acquisition d&rsquo;un animal, quel qu&rsquo;il soit, doit toujours \u00eatre le fruit une d\u00e9cision m\u00fbrement r\u00e9fl\u00e9chie. <\/p> \n<\/div>\n<div style=\"background: #EDF7F2; border: 1px solid #7FC6BC; color: #404040; padding: 0 10px 0 10px; margin-top: 1em; text-align: justify; border-radius: 10px;\">\n <p> <img loading=\"lazy\" decoding=\"async\" class=\"alignleft\" title=\"alire\" src=\"http:\/\/www.cobayous.Com\/site\/wp-content\/uploads\/img\/books.png\" alt=\"\" width=\"30\" height=\"30\" \/> <\/p> \n<h3>A LIRE<\/h3>\n<ul>\n<li><a title=\"Apprivoiser son cobaye\" href=\"http:\/\/www.cobayous.com\/site\/les-dossiers\/apprivoiser-son-cobaye\/\">Apprivoisement<\/a><\/li>\n<li><a title=\"Alimentation\" href=\"http:\/\/www.cobayous.com\/site\/les-dossiers\/alimentation-du-cobaye\/\">Alimentation<\/a><\/li>\n<li><a title=\"Maladies du Cobaye\" href=\"http:\/\/www.cobayous.com\/site\/les-dossiers\/les-maladies-du-cobaye\/\">Maladies<\/a><\/li>\n<li><a title=\"Les Soins\" href=\"http:\/\/www.cobayous.com\/site\/les-dossiers\/les-soins\/\">Soins<\/a><\/li>\n<li><a title=\"Le cobaye et les vacances\" href=\"http:\/\/www.cobayous.com\/site\/les-dossiers\/speciaux-pratiques\/le-cobaye-et-les-vacances\/\">Le Cobaye et les Vacances<\/a><\/li>\n<li><a title=\"Rongeurs et Enfants\" href=\"http:\/\/www.cobayous.com\/site\/les-dossiers\/avant-achat-cobaye\/rongeurs-et-enfants\/\">Rongeurs et enfants<\/a><\/li>\n<li><a href=\"http:\/\/www.cobayous.com\/site\/les-dossiers\/\">Tous les dossiers<\/a><\/li>\n<\/ul>\n<\/div>\n <p> <script type=\"text\/javascript\">\/\/ <![CDATA[\n google_ad_client = \"pub-3631834167777130\"; \/* pometlolo-sidebar-160x600 *\/ google_ad_slot = \"0152501946\"; google_ad_width = 160; google_ad_height = 600;\n\/\/ ]]><\/script> <br \/> \n<script type=\"text\/javascript\" src=\"http:\/\/pagead2.googlesyndication.com\/pagead\/show_ads.js\">\/\/ <![CDATA[\n\n\n\/\/ ]]><\/script> <\/p> \n<div style=\"background: #ffffff; border: 1px solid #EACFB8; color: #404040; padding: 0 10px 0 10px; margin-top: 1em; text-align: justify; border-radius: 10px;\">\n <p> <img loading=\"lazy\" decoding=\"async\" class=\"alignleft\" src=\"http:\/\/www.cobayous.Com\/site\/wp-content\/uploads\/img\/question.png\" alt=\"\" width=\"30\" height=\"30\" \/> <\/p> \n<h4>DES QUESTIONS ?<\/h4>\n <p> Tu as des questions \u00e0 poser sur les cobayes? Tu souhaites discuter avec nous? <\/p> \n <p> <img loading=\"lazy\" decoding=\"async\" class=\"alignleft\" title=\"talk\" src=\"http:\/\/www.cobayous.com\/site\/wp-content\/uploads\/img\/icon-talk.png\" alt=\"\" width=\"44\" height=\"30\" \/> <a href=\"http:\/\/www.cobayous.Com\/forum\">Rejoins-nous !<\/a> <\/p> \n<\/div>\n <p> <\/div> <br \/> \n<div class=\"column_right728\" style=\"float: left; display: inline; \"> <\/p> \n<div style=\"background: none repeat scroll 0% 0% #f5fafc; border: 1px solid #6396ef; color: #404040; padding: 0pt 10px; margin-top: 1em; min-height: 220px; max-width: 98%; text-align: left;\">\n <p> Le film <\/p> \n <p> Vous en avez sans doute entendu parler, un nouveau film Disney va sortir en France le 14 Octobre 2009. <br \/> \nL&rsquo;histoire : Un commando d&rsquo;animaux g\u00e9n\u00e9tiquement modifi\u00e9s (des cobayes), tente d&#8217;emp\u00eacher un milliardaire sans scrupule de s&#8217;emparer de contr\u00f4ler le monde. <br \/> \nQuoi de plus g\u00e9nial pour nous fan de cochons d&rsquo;Inde de voir un film dont le h\u00e9ros est un petit pouiik ! Mais nous pensons \u00e9galement aux d\u00e9rives de ce genre de films. <br \/> \nVoici la bande annonce de ce film (en anglais pour le moment) <\/p> \n <p> <object width=\"560\" height=\"349\" classid=\"clsid:d27cdb6e-ae6d-11cf-96b8-444553540000\" codebase=\"http:\/\/download.macromedia.com\/pub\/shockwave\/cabs\/flash\/swflash.cab#version=6,0,40,0\"><param name=\"allowFullScreen\" value=\"true\" \/><param name=\"allowscriptaccess\" value=\"always\" \/><param name=\"src\" value=\"http:\/\/www.youtube.com\/v\/7bVY_UspXyc?fs=1&amp;hl=fr_FR&amp;rel=0\" \/><param name=\"allowfullscreen\" value=\"true\" \/><embed width=\"560\" height=\"349\" type=\"application\/x-shockwave-flash\" src=\"http:\/\/www.youtube.com\/v\/7bVY_UspXyc?fs=1&amp;hl=fr_FR&amp;rel=0\" allowFullScreen=\"true\" allowscriptaccess=\"always\" allowfullscreen=\"true\" \/><\/object> <\/p> \n <p> Site officiel : <a href=\"http:\/\/disney.go.com\/disneypictures\/gforce\/\" target=\"_blank\">http:\/\/disney.go.com\/disneypictures\/gforce\/<\/a> <\/p> \n <p> &nbsp; <\/p> \n <p> Les d\u00e9rives de ce genre de films&#8230;. <\/p> \n <p> Ce film semble attirer beaucoup de gens, on a envie d&rsquo;aller le voir mais en tant qu&rsquo;amoureuse des cobayes, je ne peux que penser aux <strong>effets qui vont suivre ce film<\/strong>. Va-t-on encore \u00eatre en pr\u00e9sence du m\u00eame genre de ph\u00e9nom\u00e8ne qu&rsquo;avec Beethoven, Lassie, les 101 Dalmatiens, Men in Black, Ratatouille, N\u00e9mo, Stuart Little etc &#8230; <\/p> \n <p> Les<strong> cobayes vont une fois encore \u00eatre victime de la b\u00eatise humaine<\/strong>. Ce dossier n&rsquo;a pas pour but de \u00ab\u00a0boycotter\u00a0\u00bb le film mais plut\u00f4t de sensibiliser les gens qui risquent de vouloir offrir un cochon d&rsquo;Inde \u00e0 leurs enfants. En effet, les rongeurs sont des animaux qui sont eux aussi abandonn\u00e9s ou dont on ne s&rsquo;occupe pas toujours en cas de maladie. <\/p> \n <p> Il ne faut pas que le cochon d&rsquo;Inde reprenne son ancien r\u00f4le de cobaye car je crains que les enfants ou des gens peu scrupuleux tentent des choses avec des petits animaux sans d\u00e9fense. <\/p> \n <p> En regardant un peu plus loin, on va se retrouver avec une <strong>demande de cobayes grandissante<\/strong> et donc, du n&rsquo;importe quoi au niveau de l&rsquo;\u00e9levage (<strong>consanguinit\u00e9<\/strong>, <strong>non respect de la reproduction<\/strong> &#8230;) <\/p> \n <p> Les gens doivent garder \u00e0 l&rsquo;esprit que dans ce genre de film,<strong> l&rsquo;animal a \u00e9t\u00e9 longuement dress\u00e9<\/strong> pour parvenir \u00e0 jouer dans les sc\u00e8nes ou qu&rsquo;il s&rsquo;agit dans notre cas d&rsquo;un <strong>animal virtuel<\/strong>. Donc, <span style=\"color: #ff0000;\"><strong>ne vous attendez pas \u00e0 ce que votre nouvel animal ait les m\u00eames capacit\u00e9s que dans le film &#8230;<\/strong><\/span> <br \/> \nVeillez \u00e0 bien expliquer tout cela \u00e0 votre enfant car il risque d&rsquo;\u00eatre extr\u00eamement d\u00e9\u00e7u si son animal ne fait pas de karat\u00e9 ou autres acrobaties &#8230; et voudra donc sans doute s&rsquo;en d\u00e9barrasser. <\/p> \n <p> Je terminerai ce dossier de mise en garde en vous demandant de<strong> bien vous renseigner avant d&rsquo;adopter un animal<\/strong> (quel qu&rsquo;il soit d&rsquo;ailleurs) et de bien<strong> r\u00e9fl\u00e9chir aux cons\u00e9quences<\/strong> (maladies, entretien, vacances etc &#8230;) <br \/> \nN&rsquo;h\u00e9sitez pas \u00e0 aller<strong><a href=\"http:\/\/www.cobayous.com\/site\/les-dossiers\/\"> lire les dossiers du site<\/a><\/strong> qui sont l\u00e0 pour vous aider \u00e0 r\u00e9pondre au mieux aux besoins de votre futur animal. <\/p> \n<div style=\"text-align: center;\"><span style=\"color: #ff0000;\"><strong>Pour que les cobayes ne redeviennent pas des cobayes !<\/strong><\/span><\/div>\n <p> &nbsp; <\/p> \n<\/div>\n <p> <a href=\"http:\/\/www.cobayous.com\/site\/qui-sommes-nous\/\"><img loading=\"lazy\" decoding=\"async\" class=\"alignright\" title=\"copyright-pomelo.jpg\" src=\"\/site\/wp-content\/uploads\/dossiers\/copyright-pomelo.jpg\" alt=\"copyright-pomelo.jpg\" width=\"275\" height=\"50\" border=\"0\" \/><\/a> <\/p> \n <p> <script type=\"text\/javascript\">\/\/ <![CDATA[\n                   google_ad_client = \"ca-pub-3631834167777130\"; \/* 728x90, SITE BAS *\/ google_ad_slot = \"8092157966\"; google_ad_width = 728; google_ad_height = 90;\n\/\/ ]]><\/script> <br \/> \n<script type=\"text\/javascript\" src=\"http:\/\/pagead2.googlesyndication.com\/pagead\/show_ads.js\">\/\/ <![CDATA[\n\n\n\/\/ ]]><\/script> <br \/> \n<\/div><div style='clear: both;'><\/div> <\/p> \n","protected":false},"excerpt":{"rendered":"","protected":false},"author":1,"featured_media":0,"parent":1284,"menu_order":9,"comment_status":"closed","ping_status":"open","template":"pg-tpl-no-sidebars.php","meta":{"ngg_post_thumbnail":0,"footnotes":""},"class_list":["post-1294","page","type-page","status-publish","hentry"],"yoast_head":"<!-- This site is optimized with the Yoast SEO plugin v27.1.1 - https:\/\/yoast.com\/product\/yoast-seo-wordpress\/ -->\n<title>G-Force, le nouveau film de Disney - Les Cobayes Pom&amp;Lolo<\/title>\n<meta name=\"robots\" content=\"index, follow, max-snippet:-1, max-image-preview:large, max-video-preview:-1\" \/>\n<link rel=\"canonical\" href=\"http:\/\/www.cobayous.com\/site\/les-dossiers\/speciaux-pratiques\/g-force-le-nouveau-film-de-disney\/\" \/>\n<meta property=\"og:locale\" content=\"fr_FR\" \/>\n<meta property=\"og:type\" content=\"article\" \/>\n<meta property=\"og:title\" content=\"G-Force, le nouveau film de Disney - Les Cobayes Pom&amp;Lolo\" \/>\n<meta property=\"og:url\" content=\"http:\/\/www.cobayous.com\/site\/les-dossiers\/speciaux-pratiques\/g-force-le-nouveau-film-de-disney\/\" \/>\n<meta property=\"og:site_name\" content=\"Les Cobayes Pom&amp;Lolo\" \/>\n<meta property=\"article:modified_time\" content=\"2012-05-20T19:20:21+00:00\" \/>\n<meta property=\"og:image\" content=\"http:\/\/www.cobayous.Com\/site\/wp-content\/uploads\/img\/memo.png\" \/>\n<meta name=\"twitter:card\" content=\"summary_large_image\" \/>\n<meta name=\"twitter:label1\" content=\"Dur\u00e9e de lecture estim\u00e9e\" \/>\n\t<meta name=\"twitter:data1\" content=\"3 minutes\" \/>\n<script type=\"application\/ld+json\" class=\"yoast-schema-graph\">{\"@context\":\"https:\/\/schema.org\",\"@graph\":[{\"@type\":\"WebPage\",\"@id\":\"http:\/\/www.cobayous.com\/site\/les-dossiers\/speciaux-pratiques\/g-force-le-nouveau-film-de-disney\/\",\"url\":\"http:\/\/www.cobayous.com\/site\/les-dossiers\/speciaux-pratiques\/g-force-le-nouveau-film-de-disney\/\",\"name\":\"G-Force, le nouveau film de Disney - Les Cobayes Pom&amp;Lolo\",\"isPartOf\":{\"@id\":\"http:\/\/www.cobayous.com\/site\/#website\"},\"primaryImageOfPage\":{\"@id\":\"http:\/\/www.cobayous.com\/site\/les-dossiers\/speciaux-pratiques\/g-force-le-nouveau-film-de-disney\/#primaryimage\"},\"image\":{\"@id\":\"http:\/\/www.cobayous.com\/site\/les-dossiers\/speciaux-pratiques\/g-force-le-nouveau-film-de-disney\/#primaryimage\"},\"thumbnailUrl\":\"http:\/\/www.cobayous.Com\/site\/wp-content\/uploads\/img\/memo.png\",\"datePublished\":\"2009-01-06T10:23:48+00:00\",\"dateModified\":\"2012-05-20T19:20:21+00:00\",\"breadcrumb\":{\"@id\":\"http:\/\/www.cobayous.com\/site\/les-dossiers\/speciaux-pratiques\/g-force-le-nouveau-film-de-disney\/#breadcrumb\"},\"inLanguage\":\"fr-FR\",\"potentialAction\":[{\"@type\":\"ReadAction\",\"target\":[\"http:\/\/www.cobayous.com\/site\/les-dossiers\/speciaux-pratiques\/g-force-le-nouveau-film-de-disney\/\"]}]},{\"@type\":\"ImageObject\",\"inLanguage\":\"fr-FR\",\"@id\":\"http:\/\/www.cobayous.com\/site\/les-dossiers\/speciaux-pratiques\/g-force-le-nouveau-film-de-disney\/#primaryimage\",\"url\":\"http:\/\/www.cobayous.Com\/site\/wp-content\/uploads\/img\/memo.png\",\"contentUrl\":\"http:\/\/www.cobayous.Com\/site\/wp-content\/uploads\/img\/memo.png\"},{\"@type\":\"BreadcrumbList\",\"@id\":\"http:\/\/www.cobayous.com\/site\/les-dossiers\/speciaux-pratiques\/g-force-le-nouveau-film-de-disney\/#breadcrumb\",\"itemListElement\":[{\"@type\":\"ListItem\",\"position\":1,\"name\":\"Accueil\",\"item\":\"http:\/\/www.cobayous.com\/site\/\"},{\"@type\":\"ListItem\",\"position\":2,\"name\":\"Dossiers\",\"item\":\"http:\/\/www.cobayous.com\/site\/les-dossiers\/\"},{\"@type\":\"ListItem\",\"position\":3,\"name\":\"Dossiers sp\u00e9ciaux \/ Pratiques\",\"item\":\"http:\/\/www.cobayous.com\/site\/les-dossiers\/speciaux-pratiques\/\"},{\"@type\":\"ListItem\",\"position\":4,\"name\":\"G-Force, le nouveau film de Disney\"}]},{\"@type\":\"WebSite\",\"@id\":\"http:\/\/www.cobayous.com\/site\/#website\",\"url\":\"http:\/\/www.cobayous.com\/site\/\",\"name\":\"Les Cobayes Pom&Lolo\",\"description\":\"\",\"publisher\":{\"@id\":\"http:\/\/www.cobayous.com\/site\/#organization\"},\"potentialAction\":[{\"@type\":\"SearchAction\",\"target\":{\"@type\":\"EntryPoint\",\"urlTemplate\":\"http:\/\/www.cobayous.com\/site\/?s={search_term_string}\"},\"query-input\":{\"@type\":\"PropertyValueSpecification\",\"valueRequired\":true,\"valueName\":\"search_term_string\"}}],\"inLanguage\":\"fr-FR\"},{\"@type\":\"Organization\",\"@id\":\"http:\/\/www.cobayous.com\/site\/#organization\",\"name\":\"Les Cobayes Pom&Lolo\",\"url\":\"http:\/\/www.cobayous.com\/site\/\",\"logo\":{\"@type\":\"ImageObject\",\"inLanguage\":\"fr-FR\",\"@id\":\"http:\/\/www.cobayous.com\/site\/#\/schema\/logo\/image\/\",\"url\":\"http:\/\/www.cobayous.com\/site\/wp-content\/uploads\/2024\/01\/header-bg.png\",\"contentUrl\":\"http:\/\/www.cobayous.com\/site\/wp-content\/uploads\/2024\/01\/header-bg.png\",\"width\":1022,\"height\":250,\"caption\":\"Les Cobayes Pom&Lolo\"},\"image\":{\"@id\":\"http:\/\/www.cobayous.com\/site\/#\/schema\/logo\/image\/\"}}]}<\/script>\n<!-- \/ Yoast SEO plugin. -->","yoast_head_json":{"title":"G-Force, le nouveau film de Disney - Les Cobayes Pom&amp;Lolo","robots":{"index":"index","follow":"follow","max-snippet":"max-snippet:-1","max-image-preview":"max-image-preview:large","max-video-preview":"max-video-preview:-1"},"canonical":"http:\/\/www.cobayous.com\/site\/les-dossiers\/speciaux-pratiques\/g-force-le-nouveau-film-de-disney\/","og_locale":"fr_FR","og_type":"article","og_title":"G-Force, le nouveau film de Disney - Les Cobayes Pom&amp;Lolo","og_url":"http:\/\/www.cobayous.com\/site\/les-dossiers\/speciaux-pratiques\/g-force-le-nouveau-film-de-disney\/","og_site_name":"Les Cobayes Pom&amp;Lolo","article_modified_time":"2012-05-20T19:20:21+00:00","og_image":[{"url":"http:\/\/www.cobayous.Com\/site\/wp-content\/uploads\/img\/memo.png","type":"","width":"","height":""}],"twitter_card":"summary_large_image","twitter_misc":{"Dur\u00e9e de lecture estim\u00e9e":"3 minutes"},"schema":{"@context":"https:\/\/schema.org","@graph":[{"@type":"WebPage","@id":"http:\/\/www.cobayous.com\/site\/les-dossiers\/speciaux-pratiques\/g-force-le-nouveau-film-de-disney\/","url":"http:\/\/www.cobayous.com\/site\/les-dossiers\/speciaux-pratiques\/g-force-le-nouveau-film-de-disney\/","name":"G-Force, le nouveau film de Disney - Les Cobayes Pom&amp;Lolo","isPartOf":{"@id":"http:\/\/www.cobayous.com\/site\/#website"},"primaryImageOfPage":{"@id":"http:\/\/www.cobayous.com\/site\/les-dossiers\/speciaux-pratiques\/g-force-le-nouveau-film-de-disney\/#primaryimage"},"image":{"@id":"http:\/\/www.cobayous.com\/site\/les-dossiers\/speciaux-pratiques\/g-force-le-nouveau-film-de-disney\/#primaryimage"},"thumbnailUrl":"http:\/\/www.cobayous.Com\/site\/wp-content\/uploads\/img\/memo.png","datePublished":"2009-01-06T10:23:48+00:00","dateModified":"2012-05-20T19:20:21+00:00","breadcrumb":{"@id":"http:\/\/www.cobayous.com\/site\/les-dossiers\/speciaux-pratiques\/g-force-le-nouveau-film-de-disney\/#breadcrumb"},"inLanguage":"fr-FR","potentialAction":[{"@type":"ReadAction","target":["http:\/\/www.cobayous.com\/site\/les-dossiers\/speciaux-pratiques\/g-force-le-nouveau-film-de-disney\/"]}]},{"@type":"ImageObject","inLanguage":"fr-FR","@id":"http:\/\/www.cobayous.com\/site\/les-dossiers\/speciaux-pratiques\/g-force-le-nouveau-film-de-disney\/#primaryimage","url":"http:\/\/www.cobayous.Com\/site\/wp-content\/uploads\/img\/memo.png","contentUrl":"http:\/\/www.cobayous.Com\/site\/wp-content\/uploads\/img\/memo.png"},{"@type":"BreadcrumbList","@id":"http:\/\/www.cobayous.com\/site\/les-dossiers\/speciaux-pratiques\/g-force-le-nouveau-film-de-disney\/#breadcrumb","itemListElement":[{"@type":"ListItem","position":1,"name":"Accueil","item":"http:\/\/www.cobayous.com\/site\/"},{"@type":"ListItem","position":2,"name":"Dossiers","item":"http:\/\/www.cobayous.com\/site\/les-dossiers\/"},{"@type":"ListItem","position":3,"name":"Dossiers sp\u00e9ciaux \/ Pratiques","item":"http:\/\/www.cobayous.com\/site\/les-dossiers\/speciaux-pratiques\/"},{"@type":"ListItem","position":4,"name":"G-Force, le nouveau film de Disney"}]},{"@type":"WebSite","@id":"http:\/\/www.cobayous.com\/site\/#website","url":"http:\/\/www.cobayous.com\/site\/","name":"Les Cobayes Pom&Lolo","description":"","publisher":{"@id":"http:\/\/www.cobayous.com\/site\/#organization"},"potentialAction":[{"@type":"SearchAction","target":{"@type":"EntryPoint","urlTemplate":"http:\/\/www.cobayous.com\/site\/?s={search_term_string}"},"query-input":{"@type":"PropertyValueSpecification","valueRequired":true,"valueName":"search_term_string"}}],"inLanguage":"fr-FR"},{"@type":"Organization","@id":"http:\/\/www.cobayous.com\/site\/#organization","name":"Les Cobayes Pom&Lolo","url":"http:\/\/www.cobayous.com\/site\/","logo":{"@type":"ImageObject","inLanguage":"fr-FR","@id":"http:\/\/www.cobayous.com\/site\/#\/schema\/logo\/image\/","url":"http:\/\/www.cobayous.com\/site\/wp-content\/uploads\/2024\/01\/header-bg.png","contentUrl":"http:\/\/www.cobayous.com\/site\/wp-content\/uploads\/2024\/01\/header-bg.png","width":1022,"height":250,"caption":"Les Cobayes Pom&Lolo"},"image":{"@id":"http:\/\/www.cobayous.com\/site\/#\/schema\/logo\/image\/"}}]}},"_links":{"self":[{"href":"http:\/\/www.cobayous.com\/site\/wp-json\/wp\/v2\/pages\/1294","targetHints":{"allow":["GET"]}}],"collection":[{"href":"http:\/\/www.cobayous.com\/site\/wp-json\/wp\/v2\/pages"}],"about":[{"href":"http:\/\/www.cobayous.com\/site\/wp-json\/wp\/v2\/types\/page"}],"author":[{"embeddable":true,"href":"http:\/\/www.cobayous.com\/site\/wp-json\/wp\/v2\/users\/1"}],"replies":[{"embeddable":true,"href":"http:\/\/www.cobayous.com\/site\/wp-json\/wp\/v2\/comments?post=1294"}],"version-history":[{"count":0,"href":"http:\/\/www.cobayous.com\/site\/wp-json\/wp\/v2\/pages\/1294\/revisions"}],"up":[{"embeddable":true,"href":"http:\/\/www.cobayous.com\/site\/wp-json\/wp\/v2\/pages\/1284"}],"wp:attachment":[{"href":"http:\/\/www.cobayous.com\/site\/wp-json\/wp\/v2\/media?parent=1294"}],"curies":[{"name":"wp","href":"https:\/\/api.w.org\/{rel}","templated":true}]}}