{"id":1284,"date":"2011-04-11T11:15:47","date_gmt":"2011-04-11T10:15:47","guid":{"rendered":"http:\/\/www.cobayous.com\/site\/?page_id=1284"},"modified":"2012-05-22T16:11:34","modified_gmt":"2012-05-22T15:11:34","slug":"speciaux-pratiques","status":"publish","type":"page","link":"http:\/\/www.cobayous.com\/site\/les-dossiers\/speciaux-pratiques\/","title":{"rendered":"Dossiers sp\u00e9ciaux \/ Pratiques"},"content":{"rendered":"<div class=\"column_left200\" style=\"float: left; display: inline; \">\n<div style=\"background: #EDF7F2; border: 1px solid #7FC6BC; color: #404040; padding: 0 10px 0 10px; margin-top: 1em; text-align: justify; border-radius: 10px;\">\n <p> <img loading=\"lazy\" decoding=\"async\" class=\"alignleft\" title=\"alire\" src=\"http:\/\/www.cobayous.Com\/site\/wp-content\/uploads\/img\/books.png\" alt=\"\" width=\"30\" height=\"30\" \/> <\/p> \n<h3>A LIRE<\/h3>\n<div id=\"shailan-subpages-1064-1\">\n<ul>\n<li><a title=\"Pr\u00e9parer son arriv\u00e9e\" href=\"http:\/\/www.cobayous.com\/site\/les-dossiers\/preparer-larrivee-du-cobaye\/\" rel=\"\">Pr\u00e9parer son arriv\u00e9e<\/a><\/li>\n<li><a title=\"Cohabitation chez le cobaye\" href=\"http:\/\/www.cobayous.com\/site\/les-dossiers\/cohabitation-cobaye\/\" rel=\"\">Cohabitation<\/a><\/li>\n<li><a title=\"Alimentation\" href=\"http:\/\/www.cobayous.com\/site\/les-dossiers\/alimentation-du-cobaye\/\" rel=\"\">Alimentation<\/a><\/li>\n<li><a title=\"Apprivoiser son cobaye\" href=\"http:\/\/www.cobayous.com\/site\/les-dossiers\/apprivoiser-son-cobaye\/\">Apprivoisement<\/a><\/li>\n<li><a title=\"Comportement\" href=\"http:\/\/www.cobayous.com\/site\/les-dossiers\/comportement-du-cobaye\/\" rel=\"\">Comportement<\/a><\/li>\n<li><a title=\"Les Soins\" href=\"http:\/\/www.cobayous.com\/site\/les-dossiers\/les-soins\/\" rel=\"\">Les Soins<\/a><\/li>\n<li><a title=\"Jeux et sorties chez le cobaye\" href=\"http:\/\/www.cobayous.com\/site\/les-dossiers\/jeux-sorties-cobaye\/\" rel=\"\">Jeux et sorties<\/a><\/li>\n<li><a title=\"Id\u00e9es de noms pour votre cobaye\" href=\"http:\/\/www.cobayous.com\/site\/les-dossiers\/idees-noms-cobaye\/\" rel=\"\">Id\u00e9es de noms<\/a><\/li>\n<\/ul>\n<\/div>\n<\/div>\n <p> <script type=\"text\/javascript\">\/\/ <![CDATA[\n          google_ad_client = \"ca-pub-3631834167777130\"; \/* pometlolosidebardossiers-carre200 *\/ google_ad_slot = \"5353947003\"; google_ad_width = 200; google_ad_height = 200;\n\/\/ ]]><\/script> <br \/> \n<script type=\"text\/javascript\" src=\"http:\/\/pagead2.googlesyndication.com\/pagead\/show_ads.js\">\/\/ <![CDATA[\n\n\/\/ ]]><\/script> <\/p> \n<div style=\"background: #ffffff; border: 1px solid #EACFB8; color: #404040; padding: 0 10px 0 10px; margin-top: 1em; text-align: justify; border-radius: 10px;\">\n <p> <img loading=\"lazy\" decoding=\"async\" class=\"alignleft\" src=\"http:\/\/www.cobayous.Com\/site\/wp-content\/uploads\/img\/question.png\" alt=\"\" width=\"30\" height=\"30\" \/> <\/p> \n<h4>DES QUESTIONS ?<\/h4>\n <p> Tu as des questions \u00e0 poser sur les cobayes? Tu souhaites discuter avec nous? <\/p> \n <p> <img loading=\"lazy\" decoding=\"async\" class=\"alignleft\" title=\"talk\" src=\"http:\/\/www.cobayous.com\/site\/wp-content\/uploads\/img\/icon-talk.png\" alt=\"\" width=\"44\" height=\"30\" \/> <a href=\"http:\/\/www.cobayous.Com\/forum\">Rejoins-nous !<\/a> <\/p> \n<\/div>\n <p> <\/div> <br \/> \n<div class=\"column_right728\" style=\"float: left; display: inline; \"> <\/p> \n <p> Voici d&rsquo;autres dossiers, que je ne savais pas trop o\u00f9 classer, qui peuvent \u00e9galement se r\u00e9v\u00e9ler int\u00e9ressants. <\/p> \n <p> Bonne lecture <img loading=\"lazy\" decoding=\"async\" class=\"alignnone\" src=\"http:\/\/www.cobayous.com\/forum\/images\/smilies\/icon_wink.gif\" alt=\"\" width=\"20\" height=\"20\" \/> <\/p> \n<div style=\"background: #ffffff; border: 1px solid #ffffff; color: #404040; padding: 0 10px 0 10px; margin-top: 1em; text-align: justify; border-radius: 10px; min-height: 150px; max-width: 625px;\">\n <p> <a title=\"FAQ des cobayes\" href=\"http:\/\/www.cobayous.com\/site\/les-dossiers\/speciaux-pratiques\/questions-frequentes-cobaye\/\"><img loading=\"lazy\" decoding=\"async\" class=\"alignleft\" src=\"http:\/\/www.cobayous.com\/site\/wp-content\/uploads\/dossiers\/specialdoss-faq.jpg\" alt=\"\" width=\"125\" height=\"125\" \/><\/a><span style=\"color: #993366;\"><em><span style=\"font-size: 1.2em; font-weight: bold;\">Est-ce qu&rsquo;un cobaye sait nager? Comment voit le cobaye? Est-ce qu&rsquo;une femelle est plus c\u00e2line qu&rsquo;un m\u00e2le? Le cobaye est-il propre ? etc &#8230;<\/span><\/em><\/span> <\/p> \n <p> <span style=\"font-size: 1.2em; font-weight: bold;\">Ce sont des questions qui reviennent tr\u00e8s souvent et que beaucoup d&rsquo;entre nous nous sommes d\u00e9j\u00e0 pos\u00e9es. Ce dossier r\u00e9pondra \u00e0 toutes ces petites interrogations de la vie quotidienne avec nos petits cobayes <span class=\"wp-font-emots-emo-happy\"><\/span><\/span> <\/p> \n<\/div>\n<div style=\"background: #ffffff; border: 1px solid #ffffff; color: #404040; padding: 0 10px 0 10px; margin-top: 1em; text-align: justify; border-radius: 10px; min-height: 150px; max-width: 625px;\"><a title=\"Zooth\u00e9rapie\" href=\"http:\/\/www.cobayous.com\/site\/les-dossiers\/speciaux-pratiques\/zootherapie-le-cobaye-et-la-maladie\/\"><img loading=\"lazy\" decoding=\"async\" class=\"alignleft\" src=\"http:\/\/www.cobayous.com\/site\/wp-content\/uploads\/dossiers\/specialdoss-zoother.jpg\" alt=\"\" width=\"125\" height=\"125\" \/><\/a><em><span style=\"font-size: 1.2em; font-weight: bold;\">La zooth\u00e9rapie est une m\u00e9thode qui favorise les liens naturels et bienfaisants, entre les humains et les animaux, et qui s\u2019applique \u00e0 toutes activit\u00e9s impliquant l\u2019utilisation d\u2019un animal aupr\u00e8s de personnes, \u00e0 des fins pr\u00e9ventives, th\u00e9rapeutiques ou r\u00e9cr\u00e9atives.<\/span><\/em><\/div>\n<div style=\"background: #ffffff; border: 1px solid #ffffff; color: #404040; padding: 0 10px 0 10px; margin-top: 1em; text-align: justify; border-radius: 10px; min-height: 150px; max-width: 625px;\">\n <p> <a title=\"Trucs et astuces\" href=\"http:\/\/www.cobayous.com\/site\/les-dossiers\/speciaux-pratiques\/trucs-et-astuces\/\"><img loading=\"lazy\" decoding=\"async\" class=\"alignleft\" src=\"http:\/\/www.cobayous.com\/site\/wp-content\/uploads\/dossiers\/specialdoss-astuces.jpg\" alt=\"\" width=\"125\" height=\"125\" \/><\/a><em><span style=\"font-size: 1.2em; font-weight: bold; color: #993366;\">Je n&rsquo;arrive pas \u00e0 d\u00e9tacher correctement le bac de la cage de mon cobaye, je ne sais pas comment laisser mon cobaye en libert\u00e9 dans le jardin, j&rsquo;aimerai que mon cobaye rentre dans sa cage en douceur etc &#8230;<\/span><\/em> <\/p> \n <p> <span style=\"font-size: 1.2em; font-weight: bold;\">Voici quelques petites astuces pour essayer de vous faciliter un peu la vie <span class=\"wp-font-emots-emo-wink\"><\/span><\/span> <\/p> \n<\/div>\n<div style=\"background: #ffffff; border: 1px solid #ffffff; color: #404040; padding: 0 10px 0 10px; margin-top: 1em; text-align: justify; border-radius: 10px; min-height: 150px; max-width: 625px;\">\n <p> <a title=\"Cobaye &amp; Vacances\" href=\"http:\/\/www.cobayous.com\/site\/les-dossiers\/speciaux-pratiques\/le-cobaye-et-les-vacances\/\"><img loading=\"lazy\" decoding=\"async\" class=\"alignleft\" src=\"http:\/\/www.cobayous.com\/site\/wp-content\/uploads\/dossiers\/specialdoss-vacances.jpg\" alt=\"\" width=\"125\" height=\"125\" \/><\/a><span style=\"font-size: 1.2em; font-weight: bold;\">Vous devez partir en vacances et vous ne savez pas quel mode de garde adopter pour votre animal?<\/span> <br \/> \n<span style=\"font-size: 1.2em; font-weight: bold;\">Faire venir quelqu&rsquo;un chez soi tous les jours pour s&rsquo;en occuper, laisser votre animal chez un particulier ou l&#8217;emmener avec vous en vacances?<\/span> <\/p> \n <p> <span style=\"font-size: 1.2em; font-weight: bold;\">Ce dossier va tenter de r\u00e9pondre \u00e0 vos questions en vous donnant quelques conseils utiles, comme par exemple, la r\u00e9daction d&rsquo;<a title=\"Contrat de garde\" href=\"http:\/\/www.cobayous.com\/site\/les-dossiers\/speciaux-pratiques\/faire-garder-son-animal-contrat-de-garde\/\">un contrat de garde<\/a>.<\/span> <\/p> \n<\/div>\n <p> &nbsp; <\/p> \n<ul>\n<li><a title=\"G-Force, le nouveau film de Disney\" href=\"http:\/\/www.cobayous.com\/site\/les-dossiers\/speciaux-pratiques\/g-force-le-nouveau-film-de-disney\/\" rel=\"\">G-Force, le nouveau film de Disney<\/a><\/li>\n<\/ul>\n<ul>\n<li><a title=\"S\u00e9lection de livres sur le cobaye\" href=\"http:\/\/www.cobayous.com\/site\/les-dossiers\/speciaux-pratiques\/selection-livres-cobaye\/\" rel=\"\">S\u00e9lection de livres sur le cobaye<\/a><\/li>\n<\/ul>\n<ul>\n<li><a title=\"Bambi, le cochon d\u2019Inde d\u2019une \u00e9cole euthanasi\u00e9\" href=\"http:\/\/www.cobayous.com\/site\/les-dossiers\/speciaux-pratiques\/bambi-cobaye-ecole-euthanasie\/\" rel=\"\">Bambi, le cochon d&rsquo;Inde d&rsquo;une \u00e9cole euthanasi\u00e9<\/a><\/li>\n<\/ul>\n<ul>\n<li><a title=\"Choix d\u2019un forum cobaye\" href=\"http:\/\/www.cobayous.com\/site\/les-dossiers\/speciaux-pratiques\/choix-forum-cobaye\/\" rel=\"\">Choix d&rsquo;un forum cobaye<\/a><\/li>\n<\/ul>\n<ul>\n<li><a title=\"Mon droit de r\u00e9ponse\" href=\"http:\/\/www.cobayous.com\/site\/les-dossiers\/speciaux-pratiques\/droit-de-reponse\/\" rel=\"\">Mon droit de r\u00e9ponse<\/a><\/li>\n<\/ul>\n <p> <a href=\"http:\/\/www.cobayous.com\/site\/qui-sommes-nous\/\"><img loading=\"lazy\" decoding=\"async\" class=\"alignright\" title=\"copyright-pomelo.jpg\" src=\"\/site\/wp-content\/uploads\/dossiers\/copyright-pomelo.jpg\" alt=\"copyright-pomelo.jpg\" width=\"275\" height=\"50\" border=\"0\" \/><\/a> <\/p> \n <p> <script type=\"text\/javascript\">\/\/ <![CDATA[\n                            google_ad_client = \"ca-pub-3631834167777130\"; \/* 728x90, SITE BAS *\/ google_ad_slot = \"8092157966\"; google_ad_width = 728; google_ad_height = 90;\n\/\/ ]]><\/script> <br \/> \n<script type=\"text\/javascript\" src=\"http:\/\/pagead2.googlesyndication.com\/pagead\/show_ads.js\">\/\/ <![CDATA[\n\n\/\/ ]]><\/script> <br \/> \n<\/div><div style='clear: both;'><\/div> <\/p> \n","protected":false},"excerpt":{"rendered":"","protected":false},"author":1,"featured_media":0,"parent":3,"menu_order":12,"comment_status":"closed","ping_status":"open","template":"pg-tpl-no-sidebars.php","meta":{"ngg_post_thumbnail":0,"footnotes":""},"class_list":["post-1284","page","type-page","status-publish","hentry"],"yoast_head":"<!-- This site is optimized with the Yoast SEO plugin v27.1.1 - https:\/\/yoast.com\/product\/yoast-seo-wordpress\/ -->\n<title>Dossiers sp\u00e9ciaux \/ Pratiques - Les Cobayes Pom&amp;Lolo<\/title>\n<meta name=\"robots\" content=\"index, follow, max-snippet:-1, max-image-preview:large, max-video-preview:-1\" \/>\n<link rel=\"canonical\" href=\"http:\/\/www.cobayous.com\/site\/les-dossiers\/speciaux-pratiques\/\" \/>\n<meta property=\"og:locale\" content=\"fr_FR\" \/>\n<meta property=\"og:type\" content=\"article\" \/>\n<meta property=\"og:title\" content=\"Dossiers sp\u00e9ciaux \/ Pratiques - Les Cobayes Pom&amp;Lolo\" \/>\n<meta property=\"og:url\" content=\"http:\/\/www.cobayous.com\/site\/les-dossiers\/speciaux-pratiques\/\" \/>\n<meta property=\"og:site_name\" content=\"Les Cobayes Pom&amp;Lolo\" \/>\n<meta property=\"article:modified_time\" content=\"2012-05-22T15:11:34+00:00\" \/>\n<meta property=\"og:image\" content=\"http:\/\/www.cobayous.Com\/site\/wp-content\/uploads\/img\/books.png\" \/>\n<meta name=\"twitter:card\" content=\"summary_large_image\" \/>\n<meta name=\"twitter:label1\" content=\"Dur\u00e9e de lecture estim\u00e9e\" \/>\n\t<meta name=\"twitter:data1\" content=\"2 minutes\" \/>\n<script type=\"application\/ld+json\" class=\"yoast-schema-graph\">{\"@context\":\"https:\/\/schema.org\",\"@graph\":[{\"@type\":\"WebPage\",\"@id\":\"http:\/\/www.cobayous.com\/site\/les-dossiers\/speciaux-pratiques\/\",\"url\":\"http:\/\/www.cobayous.com\/site\/les-dossiers\/speciaux-pratiques\/\",\"name\":\"Dossiers sp\u00e9ciaux \/ Pratiques - Les Cobayes Pom&amp;Lolo\",\"isPartOf\":{\"@id\":\"http:\/\/www.cobayous.com\/site\/#website\"},\"primaryImageOfPage\":{\"@id\":\"http:\/\/www.cobayous.com\/site\/les-dossiers\/speciaux-pratiques\/#primaryimage\"},\"image\":{\"@id\":\"http:\/\/www.cobayous.com\/site\/les-dossiers\/speciaux-pratiques\/#primaryimage\"},\"thumbnailUrl\":\"http:\/\/www.cobayous.Com\/site\/wp-content\/uploads\/img\/books.png\",\"datePublished\":\"2011-04-11T10:15:47+00:00\",\"dateModified\":\"2012-05-22T15:11:34+00:00\",\"breadcrumb\":{\"@id\":\"http:\/\/www.cobayous.com\/site\/les-dossiers\/speciaux-pratiques\/#breadcrumb\"},\"inLanguage\":\"fr-FR\",\"potentialAction\":[{\"@type\":\"ReadAction\",\"target\":[\"http:\/\/www.cobayous.com\/site\/les-dossiers\/speciaux-pratiques\/\"]}]},{\"@type\":\"ImageObject\",\"inLanguage\":\"fr-FR\",\"@id\":\"http:\/\/www.cobayous.com\/site\/les-dossiers\/speciaux-pratiques\/#primaryimage\",\"url\":\"http:\/\/www.cobayous.Com\/site\/wp-content\/uploads\/img\/books.png\",\"contentUrl\":\"http:\/\/www.cobayous.Com\/site\/wp-content\/uploads\/img\/books.png\"},{\"@type\":\"BreadcrumbList\",\"@id\":\"http:\/\/www.cobayous.com\/site\/les-dossiers\/speciaux-pratiques\/#breadcrumb\",\"itemListElement\":[{\"@type\":\"ListItem\",\"position\":1,\"name\":\"Accueil\",\"item\":\"http:\/\/www.cobayous.com\/site\/\"},{\"@type\":\"ListItem\",\"position\":2,\"name\":\"Dossiers\",\"item\":\"http:\/\/www.cobayous.com\/site\/les-dossiers\/\"},{\"@type\":\"ListItem\",\"position\":3,\"name\":\"Dossiers sp\u00e9ciaux \/ Pratiques\"}]},{\"@type\":\"WebSite\",\"@id\":\"http:\/\/www.cobayous.com\/site\/#website\",\"url\":\"http:\/\/www.cobayous.com\/site\/\",\"name\":\"Les Cobayes Pom&Lolo\",\"description\":\"\",\"publisher\":{\"@id\":\"http:\/\/www.cobayous.com\/site\/#organization\"},\"potentialAction\":[{\"@type\":\"SearchAction\",\"target\":{\"@type\":\"EntryPoint\",\"urlTemplate\":\"http:\/\/www.cobayous.com\/site\/?s={search_term_string}\"},\"query-input\":{\"@type\":\"PropertyValueSpecification\",\"valueRequired\":true,\"valueName\":\"search_term_string\"}}],\"inLanguage\":\"fr-FR\"},{\"@type\":\"Organization\",\"@id\":\"http:\/\/www.cobayous.com\/site\/#organization\",\"name\":\"Les Cobayes Pom&Lolo\",\"url\":\"http:\/\/www.cobayous.com\/site\/\",\"logo\":{\"@type\":\"ImageObject\",\"inLanguage\":\"fr-FR\",\"@id\":\"http:\/\/www.cobayous.com\/site\/#\/schema\/logo\/image\/\",\"url\":\"http:\/\/www.cobayous.com\/site\/wp-content\/uploads\/2024\/01\/header-bg.png\",\"contentUrl\":\"http:\/\/www.cobayous.com\/site\/wp-content\/uploads\/2024\/01\/header-bg.png\",\"width\":1022,\"height\":250,\"caption\":\"Les Cobayes Pom&Lolo\"},\"image\":{\"@id\":\"http:\/\/www.cobayous.com\/site\/#\/schema\/logo\/image\/\"}}]}<\/script>\n<!-- \/ Yoast SEO plugin. -->","yoast_head_json":{"title":"Dossiers sp\u00e9ciaux \/ Pratiques - Les Cobayes Pom&amp;Lolo","robots":{"index":"index","follow":"follow","max-snippet":"max-snippet:-1","max-image-preview":"max-image-preview:large","max-video-preview":"max-video-preview:-1"},"canonical":"http:\/\/www.cobayous.com\/site\/les-dossiers\/speciaux-pratiques\/","og_locale":"fr_FR","og_type":"article","og_title":"Dossiers sp\u00e9ciaux \/ Pratiques - Les Cobayes Pom&amp;Lolo","og_url":"http:\/\/www.cobayous.com\/site\/les-dossiers\/speciaux-pratiques\/","og_site_name":"Les Cobayes Pom&amp;Lolo","article_modified_time":"2012-05-22T15:11:34+00:00","og_image":[{"url":"http:\/\/www.cobayous.Com\/site\/wp-content\/uploads\/img\/books.png","type":"","width":"","height":""}],"twitter_card":"summary_large_image","twitter_misc":{"Dur\u00e9e de lecture estim\u00e9e":"2 minutes"},"schema":{"@context":"https:\/\/schema.org","@graph":[{"@type":"WebPage","@id":"http:\/\/www.cobayous.com\/site\/les-dossiers\/speciaux-pratiques\/","url":"http:\/\/www.cobayous.com\/site\/les-dossiers\/speciaux-pratiques\/","name":"Dossiers sp\u00e9ciaux \/ Pratiques - Les Cobayes Pom&amp;Lolo","isPartOf":{"@id":"http:\/\/www.cobayous.com\/site\/#website"},"primaryImageOfPage":{"@id":"http:\/\/www.cobayous.com\/site\/les-dossiers\/speciaux-pratiques\/#primaryimage"},"image":{"@id":"http:\/\/www.cobayous.com\/site\/les-dossiers\/speciaux-pratiques\/#primaryimage"},"thumbnailUrl":"http:\/\/www.cobayous.Com\/site\/wp-content\/uploads\/img\/books.png","datePublished":"2011-04-11T10:15:47+00:00","dateModified":"2012-05-22T15:11:34+00:00","breadcrumb":{"@id":"http:\/\/www.cobayous.com\/site\/les-dossiers\/speciaux-pratiques\/#breadcrumb"},"inLanguage":"fr-FR","potentialAction":[{"@type":"ReadAction","target":["http:\/\/www.cobayous.com\/site\/les-dossiers\/speciaux-pratiques\/"]}]},{"@type":"ImageObject","inLanguage":"fr-FR","@id":"http:\/\/www.cobayous.com\/site\/les-dossiers\/speciaux-pratiques\/#primaryimage","url":"http:\/\/www.cobayous.Com\/site\/wp-content\/uploads\/img\/books.png","contentUrl":"http:\/\/www.cobayous.Com\/site\/wp-content\/uploads\/img\/books.png"},{"@type":"BreadcrumbList","@id":"http:\/\/www.cobayous.com\/site\/les-dossiers\/speciaux-pratiques\/#breadcrumb","itemListElement":[{"@type":"ListItem","position":1,"name":"Accueil","item":"http:\/\/www.cobayous.com\/site\/"},{"@type":"ListItem","position":2,"name":"Dossiers","item":"http:\/\/www.cobayous.com\/site\/les-dossiers\/"},{"@type":"ListItem","position":3,"name":"Dossiers sp\u00e9ciaux \/ Pratiques"}]},{"@type":"WebSite","@id":"http:\/\/www.cobayous.com\/site\/#website","url":"http:\/\/www.cobayous.com\/site\/","name":"Les Cobayes Pom&Lolo","description":"","publisher":{"@id":"http:\/\/www.cobayous.com\/site\/#organization"},"potentialAction":[{"@type":"SearchAction","target":{"@type":"EntryPoint","urlTemplate":"http:\/\/www.cobayous.com\/site\/?s={search_term_string}"},"query-input":{"@type":"PropertyValueSpecification","valueRequired":true,"valueName":"search_term_string"}}],"inLanguage":"fr-FR"},{"@type":"Organization","@id":"http:\/\/www.cobayous.com\/site\/#organization","name":"Les Cobayes Pom&Lolo","url":"http:\/\/www.cobayous.com\/site\/","logo":{"@type":"ImageObject","inLanguage":"fr-FR","@id":"http:\/\/www.cobayous.com\/site\/#\/schema\/logo\/image\/","url":"http:\/\/www.cobayous.com\/site\/wp-content\/uploads\/2024\/01\/header-bg.png","contentUrl":"http:\/\/www.cobayous.com\/site\/wp-content\/uploads\/2024\/01\/header-bg.png","width":1022,"height":250,"caption":"Les Cobayes Pom&Lolo"},"image":{"@id":"http:\/\/www.cobayous.com\/site\/#\/schema\/logo\/image\/"}}]}},"_links":{"self":[{"href":"http:\/\/www.cobayous.com\/site\/wp-json\/wp\/v2\/pages\/1284","targetHints":{"allow":["GET"]}}],"collection":[{"href":"http:\/\/www.cobayous.com\/site\/wp-json\/wp\/v2\/pages"}],"about":[{"href":"http:\/\/www.cobayous.com\/site\/wp-json\/wp\/v2\/types\/page"}],"author":[{"embeddable":true,"href":"http:\/\/www.cobayous.com\/site\/wp-json\/wp\/v2\/users\/1"}],"replies":[{"embeddable":true,"href":"http:\/\/www.cobayous.com\/site\/wp-json\/wp\/v2\/comments?post=1284"}],"version-history":[{"count":0,"href":"http:\/\/www.cobayous.com\/site\/wp-json\/wp\/v2\/pages\/1284\/revisions"}],"up":[{"embeddable":true,"href":"http:\/\/www.cobayous.com\/site\/wp-json\/wp\/v2\/pages\/3"}],"wp:attachment":[{"href":"http:\/\/www.cobayous.com\/site\/wp-json\/wp\/v2\/media?parent=1284"}],"curies":[{"name":"wp","href":"https:\/\/api.w.org\/{rel}","templated":true}]}}