{"id":1280,"date":"2011-04-15T12:32:14","date_gmt":"2011-04-15T11:32:14","guid":{"rendered":"http:\/\/www.cobayous.com\/site\/?page_id=1280"},"modified":"2011-04-16T16:47:31","modified_gmt":"2011-04-16T15:47:31","slug":"la-naissance","status":"publish","type":"page","link":"http:\/\/www.cobayous.com\/site\/les-dossiers\/reproduction-cobaye\/la-naissance\/","title":{"rendered":"La naissance"},"content":{"rendered":" <p> &nbsp; <\/p> \n <p> <img loading=\"lazy\" decoding=\"async\" class=\"alignleft\" style=\"float: left;\" src=\"\/site\/wp-content\/uploads\/dossiers\/repro_naissance_lulu.jpg\" alt=\"\" width=\"200\" height=\"183\" \/> On ne remarque rien de sp\u00e9cial dans le comportement de la femelle            avant qu\u2019elle n\u2019accouche. Ce que l\u2019on peut remarquer,            c\u2019est qu\u2019elle a un ventre \u00e9norme. On peut voir les            b\u00e9b\u00e9s bouger environ 15 jours avant la mise bas. <br \/> \nLolo a pris environ 500 grammes pendant sa grossesse et la derni\u00e8re            semaine, elle ne savait presque plus rester debout. Au moment de l\u2019accouchement            (qui dure environ 15 minutes), la femelle se met accroupie (restera            dans cette position tout au long de l\u2019accouchement) et d\u00e9chire            l\u2019enveloppe f\u0153tale. Ceci est indispensable pour que les petits            puissent sortir et respirer. Chacun leurs tours, ils viennent au monde            et la maman leur nettoie la t\u00eate (oreilles, nez, yeux). Il y aura            des saignements \u00e0 la fin ainsi que l\u2019expulsion du placenta.            La femelle le mangera ainsi que les excr\u00e9ments des petits. En            g\u00e9n\u00e9ral, la naissance se d\u00e9roule pendant la nuit            ou tr\u00e8s t\u00f4t le matin. Pour Lolo, \u00e7a s\u2019est            pass\u00e9 un matin entre 9h et 10h. Elle a profit\u00e9 de notre            absence pour mettre ses petits au monde !! Malheureusement, je n\u2019ai            pas pu voir exactement comment l\u2019accouchement se passait et les            explications \u00e0 propos de l\u2019accouchement d\u00e9taill\u00e9es            ci-dessus sont purement th\u00e9oriques. Lolo ne s\u2019est pas laiss\u00e9e            t\u00e9ter tout de suite mais une bonne heure apr\u00e8s. \u00c7a se            comprend un peu car elle devait \u00eatre \u00e9puis\u00e9e apr\u00e8s            tout \u00e7a !! <\/p> \n<div style=\"background: #F5FAFC; border: 1px solid #6396EF; color: #404040; padding: 0 10px 0 10px; margin-top: 3em; text-align: justify; min-height: 150px; max-width: 728px; border-radius: 10px;\">\n<table border=\"0\" width=\"700\">\n<tbody>\n<tr valign=\"top\">\n<td width=\"250\"><span style=\"text-decoration: underline;\"><strong>Lire les autres parties de ce dossier : <br \/> \n<\/strong><\/span>[subpages depth=\u00a0\u00bb1&Prime; childof=\u00a0\u00bb1224&Prime; exceptme=\u00a0\u00bbtrue\u00a0\u00bb]<\/td>\n<td style=\"text-align: center;\" width=\"250\"><span style=\"text-decoration: underline;\"><strong>Dossiers connexe :<\/strong><\/span> <\/p> \n<ul>\n<li style=\"text-align: left;\"><span style=\"text-decoration: underline;\"><strong> <\/strong><\/span><a title=\"Animalerie : prendre garde aux conseils !\" href=\"http:\/\/www.cobayous.com\/site\/les-dossiers\/avant-achat-cobaye\/animalerie-prendre-garde-aux-conseils\/\">Animalerie, attention aux conseils donn\u00e9s !<\/a><\/li>\n<li style=\"text-align: left;\"><a title=\"Le cobaye et les vacances\" href=\"http:\/\/www.cobayous.com\/site\/les-dossiers\/speciaux-pratiques\/le-cobaye-et-les-vacances\/\">Le Cobaye et les Vacances<\/a><\/li>\n<li style=\"text-align: left;\"><a title=\"Rongeurs et Enfants\" href=\"http:\/\/www.cobayous.com\/site\/les-dossiers\/avant-achat-cobaye\/rongeurs-et-enfants\/\">Rongeurs et enfants<\/a><\/li>\n<\/ul>\n<\/td>\n<td width=\"200\"><a href=\"http:\/\/www.cobayous.com\/forum\/reproduction-et-races-f12.html\" target=\"_blank\"><img loading=\"lazy\" decoding=\"async\" style=\"float: right;\" title=\"bulle_forum.jpg\" src=\"\/site\/wp-content\/uploads\/img\/bulle_forum.jpg\" border=\"0\" alt=\"bulle_forum.jpg\" width=\"200\" height=\"130\" \/><\/a><\/td>\n<\/tr>\n<\/tbody>\n<\/table>\n<\/div>\n <p> <img loading=\"lazy\" decoding=\"async\" class=\"alignright\" title=\"copyright-pomelo.jpg\" src=\"\/site\/wp-content\/uploads\/dossiers\/copyright-pomelo.jpg\" border=\"0\" alt=\"copyright-pomelo.jpg\" width=\"275\" height=\"50\" \/> <\/p> \n","protected":false},"excerpt":{"rendered":" <p> &nbsp; On ne remarque rien de sp\u00e9cial dans le comportement de la femelle avant qu\u2019elle n\u2019accouche. Ce que l\u2019on peut remarquer, c\u2019est qu\u2019elle a un ventre \u00e9norme. On peut voir&#8230; <a href=\"http:\/\/www.cobayous.com\/site\/les-dossiers\/reproduction-cobaye\/la-naissance\/\">Read more &raquo;<\/a> <\/p> \n","protected":false},"author":1,"featured_media":0,"parent":1224,"menu_order":3,"comment_status":"closed","ping_status":"open","template":"","meta":{"ngg_post_thumbnail":0,"footnotes":""},"class_list":["post-1280","page","type-page","status-publish","hentry"],"yoast_head":"<!-- This site is optimized with the Yoast SEO plugin v27.1.1 - https:\/\/yoast.com\/product\/yoast-seo-wordpress\/ -->\n<title>La naissance - Les Cobayes Pom&amp;Lolo<\/title>\n<meta name=\"robots\" content=\"index, follow, max-snippet:-1, max-image-preview:large, max-video-preview:-1\" \/>\n<link rel=\"canonical\" href=\"http:\/\/www.cobayous.com\/site\/les-dossiers\/reproduction-cobaye\/la-naissance\/\" \/>\n<meta property=\"og:locale\" content=\"fr_FR\" \/>\n<meta property=\"og:type\" content=\"article\" \/>\n<meta property=\"og:title\" content=\"La naissance - Les Cobayes Pom&amp;Lolo\" \/>\n<meta property=\"og:description\" content=\"&nbsp; On ne remarque rien de sp\u00e9cial dans le comportement de la femelle avant qu\u2019elle n\u2019accouche. Ce que l\u2019on peut remarquer, c\u2019est qu\u2019elle a un ventre \u00e9norme. On peut voir... Read more &raquo;\" \/>\n<meta property=\"og:url\" content=\"http:\/\/www.cobayous.com\/site\/les-dossiers\/reproduction-cobaye\/la-naissance\/\" \/>\n<meta property=\"og:site_name\" content=\"Les Cobayes Pom&amp;Lolo\" \/>\n<meta property=\"article:modified_time\" content=\"2011-04-16T15:47:31+00:00\" \/>\n<meta name=\"twitter:card\" content=\"summary_large_image\" \/>\n<meta name=\"twitter:label1\" content=\"Dur\u00e9e de lecture estim\u00e9e\" \/>\n\t<meta name=\"twitter:data1\" content=\"1 minute\" \/>\n<script type=\"application\/ld+json\" class=\"yoast-schema-graph\">{\"@context\":\"https:\/\/schema.org\",\"@graph\":[{\"@type\":\"WebPage\",\"@id\":\"http:\/\/www.cobayous.com\/site\/les-dossiers\/reproduction-cobaye\/la-naissance\/\",\"url\":\"http:\/\/www.cobayous.com\/site\/les-dossiers\/reproduction-cobaye\/la-naissance\/\",\"name\":\"La naissance - Les Cobayes Pom&amp;Lolo\",\"isPartOf\":{\"@id\":\"http:\/\/www.cobayous.com\/site\/#website\"},\"datePublished\":\"2011-04-15T11:32:14+00:00\",\"dateModified\":\"2011-04-16T15:47:31+00:00\",\"breadcrumb\":{\"@id\":\"http:\/\/www.cobayous.com\/site\/les-dossiers\/reproduction-cobaye\/la-naissance\/#breadcrumb\"},\"inLanguage\":\"fr-FR\",\"potentialAction\":[{\"@type\":\"ReadAction\",\"target\":[\"http:\/\/www.cobayous.com\/site\/les-dossiers\/reproduction-cobaye\/la-naissance\/\"]}]},{\"@type\":\"BreadcrumbList\",\"@id\":\"http:\/\/www.cobayous.com\/site\/les-dossiers\/reproduction-cobaye\/la-naissance\/#breadcrumb\",\"itemListElement\":[{\"@type\":\"ListItem\",\"position\":1,\"name\":\"Accueil\",\"item\":\"http:\/\/www.cobayous.com\/site\/\"},{\"@type\":\"ListItem\",\"position\":2,\"name\":\"Dossiers\",\"item\":\"http:\/\/www.cobayous.com\/site\/les-dossiers\/\"},{\"@type\":\"ListItem\",\"position\":3,\"name\":\"Reproduction\",\"item\":\"http:\/\/www.cobayous.com\/site\/les-dossiers\/reproduction-cobaye\/\"},{\"@type\":\"ListItem\",\"position\":4,\"name\":\"La naissance\"}]},{\"@type\":\"WebSite\",\"@id\":\"http:\/\/www.cobayous.com\/site\/#website\",\"url\":\"http:\/\/www.cobayous.com\/site\/\",\"name\":\"Les Cobayes Pom&Lolo\",\"description\":\"\",\"publisher\":{\"@id\":\"http:\/\/www.cobayous.com\/site\/#organization\"},\"potentialAction\":[{\"@type\":\"SearchAction\",\"target\":{\"@type\":\"EntryPoint\",\"urlTemplate\":\"http:\/\/www.cobayous.com\/site\/?s={search_term_string}\"},\"query-input\":{\"@type\":\"PropertyValueSpecification\",\"valueRequired\":true,\"valueName\":\"search_term_string\"}}],\"inLanguage\":\"fr-FR\"},{\"@type\":\"Organization\",\"@id\":\"http:\/\/www.cobayous.com\/site\/#organization\",\"name\":\"Les Cobayes Pom&Lolo\",\"url\":\"http:\/\/www.cobayous.com\/site\/\",\"logo\":{\"@type\":\"ImageObject\",\"inLanguage\":\"fr-FR\",\"@id\":\"http:\/\/www.cobayous.com\/site\/#\/schema\/logo\/image\/\",\"url\":\"http:\/\/www.cobayous.com\/site\/wp-content\/uploads\/2024\/01\/header-bg.png\",\"contentUrl\":\"http:\/\/www.cobayous.com\/site\/wp-content\/uploads\/2024\/01\/header-bg.png\",\"width\":1022,\"height\":250,\"caption\":\"Les Cobayes Pom&Lolo\"},\"image\":{\"@id\":\"http:\/\/www.cobayous.com\/site\/#\/schema\/logo\/image\/\"}}]}<\/script>\n<!-- \/ Yoast SEO plugin. -->","yoast_head_json":{"title":"La naissance - Les Cobayes Pom&amp;Lolo","robots":{"index":"index","follow":"follow","max-snippet":"max-snippet:-1","max-image-preview":"max-image-preview:large","max-video-preview":"max-video-preview:-1"},"canonical":"http:\/\/www.cobayous.com\/site\/les-dossiers\/reproduction-cobaye\/la-naissance\/","og_locale":"fr_FR","og_type":"article","og_title":"La naissance - Les Cobayes Pom&amp;Lolo","og_description":"&nbsp; On ne remarque rien de sp\u00e9cial dans le comportement de la femelle avant qu\u2019elle n\u2019accouche. Ce que l\u2019on peut remarquer, c\u2019est qu\u2019elle a un ventre \u00e9norme. On peut voir... Read more &raquo;","og_url":"http:\/\/www.cobayous.com\/site\/les-dossiers\/reproduction-cobaye\/la-naissance\/","og_site_name":"Les Cobayes Pom&amp;Lolo","article_modified_time":"2011-04-16T15:47:31+00:00","twitter_card":"summary_large_image","twitter_misc":{"Dur\u00e9e de lecture estim\u00e9e":"1 minute"},"schema":{"@context":"https:\/\/schema.org","@graph":[{"@type":"WebPage","@id":"http:\/\/www.cobayous.com\/site\/les-dossiers\/reproduction-cobaye\/la-naissance\/","url":"http:\/\/www.cobayous.com\/site\/les-dossiers\/reproduction-cobaye\/la-naissance\/","name":"La naissance - Les Cobayes Pom&amp;Lolo","isPartOf":{"@id":"http:\/\/www.cobayous.com\/site\/#website"},"datePublished":"2011-04-15T11:32:14+00:00","dateModified":"2011-04-16T15:47:31+00:00","breadcrumb":{"@id":"http:\/\/www.cobayous.com\/site\/les-dossiers\/reproduction-cobaye\/la-naissance\/#breadcrumb"},"inLanguage":"fr-FR","potentialAction":[{"@type":"ReadAction","target":["http:\/\/www.cobayous.com\/site\/les-dossiers\/reproduction-cobaye\/la-naissance\/"]}]},{"@type":"BreadcrumbList","@id":"http:\/\/www.cobayous.com\/site\/les-dossiers\/reproduction-cobaye\/la-naissance\/#breadcrumb","itemListElement":[{"@type":"ListItem","position":1,"name":"Accueil","item":"http:\/\/www.cobayous.com\/site\/"},{"@type":"ListItem","position":2,"name":"Dossiers","item":"http:\/\/www.cobayous.com\/site\/les-dossiers\/"},{"@type":"ListItem","position":3,"name":"Reproduction","item":"http:\/\/www.cobayous.com\/site\/les-dossiers\/reproduction-cobaye\/"},{"@type":"ListItem","position":4,"name":"La naissance"}]},{"@type":"WebSite","@id":"http:\/\/www.cobayous.com\/site\/#website","url":"http:\/\/www.cobayous.com\/site\/","name":"Les Cobayes Pom&Lolo","description":"","publisher":{"@id":"http:\/\/www.cobayous.com\/site\/#organization"},"potentialAction":[{"@type":"SearchAction","target":{"@type":"EntryPoint","urlTemplate":"http:\/\/www.cobayous.com\/site\/?s={search_term_string}"},"query-input":{"@type":"PropertyValueSpecification","valueRequired":true,"valueName":"search_term_string"}}],"inLanguage":"fr-FR"},{"@type":"Organization","@id":"http:\/\/www.cobayous.com\/site\/#organization","name":"Les Cobayes Pom&Lolo","url":"http:\/\/www.cobayous.com\/site\/","logo":{"@type":"ImageObject","inLanguage":"fr-FR","@id":"http:\/\/www.cobayous.com\/site\/#\/schema\/logo\/image\/","url":"http:\/\/www.cobayous.com\/site\/wp-content\/uploads\/2024\/01\/header-bg.png","contentUrl":"http:\/\/www.cobayous.com\/site\/wp-content\/uploads\/2024\/01\/header-bg.png","width":1022,"height":250,"caption":"Les Cobayes Pom&Lolo"},"image":{"@id":"http:\/\/www.cobayous.com\/site\/#\/schema\/logo\/image\/"}}]}},"_links":{"self":[{"href":"http:\/\/www.cobayous.com\/site\/wp-json\/wp\/v2\/pages\/1280","targetHints":{"allow":["GET"]}}],"collection":[{"href":"http:\/\/www.cobayous.com\/site\/wp-json\/wp\/v2\/pages"}],"about":[{"href":"http:\/\/www.cobayous.com\/site\/wp-json\/wp\/v2\/types\/page"}],"author":[{"embeddable":true,"href":"http:\/\/www.cobayous.com\/site\/wp-json\/wp\/v2\/users\/1"}],"replies":[{"embeddable":true,"href":"http:\/\/www.cobayous.com\/site\/wp-json\/wp\/v2\/comments?post=1280"}],"version-history":[{"count":0,"href":"http:\/\/www.cobayous.com\/site\/wp-json\/wp\/v2\/pages\/1280\/revisions"}],"up":[{"embeddable":true,"href":"http:\/\/www.cobayous.com\/site\/wp-json\/wp\/v2\/pages\/1224"}],"wp:attachment":[{"href":"http:\/\/www.cobayous.com\/site\/wp-json\/wp\/v2\/media?parent=1280"}],"curies":[{"name":"wp","href":"https:\/\/api.w.org\/{rel}","templated":true}]}}