{"id":1278,"date":"2011-04-11T11:12:16","date_gmt":"2011-04-11T10:12:16","guid":{"rendered":"http:\/\/www.cobayous.com\/site\/?page_id=1278"},"modified":"2011-04-16T16:47:17","modified_gmt":"2011-04-16T15:47:17","slug":"la-gestation","status":"publish","type":"page","link":"http:\/\/www.cobayous.com\/site\/les-dossiers\/reproduction-cobaye\/la-gestation\/","title":{"rendered":"La gestation"},"content":{"rendered":" <p> <img loading=\"lazy\" decoding=\"async\" class=\"alignleft\" style=\"float: left;\" src=\"\/site\/wp-content\/uploads\/dossiers\/repro_grossesse_bibi.jpg\" alt=\"\" width=\"200\" height=\"286\" \/> Elle dure en moyenne de 68 \u00e0 72 jours et la femelle peut avoir              de 2 \u00e0 6 petits, parfois plus. Lolo a eu 3 petits apr\u00e8s              deux longs mois d\u2019attente (surtout pour moi je dois l\u2019avouer              !!). Le comportement de la future maman ne change pas du tout except\u00e9              une sensibilit\u00e9 au touch\u00e9 au niveau de son ventre. Il              ne faut pas priver le couple des sorties quotidiennes, bien au contraire.              Soyez juste prudent si vous devez manipuler la future maman. <\/p> \n <p> Il para\u00eet que le m\u00e2le est plus attentif, plus attentionn\u00e9              envers sa femelle et qu\u2019il lui laisse la meilleure place pour              manger. Chez Pom et Lolo, ce n\u2019est pas du tout le cas. Par contre,              Lolo n\u2019h\u00e9sitait pas \u00e0 crier sur Pom si quelque              chose ne lui plaisait pas. Durant son deuxi\u00e8me mois de grossesse,              Lolo ne supportait plus de voir Pom tourner autour d\u2019elle. Tr\u00e8s              souvent, elle lui criait dessus et lui sautait dessus pour le mordre.              Pendant les deux derni\u00e8res semaines de gestation, la femelle              sera vraiment plus lourde et vous pourrez voir les petits bouger dans              son ventre. <br \/> \nLa future maman boit beaucoup plus et, ses t\u00e9tines sont bien gonfl\u00e9es. <\/p> \n <p> &nbsp; <\/p> \n<div style=\"background: #F5FAFC; border: 1px solid #6396EF; color: #404040; padding: 0 10px 0 10px; margin-top: 3em; text-align: justify; min-height: 150px; max-width: 728px; border-radius: 10px;\">\n<table border=\"0\" width=\"700\">\n<tbody>\n<tr valign=\"top\">\n<td width=\"250\"><span style=\"text-decoration: underline;\"><strong>Lire les autres parties de ce dossier : <br \/> \n<\/strong><\/span>[subpages depth=\u00a0\u00bb1&Prime; childof=\u00a0\u00bb1224&Prime; exceptme=\u00a0\u00bbtrue\u00a0\u00bb]<\/td>\n<td style=\"text-align: center;\" width=\"250\"><span style=\"text-decoration: underline;\"><strong>Dossiers connexe :<\/strong><\/span> <\/p> \n<ul>\n<li style=\"text-align: left;\"><span style=\"text-decoration: underline;\"><strong> <\/strong><\/span><a title=\"Animalerie : prendre garde aux conseils !\" href=\"http:\/\/www.cobayous.com\/site\/les-dossiers\/avant-achat-cobaye\/animalerie-prendre-garde-aux-conseils\/\">Animalerie, attention aux conseils donn\u00e9s !<\/a><\/li>\n<li style=\"text-align: left;\"><a title=\"Le cobaye et les vacances\" href=\"http:\/\/www.cobayous.com\/site\/les-dossiers\/speciaux-pratiques\/le-cobaye-et-les-vacances\/\">Le Cobaye et les Vacances<\/a><\/li>\n<li style=\"text-align: left;\"><a title=\"Rongeurs et Enfants\" href=\"http:\/\/www.cobayous.com\/site\/les-dossiers\/avant-achat-cobaye\/rongeurs-et-enfants\/\">Rongeurs et enfants<\/a><\/li>\n<\/ul>\n<\/td>\n<td width=\"200\"><a href=\"http:\/\/www.cobayous.com\/forum\/reproduction-et-races-f12.html\" target=\"_blank\"><img loading=\"lazy\" decoding=\"async\" style=\"float: right;\" title=\"bulle_forum.jpg\" src=\"\/site\/wp-content\/uploads\/img\/bulle_forum.jpg\" border=\"0\" alt=\"bulle_forum.jpg\" width=\"200\" height=\"130\" \/><\/a><\/td>\n<\/tr>\n<\/tbody>\n<\/table>\n<\/div>\n <p> <img loading=\"lazy\" decoding=\"async\" class=\"alignright\" title=\"copyright-pomelo.jpg\" src=\"\/site\/wp-content\/uploads\/dossiers\/copyright-pomelo.jpg\" border=\"0\" alt=\"copyright-pomelo.jpg\" width=\"275\" height=\"50\" \/> <\/p> \n","protected":false},"excerpt":{"rendered":" <p> Elle dure en moyenne de 68 \u00e0 72 jours et la femelle peut avoir de 2 \u00e0 6 petits, parfois plus. Lolo a eu 3 petits apr\u00e8s deux longs mois&#8230; <a href=\"http:\/\/www.cobayous.com\/site\/les-dossiers\/reproduction-cobaye\/la-gestation\/\">Read more &raquo;<\/a> <\/p> \n","protected":false},"author":1,"featured_media":0,"parent":1224,"menu_order":2,"comment_status":"closed","ping_status":"open","template":"","meta":{"ngg_post_thumbnail":0,"footnotes":""},"class_list":["post-1278","page","type-page","status-publish","hentry"],"yoast_head":"<!-- This site is optimized with the Yoast SEO plugin v27.1.1 - https:\/\/yoast.com\/product\/yoast-seo-wordpress\/ -->\n<title>La gestation - Les Cobayes Pom&amp;Lolo<\/title>\n<meta name=\"robots\" content=\"index, follow, max-snippet:-1, max-image-preview:large, max-video-preview:-1\" \/>\n<link rel=\"canonical\" href=\"http:\/\/www.cobayous.com\/site\/les-dossiers\/reproduction-cobaye\/la-gestation\/\" \/>\n<meta property=\"og:locale\" content=\"fr_FR\" \/>\n<meta property=\"og:type\" content=\"article\" \/>\n<meta property=\"og:title\" content=\"La gestation - Les Cobayes Pom&amp;Lolo\" \/>\n<meta property=\"og:description\" content=\"Elle dure en moyenne de 68 \u00e0 72 jours et la femelle peut avoir de 2 \u00e0 6 petits, parfois plus. Lolo a eu 3 petits apr\u00e8s deux longs mois... Read more &raquo;\" \/>\n<meta property=\"og:url\" content=\"http:\/\/www.cobayous.com\/site\/les-dossiers\/reproduction-cobaye\/la-gestation\/\" \/>\n<meta property=\"og:site_name\" content=\"Les Cobayes Pom&amp;Lolo\" \/>\n<meta property=\"article:modified_time\" content=\"2011-04-16T15:47:17+00:00\" \/>\n<meta name=\"twitter:card\" content=\"summary_large_image\" \/>\n<meta name=\"twitter:label1\" content=\"Dur\u00e9e de lecture estim\u00e9e\" \/>\n\t<meta name=\"twitter:data1\" content=\"1 minute\" \/>\n<script type=\"application\/ld+json\" class=\"yoast-schema-graph\">{\"@context\":\"https:\/\/schema.org\",\"@graph\":[{\"@type\":\"WebPage\",\"@id\":\"http:\/\/www.cobayous.com\/site\/les-dossiers\/reproduction-cobaye\/la-gestation\/\",\"url\":\"http:\/\/www.cobayous.com\/site\/les-dossiers\/reproduction-cobaye\/la-gestation\/\",\"name\":\"La gestation - Les Cobayes Pom&amp;Lolo\",\"isPartOf\":{\"@id\":\"http:\/\/www.cobayous.com\/site\/#website\"},\"datePublished\":\"2011-04-11T10:12:16+00:00\",\"dateModified\":\"2011-04-16T15:47:17+00:00\",\"breadcrumb\":{\"@id\":\"http:\/\/www.cobayous.com\/site\/les-dossiers\/reproduction-cobaye\/la-gestation\/#breadcrumb\"},\"inLanguage\":\"fr-FR\",\"potentialAction\":[{\"@type\":\"ReadAction\",\"target\":[\"http:\/\/www.cobayous.com\/site\/les-dossiers\/reproduction-cobaye\/la-gestation\/\"]}]},{\"@type\":\"BreadcrumbList\",\"@id\":\"http:\/\/www.cobayous.com\/site\/les-dossiers\/reproduction-cobaye\/la-gestation\/#breadcrumb\",\"itemListElement\":[{\"@type\":\"ListItem\",\"position\":1,\"name\":\"Accueil\",\"item\":\"http:\/\/www.cobayous.com\/site\/\"},{\"@type\":\"ListItem\",\"position\":2,\"name\":\"Dossiers\",\"item\":\"http:\/\/www.cobayous.com\/site\/les-dossiers\/\"},{\"@type\":\"ListItem\",\"position\":3,\"name\":\"Reproduction\",\"item\":\"http:\/\/www.cobayous.com\/site\/les-dossiers\/reproduction-cobaye\/\"},{\"@type\":\"ListItem\",\"position\":4,\"name\":\"La gestation\"}]},{\"@type\":\"WebSite\",\"@id\":\"http:\/\/www.cobayous.com\/site\/#website\",\"url\":\"http:\/\/www.cobayous.com\/site\/\",\"name\":\"Les Cobayes Pom&Lolo\",\"description\":\"\",\"publisher\":{\"@id\":\"http:\/\/www.cobayous.com\/site\/#organization\"},\"potentialAction\":[{\"@type\":\"SearchAction\",\"target\":{\"@type\":\"EntryPoint\",\"urlTemplate\":\"http:\/\/www.cobayous.com\/site\/?s={search_term_string}\"},\"query-input\":{\"@type\":\"PropertyValueSpecification\",\"valueRequired\":true,\"valueName\":\"search_term_string\"}}],\"inLanguage\":\"fr-FR\"},{\"@type\":\"Organization\",\"@id\":\"http:\/\/www.cobayous.com\/site\/#organization\",\"name\":\"Les Cobayes Pom&Lolo\",\"url\":\"http:\/\/www.cobayous.com\/site\/\",\"logo\":{\"@type\":\"ImageObject\",\"inLanguage\":\"fr-FR\",\"@id\":\"http:\/\/www.cobayous.com\/site\/#\/schema\/logo\/image\/\",\"url\":\"http:\/\/www.cobayous.com\/site\/wp-content\/uploads\/2024\/01\/header-bg.png\",\"contentUrl\":\"http:\/\/www.cobayous.com\/site\/wp-content\/uploads\/2024\/01\/header-bg.png\",\"width\":1022,\"height\":250,\"caption\":\"Les Cobayes Pom&Lolo\"},\"image\":{\"@id\":\"http:\/\/www.cobayous.com\/site\/#\/schema\/logo\/image\/\"}}]}<\/script>\n<!-- \/ Yoast SEO plugin. -->","yoast_head_json":{"title":"La gestation - Les Cobayes Pom&amp;Lolo","robots":{"index":"index","follow":"follow","max-snippet":"max-snippet:-1","max-image-preview":"max-image-preview:large","max-video-preview":"max-video-preview:-1"},"canonical":"http:\/\/www.cobayous.com\/site\/les-dossiers\/reproduction-cobaye\/la-gestation\/","og_locale":"fr_FR","og_type":"article","og_title":"La gestation - Les Cobayes Pom&amp;Lolo","og_description":"Elle dure en moyenne de 68 \u00e0 72 jours et la femelle peut avoir de 2 \u00e0 6 petits, parfois plus. Lolo a eu 3 petits apr\u00e8s deux longs mois... Read more &raquo;","og_url":"http:\/\/www.cobayous.com\/site\/les-dossiers\/reproduction-cobaye\/la-gestation\/","og_site_name":"Les Cobayes Pom&amp;Lolo","article_modified_time":"2011-04-16T15:47:17+00:00","twitter_card":"summary_large_image","twitter_misc":{"Dur\u00e9e de lecture estim\u00e9e":"1 minute"},"schema":{"@context":"https:\/\/schema.org","@graph":[{"@type":"WebPage","@id":"http:\/\/www.cobayous.com\/site\/les-dossiers\/reproduction-cobaye\/la-gestation\/","url":"http:\/\/www.cobayous.com\/site\/les-dossiers\/reproduction-cobaye\/la-gestation\/","name":"La gestation - Les Cobayes Pom&amp;Lolo","isPartOf":{"@id":"http:\/\/www.cobayous.com\/site\/#website"},"datePublished":"2011-04-11T10:12:16+00:00","dateModified":"2011-04-16T15:47:17+00:00","breadcrumb":{"@id":"http:\/\/www.cobayous.com\/site\/les-dossiers\/reproduction-cobaye\/la-gestation\/#breadcrumb"},"inLanguage":"fr-FR","potentialAction":[{"@type":"ReadAction","target":["http:\/\/www.cobayous.com\/site\/les-dossiers\/reproduction-cobaye\/la-gestation\/"]}]},{"@type":"BreadcrumbList","@id":"http:\/\/www.cobayous.com\/site\/les-dossiers\/reproduction-cobaye\/la-gestation\/#breadcrumb","itemListElement":[{"@type":"ListItem","position":1,"name":"Accueil","item":"http:\/\/www.cobayous.com\/site\/"},{"@type":"ListItem","position":2,"name":"Dossiers","item":"http:\/\/www.cobayous.com\/site\/les-dossiers\/"},{"@type":"ListItem","position":3,"name":"Reproduction","item":"http:\/\/www.cobayous.com\/site\/les-dossiers\/reproduction-cobaye\/"},{"@type":"ListItem","position":4,"name":"La gestation"}]},{"@type":"WebSite","@id":"http:\/\/www.cobayous.com\/site\/#website","url":"http:\/\/www.cobayous.com\/site\/","name":"Les Cobayes Pom&Lolo","description":"","publisher":{"@id":"http:\/\/www.cobayous.com\/site\/#organization"},"potentialAction":[{"@type":"SearchAction","target":{"@type":"EntryPoint","urlTemplate":"http:\/\/www.cobayous.com\/site\/?s={search_term_string}"},"query-input":{"@type":"PropertyValueSpecification","valueRequired":true,"valueName":"search_term_string"}}],"inLanguage":"fr-FR"},{"@type":"Organization","@id":"http:\/\/www.cobayous.com\/site\/#organization","name":"Les Cobayes Pom&Lolo","url":"http:\/\/www.cobayous.com\/site\/","logo":{"@type":"ImageObject","inLanguage":"fr-FR","@id":"http:\/\/www.cobayous.com\/site\/#\/schema\/logo\/image\/","url":"http:\/\/www.cobayous.com\/site\/wp-content\/uploads\/2024\/01\/header-bg.png","contentUrl":"http:\/\/www.cobayous.com\/site\/wp-content\/uploads\/2024\/01\/header-bg.png","width":1022,"height":250,"caption":"Les Cobayes Pom&Lolo"},"image":{"@id":"http:\/\/www.cobayous.com\/site\/#\/schema\/logo\/image\/"}}]}},"_links":{"self":[{"href":"http:\/\/www.cobayous.com\/site\/wp-json\/wp\/v2\/pages\/1278","targetHints":{"allow":["GET"]}}],"collection":[{"href":"http:\/\/www.cobayous.com\/site\/wp-json\/wp\/v2\/pages"}],"about":[{"href":"http:\/\/www.cobayous.com\/site\/wp-json\/wp\/v2\/types\/page"}],"author":[{"embeddable":true,"href":"http:\/\/www.cobayous.com\/site\/wp-json\/wp\/v2\/users\/1"}],"replies":[{"embeddable":true,"href":"http:\/\/www.cobayous.com\/site\/wp-json\/wp\/v2\/comments?post=1278"}],"version-history":[{"count":0,"href":"http:\/\/www.cobayous.com\/site\/wp-json\/wp\/v2\/pages\/1278\/revisions"}],"up":[{"embeddable":true,"href":"http:\/\/www.cobayous.com\/site\/wp-json\/wp\/v2\/pages\/1224"}],"wp:attachment":[{"href":"http:\/\/www.cobayous.com\/site\/wp-json\/wp\/v2\/media?parent=1278"}],"curies":[{"name":"wp","href":"https:\/\/api.w.org\/{rel}","templated":true}]}}