{"id":1276,"date":"2011-04-11T11:11:41","date_gmt":"2011-04-11T10:11:41","guid":{"rendered":"http:\/\/www.cobayous.com\/site\/?page_id=1276"},"modified":"2011-04-16T22:50:59","modified_gmt":"2011-04-16T21:50:59","slug":"accouplement","status":"publish","type":"page","link":"http:\/\/www.cobayous.com\/site\/les-dossiers\/reproduction-cobaye\/accouplement\/","title":{"rendered":"L\u2019accouplement"},"content":{"rendered":" <p> &nbsp; <\/p> \n <p> <img loading=\"lazy\" decoding=\"async\" class=\"alignleft\" style=\"float: left;\" src=\"\/site\/wp-content\/uploads\/dossiers\/repro_accouplement_flogri.jpg\" alt=\"\" width=\"200\" height=\"149\" \/> Si c&rsquo;est sa premi\u00e8re port\u00e9e, la femelle doit \u00eatre              ag\u00e9e de 5-6 mois et, doit avoir moins d&rsquo;un an. <br \/> \nApr\u00e8s 1 an, si il n&rsquo;y a pas eu de port\u00e9e, les os du              bassin se solidifient et, cela provoque souvent des probl\u00e8mes              \u00e0 l&rsquo;accouchement. La femelle doit peser environ 700 grammes              pour pouvoir \u00eatre gestante. <\/p> \n <p> Lorsque la femelle est en chaleur et qu&rsquo;elle est pr\u00eate \u00e0              accepter le m\u00e2le, elle se laissera faire. Lorsque la femelle              est en chaleur, elle a le m\u00eame comportement que le m\u00e2le              : elle se dandine, roucoule et, elle essaie de monter sur son copain. <br \/> \nLa femelle se couche g\u00e9n\u00e9ralement sur le ventre et rel\u00e8ve              l\u2019arri\u00e8re train. L\u2019accouplement ne dure que quelques              secondes mais peut \u00eatre renouvel\u00e9 plusieurs fois d&rsquo;affil\u00e9. <br \/> \nEn principe, les deux animaux devraient faire leur toilette juste              apr\u00e8s. <\/p> \n<div style=\"background: #F5FAFC; border: 1px solid #6396EF; color: #404040; padding: 0 10px 0 10px; margin-top: 3em; text-align: justify; min-height: 150px; max-width: 728px; border-radius: 10px;\">\n<table border=\"0\" width=\"700\">\n<tbody>\n<tr valign=\"top\">\n<td width=\"250\"><span style=\"text-decoration: underline;\"><strong>Lire les autres parties de ce dossier : <br \/> \n<\/strong><\/span>[subpages depth=\u00a0\u00bb1&Prime; childof=\u00a0\u00bb1224&Prime; exceptme=\u00a0\u00bbtrue\u00a0\u00bb]<\/td>\n<td style=\"text-align: center;\" width=\"250\"><span style=\"text-decoration: underline;\"><strong>Dossiers connexe :<\/strong><\/span>&nbsp; <\/p> \n<ul>\n<li style=\"text-align: left;\"><span style=\"text-decoration: underline;\"><strong> <\/strong><\/span><a title=\"Animalerie : prendre garde aux conseils !\" href=\"http:\/\/www.cobayous.com\/site\/les-dossiers\/avant-achat-cobaye\/animalerie-prendre-garde-aux-conseils\/\">Animalerie, attention aux conseils donn\u00e9s !<\/a><\/li>\n<li style=\"text-align: left;\"><a title=\"Le cobaye et les vacances\" href=\"http:\/\/www.cobayous.com\/site\/les-dossiers\/speciaux-pratiques\/le-cobaye-et-les-vacances\/\">Le Cobaye et les Vacances<\/a><\/li>\n<li style=\"text-align: left;\"><a title=\"Rongeurs et Enfants\" href=\"http:\/\/www.cobayous.com\/site\/les-dossiers\/avant-achat-cobaye\/rongeurs-et-enfants\/\">Rongeurs et enfants<\/a><\/li>\n<\/ul>\n<\/td>\n<td width=\"200\"><a href=\"http:\/\/www.cobayous.com\/forum\/reproduction-et-races-f12.html\" target=\"_blank\"><img loading=\"lazy\" decoding=\"async\" style=\"float: right;\" title=\"bulle_forum.jpg\" src=\"\/site\/wp-content\/uploads\/img\/bulle_forum.jpg\" border=\"0\" alt=\"bulle_forum.jpg\" width=\"200\" height=\"130\" \/><\/a><\/td>\n<\/tr>\n<\/tbody>\n<\/table>\n<\/div>\n <p> <img loading=\"lazy\" decoding=\"async\" class=\"alignright\" title=\"copyright-pomelo.jpg\" src=\"\/site\/wp-content\/uploads\/dossiers\/copyright-pomelo.jpg\" border=\"0\" alt=\"copyright-pomelo.jpg\" width=\"275\" height=\"50\" \/> <\/p> \n","protected":false},"excerpt":{"rendered":" <p> &nbsp; Si c&rsquo;est sa premi\u00e8re port\u00e9e, la femelle doit \u00eatre ag\u00e9e de 5-6 mois et, doit avoir moins d&rsquo;un an. Apr\u00e8s 1 an, si il n&rsquo;y a pas eu de&#8230; <a href=\"http:\/\/www.cobayous.com\/site\/les-dossiers\/reproduction-cobaye\/accouplement\/\">Read more &raquo;<\/a> <\/p> \n","protected":false},"author":1,"featured_media":0,"parent":1224,"menu_order":1,"comment_status":"closed","ping_status":"open","template":"","meta":{"ngg_post_thumbnail":0,"footnotes":""},"class_list":["post-1276","page","type-page","status-publish","hentry"],"yoast_head":"<!-- This site is optimized with the Yoast SEO plugin v27.1.1 - https:\/\/yoast.com\/product\/yoast-seo-wordpress\/ -->\n<title>L\u2019accouplement - Les Cobayes Pom&amp;Lolo<\/title>\n<meta name=\"robots\" content=\"index, follow, max-snippet:-1, max-image-preview:large, max-video-preview:-1\" \/>\n<link rel=\"canonical\" href=\"http:\/\/www.cobayous.com\/site\/les-dossiers\/reproduction-cobaye\/accouplement\/\" \/>\n<meta property=\"og:locale\" content=\"fr_FR\" \/>\n<meta property=\"og:type\" content=\"article\" \/>\n<meta property=\"og:title\" content=\"L\u2019accouplement - Les Cobayes Pom&amp;Lolo\" \/>\n<meta property=\"og:description\" content=\"&nbsp; Si c&rsquo;est sa premi\u00e8re port\u00e9e, la femelle doit \u00eatre ag\u00e9e de 5-6 mois et, doit avoir moins d&rsquo;un an. Apr\u00e8s 1 an, si il n&rsquo;y a pas eu de... Read more &raquo;\" \/>\n<meta property=\"og:url\" content=\"http:\/\/www.cobayous.com\/site\/les-dossiers\/reproduction-cobaye\/accouplement\/\" \/>\n<meta property=\"og:site_name\" content=\"Les Cobayes Pom&amp;Lolo\" \/>\n<meta property=\"article:modified_time\" content=\"2011-04-16T21:50:59+00:00\" \/>\n<meta name=\"twitter:card\" content=\"summary_large_image\" \/>\n<meta name=\"twitter:label1\" content=\"Dur\u00e9e de lecture estim\u00e9e\" \/>\n\t<meta name=\"twitter:data1\" content=\"1 minute\" \/>\n<script type=\"application\/ld+json\" class=\"yoast-schema-graph\">{\"@context\":\"https:\/\/schema.org\",\"@graph\":[{\"@type\":\"WebPage\",\"@id\":\"http:\/\/www.cobayous.com\/site\/les-dossiers\/reproduction-cobaye\/accouplement\/\",\"url\":\"http:\/\/www.cobayous.com\/site\/les-dossiers\/reproduction-cobaye\/accouplement\/\",\"name\":\"L\u2019accouplement - Les Cobayes Pom&amp;Lolo\",\"isPartOf\":{\"@id\":\"http:\/\/www.cobayous.com\/site\/#website\"},\"datePublished\":\"2011-04-11T10:11:41+00:00\",\"dateModified\":\"2011-04-16T21:50:59+00:00\",\"breadcrumb\":{\"@id\":\"http:\/\/www.cobayous.com\/site\/les-dossiers\/reproduction-cobaye\/accouplement\/#breadcrumb\"},\"inLanguage\":\"fr-FR\",\"potentialAction\":[{\"@type\":\"ReadAction\",\"target\":[\"http:\/\/www.cobayous.com\/site\/les-dossiers\/reproduction-cobaye\/accouplement\/\"]}]},{\"@type\":\"BreadcrumbList\",\"@id\":\"http:\/\/www.cobayous.com\/site\/les-dossiers\/reproduction-cobaye\/accouplement\/#breadcrumb\",\"itemListElement\":[{\"@type\":\"ListItem\",\"position\":1,\"name\":\"Accueil\",\"item\":\"http:\/\/www.cobayous.com\/site\/\"},{\"@type\":\"ListItem\",\"position\":2,\"name\":\"Dossiers\",\"item\":\"http:\/\/www.cobayous.com\/site\/les-dossiers\/\"},{\"@type\":\"ListItem\",\"position\":3,\"name\":\"Reproduction\",\"item\":\"http:\/\/www.cobayous.com\/site\/les-dossiers\/reproduction-cobaye\/\"},{\"@type\":\"ListItem\",\"position\":4,\"name\":\"L\u2019accouplement\"}]},{\"@type\":\"WebSite\",\"@id\":\"http:\/\/www.cobayous.com\/site\/#website\",\"url\":\"http:\/\/www.cobayous.com\/site\/\",\"name\":\"Les Cobayes Pom&Lolo\",\"description\":\"\",\"publisher\":{\"@id\":\"http:\/\/www.cobayous.com\/site\/#organization\"},\"potentialAction\":[{\"@type\":\"SearchAction\",\"target\":{\"@type\":\"EntryPoint\",\"urlTemplate\":\"http:\/\/www.cobayous.com\/site\/?s={search_term_string}\"},\"query-input\":{\"@type\":\"PropertyValueSpecification\",\"valueRequired\":true,\"valueName\":\"search_term_string\"}}],\"inLanguage\":\"fr-FR\"},{\"@type\":\"Organization\",\"@id\":\"http:\/\/www.cobayous.com\/site\/#organization\",\"name\":\"Les Cobayes Pom&Lolo\",\"url\":\"http:\/\/www.cobayous.com\/site\/\",\"logo\":{\"@type\":\"ImageObject\",\"inLanguage\":\"fr-FR\",\"@id\":\"http:\/\/www.cobayous.com\/site\/#\/schema\/logo\/image\/\",\"url\":\"http:\/\/www.cobayous.com\/site\/wp-content\/uploads\/2024\/01\/header-bg.png\",\"contentUrl\":\"http:\/\/www.cobayous.com\/site\/wp-content\/uploads\/2024\/01\/header-bg.png\",\"width\":1022,\"height\":250,\"caption\":\"Les Cobayes Pom&Lolo\"},\"image\":{\"@id\":\"http:\/\/www.cobayous.com\/site\/#\/schema\/logo\/image\/\"}}]}<\/script>\n<!-- \/ Yoast SEO plugin. -->","yoast_head_json":{"title":"L\u2019accouplement - Les Cobayes Pom&amp;Lolo","robots":{"index":"index","follow":"follow","max-snippet":"max-snippet:-1","max-image-preview":"max-image-preview:large","max-video-preview":"max-video-preview:-1"},"canonical":"http:\/\/www.cobayous.com\/site\/les-dossiers\/reproduction-cobaye\/accouplement\/","og_locale":"fr_FR","og_type":"article","og_title":"L\u2019accouplement - Les Cobayes Pom&amp;Lolo","og_description":"&nbsp; Si c&rsquo;est sa premi\u00e8re port\u00e9e, la femelle doit \u00eatre ag\u00e9e de 5-6 mois et, doit avoir moins d&rsquo;un an. Apr\u00e8s 1 an, si il n&rsquo;y a pas eu de... Read more &raquo;","og_url":"http:\/\/www.cobayous.com\/site\/les-dossiers\/reproduction-cobaye\/accouplement\/","og_site_name":"Les Cobayes Pom&amp;Lolo","article_modified_time":"2011-04-16T21:50:59+00:00","twitter_card":"summary_large_image","twitter_misc":{"Dur\u00e9e de lecture estim\u00e9e":"1 minute"},"schema":{"@context":"https:\/\/schema.org","@graph":[{"@type":"WebPage","@id":"http:\/\/www.cobayous.com\/site\/les-dossiers\/reproduction-cobaye\/accouplement\/","url":"http:\/\/www.cobayous.com\/site\/les-dossiers\/reproduction-cobaye\/accouplement\/","name":"L\u2019accouplement - Les Cobayes Pom&amp;Lolo","isPartOf":{"@id":"http:\/\/www.cobayous.com\/site\/#website"},"datePublished":"2011-04-11T10:11:41+00:00","dateModified":"2011-04-16T21:50:59+00:00","breadcrumb":{"@id":"http:\/\/www.cobayous.com\/site\/les-dossiers\/reproduction-cobaye\/accouplement\/#breadcrumb"},"inLanguage":"fr-FR","potentialAction":[{"@type":"ReadAction","target":["http:\/\/www.cobayous.com\/site\/les-dossiers\/reproduction-cobaye\/accouplement\/"]}]},{"@type":"BreadcrumbList","@id":"http:\/\/www.cobayous.com\/site\/les-dossiers\/reproduction-cobaye\/accouplement\/#breadcrumb","itemListElement":[{"@type":"ListItem","position":1,"name":"Accueil","item":"http:\/\/www.cobayous.com\/site\/"},{"@type":"ListItem","position":2,"name":"Dossiers","item":"http:\/\/www.cobayous.com\/site\/les-dossiers\/"},{"@type":"ListItem","position":3,"name":"Reproduction","item":"http:\/\/www.cobayous.com\/site\/les-dossiers\/reproduction-cobaye\/"},{"@type":"ListItem","position":4,"name":"L\u2019accouplement"}]},{"@type":"WebSite","@id":"http:\/\/www.cobayous.com\/site\/#website","url":"http:\/\/www.cobayous.com\/site\/","name":"Les Cobayes Pom&Lolo","description":"","publisher":{"@id":"http:\/\/www.cobayous.com\/site\/#organization"},"potentialAction":[{"@type":"SearchAction","target":{"@type":"EntryPoint","urlTemplate":"http:\/\/www.cobayous.com\/site\/?s={search_term_string}"},"query-input":{"@type":"PropertyValueSpecification","valueRequired":true,"valueName":"search_term_string"}}],"inLanguage":"fr-FR"},{"@type":"Organization","@id":"http:\/\/www.cobayous.com\/site\/#organization","name":"Les Cobayes Pom&Lolo","url":"http:\/\/www.cobayous.com\/site\/","logo":{"@type":"ImageObject","inLanguage":"fr-FR","@id":"http:\/\/www.cobayous.com\/site\/#\/schema\/logo\/image\/","url":"http:\/\/www.cobayous.com\/site\/wp-content\/uploads\/2024\/01\/header-bg.png","contentUrl":"http:\/\/www.cobayous.com\/site\/wp-content\/uploads\/2024\/01\/header-bg.png","width":1022,"height":250,"caption":"Les Cobayes Pom&Lolo"},"image":{"@id":"http:\/\/www.cobayous.com\/site\/#\/schema\/logo\/image\/"}}]}},"_links":{"self":[{"href":"http:\/\/www.cobayous.com\/site\/wp-json\/wp\/v2\/pages\/1276","targetHints":{"allow":["GET"]}}],"collection":[{"href":"http:\/\/www.cobayous.com\/site\/wp-json\/wp\/v2\/pages"}],"about":[{"href":"http:\/\/www.cobayous.com\/site\/wp-json\/wp\/v2\/types\/page"}],"author":[{"embeddable":true,"href":"http:\/\/www.cobayous.com\/site\/wp-json\/wp\/v2\/users\/1"}],"replies":[{"embeddable":true,"href":"http:\/\/www.cobayous.com\/site\/wp-json\/wp\/v2\/comments?post=1276"}],"version-history":[{"count":0,"href":"http:\/\/www.cobayous.com\/site\/wp-json\/wp\/v2\/pages\/1276\/revisions"}],"up":[{"embeddable":true,"href":"http:\/\/www.cobayous.com\/site\/wp-json\/wp\/v2\/pages\/1224"}],"wp:attachment":[{"href":"http:\/\/www.cobayous.com\/site\/wp-json\/wp\/v2\/media?parent=1276"}],"curies":[{"name":"wp","href":"https:\/\/api.w.org\/{rel}","templated":true}]}}