{"id":1216,"date":"2009-03-18T13:47:51","date_gmt":"2009-03-18T12:47:51","guid":{"rendered":"http:\/\/www.cobayous.com\/site\/?page_id=1216"},"modified":"2016-11-21T16:22:26","modified_gmt":"2016-11-21T15:22:26","slug":"rongeurs-et-enfants","status":"publish","type":"page","link":"http:\/\/www.cobayous.com\/site\/les-dossiers\/avant-achat-cobaye\/rongeurs-et-enfants\/","title":{"rendered":"Rongeurs et Enfants"},"content":{"rendered":" <p> [ezcol_1third] <\/p> \n<div style=\"background: #FFEFCE; border: 1px solid #BD8D46; color: #404040; padding: 0 10px 0 10px; margin-top: 1em; text-align: justify; border-radius: 10px;\">\n<h3><img loading=\"lazy\" decoding=\"async\" class=\"alignleft\" title=\"memo\" src=\"http:\/\/www.cobayous.Com\/site\/wp-content\/uploads\/img\/memo.png\" alt=\"\" width=\"30\" height=\"30\">EN BREF<\/h3>\n <p> Les parents et l&rsquo;entourage doivent bien r\u00e9fl\u00e9chir avant de proposer un animal \u00e0 l&rsquo;enfant. <\/p> \n <p> Un enfant peut tr\u00e8s vite se lasser et le parent doit savoir qu&rsquo;il aura malgr\u00e9 tout la responsabilit\u00e9 de l&rsquo;animal pendant 5 \u00e0 8 ans si l&rsquo;enfant s&rsquo;en d\u00e9sint\u00e9resse. <\/p> \n<\/div>\n<div style=\"background: #EDF7F2; border: 1px solid #7FC6BC; color: #404040; padding: 0 10px 0 10px; margin-top: 1em; text-align: justify; border-radius: 10px;\">\n <p> <img loading=\"lazy\" decoding=\"async\" class=\"alignleft\" title=\"alire\" src=\"http:\/\/www.cobayous.Com\/site\/wp-content\/uploads\/img\/books.png\" alt=\"\" width=\"30\" height=\"30\"> <\/p> \n<h3>A LIRE<\/h3>\n <p> <span style=\"color: #008000;\">Dans la rubrique Avant l\u2019achat :<\/span> <\/p> \n<ul>\n<li><a title=\"Avant l\u2019achat : Un ou plusieurs?\" href=\"http:\/\/www.cobayous.com\/site\/les-dossiers\/avant-achat-cobaye\/un-ou-plusieurs\/\">Un ou plusieurs?<\/a><\/li>\n<li><a title=\"Avant l\u2019achat : M\u00e2le ou femelle ?\" href=\"http:\/\/www.cobayous.com\/site\/les-dossiers\/avant-achat-cobaye\/male-ou-femelle\/\">M\u00e2le ou femelle ?<\/a><\/li>\n<li><a title=\"Avant l\u2019achat : O\u00f9 l\u2019adopter\" href=\"http:\/\/www.cobayous.com\/site\/les-dossiers\/avant-achat-cobaye\/ou-ladopter\/\">O\u00f9 l\u2019adopter<\/a><\/li>\n<li><a title=\"Avant l\u2019achat : Quelques conseils\" href=\"http:\/\/www.cobayous.com\/site\/les-dossiers\/avant-achat-cobaye\/quelques-conseils\/\" rel=\"\">Quelques conseils<\/a><\/li>\n<li><a title=\"Avant l\u2019achat : Combien \u00e7a co\u00fbte?\" href=\"http:\/\/www.cobayous.com\/site\/les-dossiers\/avant-achat-cobaye\/budget-combien-ca-coute\/\" rel=\"\">Combien \u00e7a co\u00fbte?<\/a><\/li>\n<li>Rongeurs et Enfants<\/li>\n<li><a title=\"Les races de cobayes\" href=\"http:\/\/www.cobayous.com\/site\/les-dossiers\/avant-achat-cobaye\/les-races\/\" rel=\"\">Les races de cobayes<\/a><\/li>\n<\/ul>\n <p> <span style=\"color: #008000;\">Dossiers Connexes :<\/span> <\/p> \n<ul>\n<li><a title=\"Animalerie : prendre garde aux conseils !\" href=\"http:\/\/www.cobayous.com\/site\/les-dossiers\/avant-achat-cobaye\/animalerie-prendre-garde-aux-conseils\/\">Animalerie, attention aux conseils !<\/a><\/li>\n<li><a title=\"Le cobaye et les vacances\" href=\"http:\/\/www.cobayous.com\/site\/les-dossiers\/speciaux-pratiques\/le-cobaye-et-les-vacances\/\">Le Cobaye et les Vacances<\/a><\/li>\n<li><a title=\"Rongeurs et Enfants\" href=\"http:\/\/www.cobayous.com\/site\/les-dossiers\/avant-achat-cobaye\/rongeurs-et-enfants\/\">Rongeurs et enfants<\/a><\/li>\n<\/ul>\n<\/div>\n <p> &nbsp; <\/p> \n<div style=\"background: #ffffff; border: 1px solid #EACFB8; color: #404040; padding: 0 10px 0 10px; margin-top: 1em; text-align: justify; border-radius: 10px;\">\n <p> <script async src=\"\/\/pagead2.googlesyndication.com\/pagead\/js\/adsbygoogle.js\"><\/script> <br \/> \n <!-- cob-dossier-gauche -->  <br \/> \n<ins class=\"adsbygoogle\"\n     style=\"display:block\"\n     data-ad-client=\"ca-pub-3631834167777130\"\n     data-ad-slot=\"6832657395\"\n     data-ad-format=\"auto\"><\/ins> <br \/> \n<script>\n(adsbygoogle = window.adsbygoogle || []).push({});\n<\/script> <\/p> \n <p> <img loading=\"lazy\" decoding=\"async\" class=\"alignleft\" src=\"http:\/\/www.cobayous.Com\/site\/wp-content\/uploads\/img\/question.png\" alt=\"\" width=\"30\" height=\"30\"> <\/p> \n<h4>DES QUESTIONS ?<\/h4>\n <p> Tu as des questions \u00e0 poser sur les cobayes? Tu souhaites discuter avec nous? <\/p> \n <p> <img loading=\"lazy\" decoding=\"async\" class=\"alignleft\" title=\"talk\" src=\"http:\/\/www.cobayous.com\/site\/wp-content\/uploads\/img\/icon-talk.png\" alt=\"\" width=\"44\" height=\"30\"> <a href=\"http:\/\/www.cobayous.Com\/forum\">Rejoins-nous !<\/a> <\/p> \n<\/div>\n <p> [\/ezcol_1third] [ezcol_2third_end] <\/p> \n<div style=\"background: #F5FAFC; border: 1px solid #6396EF; color: #404040; padding: 0 10px 0 10px; margin-top: 1em; text-align: justify; min-height: 150px; max-width: 98%; border-radius: 10px;\">\n <p> <img loading=\"lazy\" decoding=\"async\" class=\"alignleft\" title=\"enfant cobaye\" src=\"http:\/\/www.cobayous.com\/site\/wp-content\/uploads\/dossiers\/enfant_cobaye01_pt.jpg\" alt=\"\" width=\"200\" height=\"227\">&nbsp;Ce dossier a pour but d&rsquo;essayer de faire r\u00e9fl\u00e9chir parents (principalement)et enfants sur le fait d&rsquo;adopter une boule de poils (quelle qu&rsquo;elle soit d&rsquo;ailleurs). <br \/> \nLes gens ont en effet souvent tendance \u00e0 ne voir que les points positifs de l&rsquo;animal mais il faut aussi penser aux points n\u00e9gatifs. <\/p> \n <p> Beaucoup d&rsquo;enfants aiment les animaux et souhaitent avoir le leur. Avant que vous ne choisissiez de dire oui \u00e0 votre enfant, il ne faut pas oublier certains poins tr\u00e8s important auxquels on ne pense pas toujours. <\/p> \n <p> Un cobaye a une long\u00e9vit\u00e9 de 5 \u00e0 8 ans et il faudra s&rsquo;en occuper du mieux possible jusqu&rsquo;au bout. Un animal tombe parfois malade et il faudra l&#8217;emmener chez le v\u00e9t\u00e9rinaire en cas de besoin ce qui peut vite devenir on\u00e9reux. <\/p> \n <p> Ce dossier est donc divis\u00e9 en deux parties : enfants et parents. <\/p> \n<h5><em>&#8211; Photo ci-dessus, Eva, 8 ans avec Guizmo &#8211;<\/em><\/h5>\n<\/div>\n<div style=\"background: #F5FAFC; border: 1px solid #6396EF; color: #404040; padding: 0 10px 0 10px; margin-top: 1em; text-align: justify; min-height: 150px; max-width: 98%; border-radius: 10px;\">\n <p> <span style=\"text-decoration: underline;\"><strong><span style=\"color: #3366ff;\"> 1 &#8211; Le r\u00f4le des parents<\/span><\/strong> <\/span>C&rsquo;est selon moi le r\u00f4le le plus important puisque ce sont logiquement les parents qui d\u00e9cident si oui ou non un animal peut \u00eatre adopt\u00e9. Vous devez donc prendre certaines pr\u00e9cautions et <strong>ne pas faire \u00ab\u00a0d&rsquo;achat impulsif\u00a0\u00bb<\/strong> pour faire plaisir \u00e0 votre enfant ou pour le \u00ab\u00a0r\u00e9compenser de ses bonnes notes\u00a0\u00bb. L&rsquo;enfant doit <strong>r\u00e9ellement vouloir l&rsquo;arriv\u00e9e d&rsquo;un animal<\/strong> \u00e0 la maison. <\/p> \n <p> <strong><span style=\"text-decoration: underline;\">A quel \u00e2ge un enfant peut-il avoir un animal?<\/span><\/strong> <br \/> \nCe n&rsquo;est pas toujours facile \u00e0 d\u00e9terminer car tous les enfants sont diff\u00e9rents, il faut voir au cas par cas. <br \/> \nCe qui semble cependant \u00e9vident, c&rsquo;est qu&rsquo;il faut \u00e9viter avant l&rsquo;entr\u00e9e en \u00e9cole primaire. Donc,<strong> pas avant 6 ans<\/strong>. <br \/> \nPourquoi? Parce qu&rsquo;avant cet \u00e2ge, l&rsquo;enfant n&rsquo;est pas toujours conscient de sa force et pourrait faire mal \u00e0 l&rsquo;animal. <br \/> \nLes plus jeunes ne sont pas toujours s\u00fbr de leurs mouvements et risquent de<strong> le faire tomber<\/strong> ou de <strong>mal le prendre<\/strong>. <br \/> \nDans tous les cas, il y a une chose tr\u00e8s importante :<strong> l&rsquo;animal<\/strong> ne <strong>doit<\/strong> pas <strong>\u00eatre adopt\u00e9<\/strong> pour l&rsquo;enfant uniquement mais<strong> pour la famille enti\u00e8re<\/strong>. <\/p> \n <p> Ainsi, l&rsquo;enfant peut<strong> participer aux t\u00e2ches quotidiennes<\/strong>, aider et apprendre avec des adultes. <br \/> \nPetit \u00e0 petit, en grandissant et en apprenant, il acquerra plus d&rsquo;assurance et vous pourrez lui laisser plus de responsabilit\u00e9. C&rsquo;est un peu comme lui laisser faire ses preuves mais <strong>toujours sous surveillance.<\/strong> <\/p> \n <p> Vous devez <strong>responsabiliser l&rsquo;enfant<\/strong>, lui faire comprendre qu&rsquo;il a une vie entre les mains et qu&rsquo;il doit s&rsquo;en occuper, lui faire prendre conscience que<strong> l&rsquo;animal d\u00e9pends de lui.<\/strong> Il est tr\u00e8s important que votre enfant respecte l&rsquo;animal et s&rsquo;en occupe bien. Il devrait se sentir plus important du fait qu&rsquo;il a des responsabilit\u00e9s. <\/p> \n <p> Si c&rsquo;est votre enfant qui a souhait\u00e9 avoir un animal, vous devez avant tout \u00eatre d&rsquo;accord et garder \u00e0 l&rsquo;esprit que l&rsquo;animal est celui de la famille et que vous devrez prendre le relais si l&rsquo;enfant se d\u00e9sint\u00e9resse de sa boule de poils. <br \/> \nIl semble \u00e9vident qu&rsquo;un enfant de 6 ans seul ne saura pas changer un grand bac de cage et utiliser des produits \u00e0 risque (eau de javel &#8230;). <strong>La pr\u00e9sence d&rsquo;une personne adulte sera n\u00e9cessaire<\/strong>. <br \/> \n<strong>L&rsquo;animal ne doit pas devenir une corv\u00e9e<\/strong>, c&rsquo;est la raison pour laquelle il faut bien r\u00e9fl\u00e9chir avant d&rsquo;en adopter une. <br \/> \nC&rsquo;est vous qui allez guider votre enfant dans tout ce qui touche \u00e0 l&rsquo;animal. <\/p> \n <p> Vous pouvez \u00e9ventuellement faire passer un accord\/contrat \u00e0 votre enfant en lui rappelant r\u00e9guli\u00e8rement ses \u00ab\u00a0obligations\u00a0\u00bb envers l&rsquo;animal si il venait \u00e0 y manquer. <\/p> \n <p> <span style=\"text-decoration: underline;\"> <span style=\"color: #993300;\"><strong>ATTENTION AUX ALLERGIES !!<\/strong><\/span><\/span> <\/p> \n <p> <strong>Certaines personnes sont allergiques aux cobayes ou peuvent le devenir<\/strong>. <br \/> \nLes sympt\u00f4mes peuvent \u00eatre divers et vari\u00e9s : boutons, d\u00e9mangeaisons, \u00e9ternuements, conjonctivite, probl\u00e8mes respiratoire d&rsquo;o\u00f9 l&rsquo;importance de ne pas laisser la cage dans la chambre de l&rsquo;enfant. <br \/> \nLe <strong>foin<\/strong> peut \u00e9galement \u00eatre <strong>source d&rsquo;allergie<\/strong>, en particulier si il est <strong>trop poussi\u00e9reux<\/strong>. <br \/> \nIl faut pouvoir r\u00e9agir et pr\u00e9voir \u00e0 l&rsquo;avance pour ne pas devoir se s\u00e9parer de l&rsquo;animal en cas de soucis. <br \/> \nPour se faire, vous pouvez, si vous en avez la possibilit\u00e9, rendre visite \u00e0 des gens qui ont des cobayes et voir si l&rsquo;enfant supporte \u00e0 court et long terme. Vous pouvez \u00e9galement faire des recherches allerg\u00e8nes aupr\u00e8s d&rsquo;un allergologue. <\/p> \n <p> A savoir : les gens qui sont allergiques aux chats le sont bien souvent aux cobayes. <br \/> \nL&rsquo;allergie ne vient pas des poils mais de la salive de l&rsquo;animal (lorsqu&rsquo;il fait sa toilette) <\/p> \n <p> Enfin, d&rsquo;une mani\u00e8re g\u00e9n\u00e9rale, n&rsquo;offrez jamais un animal \u00e0 un enfant sans en parler d&rsquo;abord avec ses parents. <br \/> \nBeaucoup de gens se d\u00e9barrassent de l&rsquo;animal parce qu&rsquo;au d\u00e9part, ils n&rsquo;en voulaient pas. <\/p> \n <p> Parents, vous restez responsable de l&rsquo;animal. <\/p> \n<\/div>\n<div style=\"background: #F5FAFC; border: 1px solid #6396EF; color: #404040; padding: 0 10px 0 10px; margin-top: 1em; text-align: justify; min-height: 150px; max-width: 98%; border-radius: 10px;\">\n <p> <span style=\"text-decoration: underline; color: #3366ff;\"><strong>2 &#8211; Le r\u00f4le de l&rsquo;enfant<\/strong><\/span> <\/p> \n <p> Tu devras t&rsquo;occuper de l&rsquo;animal TOUS LES JOURS. <br \/> \nT&rsquo;en occuper, cela veut dire lui mettre de l&rsquo;eau propre, lui donner \u00e0 manger, lui faire des c\u00e2lins, v\u00e9rifier avec tes parents et\/ou tes fr\u00e8res et s\u0153urs qu&rsquo;il va bien. <br \/> \nIl faudra aussi nettoyer son bac 1 \u00e0 2 fois par semaine ce qui prends du temps. <\/p> \n <p> Et tout \u00e7a pendant 5 \u00e0 8 ans, m\u00eame si tu as envie d&rsquo;aller jouer avec les copains &#8230; <\/p> \n<\/div>\n<div style=\"background: #F5FAFC; border: 1px solid #6396EF; color: #404040; padding: 0 10px 0 10px; margin-top: 1em; text-align: justify; min-height: 150px; max-width: 98%; border-radius: 10px;\">\n <p> <span style=\"text-decoration: underline; color: #3366ff;\"><strong>3 &#8211; T\u00e9moignage<\/strong><\/span> <\/p> \n <p> J&rsquo;ai une fille de 8 ans. Depuis quelques temps j&rsquo;ai eu droit a toutes les demandes : chiot, lapin, gerbilles (\u00e7a c&rsquo;\u00e9tait il y a moins d&rsquo;une semaine car on en a vu deux a vendre avec cages et accessoires) et aussi cochons d&rsquo;inde&#8230;.. <br \/> \nAu d\u00e9part quand j&rsquo;ai pris Guizmo, je pensais adopter deux femelles pour les enfants (mais surtout pour moi ) et au final ils se sont vite d\u00e9sint\u00e9ress\u00e9s de Guizmo.. ils aiment lui donner a manger, le caresser mais bon&#8230;.. <\/p> \n <p> Ma grande a une envie de \u00ab\u00a0responsabilisation\u00a0\u00bb depuis quelques temps qui passe pour l&rsquo;instant pour elle, par l&rsquo;envie d&rsquo;avoir un animal dont elle s&rsquo;occuperait!!!! <br \/> \nIl est cependant hors de question pour moi de lui \u00ab\u00a0offrir\u00a0\u00bb nougat (un de nos cobaye) <br \/> \nJe l&rsquo;ai pr\u00e9venue que je ne c\u00e9derais pas un animal&#8230;.. elle le prendra avec elle, s&rsquo;en occupera mais \u00e0 la condition que je surveille de loin&#8230;.. et qu&rsquo;elle me laisse aussi m&rsquo;en occuper en cas de besoin &#8230;et puis on ne sait pas comment se passeront les choses et la culpabilit\u00e9 peut \u00eatre aussi tr\u00e8s forte pour un enfant en cas d&rsquo;\u00e9chec&#8230; <\/p> \n <p> Et puis j&rsquo;ai eu un exemple assez triste dans mon entourage d&rsquo;une maman qui a d\u00e9j\u00e0 offert un chien \u00e0 un de ses fils, et un cochon d&rsquo;inde \u00e0 un autre&#8230; <br \/> \nLe cochon d&rsquo;inde qui \u00e9tait avec eux depuis 2 ans environ (donc offert \u00e0 un enfant 4\/5 ans) a fini par ne plus avoir personne qui voulait s&rsquo;occuper de lui. <br \/> \nLa maman a d\u00e9cid\u00e9 de laisser mourir le chon &#8230; alors que j&rsquo;avais propos\u00e9 de le prendre. <br \/> \nQuant au chien il est reparti \u00e0 la spa&#8230; J&rsquo;ai trouv\u00e9 \u00e7a horrible. <br \/> \nL\u00e0 on est bien dans un cas d&rsquo;animal \u00ab\u00a0objet\u00a0\u00bb que l&rsquo;on jette d\u00e8s que l&rsquo;on n&rsquo;en veut plus&#8230; <\/p> \n <p> Tout \u00e7a m&rsquo;a beaucoup perturb\u00e9 c&rsquo;est pourquoi j&rsquo;ai pr\u00e9venu ma fille que si elle prend nougat il ne lui appartiendrait pas car il fait partie de la famille et qu&rsquo;elle en prendra soin tant que ce sera possible. <br \/> \nTout comme elle propose de m&rsquo;aider r\u00e9guli\u00e8rement pour nettoyer les cages, tout comme elle aime passer du temps dans l&rsquo;enclos avec guizmo&#8230; ou encore quand elle propose de brosser la chienne ou de m&rsquo;aider \u00e0 la laver&#8230; <\/p> \n <p> <span style=\"text-decoration: underline;\">Topaze, 30 ans<\/span> <\/p> \n<div>&nbsp;<\/div>\n<\/div>\n <p> &nbsp; <\/p> \n <p> <a href=\"http:\/\/www.cobayous.com\/site\/qui-sommes-nous\/\"><img loading=\"lazy\" decoding=\"async\" class=\"alignright\" title=\"copyright-pomelo.jpg\" src=\"\/site\/wp-content\/uploads\/dossiers\/copyright-pomelo.jpg\" alt=\"copyright-pomelo.jpg\" width=\"275\" height=\"50\" border=\"0\"><\/a> <\/p> \n <p> [\/ezcol_2third_end] <\/p> \n","protected":false},"excerpt":{"rendered":" <p> [ezcol_1third] EN BREF Les parents et l&rsquo;entourage doivent bien r\u00e9fl\u00e9chir avant de proposer un animal \u00e0 l&rsquo;enfant. Un enfant peut tr\u00e8s vite se lasser et le parent doit savoir qu&rsquo;il&#8230; <a href=\"http:\/\/www.cobayous.com\/site\/les-dossiers\/avant-achat-cobaye\/rongeurs-et-enfants\/\">Read more &raquo;<\/a> <\/p> \n","protected":false},"author":1,"featured_media":0,"parent":74,"menu_order":7,"comment_status":"closed","ping_status":"open","template":"","meta":{"ngg_post_thumbnail":0,"footnotes":""},"class_list":["post-1216","page","type-page","status-publish","hentry"],"yoast_head":"<!-- This site is optimized with the Yoast SEO plugin v27.1.1 - https:\/\/yoast.com\/product\/yoast-seo-wordpress\/ -->\n<title>Rongeurs et Enfants - Les Cobayes Pom&amp;Lolo<\/title>\n<meta name=\"robots\" content=\"index, follow, max-snippet:-1, max-image-preview:large, max-video-preview:-1\" \/>\n<link rel=\"canonical\" href=\"http:\/\/www.cobayous.com\/site\/les-dossiers\/avant-achat-cobaye\/rongeurs-et-enfants\/\" \/>\n<meta property=\"og:locale\" content=\"fr_FR\" \/>\n<meta property=\"og:type\" content=\"article\" \/>\n<meta property=\"og:title\" content=\"Rongeurs et Enfants - Les Cobayes Pom&amp;Lolo\" \/>\n<meta property=\"og:description\" content=\"[ezcol_1third] EN BREF Les parents et l&rsquo;entourage doivent bien r\u00e9fl\u00e9chir avant de proposer un animal \u00e0 l&rsquo;enfant. Un enfant peut tr\u00e8s vite se lasser et le parent doit savoir qu&rsquo;il... Read more &raquo;\" \/>\n<meta property=\"og:url\" content=\"http:\/\/www.cobayous.com\/site\/les-dossiers\/avant-achat-cobaye\/rongeurs-et-enfants\/\" \/>\n<meta property=\"og:site_name\" content=\"Les Cobayes Pom&amp;Lolo\" \/>\n<meta property=\"article:modified_time\" content=\"2016-11-21T15:22:26+00:00\" \/>\n<meta property=\"og:image\" content=\"http:\/\/www.cobayous.Com\/site\/wp-content\/uploads\/img\/memo.png\" \/>\n<meta name=\"twitter:card\" content=\"summary_large_image\" \/>\n<meta name=\"twitter:label1\" content=\"Dur\u00e9e de lecture estim\u00e9e\" \/>\n\t<meta name=\"twitter:data1\" content=\"7 minutes\" \/>\n<script type=\"application\/ld+json\" class=\"yoast-schema-graph\">{\"@context\":\"https:\/\/schema.org\",\"@graph\":[{\"@type\":\"WebPage\",\"@id\":\"http:\/\/www.cobayous.com\/site\/les-dossiers\/avant-achat-cobaye\/rongeurs-et-enfants\/\",\"url\":\"http:\/\/www.cobayous.com\/site\/les-dossiers\/avant-achat-cobaye\/rongeurs-et-enfants\/\",\"name\":\"Rongeurs et Enfants - Les Cobayes Pom&amp;Lolo\",\"isPartOf\":{\"@id\":\"http:\/\/www.cobayous.com\/site\/#website\"},\"primaryImageOfPage\":{\"@id\":\"http:\/\/www.cobayous.com\/site\/les-dossiers\/avant-achat-cobaye\/rongeurs-et-enfants\/#primaryimage\"},\"image\":{\"@id\":\"http:\/\/www.cobayous.com\/site\/les-dossiers\/avant-achat-cobaye\/rongeurs-et-enfants\/#primaryimage\"},\"thumbnailUrl\":\"http:\/\/www.cobayous.Com\/site\/wp-content\/uploads\/img\/memo.png\",\"datePublished\":\"2009-03-18T12:47:51+00:00\",\"dateModified\":\"2016-11-21T15:22:26+00:00\",\"breadcrumb\":{\"@id\":\"http:\/\/www.cobayous.com\/site\/les-dossiers\/avant-achat-cobaye\/rongeurs-et-enfants\/#breadcrumb\"},\"inLanguage\":\"fr-FR\",\"potentialAction\":[{\"@type\":\"ReadAction\",\"target\":[\"http:\/\/www.cobayous.com\/site\/les-dossiers\/avant-achat-cobaye\/rongeurs-et-enfants\/\"]}]},{\"@type\":\"ImageObject\",\"inLanguage\":\"fr-FR\",\"@id\":\"http:\/\/www.cobayous.com\/site\/les-dossiers\/avant-achat-cobaye\/rongeurs-et-enfants\/#primaryimage\",\"url\":\"http:\/\/www.cobayous.Com\/site\/wp-content\/uploads\/img\/memo.png\",\"contentUrl\":\"http:\/\/www.cobayous.Com\/site\/wp-content\/uploads\/img\/memo.png\"},{\"@type\":\"BreadcrumbList\",\"@id\":\"http:\/\/www.cobayous.com\/site\/les-dossiers\/avant-achat-cobaye\/rongeurs-et-enfants\/#breadcrumb\",\"itemListElement\":[{\"@type\":\"ListItem\",\"position\":1,\"name\":\"Accueil\",\"item\":\"http:\/\/www.cobayous.com\/site\/\"},{\"@type\":\"ListItem\",\"position\":2,\"name\":\"Dossiers\",\"item\":\"http:\/\/www.cobayous.com\/site\/les-dossiers\/\"},{\"@type\":\"ListItem\",\"position\":3,\"name\":\"Avant l&rsquo;achat\",\"item\":\"http:\/\/www.cobayous.com\/site\/les-dossiers\/avant-achat-cobaye\/\"},{\"@type\":\"ListItem\",\"position\":4,\"name\":\"Rongeurs et Enfants\"}]},{\"@type\":\"WebSite\",\"@id\":\"http:\/\/www.cobayous.com\/site\/#website\",\"url\":\"http:\/\/www.cobayous.com\/site\/\",\"name\":\"Les Cobayes Pom&Lolo\",\"description\":\"\",\"publisher\":{\"@id\":\"http:\/\/www.cobayous.com\/site\/#organization\"},\"potentialAction\":[{\"@type\":\"SearchAction\",\"target\":{\"@type\":\"EntryPoint\",\"urlTemplate\":\"http:\/\/www.cobayous.com\/site\/?s={search_term_string}\"},\"query-input\":{\"@type\":\"PropertyValueSpecification\",\"valueRequired\":true,\"valueName\":\"search_term_string\"}}],\"inLanguage\":\"fr-FR\"},{\"@type\":\"Organization\",\"@id\":\"http:\/\/www.cobayous.com\/site\/#organization\",\"name\":\"Les Cobayes Pom&Lolo\",\"url\":\"http:\/\/www.cobayous.com\/site\/\",\"logo\":{\"@type\":\"ImageObject\",\"inLanguage\":\"fr-FR\",\"@id\":\"http:\/\/www.cobayous.com\/site\/#\/schema\/logo\/image\/\",\"url\":\"http:\/\/www.cobayous.com\/site\/wp-content\/uploads\/2024\/01\/header-bg.png\",\"contentUrl\":\"http:\/\/www.cobayous.com\/site\/wp-content\/uploads\/2024\/01\/header-bg.png\",\"width\":1022,\"height\":250,\"caption\":\"Les Cobayes Pom&Lolo\"},\"image\":{\"@id\":\"http:\/\/www.cobayous.com\/site\/#\/schema\/logo\/image\/\"}}]}<\/script>\n<!-- \/ Yoast SEO plugin. -->","yoast_head_json":{"title":"Rongeurs et Enfants - Les Cobayes Pom&amp;Lolo","robots":{"index":"index","follow":"follow","max-snippet":"max-snippet:-1","max-image-preview":"max-image-preview:large","max-video-preview":"max-video-preview:-1"},"canonical":"http:\/\/www.cobayous.com\/site\/les-dossiers\/avant-achat-cobaye\/rongeurs-et-enfants\/","og_locale":"fr_FR","og_type":"article","og_title":"Rongeurs et Enfants - Les Cobayes Pom&amp;Lolo","og_description":"[ezcol_1third] EN BREF Les parents et l&rsquo;entourage doivent bien r\u00e9fl\u00e9chir avant de proposer un animal \u00e0 l&rsquo;enfant. Un enfant peut tr\u00e8s vite se lasser et le parent doit savoir qu&rsquo;il... Read more &raquo;","og_url":"http:\/\/www.cobayous.com\/site\/les-dossiers\/avant-achat-cobaye\/rongeurs-et-enfants\/","og_site_name":"Les Cobayes Pom&amp;Lolo","article_modified_time":"2016-11-21T15:22:26+00:00","og_image":[{"url":"http:\/\/www.cobayous.Com\/site\/wp-content\/uploads\/img\/memo.png","type":"","width":"","height":""}],"twitter_card":"summary_large_image","twitter_misc":{"Dur\u00e9e de lecture estim\u00e9e":"7 minutes"},"schema":{"@context":"https:\/\/schema.org","@graph":[{"@type":"WebPage","@id":"http:\/\/www.cobayous.com\/site\/les-dossiers\/avant-achat-cobaye\/rongeurs-et-enfants\/","url":"http:\/\/www.cobayous.com\/site\/les-dossiers\/avant-achat-cobaye\/rongeurs-et-enfants\/","name":"Rongeurs et Enfants - Les Cobayes Pom&amp;Lolo","isPartOf":{"@id":"http:\/\/www.cobayous.com\/site\/#website"},"primaryImageOfPage":{"@id":"http:\/\/www.cobayous.com\/site\/les-dossiers\/avant-achat-cobaye\/rongeurs-et-enfants\/#primaryimage"},"image":{"@id":"http:\/\/www.cobayous.com\/site\/les-dossiers\/avant-achat-cobaye\/rongeurs-et-enfants\/#primaryimage"},"thumbnailUrl":"http:\/\/www.cobayous.Com\/site\/wp-content\/uploads\/img\/memo.png","datePublished":"2009-03-18T12:47:51+00:00","dateModified":"2016-11-21T15:22:26+00:00","breadcrumb":{"@id":"http:\/\/www.cobayous.com\/site\/les-dossiers\/avant-achat-cobaye\/rongeurs-et-enfants\/#breadcrumb"},"inLanguage":"fr-FR","potentialAction":[{"@type":"ReadAction","target":["http:\/\/www.cobayous.com\/site\/les-dossiers\/avant-achat-cobaye\/rongeurs-et-enfants\/"]}]},{"@type":"ImageObject","inLanguage":"fr-FR","@id":"http:\/\/www.cobayous.com\/site\/les-dossiers\/avant-achat-cobaye\/rongeurs-et-enfants\/#primaryimage","url":"http:\/\/www.cobayous.Com\/site\/wp-content\/uploads\/img\/memo.png","contentUrl":"http:\/\/www.cobayous.Com\/site\/wp-content\/uploads\/img\/memo.png"},{"@type":"BreadcrumbList","@id":"http:\/\/www.cobayous.com\/site\/les-dossiers\/avant-achat-cobaye\/rongeurs-et-enfants\/#breadcrumb","itemListElement":[{"@type":"ListItem","position":1,"name":"Accueil","item":"http:\/\/www.cobayous.com\/site\/"},{"@type":"ListItem","position":2,"name":"Dossiers","item":"http:\/\/www.cobayous.com\/site\/les-dossiers\/"},{"@type":"ListItem","position":3,"name":"Avant l&rsquo;achat","item":"http:\/\/www.cobayous.com\/site\/les-dossiers\/avant-achat-cobaye\/"},{"@type":"ListItem","position":4,"name":"Rongeurs et Enfants"}]},{"@type":"WebSite","@id":"http:\/\/www.cobayous.com\/site\/#website","url":"http:\/\/www.cobayous.com\/site\/","name":"Les Cobayes Pom&Lolo","description":"","publisher":{"@id":"http:\/\/www.cobayous.com\/site\/#organization"},"potentialAction":[{"@type":"SearchAction","target":{"@type":"EntryPoint","urlTemplate":"http:\/\/www.cobayous.com\/site\/?s={search_term_string}"},"query-input":{"@type":"PropertyValueSpecification","valueRequired":true,"valueName":"search_term_string"}}],"inLanguage":"fr-FR"},{"@type":"Organization","@id":"http:\/\/www.cobayous.com\/site\/#organization","name":"Les Cobayes Pom&Lolo","url":"http:\/\/www.cobayous.com\/site\/","logo":{"@type":"ImageObject","inLanguage":"fr-FR","@id":"http:\/\/www.cobayous.com\/site\/#\/schema\/logo\/image\/","url":"http:\/\/www.cobayous.com\/site\/wp-content\/uploads\/2024\/01\/header-bg.png","contentUrl":"http:\/\/www.cobayous.com\/site\/wp-content\/uploads\/2024\/01\/header-bg.png","width":1022,"height":250,"caption":"Les Cobayes Pom&Lolo"},"image":{"@id":"http:\/\/www.cobayous.com\/site\/#\/schema\/logo\/image\/"}}]}},"_links":{"self":[{"href":"http:\/\/www.cobayous.com\/site\/wp-json\/wp\/v2\/pages\/1216","targetHints":{"allow":["GET"]}}],"collection":[{"href":"http:\/\/www.cobayous.com\/site\/wp-json\/wp\/v2\/pages"}],"about":[{"href":"http:\/\/www.cobayous.com\/site\/wp-json\/wp\/v2\/types\/page"}],"author":[{"embeddable":true,"href":"http:\/\/www.cobayous.com\/site\/wp-json\/wp\/v2\/users\/1"}],"replies":[{"embeddable":true,"href":"http:\/\/www.cobayous.com\/site\/wp-json\/wp\/v2\/comments?post=1216"}],"version-history":[{"count":2,"href":"http:\/\/www.cobayous.com\/site\/wp-json\/wp\/v2\/pages\/1216\/revisions"}],"predecessor-version":[{"id":3655,"href":"http:\/\/www.cobayous.com\/site\/wp-json\/wp\/v2\/pages\/1216\/revisions\/3655"}],"up":[{"embeddable":true,"href":"http:\/\/www.cobayous.com\/site\/wp-json\/wp\/v2\/pages\/74"}],"wp:attachment":[{"href":"http:\/\/www.cobayous.com\/site\/wp-json\/wp\/v2\/media?parent=1216"}],"curies":[{"name":"wp","href":"https:\/\/api.w.org\/{rel}","templated":true}]}}