{"id":1185,"date":"2011-01-16T23:29:12","date_gmt":"2011-01-16T22:29:12","guid":{"rendered":"http:\/\/www.cobayous.com\/site\/"},"modified":"2012-05-20T20:16:36","modified_gmt":"2012-05-20T19:16:36","slug":"soigner-le-cobaye-avec-lhomeopathie","status":"publish","type":"page","link":"http:\/\/www.cobayous.com\/site\/les-dossiers\/speciaux-pratiques\/soigner-le-cobaye-avec-lhomeopathie\/","title":{"rendered":"Soigner le cobaye avec l&rsquo;hom\u00e9opathie"},"content":{"rendered":"<div class=\"column_left200\" style=\"float: left; display: inline; \">\n<div style=\"background: #FFEFCE; border: 1px solid #BD8D46; color: #404040; padding: 0 10px 0 10px; margin-top: 1em; text-align: justify; border-radius: 10px;\">\n<h3><img loading=\"lazy\" decoding=\"async\" class=\"alignleft\" title=\"memo\" src=\"http:\/\/www.cobayous.Com\/site\/wp-content\/uploads\/img\/memo.png\" alt=\"\" width=\"30\" height=\"30\" \/>EN BREF<\/h3>\n <p> L\u2019hom\u00e9opathie peut \u00eatre donn\u00e9e en auto-m\u00e9dication dans les cas les moins graves. Elle peut \u00eatre donn\u00e9e en attente d\u2019une consultation v\u00e9t\u00e9rinaire ou en compl\u00e9mentarit\u00e9 avec le traitement prescrit par le v\u00e9t\u00e9rinaire. <strong> <br \/> \n<\/strong> <\/p> \n<\/div>\n<div style=\"background: #EDF7F2; border: 1px solid #7FC6BC; color: #404040; padding: 0 10px 0 10px; margin-top: 1em; text-align: justify; border-radius: 10px;\">\n <p> <img loading=\"lazy\" decoding=\"async\" class=\"alignleft\" title=\"alire\" src=\"http:\/\/www.cobayous.Com\/site\/wp-content\/uploads\/img\/books.png\" alt=\"\" width=\"30\" height=\"30\" \/> <\/p> \n<h3>A LIRE<\/h3>\n <p> <span style=\"color: #008000;\">Dans la rubrique Maladies :<\/span> <\/p> \n<ul>\n<li><a title=\"Maladies du cobaye : Les constantes\" href=\"http:\/\/www.cobayous.com\/site\/les-dossiers\/les-maladies-du-cobaye\/constantes\/\" rel=\"\">Les constantes<\/a><\/li>\n<li><a title=\"Maladies du cobaye : Maladies de peau\" href=\"http:\/\/www.cobayous.com\/site\/les-dossiers\/les-maladies-du-cobaye\/maladies-de-peau\/\" rel=\"\">Maladies de peau<\/a><\/li>\n<li><a title=\"Maladies du cobaye : Maladies fr\u00e9quentes\" href=\"http:\/\/www.cobayous.com\/site\/les-dossiers\/les-maladies-du-cobaye\/maladies-frequentes\/\" rel=\"\">Maladies fr\u00e9quentes<\/a><\/li>\n<li><a title=\"Maladies du cobaye : Probl\u00e8mes aux yeux\" href=\"http:\/\/www.cobayous.com\/site\/les-dossiers\/les-maladies-du-cobaye\/problemes-yeux\/\">Probl\u00e8mes aux yeux<\/a><\/li>\n<li><a title=\"Maladies du cobaye : Probl\u00e8mes digestifs\" href=\"http:\/\/www.cobayous.com\/site\/les-dossiers\/les-maladies-du-cobaye\/problemes-digestifs\/\" rel=\"\">Probl\u00e8mes digestifs<\/a><\/li>\n<li><a title=\"Maladies du cobaye : Probl\u00e8mes urinaires\" href=\"http:\/\/www.cobayous.com\/site\/les-dossiers\/les-maladies-du-cobaye\/problemes-urinaires\/\" rel=\"\">Probl\u00e8mes urinaires<\/a><\/li>\n<li><a title=\"Le M\u00e9t\u00e9orisme\" href=\"http:\/\/www.cobayous.com\/site\/les-dossiers\/les-maladies-du-cobaye\/le-meteorisme\/\" rel=\"\">Le M\u00e9t\u00e9orisme<\/a><\/li>\n<\/ul>\n <p> <span style=\"color: #008000;\">Dossiers Connexes :<\/span> <\/p> \n<ul>\n<li><a title=\"Maladies : Nourrir un cobaye malade\" href=\"http:\/\/www.cobayous.com\/site\/les-dossiers\/les-maladies-du-cobaye\/nourrir-un-cobaye-malade\/\">Nourrir un cobaye malade<\/a><\/li>\n<li><a title=\"Soigner le cobaye avec l\u2019hom\u00e9opathie\" href=\"http:\/\/www.cobayous.com\/site\/les-dossiers\/soigner-le-cobaye-avec-lhomeopathie\/\">Soigner son cobaye avec l\u2019hom\u00e9opathie<\/a><\/li>\n<li><a title=\"Choix d\u2019un v\u00e9t\u00e9rinaire Nacs (*)\" href=\"http:\/\/www.cobayous.com\/site\/les-dossiers\/speciaux-pratiques\/choix-dun-veterinaire-nacs\/\">Choix d\u2019un v\u00e9t\u00e9rinaire<\/a><\/li>\n<li><a title=\"Euthanasie chez le cochon d\u2019Inde\" href=\"http:\/\/www.cobayous.com\/site\/les-dossiers\/speciaux-pratiques\/euthanasie-chez-le-cochon-dinde\/\">L\u2019euthanasie<\/a><\/li>\n<\/ul>\n<\/div>\n <p> <script type=\"text\/javascript\">\/\/ <![CDATA[\n google_ad_client = \"ca-pub-3631834167777130\"; \/* pometlolosidebardossiers-carre200 *\/ google_ad_slot = \"5353947003\"; google_ad_width = 200; google_ad_height = 200;\n\/\/ ]]><\/script> <br \/> \n<script type=\"text\/javascript\" src=\"http:\/\/pagead2.googlesyndication.com\/pagead\/show_ads.js\">\/\/ <![CDATA[\n\n\n\/\/ ]]><\/script> <\/p> \n<div style=\"background: #ffffff; border: 1px solid #EACFB8; color: #404040; padding: 0 10px 0 10px; margin-top: 1em; text-align: justify; border-radius: 10px;\">\n <p> <img loading=\"lazy\" decoding=\"async\" class=\"alignleft\" src=\"http:\/\/www.cobayous.Com\/site\/wp-content\/uploads\/img\/question.png\" alt=\"\" width=\"30\" height=\"30\" \/> <\/p> \n<h4>DES QUESTIONS ?<\/h4>\n <p> Tu as des questions \u00e0 poser sur les cobayes? Tu souhaites discuter avec nous? <\/p> \n <p> <img loading=\"lazy\" decoding=\"async\" class=\"alignleft\" title=\"talk\" src=\"http:\/\/www.cobayous.com\/site\/wp-content\/uploads\/img\/icon-talk.png\" alt=\"\" width=\"44\" height=\"30\" \/> <a href=\"http:\/\/www.cobayous.Com\/forum\">Rejoins-nous !<\/a> <\/p> \n<\/div>\n <p> <\/div> <br \/> \n<div class=\"column_right728\" style=\"float: left; display: inline; \"> <\/p> \n <p> Ce dossier a \u00e9t\u00e9 initialement <strong>cr\u00e9\u00e9 en Mars 2008<\/strong> par Mary21, Co-Administratrice du <a href=\"http:\/\/www.cobayous.Com\/forum\/index.php\">forum des Cobayes Pom et Lolo<\/a>. <br \/> \nIl a \u00e9t\u00e9 remis en page sur le site en Mai 2009 afin de garder une meilleure lisibilit\u00e9 et de compl\u00e9ter le dossier Maladies car tout le monde ne pense pas forc\u00e9ment \u00e0 aller jeter un oeil sur le forum <img loading=\"lazy\" decoding=\"async\" src=\"http:\/\/www.cobayous.Com\/forum\/images\/smilies\/icon_wink.gif\" alt=\"\" width=\"20\" height=\"20\" \/> <\/p> \n <p> <span style=\"color: #3366ff;\"><span style=\"text-decoration: underline;\"><strong>Qu&rsquo;est-ce que l&rsquo;hom\u00e9opathie ?<\/strong><\/span><\/span> <\/p> \n <p> <img loading=\"lazy\" decoding=\"async\" class=\"alignleft\" title=\"homeo\" src=\"http:\/\/www.cobayous.com\/site\/wp-content\/uploads\/dossiers\/homeopathie-tube1.jpg\" alt=\"\" width=\"170\" height=\"113\" \/>\u00a0L&rsquo;hom\u00e9opathie, c&rsquo;est une solution form\u00e9e \u00e0 partir d&rsquo;une substance v\u00e9g\u00e9tale, min\u00e9rale, animale ou chimique. Le sigle CH (Cent\u00e9simale Hahnemannienne), d\u00e9signe le nombre de fois ou la solution (ou teinture) m\u00e8re a \u00e9t\u00e9 dilu\u00e9e. <\/p> \n <p> <em>L&rsquo;hom\u00e9opathie, c&rsquo;est un peu une \u00ab\u00a0vaccination\u00a0\u00bb : on gu\u00e9rit le mal par le mal. <br \/> \nExemple : pour des allergies au pollens, les granules sont faits \u00e0 partir de pollens (en quantit\u00e9s infimes) afin d&rsquo;aider le corps \u00e0 s&rsquo;y habituer. <br \/> \nPour r\u00e9sumer, on ne combat pas le mal, on apprends au corps \u00e0 vivre avec et \u00e0 s&rsquo;y habituer.<\/em> <\/p> \n <p> <span style=\"color: #3366ff;\"><span style=\"text-decoration: underline;\"><strong>Posologie<\/strong><\/span><\/span> <\/p> \n <p> <img loading=\"lazy\" decoding=\"async\" class=\"alignleft\" src=\"http:\/\/www.cobayous.com\/forum\/images\/smilies\/icon_arrow.gif\" alt=\"\" width=\"15\" height=\"15\" \/>\u00a0Pour les granul\u00e9s hom\u00e9opathique, il est conseill\u00e9 de donner les granules par prise de 5 \u00e0 faire fondre dans un peu d&rsquo;eau et \u00e0 donner \u00e0 la seringue sans aiguille en une fois, \u00e0 donner jusqu&rsquo;\u00e0 deux fois dans la journ\u00e9e si n\u00e9cessaire ; les combinaisons de granules sont donn\u00e9es au nombre de 6. A savoir : les granules peuvent \u00eatre administr\u00e9es aux femelles gestantes ou allaitantes. <\/p> \n <p> <img loading=\"lazy\" decoding=\"async\" class=\"alignleft\" src=\"http:\/\/www.cobayous.com\/forum\/images\/smilies\/icon_arrow.gif\" alt=\"\" width=\"15\" height=\"15\" \/>\u00a0Pour les gouttes, on pr\u00e9conise un minimum de 10 gouttes, certains traitements ayant leur posologie sp\u00e9cifique. <\/p> \n <p> <span style=\"color: #3366ff;\"><span style=\"text-decoration: underline;\"><strong>Les granules trop sucr\u00e9s ?<\/strong><\/span><\/span> <\/p> \n <p> <img loading=\"lazy\" decoding=\"async\" class=\"alignleft\" title=\"sucre\" src=\"http:\/\/www.cobayous.com\/site\/wp-content\/uploads\/dossiers\/homeopathie-sucre1.jpg\" alt=\"\" width=\"88\" height=\"100\" \/>\u00a0Le sujet ayant \u00e9t\u00e9 abord\u00e9 avec Pomelo, je tiens \u00e0 donner la contenance en sucre des granules hom\u00e9opathiques, pour que chacun puisse faire son choix en connaissance de cause : un tube de 80 granul\u00e9s contient 4 grammes de sucre sous la forme de 85% de saccharose et 15% de lactose. A titre de comparaison, un morceau de sucre p\u00e8se 5 grammes. Si on adapte \u00e0 la prise de base de 5 granul\u00e9s, cela donne 0.25 grammes de sucre, en sachant que la dur\u00e9e du traitement ne d\u00e9passe pas plus de quelques semaines en g\u00e9n\u00e9ral. <\/p> \n <p> <span style=\"color: #3366ff;\"><span style=\"text-decoration: underline;\"><strong>L&rsquo;hom\u00e9opathie dans quels cas ?<\/strong><\/span><\/span> <\/p> \n <p> <strong>L&rsquo;hom\u00e9opathie<\/strong> peut \u00eatre donn\u00e9e en<strong> auto-m\u00e9dication<\/strong> dans les <strong>cas les moins graves<\/strong>. Elle peut \u00eatre donn\u00e9e <strong>en attente d&rsquo;une consultation v\u00e9t\u00e9rinaire<\/strong> ou <strong>en compl\u00e9mentarit\u00e9 avec le traitement prescrit par le v\u00e9t\u00e9rinaire<\/strong>. <strong> <br \/> \n<span style=\"color: #ff0000;\">Dans tous les cas, si l&rsquo;auto-m\u00e9dication ne suffit pas, il faut consulter un v\u00e9t\u00e9rinaire, de pr\u00e9f\u00e9rence sp\u00e9cialis\u00e9.<\/span><\/strong> <\/p> \n <p> <span style=\"color: #ff0000;\"><strong>En aucun cas vous ne devez utiliser un m\u00e9dicament hom\u00e9opathique pour une maladie qui n\u00e9cessite une visite v\u00e9t\u00e9rinaire d&rsquo;urgence dans le but de repousser la consultation.<\/strong><\/span> <\/p> \n <p> N&rsquo;h\u00e9sitez pas non plus \u00e0 demander l&rsquo;avis de votre pharmacien en cas de doute. <\/p> \n <p> <a href=\"http:\/\/www.cobayous.com\/site\/les-dossiers\/speciaux-pratiques\/soigner-cobaye-homeopathie-liste-maladies\/\"><img loading=\"lazy\" decoding=\"async\" class=\"aligncenter\" src=\"http:\/\/www.cobayous.com\/site\/wp-content\/uploads\/dossiers\/homeopathie-maladies-liste.jpg\" alt=\"\" width=\"650\" height=\"50\" \/><\/a> <\/p> \n<table width=\"98%\" border=\"1\" align=\"center\">\n<tbody>\n<tr>\n<td>\n<table border=\"0\" align=\"center\">\n<tbody>\n<tr>\n<td valign=\"middle\">Ces informations sont tir\u00e9es du livre <br \/> \n\u00ab\u00a0hom\u00e9opathie &#8211; le chien\u00a0\u00bb aux \u00e9ditions <br \/> \nmarabout pratique ainsi que du livre \u00ab\u00a0Soignez votre chien <br \/> \npar l&rsquo;hom\u00e9opathie\u00a0\u00bb aux \u00e9ditions Vigot..Il existe des v\u00e9t\u00e9rinaires hom\u00e9opathes en <br \/> \nFrance (je ne sais pas pour la Belgique et les autres pays) que <br \/> \nvous pouvez \u00e9galement consulter.<\/td>\n<td valign=\"top\" width=\"130\">\n<div><a href=\"http:\/\/www.amazon.fr\/gp\/product\/2501039963?ie=UTF8&amp;tag=lemodepolo-21&amp;linkCode=as2&amp;camp=1642&amp;creative=6746&amp;creativeASIN=2501039963\" target=\"_blank\"><img loading=\"lazy\" decoding=\"async\" src=\"\/site\/wp-content\/uploads\/dossiers\/livre-homeopathie-chien.jpg\" alt=\"\" width=\"112\" height=\"160\" border=\"0\" \/><\/a><img loading=\"lazy\" decoding=\"async\" style=\"border: none !important; margin: 0px !important;\" src=\"http:\/\/www.assoc-amazon.fr\/e\/ir?t=lemodepolo-21&amp;l=as2&amp;o=8&amp;a=2501039963\" alt=\"\" width=\"1\" height=\"1\" border=\"0\" \/><\/div>\n<\/td>\n<td valign=\"top\" width=\"130\">\n<div><a href=\"http:\/\/www.amazon.fr\/gp\/product\/271141504X?ie=UTF8&amp;tag=lemodepolo-21&amp;linkCode=as2&amp;camp=1642&amp;creative=6746&amp;creativeASIN=271141504X\" target=\"_blank\"><img loading=\"lazy\" decoding=\"async\" src=\"\/site\/wp-content\/uploads\/dossiers\/livre-soignez-votre-chien-homeo.jpg\" alt=\"\" width=\"104\" height=\"160\" border=\"0\" \/><\/a><img loading=\"lazy\" decoding=\"async\" style=\"border: none !important; margin: 0px !important;\" src=\"http:\/\/www.assoc-amazon.fr\/e\/ir?t=lemodepolo-21&amp;l=as2&amp;o=8&amp;a=271141504X\" alt=\"\" width=\"1\" height=\"1\" border=\"0\" \/><\/div>\n<\/td>\n<\/tr>\n<\/tbody>\n<\/table>\n<\/td>\n<\/tr>\n<\/tbody>\n<\/table>\n <p> <a title=\"L\u2019Equipe\" href=\"http:\/\/www.cobayous.com\/site\/qui-sommes-nous\/\"><img loading=\"lazy\" decoding=\"async\" class=\"alignright\" title=\"copyright-pomelo.jpg\" src=\"\/site\/wp-content\/uploads\/dossiers\/copyright-mary21.jpg\" alt=\"copyright-mary21.jpg\" width=\"300\" height=\"50\" border=\"0\" \/><\/a> <br \/> \n<script type=\"text\/javascript\">\/\/ <![CDATA[\n                    google_ad_client = \"ca-pub-3631834167777130\"; \/* 728x90, SITE BAS *\/ google_ad_slot = \"8092157966\"; google_ad_width = 728; google_ad_height = 90;\n\/\/ ]]><\/script> <br \/> \n<script type=\"text\/javascript\" src=\"http:\/\/pagead2.googlesyndication.com\/pagead\/show_ads.js\">\/\/ <![CDATA[\n\n\n\/\/ ]]><\/script> <br \/> \n<\/div><div style='clear: both;'><\/div> <\/p> \n <p> &nbsp; <\/p> \n","protected":false},"excerpt":{"rendered":" <p> &nbsp; <\/p> \n","protected":false},"author":1,"featured_media":0,"parent":1284,"menu_order":3,"comment_status":"closed","ping_status":"open","template":"pg-tpl-no-sidebars.php","meta":{"ngg_post_thumbnail":0,"footnotes":""},"class_list":["post-1185","page","type-page","status-publish","hentry"],"yoast_head":"<!-- This site is optimized with the Yoast SEO plugin v27.1.1 - https:\/\/yoast.com\/product\/yoast-seo-wordpress\/ -->\n<title>Soigner le cobaye avec l&#039;hom\u00e9opathie - Les Cobayes Pom&amp;Lolo<\/title>\n<meta name=\"robots\" content=\"index, follow, max-snippet:-1, max-image-preview:large, max-video-preview:-1\" \/>\n<link rel=\"canonical\" href=\"http:\/\/www.cobayous.com\/site\/les-dossiers\/speciaux-pratiques\/soigner-le-cobaye-avec-lhomeopathie\/\" \/>\n<meta property=\"og:locale\" content=\"fr_FR\" \/>\n<meta property=\"og:type\" content=\"article\" \/>\n<meta property=\"og:title\" content=\"Soigner le cobaye avec l&#039;hom\u00e9opathie - Les Cobayes Pom&amp;Lolo\" \/>\n<meta property=\"og:description\" content=\"&nbsp;\" \/>\n<meta property=\"og:url\" content=\"http:\/\/www.cobayous.com\/site\/les-dossiers\/speciaux-pratiques\/soigner-le-cobaye-avec-lhomeopathie\/\" \/>\n<meta property=\"og:site_name\" content=\"Les Cobayes Pom&amp;Lolo\" \/>\n<meta property=\"article:modified_time\" content=\"2012-05-20T19:16:36+00:00\" \/>\n<meta property=\"og:image\" content=\"http:\/\/www.cobayous.Com\/site\/wp-content\/uploads\/img\/memo.png\" \/>\n<meta name=\"twitter:card\" content=\"summary_large_image\" \/>\n<meta name=\"twitter:label1\" content=\"Dur\u00e9e de lecture estim\u00e9e\" \/>\n\t<meta name=\"twitter:data1\" content=\"3 minutes\" \/>\n<script type=\"application\/ld+json\" class=\"yoast-schema-graph\">{\"@context\":\"https:\/\/schema.org\",\"@graph\":[{\"@type\":\"WebPage\",\"@id\":\"http:\/\/www.cobayous.com\/site\/les-dossiers\/speciaux-pratiques\/soigner-le-cobaye-avec-lhomeopathie\/\",\"url\":\"http:\/\/www.cobayous.com\/site\/les-dossiers\/speciaux-pratiques\/soigner-le-cobaye-avec-lhomeopathie\/\",\"name\":\"Soigner le cobaye avec l'hom\u00e9opathie - Les Cobayes Pom&amp;Lolo\",\"isPartOf\":{\"@id\":\"http:\/\/www.cobayous.com\/site\/#website\"},\"primaryImageOfPage\":{\"@id\":\"http:\/\/www.cobayous.com\/site\/les-dossiers\/speciaux-pratiques\/soigner-le-cobaye-avec-lhomeopathie\/#primaryimage\"},\"image\":{\"@id\":\"http:\/\/www.cobayous.com\/site\/les-dossiers\/speciaux-pratiques\/soigner-le-cobaye-avec-lhomeopathie\/#primaryimage\"},\"thumbnailUrl\":\"http:\/\/www.cobayous.Com\/site\/wp-content\/uploads\/img\/memo.png\",\"datePublished\":\"2011-01-16T22:29:12+00:00\",\"dateModified\":\"2012-05-20T19:16:36+00:00\",\"breadcrumb\":{\"@id\":\"http:\/\/www.cobayous.com\/site\/les-dossiers\/speciaux-pratiques\/soigner-le-cobaye-avec-lhomeopathie\/#breadcrumb\"},\"inLanguage\":\"fr-FR\",\"potentialAction\":[{\"@type\":\"ReadAction\",\"target\":[\"http:\/\/www.cobayous.com\/site\/les-dossiers\/speciaux-pratiques\/soigner-le-cobaye-avec-lhomeopathie\/\"]}]},{\"@type\":\"ImageObject\",\"inLanguage\":\"fr-FR\",\"@id\":\"http:\/\/www.cobayous.com\/site\/les-dossiers\/speciaux-pratiques\/soigner-le-cobaye-avec-lhomeopathie\/#primaryimage\",\"url\":\"http:\/\/www.cobayous.Com\/site\/wp-content\/uploads\/img\/memo.png\",\"contentUrl\":\"http:\/\/www.cobayous.Com\/site\/wp-content\/uploads\/img\/memo.png\"},{\"@type\":\"BreadcrumbList\",\"@id\":\"http:\/\/www.cobayous.com\/site\/les-dossiers\/speciaux-pratiques\/soigner-le-cobaye-avec-lhomeopathie\/#breadcrumb\",\"itemListElement\":[{\"@type\":\"ListItem\",\"position\":1,\"name\":\"Accueil\",\"item\":\"http:\/\/www.cobayous.com\/site\/\"},{\"@type\":\"ListItem\",\"position\":2,\"name\":\"Dossiers\",\"item\":\"http:\/\/www.cobayous.com\/site\/les-dossiers\/\"},{\"@type\":\"ListItem\",\"position\":3,\"name\":\"Dossiers sp\u00e9ciaux \/ Pratiques\",\"item\":\"http:\/\/www.cobayous.com\/site\/les-dossiers\/speciaux-pratiques\/\"},{\"@type\":\"ListItem\",\"position\":4,\"name\":\"Soigner le cobaye avec l&rsquo;hom\u00e9opathie\"}]},{\"@type\":\"WebSite\",\"@id\":\"http:\/\/www.cobayous.com\/site\/#website\",\"url\":\"http:\/\/www.cobayous.com\/site\/\",\"name\":\"Les Cobayes Pom&Lolo\",\"description\":\"\",\"publisher\":{\"@id\":\"http:\/\/www.cobayous.com\/site\/#organization\"},\"potentialAction\":[{\"@type\":\"SearchAction\",\"target\":{\"@type\":\"EntryPoint\",\"urlTemplate\":\"http:\/\/www.cobayous.com\/site\/?s={search_term_string}\"},\"query-input\":{\"@type\":\"PropertyValueSpecification\",\"valueRequired\":true,\"valueName\":\"search_term_string\"}}],\"inLanguage\":\"fr-FR\"},{\"@type\":\"Organization\",\"@id\":\"http:\/\/www.cobayous.com\/site\/#organization\",\"name\":\"Les Cobayes Pom&Lolo\",\"url\":\"http:\/\/www.cobayous.com\/site\/\",\"logo\":{\"@type\":\"ImageObject\",\"inLanguage\":\"fr-FR\",\"@id\":\"http:\/\/www.cobayous.com\/site\/#\/schema\/logo\/image\/\",\"url\":\"http:\/\/www.cobayous.com\/site\/wp-content\/uploads\/2024\/01\/header-bg.png\",\"contentUrl\":\"http:\/\/www.cobayous.com\/site\/wp-content\/uploads\/2024\/01\/header-bg.png\",\"width\":1022,\"height\":250,\"caption\":\"Les Cobayes Pom&Lolo\"},\"image\":{\"@id\":\"http:\/\/www.cobayous.com\/site\/#\/schema\/logo\/image\/\"}}]}<\/script>\n<!-- \/ Yoast SEO plugin. -->","yoast_head_json":{"title":"Soigner le cobaye avec l'hom\u00e9opathie - Les Cobayes Pom&amp;Lolo","robots":{"index":"index","follow":"follow","max-snippet":"max-snippet:-1","max-image-preview":"max-image-preview:large","max-video-preview":"max-video-preview:-1"},"canonical":"http:\/\/www.cobayous.com\/site\/les-dossiers\/speciaux-pratiques\/soigner-le-cobaye-avec-lhomeopathie\/","og_locale":"fr_FR","og_type":"article","og_title":"Soigner le cobaye avec l'hom\u00e9opathie - Les Cobayes Pom&amp;Lolo","og_description":"&nbsp;","og_url":"http:\/\/www.cobayous.com\/site\/les-dossiers\/speciaux-pratiques\/soigner-le-cobaye-avec-lhomeopathie\/","og_site_name":"Les Cobayes Pom&amp;Lolo","article_modified_time":"2012-05-20T19:16:36+00:00","og_image":[{"url":"http:\/\/www.cobayous.Com\/site\/wp-content\/uploads\/img\/memo.png","type":"","width":"","height":""}],"twitter_card":"summary_large_image","twitter_misc":{"Dur\u00e9e de lecture estim\u00e9e":"3 minutes"},"schema":{"@context":"https:\/\/schema.org","@graph":[{"@type":"WebPage","@id":"http:\/\/www.cobayous.com\/site\/les-dossiers\/speciaux-pratiques\/soigner-le-cobaye-avec-lhomeopathie\/","url":"http:\/\/www.cobayous.com\/site\/les-dossiers\/speciaux-pratiques\/soigner-le-cobaye-avec-lhomeopathie\/","name":"Soigner le cobaye avec l'hom\u00e9opathie - Les Cobayes Pom&amp;Lolo","isPartOf":{"@id":"http:\/\/www.cobayous.com\/site\/#website"},"primaryImageOfPage":{"@id":"http:\/\/www.cobayous.com\/site\/les-dossiers\/speciaux-pratiques\/soigner-le-cobaye-avec-lhomeopathie\/#primaryimage"},"image":{"@id":"http:\/\/www.cobayous.com\/site\/les-dossiers\/speciaux-pratiques\/soigner-le-cobaye-avec-lhomeopathie\/#primaryimage"},"thumbnailUrl":"http:\/\/www.cobayous.Com\/site\/wp-content\/uploads\/img\/memo.png","datePublished":"2011-01-16T22:29:12+00:00","dateModified":"2012-05-20T19:16:36+00:00","breadcrumb":{"@id":"http:\/\/www.cobayous.com\/site\/les-dossiers\/speciaux-pratiques\/soigner-le-cobaye-avec-lhomeopathie\/#breadcrumb"},"inLanguage":"fr-FR","potentialAction":[{"@type":"ReadAction","target":["http:\/\/www.cobayous.com\/site\/les-dossiers\/speciaux-pratiques\/soigner-le-cobaye-avec-lhomeopathie\/"]}]},{"@type":"ImageObject","inLanguage":"fr-FR","@id":"http:\/\/www.cobayous.com\/site\/les-dossiers\/speciaux-pratiques\/soigner-le-cobaye-avec-lhomeopathie\/#primaryimage","url":"http:\/\/www.cobayous.Com\/site\/wp-content\/uploads\/img\/memo.png","contentUrl":"http:\/\/www.cobayous.Com\/site\/wp-content\/uploads\/img\/memo.png"},{"@type":"BreadcrumbList","@id":"http:\/\/www.cobayous.com\/site\/les-dossiers\/speciaux-pratiques\/soigner-le-cobaye-avec-lhomeopathie\/#breadcrumb","itemListElement":[{"@type":"ListItem","position":1,"name":"Accueil","item":"http:\/\/www.cobayous.com\/site\/"},{"@type":"ListItem","position":2,"name":"Dossiers","item":"http:\/\/www.cobayous.com\/site\/les-dossiers\/"},{"@type":"ListItem","position":3,"name":"Dossiers sp\u00e9ciaux \/ Pratiques","item":"http:\/\/www.cobayous.com\/site\/les-dossiers\/speciaux-pratiques\/"},{"@type":"ListItem","position":4,"name":"Soigner le cobaye avec l&rsquo;hom\u00e9opathie"}]},{"@type":"WebSite","@id":"http:\/\/www.cobayous.com\/site\/#website","url":"http:\/\/www.cobayous.com\/site\/","name":"Les Cobayes Pom&Lolo","description":"","publisher":{"@id":"http:\/\/www.cobayous.com\/site\/#organization"},"potentialAction":[{"@type":"SearchAction","target":{"@type":"EntryPoint","urlTemplate":"http:\/\/www.cobayous.com\/site\/?s={search_term_string}"},"query-input":{"@type":"PropertyValueSpecification","valueRequired":true,"valueName":"search_term_string"}}],"inLanguage":"fr-FR"},{"@type":"Organization","@id":"http:\/\/www.cobayous.com\/site\/#organization","name":"Les Cobayes Pom&Lolo","url":"http:\/\/www.cobayous.com\/site\/","logo":{"@type":"ImageObject","inLanguage":"fr-FR","@id":"http:\/\/www.cobayous.com\/site\/#\/schema\/logo\/image\/","url":"http:\/\/www.cobayous.com\/site\/wp-content\/uploads\/2024\/01\/header-bg.png","contentUrl":"http:\/\/www.cobayous.com\/site\/wp-content\/uploads\/2024\/01\/header-bg.png","width":1022,"height":250,"caption":"Les Cobayes Pom&Lolo"},"image":{"@id":"http:\/\/www.cobayous.com\/site\/#\/schema\/logo\/image\/"}}]}},"_links":{"self":[{"href":"http:\/\/www.cobayous.com\/site\/wp-json\/wp\/v2\/pages\/1185","targetHints":{"allow":["GET"]}}],"collection":[{"href":"http:\/\/www.cobayous.com\/site\/wp-json\/wp\/v2\/pages"}],"about":[{"href":"http:\/\/www.cobayous.com\/site\/wp-json\/wp\/v2\/types\/page"}],"author":[{"embeddable":true,"href":"http:\/\/www.cobayous.com\/site\/wp-json\/wp\/v2\/users\/1"}],"replies":[{"embeddable":true,"href":"http:\/\/www.cobayous.com\/site\/wp-json\/wp\/v2\/comments?post=1185"}],"version-history":[{"count":0,"href":"http:\/\/www.cobayous.com\/site\/wp-json\/wp\/v2\/pages\/1185\/revisions"}],"up":[{"embeddable":true,"href":"http:\/\/www.cobayous.com\/site\/wp-json\/wp\/v2\/pages\/1284"}],"wp:attachment":[{"href":"http:\/\/www.cobayous.com\/site\/wp-json\/wp\/v2\/media?parent=1185"}],"curies":[{"name":"wp","href":"https:\/\/api.w.org\/{rel}","templated":true}]}}