{"id":1183,"date":"2011-01-16T23:24:18","date_gmt":"2011-01-16T22:24:18","guid":{"rendered":"http:\/\/www.cobayous.com\/site\/"},"modified":"2012-05-20T15:51:36","modified_gmt":"2012-05-20T14:51:36","slug":"le-meteorisme","status":"publish","type":"page","link":"http:\/\/www.cobayous.com\/site\/les-dossiers\/les-maladies-du-cobaye\/le-meteorisme\/","title":{"rendered":"Le M\u00e9t\u00e9orisme"},"content":{"rendered":"<div class=\"column_left200\" style=\"float: left; display: inline; \">\n<div style=\"background: #FFEFCE; border: 1px solid #BD8D46; color: #404040; padding: 0 10px 0 10px; margin-top: 1em; text-align: justify; border-radius: 10px;\">\n<h3><img loading=\"lazy\" decoding=\"async\" class=\"alignleft\" title=\"memo\" src=\"http:\/\/www.cobayous.Com\/site\/wp-content\/uploads\/img\/memo.png\" alt=\"\" width=\"30\" height=\"30\" \/>EN BREF<\/h3>\n <p> Si vous observez les sympt\u00f4mes du m\u00e9t\u00e9orisme sur votre cobaye, consultez un v\u00e9t\u00e9rinaire en urgence. <\/p> \n<\/div>\n<div style=\"background: #EDF7F2; border: 1px solid #7FC6BC; color: #404040; padding: 0 10px 0 10px; margin-top: 1em; text-align: justify; border-radius: 10px;\">\n <p> <img loading=\"lazy\" decoding=\"async\" class=\"alignleft\" title=\"alire\" src=\"http:\/\/www.cobayous.Com\/site\/wp-content\/uploads\/img\/books.png\" alt=\"\" width=\"30\" height=\"30\" \/> <\/p> \n<h3>A LIRE<\/h3>\n <p> <span style=\"color: #008000;\">Dans la rubrique Maladies :<\/span> <\/p> \n<ul>\n<li><a title=\"Maladies du cobaye : Les constantes\" href=\"http:\/\/www.cobayous.com\/site\/les-dossiers\/les-maladies-du-cobaye\/constantes\/\" rel=\"\">Les constantes<\/a><\/li>\n<li><a title=\"Maladies du cobaye : Maladies de peau\" href=\"http:\/\/www.cobayous.com\/site\/les-dossiers\/les-maladies-du-cobaye\/maladies-de-peau\/\" rel=\"\">Maladies de peau<\/a><\/li>\n<li><a title=\"Maladies du cobaye : Maladies fr\u00e9quentes\" href=\"http:\/\/www.cobayous.com\/site\/les-dossiers\/les-maladies-du-cobaye\/maladies-frequentes\/\" rel=\"\">Maladies fr\u00e9quentes<\/a><\/li>\n<li><a title=\"Maladies du cobaye : Probl\u00e8mes aux yeux\" href=\"http:\/\/www.cobayous.com\/site\/les-dossiers\/les-maladies-du-cobaye\/problemes-yeux\/\" rel=\"\">Probl\u00e8mes aux yeux<\/a><\/li>\n<li><a title=\"Maladies du cobaye : Probl\u00e8mes digestifs\" href=\"http:\/\/www.cobayous.com\/site\/les-dossiers\/les-maladies-du-cobaye\/problemes-digestifs\/\" rel=\"\">Probl\u00e8mes digestifs<\/a><\/li>\n<li><a title=\"Maladies du cobaye : Probl\u00e8mes urinaires\" href=\"http:\/\/www.cobayous.com\/site\/les-dossiers\/les-maladies-du-cobaye\/problemes-urinaires\/\" rel=\"\">Probl\u00e8mes urinaires<\/a><\/li>\n<li>Le M\u00e9t\u00e9orisme<\/li>\n<\/ul>\n <p> <span style=\"color: #008000;\">Dossiers Connexes :<\/span> <\/p> \n<ul>\n<li><a title=\"Maladies : Nourrir un cobaye malade\" href=\"http:\/\/www.cobayous.com\/site\/les-dossiers\/les-maladies-du-cobaye\/nourrir-un-cobaye-malade\/\">Nourrir un cobaye malade<\/a><\/li>\n<li><a title=\"Soigner le cobaye avec l\u2019hom\u00e9opathie\" href=\"http:\/\/www.cobayous.com\/site\/les-dossiers\/soigner-le-cobaye-avec-lhomeopathie\/\">Soigner son cobaye avec l\u2019hom\u00e9opathie<\/a><\/li>\n<li><a title=\"Choix d\u2019un v\u00e9t\u00e9rinaire Nacs (*)\" href=\"http:\/\/www.cobayous.com\/site\/les-dossiers\/speciaux-pratiques\/choix-dun-veterinaire-nacs\/\">Choix d\u2019un v\u00e9t\u00e9rinaire<\/a><\/li>\n<li><a title=\"Euthanasie chez le cochon d\u2019Inde\" href=\"http:\/\/www.cobayous.com\/site\/les-dossiers\/speciaux-pratiques\/euthanasie-chez-le-cochon-dinde\/\">L\u2019euthanasie<\/a><\/li>\n<\/ul>\n<\/div>\n <p> <script type=\"text\/javascript\">\/\/ <![CDATA[\n google_ad_client = \"ca-pub-3631834167777130\"; \/* pometlolosidebardossiers-carre200 *\/ google_ad_slot = \"5353947003\"; google_ad_width = 200; google_ad_height = 200;\n\/\/ ]]><\/script> <br \/> \n<script type=\"text\/javascript\" src=\"http:\/\/pagead2.googlesyndication.com\/pagead\/show_ads.js\">\/\/ <![CDATA[\n\n\/\/ ]]><\/script> <\/p> \n<div style=\"background: #ffffff; border: 1px solid #EACFB8; color: #404040; padding: 0 10px 0 10px; margin-top: 1em; text-align: justify; border-radius: 10px;\">\n <p> <img loading=\"lazy\" decoding=\"async\" class=\"alignleft\" src=\"http:\/\/www.cobayous.Com\/site\/wp-content\/uploads\/img\/question.png\" alt=\"\" width=\"30\" height=\"30\" \/> <\/p> \n<h4>DES QUESTIONS ?<\/h4>\n <p> Tu as des questions \u00e0 poser sur les cobayes? Tu souhaites discuter avec nous? <\/p> \n <p> <img loading=\"lazy\" decoding=\"async\" class=\"alignleft\" title=\"talk\" src=\"http:\/\/www.cobayous.com\/site\/wp-content\/uploads\/img\/icon-talk.png\" alt=\"\" width=\"44\" height=\"30\" \/> <a href=\"http:\/\/www.cobayous.Com\/forum\">Rejoins-nous !<\/a> <\/p> \n<\/div>\n <p> <\/div> <br \/> \n<div class=\"column_right728\" style=\"float: left; display: inline; \"> <\/p> \n <p> Le M\u00e9t\u00e9orisme est une maladie qui touche entre autre les cobayes. <br \/> \nC&rsquo;est un trouble digestif qui n\u00e9cessite de consulter un v\u00e9t\u00e9rinaire de toute urgence afin qu&rsquo;il prescrive \u00e0 votre cobaye le traitement adapt\u00e9. <\/p> \n <p> <span style=\"color: #3366ff;\"><span style=\"text-decoration: underline;\"><strong><a id=\"definition\" name=\"definition\"><\/a>D\u00e9finition du m\u00e9t\u00e9orisme<\/strong><\/span><\/span> <\/p> \n <p> Pour r\u00e9sumer, le m\u00e9t\u00e9orisme peut se produire, par exemple, lors d&rsquo;une constipation. <br \/> \nLes aliments ing\u00e9r\u00e9s stagnent dans l&rsquo;intestin et, comme le syst\u00e8me digestif ne fonctionne plus correctement, il y a fermentation donc, formation et accumulation de gaz. <br \/> \nCes gaz sont tr\u00e8s dangereux pour le cobaye car, il lui est impossible de les \u00e9vacuer, que ce soit par la bouche ou par l&rsquo;anus. <br \/> \nSi ils ne sont pas \u00e9vacu\u00e9s, le ventre de l&rsquo;animal gonfle et, peut comprimer les organes autour. <br \/> \nLe cobaye peut dont avoir des difficult\u00e9s \u00e0 respirer ou d&rsquo;autres probl\u00e8mes en fonction de la localisation des gaz. <br \/> \nC&rsquo;est la raison pour laquelle il faut de toute urgence consulter un v\u00e9t\u00e9rinaire qui prescrira un traitement adapt\u00e9, bien que ce genre d&rsquo;affection soit souvent malheureusement mortelle. <br \/> \nUn cobaye atteint de m\u00e9t\u00e9orisme peut partir en quelques jours, souvent moins d&rsquo;une semaine. <\/p> \n <p> <span style=\"color: #3366ff;\"><span style=\"text-decoration: underline;\"><strong><a id=\"causes\" name=\"causes\"><\/a>Les Causes du m\u00e9t\u00e9orisme<\/strong><\/span><\/span> <\/p> \n <p> Les causes sont presque toujours li\u00e9es \u00e0 l&rsquo;alimentation <br \/> \n&#8211; changement brutal d&rsquo;alimentation <br \/> \n&#8211; consommation excessive de fruits\/verdure <br \/> \n&#8211; ingestion d&rsquo;aliments mouill\u00e9s (mal essuy\u00e9s), froids (sortant du r\u00e9frig\u00e9rateur) ou pourris <br \/> \n&#8211; changement brusque de foin (foin trop vert\/frais par rapport au foin donn\u00e9 habituellement) <br \/> \n&#8211; arr\u00eat du transit de l&rsquo;animal <\/p> \n <p> <span style=\"color: #3366ff;\"><span style=\"text-decoration: underline;\"><strong><a id=\"symptomes\" name=\"symptomes\"><\/a>Les sympt\u00f4mes<\/strong><\/span><\/span> <\/p> \n <p> Les sympt\u00f4mes du m\u00e9t\u00e9orisme sont les suivants <br \/> \n&#8211; le cobaye ne s&rsquo;alimente plus, ne fait plus ses besoins (constipation) <br \/> \n&#8211; le cobaye a le ventre gonfl\u00e9 <br \/> \n&#8211; sa respiration s&rsquo;acc\u00e9l\u00e8re et, dans le pire des cas, on voit le ventre bouger tr\u00e8s fort pendant la respiration (un peu comme un ballon qu&rsquo;on gonflerai et qu&rsquo;on d\u00e9gonflerai) <br \/> \n&#8211; il se peut qu&rsquo;il pousse de petits cris, qu&rsquo;il g\u00e9misse mais, assez doucement <\/p> \n <p> <span style=\"color: #3366ff;\"><span style=\"text-decoration: underline;\"><strong><a id=\"premierssoins\" name=\"premierssoins\"><\/a>Les \u00ab\u00a0premiers soins\u00a0\u00bb<\/strong><\/span><\/span> <\/p> \n <p> Voici quelques conseils de premier secours que vous pouvez suivre si vous observez ce genre de sympt\u00f4mes chez votre cobaye <br \/> \n&#8211; stopper les fruits et l\u00e9gumes <br \/> \n&#8211; ne donner que du foin et de l&rsquo;eau avec un suppl\u00e9ment en vitamine C <br \/> \n&#8211; une infusion de foin peut aider un peu le transit (faire bouillir de l&rsquo;eau avec du foin pendant environ 5 minutes, laisser refroidir et, le donner \u00e0 boire au cobaye) <br \/> \n&#8211; CONSULTER UN V\u00c9T\u00c9RINAIRE DE TOUTE URGENCE et de pr\u00e9f\u00e9rence sp\u00e9cialis\u00e9 NAC (nouveaux animaux de compagnie) <br \/> \nN&rsquo;h\u00e9sitez pas \u00e0 lui faire part de vos craintes sur un \u00e9ventuel m\u00e9t\u00e9orisme, cela peut parfois acc\u00e9l\u00e9rer le diagnostic. <\/p> \n <p> <a href=\"http:\/\/www.cobayous.com\/site\/qui-sommes-nous\/\"><img loading=\"lazy\" decoding=\"async\" class=\"alignright\" title=\"copyright-pomelo.jpg\" src=\"\/site\/wp-content\/uploads\/dossiers\/copyright-pomelo.jpg\" alt=\"copyright-pomelo.jpg\" width=\"275\" height=\"50\" border=\"0\" \/><\/a> <\/p> \n <p> <script type=\"text\/javascript\">\/\/ <![CDATA[\n                   google_ad_client = \"ca-pub-3631834167777130\"; \/* 728x90, SITE BAS *\/ google_ad_slot = \"8092157966\"; google_ad_width = 728; google_ad_height = 90;\n\/\/ ]]><\/script> <br \/> \n<script type=\"text\/javascript\" src=\"http:\/\/pagead2.googlesyndication.com\/pagead\/show_ads.js\">\/\/ <![CDATA[\n\n\/\/ ]]><\/script> <br \/> \n<\/div><div style='clear: both;'><\/div> <\/p> \n","protected":false},"excerpt":{"rendered":"","protected":false},"author":1,"featured_media":0,"parent":1145,"menu_order":16,"comment_status":"closed","ping_status":"open","template":"pg-tpl-no-sidebars.php","meta":{"ngg_post_thumbnail":0,"footnotes":""},"class_list":["post-1183","page","type-page","status-publish","hentry"],"yoast_head":"<!-- This site is optimized with the Yoast SEO plugin v27.1.1 - https:\/\/yoast.com\/product\/yoast-seo-wordpress\/ -->\n<title>Le M\u00e9t\u00e9orisme - Les Cobayes Pom&amp;Lolo<\/title>\n<meta name=\"robots\" content=\"index, follow, max-snippet:-1, max-image-preview:large, max-video-preview:-1\" \/>\n<link rel=\"canonical\" href=\"http:\/\/www.cobayous.com\/site\/les-dossiers\/les-maladies-du-cobaye\/le-meteorisme\/\" \/>\n<meta property=\"og:locale\" content=\"fr_FR\" \/>\n<meta property=\"og:type\" content=\"article\" \/>\n<meta property=\"og:title\" content=\"Le M\u00e9t\u00e9orisme - Les Cobayes Pom&amp;Lolo\" \/>\n<meta property=\"og:url\" content=\"http:\/\/www.cobayous.com\/site\/les-dossiers\/les-maladies-du-cobaye\/le-meteorisme\/\" \/>\n<meta property=\"og:site_name\" content=\"Les Cobayes Pom&amp;Lolo\" \/>\n<meta property=\"article:modified_time\" content=\"2012-05-20T14:51:36+00:00\" \/>\n<meta property=\"og:image\" content=\"http:\/\/www.cobayous.Com\/site\/wp-content\/uploads\/img\/memo.png\" \/>\n<meta name=\"twitter:card\" content=\"summary_large_image\" \/>\n<meta name=\"twitter:label1\" content=\"Dur\u00e9e de lecture estim\u00e9e\" \/>\n\t<meta name=\"twitter:data1\" content=\"3 minutes\" \/>\n<script type=\"application\/ld+json\" class=\"yoast-schema-graph\">{\"@context\":\"https:\/\/schema.org\",\"@graph\":[{\"@type\":\"WebPage\",\"@id\":\"http:\/\/www.cobayous.com\/site\/les-dossiers\/les-maladies-du-cobaye\/le-meteorisme\/\",\"url\":\"http:\/\/www.cobayous.com\/site\/les-dossiers\/les-maladies-du-cobaye\/le-meteorisme\/\",\"name\":\"Le M\u00e9t\u00e9orisme - Les Cobayes Pom&amp;Lolo\",\"isPartOf\":{\"@id\":\"http:\/\/www.cobayous.com\/site\/#website\"},\"primaryImageOfPage\":{\"@id\":\"http:\/\/www.cobayous.com\/site\/les-dossiers\/les-maladies-du-cobaye\/le-meteorisme\/#primaryimage\"},\"image\":{\"@id\":\"http:\/\/www.cobayous.com\/site\/les-dossiers\/les-maladies-du-cobaye\/le-meteorisme\/#primaryimage\"},\"thumbnailUrl\":\"http:\/\/www.cobayous.Com\/site\/wp-content\/uploads\/img\/memo.png\",\"datePublished\":\"2011-01-16T22:24:18+00:00\",\"dateModified\":\"2012-05-20T14:51:36+00:00\",\"breadcrumb\":{\"@id\":\"http:\/\/www.cobayous.com\/site\/les-dossiers\/les-maladies-du-cobaye\/le-meteorisme\/#breadcrumb\"},\"inLanguage\":\"fr-FR\",\"potentialAction\":[{\"@type\":\"ReadAction\",\"target\":[\"http:\/\/www.cobayous.com\/site\/les-dossiers\/les-maladies-du-cobaye\/le-meteorisme\/\"]}]},{\"@type\":\"ImageObject\",\"inLanguage\":\"fr-FR\",\"@id\":\"http:\/\/www.cobayous.com\/site\/les-dossiers\/les-maladies-du-cobaye\/le-meteorisme\/#primaryimage\",\"url\":\"http:\/\/www.cobayous.Com\/site\/wp-content\/uploads\/img\/memo.png\",\"contentUrl\":\"http:\/\/www.cobayous.Com\/site\/wp-content\/uploads\/img\/memo.png\"},{\"@type\":\"BreadcrumbList\",\"@id\":\"http:\/\/www.cobayous.com\/site\/les-dossiers\/les-maladies-du-cobaye\/le-meteorisme\/#breadcrumb\",\"itemListElement\":[{\"@type\":\"ListItem\",\"position\":1,\"name\":\"Accueil\",\"item\":\"http:\/\/www.cobayous.com\/site\/\"},{\"@type\":\"ListItem\",\"position\":2,\"name\":\"Dossiers\",\"item\":\"http:\/\/www.cobayous.com\/site\/les-dossiers\/\"},{\"@type\":\"ListItem\",\"position\":3,\"name\":\"Maladies du Cobaye\",\"item\":\"http:\/\/www.cobayous.com\/site\/les-dossiers\/les-maladies-du-cobaye\/\"},{\"@type\":\"ListItem\",\"position\":4,\"name\":\"Le M\u00e9t\u00e9orisme\"}]},{\"@type\":\"WebSite\",\"@id\":\"http:\/\/www.cobayous.com\/site\/#website\",\"url\":\"http:\/\/www.cobayous.com\/site\/\",\"name\":\"Les Cobayes Pom&Lolo\",\"description\":\"\",\"publisher\":{\"@id\":\"http:\/\/www.cobayous.com\/site\/#organization\"},\"potentialAction\":[{\"@type\":\"SearchAction\",\"target\":{\"@type\":\"EntryPoint\",\"urlTemplate\":\"http:\/\/www.cobayous.com\/site\/?s={search_term_string}\"},\"query-input\":{\"@type\":\"PropertyValueSpecification\",\"valueRequired\":true,\"valueName\":\"search_term_string\"}}],\"inLanguage\":\"fr-FR\"},{\"@type\":\"Organization\",\"@id\":\"http:\/\/www.cobayous.com\/site\/#organization\",\"name\":\"Les Cobayes Pom&Lolo\",\"url\":\"http:\/\/www.cobayous.com\/site\/\",\"logo\":{\"@type\":\"ImageObject\",\"inLanguage\":\"fr-FR\",\"@id\":\"http:\/\/www.cobayous.com\/site\/#\/schema\/logo\/image\/\",\"url\":\"http:\/\/www.cobayous.com\/site\/wp-content\/uploads\/2024\/01\/header-bg.png\",\"contentUrl\":\"http:\/\/www.cobayous.com\/site\/wp-content\/uploads\/2024\/01\/header-bg.png\",\"width\":1022,\"height\":250,\"caption\":\"Les Cobayes Pom&Lolo\"},\"image\":{\"@id\":\"http:\/\/www.cobayous.com\/site\/#\/schema\/logo\/image\/\"}}]}<\/script>\n<!-- \/ Yoast SEO plugin. -->","yoast_head_json":{"title":"Le M\u00e9t\u00e9orisme - Les Cobayes Pom&amp;Lolo","robots":{"index":"index","follow":"follow","max-snippet":"max-snippet:-1","max-image-preview":"max-image-preview:large","max-video-preview":"max-video-preview:-1"},"canonical":"http:\/\/www.cobayous.com\/site\/les-dossiers\/les-maladies-du-cobaye\/le-meteorisme\/","og_locale":"fr_FR","og_type":"article","og_title":"Le M\u00e9t\u00e9orisme - Les Cobayes Pom&amp;Lolo","og_url":"http:\/\/www.cobayous.com\/site\/les-dossiers\/les-maladies-du-cobaye\/le-meteorisme\/","og_site_name":"Les Cobayes Pom&amp;Lolo","article_modified_time":"2012-05-20T14:51:36+00:00","og_image":[{"url":"http:\/\/www.cobayous.Com\/site\/wp-content\/uploads\/img\/memo.png","type":"","width":"","height":""}],"twitter_card":"summary_large_image","twitter_misc":{"Dur\u00e9e de lecture estim\u00e9e":"3 minutes"},"schema":{"@context":"https:\/\/schema.org","@graph":[{"@type":"WebPage","@id":"http:\/\/www.cobayous.com\/site\/les-dossiers\/les-maladies-du-cobaye\/le-meteorisme\/","url":"http:\/\/www.cobayous.com\/site\/les-dossiers\/les-maladies-du-cobaye\/le-meteorisme\/","name":"Le M\u00e9t\u00e9orisme - Les Cobayes Pom&amp;Lolo","isPartOf":{"@id":"http:\/\/www.cobayous.com\/site\/#website"},"primaryImageOfPage":{"@id":"http:\/\/www.cobayous.com\/site\/les-dossiers\/les-maladies-du-cobaye\/le-meteorisme\/#primaryimage"},"image":{"@id":"http:\/\/www.cobayous.com\/site\/les-dossiers\/les-maladies-du-cobaye\/le-meteorisme\/#primaryimage"},"thumbnailUrl":"http:\/\/www.cobayous.Com\/site\/wp-content\/uploads\/img\/memo.png","datePublished":"2011-01-16T22:24:18+00:00","dateModified":"2012-05-20T14:51:36+00:00","breadcrumb":{"@id":"http:\/\/www.cobayous.com\/site\/les-dossiers\/les-maladies-du-cobaye\/le-meteorisme\/#breadcrumb"},"inLanguage":"fr-FR","potentialAction":[{"@type":"ReadAction","target":["http:\/\/www.cobayous.com\/site\/les-dossiers\/les-maladies-du-cobaye\/le-meteorisme\/"]}]},{"@type":"ImageObject","inLanguage":"fr-FR","@id":"http:\/\/www.cobayous.com\/site\/les-dossiers\/les-maladies-du-cobaye\/le-meteorisme\/#primaryimage","url":"http:\/\/www.cobayous.Com\/site\/wp-content\/uploads\/img\/memo.png","contentUrl":"http:\/\/www.cobayous.Com\/site\/wp-content\/uploads\/img\/memo.png"},{"@type":"BreadcrumbList","@id":"http:\/\/www.cobayous.com\/site\/les-dossiers\/les-maladies-du-cobaye\/le-meteorisme\/#breadcrumb","itemListElement":[{"@type":"ListItem","position":1,"name":"Accueil","item":"http:\/\/www.cobayous.com\/site\/"},{"@type":"ListItem","position":2,"name":"Dossiers","item":"http:\/\/www.cobayous.com\/site\/les-dossiers\/"},{"@type":"ListItem","position":3,"name":"Maladies du Cobaye","item":"http:\/\/www.cobayous.com\/site\/les-dossiers\/les-maladies-du-cobaye\/"},{"@type":"ListItem","position":4,"name":"Le M\u00e9t\u00e9orisme"}]},{"@type":"WebSite","@id":"http:\/\/www.cobayous.com\/site\/#website","url":"http:\/\/www.cobayous.com\/site\/","name":"Les Cobayes Pom&Lolo","description":"","publisher":{"@id":"http:\/\/www.cobayous.com\/site\/#organization"},"potentialAction":[{"@type":"SearchAction","target":{"@type":"EntryPoint","urlTemplate":"http:\/\/www.cobayous.com\/site\/?s={search_term_string}"},"query-input":{"@type":"PropertyValueSpecification","valueRequired":true,"valueName":"search_term_string"}}],"inLanguage":"fr-FR"},{"@type":"Organization","@id":"http:\/\/www.cobayous.com\/site\/#organization","name":"Les Cobayes Pom&Lolo","url":"http:\/\/www.cobayous.com\/site\/","logo":{"@type":"ImageObject","inLanguage":"fr-FR","@id":"http:\/\/www.cobayous.com\/site\/#\/schema\/logo\/image\/","url":"http:\/\/www.cobayous.com\/site\/wp-content\/uploads\/2024\/01\/header-bg.png","contentUrl":"http:\/\/www.cobayous.com\/site\/wp-content\/uploads\/2024\/01\/header-bg.png","width":1022,"height":250,"caption":"Les Cobayes Pom&Lolo"},"image":{"@id":"http:\/\/www.cobayous.com\/site\/#\/schema\/logo\/image\/"}}]}},"_links":{"self":[{"href":"http:\/\/www.cobayous.com\/site\/wp-json\/wp\/v2\/pages\/1183","targetHints":{"allow":["GET"]}}],"collection":[{"href":"http:\/\/www.cobayous.com\/site\/wp-json\/wp\/v2\/pages"}],"about":[{"href":"http:\/\/www.cobayous.com\/site\/wp-json\/wp\/v2\/types\/page"}],"author":[{"embeddable":true,"href":"http:\/\/www.cobayous.com\/site\/wp-json\/wp\/v2\/users\/1"}],"replies":[{"embeddable":true,"href":"http:\/\/www.cobayous.com\/site\/wp-json\/wp\/v2\/comments?post=1183"}],"version-history":[{"count":0,"href":"http:\/\/www.cobayous.com\/site\/wp-json\/wp\/v2\/pages\/1183\/revisions"}],"up":[{"embeddable":true,"href":"http:\/\/www.cobayous.com\/site\/wp-json\/wp\/v2\/pages\/1145"}],"wp:attachment":[{"href":"http:\/\/www.cobayous.com\/site\/wp-json\/wp\/v2\/media?parent=1183"}],"curies":[{"name":"wp","href":"https:\/\/api.w.org\/{rel}","templated":true}]}}