{"id":1169,"date":"2011-01-16T23:12:13","date_gmt":"2011-01-16T22:12:13","guid":{"rendered":"http:\/\/www.cobayous.com\/site\/"},"modified":"2012-05-20T15:46:20","modified_gmt":"2012-05-20T14:46:20","slug":"nourrir-un-cobaye-malade","status":"publish","type":"page","link":"http:\/\/www.cobayous.com\/site\/les-dossiers\/les-maladies-du-cobaye\/nourrir-un-cobaye-malade\/","title":{"rendered":"Maladies : Nourrir un cobaye malade"},"content":{"rendered":"<div class=\"column_left200\" style=\"float: left; display: inline; \">\n<div style=\"background: #FFEFCE; border: 1px solid #BD8D46; color: #404040; padding: 0 10px 0 10px; margin-top: 1em; text-align: justify; border-radius: 10px;\">\n<h3><img loading=\"lazy\" decoding=\"async\" class=\"alignleft\" title=\"memo\" src=\"http:\/\/www.cobayous.Com\/site\/wp-content\/uploads\/img\/memo.png\" alt=\"\" width=\"30\" height=\"30\" \/>EN BREF<\/h3>\n <p> Le transit du cobaye ne doit pas \u00eatre stopp\u00e9. Le gavage d&rsquo;un cobaye malade est donc n\u00e9cessaire afin de limiter la perte de poids, les probl\u00e8mes dentaires et intestinaux. <\/p> \n <p> Consulter un v\u00e9t\u00e9rinaire Nacs est n\u00e9cessaire. <\/p> \n<\/div>\n<div style=\"background: #EDF7F2; border: 1px solid #7FC6BC; color: #404040; padding: 0 10px 0 10px; margin-top: 1em; text-align: justify; border-radius: 10px;\">\n <p> <img loading=\"lazy\" decoding=\"async\" class=\"alignleft\" title=\"alire\" src=\"http:\/\/www.cobayous.Com\/site\/wp-content\/uploads\/img\/books.png\" alt=\"\" width=\"30\" height=\"30\" \/> <\/p> \n<h3>A LIRE<\/h3>\n <p> <span style=\"color: #008000;\">Dans la rubrique Maladies :<\/span> <\/p> \n<ul>\n<li><a title=\"Maladies du cobaye : Les constantes\" href=\"http:\/\/www.cobayous.com\/site\/les-dossiers\/les-maladies-du-cobaye\/constantes\/\" rel=\"\">Les constantes<\/a><\/li>\n<li><a title=\"Maladies du cobaye : Maladies de peau\" href=\"http:\/\/www.cobayous.com\/site\/les-dossiers\/les-maladies-du-cobaye\/maladies-de-peau\/\" rel=\"\">Maladies de peau<\/a><\/li>\n<li><a title=\"Maladies du cobaye : Maladies fr\u00e9quentes\" href=\"http:\/\/www.cobayous.com\/site\/les-dossiers\/les-maladies-du-cobaye\/maladies-frequentes\/\" rel=\"\">Maladies fr\u00e9quentes<\/a><\/li>\n<li><a title=\"Maladies du cobaye : Probl\u00e8mes aux yeux\" href=\"http:\/\/www.cobayous.com\/site\/les-dossiers\/les-maladies-du-cobaye\/problemes-yeux\/\" rel=\"\">Probl\u00e8mes aux yeux<\/a><\/li>\n<li><a title=\"Maladies du cobaye : Probl\u00e8mes digestifs\" href=\"http:\/\/www.cobayous.com\/site\/les-dossiers\/les-maladies-du-cobaye\/problemes-digestifs\/\" rel=\"\">Probl\u00e8mes digestifs<\/a><\/li>\n<li><a title=\"Maladies du cobaye : Probl\u00e8mes urinaires\" href=\"http:\/\/www.cobayous.com\/site\/les-dossiers\/les-maladies-du-cobaye\/problemes-urinaires\/\" rel=\"\">Probl\u00e8mes urinaires<\/a><\/li>\n<li><a title=\"Le M\u00e9t\u00e9orisme\" href=\"http:\/\/www.cobayous.com\/site\/les-dossiers\/les-maladies-du-cobaye\/le-meteorisme\/\" rel=\"\">Le M\u00e9t\u00e9orisme<\/a><\/li>\n<\/ul>\n <p> <span style=\"color: #008000;\">Dossiers Connexes :<\/span> <\/p> \n<ul>\n<li>Nourrir un cobaye malade<\/li>\n<li><a title=\"Soigner le cobaye avec l\u2019hom\u00e9opathie\" href=\"http:\/\/www.cobayous.com\/site\/les-dossiers\/soigner-le-cobaye-avec-lhomeopathie\/\">Soigner son cobaye avec l\u2019hom\u00e9opathie<\/a><\/li>\n<li><a title=\"Choix d\u2019un v\u00e9t\u00e9rinaire Nacs (*)\" href=\"http:\/\/www.cobayous.com\/site\/les-dossiers\/speciaux-pratiques\/choix-dun-veterinaire-nacs\/\">Choix d\u2019un v\u00e9t\u00e9rinaire<\/a><\/li>\n<li><a title=\"Euthanasie chez le cochon d\u2019Inde\" href=\"http:\/\/www.cobayous.com\/site\/les-dossiers\/speciaux-pratiques\/euthanasie-chez-le-cochon-dinde\/\">L\u2019euthanasie<\/a><\/li>\n<\/ul>\n<\/div>\n <p> <script type=\"text\/javascript\"> <!--\ngoogle_ad_client = \"pub-3631834167777130\";\n\/* pometlolo-sidebar-160x600 *\/\ngoogle_ad_slot = \"0152501946\";\ngoogle_ad_width = 160;\ngoogle_ad_height = 600;\n\/\/--> \n<\/script> <br \/> \n<script type=\"text\/javascript\"\nsrc=\"http:\/\/pagead2.googlesyndication.com\/pagead\/show_ads.js\">\n<\/script> <br \/> \n<script type=\"text\/javascript\"> <!--\ngoogle_ad_client = \"ca-pub-3631834167777130\";\n\/* pometlolosidebardossiers-bloc200 *\/\ngoogle_ad_slot = \"7743384211\";\ngoogle_ad_width = 200;\ngoogle_ad_height = 90;\n\/\/--> \n<\/script> <br \/> \n<script type=\"text\/javascript\"\nsrc=\"http:\/\/pagead2.googlesyndication.com\/pagead\/show_ads.js\">\n<\/script> <\/p> \n<div style=\"background: #ffffff; border: 1px solid #EACFB8; color: #404040; padding: 0 10px 0 10px; margin-top: 1em; text-align: justify; border-radius: 10px;\">\n <p> <img loading=\"lazy\" decoding=\"async\" class=\"alignleft\" src=\"http:\/\/www.cobayous.Com\/site\/wp-content\/uploads\/img\/question.png\" alt=\"\" width=\"30\" height=\"30\" \/> <\/p> \n<h4>DES QUESTIONS ?<\/h4>\n <p> Tu as des questions \u00e0 poser sur les cobayes? Tu souhaites discuter avec nous? <\/p> \n <p> <img loading=\"lazy\" decoding=\"async\" class=\"alignleft\" title=\"talk\" src=\"http:\/\/www.cobayous.com\/site\/wp-content\/uploads\/img\/icon-talk.png\" alt=\"\" width=\"44\" height=\"30\" \/> <a href=\"http:\/\/www.cobayous.Com\/forum\">Rejoins-nous !<\/a> <\/p> \n<\/div>\n <p> <\/div> <br \/> \n<div class=\"column_right728\" style=\"float: left; display: inline; \"> <\/p> \n <p> Si votre <strong>cobaye<\/strong> est <strong>malade<\/strong>, il faut <strong>absolument qu&rsquo;il mange<\/strong> car un cobaye qui cesse de manger est en <strong>danger<\/strong> : son transit ne doit pas \u00eatre arr\u00eat\u00e9 sous peine de voir appara\u00eetre des gaz qui peuvent \u00eatre tr\u00e8s graves voire mortels (m\u00e9t\u00e9orisme \/ tympanisme). <br \/> \nVous pouvez donc lui pr\u00e9parer une petite mixture que vous lui donnerez \u00e0 la seringue (sans aiguille) et ce uniquement si il est trop faible pour manger &#8211;&gt;<span style=\"text-decoration: underline;\"> le cobaye prends facilement l&rsquo;habitude d&rsquo;\u00eatre nourrit \u00e0 la seringue et ne voudra plus se nourrir seul. <\/span> <\/p> \n <p> La mixture : prenez ses granul\u00e9s habituels (ne pas changer d&rsquo;alimentation) et laissez les tremper un peu dans de l&rsquo;eau (ou dans une infusion de foin) afin de les ramollir. <br \/> \nPour l&rsquo;infusion de foin : faire bouillir de l&rsquo;eau et et laisser infuser une poign\u00e9e de foin hors du feu une dizaine de minutes. <br \/> \n<span style=\"text-decoration: underline;\"><strong>Remarque<\/strong><\/span> : les granul\u00e9s de la marque Rongis sont particuli\u00e8rement adapt\u00e9s : ils ramollissent tout seul dans l&rsquo;eau et forment une esp\u00e8ce de mousse sans morceau ce qui facilite le passage dans la seringue. <br \/> \nUne fois les graines bien ramollies, ajoutez de la vitamine C et m\u00e9langez bien. <\/p> \n <p> Ayant vu Sita malade, j&rsquo;ai pu constater qu&rsquo;elle mangeait les crottes de son fr\u00e8re qui n&rsquo;est pas malade directement \u00e0 la sortie ^^. <br \/> \nJe suppose qu&rsquo;elle r\u00e9cup\u00e9rait les vitamines et min\u00e9raux qu&rsquo;elle ne retrouvait pas dans ses propres crottes. <br \/> \nSi vous avez plusieurs cobayes \u00e0 la maison, vous pouvez donc ajouter quelques crottes d&rsquo;un cobaye qui n&rsquo;est pas malade dans cette mixture (de pr\u00e9f\u00e9rence, des crottes encore \u00ab\u00a0humide\u00a0\u00bb ou mieux les caecotrophes si vous en trouvez. <br \/> \nCela vous para\u00eet sans doute peu rago\u00fbtant mais pour un cobaye qui mange naturellement ses crottes, c&rsquo;est tout \u00e0 fait normal. <\/p> \n <p> <strong>Mettez cette petite mixture dans une seringue<\/strong> (une seringue de gavage pour oiseaux, c&rsquo;est le top) et donnez le \u00e0 votre cobaye plusieurs fois par jours. Il ne faut pas en donner trop d&rsquo;un coup car il faut essayer de respecter le rythme alimentaire de votre animal (\u00e0 savoir plusieurs dizaines de mini repas par jour) <br \/> \nBon, il est \u00e9vident que tout le monde ne peut pas nourrir son cobaye plusieurs fois par heure mais essayez <strong>au moins 5-6 fois dans la journ\u00e9e<\/strong>. <\/p> \n <p> Le cobaye doit g\u00e9n\u00e9ralement manger une trentaine de grammes par jour mais \u00e9tant malade, il mangera certainement moins. Pour vous donne une id\u00e9e, la photo de gauche ci-dessous repr\u00e9sente une cuill\u00e8re \u00e0 soupe de 10 grammes d&rsquo;extrud\u00e9s. Une fois m\u00e9lang\u00e9s \u00e0 de l&rsquo;eau, j&rsquo;obtiens 2 grosses seringues de 10ml et je peux vous dire que c&rsquo;est assez long \u00e0 donner et que \u00e7a fait une sacr\u00e9e quantit\u00e9. <\/p> \n<table border=\"0\" cellspacing=\"0\" cellpadding=\"0\" align=\"center\">\n<tbody>\n<tr>\n<td width=\"250\"><span style=\"font-family: Trebuchet MS; font-size: x-small;\"><a title=\"Une tasse avec une cuill\u00e8re \u00e0 soupe de Rongis (soit 10 grammes environ), un peu d'eau et de la vitamine C.\" href=\"\/site\/wp-content\/uploads\/dossiers\/nourrircobayemalade1.jpg\" rel=\"lightbox[gal]\"><img loading=\"lazy\" decoding=\"async\" src=\"\/site\/wp-content\/uploads\/dossiers\/nourrircobayemalade1_pt.jpg\" alt=\"\" width=\"242\" height=\"200\" border=\"0\" \/><\/a><\/span><\/td>\n<td width=\"65\"><span style=\"font-family: Trebuchet MS; font-size: x-small;\"><a title=\"Une seringue avec seulement la moiti\u00e9 du contenu de la tasse.\" href=\"\/site\/wp-content\/uploads\/dossiers\/nourrircobayemalade2.jpg\" rel=\"lightbox[gal]\"><img loading=\"lazy\" decoding=\"async\" src=\"\/site\/wp-content\/uploads\/dossiers\/nourrircobayemalade2_pt.jpg\" alt=\"\" width=\"59\" height=\"200\" border=\"0\" \/><\/a><\/span><\/td>\n<td width=\"220\"><span style=\"font-family: Trebuchet MS; font-size: x-small;\"><a title=\"Bon l\u00e0, c'est pas une seringue de nourriture, c'est du liquide mais le principe est le m\u00eame sauf qu'il faut y aller plus doucement avec le liquide.\" href=\"\/site\/wp-content\/uploads\/dossiers\/nourrircobayemalade3.jpg\" rel=\"lightbox[gal]\"><img loading=\"lazy\" decoding=\"async\" src=\"\/site\/wp-content\/uploads\/dossiers\/nourrircobayemalade3_pt.jpg\" alt=\"\" width=\"210\" height=\"200\" border=\"0\" \/><\/a><\/span><\/td>\n<\/tr>\n<\/tbody>\n<\/table>\n <p> Quoi qu&rsquo;il en soit, v\u00e9rifiez toujours les crottes de votre cobaye pendant que vous le nourrissez \u00e0 la seringue et pendant qu&rsquo;il est malade. Il doit absolument continuer de manger du foin et de bien boire de l&rsquo;eau. <br \/> \n<strong>Pesez-le r\u00e9guli\u00e8rement<\/strong> afin de v\u00e9rifier qu&rsquo;il ne perds pas de poids. <\/p> \n <p> En cas de soucis, n&rsquo;h\u00e9sitez pas \u00e0 prendre contact avec votre v\u00e9t\u00e9rinaire, lui seul pourra prescrire un traitement adapt\u00e9 \u00e0 votre animal. <\/p> \n<div><\/div>\n <p> Voici quelques conseils suppl\u00e9mentaires : <\/p> \n <p> &#8211;<strong> pour nourrir \u00e0 la seringue<\/strong>, ins\u00e9rez celle-ci juste derri\u00e8re les incisives (dents de devant) l\u00e9g\u00e8rement sur le c\u00f4t\u00e9 et poussez sur le poussoir pour faire sortir le m\u00e9lange (ou le liquide). (voir photo 3 ci-dessus) <br \/> \nPas en trop grande quantit\u00e9 ni trop vite : vous \u00e9toufferiez votre animal. <br \/> \nLaissez-lui le temps d&rsquo;avaler et de reprendre son souffle <span class=\"wp-font-emots-emo-happy\"><\/span> <\/p> \n <p> &#8211; <strong>ne donnez pas de pots pour b\u00e9b\u00e9s<\/strong> : c&rsquo;est souvent trop sucr\u00e9 et c&rsquo;est un changement d&rsquo;alimentation. <br \/> \nOr, qui dit changement d&rsquo;alimentation dit risque de diarrh\u00e9e.<strong> Le cobaye ne doit \u00eatre nourrit qu&rsquo;avec des aliment qu&rsquo;il connait !!<\/strong> <\/p> \n <p> &#8211; proposez-lui son biberon et sa gamelle de temps en temps afin de voir si il se nourrit seul. <\/p> \n <p> &#8211;<strong> Surveillez la longueur de ses dents<\/strong> : \u00e9tant donn\u00e9 qu&rsquo;il ne s&rsquo;alimente plus seul et qu&rsquo;il est nourrit avec de la \u00ab\u00a0bouillie\u00a0\u00bb, ses dents risquent de ne plus s&rsquo;user correctement et il faut \u00eatre tr\u00e8s vigilant. <\/p> \n <p> &#8211; un cobaye malade (comme beaucoup d&rsquo;animaux en fait) a tendance \u00e0 devenir difficile et \u00e0 ne manger que ce qu&rsquo;il aime &#8230; <br \/> \nIl serait donc inhumain de dire qu&rsquo;il ne faut pas c\u00e9der \u00e0 ses caprices &#8230; Tant qu&rsquo;il mange, c&rsquo;est d\u00e9j\u00e0 \u00e7a. <br \/> \nCependant, attention \u00e0 ce qu&rsquo;il ne devienne pas trop difficile&#8230; et ne jamais donner un aliment dont il n&rsquo;a pas l&rsquo;habitude ou qui n&rsquo;est pas adapt\u00e9 pour lui. <\/p> \n <p> &#8211; <strong>En cas de diarrh\u00e9e<\/strong>, vous pouvez toujours donner une<strong> infusion de foin et du rongeur digest.<\/strong> <br \/> \nAttention : on trouve souvent sur le net l&rsquo;infirmation suivante : l&rsquo;actimel est pareil que le rongeur digest et vous pouvez donc lui en donner. Je ne dis pas que c&rsquo;est totalement faux mais les bact\u00e9ries se rapprochant le + de celles du cobaye sont dans le rongeur digest. L&rsquo;actimel convient plut\u00f4t aux lapins <span class=\"wp-font-emots-emo-wink\"><\/span> <br \/> \n<strong>Attention \u00e0 la d\u00e9shydratation<\/strong> : votre animal doit bien boire en cas de diarrh\u00e9e et c&rsquo;est \u00e0 vous de remplir ce devoir si il ne parvient pas \u00e0 le faire seul. <\/p> \n <p> &#8211; <strong>Toujours respecter le traitement prescrit par votre v\u00e9t\u00e9rinaire<\/strong> : ne pas auto-m\u00e9dicamenter ou prolonger un traitement sans avis. Le v\u00e9t\u00e9rinaire, c&rsquo;est lui pas vous <span class=\"wp-font-emots-emo-wink\"><\/span> <\/p> \n <p> <span style=\"color: #ff0000;\"><strong>Dans tous les cas, je le r\u00e9p\u00e8te : si l&rsquo;\u00e9tat de votre animal ne s&rsquo;am\u00e9liore pas, il est pr\u00e9f\u00e9rable de (re)consulter un v\u00e9t\u00e9rinaire.<\/strong><\/span> <\/p> \n <p> <a href=\"http:\/\/www.cobayous.com\/site\/qui-sommes-nous\/\"><img loading=\"lazy\" decoding=\"async\" class=\"alignright\" title=\"copyright-pomelo.jpg\" src=\"\/site\/wp-content\/uploads\/dossiers\/copyright-pomelo.jpg\" alt=\"copyright-pomelo.jpg\" width=\"275\" height=\"50\" border=\"0\" \/><\/a> <\/p> \n <p> <script type=\"text\/javascript\">\/\/ <![CDATA[\n                   google_ad_client = \"ca-pub-3631834167777130\"; \/* 728x90, SITE BAS *\/ google_ad_slot = \"8092157966\"; google_ad_width = 728; google_ad_height = 90;\n\/\/ ]]><\/script> <br \/> \n<script type=\"text\/javascript\" src=\"http:\/\/pagead2.googlesyndication.com\/pagead\/show_ads.js\">\/\/ <![CDATA[\n\n\n\/\/ ]]><\/script> <br \/> \n<\/div><div style='clear: both;'><\/div> <\/p> \n","protected":false},"excerpt":{"rendered":"","protected":false},"author":1,"featured_media":0,"parent":1145,"menu_order":0,"comment_status":"closed","ping_status":"open","template":"pg-tpl-no-sidebars.php","meta":{"ngg_post_thumbnail":0,"footnotes":""},"class_list":["post-1169","page","type-page","status-publish","hentry"],"yoast_head":"<!-- This site is optimized with the Yoast SEO plugin v27.1.1 - https:\/\/yoast.com\/product\/yoast-seo-wordpress\/ -->\n<title>Maladies : Nourrir un cobaye malade - Les Cobayes Pom&amp;Lolo<\/title>\n<meta name=\"robots\" content=\"index, follow, max-snippet:-1, max-image-preview:large, max-video-preview:-1\" \/>\n<link rel=\"canonical\" href=\"http:\/\/www.cobayous.com\/site\/les-dossiers\/les-maladies-du-cobaye\/nourrir-un-cobaye-malade\/\" \/>\n<meta property=\"og:locale\" content=\"fr_FR\" \/>\n<meta property=\"og:type\" content=\"article\" \/>\n<meta property=\"og:title\" content=\"Maladies : Nourrir un cobaye malade - Les Cobayes Pom&amp;Lolo\" \/>\n<meta property=\"og:url\" content=\"http:\/\/www.cobayous.com\/site\/les-dossiers\/les-maladies-du-cobaye\/nourrir-un-cobaye-malade\/\" \/>\n<meta property=\"og:site_name\" content=\"Les Cobayes Pom&amp;Lolo\" \/>\n<meta property=\"article:modified_time\" content=\"2012-05-20T14:46:20+00:00\" \/>\n<meta property=\"og:image\" content=\"http:\/\/www.cobayous.Com\/site\/wp-content\/uploads\/img\/memo.png\" \/>\n<meta name=\"twitter:card\" content=\"summary_large_image\" \/>\n<meta name=\"twitter:label1\" content=\"Dur\u00e9e de lecture estim\u00e9e\" \/>\n\t<meta name=\"twitter:data1\" content=\"5 minutes\" \/>\n<script type=\"application\/ld+json\" class=\"yoast-schema-graph\">{\"@context\":\"https:\/\/schema.org\",\"@graph\":[{\"@type\":\"WebPage\",\"@id\":\"http:\/\/www.cobayous.com\/site\/les-dossiers\/les-maladies-du-cobaye\/nourrir-un-cobaye-malade\/\",\"url\":\"http:\/\/www.cobayous.com\/site\/les-dossiers\/les-maladies-du-cobaye\/nourrir-un-cobaye-malade\/\",\"name\":\"Maladies : Nourrir un cobaye malade - Les Cobayes Pom&amp;Lolo\",\"isPartOf\":{\"@id\":\"http:\/\/www.cobayous.com\/site\/#website\"},\"primaryImageOfPage\":{\"@id\":\"http:\/\/www.cobayous.com\/site\/les-dossiers\/les-maladies-du-cobaye\/nourrir-un-cobaye-malade\/#primaryimage\"},\"image\":{\"@id\":\"http:\/\/www.cobayous.com\/site\/les-dossiers\/les-maladies-du-cobaye\/nourrir-un-cobaye-malade\/#primaryimage\"},\"thumbnailUrl\":\"http:\/\/www.cobayous.Com\/site\/wp-content\/uploads\/img\/memo.png\",\"datePublished\":\"2011-01-16T22:12:13+00:00\",\"dateModified\":\"2012-05-20T14:46:20+00:00\",\"breadcrumb\":{\"@id\":\"http:\/\/www.cobayous.com\/site\/les-dossiers\/les-maladies-du-cobaye\/nourrir-un-cobaye-malade\/#breadcrumb\"},\"inLanguage\":\"fr-FR\",\"potentialAction\":[{\"@type\":\"ReadAction\",\"target\":[\"http:\/\/www.cobayous.com\/site\/les-dossiers\/les-maladies-du-cobaye\/nourrir-un-cobaye-malade\/\"]}]},{\"@type\":\"ImageObject\",\"inLanguage\":\"fr-FR\",\"@id\":\"http:\/\/www.cobayous.com\/site\/les-dossiers\/les-maladies-du-cobaye\/nourrir-un-cobaye-malade\/#primaryimage\",\"url\":\"http:\/\/www.cobayous.Com\/site\/wp-content\/uploads\/img\/memo.png\",\"contentUrl\":\"http:\/\/www.cobayous.Com\/site\/wp-content\/uploads\/img\/memo.png\"},{\"@type\":\"BreadcrumbList\",\"@id\":\"http:\/\/www.cobayous.com\/site\/les-dossiers\/les-maladies-du-cobaye\/nourrir-un-cobaye-malade\/#breadcrumb\",\"itemListElement\":[{\"@type\":\"ListItem\",\"position\":1,\"name\":\"Accueil\",\"item\":\"http:\/\/www.cobayous.com\/site\/\"},{\"@type\":\"ListItem\",\"position\":2,\"name\":\"Dossiers\",\"item\":\"http:\/\/www.cobayous.com\/site\/les-dossiers\/\"},{\"@type\":\"ListItem\",\"position\":3,\"name\":\"Maladies du Cobaye\",\"item\":\"http:\/\/www.cobayous.com\/site\/les-dossiers\/les-maladies-du-cobaye\/\"},{\"@type\":\"ListItem\",\"position\":4,\"name\":\"Maladies : Nourrir un cobaye malade\"}]},{\"@type\":\"WebSite\",\"@id\":\"http:\/\/www.cobayous.com\/site\/#website\",\"url\":\"http:\/\/www.cobayous.com\/site\/\",\"name\":\"Les Cobayes Pom&Lolo\",\"description\":\"\",\"publisher\":{\"@id\":\"http:\/\/www.cobayous.com\/site\/#organization\"},\"potentialAction\":[{\"@type\":\"SearchAction\",\"target\":{\"@type\":\"EntryPoint\",\"urlTemplate\":\"http:\/\/www.cobayous.com\/site\/?s={search_term_string}\"},\"query-input\":{\"@type\":\"PropertyValueSpecification\",\"valueRequired\":true,\"valueName\":\"search_term_string\"}}],\"inLanguage\":\"fr-FR\"},{\"@type\":\"Organization\",\"@id\":\"http:\/\/www.cobayous.com\/site\/#organization\",\"name\":\"Les Cobayes Pom&Lolo\",\"url\":\"http:\/\/www.cobayous.com\/site\/\",\"logo\":{\"@type\":\"ImageObject\",\"inLanguage\":\"fr-FR\",\"@id\":\"http:\/\/www.cobayous.com\/site\/#\/schema\/logo\/image\/\",\"url\":\"http:\/\/www.cobayous.com\/site\/wp-content\/uploads\/2024\/01\/header-bg.png\",\"contentUrl\":\"http:\/\/www.cobayous.com\/site\/wp-content\/uploads\/2024\/01\/header-bg.png\",\"width\":1022,\"height\":250,\"caption\":\"Les Cobayes Pom&Lolo\"},\"image\":{\"@id\":\"http:\/\/www.cobayous.com\/site\/#\/schema\/logo\/image\/\"}}]}<\/script>\n<!-- \/ Yoast SEO plugin. -->","yoast_head_json":{"title":"Maladies : Nourrir un cobaye malade - Les Cobayes Pom&amp;Lolo","robots":{"index":"index","follow":"follow","max-snippet":"max-snippet:-1","max-image-preview":"max-image-preview:large","max-video-preview":"max-video-preview:-1"},"canonical":"http:\/\/www.cobayous.com\/site\/les-dossiers\/les-maladies-du-cobaye\/nourrir-un-cobaye-malade\/","og_locale":"fr_FR","og_type":"article","og_title":"Maladies : Nourrir un cobaye malade - Les Cobayes Pom&amp;Lolo","og_url":"http:\/\/www.cobayous.com\/site\/les-dossiers\/les-maladies-du-cobaye\/nourrir-un-cobaye-malade\/","og_site_name":"Les Cobayes Pom&amp;Lolo","article_modified_time":"2012-05-20T14:46:20+00:00","og_image":[{"url":"http:\/\/www.cobayous.Com\/site\/wp-content\/uploads\/img\/memo.png","type":"","width":"","height":""}],"twitter_card":"summary_large_image","twitter_misc":{"Dur\u00e9e de lecture estim\u00e9e":"5 minutes"},"schema":{"@context":"https:\/\/schema.org","@graph":[{"@type":"WebPage","@id":"http:\/\/www.cobayous.com\/site\/les-dossiers\/les-maladies-du-cobaye\/nourrir-un-cobaye-malade\/","url":"http:\/\/www.cobayous.com\/site\/les-dossiers\/les-maladies-du-cobaye\/nourrir-un-cobaye-malade\/","name":"Maladies : Nourrir un cobaye malade - Les Cobayes Pom&amp;Lolo","isPartOf":{"@id":"http:\/\/www.cobayous.com\/site\/#website"},"primaryImageOfPage":{"@id":"http:\/\/www.cobayous.com\/site\/les-dossiers\/les-maladies-du-cobaye\/nourrir-un-cobaye-malade\/#primaryimage"},"image":{"@id":"http:\/\/www.cobayous.com\/site\/les-dossiers\/les-maladies-du-cobaye\/nourrir-un-cobaye-malade\/#primaryimage"},"thumbnailUrl":"http:\/\/www.cobayous.Com\/site\/wp-content\/uploads\/img\/memo.png","datePublished":"2011-01-16T22:12:13+00:00","dateModified":"2012-05-20T14:46:20+00:00","breadcrumb":{"@id":"http:\/\/www.cobayous.com\/site\/les-dossiers\/les-maladies-du-cobaye\/nourrir-un-cobaye-malade\/#breadcrumb"},"inLanguage":"fr-FR","potentialAction":[{"@type":"ReadAction","target":["http:\/\/www.cobayous.com\/site\/les-dossiers\/les-maladies-du-cobaye\/nourrir-un-cobaye-malade\/"]}]},{"@type":"ImageObject","inLanguage":"fr-FR","@id":"http:\/\/www.cobayous.com\/site\/les-dossiers\/les-maladies-du-cobaye\/nourrir-un-cobaye-malade\/#primaryimage","url":"http:\/\/www.cobayous.Com\/site\/wp-content\/uploads\/img\/memo.png","contentUrl":"http:\/\/www.cobayous.Com\/site\/wp-content\/uploads\/img\/memo.png"},{"@type":"BreadcrumbList","@id":"http:\/\/www.cobayous.com\/site\/les-dossiers\/les-maladies-du-cobaye\/nourrir-un-cobaye-malade\/#breadcrumb","itemListElement":[{"@type":"ListItem","position":1,"name":"Accueil","item":"http:\/\/www.cobayous.com\/site\/"},{"@type":"ListItem","position":2,"name":"Dossiers","item":"http:\/\/www.cobayous.com\/site\/les-dossiers\/"},{"@type":"ListItem","position":3,"name":"Maladies du Cobaye","item":"http:\/\/www.cobayous.com\/site\/les-dossiers\/les-maladies-du-cobaye\/"},{"@type":"ListItem","position":4,"name":"Maladies : Nourrir un cobaye malade"}]},{"@type":"WebSite","@id":"http:\/\/www.cobayous.com\/site\/#website","url":"http:\/\/www.cobayous.com\/site\/","name":"Les Cobayes Pom&Lolo","description":"","publisher":{"@id":"http:\/\/www.cobayous.com\/site\/#organization"},"potentialAction":[{"@type":"SearchAction","target":{"@type":"EntryPoint","urlTemplate":"http:\/\/www.cobayous.com\/site\/?s={search_term_string}"},"query-input":{"@type":"PropertyValueSpecification","valueRequired":true,"valueName":"search_term_string"}}],"inLanguage":"fr-FR"},{"@type":"Organization","@id":"http:\/\/www.cobayous.com\/site\/#organization","name":"Les Cobayes Pom&Lolo","url":"http:\/\/www.cobayous.com\/site\/","logo":{"@type":"ImageObject","inLanguage":"fr-FR","@id":"http:\/\/www.cobayous.com\/site\/#\/schema\/logo\/image\/","url":"http:\/\/www.cobayous.com\/site\/wp-content\/uploads\/2024\/01\/header-bg.png","contentUrl":"http:\/\/www.cobayous.com\/site\/wp-content\/uploads\/2024\/01\/header-bg.png","width":1022,"height":250,"caption":"Les Cobayes Pom&Lolo"},"image":{"@id":"http:\/\/www.cobayous.com\/site\/#\/schema\/logo\/image\/"}}]}},"_links":{"self":[{"href":"http:\/\/www.cobayous.com\/site\/wp-json\/wp\/v2\/pages\/1169","targetHints":{"allow":["GET"]}}],"collection":[{"href":"http:\/\/www.cobayous.com\/site\/wp-json\/wp\/v2\/pages"}],"about":[{"href":"http:\/\/www.cobayous.com\/site\/wp-json\/wp\/v2\/types\/page"}],"author":[{"embeddable":true,"href":"http:\/\/www.cobayous.com\/site\/wp-json\/wp\/v2\/users\/1"}],"replies":[{"embeddable":true,"href":"http:\/\/www.cobayous.com\/site\/wp-json\/wp\/v2\/comments?post=1169"}],"version-history":[{"count":0,"href":"http:\/\/www.cobayous.com\/site\/wp-json\/wp\/v2\/pages\/1169\/revisions"}],"up":[{"embeddable":true,"href":"http:\/\/www.cobayous.com\/site\/wp-json\/wp\/v2\/pages\/1145"}],"wp:attachment":[{"href":"http:\/\/www.cobayous.com\/site\/wp-json\/wp\/v2\/media?parent=1169"}],"curies":[{"name":"wp","href":"https:\/\/api.w.org\/{rel}","templated":true}]}}