{"id":1163,"date":"2011-01-16T23:07:02","date_gmt":"2011-01-16T22:07:02","guid":{"rendered":"http:\/\/www.cobayous.com\/site\/"},"modified":"2012-05-20T15:50:28","modified_gmt":"2012-05-20T14:50:28","slug":"problemes-yeux","status":"publish","type":"page","link":"http:\/\/www.cobayous.com\/site\/les-dossiers\/les-maladies-du-cobaye\/problemes-yeux\/","title":{"rendered":"Maladies du cobaye : Probl\u00e8mes aux yeux"},"content":{"rendered":"<div class=\"column_left200\" style=\"float: left; display: inline; \">\n<div style=\"background: #FFEFCE; border: 1px solid #BD8D46; color: #404040; padding: 0 10px 0 10px; margin-top: 1em; text-align: justify; border-radius: 10px;\">\n<h3><img loading=\"lazy\" decoding=\"async\" class=\"alignleft\" title=\"memo\" src=\"http:\/\/www.cobayous.Com\/site\/wp-content\/uploads\/img\/memo.png\" alt=\"\" width=\"30\" height=\"30\" \/>EN BREF<\/h3>\n <p> Nettoyer l\u2019\u0153il avec un peu de s\u00e9rum physiologique et consulter un v\u00e9t\u00e9rinaire en cas de doute. <\/p> \n<\/div>\n<div style=\"background: #EDF7F2; border: 1px solid #7FC6BC; color: #404040; padding: 0 10px 0 10px; margin-top: 1em; text-align: justify; border-radius: 10px;\">\n <p> <img loading=\"lazy\" decoding=\"async\" class=\"alignleft\" title=\"alire\" src=\"http:\/\/www.cobayous.Com\/site\/wp-content\/uploads\/img\/books.png\" alt=\"\" width=\"30\" height=\"30\" \/> <\/p> \n<h3>A LIRE<\/h3>\n <p> <span style=\"color: #008000;\">Dans la rubrique Maladies :<\/span> <\/p> \n<ul>\n<li><a title=\"Maladies du cobaye : Les constantes\" href=\"http:\/\/www.cobayous.com\/site\/les-dossiers\/les-maladies-du-cobaye\/constantes\/\" rel=\"\">Les constantes<\/a><\/li>\n<li><a title=\"Maladies du cobaye : Maladies de peau\" href=\"http:\/\/www.cobayous.com\/site\/les-dossiers\/les-maladies-du-cobaye\/maladies-de-peau\/\" rel=\"\">Maladies de peau<\/a><\/li>\n<li><a title=\"Maladies du cobaye : Maladies fr\u00e9quentes\" href=\"http:\/\/www.cobayous.com\/site\/les-dossiers\/les-maladies-du-cobaye\/maladies-frequentes\/\" rel=\"\">Maladies fr\u00e9quentes<\/a><\/li>\n<li>Probl\u00e8mes aux yeux<\/li>\n<li><a title=\"Maladies du cobaye : Probl\u00e8mes digestifs\" href=\"http:\/\/www.cobayous.com\/site\/les-dossiers\/les-maladies-du-cobaye\/problemes-digestifs\/\" rel=\"\">Probl\u00e8mes digestifs<\/a><\/li>\n<li><a title=\"Maladies du cobaye : Probl\u00e8mes urinaires\" href=\"http:\/\/www.cobayous.com\/site\/les-dossiers\/les-maladies-du-cobaye\/problemes-urinaires\/\" rel=\"\">Probl\u00e8mes urinaires<\/a><\/li>\n<li><a title=\"Le M\u00e9t\u00e9orisme\" href=\"http:\/\/www.cobayous.com\/site\/les-dossiers\/les-maladies-du-cobaye\/le-meteorisme\/\" rel=\"\">Le M\u00e9t\u00e9orisme<\/a><\/li>\n<\/ul>\n <p> <span style=\"color: #008000;\">Dossiers Connexes :<\/span> <\/p> \n<ul>\n<li><a title=\"Maladies : Nourrir un cobaye malade\" href=\"http:\/\/www.cobayous.com\/site\/les-dossiers\/les-maladies-du-cobaye\/nourrir-un-cobaye-malade\/\">Nourrir un cobaye malade<\/a><\/li>\n<li><a title=\"Soigner le cobaye avec l\u2019hom\u00e9opathie\" href=\"http:\/\/www.cobayous.com\/site\/les-dossiers\/soigner-le-cobaye-avec-lhomeopathie\/\">Soigner son cobaye avec l\u2019hom\u00e9opathie<\/a><\/li>\n<li><a title=\"Choix d\u2019un v\u00e9t\u00e9rinaire Nacs (*)\" href=\"http:\/\/www.cobayous.com\/site\/les-dossiers\/speciaux-pratiques\/choix-dun-veterinaire-nacs\/\">Choix d\u2019un v\u00e9t\u00e9rinaire<\/a><\/li>\n<li><a title=\"Euthanasie chez le cochon d\u2019Inde\" href=\"http:\/\/www.cobayous.com\/site\/les-dossiers\/speciaux-pratiques\/euthanasie-chez-le-cochon-dinde\/\">L\u2019euthanasie<\/a><\/li>\n<\/ul>\n<\/div>\n <p> <script type=\"text\/javascript\">\/\/ <![CDATA[\n google_ad_client = \"ca-pub-3631834167777130\"; \/* pometlolosidebardossiers-carre200 *\/ google_ad_slot = \"5353947003\"; google_ad_width = 200; google_ad_height = 200;\n\/\/ ]]><\/script> <br \/> \n<script type=\"text\/javascript\" src=\"http:\/\/pagead2.googlesyndication.com\/pagead\/show_ads.js\">\/\/ <![CDATA[\n\n\n\/\/ ]]><\/script> <\/p> \n<div style=\"background: #ffffff; border: 1px solid #EACFB8; color: #404040; padding: 0 10px 0 10px; margin-top: 1em; text-align: justify; border-radius: 10px;\">\n <p> <img loading=\"lazy\" decoding=\"async\" class=\"alignleft\" src=\"http:\/\/www.cobayous.Com\/site\/wp-content\/uploads\/img\/question.png\" alt=\"\" width=\"30\" height=\"30\" \/> <\/p> \n<h4>DES QUESTIONS ?<\/h4>\n <p> Tu as des questions \u00e0 poser sur les cobayes? Tu souhaites discuter avec nous? <\/p> \n <p> <img loading=\"lazy\" decoding=\"async\" class=\"alignleft\" title=\"talk\" src=\"http:\/\/www.cobayous.com\/site\/wp-content\/uploads\/img\/icon-talk.png\" alt=\"\" width=\"44\" height=\"30\" \/> <a href=\"http:\/\/www.cobayous.Com\/forum\">Rejoins-nous !<\/a> <\/p> \n<\/div>\n <p> <\/div> <br \/> \n<div class=\"column_right728\" style=\"float: left; display: inline; \"> <\/p> \n<div style=\"background: #F5FAFC; border: 1px solid #6396EF; color: #404040; padding: 0 10px 0 10px; margin-top: 1em; text-align: justify; min-height: 150px; max-width: 98%; border-radius: 10px;\">\n <p> <span style=\"color: #3366ff;\"><span style=\"text-decoration: underline;\"><strong><img loading=\"lazy\" decoding=\"async\" style=\"float: left;\" src=\"\/site\/wp-content\/uploads\/dossiers\/pouiik1.jpg\" alt=\"\" width=\"17\" height=\"18\" align=\"absmiddle\" hspace=\"10\" vspace=\"2\" \/> \u0152IL BLANC \/ LAITEUX<\/strong><\/span><\/span> <\/p> \n <p> Il peut arriver que l&rsquo;\u0153il du cobaye soit comme recouvert d&rsquo;un fin voile l\u00e9g\u00e8rement opaque <br \/> \nIl s&rsquo;agit souvent d&rsquo;une blessure (brin de foin par exemple) et l&rsquo;\u0153il de d\u00e9fend. <br \/> \nCe voile est une esp\u00e8ce de protection pour que l&rsquo;\u0153il puisse se r\u00e9parer derri\u00e8re. <br \/> \nEssayez de voir s&rsquo;il n&rsquo;y a pas un corps \u00e9tranger (souvent du foin) <br \/> \nVous pouvez y mettre un peu de s\u00e9rum physiologique. <br \/> \nCe voile s&rsquo;en va normalement en quelques jours. <\/p> \n <p> Si il reste sur l&rsquo;\u0153il, il est pr\u00e9f\u00e9rable de consulter un v\u00e9t\u00e9rinaire car il peut s&rsquo;agit d&rsquo;une cataracte. <\/p> \n <p> &nbsp; <\/p> \n<\/div>\n<div style=\"background: #F5FAFC; border: 1px solid #6396EF; color: #404040; padding: 0 10px 0 10px; margin-top: 1em; text-align: justify; min-height: 150px; max-width: 98%; border-radius: 10px;\">\n <p> <img loading=\"lazy\" decoding=\"async\" style=\"float: left;\" src=\"\/site\/wp-content\/uploads\/dossiers\/pouiik1.jpg\" alt=\"\" width=\"17\" height=\"18\" align=\"absmiddle\" hspace=\"10\" vspace=\"2\" \/> <span style=\"color: #3366ff;\"><span style=\"text-decoration: underline;\"><strong>CATARACTE<\/strong><\/span><\/span> <\/p> \n <p> Cette maladie des yeux peut se retrouver chez les animaux \u00e2g\u00e9s, un peu comme pour les humains. <br \/> \nElle peut atteindre un seul \u0153il ou les deux. <br \/> \nUn voile laiteux est sur l&rsquo;\u0153il. La cataracte peut \u00e9galement toucher les animaux plus jeunes. <br \/> \nDans ce cas, il s&rsquo;agit souvent d&rsquo;une maladie h\u00e9r\u00e9ditaire et il faut \u00e9viter la reproduction des animaux atteints. <br \/> \nIl est pr\u00e9f\u00e9rable de consulter un v\u00e9t\u00e9rinaire pour cette maladie. <\/p> \n<\/div>\n <p> <a href=\"http:\/\/www.cobayous.com\/site\/qui-sommes-nous\/\"><img loading=\"lazy\" decoding=\"async\" class=\"alignright\" title=\"copyright-pomelo.jpg\" src=\"\/site\/wp-content\/uploads\/dossiers\/copyright-pomelo.jpg\" alt=\"copyright-pomelo.jpg\" width=\"275\" height=\"50\" border=\"0\" \/><\/a> <\/p> \n <p> <script type=\"text\/javascript\">\/\/ <![CDATA[\n                   google_ad_client = \"ca-pub-3631834167777130\"; \/* 728x90, SITE BAS *\/ google_ad_slot = \"8092157966\"; google_ad_width = 728; google_ad_height = 90;\n\/\/ ]]><\/script> <br \/> \n<script type=\"text\/javascript\" src=\"http:\/\/pagead2.googlesyndication.com\/pagead\/show_ads.js\">\/\/ <![CDATA[\n\n\n\/\/ ]]><\/script> <br \/> \n<\/div><div style='clear: both;'><\/div> <\/p> \n","protected":false},"excerpt":{"rendered":"","protected":false},"author":1,"featured_media":0,"parent":1145,"menu_order":0,"comment_status":"closed","ping_status":"open","template":"pg-tpl-no-sidebars.php","meta":{"ngg_post_thumbnail":0,"footnotes":""},"class_list":["post-1163","page","type-page","status-publish","hentry"],"yoast_head":"<!-- This site is optimized with the Yoast SEO plugin v27.1.1 - https:\/\/yoast.com\/product\/yoast-seo-wordpress\/ -->\n<title>Maladies du cobaye : Probl\u00e8mes aux yeux - Les Cobayes Pom&amp;Lolo<\/title>\n<meta name=\"robots\" content=\"index, follow, max-snippet:-1, max-image-preview:large, max-video-preview:-1\" \/>\n<link rel=\"canonical\" href=\"http:\/\/www.cobayous.com\/site\/les-dossiers\/les-maladies-du-cobaye\/problemes-yeux\/\" \/>\n<meta property=\"og:locale\" content=\"fr_FR\" \/>\n<meta property=\"og:type\" content=\"article\" \/>\n<meta property=\"og:title\" content=\"Maladies du cobaye : Probl\u00e8mes aux yeux - Les Cobayes Pom&amp;Lolo\" \/>\n<meta property=\"og:url\" content=\"http:\/\/www.cobayous.com\/site\/les-dossiers\/les-maladies-du-cobaye\/problemes-yeux\/\" \/>\n<meta property=\"og:site_name\" content=\"Les Cobayes Pom&amp;Lolo\" \/>\n<meta property=\"article:modified_time\" content=\"2012-05-20T14:50:28+00:00\" \/>\n<meta property=\"og:image\" content=\"http:\/\/www.cobayous.Com\/site\/wp-content\/uploads\/img\/memo.png\" \/>\n<meta name=\"twitter:card\" content=\"summary_large_image\" \/>\n<meta name=\"twitter:label1\" content=\"Dur\u00e9e de lecture estim\u00e9e\" \/>\n\t<meta name=\"twitter:data1\" content=\"1 minute\" \/>\n<script type=\"application\/ld+json\" class=\"yoast-schema-graph\">{\"@context\":\"https:\/\/schema.org\",\"@graph\":[{\"@type\":\"WebPage\",\"@id\":\"http:\/\/www.cobayous.com\/site\/les-dossiers\/les-maladies-du-cobaye\/problemes-yeux\/\",\"url\":\"http:\/\/www.cobayous.com\/site\/les-dossiers\/les-maladies-du-cobaye\/problemes-yeux\/\",\"name\":\"Maladies du cobaye : Probl\u00e8mes aux yeux - Les Cobayes Pom&amp;Lolo\",\"isPartOf\":{\"@id\":\"http:\/\/www.cobayous.com\/site\/#website\"},\"primaryImageOfPage\":{\"@id\":\"http:\/\/www.cobayous.com\/site\/les-dossiers\/les-maladies-du-cobaye\/problemes-yeux\/#primaryimage\"},\"image\":{\"@id\":\"http:\/\/www.cobayous.com\/site\/les-dossiers\/les-maladies-du-cobaye\/problemes-yeux\/#primaryimage\"},\"thumbnailUrl\":\"http:\/\/www.cobayous.Com\/site\/wp-content\/uploads\/img\/memo.png\",\"datePublished\":\"2011-01-16T22:07:02+00:00\",\"dateModified\":\"2012-05-20T14:50:28+00:00\",\"breadcrumb\":{\"@id\":\"http:\/\/www.cobayous.com\/site\/les-dossiers\/les-maladies-du-cobaye\/problemes-yeux\/#breadcrumb\"},\"inLanguage\":\"fr-FR\",\"potentialAction\":[{\"@type\":\"ReadAction\",\"target\":[\"http:\/\/www.cobayous.com\/site\/les-dossiers\/les-maladies-du-cobaye\/problemes-yeux\/\"]}]},{\"@type\":\"ImageObject\",\"inLanguage\":\"fr-FR\",\"@id\":\"http:\/\/www.cobayous.com\/site\/les-dossiers\/les-maladies-du-cobaye\/problemes-yeux\/#primaryimage\",\"url\":\"http:\/\/www.cobayous.Com\/site\/wp-content\/uploads\/img\/memo.png\",\"contentUrl\":\"http:\/\/www.cobayous.Com\/site\/wp-content\/uploads\/img\/memo.png\"},{\"@type\":\"BreadcrumbList\",\"@id\":\"http:\/\/www.cobayous.com\/site\/les-dossiers\/les-maladies-du-cobaye\/problemes-yeux\/#breadcrumb\",\"itemListElement\":[{\"@type\":\"ListItem\",\"position\":1,\"name\":\"Accueil\",\"item\":\"http:\/\/www.cobayous.com\/site\/\"},{\"@type\":\"ListItem\",\"position\":2,\"name\":\"Dossiers\",\"item\":\"http:\/\/www.cobayous.com\/site\/les-dossiers\/\"},{\"@type\":\"ListItem\",\"position\":3,\"name\":\"Maladies du Cobaye\",\"item\":\"http:\/\/www.cobayous.com\/site\/les-dossiers\/les-maladies-du-cobaye\/\"},{\"@type\":\"ListItem\",\"position\":4,\"name\":\"Maladies du cobaye : Probl\u00e8mes aux yeux\"}]},{\"@type\":\"WebSite\",\"@id\":\"http:\/\/www.cobayous.com\/site\/#website\",\"url\":\"http:\/\/www.cobayous.com\/site\/\",\"name\":\"Les Cobayes Pom&Lolo\",\"description\":\"\",\"publisher\":{\"@id\":\"http:\/\/www.cobayous.com\/site\/#organization\"},\"potentialAction\":[{\"@type\":\"SearchAction\",\"target\":{\"@type\":\"EntryPoint\",\"urlTemplate\":\"http:\/\/www.cobayous.com\/site\/?s={search_term_string}\"},\"query-input\":{\"@type\":\"PropertyValueSpecification\",\"valueRequired\":true,\"valueName\":\"search_term_string\"}}],\"inLanguage\":\"fr-FR\"},{\"@type\":\"Organization\",\"@id\":\"http:\/\/www.cobayous.com\/site\/#organization\",\"name\":\"Les Cobayes Pom&Lolo\",\"url\":\"http:\/\/www.cobayous.com\/site\/\",\"logo\":{\"@type\":\"ImageObject\",\"inLanguage\":\"fr-FR\",\"@id\":\"http:\/\/www.cobayous.com\/site\/#\/schema\/logo\/image\/\",\"url\":\"http:\/\/www.cobayous.com\/site\/wp-content\/uploads\/2024\/01\/header-bg.png\",\"contentUrl\":\"http:\/\/www.cobayous.com\/site\/wp-content\/uploads\/2024\/01\/header-bg.png\",\"width\":1022,\"height\":250,\"caption\":\"Les Cobayes Pom&Lolo\"},\"image\":{\"@id\":\"http:\/\/www.cobayous.com\/site\/#\/schema\/logo\/image\/\"}}]}<\/script>\n<!-- \/ Yoast SEO plugin. -->","yoast_head_json":{"title":"Maladies du cobaye : Probl\u00e8mes aux yeux - Les Cobayes Pom&amp;Lolo","robots":{"index":"index","follow":"follow","max-snippet":"max-snippet:-1","max-image-preview":"max-image-preview:large","max-video-preview":"max-video-preview:-1"},"canonical":"http:\/\/www.cobayous.com\/site\/les-dossiers\/les-maladies-du-cobaye\/problemes-yeux\/","og_locale":"fr_FR","og_type":"article","og_title":"Maladies du cobaye : Probl\u00e8mes aux yeux - Les Cobayes Pom&amp;Lolo","og_url":"http:\/\/www.cobayous.com\/site\/les-dossiers\/les-maladies-du-cobaye\/problemes-yeux\/","og_site_name":"Les Cobayes Pom&amp;Lolo","article_modified_time":"2012-05-20T14:50:28+00:00","og_image":[{"url":"http:\/\/www.cobayous.Com\/site\/wp-content\/uploads\/img\/memo.png","type":"","width":"","height":""}],"twitter_card":"summary_large_image","twitter_misc":{"Dur\u00e9e de lecture estim\u00e9e":"1 minute"},"schema":{"@context":"https:\/\/schema.org","@graph":[{"@type":"WebPage","@id":"http:\/\/www.cobayous.com\/site\/les-dossiers\/les-maladies-du-cobaye\/problemes-yeux\/","url":"http:\/\/www.cobayous.com\/site\/les-dossiers\/les-maladies-du-cobaye\/problemes-yeux\/","name":"Maladies du cobaye : Probl\u00e8mes aux yeux - Les Cobayes Pom&amp;Lolo","isPartOf":{"@id":"http:\/\/www.cobayous.com\/site\/#website"},"primaryImageOfPage":{"@id":"http:\/\/www.cobayous.com\/site\/les-dossiers\/les-maladies-du-cobaye\/problemes-yeux\/#primaryimage"},"image":{"@id":"http:\/\/www.cobayous.com\/site\/les-dossiers\/les-maladies-du-cobaye\/problemes-yeux\/#primaryimage"},"thumbnailUrl":"http:\/\/www.cobayous.Com\/site\/wp-content\/uploads\/img\/memo.png","datePublished":"2011-01-16T22:07:02+00:00","dateModified":"2012-05-20T14:50:28+00:00","breadcrumb":{"@id":"http:\/\/www.cobayous.com\/site\/les-dossiers\/les-maladies-du-cobaye\/problemes-yeux\/#breadcrumb"},"inLanguage":"fr-FR","potentialAction":[{"@type":"ReadAction","target":["http:\/\/www.cobayous.com\/site\/les-dossiers\/les-maladies-du-cobaye\/problemes-yeux\/"]}]},{"@type":"ImageObject","inLanguage":"fr-FR","@id":"http:\/\/www.cobayous.com\/site\/les-dossiers\/les-maladies-du-cobaye\/problemes-yeux\/#primaryimage","url":"http:\/\/www.cobayous.Com\/site\/wp-content\/uploads\/img\/memo.png","contentUrl":"http:\/\/www.cobayous.Com\/site\/wp-content\/uploads\/img\/memo.png"},{"@type":"BreadcrumbList","@id":"http:\/\/www.cobayous.com\/site\/les-dossiers\/les-maladies-du-cobaye\/problemes-yeux\/#breadcrumb","itemListElement":[{"@type":"ListItem","position":1,"name":"Accueil","item":"http:\/\/www.cobayous.com\/site\/"},{"@type":"ListItem","position":2,"name":"Dossiers","item":"http:\/\/www.cobayous.com\/site\/les-dossiers\/"},{"@type":"ListItem","position":3,"name":"Maladies du Cobaye","item":"http:\/\/www.cobayous.com\/site\/les-dossiers\/les-maladies-du-cobaye\/"},{"@type":"ListItem","position":4,"name":"Maladies du cobaye : Probl\u00e8mes aux yeux"}]},{"@type":"WebSite","@id":"http:\/\/www.cobayous.com\/site\/#website","url":"http:\/\/www.cobayous.com\/site\/","name":"Les Cobayes Pom&Lolo","description":"","publisher":{"@id":"http:\/\/www.cobayous.com\/site\/#organization"},"potentialAction":[{"@type":"SearchAction","target":{"@type":"EntryPoint","urlTemplate":"http:\/\/www.cobayous.com\/site\/?s={search_term_string}"},"query-input":{"@type":"PropertyValueSpecification","valueRequired":true,"valueName":"search_term_string"}}],"inLanguage":"fr-FR"},{"@type":"Organization","@id":"http:\/\/www.cobayous.com\/site\/#organization","name":"Les Cobayes Pom&Lolo","url":"http:\/\/www.cobayous.com\/site\/","logo":{"@type":"ImageObject","inLanguage":"fr-FR","@id":"http:\/\/www.cobayous.com\/site\/#\/schema\/logo\/image\/","url":"http:\/\/www.cobayous.com\/site\/wp-content\/uploads\/2024\/01\/header-bg.png","contentUrl":"http:\/\/www.cobayous.com\/site\/wp-content\/uploads\/2024\/01\/header-bg.png","width":1022,"height":250,"caption":"Les Cobayes Pom&Lolo"},"image":{"@id":"http:\/\/www.cobayous.com\/site\/#\/schema\/logo\/image\/"}}]}},"_links":{"self":[{"href":"http:\/\/www.cobayous.com\/site\/wp-json\/wp\/v2\/pages\/1163","targetHints":{"allow":["GET"]}}],"collection":[{"href":"http:\/\/www.cobayous.com\/site\/wp-json\/wp\/v2\/pages"}],"about":[{"href":"http:\/\/www.cobayous.com\/site\/wp-json\/wp\/v2\/types\/page"}],"author":[{"embeddable":true,"href":"http:\/\/www.cobayous.com\/site\/wp-json\/wp\/v2\/users\/1"}],"replies":[{"embeddable":true,"href":"http:\/\/www.cobayous.com\/site\/wp-json\/wp\/v2\/comments?post=1163"}],"version-history":[{"count":0,"href":"http:\/\/www.cobayous.com\/site\/wp-json\/wp\/v2\/pages\/1163\/revisions"}],"up":[{"embeddable":true,"href":"http:\/\/www.cobayous.com\/site\/wp-json\/wp\/v2\/pages\/1145"}],"wp:attachment":[{"href":"http:\/\/www.cobayous.com\/site\/wp-json\/wp\/v2\/media?parent=1163"}],"curies":[{"name":"wp","href":"https:\/\/api.w.org\/{rel}","templated":true}]}}