{"id":1128,"date":"2011-01-16T20:40:26","date_gmt":"2011-01-16T19:40:26","guid":{"rendered":"http:\/\/www.cobayous.com\/site\/"},"modified":"2012-05-09T17:04:43","modified_gmt":"2012-05-09T16:04:43","slug":"euthanasie-chez-le-cochon-dinde","status":"publish","type":"page","link":"http:\/\/www.cobayous.com\/site\/les-dossiers\/speciaux-pratiques\/euthanasie-chez-le-cochon-dinde\/","title":{"rendered":"Euthanasie chez le cochon d&rsquo;Inde"},"content":{"rendered":"<div class=\"column_left200\" style=\"float: left; display: inline; \">\n<div style=\"background: #FFEFCE; border: 1px solid #BD8D46; color: #404040; padding: 0 10px 0 10px; margin-top: 3em; text-align: justify; border-radius: 10px;\">\n<h3><img loading=\"lazy\" decoding=\"async\" class=\"alignleft\" title=\"memo\" src=\"http:\/\/www.cobayous.Com\/site\/wp-content\/uploads\/img\/memo.png\" alt=\"\" width=\"30\" height=\"30\" \/>EN BREF<\/h3>\n <p> L\u2019euthanasie est la seule mani\u00e8re de lib\u00e9rer un animal malade de ses souffrances. <\/p> \n <p> Cette d\u00e9cision difficile vous revient en prenant en compte le bien \u00eatre de votre animal. <\/p> \n<\/div>\n<div style=\"background: #EDF7F2; border: 1px solid #7FC6BC; color: #404040; padding: 0 10px 0 10px; margin-top: 3em; text-align: justify; border-radius: 10px;\">\n <p> <img loading=\"lazy\" decoding=\"async\" class=\"alignleft\" title=\"alire\" src=\"http:\/\/www.cobayous.Com\/site\/wp-content\/uploads\/img\/books.png\" alt=\"\" width=\"30\" height=\"30\" \/> <\/p> \n<h3>A LIRE<\/h3>\n <p> <span style=\"color: #008000;\">Dans la rubrique Maladies :<\/span> <\/p> \n<ul>\n<li><a title=\"Maladies du cobaye : Les constantes\" href=\"http:\/\/www.cobayous.com\/site\/les-dossiers\/les-maladies-du-cobaye\/constantes\/\" rel=\"\">Les constantes<\/a><\/li>\n<li><a title=\"Maladies du cobaye : Maladies de peau\" href=\"http:\/\/www.cobayous.com\/site\/les-dossiers\/les-maladies-du-cobaye\/maladies-de-peau\/\" rel=\"\">Maladies de peau<\/a><\/li>\n<li><a title=\"Maladies du cobaye : Maladies fr\u00e9quentes\" href=\"http:\/\/www.cobayous.com\/site\/les-dossiers\/les-maladies-du-cobaye\/maladies-frequentes\/\" rel=\"\">Maladies fr\u00e9quentes<\/a><\/li>\n<li><a title=\"Maladies du cobaye : Probl\u00e8mes aux yeux\" href=\"http:\/\/www.cobayous.com\/site\/les-dossiers\/les-maladies-du-cobaye\/problemes-yeux\/\" rel=\"\">Probl\u00e8mes aux yeux<\/a><\/li>\n<li><a title=\"Maladies du cobaye : Probl\u00e8mes digestifs\" href=\"http:\/\/www.cobayous.com\/site\/les-dossiers\/les-maladies-du-cobaye\/problemes-digestifs\/\" rel=\"\">Probl\u00e8mes digestifs<\/a><\/li>\n<li><a title=\"Maladies du cobaye : Probl\u00e8mes urinaires\" href=\"http:\/\/www.cobayous.com\/site\/les-dossiers\/les-maladies-du-cobaye\/problemes-urinaires\/\" rel=\"\">Probl\u00e8mes urinaires<\/a><\/li>\n<li><a title=\"Le M\u00e9t\u00e9orisme\" href=\"http:\/\/www.cobayous.com\/site\/les-dossiers\/les-maladies-du-cobaye\/le-meteorisme\/\" rel=\"\">Le M\u00e9t\u00e9orisme<\/a><\/li>\n<\/ul>\n <p> <span style=\"color: #008000;\">Dossiers Connexes :<\/span> <\/p> \n<ul>\n<li><a title=\"Maladies : Nourrir un cobaye malade\" href=\"http:\/\/www.cobayous.com\/site\/les-dossiers\/les-maladies-du-cobaye\/nourrir-un-cobaye-malade\/\">Nourrir un cobaye malade<\/a><\/li>\n<li><a title=\"Soigner le cobaye avec l\u2019hom\u00e9opathie\" href=\"http:\/\/www.cobayous.com\/site\/les-dossiers\/soigner-le-cobaye-avec-lhomeopathie\/\">Soigner son cobaye avec l\u2019hom\u00e9opathie<\/a><\/li>\n<li><a title=\"Choix d\u2019un v\u00e9t\u00e9rinaire Nacs (*)\" href=\"http:\/\/www.cobayous.com\/site\/les-dossiers\/speciaux-pratiques\/choix-dun-veterinaire-nacs\/\">Choix d\u2019un v\u00e9t\u00e9rinaire<\/a><\/li>\n<li>L\u2019euthanasie<\/li>\n<\/ul>\n<\/div>\n <p> <script type=\"text\/javascript\"> <!--\ngoogle_ad_client = \"ca-pub-3631834167777130\";\n\/* pometlolosidebardossiers-bloc200 *\/\ngoogle_ad_slot = \"7743384211\";\ngoogle_ad_width = 200;\ngoogle_ad_height = 90;\n\/\/--> \n<\/script> <br \/> \n<script type=\"text\/javascript\"\nsrc=\"http:\/\/pagead2.googlesyndication.com\/pagead\/show_ads.js\">\n<\/script> <br \/> \n<script type=\"text\/javascript\"> <!--\ngoogle_ad_client = \"pub-3631834167777130\";\n\/* pometlolo-sidebar-160x600 *\/\ngoogle_ad_slot = \"0152501946\";\ngoogle_ad_width = 160;\ngoogle_ad_height = 600;\n\/\/--> \n<\/script> <br \/> \n<script type=\"text\/javascript\"\nsrc=\"http:\/\/pagead2.googlesyndication.com\/pagead\/show_ads.js\">\n<\/script> <br \/> \n<script type=\"text\/javascript\"> <!--\ngoogle_ad_client = \"ca-pub-3631834167777130\";\n\/* pometlolosidebardossiers-bloc200 *\/\ngoogle_ad_slot = \"7743384211\";\ngoogle_ad_width = 200;\ngoogle_ad_height = 90;\n\/\/--> \n<\/script> <br \/> \n<script type=\"text\/javascript\"\nsrc=\"http:\/\/pagead2.googlesyndication.com\/pagead\/show_ads.js\">\n<\/script> <\/p> \n<div style=\"background: #ffffff; border: 1px solid #EACFB8; color: #404040; padding: 0 10px 0 10px; margin-top: 3em; text-align: justify; border-radius: 10px;\">\n <p> <img loading=\"lazy\" decoding=\"async\" class=\"alignleft\" src=\"http:\/\/www.cobayous.Com\/site\/wp-content\/uploads\/img\/question.png\" alt=\"\" width=\"30\" height=\"30\" \/> <\/p> \n<h4>DES QUESTIONS ?<\/h4>\n <p> Tu as des questions \u00e0 poser sur les cobayes? Tu souhaites discuter avec nous? <\/p> \n <p> <img loading=\"lazy\" decoding=\"async\" class=\"alignleft\" title=\"talk\" src=\"http:\/\/www.cobayous.com\/site\/wp-content\/uploads\/img\/icon-talk.png\" alt=\"\" width=\"44\" height=\"30\" \/> <a href=\"http:\/\/www.cobayous.Com\/forum\">Rejoins-nous !<\/a> <\/p> \n<\/div>\n <p> <\/div> <br \/> \n<div class=\"column_right728\" style=\"float: left; display: inline; \"> <\/p> \n <p> <img loading=\"lazy\" decoding=\"async\" style=\"float: left;\" src=\"\/site\/wp-content\/uploads\/dossiers\/enseigne_veto.gif\" alt=\"\" width=\"200\" height=\"192\" hspace=\"10\" vspace=\"2\" \/> Ce dossier, un th\u00e8me tr\u00e8s sensible, est malheureusement n\u00e9cessaire car n&rsquo;importe qui peut un jour \u00eatre confront\u00e9 \u00e0 cet acte. <br \/> \nL&rsquo;euthanasie est pratiqu\u00e9e par un v\u00e9t\u00e9rinaire et a pour but d&rsquo;abbr\u00e9ger les souffrances d&rsquo;un animal. <\/p> \n <p> En effet, cet acte peut \u00eatre envisag\u00e9 lorsque : <\/p> \n <p> &#8211; un animal est gravement malade et qu&rsquo;il n&rsquo;existe pas de traitement ou que ce traitement risque de ne faire trop souffrir <br \/> \n&#8211; un animal gravement malade pour lequel les chances de gu\u00e9rison sont quasi nulle <br \/> \n&#8211; &#8230; <\/p> \n <p> <strong>Je remercie ma v\u00e9t\u00e9rinaire Nacs <\/strong>(d\u00e9partement 59)<strong> qui a r\u00e9pondu \u00e0 mes questions<\/strong> concernant le proc\u00e9d\u00e9 de cet acte. <br \/> \nUn tr\u00e8s grand <strong>merci<\/strong> \u00e9galement \u00e0 <strong>Mary21<\/strong> pour le <strong>t\u00e9moignage<\/strong> de sa douloureuse exp\u00e9rience. <\/p> \n<h3><span style=\"color: #3366ff;\"><span style=\"text-decoration: underline;\"><strong>1 &#8211; Une d\u00e9cision difficile<\/strong><\/span><\/span><\/h3>\n <p> <strong>L&rsquo;euthanasie<\/strong> est la seule mani\u00e8re de<strong> lib\u00e9rer un animal malade de ses souffrances<\/strong>. <br \/> \nCette d\u00e9cision est souvent tr\u00e8s difficile \u00e0 prendre quand on aime son animal. Lorsque l&rsquo;on doit endormir notre loulou, on ne pense bien souvent qu&rsquo;\u00e0 nous, il va nous manquer, on ne peut pas vivre sans lui, on ne le reverra plus. <br \/> \nMais lui? Il a beau \u00eatre un animal, il n&rsquo;en est pas moins qu&rsquo;il souffre et qu&rsquo;il est inhumain de le laisser dans cet \u00e9tat. <\/p> \n <p> Quoi qu&rsquo;il en soit, c&rsquo;est avec votre v\u00e9t\u00e9rinaire que vous devrez prendre cette d\u00e9cision. <br \/> \nN&rsquo;h\u00e9sitez pas \u00e0 discuter avec lui, \u00e0 lui poser des questions. C&rsquo;est bien souvent le v\u00e9t\u00e9rinaire qui vous conseillera de prendre une d\u00e9cision. Jamais il ne DOIT vous forcer \u00e0 le faire. Gardez cependant \u00e0 l&rsquo;esprit que la souffrance peut souvent \u00eatre atroce et qu&rsquo;il vaut parfois mieux lui dire au revoir plut\u00f4t que d&rsquo;attendre trop longtemps. <\/p> \n<h3><span style=\"color: #3366ff;\"><span style=\"text-decoration: underline;\"><strong>2 &#8211; Euthanasie &#8211; Proc\u00e9d\u00e9<\/strong><\/span><\/span><\/h3>\n <p> L&rsquo;euthanasie co\u00fbte 25 euros chez nous anesth\u00e9sie comprise. Le produit utilis\u00e9 est un anesth\u00e9siant tr\u00e8s concentr\u00e9 qui fait effet quasi instantan\u00e9ment si administr\u00e9 en intra veineux. La difficult\u00e9 chez les animaux de petite taille est l&rsquo;intraveineuse sans trop de stress pour l&rsquo;animal. L&rsquo;anesth\u00e9sie gazeuse est moins traumatisante et permet une injection intra cardiaque \u00e0 effet imm\u00e9diat qu&rsquo;on ne souhaite pas faire sur un animal vif&#8230; <br \/> \n<strong>Sans anesth\u00e9sie, c&rsquo;est douloureux<\/strong> et souvent pas dans la veine ou le coeur pour ceux qui pratiquent l&rsquo;intra cardiaque sur animal vigile&#8230; et \u00e0 cot\u00e9 \u00e7a pique et \u00e7a met plusieurs minutes voire dizaines de minutes \u00e0 faire effet&#8230;. <\/p> \n <p> Quand on aime son animal, il faut parfois savoir prendre cette dure d\u00e9cision. Il faut penser \u00e0 la souffrance de son animal et ne pas penser qu&rsquo;\u00e0 soi. <\/p> \n<div><\/div>\n<h3><span style=\"color: #3366ff;\"><span style=\"text-decoration: underline;\"><strong>3 &#8211; Que faire de son corps ?<\/strong><\/span><\/span><\/h3>\n <p> Vous pouvez, si vous avez un jardin, enterrer votre animal. <\/p> \n <p> Si on n&rsquo;a pas de place pour l&rsquo;enterrer, c&rsquo;est l\u2019incin\u00e9ration qui passe chez le v\u00e9t\u00e9rinaire et \u00e7a coute en moyenne 25 euros dans ma r\u00e9gion (Nord &#8211; 59). Il existe aussi des incin\u00e9rations individuelles et les cendres vous sont restitu\u00e9es par l&rsquo;interm\u00e9diaire du v\u00e9t\u00e9rinaire. <br \/> \nCertains clients de la clinique o\u00f9 je vais pour mes Nacs ont pr\u00e9f\u00e9r\u00e9 cette solution m\u00eame s&rsquo;ils avaient un jardin : ils ont plant\u00e9 un arbre en mettant les cendres. <br \/> \nVous pouvez \u00e9galement faire incin\u00e9rer votre animal individuellement et r\u00e9cup\u00e9rer les cendres. Il faut, pour cela, compter environ 85\u20ac. <\/p> \n<h3><span style=\"color: #3366ff;\"><span style=\"text-decoration: underline;\"><strong>4 &#8211; T\u00e9moignages : Ils l&rsquo;ont v\u00e9cu &#8230;<\/strong><\/span><\/span><\/h3>\n <p> Le premier novembre 2006, j&rsquo;ai constat\u00e9 que Happy ne mangeait plus du tout, m\u00eame ses l\u00e9gumes pr\u00e9f\u00e9r\u00e9s. A cette \u00e9poque je ne connaissais pas encore le site et le forum de Pomelo, apr\u00e8s avoir consult\u00e9 un v\u00e9t\u00e9rinaire de garde qui n&rsquo;\u00e9tait apparemment pas suffisamment comp\u00e9tant en mati\u00e8re de nacs, je suis retourn\u00e9e \u00e0 la clinique v\u00e9t\u00e9rinaire ou j&rsquo;avais l&rsquo;habitude d&rsquo;aller (qui n&rsquo;\u00e9tait pas sp\u00e9cialis\u00e9e non plus, mais ou j&rsquo;avais d\u00e9j\u00e0 plus confiance). <\/p> \n <p> Pendant 15 jours, je me suis battue pour le remonter, il a perdu beaucoup de poids, avait de grosses diarrh\u00e9es, j&rsquo;ai m\u00eame du lui faire des piq\u00fbres de glucose pour essayer de lui faire reprendre du poids pendant trois jours, un vrai calvaire car \u00e7a le faisait souffrir \u00e0 chaque fois. <\/p> \n <p> Le 15 novembre, il est rest\u00e9 toute la matin\u00e9e sans bouger, inerte, n&rsquo;a rien dit pour prendre ses m\u00e9dicaments, plus aucune r\u00e9action, j&rsquo;ai su que c&rsquo;\u00e9tait la fin \u00e0 ce moment l\u00e0, j&rsquo;\u00e9tais retourn\u00e9e la veille pour la 4\u00e8me ou 5\u00e8me fois chez le v\u00e9to. Je l&rsquo;ai gard\u00e9 contre moi toute la matin\u00e9e, et d\u00e8s l&rsquo;ouverture de la clinique j&rsquo;y suis retourn\u00e9e avec ma m\u00e8re, je savais d\u00e9j\u00e0 ce qui allait se passer&#8230; <\/p> \n <p> Quand je suis arriv\u00e9e, le v\u00e9to l&rsquo;a r\u00e9-examin\u00e9, m&rsquo;a dit qu&rsquo;on pouvait encore tenter de lui faire prendre du poids avec des piq\u00fbres de glucose, mais comme je savais \u00e0 quel point \u00e7a lui faisait mal et vu dans l&rsquo;\u00e9tat ou il \u00e9tait, j&rsquo;ai dit stop, laissez-le tranquille maintenant. \u00c7a a \u00e9t\u00e9 dur, mais je m&rsquo;y \u00e9tais pr\u00e9par\u00e9e. J&rsquo;ai essay\u00e9 de ne pas pleurer tout de suite, mais ma m\u00e8re avait d\u00e9j\u00e0 commenc\u00e9, et j&rsquo;ai suivie. <\/p> \n <p> Il a d&rsquo;abord \u00e9t\u00e9 chercher l&rsquo;injection de calmant et paralysant, qui a fait effet instantan\u00e9ment. A ce moment il est parti rechercher l&rsquo;injection l\u00e9tale, nous lui avons fait nos adieux, plein de bisous et des caresses. Le v\u00e9to est revenu, l&rsquo;a inclin\u00e9 sur le c\u00f4t\u00e9, et lui a fait l&rsquo;injection dans ou pr\u00e8s du coeur, \u00e7a a \u00e9t\u00e9 tr\u00e8s doux, il est parti en \u00e0 peine quelques secondes. Il nous a dit c&rsquo;est fini, l&rsquo;a mis dans sa petite couverture bleue et me l&rsquo;as mis dans les bras. Je l&rsquo;ai remis doucement dans son panier, j&rsquo;ai demand\u00e9 ce que je lui devais, et comme j&rsquo;avais ramen\u00e9 les m\u00e9dicaments prescrits la veille, il ne m&rsquo;a rien fait payer. <\/p> \n <p> Je l&rsquo;ai remerci\u00e9 chaleureusement tout en continuant \u00e0 pleurer. Il a dit qu&rsquo;il \u00e9tait d\u00e9sol\u00e9 et nous sommes reparties. Je me suis sentie \u00e9norm\u00e9ment coupable, et m\u00eame encore aujourd&rsquo;hui, m\u00eame si je savais que c&rsquo;\u00e9tait in\u00e9vitable, je me disais, si j&rsquo;avais r\u00e9agi plus t\u00f4t, si j&rsquo;avais demand\u00e9 l&rsquo;adresse d&rsquo;un v\u00e9to nac, si&#8230; Je ne sais pas et je ne saurais jamais, pas la peine de se torturer, \u00e7a ne sert \u00e0 rien, qu&rsquo;\u00e0 se faire un peu plus de mal. <\/p> \n <p> En arrivant \u00e0 la maison la question de savoir ce que j&rsquo;allais en faire s&rsquo;est tout de suite pos\u00e9e, j&rsquo;avais vraiment du mal \u00e0 accepter qu&rsquo;il soit parti, lui, le compagnon qui \u00e9tait l\u00e0 pour me consoler dans toutes les souffrances que j&rsquo;ai v\u00e9cu&#8230; Je n&rsquo;ai pas voulu l&rsquo;enterrer, je voulais le garder aupr\u00e8s de moi encore le plus possible. on a pass\u00e9 l&rsquo;apr\u00e8s midi \u00e0 faire des recherches pour savoir comment faire incin\u00e9rer mon petit Happy. ; pour finalement retomber chez le v\u00e9t\u00e9rinaire. <\/p> \n <p> Le lendemain, avant de le pr\u00e9parer, j&rsquo;ai coup\u00e9 une touffe de ses poils et quelques unes de ses griffes. Je l&rsquo;ai install\u00e9 dans sa couverture pr\u00e9f\u00e9r\u00e9e, et nous sommes retourn\u00e9es chez le v\u00e9to, j&rsquo;ai rempli une fiche, je leur ai laiss\u00e9 le corps de mon petit loup (\u00e0 ce moment une tonne de chose se passe dans la t\u00eate, est ce qu&rsquo;ils ne vont pas se tromper, est ce ce sont bien ses cendres que je vais r\u00e9cup\u00e9rer&#8230;); une dizaine de jours plus tard, j&rsquo;y retournais chercher ses cendres. \u00c7a m&rsquo;a co\u00fbt\u00e9 80\u20ac, le coffret \u00e9tait tr\u00e8s bien pr\u00e9sent\u00e9, avec un gentil mot d&rsquo;accompagnement, ce qui m&rsquo;a \u00e9norm\u00e9ment touch\u00e9e. <\/p> \n <p> Quand j&rsquo;ai envie ou quand \u00e7a ne vas pas, je regarde ses photos, j&rsquo;ai gard\u00e9 dans une boite ses poils, ses griffes quelques crottes, quelques unes de ses friandises pr\u00e9f\u00e9r\u00e9es, sa gamelle, son jouet pr\u00e9f\u00e9r\u00e9, une de ses nombreuses couvertures, son petit lapinou sur lequel il faisait des longues siestes. J&rsquo;ai eu raison d&rsquo;insister pour le faire incin\u00e9rer, je ne regrette pas. <\/p> \n<div style=\"text-align: right;\"><strong><em><span style=\"text-decoration: underline;\">Mary21, membre du forum de Pom&amp;Lolo.<\/span><\/em><\/strong><\/div>\n <p> <a href=\"http:\/\/www.cobayous.com\/site\/qui-sommes-nous\/\"><img loading=\"lazy\" decoding=\"async\" class=\"alignright\" title=\"copyright-pomelo.jpg\" src=\"\/site\/wp-content\/uploads\/dossiers\/copyright-pomelo.jpg\" alt=\"copyright-pomelo.jpg\" width=\"275\" height=\"50\" border=\"0\" \/><\/a> <\/p> \n <p> <script type=\"text\/javascript\">\/\/ <![CDATA[\n                   google_ad_client = \"ca-pub-3631834167777130\"; \/* 728x90, SITE BAS *\/ google_ad_slot = \"8092157966\"; google_ad_width = 728; google_ad_height = 90;\n\/\/ ]]><\/script> <br \/> \n<script type=\"text\/javascript\" src=\"http:\/\/pagead2.googlesyndication.com\/pagead\/show_ads.js\">\/\/ <![CDATA[\n\n\n\/\/ ]]><\/script> <br \/> \n<\/div><div style='clear: both;'><\/div> <\/p> \n","protected":false},"excerpt":{"rendered":"","protected":false},"author":1,"featured_media":0,"parent":1284,"menu_order":5,"comment_status":"closed","ping_status":"open","template":"pg-tpl-no-sidebars.php","meta":{"ngg_post_thumbnail":0,"footnotes":""},"class_list":["post-1128","page","type-page","status-publish","hentry"],"yoast_head":"<!-- This site is optimized with the Yoast SEO plugin v27.1.1 - https:\/\/yoast.com\/product\/yoast-seo-wordpress\/ -->\n<title>Euthanasie chez le cochon d&#039;Inde - Les Cobayes Pom&amp;Lolo<\/title>\n<meta name=\"robots\" content=\"index, follow, max-snippet:-1, max-image-preview:large, max-video-preview:-1\" \/>\n<link rel=\"canonical\" href=\"http:\/\/www.cobayous.com\/site\/les-dossiers\/speciaux-pratiques\/euthanasie-chez-le-cochon-dinde\/\" \/>\n<meta property=\"og:locale\" content=\"fr_FR\" \/>\n<meta property=\"og:type\" content=\"article\" \/>\n<meta property=\"og:title\" content=\"Euthanasie chez le cochon d&#039;Inde - Les Cobayes Pom&amp;Lolo\" \/>\n<meta property=\"og:url\" content=\"http:\/\/www.cobayous.com\/site\/les-dossiers\/speciaux-pratiques\/euthanasie-chez-le-cochon-dinde\/\" \/>\n<meta property=\"og:site_name\" content=\"Les Cobayes Pom&amp;Lolo\" \/>\n<meta property=\"article:modified_time\" content=\"2012-05-09T16:04:43+00:00\" \/>\n<meta property=\"og:image\" content=\"http:\/\/www.cobayous.Com\/site\/wp-content\/uploads\/img\/memo.png\" \/>\n<meta name=\"twitter:card\" content=\"summary_large_image\" \/>\n<meta name=\"twitter:label1\" content=\"Dur\u00e9e de lecture estim\u00e9e\" \/>\n\t<meta name=\"twitter:data1\" content=\"7 minutes\" \/>\n<script type=\"application\/ld+json\" class=\"yoast-schema-graph\">{\"@context\":\"https:\/\/schema.org\",\"@graph\":[{\"@type\":\"WebPage\",\"@id\":\"http:\/\/www.cobayous.com\/site\/les-dossiers\/speciaux-pratiques\/euthanasie-chez-le-cochon-dinde\/\",\"url\":\"http:\/\/www.cobayous.com\/site\/les-dossiers\/speciaux-pratiques\/euthanasie-chez-le-cochon-dinde\/\",\"name\":\"Euthanasie chez le cochon d'Inde - Les Cobayes Pom&amp;Lolo\",\"isPartOf\":{\"@id\":\"http:\/\/www.cobayous.com\/site\/#website\"},\"primaryImageOfPage\":{\"@id\":\"http:\/\/www.cobayous.com\/site\/les-dossiers\/speciaux-pratiques\/euthanasie-chez-le-cochon-dinde\/#primaryimage\"},\"image\":{\"@id\":\"http:\/\/www.cobayous.com\/site\/les-dossiers\/speciaux-pratiques\/euthanasie-chez-le-cochon-dinde\/#primaryimage\"},\"thumbnailUrl\":\"http:\/\/www.cobayous.Com\/site\/wp-content\/uploads\/img\/memo.png\",\"datePublished\":\"2011-01-16T19:40:26+00:00\",\"dateModified\":\"2012-05-09T16:04:43+00:00\",\"breadcrumb\":{\"@id\":\"http:\/\/www.cobayous.com\/site\/les-dossiers\/speciaux-pratiques\/euthanasie-chez-le-cochon-dinde\/#breadcrumb\"},\"inLanguage\":\"fr-FR\",\"potentialAction\":[{\"@type\":\"ReadAction\",\"target\":[\"http:\/\/www.cobayous.com\/site\/les-dossiers\/speciaux-pratiques\/euthanasie-chez-le-cochon-dinde\/\"]}]},{\"@type\":\"ImageObject\",\"inLanguage\":\"fr-FR\",\"@id\":\"http:\/\/www.cobayous.com\/site\/les-dossiers\/speciaux-pratiques\/euthanasie-chez-le-cochon-dinde\/#primaryimage\",\"url\":\"http:\/\/www.cobayous.Com\/site\/wp-content\/uploads\/img\/memo.png\",\"contentUrl\":\"http:\/\/www.cobayous.Com\/site\/wp-content\/uploads\/img\/memo.png\"},{\"@type\":\"BreadcrumbList\",\"@id\":\"http:\/\/www.cobayous.com\/site\/les-dossiers\/speciaux-pratiques\/euthanasie-chez-le-cochon-dinde\/#breadcrumb\",\"itemListElement\":[{\"@type\":\"ListItem\",\"position\":1,\"name\":\"Accueil\",\"item\":\"http:\/\/www.cobayous.com\/site\/\"},{\"@type\":\"ListItem\",\"position\":2,\"name\":\"Dossiers\",\"item\":\"http:\/\/www.cobayous.com\/site\/les-dossiers\/\"},{\"@type\":\"ListItem\",\"position\":3,\"name\":\"Dossiers sp\u00e9ciaux \/ Pratiques\",\"item\":\"http:\/\/www.cobayous.com\/site\/les-dossiers\/speciaux-pratiques\/\"},{\"@type\":\"ListItem\",\"position\":4,\"name\":\"Euthanasie chez le cochon d&rsquo;Inde\"}]},{\"@type\":\"WebSite\",\"@id\":\"http:\/\/www.cobayous.com\/site\/#website\",\"url\":\"http:\/\/www.cobayous.com\/site\/\",\"name\":\"Les Cobayes Pom&Lolo\",\"description\":\"\",\"publisher\":{\"@id\":\"http:\/\/www.cobayous.com\/site\/#organization\"},\"potentialAction\":[{\"@type\":\"SearchAction\",\"target\":{\"@type\":\"EntryPoint\",\"urlTemplate\":\"http:\/\/www.cobayous.com\/site\/?s={search_term_string}\"},\"query-input\":{\"@type\":\"PropertyValueSpecification\",\"valueRequired\":true,\"valueName\":\"search_term_string\"}}],\"inLanguage\":\"fr-FR\"},{\"@type\":\"Organization\",\"@id\":\"http:\/\/www.cobayous.com\/site\/#organization\",\"name\":\"Les Cobayes Pom&Lolo\",\"url\":\"http:\/\/www.cobayous.com\/site\/\",\"logo\":{\"@type\":\"ImageObject\",\"inLanguage\":\"fr-FR\",\"@id\":\"http:\/\/www.cobayous.com\/site\/#\/schema\/logo\/image\/\",\"url\":\"http:\/\/www.cobayous.com\/site\/wp-content\/uploads\/2024\/01\/header-bg.png\",\"contentUrl\":\"http:\/\/www.cobayous.com\/site\/wp-content\/uploads\/2024\/01\/header-bg.png\",\"width\":1022,\"height\":250,\"caption\":\"Les Cobayes Pom&Lolo\"},\"image\":{\"@id\":\"http:\/\/www.cobayous.com\/site\/#\/schema\/logo\/image\/\"}}]}<\/script>\n<!-- \/ Yoast SEO plugin. -->","yoast_head_json":{"title":"Euthanasie chez le cochon d'Inde - Les Cobayes Pom&amp;Lolo","robots":{"index":"index","follow":"follow","max-snippet":"max-snippet:-1","max-image-preview":"max-image-preview:large","max-video-preview":"max-video-preview:-1"},"canonical":"http:\/\/www.cobayous.com\/site\/les-dossiers\/speciaux-pratiques\/euthanasie-chez-le-cochon-dinde\/","og_locale":"fr_FR","og_type":"article","og_title":"Euthanasie chez le cochon d'Inde - Les Cobayes Pom&amp;Lolo","og_url":"http:\/\/www.cobayous.com\/site\/les-dossiers\/speciaux-pratiques\/euthanasie-chez-le-cochon-dinde\/","og_site_name":"Les Cobayes Pom&amp;Lolo","article_modified_time":"2012-05-09T16:04:43+00:00","og_image":[{"url":"http:\/\/www.cobayous.Com\/site\/wp-content\/uploads\/img\/memo.png","type":"","width":"","height":""}],"twitter_card":"summary_large_image","twitter_misc":{"Dur\u00e9e de lecture estim\u00e9e":"7 minutes"},"schema":{"@context":"https:\/\/schema.org","@graph":[{"@type":"WebPage","@id":"http:\/\/www.cobayous.com\/site\/les-dossiers\/speciaux-pratiques\/euthanasie-chez-le-cochon-dinde\/","url":"http:\/\/www.cobayous.com\/site\/les-dossiers\/speciaux-pratiques\/euthanasie-chez-le-cochon-dinde\/","name":"Euthanasie chez le cochon d'Inde - Les Cobayes Pom&amp;Lolo","isPartOf":{"@id":"http:\/\/www.cobayous.com\/site\/#website"},"primaryImageOfPage":{"@id":"http:\/\/www.cobayous.com\/site\/les-dossiers\/speciaux-pratiques\/euthanasie-chez-le-cochon-dinde\/#primaryimage"},"image":{"@id":"http:\/\/www.cobayous.com\/site\/les-dossiers\/speciaux-pratiques\/euthanasie-chez-le-cochon-dinde\/#primaryimage"},"thumbnailUrl":"http:\/\/www.cobayous.Com\/site\/wp-content\/uploads\/img\/memo.png","datePublished":"2011-01-16T19:40:26+00:00","dateModified":"2012-05-09T16:04:43+00:00","breadcrumb":{"@id":"http:\/\/www.cobayous.com\/site\/les-dossiers\/speciaux-pratiques\/euthanasie-chez-le-cochon-dinde\/#breadcrumb"},"inLanguage":"fr-FR","potentialAction":[{"@type":"ReadAction","target":["http:\/\/www.cobayous.com\/site\/les-dossiers\/speciaux-pratiques\/euthanasie-chez-le-cochon-dinde\/"]}]},{"@type":"ImageObject","inLanguage":"fr-FR","@id":"http:\/\/www.cobayous.com\/site\/les-dossiers\/speciaux-pratiques\/euthanasie-chez-le-cochon-dinde\/#primaryimage","url":"http:\/\/www.cobayous.Com\/site\/wp-content\/uploads\/img\/memo.png","contentUrl":"http:\/\/www.cobayous.Com\/site\/wp-content\/uploads\/img\/memo.png"},{"@type":"BreadcrumbList","@id":"http:\/\/www.cobayous.com\/site\/les-dossiers\/speciaux-pratiques\/euthanasie-chez-le-cochon-dinde\/#breadcrumb","itemListElement":[{"@type":"ListItem","position":1,"name":"Accueil","item":"http:\/\/www.cobayous.com\/site\/"},{"@type":"ListItem","position":2,"name":"Dossiers","item":"http:\/\/www.cobayous.com\/site\/les-dossiers\/"},{"@type":"ListItem","position":3,"name":"Dossiers sp\u00e9ciaux \/ Pratiques","item":"http:\/\/www.cobayous.com\/site\/les-dossiers\/speciaux-pratiques\/"},{"@type":"ListItem","position":4,"name":"Euthanasie chez le cochon d&rsquo;Inde"}]},{"@type":"WebSite","@id":"http:\/\/www.cobayous.com\/site\/#website","url":"http:\/\/www.cobayous.com\/site\/","name":"Les Cobayes Pom&Lolo","description":"","publisher":{"@id":"http:\/\/www.cobayous.com\/site\/#organization"},"potentialAction":[{"@type":"SearchAction","target":{"@type":"EntryPoint","urlTemplate":"http:\/\/www.cobayous.com\/site\/?s={search_term_string}"},"query-input":{"@type":"PropertyValueSpecification","valueRequired":true,"valueName":"search_term_string"}}],"inLanguage":"fr-FR"},{"@type":"Organization","@id":"http:\/\/www.cobayous.com\/site\/#organization","name":"Les Cobayes Pom&Lolo","url":"http:\/\/www.cobayous.com\/site\/","logo":{"@type":"ImageObject","inLanguage":"fr-FR","@id":"http:\/\/www.cobayous.com\/site\/#\/schema\/logo\/image\/","url":"http:\/\/www.cobayous.com\/site\/wp-content\/uploads\/2024\/01\/header-bg.png","contentUrl":"http:\/\/www.cobayous.com\/site\/wp-content\/uploads\/2024\/01\/header-bg.png","width":1022,"height":250,"caption":"Les Cobayes Pom&Lolo"},"image":{"@id":"http:\/\/www.cobayous.com\/site\/#\/schema\/logo\/image\/"}}]}},"_links":{"self":[{"href":"http:\/\/www.cobayous.com\/site\/wp-json\/wp\/v2\/pages\/1128","targetHints":{"allow":["GET"]}}],"collection":[{"href":"http:\/\/www.cobayous.com\/site\/wp-json\/wp\/v2\/pages"}],"about":[{"href":"http:\/\/www.cobayous.com\/site\/wp-json\/wp\/v2\/types\/page"}],"author":[{"embeddable":true,"href":"http:\/\/www.cobayous.com\/site\/wp-json\/wp\/v2\/users\/1"}],"replies":[{"embeddable":true,"href":"http:\/\/www.cobayous.com\/site\/wp-json\/wp\/v2\/comments?post=1128"}],"version-history":[{"count":0,"href":"http:\/\/www.cobayous.com\/site\/wp-json\/wp\/v2\/pages\/1128\/revisions"}],"up":[{"embeddable":true,"href":"http:\/\/www.cobayous.com\/site\/wp-json\/wp\/v2\/pages\/1284"}],"wp:attachment":[{"href":"http:\/\/www.cobayous.com\/site\/wp-json\/wp\/v2\/media?parent=1128"}],"curies":[{"name":"wp","href":"https:\/\/api.w.org\/{rel}","templated":true}]}}