{"id":112,"date":"2010-05-11T19:32:50","date_gmt":"2010-05-11T19:32:50","guid":{"rendered":"http:\/\/www.cobayous.com\/site\/?page_id=112"},"modified":"2012-05-20T15:24:46","modified_gmt":"2012-05-20T14:24:46","slug":"budget-combien-ca-coute","status":"publish","type":"page","link":"http:\/\/www.cobayous.com\/site\/les-dossiers\/avant-achat-cobaye\/budget-combien-ca-coute\/","title":{"rendered":"Avant l&rsquo;achat : Combien \u00e7a co\u00fbte?"},"content":{"rendered":"<div class=\"column_left200\" style=\"float: left; display: inline; \">\n<div style=\"background: #FFEFCE; border: 1px solid #BD8D46; color: #404040; padding: 0 10px 0 10px; margin-top: 1em; text-align: justify; border-radius: 10px;\">\n<h3><img loading=\"lazy\" decoding=\"async\" class=\"alignleft\" title=\"memo\" src=\"http:\/\/www.cobayous.Com\/site\/wp-content\/uploads\/img\/memo.png\" alt=\"\" width=\"30\" height=\"30\" \/>EN BREF<\/h3>\n <p> Mieux vaut pr\u00e9voir un peu plus large que pr\u00e9vu lorsqu&rsquo;on envisage d&rsquo;adopter un animal. <\/p> \n <p> Il n&rsquo;est pas rare que les propri\u00e9taires d&rsquo;animaux soient perdus et ne sachent plus quoi faire lorsque leur petit prot\u00e9g\u00e9 tombe malade &#8230; et que cela co\u00fbte trop cher. <\/p> \n<\/div>\n<div style=\"background: #EDF7F2; border: 1px solid #7FC6BC; color: #404040; padding: 0 10px 0 10px; margin-top: 1em; text-align: justify; border-radius: 10px;\">\n <p> <img loading=\"lazy\" decoding=\"async\" class=\"alignleft\" title=\"alire\" src=\"http:\/\/www.cobayous.Com\/site\/wp-content\/uploads\/img\/books.png\" alt=\"\" width=\"30\" height=\"30\" \/> <\/p> \n<h3>A LIRE<\/h3>\n <p> <span style=\"color: #008000;\">Dans la rubrique Avant l\u2019achat :<\/span> <\/p> \n<ul>\n<li><a title=\"Avant l\u2019achat : Un ou plusieurs?\" href=\"http:\/\/www.cobayous.com\/site\/les-dossiers\/avant-achat-cobaye\/un-ou-plusieurs\/\">Un ou plusieurs?<\/a><\/li>\n<li><a title=\"Avant l\u2019achat : M\u00e2le ou femelle ?\" href=\"http:\/\/www.cobayous.com\/site\/les-dossiers\/avant-achat-cobaye\/male-ou-femelle\/\">M\u00e2le ou femelle ?<\/a><\/li>\n<li><a title=\"Avant l\u2019achat : O\u00f9 l\u2019adopter\" href=\"http:\/\/www.cobayous.com\/site\/les-dossiers\/avant-achat-cobaye\/ou-ladopter\/\">O\u00f9 l\u2019adopter<\/a><\/li>\n<li><a title=\"Avant l\u2019achat : Quelques conseils\" href=\"http:\/\/www.cobayous.com\/site\/les-dossiers\/avant-achat-cobaye\/quelques-conseils\/\" rel=\"\">Quelques conseils<\/a><\/li>\n<li>Combien \u00e7a co\u00fbte?<\/li>\n<li><a title=\"Rongeurs et Enfants\" href=\"http:\/\/www.cobayous.com\/site\/les-dossiers\/avant-achat-cobaye\/rongeurs-et-enfants\/\" rel=\"\">Rongeurs et Enfants<\/a><\/li>\n<li><a title=\"Les races de cobayes\" href=\"http:\/\/www.cobayous.com\/site\/les-dossiers\/avant-achat-cobaye\/les-races\/\" rel=\"\">Les races de cobayes<\/a><\/li>\n<\/ul>\n <p> <span style=\"color: #008000;\">Dossiers Connexes :<\/span> <\/p> \n<ul>\n<li><a title=\"Animalerie : prendre garde aux conseils !\" href=\"http:\/\/www.cobayous.com\/site\/les-dossiers\/avant-achat-cobaye\/animalerie-prendre-garde-aux-conseils\/\">Animalerie, attention aux conseils !<\/a><\/li>\n<li><a title=\"Le cobaye et les vacances\" href=\"http:\/\/www.cobayous.com\/site\/les-dossiers\/speciaux-pratiques\/le-cobaye-et-les-vacances\/\">Le Cobaye et les Vacances<\/a><\/li>\n<li><a title=\"Rongeurs et Enfants\" href=\"http:\/\/www.cobayous.com\/site\/les-dossiers\/avant-achat-cobaye\/rongeurs-et-enfants\/\">Rongeurs et enfants<\/a><\/li>\n<\/ul>\n<\/div>\n <p> <script type=\"text\/javascript\">\/\/ <![CDATA[\n     google_ad_client = \"ca-pub-3631834167777130\"; \/* pometlolosidebardossiers-carre200 *\/ google_ad_slot = \"5353947003\"; google_ad_width = 200; google_ad_height = 200;\n\/\/ ]]><\/script> <br \/> \n<script type=\"text\/javascript\" src=\"http:\/\/pagead2.googlesyndication.com\/pagead\/show_ads.js\">\/\/ <![CDATA[\n\n\n\/\/ ]]><\/script> <\/p> \n<div style=\"background: #ffffff; border: 1px solid #EACFB8; color: #404040; padding: 0 10px 0 10px; margin-top: 1em; text-align: justify; border-radius: 10px;\">\n <p> <img loading=\"lazy\" decoding=\"async\" class=\"alignleft\" src=\"http:\/\/www.cobayous.Com\/site\/wp-content\/uploads\/img\/question.png\" alt=\"\" width=\"30\" height=\"30\" \/> <\/p> \n<h4>DES QUESTIONS ?<\/h4>\n <p> Tu as des questions \u00e0 poser sur les cobayes? Tu souhaites discuter avec nous? <\/p> \n <p> <img loading=\"lazy\" decoding=\"async\" class=\"alignleft\" title=\"talk\" src=\"http:\/\/www.cobayous.com\/site\/wp-content\/uploads\/img\/icon-talk.png\" alt=\"\" width=\"44\" height=\"30\" \/> <a href=\"http:\/\/www.cobayous.Com\/forum\">Rejoins-nous !<\/a> <\/p> \n<\/div>\n <p> <\/div> <br \/> \n<div class=\"column_right728\" style=\"float: left; display: inline; \"> <\/p> \n <p> Voici un petit dossier qui vous donner une approximation du co\u00fbt de l&rsquo;achat d&rsquo;un cobaye ainsi que de son entretien. <\/p> \n <p> Il y a bien s\u00fbr des <span style=\"color: #cc99ff;\"><strong>achat<\/strong><\/span> qui ne se font qu&rsquo;<span style=\"color: #cc99ff;\"><strong>une seule fois (*)<\/strong><\/span> <br \/> \nIl y a des <span style=\"color: #0000ff;\"><strong>achats<\/strong><\/span> qui se font <span style=\"color: #0000ff;\"><strong>de temps en temps (*)<\/strong><\/span> <br \/> \nEt les <span style=\"color: #339966;\"><strong>achats r\u00e9guliers<\/strong><\/span> pour l&rsquo;entretien de votre animal<span style=\"color: #339966;\"><strong> (*)<\/strong><\/span> <\/p> \n <p> &#8211; <strong><span style=\"color: #cc99ff;\">* le cobaye<\/span><\/strong> : entre 12 et 30\u20ac : tout d\u00e9pends de la race de l&rsquo;animal et de votre r\u00e9gion <br \/> \n&#8211;<span style=\"color: #cc99ff;\"><strong> * la cage<\/strong><\/span> : entre 25 et 50\u20ac : tout d\u00e9pends du mod\u00e8le, de la marque &#8230; <br \/> \n&#8211; <span style=\"color: #cc99ff;\"><strong>* 1 biberon<\/strong><\/span> : environ 2\u20ac <br \/> \n&#8211; <span style=\"color: #cc99ff;\"><strong>* 1 gamelle<\/strong><\/span> : environ 2.50\u20ac pour une gamelle qui s&rsquo;attache aux barreaux <br \/> \n&#8211; <span style=\"color: #cc99ff;\"><strong>* 1 ratelier<\/strong><\/span> \u00e0 foin : environ 3\u20ac <\/p> \n <p> <span style=\"text-decoration: underline;\">Total \u00e0 l&rsquo;achat<\/span> : entre 45 et 87\u20ac <br \/> \n&#8211; <span style=\"color: #339966;\"><strong>* 1.5kg de foin<\/strong><\/span> par mois : 2.50\u20ac <br \/> \n&#8211; <strong><span style=\"color: #339966;\">* 1 kilo de croquettes<\/span><\/strong> par mois : 2.20\u20ac <br \/> \n&#8211; <strong><span style=\"color: #339966;\">* fruits et l\u00e9gumes<\/span><\/strong> : environ 7\u20ac <br \/> \n&#8211; <strong><span style=\"color: #339966;\">* liti\u00e8re<\/span><\/strong> : 56 litres de copeaux, c&rsquo;est environ 3-4 changements de cage (tout d\u00e9pends de la quantit\u00e9 que vous mettez) et cela co\u00fbte environ 2.30\u20ac. Avec un changement de cage tous les 3-4 jours, vous ferez environ 7 changements de cage par mois. Donc, environ 4\u20ac de liti\u00e8re par mois. <br \/> \nCependant, tout d\u00e9pendra de la liti\u00e8re que vous utiliserez. <\/p> \n <p> <span style=\"text-decoration: underline;\">Total \u00e0 l&rsquo;entretien<\/span> : environ 15\u20ac\/mois pour 1 cobaye <br \/> \n&#8211; <span style=\"color: #0000ff;\"><strong>* Vitamine C en gouttes<\/strong><\/span> : 6\u20ac\/flacon <br \/> \n&#8211; <span style=\"color: #0000ff;\"><strong>* R\u00e9gulateur intestinal: <\/strong><\/span>7.50\u20ac <br \/> \n&#8211; <span style=\"color: #cc99ff;\"><strong>* coupe griffes<\/strong><\/span> : ~ 6.50\u20ac <br \/> \n&#8211; <span style=\"color: #cc99ff;\"><strong>* Brosse :<\/strong><\/span> entre 3 et 5\u20ac (une brosse pour b\u00e9b\u00e9s peut faire l&rsquo;affaire sur les races \u00e0 poils courts) <br \/> \n&#8211; <span style=\"color: #cc99ff;\"><strong>* Bo\u00eete de transport<\/strong><\/span> : environ 10\u20ac <\/p> \n <p> <strong><span style=\"color: #ff0000;\">Visite chez le v\u00e9t\u00e9rinaire :<\/span><\/strong> Tout d\u00e9pends de votre r\u00e9gion et si votre v\u00e9t\u00e9rinaire est sp\u00e9cialis\u00e9 Nacs. <br \/> \nLes consultations Nacs co\u00fbtent souvent plus cher que les consultations chiens\/chats. <br \/> \nComptez en moyenne 28\u20ac (chez moi, c&rsquo;est 36\u20ac) plus les \u00e9ventuels examens et m\u00e9dicaments. <\/p> \n <p> <a href=\"http:\/\/www.cobayous.com\/site\/qui-sommes-nous\/\"><img loading=\"lazy\" decoding=\"async\" class=\"alignright\" title=\"copyright-pomelo.jpg\" src=\"\/site\/wp-content\/uploads\/dossiers\/copyright-pomelo.jpg\" alt=\"copyright-pomelo.jpg\" width=\"275\" height=\"50\" border=\"0\" \/><\/a> <br \/> \n<script type=\"text\/javascript\">\/\/ <![CDATA[\n                       google_ad_client = \"ca-pub-3631834167777130\"; \/* 728x90, SITE BAS *\/ google_ad_slot = \"8092157966\"; google_ad_width = 728; google_ad_height = 90;\n\/\/ ]]><\/script> <br \/> \n<script type=\"text\/javascript\" src=\"http:\/\/pagead2.googlesyndication.com\/pagead\/show_ads.js\">\/\/ <![CDATA[\n\n\n\/\/ ]]><\/script> <br \/> \n<\/div><div style='clear: both;'><\/div> <\/p> \n","protected":false},"excerpt":{"rendered":"","protected":false},"author":1,"featured_media":0,"parent":74,"menu_order":6,"comment_status":"closed","ping_status":"closed","template":"pg-tpl-no-sidebars.php","meta":{"ngg_post_thumbnail":0,"footnotes":""},"class_list":["post-112","page","type-page","status-publish","hentry"],"yoast_head":"<!-- This site is optimized with the Yoast SEO plugin v27.1.1 - https:\/\/yoast.com\/product\/yoast-seo-wordpress\/ -->\n<title>Avant l&#039;achat : Combien \u00e7a co\u00fbte? - Les Cobayes Pom&amp;Lolo<\/title>\n<meta name=\"robots\" content=\"index, follow, max-snippet:-1, max-image-preview:large, max-video-preview:-1\" \/>\n<link rel=\"canonical\" href=\"http:\/\/www.cobayous.com\/site\/les-dossiers\/avant-achat-cobaye\/budget-combien-ca-coute\/\" \/>\n<meta property=\"og:locale\" content=\"fr_FR\" \/>\n<meta property=\"og:type\" content=\"article\" \/>\n<meta property=\"og:title\" content=\"Avant l&#039;achat : Combien \u00e7a co\u00fbte? - Les Cobayes Pom&amp;Lolo\" \/>\n<meta property=\"og:url\" content=\"http:\/\/www.cobayous.com\/site\/les-dossiers\/avant-achat-cobaye\/budget-combien-ca-coute\/\" \/>\n<meta property=\"og:site_name\" content=\"Les Cobayes Pom&amp;Lolo\" \/>\n<meta property=\"article:modified_time\" content=\"2012-05-20T14:24:46+00:00\" \/>\n<meta property=\"og:image\" content=\"http:\/\/www.cobayous.Com\/site\/wp-content\/uploads\/img\/memo.png\" \/>\n<meta name=\"twitter:card\" content=\"summary_large_image\" \/>\n<meta name=\"twitter:label1\" content=\"Dur\u00e9e de lecture estim\u00e9e\" \/>\n\t<meta name=\"twitter:data1\" content=\"2 minutes\" \/>\n<script type=\"application\/ld+json\" class=\"yoast-schema-graph\">{\"@context\":\"https:\/\/schema.org\",\"@graph\":[{\"@type\":\"WebPage\",\"@id\":\"http:\/\/www.cobayous.com\/site\/les-dossiers\/avant-achat-cobaye\/budget-combien-ca-coute\/\",\"url\":\"http:\/\/www.cobayous.com\/site\/les-dossiers\/avant-achat-cobaye\/budget-combien-ca-coute\/\",\"name\":\"Avant l'achat : Combien \u00e7a co\u00fbte? - Les Cobayes Pom&amp;Lolo\",\"isPartOf\":{\"@id\":\"http:\/\/www.cobayous.com\/site\/#website\"},\"primaryImageOfPage\":{\"@id\":\"http:\/\/www.cobayous.com\/site\/les-dossiers\/avant-achat-cobaye\/budget-combien-ca-coute\/#primaryimage\"},\"image\":{\"@id\":\"http:\/\/www.cobayous.com\/site\/les-dossiers\/avant-achat-cobaye\/budget-combien-ca-coute\/#primaryimage\"},\"thumbnailUrl\":\"http:\/\/www.cobayous.Com\/site\/wp-content\/uploads\/img\/memo.png\",\"datePublished\":\"2010-05-11T19:32:50+00:00\",\"dateModified\":\"2012-05-20T14:24:46+00:00\",\"breadcrumb\":{\"@id\":\"http:\/\/www.cobayous.com\/site\/les-dossiers\/avant-achat-cobaye\/budget-combien-ca-coute\/#breadcrumb\"},\"inLanguage\":\"fr-FR\",\"potentialAction\":[{\"@type\":\"ReadAction\",\"target\":[\"http:\/\/www.cobayous.com\/site\/les-dossiers\/avant-achat-cobaye\/budget-combien-ca-coute\/\"]}]},{\"@type\":\"ImageObject\",\"inLanguage\":\"fr-FR\",\"@id\":\"http:\/\/www.cobayous.com\/site\/les-dossiers\/avant-achat-cobaye\/budget-combien-ca-coute\/#primaryimage\",\"url\":\"http:\/\/www.cobayous.Com\/site\/wp-content\/uploads\/img\/memo.png\",\"contentUrl\":\"http:\/\/www.cobayous.Com\/site\/wp-content\/uploads\/img\/memo.png\"},{\"@type\":\"BreadcrumbList\",\"@id\":\"http:\/\/www.cobayous.com\/site\/les-dossiers\/avant-achat-cobaye\/budget-combien-ca-coute\/#breadcrumb\",\"itemListElement\":[{\"@type\":\"ListItem\",\"position\":1,\"name\":\"Accueil\",\"item\":\"http:\/\/www.cobayous.com\/site\/\"},{\"@type\":\"ListItem\",\"position\":2,\"name\":\"Dossiers\",\"item\":\"http:\/\/www.cobayous.com\/site\/les-dossiers\/\"},{\"@type\":\"ListItem\",\"position\":3,\"name\":\"Avant l&rsquo;achat\",\"item\":\"http:\/\/www.cobayous.com\/site\/les-dossiers\/avant-achat-cobaye\/\"},{\"@type\":\"ListItem\",\"position\":4,\"name\":\"Avant l&rsquo;achat : Combien \u00e7a co\u00fbte?\"}]},{\"@type\":\"WebSite\",\"@id\":\"http:\/\/www.cobayous.com\/site\/#website\",\"url\":\"http:\/\/www.cobayous.com\/site\/\",\"name\":\"Les Cobayes Pom&Lolo\",\"description\":\"\",\"publisher\":{\"@id\":\"http:\/\/www.cobayous.com\/site\/#organization\"},\"potentialAction\":[{\"@type\":\"SearchAction\",\"target\":{\"@type\":\"EntryPoint\",\"urlTemplate\":\"http:\/\/www.cobayous.com\/site\/?s={search_term_string}\"},\"query-input\":{\"@type\":\"PropertyValueSpecification\",\"valueRequired\":true,\"valueName\":\"search_term_string\"}}],\"inLanguage\":\"fr-FR\"},{\"@type\":\"Organization\",\"@id\":\"http:\/\/www.cobayous.com\/site\/#organization\",\"name\":\"Les Cobayes Pom&Lolo\",\"url\":\"http:\/\/www.cobayous.com\/site\/\",\"logo\":{\"@type\":\"ImageObject\",\"inLanguage\":\"fr-FR\",\"@id\":\"http:\/\/www.cobayous.com\/site\/#\/schema\/logo\/image\/\",\"url\":\"http:\/\/www.cobayous.com\/site\/wp-content\/uploads\/2024\/01\/header-bg.png\",\"contentUrl\":\"http:\/\/www.cobayous.com\/site\/wp-content\/uploads\/2024\/01\/header-bg.png\",\"width\":1022,\"height\":250,\"caption\":\"Les Cobayes Pom&Lolo\"},\"image\":{\"@id\":\"http:\/\/www.cobayous.com\/site\/#\/schema\/logo\/image\/\"}}]}<\/script>\n<!-- \/ Yoast SEO plugin. -->","yoast_head_json":{"title":"Avant l'achat : Combien \u00e7a co\u00fbte? - Les Cobayes Pom&amp;Lolo","robots":{"index":"index","follow":"follow","max-snippet":"max-snippet:-1","max-image-preview":"max-image-preview:large","max-video-preview":"max-video-preview:-1"},"canonical":"http:\/\/www.cobayous.com\/site\/les-dossiers\/avant-achat-cobaye\/budget-combien-ca-coute\/","og_locale":"fr_FR","og_type":"article","og_title":"Avant l'achat : Combien \u00e7a co\u00fbte? - Les Cobayes Pom&amp;Lolo","og_url":"http:\/\/www.cobayous.com\/site\/les-dossiers\/avant-achat-cobaye\/budget-combien-ca-coute\/","og_site_name":"Les Cobayes Pom&amp;Lolo","article_modified_time":"2012-05-20T14:24:46+00:00","og_image":[{"url":"http:\/\/www.cobayous.Com\/site\/wp-content\/uploads\/img\/memo.png","type":"","width":"","height":""}],"twitter_card":"summary_large_image","twitter_misc":{"Dur\u00e9e de lecture estim\u00e9e":"2 minutes"},"schema":{"@context":"https:\/\/schema.org","@graph":[{"@type":"WebPage","@id":"http:\/\/www.cobayous.com\/site\/les-dossiers\/avant-achat-cobaye\/budget-combien-ca-coute\/","url":"http:\/\/www.cobayous.com\/site\/les-dossiers\/avant-achat-cobaye\/budget-combien-ca-coute\/","name":"Avant l'achat : Combien \u00e7a co\u00fbte? - Les Cobayes Pom&amp;Lolo","isPartOf":{"@id":"http:\/\/www.cobayous.com\/site\/#website"},"primaryImageOfPage":{"@id":"http:\/\/www.cobayous.com\/site\/les-dossiers\/avant-achat-cobaye\/budget-combien-ca-coute\/#primaryimage"},"image":{"@id":"http:\/\/www.cobayous.com\/site\/les-dossiers\/avant-achat-cobaye\/budget-combien-ca-coute\/#primaryimage"},"thumbnailUrl":"http:\/\/www.cobayous.Com\/site\/wp-content\/uploads\/img\/memo.png","datePublished":"2010-05-11T19:32:50+00:00","dateModified":"2012-05-20T14:24:46+00:00","breadcrumb":{"@id":"http:\/\/www.cobayous.com\/site\/les-dossiers\/avant-achat-cobaye\/budget-combien-ca-coute\/#breadcrumb"},"inLanguage":"fr-FR","potentialAction":[{"@type":"ReadAction","target":["http:\/\/www.cobayous.com\/site\/les-dossiers\/avant-achat-cobaye\/budget-combien-ca-coute\/"]}]},{"@type":"ImageObject","inLanguage":"fr-FR","@id":"http:\/\/www.cobayous.com\/site\/les-dossiers\/avant-achat-cobaye\/budget-combien-ca-coute\/#primaryimage","url":"http:\/\/www.cobayous.Com\/site\/wp-content\/uploads\/img\/memo.png","contentUrl":"http:\/\/www.cobayous.Com\/site\/wp-content\/uploads\/img\/memo.png"},{"@type":"BreadcrumbList","@id":"http:\/\/www.cobayous.com\/site\/les-dossiers\/avant-achat-cobaye\/budget-combien-ca-coute\/#breadcrumb","itemListElement":[{"@type":"ListItem","position":1,"name":"Accueil","item":"http:\/\/www.cobayous.com\/site\/"},{"@type":"ListItem","position":2,"name":"Dossiers","item":"http:\/\/www.cobayous.com\/site\/les-dossiers\/"},{"@type":"ListItem","position":3,"name":"Avant l&rsquo;achat","item":"http:\/\/www.cobayous.com\/site\/les-dossiers\/avant-achat-cobaye\/"},{"@type":"ListItem","position":4,"name":"Avant l&rsquo;achat : Combien \u00e7a co\u00fbte?"}]},{"@type":"WebSite","@id":"http:\/\/www.cobayous.com\/site\/#website","url":"http:\/\/www.cobayous.com\/site\/","name":"Les Cobayes Pom&Lolo","description":"","publisher":{"@id":"http:\/\/www.cobayous.com\/site\/#organization"},"potentialAction":[{"@type":"SearchAction","target":{"@type":"EntryPoint","urlTemplate":"http:\/\/www.cobayous.com\/site\/?s={search_term_string}"},"query-input":{"@type":"PropertyValueSpecification","valueRequired":true,"valueName":"search_term_string"}}],"inLanguage":"fr-FR"},{"@type":"Organization","@id":"http:\/\/www.cobayous.com\/site\/#organization","name":"Les Cobayes Pom&Lolo","url":"http:\/\/www.cobayous.com\/site\/","logo":{"@type":"ImageObject","inLanguage":"fr-FR","@id":"http:\/\/www.cobayous.com\/site\/#\/schema\/logo\/image\/","url":"http:\/\/www.cobayous.com\/site\/wp-content\/uploads\/2024\/01\/header-bg.png","contentUrl":"http:\/\/www.cobayous.com\/site\/wp-content\/uploads\/2024\/01\/header-bg.png","width":1022,"height":250,"caption":"Les Cobayes Pom&Lolo"},"image":{"@id":"http:\/\/www.cobayous.com\/site\/#\/schema\/logo\/image\/"}}]}},"_links":{"self":[{"href":"http:\/\/www.cobayous.com\/site\/wp-json\/wp\/v2\/pages\/112","targetHints":{"allow":["GET"]}}],"collection":[{"href":"http:\/\/www.cobayous.com\/site\/wp-json\/wp\/v2\/pages"}],"about":[{"href":"http:\/\/www.cobayous.com\/site\/wp-json\/wp\/v2\/types\/page"}],"author":[{"embeddable":true,"href":"http:\/\/www.cobayous.com\/site\/wp-json\/wp\/v2\/users\/1"}],"replies":[{"embeddable":true,"href":"http:\/\/www.cobayous.com\/site\/wp-json\/wp\/v2\/comments?post=112"}],"version-history":[{"count":0,"href":"http:\/\/www.cobayous.com\/site\/wp-json\/wp\/v2\/pages\/112\/revisions"}],"up":[{"embeddable":true,"href":"http:\/\/www.cobayous.com\/site\/wp-json\/wp\/v2\/pages\/74"}],"wp:attachment":[{"href":"http:\/\/www.cobayous.com\/site\/wp-json\/wp\/v2\/media?parent=112"}],"curies":[{"name":"wp","href":"https:\/\/api.w.org\/{rel}","templated":true}]}}