{"id":1113,"date":"2011-01-16T18:45:15","date_gmt":"2011-01-16T17:45:15","guid":{"rendered":"http:\/\/www.cobayous.com\/site\/"},"modified":"2016-11-23T20:58:12","modified_gmt":"2016-11-23T19:58:12","slug":"males","status":"publish","type":"page","link":"http:\/\/www.cobayous.com\/site\/les-dossiers\/cohabitation-cobaye\/males\/","title":{"rendered":"Cohabitation chez le cobaye : deux m\u00e2les"},"content":{"rendered":" <p> [ezcol_1third] <\/p> \n<div style=\"background: #FFEFCE; border: 1px solid #BD8D46; color: #404040; padding: 0 10px 0 10px; margin-top: 1em; text-align: justify; border-radius: 10px;\">\n<h3><img loading=\"lazy\" decoding=\"async\" class=\"alignleft\" title=\"memo\" src=\"http:\/\/www.cobayous.Com\/site\/wp-content\/uploads\/img\/memo.png\" alt=\"\" width=\"30\" height=\"30\">EN BREF<\/h3>\n <p> La cohabitation n&rsquo;est jamais quelque chose d&rsquo;acquis. Restez toujours vigilent et pr\u00e8s \u00e0 s\u00e9parer vos animaux en cas de probl\u00e8me. <\/p> \n<\/div>\n<div style=\"background: #EDF7F2; border: 1px solid #7FC6BC; color: #404040; padding: 0 10px 0 10px; margin-top: 1em; text-align: justify; border-radius: 10px;\">\n <p> <img loading=\"lazy\" decoding=\"async\" class=\"alignleft\" title=\"alire\" src=\"http:\/\/www.cobayous.Com\/site\/wp-content\/uploads\/img\/books.png\" alt=\"\" width=\"30\" height=\"30\"> <\/p> \n<h3>A LIRE<\/h3>\n <p> <span style=\"color: #008000;\" title=\"Pr\u00e9parer son arriv\u00e9e : Cage et accessoires\">Dans la rubrique Cohabitation :<\/span> <\/p> \n<ul>\n<li>Entre m\u00e2les<\/li>\n<li><a title=\"Cohabitation chez le cobaye : deux femelles\" href=\"http:\/\/www.cobayous.com\/site\/les-dossiers\/cohabitation-cobaye\/femelles\/\">Entre femelles<\/a><\/li>\n<li><a title=\"Cohabitation chez le cobaye : un couple\" href=\"http:\/\/www.cobayous.com\/site\/les-dossiers\/cohabitation-cobaye\/couple\/\">En couple<\/a><\/li>\n<\/ul>\n <p> <span style=\"color: #008000;\">Dossiers Connexes :<\/span> <\/p> \n<ul>\n<li><a title=\"Animalerie : prendre garde aux conseils !\" href=\"http:\/\/www.cobayous.com\/site\/les-dossiers\/avant-achat-cobaye\/animalerie-prendre-garde-aux-conseils\/\">Animalerie, attention aux conseils !<\/a><\/li>\n<li><a title=\"Le cobaye et les vacances\" href=\"http:\/\/www.cobayous.com\/site\/les-dossiers\/speciaux-pratiques\/le-cobaye-et-les-vacances\/\">Le Cobaye et les Vacances<\/a><\/li>\n<li><a title=\"Rongeurs et Enfants\" href=\"http:\/\/www.cobayous.com\/site\/les-dossiers\/avant-achat-cobaye\/rongeurs-et-enfants\/\">Rongeurs et enfants<\/a><\/li>\n<\/ul>\n<\/div>\n <p> &nbsp; <\/p> \n<div style=\"background: #ffffff; border: 1px solid #EACFB8; color: #404040; padding: 0 10px 0 10px; margin-top: 1em; text-align: justify; border-radius: 10px;\">\n<script async src=\"\/\/pagead2.googlesyndication.com\/pagead\/js\/adsbygoogle.js\"><\/script> <br \/> \n <!-- cob-dossier-gauche -->  <br \/> \n<ins class=\"adsbygoogle\"\n     style=\"display:block\"\n     data-ad-client=\"ca-pub-3631834167777130\"\n     data-ad-slot=\"6832657395\"\n     data-ad-format=\"auto\"><\/ins> <br \/> \n<script>\n(adsbygoogle = window.adsbygoogle || []).push({});\n<\/script> <br \/> \n<img loading=\"lazy\" decoding=\"async\" class=\"alignleft\" src=\"http:\/\/www.cobayous.Com\/site\/wp-content\/uploads\/img\/question.png\" alt=\"\" width=\"30\" height=\"30\"> <\/p> \n<h4>DES QUESTIONS ?<\/h4>\n <p> Tu as des questions \u00e0 poser sur les cobayes? Tu souhaites discuter avec nous? <\/p> \n <p> <img loading=\"lazy\" decoding=\"async\" class=\"alignleft\" title=\"talk\" src=\"http:\/\/www.cobayous.com\/site\/wp-content\/uploads\/img\/icon-talk.png\" alt=\"\" width=\"44\" height=\"30\"> <a href=\"http:\/\/www.cobayous.Com\/forum\">Rejoins-nous !<\/a> <\/p> \n<\/div>\n <p> [\/ezcol_1third] [ezcol_2third_end] <\/p> \n <p> <span style=\"color: #3366ff;\"><strong>\u2022 <span style=\"text-decoration: underline;\">Peut-on faire cohabiter deux m\u00e2les ensemble?<\/span><\/strong><\/span> <\/p> \n <p> Pour r\u00e9pondre \u00e0 cette question, <strong>l&rsquo;\u00e2ge<\/strong> de ton cobaye actuel a une <strong>grande<\/strong> <strong>importance<\/strong>. <br \/> \n<strong>&#8211;&gt; Ton cobaye est adulte<\/strong> (il a plus d&rsquo;un an). <br \/> \nTu peux tenter une cohabitation avec un petit m\u00e2le tout juste sevr\u00e9 (3-4 semaines) <br \/> \nMais garde toujours \u00e0 l&rsquo;esprit que cette cohabitation peut ne pas fonctionner. <br \/> \nQuel que soit le sexe des cobayes que tu veux faire cohabiter, il te faudra toujours suivre les m\u00eames r\u00e8gles et \u00e9tapes qui sont d\u00e9crites plus bas. <\/p> \n <p> <strong>&#8211;&gt; Ton cobaye est tout jeune<\/strong> <br \/> \nAlors il te faut adopter un cobaye qui est tout jeune lui aussi. <br \/> \nSi tu as la chance d&rsquo;adopter les deux petits m\u00e2les en m\u00eame temps, c&rsquo;est une tr\u00e8s bonne chose. <br \/> \nSi tu parviens \u00e0 adopter deux fr\u00e8res, c&rsquo;est encore mieux ! <\/p> \n <p> Chez les <strong>m\u00e2les<\/strong>, le <strong>point critique est vers 8 mois<\/strong>: c&rsquo;est la que<strong> la dominance se fixe<\/strong>. L&rsquo;un des deux sera le dominant, l&rsquo;autre le domin\u00e9, c&rsquo;est la nature&#8230; Si ton duo est bien \u00e9quilibr\u00e9, \u00e7a va un peu se chamailler, et chacun trouvera sa place naturellement. <br \/> \nMais si ce sont <strong>deux petits bouts dominants<\/strong>, ils <strong>ne se supporteront plus<\/strong>&#8230; et alors, la meilleure des choses \u00e0 faire, est de <strong>les installer dans deux cages<\/strong>, c\u00f4te \u00e0 c\u00f4t\u00e9: c&rsquo;est qu&rsquo;ils s&rsquo;aiment de loin, mais ils s&rsquo;aiment quand m\u00eame <span class=\"wp-font-emots-emo-wink\"><\/span> <\/p> \n <p> &#8212;&#8212;&#8212;&#8212;&#8212;&#8212;&#8212;&#8212;&#8212;&#8212;&#8212;&#8212;&#8212;&#8212;&#8212;- <\/p> \n<blockquote>\n<div>\n <p> <strong><span style=\"text-decoration: underline;\">Les r\u00e8gles \u00e0 respecter pour tenter la meilleure des cohabitation<\/span><\/strong> <\/p> \n <p> &#8211; Quel que soit l&rsquo;\u00e2ge du petit nouveau, il faut toujours faire une <strong>quarantaine<\/strong> (40 jours isol\u00e9 dans une autre pi\u00e8ce en respectant les r\u00e8gles d&rsquo;hygi\u00e8ne \u00e9l\u00e9mentaires) <\/p> \n <p> &#8211; Apr\u00e8s la quarantaine, tu les fais se <strong>rencontrer<\/strong> sur un <strong>terrain neutre<\/strong> (sans odeur) et qu&rsquo;aucun des deux cobaye ne connait. La baignoire fait souvent l&rsquo;affaire. <br \/> \nTu pourras ainsi voir la r\u00e9action de l&rsquo;un et de l&rsquo;autre et voir commence \u00e7a se passe en dehors. <\/p> \n <p> &#8211; Tu <strong>pr\u00e9pares une cage toute propre<\/strong> et tu y bouges tous les accessoires pour que l&rsquo;ancien ne reconnaisse pas. Si tu as une cage neuve, c&rsquo;est encore mieux <span class=\"wp-font-emots-emo-wink\"><\/span> <\/p> \n <p> &#8211; Tu y mets le petit \u00e0 l&rsquo;avance pendant 30 minutes, et puis tu d\u00e9poses le grand. <\/p> \n <p> &#8211; Ils vont roucouler, se poursuivre un peu, mais laisse faire! ils font connaissance, et en m\u00eame temps l&rsquo;un des deux va montrer qu&rsquo;il est le chef. <\/p> \n <p> <strong> <span style=\"text-decoration: underline;\">Il faut les s\u00e9parer si tu les entends claquer des dents, et se bagarrer. <\/span><\/strong> <\/p> \n <p> &#8211; Si tu as <strong>deux cobayes m\u00e2les qui s&rsquo;entendent bien<\/strong>,<span style=\"text-decoration: underline;\"><strong> ne leur pr\u00e9sente pas de femelle <\/strong><\/span>: cela risquerait de cr\u00e9er un sujet de tension et de bagarre et de casser la bonne entente et la cohabitation. <\/p> \n<\/div>\n<\/blockquote>\n <p> &#8212;&#8212;&#8212;&#8212;&#8212;&#8212;&#8212;&#8212;&#8212;&#8212;&#8212;&#8212;&#8212;&#8212;- <\/p> \n <p> <span style=\"color: #3366ff;\"><strong>\u2022 <span style=\"text-decoration: underline;\">T\u00e9moignages<\/span><\/strong><\/span> <\/p> \n<blockquote> <p> <strong><span style=\"text-decoration: underline;\">Crolle<\/span><\/strong> : <em>J&rsquo;en ai un, solitaire et dominant, qui adore les chonchons d&rsquo;\u00e0 c\u00f4t\u00e9, il parle avec, il les observe, crie apr\u00e8s eux&#8230; mais chacun chez soi<\/em> <\/p> <\/blockquote>\n<blockquote> <p> <strong><span style=\"text-decoration: underline;\">Druwi<\/span><\/strong> : <em>J&rsquo;ai eu la chance de pouvoir adopter 2 fr\u00e8res, ce qui augmente la chance que leur cohabitation se passe bien. C&rsquo;est effectivement le cas. M\u00eame s&rsquo;il y a parfois quelques frictions, roucoulements et claquements de dents, mes 2 p\u00e9p\u00e8res s&rsquo;entendent bien. Ils ont pris 2 ans cette ann\u00e9e. <br \/> \nMalgr\u00e9 la pr\u00e9sence dans la m\u00eame pi\u00e8ce d&rsquo;une femelle, arriv\u00e9e alors qu&rsquo;ils \u00e9taient d\u00e9j\u00e0 \u00e2g\u00e9s d&rsquo;un an, leur comportement n&rsquo;a pas chang\u00e9. <br \/> \nDe plus cette ann\u00e9e j&rsquo;ai adopt\u00e9 un 3\u00e8me petit m\u00e2le qui vit maintenant dans une cage juste \u00e0 c\u00f4t\u00e9 de la leur. Leur hi\u00e9rarchie n&rsquo;a pas boug\u00e9e et ils ont l&rsquo;air plut\u00f4t contents d&rsquo;avoir un petit voisin.<\/em> <\/p> <\/blockquote>\n <p> <a href=\"http:\/\/www.cobayous.com\/site\/qui-sommes-nous\/\"><img loading=\"lazy\" decoding=\"async\" class=\"alignright\" title=\"copyright-pomelo.jpg\" src=\"\/site\/wp-content\/uploads\/dossiers\/copyright-pomelo.jpg\" alt=\"copyright-pomelo.jpg\" width=\"275\" height=\"50\" border=\"0\"><\/a> <\/p> \n <p> [\/ezcol_2third_end] <\/p> \n","protected":false},"excerpt":{"rendered":" <p> [ezcol_1third] EN BREF La cohabitation n&rsquo;est jamais quelque chose d&rsquo;acquis. Restez toujours vigilent et pr\u00e8s \u00e0 s\u00e9parer vos animaux en cas de probl\u00e8me. A LIRE Dans la rubrique Cohabitation :&#8230; <a href=\"http:\/\/www.cobayous.com\/site\/les-dossiers\/cohabitation-cobaye\/males\/\">Read more &raquo;<\/a> <\/p> \n","protected":false},"author":1,"featured_media":0,"parent":1111,"menu_order":0,"comment_status":"closed","ping_status":"open","template":"","meta":{"ngg_post_thumbnail":0,"footnotes":""},"class_list":["post-1113","page","type-page","status-publish","hentry"],"yoast_head":"<!-- This site is optimized with the Yoast SEO plugin v27.1.1 - https:\/\/yoast.com\/product\/yoast-seo-wordpress\/ -->\n<title>Cohabitation chez le cobaye : deux m\u00e2les - Les Cobayes Pom&amp;Lolo<\/title>\n<meta name=\"robots\" content=\"index, follow, max-snippet:-1, max-image-preview:large, max-video-preview:-1\" \/>\n<link rel=\"canonical\" href=\"http:\/\/www.cobayous.com\/site\/les-dossiers\/cohabitation-cobaye\/males\/\" \/>\n<meta property=\"og:locale\" content=\"fr_FR\" \/>\n<meta property=\"og:type\" content=\"article\" \/>\n<meta property=\"og:title\" content=\"Cohabitation chez le cobaye : deux m\u00e2les - Les Cobayes Pom&amp;Lolo\" \/>\n<meta property=\"og:description\" content=\"[ezcol_1third] EN BREF La cohabitation n&rsquo;est jamais quelque chose d&rsquo;acquis. Restez toujours vigilent et pr\u00e8s \u00e0 s\u00e9parer vos animaux en cas de probl\u00e8me. A LIRE Dans la rubrique Cohabitation :... Read more &raquo;\" \/>\n<meta property=\"og:url\" content=\"http:\/\/www.cobayous.com\/site\/les-dossiers\/cohabitation-cobaye\/males\/\" \/>\n<meta property=\"og:site_name\" content=\"Les Cobayes Pom&amp;Lolo\" \/>\n<meta property=\"article:modified_time\" content=\"2016-11-23T19:58:12+00:00\" \/>\n<meta property=\"og:image\" content=\"http:\/\/www.cobayous.Com\/site\/wp-content\/uploads\/img\/memo.png\" \/>\n<meta name=\"twitter:card\" content=\"summary_large_image\" \/>\n<meta name=\"twitter:label1\" content=\"Dur\u00e9e de lecture estim\u00e9e\" \/>\n\t<meta name=\"twitter:data1\" content=\"3 minutes\" \/>\n<script type=\"application\/ld+json\" class=\"yoast-schema-graph\">{\"@context\":\"https:\/\/schema.org\",\"@graph\":[{\"@type\":\"WebPage\",\"@id\":\"http:\/\/www.cobayous.com\/site\/les-dossiers\/cohabitation-cobaye\/males\/\",\"url\":\"http:\/\/www.cobayous.com\/site\/les-dossiers\/cohabitation-cobaye\/males\/\",\"name\":\"Cohabitation chez le cobaye : deux m\u00e2les - Les Cobayes Pom&amp;Lolo\",\"isPartOf\":{\"@id\":\"http:\/\/www.cobayous.com\/site\/#website\"},\"primaryImageOfPage\":{\"@id\":\"http:\/\/www.cobayous.com\/site\/les-dossiers\/cohabitation-cobaye\/males\/#primaryimage\"},\"image\":{\"@id\":\"http:\/\/www.cobayous.com\/site\/les-dossiers\/cohabitation-cobaye\/males\/#primaryimage\"},\"thumbnailUrl\":\"http:\/\/www.cobayous.Com\/site\/wp-content\/uploads\/img\/memo.png\",\"datePublished\":\"2011-01-16T17:45:15+00:00\",\"dateModified\":\"2016-11-23T19:58:12+00:00\",\"breadcrumb\":{\"@id\":\"http:\/\/www.cobayous.com\/site\/les-dossiers\/cohabitation-cobaye\/males\/#breadcrumb\"},\"inLanguage\":\"fr-FR\",\"potentialAction\":[{\"@type\":\"ReadAction\",\"target\":[\"http:\/\/www.cobayous.com\/site\/les-dossiers\/cohabitation-cobaye\/males\/\"]}]},{\"@type\":\"ImageObject\",\"inLanguage\":\"fr-FR\",\"@id\":\"http:\/\/www.cobayous.com\/site\/les-dossiers\/cohabitation-cobaye\/males\/#primaryimage\",\"url\":\"http:\/\/www.cobayous.Com\/site\/wp-content\/uploads\/img\/memo.png\",\"contentUrl\":\"http:\/\/www.cobayous.Com\/site\/wp-content\/uploads\/img\/memo.png\"},{\"@type\":\"BreadcrumbList\",\"@id\":\"http:\/\/www.cobayous.com\/site\/les-dossiers\/cohabitation-cobaye\/males\/#breadcrumb\",\"itemListElement\":[{\"@type\":\"ListItem\",\"position\":1,\"name\":\"Accueil\",\"item\":\"http:\/\/www.cobayous.com\/site\/\"},{\"@type\":\"ListItem\",\"position\":2,\"name\":\"Dossiers\",\"item\":\"http:\/\/www.cobayous.com\/site\/les-dossiers\/\"},{\"@type\":\"ListItem\",\"position\":3,\"name\":\"Cohabitation chez le cobaye\",\"item\":\"http:\/\/www.cobayous.com\/site\/les-dossiers\/cohabitation-cobaye\/\"},{\"@type\":\"ListItem\",\"position\":4,\"name\":\"Cohabitation chez le cobaye : deux m\u00e2les\"}]},{\"@type\":\"WebSite\",\"@id\":\"http:\/\/www.cobayous.com\/site\/#website\",\"url\":\"http:\/\/www.cobayous.com\/site\/\",\"name\":\"Les Cobayes Pom&Lolo\",\"description\":\"\",\"publisher\":{\"@id\":\"http:\/\/www.cobayous.com\/site\/#organization\"},\"potentialAction\":[{\"@type\":\"SearchAction\",\"target\":{\"@type\":\"EntryPoint\",\"urlTemplate\":\"http:\/\/www.cobayous.com\/site\/?s={search_term_string}\"},\"query-input\":{\"@type\":\"PropertyValueSpecification\",\"valueRequired\":true,\"valueName\":\"search_term_string\"}}],\"inLanguage\":\"fr-FR\"},{\"@type\":\"Organization\",\"@id\":\"http:\/\/www.cobayous.com\/site\/#organization\",\"name\":\"Les Cobayes Pom&Lolo\",\"url\":\"http:\/\/www.cobayous.com\/site\/\",\"logo\":{\"@type\":\"ImageObject\",\"inLanguage\":\"fr-FR\",\"@id\":\"http:\/\/www.cobayous.com\/site\/#\/schema\/logo\/image\/\",\"url\":\"http:\/\/www.cobayous.com\/site\/wp-content\/uploads\/2024\/01\/header-bg.png\",\"contentUrl\":\"http:\/\/www.cobayous.com\/site\/wp-content\/uploads\/2024\/01\/header-bg.png\",\"width\":1022,\"height\":250,\"caption\":\"Les Cobayes Pom&Lolo\"},\"image\":{\"@id\":\"http:\/\/www.cobayous.com\/site\/#\/schema\/logo\/image\/\"}}]}<\/script>\n<!-- \/ Yoast SEO plugin. -->","yoast_head_json":{"title":"Cohabitation chez le cobaye : deux m\u00e2les - Les Cobayes Pom&amp;Lolo","robots":{"index":"index","follow":"follow","max-snippet":"max-snippet:-1","max-image-preview":"max-image-preview:large","max-video-preview":"max-video-preview:-1"},"canonical":"http:\/\/www.cobayous.com\/site\/les-dossiers\/cohabitation-cobaye\/males\/","og_locale":"fr_FR","og_type":"article","og_title":"Cohabitation chez le cobaye : deux m\u00e2les - Les Cobayes Pom&amp;Lolo","og_description":"[ezcol_1third] EN BREF La cohabitation n&rsquo;est jamais quelque chose d&rsquo;acquis. Restez toujours vigilent et pr\u00e8s \u00e0 s\u00e9parer vos animaux en cas de probl\u00e8me. A LIRE Dans la rubrique Cohabitation :... Read more &raquo;","og_url":"http:\/\/www.cobayous.com\/site\/les-dossiers\/cohabitation-cobaye\/males\/","og_site_name":"Les Cobayes Pom&amp;Lolo","article_modified_time":"2016-11-23T19:58:12+00:00","og_image":[{"url":"http:\/\/www.cobayous.Com\/site\/wp-content\/uploads\/img\/memo.png","type":"","width":"","height":""}],"twitter_card":"summary_large_image","twitter_misc":{"Dur\u00e9e de lecture estim\u00e9e":"3 minutes"},"schema":{"@context":"https:\/\/schema.org","@graph":[{"@type":"WebPage","@id":"http:\/\/www.cobayous.com\/site\/les-dossiers\/cohabitation-cobaye\/males\/","url":"http:\/\/www.cobayous.com\/site\/les-dossiers\/cohabitation-cobaye\/males\/","name":"Cohabitation chez le cobaye : deux m\u00e2les - Les Cobayes Pom&amp;Lolo","isPartOf":{"@id":"http:\/\/www.cobayous.com\/site\/#website"},"primaryImageOfPage":{"@id":"http:\/\/www.cobayous.com\/site\/les-dossiers\/cohabitation-cobaye\/males\/#primaryimage"},"image":{"@id":"http:\/\/www.cobayous.com\/site\/les-dossiers\/cohabitation-cobaye\/males\/#primaryimage"},"thumbnailUrl":"http:\/\/www.cobayous.Com\/site\/wp-content\/uploads\/img\/memo.png","datePublished":"2011-01-16T17:45:15+00:00","dateModified":"2016-11-23T19:58:12+00:00","breadcrumb":{"@id":"http:\/\/www.cobayous.com\/site\/les-dossiers\/cohabitation-cobaye\/males\/#breadcrumb"},"inLanguage":"fr-FR","potentialAction":[{"@type":"ReadAction","target":["http:\/\/www.cobayous.com\/site\/les-dossiers\/cohabitation-cobaye\/males\/"]}]},{"@type":"ImageObject","inLanguage":"fr-FR","@id":"http:\/\/www.cobayous.com\/site\/les-dossiers\/cohabitation-cobaye\/males\/#primaryimage","url":"http:\/\/www.cobayous.Com\/site\/wp-content\/uploads\/img\/memo.png","contentUrl":"http:\/\/www.cobayous.Com\/site\/wp-content\/uploads\/img\/memo.png"},{"@type":"BreadcrumbList","@id":"http:\/\/www.cobayous.com\/site\/les-dossiers\/cohabitation-cobaye\/males\/#breadcrumb","itemListElement":[{"@type":"ListItem","position":1,"name":"Accueil","item":"http:\/\/www.cobayous.com\/site\/"},{"@type":"ListItem","position":2,"name":"Dossiers","item":"http:\/\/www.cobayous.com\/site\/les-dossiers\/"},{"@type":"ListItem","position":3,"name":"Cohabitation chez le cobaye","item":"http:\/\/www.cobayous.com\/site\/les-dossiers\/cohabitation-cobaye\/"},{"@type":"ListItem","position":4,"name":"Cohabitation chez le cobaye : deux m\u00e2les"}]},{"@type":"WebSite","@id":"http:\/\/www.cobayous.com\/site\/#website","url":"http:\/\/www.cobayous.com\/site\/","name":"Les Cobayes Pom&Lolo","description":"","publisher":{"@id":"http:\/\/www.cobayous.com\/site\/#organization"},"potentialAction":[{"@type":"SearchAction","target":{"@type":"EntryPoint","urlTemplate":"http:\/\/www.cobayous.com\/site\/?s={search_term_string}"},"query-input":{"@type":"PropertyValueSpecification","valueRequired":true,"valueName":"search_term_string"}}],"inLanguage":"fr-FR"},{"@type":"Organization","@id":"http:\/\/www.cobayous.com\/site\/#organization","name":"Les Cobayes Pom&Lolo","url":"http:\/\/www.cobayous.com\/site\/","logo":{"@type":"ImageObject","inLanguage":"fr-FR","@id":"http:\/\/www.cobayous.com\/site\/#\/schema\/logo\/image\/","url":"http:\/\/www.cobayous.com\/site\/wp-content\/uploads\/2024\/01\/header-bg.png","contentUrl":"http:\/\/www.cobayous.com\/site\/wp-content\/uploads\/2024\/01\/header-bg.png","width":1022,"height":250,"caption":"Les Cobayes Pom&Lolo"},"image":{"@id":"http:\/\/www.cobayous.com\/site\/#\/schema\/logo\/image\/"}}]}},"_links":{"self":[{"href":"http:\/\/www.cobayous.com\/site\/wp-json\/wp\/v2\/pages\/1113","targetHints":{"allow":["GET"]}}],"collection":[{"href":"http:\/\/www.cobayous.com\/site\/wp-json\/wp\/v2\/pages"}],"about":[{"href":"http:\/\/www.cobayous.com\/site\/wp-json\/wp\/v2\/types\/page"}],"author":[{"embeddable":true,"href":"http:\/\/www.cobayous.com\/site\/wp-json\/wp\/v2\/users\/1"}],"replies":[{"embeddable":true,"href":"http:\/\/www.cobayous.com\/site\/wp-json\/wp\/v2\/comments?post=1113"}],"version-history":[{"count":2,"href":"http:\/\/www.cobayous.com\/site\/wp-json\/wp\/v2\/pages\/1113\/revisions"}],"predecessor-version":[{"id":3715,"href":"http:\/\/www.cobayous.com\/site\/wp-json\/wp\/v2\/pages\/1113\/revisions\/3715"}],"up":[{"embeddable":true,"href":"http:\/\/www.cobayous.com\/site\/wp-json\/wp\/v2\/pages\/1111"}],"wp:attachment":[{"href":"http:\/\/www.cobayous.com\/site\/wp-json\/wp\/v2\/media?parent=1113"}],"curies":[{"name":"wp","href":"https:\/\/api.w.org\/{rel}","templated":true}]}}