{"id":1106,"date":"2011-01-16T18:28:46","date_gmt":"2011-01-16T17:28:46","guid":{"rendered":"http:\/\/www.cobayous.com\/site\/"},"modified":"2012-05-20T20:19:42","modified_gmt":"2012-05-20T19:19:42","slug":"le-cobaye-et-les-vacances","status":"publish","type":"page","link":"http:\/\/www.cobayous.com\/site\/les-dossiers\/speciaux-pratiques\/le-cobaye-et-les-vacances\/","title":{"rendered":"Le cobaye et les vacances"},"content":{"rendered":"<div class=\"column_left200\" style=\"float: left; display: inline; \">\n<div style=\"background: #FFEFCE; border: 1px solid #BD8D46; color: #404040; padding: 0 10px 0 10px; margin-top: 1em; text-align: justify; border-radius: 10px;\">\n<h3><img loading=\"lazy\" decoding=\"async\" class=\"alignleft\" title=\"memo\" src=\"http:\/\/www.cobayous.Com\/site\/wp-content\/uploads\/img\/memo.png\" alt=\"\" width=\"30\" height=\"30\" \/>EN BREF<\/h3>\n <p> Toujours confier votre animal \u00e0 une personne de confiance en lui faisant un petit listing de ses habitudes. <\/p> \n <p> Lorsque vous partez en vacances, v\u00e9rifiez d&rsquo;abord que les animaux sont accept\u00e9s. <\/p> \n<\/div>\n<div style=\"background: #EDF7F2; border: 1px solid #7FC6BC; color: #404040; padding: 0 10px 0 10px; margin-top: 1em; text-align: justify; border-radius: 10px;\">\n <p> <img loading=\"lazy\" decoding=\"async\" class=\"alignleft\" title=\"alire\" src=\"http:\/\/www.cobayous.Com\/site\/wp-content\/uploads\/img\/books.png\" alt=\"\" width=\"30\" height=\"30\" \/> <\/p> \n<h3>A LIRE<\/h3>\n<ul>\n<li><a href=\"http:\/\/www.cobayous.com\/site\/les-dossiers\/avant-achat-cobaye\/rongeurs-et-enfants\/\">Contrat de garde<\/a><\/li>\n<li><a href=\"http:\/\/www.cobayous.com\/site\/les-dossiers\/avant-achat-cobaye\/rongeurs-et-enfants\/\">Rongeurs et enfants<\/a><\/li>\n<li><a title=\"Avant l\u2019achat : Vos reponsabilit\u00e9s\" href=\"http:\/\/www.cobayous.com\/site\/les-dossiers\/avant-achat-cobaye\/vos-reponsabilites\/\">Vos responsabilit\u00e9s<\/a><\/li>\n<li><a href=\"http:\/\/www.cobayous.com\/site\/les-dossiers\">Tous les dossiers<\/a><\/li>\n<\/ul>\n<\/div>\n <p> <script type=\"text\/javascript\">\/\/ <![CDATA[\n  google_ad_client = \"ca-pub-3631834167777130\"; \/* pometlolosidebardossiers-bloc200 *\/ google_ad_slot = \"7743384211\"; google_ad_width = 200; google_ad_height = 90;\n\/\/ ]]><\/script> <br \/> \n<script type=\"text\/javascript\" src=\"http:\/\/pagead2.googlesyndication.com\/pagead\/show_ads.js\">\/\/ <![CDATA[\n\n\n\/\/ ]]><\/script> <br \/> \n<script type=\"text\/javascript\">\/\/ <![CDATA[\n  google_ad_client = \"pub-3631834167777130\"; \/* pometlolo-sidebar-160x600 *\/ google_ad_slot = \"0152501946\"; google_ad_width = 160; google_ad_height = 600;\n\/\/ ]]><\/script> <br \/> \n<script type=\"text\/javascript\" src=\"http:\/\/pagead2.googlesyndication.com\/pagead\/show_ads.js\">\/\/ <![CDATA[\n\n\n\/\/ ]]><\/script> <br \/> \n<script type=\"text\/javascript\">\/\/ <![CDATA[\n  google_ad_client = \"ca-pub-3631834167777130\"; \/* pometlolosidebardossiers-bloc200 *\/ google_ad_slot = \"7743384211\"; google_ad_width = 200; google_ad_height = 90;\n\/\/ ]]><\/script> <br \/> \n<script type=\"text\/javascript\" src=\"http:\/\/pagead2.googlesyndication.com\/pagead\/show_ads.js\">\/\/ <![CDATA[\n\n\n\/\/ ]]><\/script> <\/p> \n<div style=\"background: #ffffff; border: 1px solid #EACFB8; color: #404040; padding: 0 10px 0 10px; margin-top: 1em; text-align: justify; border-radius: 10px;\">\n <p> <img loading=\"lazy\" decoding=\"async\" class=\"alignleft\" src=\"http:\/\/www.cobayous.Com\/site\/wp-content\/uploads\/img\/question.png\" alt=\"\" width=\"30\" height=\"30\" \/> <\/p> \n<h4>DES QUESTIONS ?<\/h4>\n <p> Tu as des questions \u00e0 poser sur les cobayes? Tu souhaites discuter avec nous? <\/p> \n <p> <img loading=\"lazy\" decoding=\"async\" class=\"alignleft\" title=\"talk\" src=\"http:\/\/www.cobayous.com\/site\/wp-content\/uploads\/img\/icon-talk.png\" alt=\"\" width=\"44\" height=\"30\" \/> <a href=\"http:\/\/www.cobayous.Com\/forum\">Rejoins-nous !<\/a> <\/p> \n<\/div>\n <p> <\/div> <br \/> \n<div class=\"column_right728\" style=\"float: left; display: inline; \"> <\/p> \n<div style=\"background: none repeat scroll 0% 0% #f5fafc; border: 1px solid #6396ef; color: #404040; padding: 0pt 10px; margin-top: 1em; max-width: 600px; min-height: 200px; text-align: left; margin-left: 5%; margin-right: 5%;\">\n <p> <img loading=\"lazy\" decoding=\"async\" class=\"alignleft\" src=\"http:\/\/www.cobayous.com\/site\/wp-content\/uploads\/dossiers\/vacances_anais.jpg\" alt=\"\" width=\"250\" height=\"167\" \/> <\/p> \n <p> \u00c7a y est, c&rsquo;est les vacances et la grande question de \u00ab\u00a0qu&rsquo;est-ce que je vais faire de mon pouiik\u00a0\u00bb se pose. <\/p> \n <p> Plusieurs solutions s&rsquo;offrent \u00e0 vous : <\/p> \n <p> 1 &#8211; le faire garder par quelqu&rsquo;un, \u00e0 son domicile. <br \/> \n2 &#8211; faire venir quelqu&rsquo;un tous les jours chez vous <br \/> \n3 &#8211; l&#8217;emmener avec vous en vacances <\/p> \n <p> Si vous le faites garder, pensez au <a href=\"http:\/\/www.cobayous.com\/site\/les-dossiers\/speciaux-pratiques\/faire-garder-son-animal-contrat-de-garde\/\">contrat de garde<\/a> <\/p> \n<\/div>\n<h3><\/h3>\n<h3 style=\"text-align: left;\"><span style=\"text-decoration: underline;\"><span style=\"color: #3366ff;\">1 &#8211; Le faire garder par quelqu&rsquo;un \u00e0 son domicile<\/span><\/span><\/h3>\n <p> Cela veut dire que vous devez faire appel \u00e0 une personne en qui vous avez vraiment une grande confiance. <br \/> \nCette personne devra nourrir votre cobaye, changer sa cage et veiller \u00e0 ce qu&rsquo;il ne manque de rien, v\u00e9rifier qu&rsquo;il est en bonne sant\u00e9&#8230; Bref, tout ce que vous faites en temps normal. <\/p> \n <p> Pour cela, n&rsquo;h\u00e9sitez pas \u00e0 pr\u00e9parer un petit cahier de route avec toutes les indications n\u00e9cessaires : <br \/> \n&#8211; ses habitudes alimentaires, ses pr\u00e9f\u00e9rences <br \/> \n&#8211; expliquer comment changer la cage et \u00e0 quelle fr\u00e9quence <br \/> \n&#8211; lui donner un num\u00e9ro de t\u00e9l\u00e9phone o\u00f9 vous joindre en cas de souci <br \/> \n&#8211; lui laisser les coordonn\u00e9es de votre v\u00e9t\u00e9rinaire NAC en cas d&rsquo;urgence et lui expliquer quels sont les cas d&rsquo;urgence <br \/> \n&#8211; lui donner quelques astuces en cas de grosses chaleur pour le rafra\u00eechir&#8230;. <br \/> \n&#8211; lui laisser une liste de fruits et l\u00e9gumes qu&rsquo;il peut manger mais aussi une liste des choses nocives. <\/p> \n <p> Il existe des gens qui s&rsquo;occupent de garder les rongeurs\/nacs durant les vacances moyennant finance ou non ainsi que des pensions NACs. <br \/> \nRenseignez-vous pr\u00e8s de chez vous et n&rsquo;h\u00e9sitez pas \u00e0 tester la personne en lui posant des questions pour voir si elle s&rsquo;y conna\u00eet r\u00e9ellement en cobayes. <\/p> \n<h3><span style=\"text-decoration: underline;\"><strong><span style=\"color: #3366ff;\">2 &#8211; Faire venir quelqu&rsquo;un tous les jours chez toi<\/span><\/strong><\/span><\/h3>\n <p> Pour \u00eatre honn\u00eate, ce n&rsquo;est pas une solution que je recommanderai sauf si vous pouvez r\u00e9ellement faire confiance \u00e0 100% \u00e0 la personne. En effet, des individus peu s\u00e9rieux ne viendront pas chez toi et ne s&rsquo;occuperont pas de ton animal. Livr\u00e9 \u00e0 lui m\u00eame chez toi, votre animal ne survivra pas bien longtemps. <br \/> \nIl y a la solution de facilit\u00e9 : \u00ab\u00a0je ne pars que quelques jours, je vais lui laisser ce dont il a besoin\u00a0\u00bb &#8211;&gt; mauvaise <br \/> \nid\u00e9e : le cobaye mange tant qu&rsquo;il y a de la nourriture et ne saura pas la g\u00e9rer. <br \/> \nDe plus, les fruits et l\u00e9gumes frais p\u00e9rissent vite dans une cage et cela n&rsquo;est donc pas possible. <br \/> \nM\u00eame chose pour l&rsquo;eau qui doit \u00eatre renouvel\u00e9e tous les jours. <br \/> \nEnfin, le cobaye a besoin de lumi\u00e8re naturelle tous les jours et, il est donc impossible de le laisser dans une maison \u00ab\u00a0volets ferm\u00e9s\u00a0\u00bb. <\/p> \n <p> Si vous optez quand m\u00eame pour cette solution, choisissez quelqu&rsquo;un d&rsquo;extr\u00eame confiance en lui pr\u00e9parant \u00e9galement un cahier de route (cf point pr\u00e9c\u00e9dent). <\/p> \n<h3><span style=\"text-decoration: underline;\"><strong><span style=\"color: #3366ff;\">3 &#8211; L&#8217;emmener en vacances avec vous.<\/span><\/strong><\/span><\/h3>\n <p> Si vous avez la possibilit\u00e9 de l&#8217;emmener avec vous, tant mieux! <\/p> \n <p> Il vous faut cependant veiller \u00e0 certaines petites choses : <br \/> \n&#8211; est-ce que les animaux sont accept\u00e9s sur votre lieu de r\u00e9sidence? <br \/> \n&#8211; est-ce que votre animal va supporter le voyage? <br \/> \n&#8211; si vous vous rendez dans un pays chaud, est-ce que l&rsquo;animal supportera le changement de climat? <\/p> \n <p> Le voyage et le changement d&rsquo;environnement sont des choses qui stressent un cobaye et qui peuvent le rendre malade (diarrh\u00e9e, anorexie due au stress &#8230;) <\/p> \n <p> Si vous voyagez en voiture, veillez \u00e0 faire tr\u00e8s attention avec la climatisation qui risque fort de le rendre malade (courant d&rsquo;air, coryza) ainsi qu&rsquo;au coup de chaleur. <br \/> \nUn trajet de 2-3 heures devrait se passer sans encombres.. <br \/> \nSi le trajet est plus long, surveillez bien ton cobaye et pensez \u00e0 lui donner \u00e0 boire, \u00e0 faire des pauses de temps en temps et \u00e0 le prendre un peu pour une petite s\u00e9ance c\u00e2lins qui le rassurera. <br \/> \nAstuce : comme le biberon n&rsquo;est pas tr\u00e8s pratique en voiture, laissez lui de l&rsquo;endive et du concombre <img loading=\"lazy\" decoding=\"async\" class=\"alignnone\" title=\"wink\" src=\"http:\/\/www.cobayous.com\/forum\/images\/smilies\/icon_wink.gif\" alt=\"\" width=\"20\" height=\"20\" \/> <\/p> \n <p> Si il fait tr\u00e8s chaud, recouvrez sa cage d&rsquo;un linge humide. <\/p> \n <p> <strong><span style=\"color: #ff0000;\"><span style=\"background-color: yellow;\">A bannir : les cages en plexi ! Un vrai four !!<\/span><\/span><\/strong> <\/p> \n <p> Avant de partir, pensez \u00e0 rechercher les coordonn\u00e9es d&rsquo;un v\u00e9t\u00e9rinaire Sp\u00e9 NAC pour votre lieu de vacances. <\/p> \n<h3><span style=\"color: #3366ff;\"><span style=\"text-decoration: underline;\"><strong>Les autres moyens de transport :<\/strong><\/span><\/span><\/h3>\n <p> \u2022 <strong><span style=\"text-decoration: underline;\">le train<\/span><\/strong> : c&rsquo;est selon moi le moyen de transport le mieux adapt\u00e9 pour le cobaye. <br \/> \nLa place est payante, certes mais c&rsquo;est s\u00e9curis\u00e9 et pas trop stressant pour l&rsquo;animal. <\/p> \n <p> \u2022 <strong><span style=\"text-decoration: underline;\">le bateau<\/span><\/strong> : renseignez-vous aupr\u00e8s des compagnies maritimes pour savoir ce que vous devez faire et si c&rsquo;est possible. Attention, certains animaux ne supportent pas le bateau. <\/p> \n <p> \u2022 <strong><span style=\"text-decoration: underline;\">l&rsquo;avion<\/span><\/strong> : non recommand\u00e9 pour votre animal mais cela reste n\u00e9anmoins possible. <br \/> \nSi votre animal p\u00e8se moins de 5 kg (ce que j&rsquo;esp\u00e8re pour votre cobaye <span class=\"wp-font-emots-emo-wink\"><\/span> ), il peut voyager en cabine dans une bo\u00eete de transport. <\/p> \n <p> Quel que soit votre mode de transport, renseignez-vous toujours aupr\u00e8s de la compagnie que vous\u00a0 avez choisi pour savoir si l&rsquo;animal sera autoris\u00e9 afin de voyager dans les meilleurs conditions possibles. Demandez \u00e9ventuellement une preuve \u00e9crite&#8230; <\/p> \n <p> <a href=\"http:\/\/www.cobayous.com\/site\/qui-sommes-nous\/\"><img loading=\"lazy\" decoding=\"async\" class=\"alignright\" title=\"copyright-pomelo.jpg\" src=\"\/site\/wp-content\/uploads\/dossiers\/copyright-pomelo.jpg\" alt=\"copyright-pomelo.jpg\" width=\"275\" height=\"50\" border=\"0\" \/><\/a> <\/p> \n <p> <script type=\"text\/javascript\">\/\/ <![CDATA[\n                    google_ad_client = \"ca-pub-3631834167777130\"; \/* 728x90, SITE BAS *\/ google_ad_slot = \"8092157966\"; google_ad_width = 728; google_ad_height = 90;\n\/\/ ]]><\/script> <br \/> \n<script type=\"text\/javascript\" src=\"http:\/\/pagead2.googlesyndication.com\/pagead\/show_ads.js\">\/\/ <![CDATA[\n\n\n\/\/ ]]><\/script> <br \/> \n<\/div><div style='clear: both;'><\/div> <\/p> \n","protected":false},"excerpt":{"rendered":"","protected":false},"author":1,"featured_media":0,"parent":1284,"menu_order":7,"comment_status":"closed","ping_status":"open","template":"pg-tpl-no-sidebars.php","meta":{"ngg_post_thumbnail":0,"footnotes":""},"class_list":["post-1106","page","type-page","status-publish","hentry"],"yoast_head":"<!-- This site is optimized with the Yoast SEO plugin v27.1.1 - https:\/\/yoast.com\/product\/yoast-seo-wordpress\/ -->\n<title>Le cobaye et les vacances - Les Cobayes Pom&amp;Lolo<\/title>\n<meta name=\"robots\" content=\"index, follow, max-snippet:-1, max-image-preview:large, max-video-preview:-1\" \/>\n<link rel=\"canonical\" href=\"http:\/\/www.cobayous.com\/site\/les-dossiers\/speciaux-pratiques\/le-cobaye-et-les-vacances\/\" \/>\n<meta property=\"og:locale\" content=\"fr_FR\" \/>\n<meta property=\"og:type\" content=\"article\" \/>\n<meta property=\"og:title\" content=\"Le cobaye et les vacances - Les Cobayes Pom&amp;Lolo\" \/>\n<meta property=\"og:url\" content=\"http:\/\/www.cobayous.com\/site\/les-dossiers\/speciaux-pratiques\/le-cobaye-et-les-vacances\/\" \/>\n<meta property=\"og:site_name\" content=\"Les Cobayes Pom&amp;Lolo\" \/>\n<meta property=\"article:modified_time\" content=\"2012-05-20T19:19:42+00:00\" \/>\n<meta property=\"og:image\" content=\"http:\/\/www.cobayous.Com\/site\/wp-content\/uploads\/img\/memo.png\" \/>\n<meta name=\"twitter:card\" content=\"summary_large_image\" \/>\n<meta name=\"twitter:label1\" content=\"Dur\u00e9e de lecture estim\u00e9e\" \/>\n\t<meta name=\"twitter:data1\" content=\"5 minutes\" \/>\n<script type=\"application\/ld+json\" class=\"yoast-schema-graph\">{\"@context\":\"https:\/\/schema.org\",\"@graph\":[{\"@type\":\"WebPage\",\"@id\":\"http:\/\/www.cobayous.com\/site\/les-dossiers\/speciaux-pratiques\/le-cobaye-et-les-vacances\/\",\"url\":\"http:\/\/www.cobayous.com\/site\/les-dossiers\/speciaux-pratiques\/le-cobaye-et-les-vacances\/\",\"name\":\"Le cobaye et les vacances - Les Cobayes Pom&amp;Lolo\",\"isPartOf\":{\"@id\":\"http:\/\/www.cobayous.com\/site\/#website\"},\"primaryImageOfPage\":{\"@id\":\"http:\/\/www.cobayous.com\/site\/les-dossiers\/speciaux-pratiques\/le-cobaye-et-les-vacances\/#primaryimage\"},\"image\":{\"@id\":\"http:\/\/www.cobayous.com\/site\/les-dossiers\/speciaux-pratiques\/le-cobaye-et-les-vacances\/#primaryimage\"},\"thumbnailUrl\":\"http:\/\/www.cobayous.Com\/site\/wp-content\/uploads\/img\/memo.png\",\"datePublished\":\"2011-01-16T17:28:46+00:00\",\"dateModified\":\"2012-05-20T19:19:42+00:00\",\"breadcrumb\":{\"@id\":\"http:\/\/www.cobayous.com\/site\/les-dossiers\/speciaux-pratiques\/le-cobaye-et-les-vacances\/#breadcrumb\"},\"inLanguage\":\"fr-FR\",\"potentialAction\":[{\"@type\":\"ReadAction\",\"target\":[\"http:\/\/www.cobayous.com\/site\/les-dossiers\/speciaux-pratiques\/le-cobaye-et-les-vacances\/\"]}]},{\"@type\":\"ImageObject\",\"inLanguage\":\"fr-FR\",\"@id\":\"http:\/\/www.cobayous.com\/site\/les-dossiers\/speciaux-pratiques\/le-cobaye-et-les-vacances\/#primaryimage\",\"url\":\"http:\/\/www.cobayous.Com\/site\/wp-content\/uploads\/img\/memo.png\",\"contentUrl\":\"http:\/\/www.cobayous.Com\/site\/wp-content\/uploads\/img\/memo.png\"},{\"@type\":\"BreadcrumbList\",\"@id\":\"http:\/\/www.cobayous.com\/site\/les-dossiers\/speciaux-pratiques\/le-cobaye-et-les-vacances\/#breadcrumb\",\"itemListElement\":[{\"@type\":\"ListItem\",\"position\":1,\"name\":\"Accueil\",\"item\":\"http:\/\/www.cobayous.com\/site\/\"},{\"@type\":\"ListItem\",\"position\":2,\"name\":\"Dossiers\",\"item\":\"http:\/\/www.cobayous.com\/site\/les-dossiers\/\"},{\"@type\":\"ListItem\",\"position\":3,\"name\":\"Dossiers sp\u00e9ciaux \/ Pratiques\",\"item\":\"http:\/\/www.cobayous.com\/site\/les-dossiers\/speciaux-pratiques\/\"},{\"@type\":\"ListItem\",\"position\":4,\"name\":\"Le cobaye et les vacances\"}]},{\"@type\":\"WebSite\",\"@id\":\"http:\/\/www.cobayous.com\/site\/#website\",\"url\":\"http:\/\/www.cobayous.com\/site\/\",\"name\":\"Les Cobayes Pom&Lolo\",\"description\":\"\",\"publisher\":{\"@id\":\"http:\/\/www.cobayous.com\/site\/#organization\"},\"potentialAction\":[{\"@type\":\"SearchAction\",\"target\":{\"@type\":\"EntryPoint\",\"urlTemplate\":\"http:\/\/www.cobayous.com\/site\/?s={search_term_string}\"},\"query-input\":{\"@type\":\"PropertyValueSpecification\",\"valueRequired\":true,\"valueName\":\"search_term_string\"}}],\"inLanguage\":\"fr-FR\"},{\"@type\":\"Organization\",\"@id\":\"http:\/\/www.cobayous.com\/site\/#organization\",\"name\":\"Les Cobayes Pom&Lolo\",\"url\":\"http:\/\/www.cobayous.com\/site\/\",\"logo\":{\"@type\":\"ImageObject\",\"inLanguage\":\"fr-FR\",\"@id\":\"http:\/\/www.cobayous.com\/site\/#\/schema\/logo\/image\/\",\"url\":\"http:\/\/www.cobayous.com\/site\/wp-content\/uploads\/2024\/01\/header-bg.png\",\"contentUrl\":\"http:\/\/www.cobayous.com\/site\/wp-content\/uploads\/2024\/01\/header-bg.png\",\"width\":1022,\"height\":250,\"caption\":\"Les Cobayes Pom&Lolo\"},\"image\":{\"@id\":\"http:\/\/www.cobayous.com\/site\/#\/schema\/logo\/image\/\"}}]}<\/script>\n<!-- \/ Yoast SEO plugin. -->","yoast_head_json":{"title":"Le cobaye et les vacances - Les Cobayes Pom&amp;Lolo","robots":{"index":"index","follow":"follow","max-snippet":"max-snippet:-1","max-image-preview":"max-image-preview:large","max-video-preview":"max-video-preview:-1"},"canonical":"http:\/\/www.cobayous.com\/site\/les-dossiers\/speciaux-pratiques\/le-cobaye-et-les-vacances\/","og_locale":"fr_FR","og_type":"article","og_title":"Le cobaye et les vacances - Les Cobayes Pom&amp;Lolo","og_url":"http:\/\/www.cobayous.com\/site\/les-dossiers\/speciaux-pratiques\/le-cobaye-et-les-vacances\/","og_site_name":"Les Cobayes Pom&amp;Lolo","article_modified_time":"2012-05-20T19:19:42+00:00","og_image":[{"url":"http:\/\/www.cobayous.Com\/site\/wp-content\/uploads\/img\/memo.png","type":"","width":"","height":""}],"twitter_card":"summary_large_image","twitter_misc":{"Dur\u00e9e de lecture estim\u00e9e":"5 minutes"},"schema":{"@context":"https:\/\/schema.org","@graph":[{"@type":"WebPage","@id":"http:\/\/www.cobayous.com\/site\/les-dossiers\/speciaux-pratiques\/le-cobaye-et-les-vacances\/","url":"http:\/\/www.cobayous.com\/site\/les-dossiers\/speciaux-pratiques\/le-cobaye-et-les-vacances\/","name":"Le cobaye et les vacances - Les Cobayes Pom&amp;Lolo","isPartOf":{"@id":"http:\/\/www.cobayous.com\/site\/#website"},"primaryImageOfPage":{"@id":"http:\/\/www.cobayous.com\/site\/les-dossiers\/speciaux-pratiques\/le-cobaye-et-les-vacances\/#primaryimage"},"image":{"@id":"http:\/\/www.cobayous.com\/site\/les-dossiers\/speciaux-pratiques\/le-cobaye-et-les-vacances\/#primaryimage"},"thumbnailUrl":"http:\/\/www.cobayous.Com\/site\/wp-content\/uploads\/img\/memo.png","datePublished":"2011-01-16T17:28:46+00:00","dateModified":"2012-05-20T19:19:42+00:00","breadcrumb":{"@id":"http:\/\/www.cobayous.com\/site\/les-dossiers\/speciaux-pratiques\/le-cobaye-et-les-vacances\/#breadcrumb"},"inLanguage":"fr-FR","potentialAction":[{"@type":"ReadAction","target":["http:\/\/www.cobayous.com\/site\/les-dossiers\/speciaux-pratiques\/le-cobaye-et-les-vacances\/"]}]},{"@type":"ImageObject","inLanguage":"fr-FR","@id":"http:\/\/www.cobayous.com\/site\/les-dossiers\/speciaux-pratiques\/le-cobaye-et-les-vacances\/#primaryimage","url":"http:\/\/www.cobayous.Com\/site\/wp-content\/uploads\/img\/memo.png","contentUrl":"http:\/\/www.cobayous.Com\/site\/wp-content\/uploads\/img\/memo.png"},{"@type":"BreadcrumbList","@id":"http:\/\/www.cobayous.com\/site\/les-dossiers\/speciaux-pratiques\/le-cobaye-et-les-vacances\/#breadcrumb","itemListElement":[{"@type":"ListItem","position":1,"name":"Accueil","item":"http:\/\/www.cobayous.com\/site\/"},{"@type":"ListItem","position":2,"name":"Dossiers","item":"http:\/\/www.cobayous.com\/site\/les-dossiers\/"},{"@type":"ListItem","position":3,"name":"Dossiers sp\u00e9ciaux \/ Pratiques","item":"http:\/\/www.cobayous.com\/site\/les-dossiers\/speciaux-pratiques\/"},{"@type":"ListItem","position":4,"name":"Le cobaye et les vacances"}]},{"@type":"WebSite","@id":"http:\/\/www.cobayous.com\/site\/#website","url":"http:\/\/www.cobayous.com\/site\/","name":"Les Cobayes Pom&Lolo","description":"","publisher":{"@id":"http:\/\/www.cobayous.com\/site\/#organization"},"potentialAction":[{"@type":"SearchAction","target":{"@type":"EntryPoint","urlTemplate":"http:\/\/www.cobayous.com\/site\/?s={search_term_string}"},"query-input":{"@type":"PropertyValueSpecification","valueRequired":true,"valueName":"search_term_string"}}],"inLanguage":"fr-FR"},{"@type":"Organization","@id":"http:\/\/www.cobayous.com\/site\/#organization","name":"Les Cobayes Pom&Lolo","url":"http:\/\/www.cobayous.com\/site\/","logo":{"@type":"ImageObject","inLanguage":"fr-FR","@id":"http:\/\/www.cobayous.com\/site\/#\/schema\/logo\/image\/","url":"http:\/\/www.cobayous.com\/site\/wp-content\/uploads\/2024\/01\/header-bg.png","contentUrl":"http:\/\/www.cobayous.com\/site\/wp-content\/uploads\/2024\/01\/header-bg.png","width":1022,"height":250,"caption":"Les Cobayes Pom&Lolo"},"image":{"@id":"http:\/\/www.cobayous.com\/site\/#\/schema\/logo\/image\/"}}]}},"_links":{"self":[{"href":"http:\/\/www.cobayous.com\/site\/wp-json\/wp\/v2\/pages\/1106","targetHints":{"allow":["GET"]}}],"collection":[{"href":"http:\/\/www.cobayous.com\/site\/wp-json\/wp\/v2\/pages"}],"about":[{"href":"http:\/\/www.cobayous.com\/site\/wp-json\/wp\/v2\/types\/page"}],"author":[{"embeddable":true,"href":"http:\/\/www.cobayous.com\/site\/wp-json\/wp\/v2\/users\/1"}],"replies":[{"embeddable":true,"href":"http:\/\/www.cobayous.com\/site\/wp-json\/wp\/v2\/comments?post=1106"}],"version-history":[{"count":0,"href":"http:\/\/www.cobayous.com\/site\/wp-json\/wp\/v2\/pages\/1106\/revisions"}],"up":[{"embeddable":true,"href":"http:\/\/www.cobayous.com\/site\/wp-json\/wp\/v2\/pages\/1284"}],"wp:attachment":[{"href":"http:\/\/www.cobayous.com\/site\/wp-json\/wp\/v2\/media?parent=1106"}],"curies":[{"name":"wp","href":"https:\/\/api.w.org\/{rel}","templated":true}]}}