{"id":109,"date":"2010-05-11T19:31:00","date_gmt":"2010-05-11T19:31:00","guid":{"rendered":"http:\/\/www.cobayous.com\/site\/?page_id=109"},"modified":"2011-06-14T16:22:58","modified_gmt":"2011-06-14T15:22:58","slug":"les-races","status":"publish","type":"page","link":"http:\/\/www.cobayous.com\/site\/les-dossiers\/avant-achat-cobaye\/les-races\/","title":{"rendered":"Les races de cobayes"},"content":{"rendered":"<div style=\"background: #F5FAFC; border: 1px solid #c0c0c0; color: #404040; padding: 0pt 10px; margin-top: 1em; margin-left: 5%; margin-right: 5%;\">\n<h3 style=\"text-align: center;\"><span style=\"text-decoration: underline; color: #339966;\">Diff\u00e9rentes parties de ce dossier<\/span><\/h3>\n<ol>\n<li><a title=\"Les types de poils\" href=\"http:\/\/www.cobayous.com\/site\/les-dossiers\/avant-achat-cobaye\/les-races\/types-de-poils\/\">Type de poils<\/a><\/li>\n<li><a title=\"Les dessins\" href=\"http:\/\/www.cobayous.com\/site\/les-dossiers\/avant-achat-cobaye\/les-races\/dessins\/\">Les dessins<\/a><\/li>\n<li><a title=\"Les couleurs\" href=\"http:\/\/www.cobayous.com\/site\/les-dossiers\/avant-achat-cobaye\/les-races\/couleurs\/\">Les couleurs<\/a><\/li>\n<li><a title=\"Les agoutis\" href=\"http:\/\/www.cobayous.com\/site\/les-dossiers\/avant-achat-cobaye\/les-races\/agoutis\/\">Les agoutis<\/a><\/li>\n<\/ol>\n<\/div>\n<div>\n<h3>Je tiens avant tout \u00e0 remercier Crolle et Etoilette, deux  \u00e9leveuses          qui m&rsquo;ont largement aid\u00e9 dans la conception de ce dossier. <br \/> \nIl \u00e9tait temps de remettre un bon coup de neuf dans cette page          bien qu&rsquo;elle soit encore en construction (au niveau des photos)  &#8230; <img loading=\"lazy\" decoding=\"async\" src=\"http:\/\/www.cobayous.com\/forum\/images\/smilies\/icon_rolleyes.gif\" alt=\"\" width=\"20\" height=\"20\" \/><\/h3>\n<h3>Les photos avec le copyright \u00ab\u00a0Cobayes de l&rsquo;Oasis\u00a0\u00bb viennent  du        site de Crolle: <br \/> \n&#8211; <a href=\"http:\/\/www.cobayesdeloasis.com\/\" target=\"_blank\">http:\/\/www.cobayesdeloasis.com\/<\/a> <br \/> \nElles lui appartiennent et il est donc interdit de les utiliser  sans son        accord pr\u00e9alable.<\/h3>\n<\/div>\n<div>\n<h3><img loading=\"lazy\" decoding=\"async\" src=\"http:\/\/www.cobayous.com\/forum\/images\/smilies\/merci.gif\" alt=\"\" width=\"59\" height=\"46\" \/> <img loading=\"lazy\" decoding=\"async\" src=\"http:\/\/www.cobayous.com\/forum\/images\/smilies\/zetaime.gif\" alt=\"\" width=\"41\" height=\"42\" \/><\/h3>\n<\/div>\n<div style=\"background: #F5FAFC; border: 1px solid #6396EF; color: #404040; padding: 0 10px 0 10px; margin-top: 3em; text-align: justify; min-height: 150px; max-width: 728px; border-radius: 10px;\">\n<table border=\"0\" width=\"700\">\n<tbody>\n<tr valign=\"top\">\n<td width=\"250\"><span style=\"text-decoration: underline;\"><strong>Lire les autres parties de ce dossier : <br \/> \n<\/strong><\/span>[subpages depth=\u00a0\u00bb1&Prime; childof=\u00a0\u00bb74&Prime; exceptme=\u00a0\u00bbtrue\u00a0\u00bb]<\/td>\n<td style=\"text-align: center;\" width=\"250\"><span style=\"text-decoration: underline;\"><strong>Dossiers connexe :<\/strong><\/span> <\/p> \n<ul>\n<li style=\"text-align: left;\"><span style=\"text-decoration: underline;\"><strong> <\/strong><\/span><a title=\"Animalerie : prendre garde aux conseils !\" href=\"http:\/\/www.cobayous.com\/site\/les-dossiers\/avant-achat-cobaye\/animalerie-prendre-garde-aux-conseils\/\">Animalerie, attention aux conseils donn\u00e9s !<\/a><\/li>\n<li style=\"text-align: left;\"><a title=\"Le cobaye et les vacances\" href=\"http:\/\/www.cobayous.com\/site\/les-dossiers\/speciaux-pratiques\/le-cobaye-et-les-vacances\/\">Le Cobaye et les Vacances<\/a><\/li>\n<li style=\"text-align: left;\"><a title=\"Rongeurs et Enfants\" href=\"http:\/\/www.cobayous.com\/site\/les-dossiers\/avant-achat-cobaye\/rongeurs-et-enfants\/\">Rongeurs et enfants<\/a><\/li>\n<\/ul>\n<\/td>\n<td width=\"200\"><a href=\"http:\/\/www.cobayous.com\/forum\/reproduction-et-races-f12.html\" target=\"_blank\"><img loading=\"lazy\" decoding=\"async\" style=\"float: right;\" title=\"bulle_forum.jpg\" src=\"\/site\/wp-content\/uploads\/img\/bulle_forum.jpg\" border=\"0\" alt=\"bulle_forum.jpg\" width=\"200\" height=\"130\" \/><\/a><\/td>\n<\/tr>\n<\/tbody>\n<\/table>\n<\/div>\n <p> <img loading=\"lazy\" decoding=\"async\" class=\"alignright\" title=\"copyright-pomelo.jpg\" src=\"\/site\/wp-content\/uploads\/dossiers\/copyright-pomelo.jpg\" border=\"0\" alt=\"copyright-pomelo.jpg\" width=\"275\" height=\"50\" \/> <\/p> \n","protected":false},"excerpt":{"rendered":" <p> Diff\u00e9rentes parties de ce dossier Type de poils Les dessins Les couleurs Les agoutis Je tiens avant tout \u00e0 remercier Crolle et Etoilette, deux \u00e9leveuses qui m&rsquo;ont largement aid\u00e9 dans&#8230; <a href=\"http:\/\/www.cobayous.com\/site\/les-dossiers\/avant-achat-cobaye\/les-races\/\">Read more &raquo;<\/a> <\/p> \n","protected":false},"author":1,"featured_media":0,"parent":74,"menu_order":8,"comment_status":"closed","ping_status":"closed","template":"","meta":{"ngg_post_thumbnail":0,"footnotes":""},"class_list":["post-109","page","type-page","status-publish","hentry"],"yoast_head":"<!-- This site is optimized with the Yoast SEO plugin v27.1.1 - https:\/\/yoast.com\/product\/yoast-seo-wordpress\/ -->\n<title>Les races de cobayes - Les Cobayes Pom&amp;Lolo<\/title>\n<meta name=\"robots\" content=\"index, follow, max-snippet:-1, max-image-preview:large, max-video-preview:-1\" \/>\n<link rel=\"canonical\" href=\"http:\/\/www.cobayous.com\/site\/les-dossiers\/avant-achat-cobaye\/les-races\/\" \/>\n<meta property=\"og:locale\" content=\"fr_FR\" \/>\n<meta property=\"og:type\" content=\"article\" \/>\n<meta property=\"og:title\" content=\"Les races de cobayes - Les Cobayes Pom&amp;Lolo\" \/>\n<meta property=\"og:description\" content=\"Diff\u00e9rentes parties de ce dossier Type de poils Les dessins Les couleurs Les agoutis Je tiens avant tout \u00e0 remercier Crolle et Etoilette, deux \u00e9leveuses qui m&rsquo;ont largement aid\u00e9 dans... Read more &raquo;\" \/>\n<meta property=\"og:url\" content=\"http:\/\/www.cobayous.com\/site\/les-dossiers\/avant-achat-cobaye\/les-races\/\" \/>\n<meta property=\"og:site_name\" content=\"Les Cobayes Pom&amp;Lolo\" \/>\n<meta property=\"article:modified_time\" content=\"2011-06-14T15:22:58+00:00\" \/>\n<meta property=\"og:image\" content=\"http:\/\/www.cobayous.com\/forum\/images\/smilies\/icon_rolleyes.gif\" \/>\n<meta name=\"twitter:card\" content=\"summary_large_image\" \/>\n<meta name=\"twitter:label1\" content=\"Dur\u00e9e de lecture estim\u00e9e\" \/>\n\t<meta name=\"twitter:data1\" content=\"1 minute\" \/>\n<script type=\"application\/ld+json\" class=\"yoast-schema-graph\">{\"@context\":\"https:\/\/schema.org\",\"@graph\":[{\"@type\":\"WebPage\",\"@id\":\"http:\/\/www.cobayous.com\/site\/les-dossiers\/avant-achat-cobaye\/les-races\/\",\"url\":\"http:\/\/www.cobayous.com\/site\/les-dossiers\/avant-achat-cobaye\/les-races\/\",\"name\":\"Les races de cobayes - Les Cobayes Pom&amp;Lolo\",\"isPartOf\":{\"@id\":\"http:\/\/www.cobayous.com\/site\/#website\"},\"primaryImageOfPage\":{\"@id\":\"http:\/\/www.cobayous.com\/site\/les-dossiers\/avant-achat-cobaye\/les-races\/#primaryimage\"},\"image\":{\"@id\":\"http:\/\/www.cobayous.com\/site\/les-dossiers\/avant-achat-cobaye\/les-races\/#primaryimage\"},\"thumbnailUrl\":\"http:\/\/www.cobayous.com\/forum\/images\/smilies\/icon_rolleyes.gif\",\"datePublished\":\"2010-05-11T19:31:00+00:00\",\"dateModified\":\"2011-06-14T15:22:58+00:00\",\"breadcrumb\":{\"@id\":\"http:\/\/www.cobayous.com\/site\/les-dossiers\/avant-achat-cobaye\/les-races\/#breadcrumb\"},\"inLanguage\":\"fr-FR\",\"potentialAction\":[{\"@type\":\"ReadAction\",\"target\":[\"http:\/\/www.cobayous.com\/site\/les-dossiers\/avant-achat-cobaye\/les-races\/\"]}]},{\"@type\":\"ImageObject\",\"inLanguage\":\"fr-FR\",\"@id\":\"http:\/\/www.cobayous.com\/site\/les-dossiers\/avant-achat-cobaye\/les-races\/#primaryimage\",\"url\":\"http:\/\/www.cobayous.com\/forum\/images\/smilies\/icon_rolleyes.gif\",\"contentUrl\":\"http:\/\/www.cobayous.com\/forum\/images\/smilies\/icon_rolleyes.gif\"},{\"@type\":\"BreadcrumbList\",\"@id\":\"http:\/\/www.cobayous.com\/site\/les-dossiers\/avant-achat-cobaye\/les-races\/#breadcrumb\",\"itemListElement\":[{\"@type\":\"ListItem\",\"position\":1,\"name\":\"Accueil\",\"item\":\"http:\/\/www.cobayous.com\/site\/\"},{\"@type\":\"ListItem\",\"position\":2,\"name\":\"Dossiers\",\"item\":\"http:\/\/www.cobayous.com\/site\/les-dossiers\/\"},{\"@type\":\"ListItem\",\"position\":3,\"name\":\"Avant l&rsquo;achat\",\"item\":\"http:\/\/www.cobayous.com\/site\/les-dossiers\/avant-achat-cobaye\/\"},{\"@type\":\"ListItem\",\"position\":4,\"name\":\"Les races de cobayes\"}]},{\"@type\":\"WebSite\",\"@id\":\"http:\/\/www.cobayous.com\/site\/#website\",\"url\":\"http:\/\/www.cobayous.com\/site\/\",\"name\":\"Les Cobayes Pom&Lolo\",\"description\":\"\",\"publisher\":{\"@id\":\"http:\/\/www.cobayous.com\/site\/#organization\"},\"potentialAction\":[{\"@type\":\"SearchAction\",\"target\":{\"@type\":\"EntryPoint\",\"urlTemplate\":\"http:\/\/www.cobayous.com\/site\/?s={search_term_string}\"},\"query-input\":{\"@type\":\"PropertyValueSpecification\",\"valueRequired\":true,\"valueName\":\"search_term_string\"}}],\"inLanguage\":\"fr-FR\"},{\"@type\":\"Organization\",\"@id\":\"http:\/\/www.cobayous.com\/site\/#organization\",\"name\":\"Les Cobayes Pom&Lolo\",\"url\":\"http:\/\/www.cobayous.com\/site\/\",\"logo\":{\"@type\":\"ImageObject\",\"inLanguage\":\"fr-FR\",\"@id\":\"http:\/\/www.cobayous.com\/site\/#\/schema\/logo\/image\/\",\"url\":\"http:\/\/www.cobayous.com\/site\/wp-content\/uploads\/2024\/01\/header-bg.png\",\"contentUrl\":\"http:\/\/www.cobayous.com\/site\/wp-content\/uploads\/2024\/01\/header-bg.png\",\"width\":1022,\"height\":250,\"caption\":\"Les Cobayes Pom&Lolo\"},\"image\":{\"@id\":\"http:\/\/www.cobayous.com\/site\/#\/schema\/logo\/image\/\"}}]}<\/script>\n<!-- \/ Yoast SEO plugin. -->","yoast_head_json":{"title":"Les races de cobayes - Les Cobayes Pom&amp;Lolo","robots":{"index":"index","follow":"follow","max-snippet":"max-snippet:-1","max-image-preview":"max-image-preview:large","max-video-preview":"max-video-preview:-1"},"canonical":"http:\/\/www.cobayous.com\/site\/les-dossiers\/avant-achat-cobaye\/les-races\/","og_locale":"fr_FR","og_type":"article","og_title":"Les races de cobayes - Les Cobayes Pom&amp;Lolo","og_description":"Diff\u00e9rentes parties de ce dossier Type de poils Les dessins Les couleurs Les agoutis Je tiens avant tout \u00e0 remercier Crolle et Etoilette, deux \u00e9leveuses qui m&rsquo;ont largement aid\u00e9 dans... Read more &raquo;","og_url":"http:\/\/www.cobayous.com\/site\/les-dossiers\/avant-achat-cobaye\/les-races\/","og_site_name":"Les Cobayes Pom&amp;Lolo","article_modified_time":"2011-06-14T15:22:58+00:00","og_image":[{"url":"http:\/\/www.cobayous.com\/forum\/images\/smilies\/icon_rolleyes.gif","type":"","width":"","height":""}],"twitter_card":"summary_large_image","twitter_misc":{"Dur\u00e9e de lecture estim\u00e9e":"1 minute"},"schema":{"@context":"https:\/\/schema.org","@graph":[{"@type":"WebPage","@id":"http:\/\/www.cobayous.com\/site\/les-dossiers\/avant-achat-cobaye\/les-races\/","url":"http:\/\/www.cobayous.com\/site\/les-dossiers\/avant-achat-cobaye\/les-races\/","name":"Les races de cobayes - Les Cobayes Pom&amp;Lolo","isPartOf":{"@id":"http:\/\/www.cobayous.com\/site\/#website"},"primaryImageOfPage":{"@id":"http:\/\/www.cobayous.com\/site\/les-dossiers\/avant-achat-cobaye\/les-races\/#primaryimage"},"image":{"@id":"http:\/\/www.cobayous.com\/site\/les-dossiers\/avant-achat-cobaye\/les-races\/#primaryimage"},"thumbnailUrl":"http:\/\/www.cobayous.com\/forum\/images\/smilies\/icon_rolleyes.gif","datePublished":"2010-05-11T19:31:00+00:00","dateModified":"2011-06-14T15:22:58+00:00","breadcrumb":{"@id":"http:\/\/www.cobayous.com\/site\/les-dossiers\/avant-achat-cobaye\/les-races\/#breadcrumb"},"inLanguage":"fr-FR","potentialAction":[{"@type":"ReadAction","target":["http:\/\/www.cobayous.com\/site\/les-dossiers\/avant-achat-cobaye\/les-races\/"]}]},{"@type":"ImageObject","inLanguage":"fr-FR","@id":"http:\/\/www.cobayous.com\/site\/les-dossiers\/avant-achat-cobaye\/les-races\/#primaryimage","url":"http:\/\/www.cobayous.com\/forum\/images\/smilies\/icon_rolleyes.gif","contentUrl":"http:\/\/www.cobayous.com\/forum\/images\/smilies\/icon_rolleyes.gif"},{"@type":"BreadcrumbList","@id":"http:\/\/www.cobayous.com\/site\/les-dossiers\/avant-achat-cobaye\/les-races\/#breadcrumb","itemListElement":[{"@type":"ListItem","position":1,"name":"Accueil","item":"http:\/\/www.cobayous.com\/site\/"},{"@type":"ListItem","position":2,"name":"Dossiers","item":"http:\/\/www.cobayous.com\/site\/les-dossiers\/"},{"@type":"ListItem","position":3,"name":"Avant l&rsquo;achat","item":"http:\/\/www.cobayous.com\/site\/les-dossiers\/avant-achat-cobaye\/"},{"@type":"ListItem","position":4,"name":"Les races de cobayes"}]},{"@type":"WebSite","@id":"http:\/\/www.cobayous.com\/site\/#website","url":"http:\/\/www.cobayous.com\/site\/","name":"Les Cobayes Pom&Lolo","description":"","publisher":{"@id":"http:\/\/www.cobayous.com\/site\/#organization"},"potentialAction":[{"@type":"SearchAction","target":{"@type":"EntryPoint","urlTemplate":"http:\/\/www.cobayous.com\/site\/?s={search_term_string}"},"query-input":{"@type":"PropertyValueSpecification","valueRequired":true,"valueName":"search_term_string"}}],"inLanguage":"fr-FR"},{"@type":"Organization","@id":"http:\/\/www.cobayous.com\/site\/#organization","name":"Les Cobayes Pom&Lolo","url":"http:\/\/www.cobayous.com\/site\/","logo":{"@type":"ImageObject","inLanguage":"fr-FR","@id":"http:\/\/www.cobayous.com\/site\/#\/schema\/logo\/image\/","url":"http:\/\/www.cobayous.com\/site\/wp-content\/uploads\/2024\/01\/header-bg.png","contentUrl":"http:\/\/www.cobayous.com\/site\/wp-content\/uploads\/2024\/01\/header-bg.png","width":1022,"height":250,"caption":"Les Cobayes Pom&Lolo"},"image":{"@id":"http:\/\/www.cobayous.com\/site\/#\/schema\/logo\/image\/"}}]}},"_links":{"self":[{"href":"http:\/\/www.cobayous.com\/site\/wp-json\/wp\/v2\/pages\/109","targetHints":{"allow":["GET"]}}],"collection":[{"href":"http:\/\/www.cobayous.com\/site\/wp-json\/wp\/v2\/pages"}],"about":[{"href":"http:\/\/www.cobayous.com\/site\/wp-json\/wp\/v2\/types\/page"}],"author":[{"embeddable":true,"href":"http:\/\/www.cobayous.com\/site\/wp-json\/wp\/v2\/users\/1"}],"replies":[{"embeddable":true,"href":"http:\/\/www.cobayous.com\/site\/wp-json\/wp\/v2\/comments?post=109"}],"version-history":[{"count":0,"href":"http:\/\/www.cobayous.com\/site\/wp-json\/wp\/v2\/pages\/109\/revisions"}],"up":[{"embeddable":true,"href":"http:\/\/www.cobayous.com\/site\/wp-json\/wp\/v2\/pages\/74"}],"wp:attachment":[{"href":"http:\/\/www.cobayous.com\/site\/wp-json\/wp\/v2\/media?parent=109"}],"curies":[{"name":"wp","href":"https:\/\/api.w.org\/{rel}","templated":true}]}}