{"id":1064,"date":"2011-01-16T17:39:13","date_gmt":"2011-01-16T16:39:13","guid":{"rendered":"http:\/\/www.cobayous.com\/site\/"},"modified":"2016-11-21T21:56:11","modified_gmt":"2016-11-21T20:56:11","slug":"apprivoiser-son-cobaye","status":"publish","type":"page","link":"http:\/\/www.cobayous.com\/site\/les-dossiers\/apprivoiser-son-cobaye\/","title":{"rendered":"Apprivoiser son cobaye"},"content":{"rendered":" <p> [ezcol_1third] <\/p> \n<div style=\"background: #FFEFCE; border: 1px solid #BD8D46; color: #404040; padding: 0 10px 0 10px; margin-top: 1em; text-align: justify; border-radius: 10px;\">\n<h3><img loading=\"lazy\" decoding=\"async\" class=\"alignleft\" title=\"memo\" src=\"http:\/\/www.cobayous.Com\/site\/wp-content\/uploads\/img\/memo.png\" alt=\"\" width=\"30\" height=\"30\">EN BREF<\/h3>\n <p> Tous les animaux sont diff\u00e9rents. <\/p> \n <p> Laissez du temps \u00e0 votre animal sans le brusquer. <\/p> \n <p> Soyez doux et profitez de ce temps d&rsquo;adaptation pour l&rsquo;observer un peu. <\/p> \n<\/div>\n<div style=\"background: #EDF7F2; border: 1px solid #7FC6BC; color: #404040; padding: 0 10px 0 10px; margin-top: 1em; text-align: justify; border-radius: 10px;\">\n <p> <img loading=\"lazy\" decoding=\"async\" class=\"alignleft\" title=\"alire\" src=\"http:\/\/www.cobayous.Com\/site\/wp-content\/uploads\/img\/books.png\" alt=\"\" width=\"30\" height=\"30\"> <\/p> \n<h3>A LIRE<\/h3>\n<div id=\"shailan-subpages-1064-1\">\n<ul>\n<li><a title=\"Pr\u00e9parer son arriv\u00e9e\" href=\"http:\/\/www.cobayous.com\/site\/les-dossiers\/preparer-larrivee-du-cobaye\/\" rel=\"\">Pr\u00e9parer son arriv\u00e9e<\/a><\/li>\n<li><a title=\"Cohabitation chez le cobaye\" href=\"http:\/\/www.cobayous.com\/site\/les-dossiers\/cohabitation-cobaye\/\" rel=\"\">Cohabitation<\/a><\/li>\n<li><a title=\"Alimentation\" href=\"http:\/\/www.cobayous.com\/site\/les-dossiers\/alimentation-du-cobaye\/\" rel=\"\">Alimentation<\/a><\/li>\n<li><a title=\"Comportement\" href=\"http:\/\/www.cobayous.com\/site\/les-dossiers\/comportement-du-cobaye\/\" rel=\"\">Comportement<\/a><\/li>\n<li><a title=\"Les Soins\" href=\"http:\/\/www.cobayous.com\/site\/les-dossiers\/les-soins\/\" rel=\"\">Les Soins<\/a><\/li>\n<li><a title=\"Les dangers\" href=\"http:\/\/www.cobayous.com\/site\/les-dossiers\/les-dangers\/\" rel=\"\">Les dangers<\/a><\/li>\n<li><a title=\"Jeux et sorties chez le cobaye\" href=\"http:\/\/www.cobayous.com\/site\/les-dossiers\/jeux-sorties-cobaye\/\" rel=\"\">Jeux et sorties<\/a><\/li>\n<li><a title=\"Id\u00e9es de noms pour votre cobaye\" href=\"http:\/\/www.cobayous.com\/site\/les-dossiers\/idees-noms-cobaye\/\" rel=\"\">Id\u00e9es de noms<\/a><\/li>\n<\/ul>\n<\/div>\n<\/div>\n<div style=\"background: #ffffff; border: 1px solid #EACFB8; color: #404040; padding: 0 10px 0 10px; margin-top: 1em; text-align: justify; border-radius: 10px;\"><script async=\"\" src=\"\/\/pagead2.googlesyndication.com\/pagead\/js\/adsbygoogle.js\"><\/script> <br \/> \n <!-- cob-dossier-gauche -->  <br \/> \n<ins class=\"adsbygoogle\" style=\"display: block;\" data-ad-client=\"ca-pub-3631834167777130\" data-ad-slot=\"6832657395\" data-ad-format=\"auto\"><\/ins> <br \/> \n<script>\n(adsbygoogle = window.adsbygoogle || []).push({});\n<\/script> <br \/> \n<img loading=\"lazy\" decoding=\"async\" class=\"alignleft\" src=\"http:\/\/www.cobayous.Com\/site\/wp-content\/uploads\/img\/question.png\" alt=\"\" width=\"30\" height=\"30\"> <\/p> \n<h4>DES QUESTIONS ?<\/h4>\n <p> Tu as des questions \u00e0 poser sur les cobayes? Tu souhaites discuter avec nous? <\/p> \n <p> <img loading=\"lazy\" decoding=\"async\" class=\"alignleft\" title=\"talk\" src=\"http:\/\/www.cobayous.com\/site\/wp-content\/uploads\/img\/icon-talk.png\" alt=\"\" width=\"44\" height=\"30\"> <a href=\"http:\/\/www.cobayous.Com\/forum\">Rejoins-nous !<\/a> <\/p> \n<\/div>\n <p> [\/ezcol_1third] [ezcol_2third_end] <\/p> \n <p> Cela fait d\u00e9j\u00e0 tr\u00e8s longtemps que le Cochon d\u2019Inde est un animal domestique. <br \/> \nCependant, les plus petits auront toujours leur <strong>instinct <\/strong>et auront tendance \u00e0 \u00eatre <strong>craintif<\/strong>. <br \/> \nDe plus, on ne connait souvent rien du pass\u00e9 d&rsquo;un animal achet\u00e9 en animalerie et donc, on ne sait pas ce qu&rsquo;il a v\u00e9cu&#8230; <br \/> \n<strong>Laissez lui donc le temps de s\u2019adapter et ne le brusquez pas<\/strong>, vous risquez d&#8217;empirer les choses et il se braquerait. <\/p> \n <p> Lorsque vous l\u2019apporterez chez vous apr\u00e8s l\u2019achat, il aura certainement \u00e9t\u00e9 plac\u00e9 dans une bo\u00eete en carton. <br \/> \nPlacez la bo\u00eete dans la demeure de l\u2019animal et laissez le sortir tout seul. <br \/> \nUne fois qu\u2019il ne retourne plus dans cette bo\u00eete, vous pouvez l\u2019enlever <strong>en \u00e9vitant les mouvements trop brusques.<\/strong> <br \/> \nAllez le voir de temps en temps et <strong>parlez lui doucement<\/strong> pour qu\u2019il s\u2019habitue \u00e0 votre voix. <br \/> \nPlacez un peu de nourriture fra\u00eeche dans sa cage, pr\u00e8s de sa petite maison si il en a une. <\/p> \n <p> Cependant, attention avec la petite maison : ne la lui mettez que la nuit. <br \/> \nEn effet, la journ\u00e9e, par peur, il risque de se cacher tout le temps et cela risque de le rendre encore plus craintif. <\/p> \n <p> <img loading=\"lazy\" decoding=\"async\" class=\"alignleft\" title=\"lolo fraise\" src=\"http:\/\/www.cobayous.com\/site\/wp-content\/uploads\/dossiers\/lolo_fraise.jpg\" alt=\"\" width=\"300\" height=\"265\"><strong>Quand il ne se cache plus lorsque vous l\u2019approchez, essayez de lui donner un peu de nourriture fra\u00eeche dans votre main.<\/strong> <br \/> \nIl faudra \u00eatre patient, il ne viendra peut-\u00eatre pas tout de suite mais quel bonheur la premi\u00e8re fois qu\u2019il viendra manger dans le creux de votre main!! Vous serez sur la bonne voie mais attention quand m\u00eame, pas de gestes brusques! <br \/> \n\u00c9vitez aussi de l&rsquo;approcher par derri\u00e8re : approchez de face en manifestant votre pr\u00e9sence par le son de votre voix <span class=\"wp-font-emots-emo-wink\"><\/span> <\/p> \n <p> Vous pouvez alors essayer de le caresser doucement sur la t\u00eate. Si il aime \u00e7a, il fermera peut-\u00eatre les yeux, roucoulera &#8230; il peut m\u00eame se laisser aller \u00e0 vous l\u00e9cher les doigts! <\/p> \n <p> Mes cobayes (des Rosettes), aimaient sp\u00e9cialement \u00eatre caress\u00e9 sur la rosette de la t\u00eate et sous le menton <span class=\"wp-font-emots-heart\"><\/span> <\/p> \n<p style=\"text-align: left;\">Une fois que votre animal est vraiment en confiance, vous pouvez essayer de le prendre dans vos mains. <br \/> \nUne fois encore, ne le brusquez pas. <br \/> \nSi il essaie de se sauver quand vous essayez de l\u2019attraper, laissez tomber et r\u00e9essayez plus tard. <br \/> \nLaissez lui le temps de s\u2019habituer \u00e0 vous. Un petit truc tout b\u00eate : mettez la main dans la cage et caressez-le. De cette mani\u00e8re, il s\u2019habituera plus vite \u00e0 votre odeur. Si il s&rsquo;enfuit d\u00e8s que vous mettez votre main, n&rsquo;insistez pas et ne tentez pas de l&rsquo;attraper. Vous risqueriez de briser sa confiance. <\/p> \n <p> Fa\u00eetes preuve de patience\u2026 c&rsquo;est vraiment la r\u00e8gle d&rsquo;or pour l&rsquo;apprivoisement. <\/p> \n <p> <strong>Cas possible : votre cobaye vous mords&#8230;<\/strong> <br \/> \nIl y a plusieurs raisons qui peuvent pousser un cobaye \u00e0 vous mordre et, en particulier, <strong>la peur.<\/strong> <br \/> \nN&rsquo;oubliez pas que<strong> les dents sont le seul outils de d\u00e9fense du cobaye.<\/strong> <br \/> \n\u00c9vitez de l&#8217;emb\u00eater pendant qu&rsquo;il dort ou mange : ne le prenez pas&nbsp; par surprise. <br \/> \nS&rsquo;il pousse des couinements aig\u00fce lorsque vous le caressez, c&rsquo;est qu&rsquo;il n&rsquo;appr\u00e9cie pas (ils roucoulent quand ils aiment) et, il peut aller jusqu&rsquo;\u00e0 vous mordre si vous ne cessez pas. <\/p> \n <p> M\u00eame si c&rsquo;est pas toujours amusant pour le ma\u00eetre, il faut parfois savoir dire stop et respecter un animal qui veut qu&rsquo;on le laisse tranquille. <\/p> \n<div style=\"background: #FFEFCE; border: 1px solid #BD8D46; color: #404040; padding: 0 10px 0 10px; margin-top: 1em; text-align: justify; border-radius: 10px;\">\n <p> Nous sommes \u00e0 la recherche de <strong>t\u00e9moignages sur l&rsquo;apprivoisement<\/strong> ! <\/p> \n <p> Comment cela s&rsquo;est pass\u00e9 avec votre cobaye? Combien de temps cela a-t-il pris? Quel \u00e2ge avait-il lorsqu&rsquo;il est arriv\u00e9 ? <\/p> \n <p> Fa\u00eetes-nous partager votre exp\u00e9rience, les plus beaux t\u00e9moignages figureront sur cette page <span class=\"wp-font-emots-emo-wink\"><\/span> <\/p> \n <p> <span style=\"color: #339966;\"><em>* Choisissez \u00ab\u00a0T\u00e9moignage apprivoisement\u00a0\u00bb dans le menu d\u00e9roulant ci-dessous<\/em><\/span> <br \/> \n[expand title=\u00a0\u00bbClic ici pour le formulaire\u00a0\u00bb tag=\u00a0\u00bbh4&Prime;] <br \/> \n\n<div class=\"wpcf7 no-js\" id=\"wpcf7-f3012-o1\" lang=\"\" dir=\"ltr\" data-wpcf7-id=\"3012\">\n<div class=\"screen-reader-response\"><p role=\"status\" aria-live=\"polite\" aria-atomic=\"true\"> <\/p>  <ul><\/ul><\/div>\n<form action=\"\/site\/wp-json\/wp\/v2\/pages\/1064#wpcf7-f3012-o1\" method=\"post\" class=\"wpcf7-form init\" aria-label=\"Formulaire de contact\" enctype=\"multipart\/form-data\" novalidate=\"novalidate\" data-status=\"init\">\n<fieldset class=\"hidden-fields-container\"><input type=\"hidden\" name=\"_wpcf7\" value=\"3012\" \/><input type=\"hidden\" name=\"_wpcf7_version\" value=\"6.1.5\" \/><input type=\"hidden\" name=\"_wpcf7_locale\" value=\"\" \/><input type=\"hidden\" name=\"_wpcf7_unit_tag\" value=\"wpcf7-f3012-o1\" \/><input type=\"hidden\" name=\"_wpcf7_container_post\" value=\"0\" \/><input type=\"hidden\" name=\"_wpcf7_posted_data_hash\" value=\"\" \/>\n<\/fieldset>\n <p> <b>Ton pseudo (obligatoire)<\/b>\n <\/p> \n <p> <span class=\"wpcf7-form-control-wrap\" data-name=\"your-name\"><input size=\"40\" maxlength=\"400\" class=\"wpcf7-form-control wpcf7-text wpcf7-validates-as-required\" aria-required=\"true\" aria-invalid=\"false\" value=\"\" type=\"text\" name=\"your-name\" \/><\/span>\n <\/p> \n <p> <b>Ton Email (obligatoire)<\/b>\n <\/p> \n <p> <span class=\"wpcf7-form-control-wrap\" data-name=\"your-email\"><input size=\"40\" maxlength=\"400\" class=\"wpcf7-form-control wpcf7-email wpcf7-validates-as-required wpcf7-text wpcf7-validates-as-email\" aria-required=\"true\" aria-invalid=\"false\" value=\"\" type=\"email\" name=\"your-email\" \/><\/span>\n <\/p> \n <p> <b>Sujet<\/b>\n <\/p> \n <p> <span class=\"wpcf7-form-control-wrap\" data-name=\"menu-400\"><select class=\"wpcf7-form-control wpcf7-select wpcf7-validates-as-required\" id=\"sujet\" aria-required=\"true\" aria-invalid=\"false\" name=\"menu-400\"><option value=\"T\u00e9moignage C\u00e2lins\">T\u00e9moignage C\u00e2lins<\/option><option value=\"T\u00e9moignage Apprivoisement\">T\u00e9moignage Apprivoisement<\/option><\/select><\/span>\n <\/p> \n <p> <b><span color=\"ff0000\">Ton Message <b><\/b><\/span> <br \/> \n<span class=\"wpcf7-form-control-wrap\" data-name=\"your-message\"><textarea cols=\"40\" rows=\"10\" maxlength=\"2000\" class=\"wpcf7-form-control wpcf7-textarea\" aria-invalid=\"false\" name=\"your-message\"><\/textarea><\/span> <\/b>\n <\/p> \n <p> Photo de ton t\u00e9moignage (facultatif)\n <\/p> \n <p> <span class=\"wpcf7-form-control-wrap\" data-name=\"photo1\"><input size=\"40\" class=\"wpcf7-form-control wpcf7-file\" accept=\".jpg,.jpeg,.png\" aria-invalid=\"false\" type=\"file\" name=\"photo1\" \/><\/span>\n <\/p> \n <p> <strong>Warning:<\/strong> The <a href=\"https:\/\/wordpress.org\/plugins\/really-simple-captcha\/\">Really Simple CAPTCHA<\/a> plugin is not active. <br \/> \n<label>Entrer le code: <span class=\"wpcf7-form-control-wrap\" data-name=\"captcha-118\"><input size=\"4\" maxlength=\"4\" class=\"wpcf7-form-control wpcf7-captchar\" autocomplete=\"off\" aria-invalid=\"false\" value=\"\" type=\"text\" name=\"captcha-118\" \/><\/span><\/label>\n <\/p> \n <p> <input class=\"wpcf7-form-control wpcf7-submit has-spinner\" type=\"submit\" value=\"Envoyer\" \/>\n <\/p> <p style=\"display: none !important;\" class=\"akismet-fields-container\" data-prefix=\"_wpcf7_ak_\"><label>&#916;<textarea name=\"_wpcf7_ak_hp_textarea\" cols=\"45\" rows=\"8\" maxlength=\"100\"><\/textarea><\/label><input type=\"hidden\" id=\"ak_js_1\" name=\"_wpcf7_ak_js\" value=\"142\"\/><script type=\"text\/javascript\">\n\/* <![CDATA[ *\/\ndocument.getElementById( \"ak_js_1\" ).setAttribute( \"value\", ( new Date() ).getTime() );\n\/* ]]> *\/\n<\/script>\n <\/p> <div class=\"wpcf7-response-output\" aria-hidden=\"true\"><\/div>\n<\/form>\n<\/div>\n[\/expand] <\/p> \n<\/div>\n <p> &nbsp; <\/p> \n <p> <a href=\"http:\/\/www.cobayous.com\/site\/qui-sommes-nous\/\"><img loading=\"lazy\" decoding=\"async\" class=\"alignright\" title=\"copyright-pomelo.jpg\" src=\"\/site\/wp-content\/uploads\/dossiers\/copyright-pomelo.jpg\" alt=\"copyright-pomelo.jpg\" width=\"275\" height=\"50\" border=\"0\"><\/a> <br \/> \n[\/ezcol_2third_end] <\/p> \n","protected":false},"excerpt":{"rendered":" <p> [ezcol_1third] EN BREF Tous les animaux sont diff\u00e9rents. Laissez du temps \u00e0 votre animal sans le brusquer. Soyez doux et profitez de ce temps d&rsquo;adaptation pour l&rsquo;observer un peu. A&#8230; <a href=\"http:\/\/www.cobayous.com\/site\/les-dossiers\/apprivoiser-son-cobaye\/\">Read more &raquo;<\/a> <\/p> \n","protected":false},"author":1,"featured_media":0,"parent":3,"menu_order":4,"comment_status":"closed","ping_status":"open","template":"","meta":{"ngg_post_thumbnail":0,"footnotes":""},"class_list":["post-1064","page","type-page","status-publish","hentry"],"yoast_head":"<!-- This site is optimized with the Yoast SEO plugin v27.1.1 - https:\/\/yoast.com\/product\/yoast-seo-wordpress\/ -->\n<title>Apprivoiser son cobaye - Les Cobayes Pom&amp;Lolo<\/title>\n<meta name=\"robots\" content=\"index, follow, max-snippet:-1, max-image-preview:large, max-video-preview:-1\" \/>\n<link rel=\"canonical\" href=\"http:\/\/www.cobayous.com\/site\/les-dossiers\/apprivoiser-son-cobaye\/\" \/>\n<meta property=\"og:locale\" content=\"fr_FR\" \/>\n<meta property=\"og:type\" content=\"article\" \/>\n<meta property=\"og:title\" content=\"Apprivoiser son cobaye - Les Cobayes Pom&amp;Lolo\" \/>\n<meta property=\"og:description\" content=\"[ezcol_1third] EN BREF Tous les animaux sont diff\u00e9rents. Laissez du temps \u00e0 votre animal sans le brusquer. Soyez doux et profitez de ce temps d&rsquo;adaptation pour l&rsquo;observer un peu. A... Read more &raquo;\" \/>\n<meta property=\"og:url\" content=\"http:\/\/www.cobayous.com\/site\/les-dossiers\/apprivoiser-son-cobaye\/\" \/>\n<meta property=\"og:site_name\" content=\"Les Cobayes Pom&amp;Lolo\" \/>\n<meta property=\"article:modified_time\" content=\"2016-11-21T20:56:11+00:00\" \/>\n<meta property=\"og:image\" content=\"http:\/\/www.cobayous.Com\/site\/wp-content\/uploads\/img\/memo.png\" \/>\n<meta name=\"twitter:card\" content=\"summary_large_image\" \/>\n<meta name=\"twitter:label1\" content=\"Dur\u00e9e de lecture estim\u00e9e\" \/>\n\t<meta name=\"twitter:data1\" content=\"4 minutes\" \/>\n<script type=\"application\/ld+json\" class=\"yoast-schema-graph\">{\"@context\":\"https:\/\/schema.org\",\"@graph\":[{\"@type\":\"WebPage\",\"@id\":\"http:\/\/www.cobayous.com\/site\/les-dossiers\/apprivoiser-son-cobaye\/\",\"url\":\"http:\/\/www.cobayous.com\/site\/les-dossiers\/apprivoiser-son-cobaye\/\",\"name\":\"Apprivoiser son cobaye - Les Cobayes Pom&amp;Lolo\",\"isPartOf\":{\"@id\":\"http:\/\/www.cobayous.com\/site\/#website\"},\"primaryImageOfPage\":{\"@id\":\"http:\/\/www.cobayous.com\/site\/les-dossiers\/apprivoiser-son-cobaye\/#primaryimage\"},\"image\":{\"@id\":\"http:\/\/www.cobayous.com\/site\/les-dossiers\/apprivoiser-son-cobaye\/#primaryimage\"},\"thumbnailUrl\":\"http:\/\/www.cobayous.Com\/site\/wp-content\/uploads\/img\/memo.png\",\"datePublished\":\"2011-01-16T16:39:13+00:00\",\"dateModified\":\"2016-11-21T20:56:11+00:00\",\"breadcrumb\":{\"@id\":\"http:\/\/www.cobayous.com\/site\/les-dossiers\/apprivoiser-son-cobaye\/#breadcrumb\"},\"inLanguage\":\"fr-FR\",\"potentialAction\":[{\"@type\":\"ReadAction\",\"target\":[\"http:\/\/www.cobayous.com\/site\/les-dossiers\/apprivoiser-son-cobaye\/\"]}]},{\"@type\":\"ImageObject\",\"inLanguage\":\"fr-FR\",\"@id\":\"http:\/\/www.cobayous.com\/site\/les-dossiers\/apprivoiser-son-cobaye\/#primaryimage\",\"url\":\"http:\/\/www.cobayous.Com\/site\/wp-content\/uploads\/img\/memo.png\",\"contentUrl\":\"http:\/\/www.cobayous.Com\/site\/wp-content\/uploads\/img\/memo.png\"},{\"@type\":\"BreadcrumbList\",\"@id\":\"http:\/\/www.cobayous.com\/site\/les-dossiers\/apprivoiser-son-cobaye\/#breadcrumb\",\"itemListElement\":[{\"@type\":\"ListItem\",\"position\":1,\"name\":\"Accueil\",\"item\":\"http:\/\/www.cobayous.com\/site\/\"},{\"@type\":\"ListItem\",\"position\":2,\"name\":\"Dossiers\",\"item\":\"http:\/\/www.cobayous.com\/site\/les-dossiers\/\"},{\"@type\":\"ListItem\",\"position\":3,\"name\":\"Apprivoiser son cobaye\"}]},{\"@type\":\"WebSite\",\"@id\":\"http:\/\/www.cobayous.com\/site\/#website\",\"url\":\"http:\/\/www.cobayous.com\/site\/\",\"name\":\"Les Cobayes Pom&Lolo\",\"description\":\"\",\"publisher\":{\"@id\":\"http:\/\/www.cobayous.com\/site\/#organization\"},\"potentialAction\":[{\"@type\":\"SearchAction\",\"target\":{\"@type\":\"EntryPoint\",\"urlTemplate\":\"http:\/\/www.cobayous.com\/site\/?s={search_term_string}\"},\"query-input\":{\"@type\":\"PropertyValueSpecification\",\"valueRequired\":true,\"valueName\":\"search_term_string\"}}],\"inLanguage\":\"fr-FR\"},{\"@type\":\"Organization\",\"@id\":\"http:\/\/www.cobayous.com\/site\/#organization\",\"name\":\"Les Cobayes Pom&Lolo\",\"url\":\"http:\/\/www.cobayous.com\/site\/\",\"logo\":{\"@type\":\"ImageObject\",\"inLanguage\":\"fr-FR\",\"@id\":\"http:\/\/www.cobayous.com\/site\/#\/schema\/logo\/image\/\",\"url\":\"http:\/\/www.cobayous.com\/site\/wp-content\/uploads\/2024\/01\/header-bg.png\",\"contentUrl\":\"http:\/\/www.cobayous.com\/site\/wp-content\/uploads\/2024\/01\/header-bg.png\",\"width\":1022,\"height\":250,\"caption\":\"Les Cobayes Pom&Lolo\"},\"image\":{\"@id\":\"http:\/\/www.cobayous.com\/site\/#\/schema\/logo\/image\/\"}}]}<\/script>\n<!-- \/ Yoast SEO plugin. -->","yoast_head_json":{"title":"Apprivoiser son cobaye - Les Cobayes Pom&amp;Lolo","robots":{"index":"index","follow":"follow","max-snippet":"max-snippet:-1","max-image-preview":"max-image-preview:large","max-video-preview":"max-video-preview:-1"},"canonical":"http:\/\/www.cobayous.com\/site\/les-dossiers\/apprivoiser-son-cobaye\/","og_locale":"fr_FR","og_type":"article","og_title":"Apprivoiser son cobaye - Les Cobayes Pom&amp;Lolo","og_description":"[ezcol_1third] EN BREF Tous les animaux sont diff\u00e9rents. Laissez du temps \u00e0 votre animal sans le brusquer. Soyez doux et profitez de ce temps d&rsquo;adaptation pour l&rsquo;observer un peu. A... Read more &raquo;","og_url":"http:\/\/www.cobayous.com\/site\/les-dossiers\/apprivoiser-son-cobaye\/","og_site_name":"Les Cobayes Pom&amp;Lolo","article_modified_time":"2016-11-21T20:56:11+00:00","og_image":[{"url":"http:\/\/www.cobayous.Com\/site\/wp-content\/uploads\/img\/memo.png","type":"","width":"","height":""}],"twitter_card":"summary_large_image","twitter_misc":{"Dur\u00e9e de lecture estim\u00e9e":"4 minutes"},"schema":{"@context":"https:\/\/schema.org","@graph":[{"@type":"WebPage","@id":"http:\/\/www.cobayous.com\/site\/les-dossiers\/apprivoiser-son-cobaye\/","url":"http:\/\/www.cobayous.com\/site\/les-dossiers\/apprivoiser-son-cobaye\/","name":"Apprivoiser son cobaye - Les Cobayes Pom&amp;Lolo","isPartOf":{"@id":"http:\/\/www.cobayous.com\/site\/#website"},"primaryImageOfPage":{"@id":"http:\/\/www.cobayous.com\/site\/les-dossiers\/apprivoiser-son-cobaye\/#primaryimage"},"image":{"@id":"http:\/\/www.cobayous.com\/site\/les-dossiers\/apprivoiser-son-cobaye\/#primaryimage"},"thumbnailUrl":"http:\/\/www.cobayous.Com\/site\/wp-content\/uploads\/img\/memo.png","datePublished":"2011-01-16T16:39:13+00:00","dateModified":"2016-11-21T20:56:11+00:00","breadcrumb":{"@id":"http:\/\/www.cobayous.com\/site\/les-dossiers\/apprivoiser-son-cobaye\/#breadcrumb"},"inLanguage":"fr-FR","potentialAction":[{"@type":"ReadAction","target":["http:\/\/www.cobayous.com\/site\/les-dossiers\/apprivoiser-son-cobaye\/"]}]},{"@type":"ImageObject","inLanguage":"fr-FR","@id":"http:\/\/www.cobayous.com\/site\/les-dossiers\/apprivoiser-son-cobaye\/#primaryimage","url":"http:\/\/www.cobayous.Com\/site\/wp-content\/uploads\/img\/memo.png","contentUrl":"http:\/\/www.cobayous.Com\/site\/wp-content\/uploads\/img\/memo.png"},{"@type":"BreadcrumbList","@id":"http:\/\/www.cobayous.com\/site\/les-dossiers\/apprivoiser-son-cobaye\/#breadcrumb","itemListElement":[{"@type":"ListItem","position":1,"name":"Accueil","item":"http:\/\/www.cobayous.com\/site\/"},{"@type":"ListItem","position":2,"name":"Dossiers","item":"http:\/\/www.cobayous.com\/site\/les-dossiers\/"},{"@type":"ListItem","position":3,"name":"Apprivoiser son cobaye"}]},{"@type":"WebSite","@id":"http:\/\/www.cobayous.com\/site\/#website","url":"http:\/\/www.cobayous.com\/site\/","name":"Les Cobayes Pom&Lolo","description":"","publisher":{"@id":"http:\/\/www.cobayous.com\/site\/#organization"},"potentialAction":[{"@type":"SearchAction","target":{"@type":"EntryPoint","urlTemplate":"http:\/\/www.cobayous.com\/site\/?s={search_term_string}"},"query-input":{"@type":"PropertyValueSpecification","valueRequired":true,"valueName":"search_term_string"}}],"inLanguage":"fr-FR"},{"@type":"Organization","@id":"http:\/\/www.cobayous.com\/site\/#organization","name":"Les Cobayes Pom&Lolo","url":"http:\/\/www.cobayous.com\/site\/","logo":{"@type":"ImageObject","inLanguage":"fr-FR","@id":"http:\/\/www.cobayous.com\/site\/#\/schema\/logo\/image\/","url":"http:\/\/www.cobayous.com\/site\/wp-content\/uploads\/2024\/01\/header-bg.png","contentUrl":"http:\/\/www.cobayous.com\/site\/wp-content\/uploads\/2024\/01\/header-bg.png","width":1022,"height":250,"caption":"Les Cobayes Pom&Lolo"},"image":{"@id":"http:\/\/www.cobayous.com\/site\/#\/schema\/logo\/image\/"}}]}},"_links":{"self":[{"href":"http:\/\/www.cobayous.com\/site\/wp-json\/wp\/v2\/pages\/1064","targetHints":{"allow":["GET"]}}],"collection":[{"href":"http:\/\/www.cobayous.com\/site\/wp-json\/wp\/v2\/pages"}],"about":[{"href":"http:\/\/www.cobayous.com\/site\/wp-json\/wp\/v2\/types\/page"}],"author":[{"embeddable":true,"href":"http:\/\/www.cobayous.com\/site\/wp-json\/wp\/v2\/users\/1"}],"replies":[{"embeddable":true,"href":"http:\/\/www.cobayous.com\/site\/wp-json\/wp\/v2\/comments?post=1064"}],"version-history":[{"count":2,"href":"http:\/\/www.cobayous.com\/site\/wp-json\/wp\/v2\/pages\/1064\/revisions"}],"predecessor-version":[{"id":3702,"href":"http:\/\/www.cobayous.com\/site\/wp-json\/wp\/v2\/pages\/1064\/revisions\/3702"}],"up":[{"embeddable":true,"href":"http:\/\/www.cobayous.com\/site\/wp-json\/wp\/v2\/pages\/3"}],"wp:attachment":[{"href":"http:\/\/www.cobayous.com\/site\/wp-json\/wp\/v2\/media?parent=1064"}],"curies":[{"name":"wp","href":"https:\/\/api.w.org\/{rel}","templated":true}]}}